{"id":61082,"date":"2025-12-23T09:40:56","date_gmt":"2025-12-23T09:40:56","guid":{"rendered":"https:\/\/vapexyz.com\/?post_type=product&#038;p=61082"},"modified":"2026-03-04T13:44:01","modified_gmt":"2026-03-04T13:44:01","slug":"vopk-btc-35k-35000-puffs-dual-mesh-coil-havitettava-vape-tukkumyynti-saadettava-ilmavirtauksen-saato","status":"publish","type":"product","link":"https:\/\/vapexyz.com\/fi\/product\/vopk-btc-35k-35000-puffs-dual-mesh-coil-disposable-vape-wholesale-adjustable-airflow-control\/","title":{"rendered":"VOPK BTC 35K 35000 Puffs Dual Mesh Coil -dispositiivinen h\u00f6yrystin tukkumyynti s\u00e4\u00e4dett\u00e4v\u00e4 ilmavirtauksen s\u00e4\u00e4t\u00f6"},"content":{"rendered":"<article style=\"font-family: 'Segoe UI', Roboto, Helvetica, Arial, sans-serif; line-height: 1.6; color: #333; max-width: 100%; margin: auto; padding: 20px; background-color: #f9f9f9; border-radius: 10px; border: 1px solid #e0e0e0;\">\n<h2 style=\"color: #2c3e50; text-align: center; font-size: 2.2em; margin-bottom: 25px; border-bottom: 2px solid #3498db; padding-bottom: 15px;\"><a href=\"https:\/\/vapexyz.com\/fi\/tuotekategoria\/vopk\/\">VOPK<\/a> BTC 35K: Huippuluokan suurikapasiteettisen kertak\u00e4ytt\u00f6isen h\u00f6yrystintekniikan huippu<\/h2>\n<p style=\"font-size: 1.1em; text-align: justify; margin-bottom: 20px;\">Nopeaasti kehittyv\u00e4ss\u00e4 h\u00f6yrystinlaitteiston maisemassa VOPK BTC 35K nousee markkinajohtajaksi, erityisesti suunniteltu vastaamaan nykyaikaisten kuluttajien vaativiin tarpeisiin. Saatavana VapeXYZ:n kautta, Euroopan johtavan tukkukauppiaan kautta, t\u00e4m\u00e4 laite edustaa merkitt\u00e4v\u00e4\u00e4 harppausta eteenp\u00e4in kertak\u00e4ytt\u00f6isten h\u00f6yrystimien suunnittelussa. Toisin kuin perinteiset mallit, jotka tarjoavat rajallisen kest\u00e4vyyden, VOPK BTC 35K on suunniteltu tarjoamaan ennenn\u00e4kem\u00e4tt\u00f6m\u00e4t 35 000 imua, asettaen uuden vertailukohdan kest\u00e4vyyden ja luotettavuuden suhteen alalla.<\/p>\n<p style=\"font-size: 1.1em; text-align: justify; margin-bottom: 30px;\">V\u00e4hitt\u00e4ismyyjille ja irtotavarakauppiaille VOPK BTC 35K:n varastointi merkitsee sitoutumista laatuun ja innovaatioon. T\u00e4m\u00e4 laite ei ole pelk\u00e4st\u00e4\u00e4n kulutustavara; se on hienostunut laitteisto, jossa on suuri, integroitu korkearesoluutioinen n\u00e4ytt\u00f6, kaksoisharjapuhallintekniikka ja vankka ilmavirran s\u00e4\u00e4t\u00f6. Yhdist\u00e4m\u00e4ll\u00e4 esteettisen vetovoiman teollisuustason suorituskykyyn, VOPK on luonut k\u00e4ytt\u00f6kelvottoman s\u00e4hk\u00f6sigarakan, joka vetoaa sek\u00e4 uusisiin k\u00e4ytt\u00e4jiin ett\u00e4 kokeneisiin harrastajiin, jotka etsiv\u00e4t johdonmukaisuutta. VapeXYZ:ss\u00e4 varmistamme, ett\u00e4 varastoasi t\u00e4ydennet\u00e4\u00e4n n\u00e4ill\u00e4 korkean suorituskyvyn yksik\u00f6ill\u00e4, joita tukee laaja logistiikkaverkosto ja sitoutuminen tukkumyyntiin.<\/p>\n<div style=\"background-color: #fff; padding: 30px; border-radius: 15px; margin-bottom: 40px;\">\n<h3 style=\"color: #2980b9; font-size: 1.8em; margin-top: 0; margin-bottom: 20px;\">Insin\u00f6\u00f6ritaito: Kaksinkertainen Mesh Coil -j\u00e4rjestelm\u00e4<\/h3>\n<p style=\"margin-bottom: 15px;\">VOPK BTC 35K:n ytimess\u00e4 on sen edistynyt l\u00e4mmityselementti: 0,8\u03a9 Dual Mesh Coil. H\u00e4vytett\u00e4vien h\u00f6yrystimien maailmassa kelan eheys on \u00e4\u00e4rimm\u00e4isen t\u00e4rke\u00e4\u00e4. Tavalliset yksijohdin kelat k\u00e4rsiv\u00e4t usein ep\u00e4tasaisesta l\u00e4mmityksest\u00e4, mik\u00e4 johtaa ennenaikaiseen palamiseen ja ep\u00e4konsistenttiin makujen toimittamiseen. Kaksinkertainen mesh-arkkitehtuuri ratkaisee t\u00e4m\u00e4n ongelman lis\u00e4\u00e4m\u00e4ll\u00e4 pinnan alaa, joka on kosketuksissa s\u00e4ili\u00f6 materiaalin kanssa.<\/p>\n<p>T\u00e4m\u00e4 tekninen konfiguraatio mahdollistaa nopeamman ja tasaisemman k\u00e4ynnistymisajan. K\u00e4ytt\u00e4j\u00e4t voivat vaihtaa toimintatilojen v\u00e4lill\u00e4, hy\u00f6dynt\u00e4en tehokkaasti kaksoiskeloja joko k\u00e4ytt\u00f6i\u00e4n maksimoimiseksi tai h\u00f6yryn tiheyden parantamiseksi. T\u00e4m\u00e4 \u201cDual-Mode\u201d-ominaisuus varmistaa, ett\u00e4 laite s\u00e4ilytt\u00e4\u00e4 suorituskykyns\u00e4 ehe\u00e4n ensimm\u00e4isest\u00e4 puuskusta 35 000. puuskukseen asti, tarjoamalla sile\u00e4n, tihe\u00e4n ja tyydytt\u00e4v\u00e4n h\u00f6yryn ilman heikkenemist\u00e4, joka on usein havaittavissa huonommissa kertak\u00e4ytt\u00f6isiss\u00e4 h\u00f6yrykkeiss\u00e4.<\/p>\n<\/div>\n<p><img loading=\"lazy\" decoding=\"async\" class=\"aligncenter wp-image-61108 size-large\" src=\"https:\/\/vapexyz.com\/wp-content\/uploads\/2025\/12\/VOPK-BTC-35K-35000-Puffs-Dual-Mesh-Coil-Disposable-Vape-Wholesale-Adjustable-Airflow-Control-1024x1024.webp\" alt=\"VOPK BTC 35K 35000 Puffs Dual Mesh Coil -dispositiivinen h\u00f6yrystin tukkumyynti s\u00e4\u00e4dett\u00e4v\u00e4 ilmavirtauksen s\u00e4\u00e4t\u00f6\" width=\"1020\" height=\"1020\" title=\"\" srcset=\"https:\/\/vapexyz.com\/wp-content\/uploads\/2025\/12\/VOPK-BTC-35K-35000-Puffs-Dual-Mesh-Coil-Disposable-Vape-Wholesale-Adjustable-Airflow-Control-1024x1024.webp 1024w, https:\/\/vapexyz.com\/wp-content\/uploads\/2025\/12\/VOPK-BTC-35K-35000-Puffs-Dual-Mesh-Coil-Disposable-Vape-Wholesale-Adjustable-Airflow-Control-500x500.webp 500w, https:\/\/vapexyz.com\/wp-content\/uploads\/2025\/12\/VOPK-BTC-35K-35000-Puffs-Dual-Mesh-Coil-Disposable-Vape-Wholesale-Adjustable-Airflow-Control-300x300.webp 300w, https:\/\/vapexyz.com\/wp-content\/uploads\/2025\/12\/VOPK-BTC-35K-35000-Puffs-Dual-Mesh-Coil-Disposable-Vape-Wholesale-Adjustable-Airflow-Control-768x768.webp 768w, https:\/\/vapexyz.com\/wp-content\/uploads\/2025\/12\/VOPK-BTC-35K-35000-Puffs-Dual-Mesh-Coil-Disposable-Vape-Wholesale-Adjustable-Airflow-Control-12x12.webp 12w, https:\/\/vapexyz.com\/wp-content\/uploads\/2025\/12\/VOPK-BTC-35K-35000-Puffs-Dual-Mesh-Coil-Disposable-Vape-Wholesale-Adjustable-Airflow-Control-247x247.webp 247w, https:\/\/vapexyz.com\/wp-content\/uploads\/2025\/12\/VOPK-BTC-35K-35000-Puffs-Dual-Mesh-Coil-Disposable-Vape-Wholesale-Adjustable-Airflow-Control-510x510.webp 510w, https:\/\/vapexyz.com\/wp-content\/uploads\/2025\/12\/VOPK-BTC-35K-35000-Puffs-Dual-Mesh-Coil-Disposable-Vape-Wholesale-Adjustable-Airflow-Control-100x100.webp 100w, https:\/\/vapexyz.com\/wp-content\/uploads\/2025\/12\/VOPK-BTC-35K-35000-Puffs-Dual-Mesh-Coil-Disposable-Vape-Wholesale-Adjustable-Airflow-Control.webp 1500w\" sizes=\"auto, (max-width: 1020px) 100vw, 1020px\" \/><\/p>\n<h2 style=\"color: #2c3e50; text-align: center; font-size: 2em; margin-bottom: 30px;\">Kehittynyt K\u00e4ytt\u00f6liittym\u00e4 ja Virranhallinta<\/h2>\n<div style=\"flex-wrap: wrap; gap: 25px; margin-bottom: 40px;\">\n<div style=\"flex: 1; min-width: 300px; background: #ffffff; padding: 25px; border-radius: 15px; border-left: 5px solid #27ae60;\">\n<h3 style=\"color: #27ae60; margin-top: 0;\">\u00c4lyn\u00e4yt\u00f6n integrointi<\/h3>\n<p>VOPK BTC 35K erottuu silmiinpist\u00e4v\u00e4ll\u00e4, korkearesoluutioisella digitaalisella n\u00e4yt\u00f6ll\u00e4. T\u00e4m\u00e4 \u201cTV-tyylinen\u201d n\u00e4ytt\u00f6 poistaa arvailemisen, joka on yleens\u00e4 liitetty kertak\u00e4ytt\u00f6isiin h\u00f6yrystimiin. Se tarjoaa reaaliaikaiset tiedot kahdesta kriittisest\u00e4 asiasta: j\u00e4ljell\u00e4 olevasta akun kestosta ja j\u00e4ljell\u00e4 olevasta s\u00e4ili\u00f6n tilavuudesta. T\u00e4m\u00e4 avoimuus mahdollistaa k\u00e4ytt\u00e4jille k\u00e4ytt\u00f6jen hallinnan tehokkaasti, varmistaen, ett\u00e4 he eiv\u00e4t koskaan j\u00e4\u00e4 yll\u00e4tt\u00e4en akun loppumiseen tai tyhjennettyyn laitteeseen.<\/p>\n<\/div>\n<div style=\"flex: 1; min-width: 300px; background: #ffffff; padding: 25px; border-radius: 15px; border-left: 5px solid #8e44ad;\">\n<h3 style=\"color: #8e44ad; margin-top: 0;\">850 mAh ladattava akku<\/h3>\n<p>T\u00e4m\u00e4n suuren kapasiteetin yksik\u00f6n virtal\u00e4hteen\u00e4 on robusti 850mAh akku. Kest\u00e4vyys on suunniteltu, t\u00e4m\u00e4 virtal\u00e4hde tukee laitteen pidennetty\u00e4 k\u00e4ytt\u00f6ik\u00e4\u00e4. Toisin kuin kertak\u00e4ytt\u00f6iset akut, jotka edesauttavat j\u00e4tteen syntymist\u00e4, t\u00e4m\u00e4 j\u00e4rjestelm\u00e4 on ladattavissa modernin Type-C-portin kautta. T\u00e4m\u00e4 varmistaa, ett\u00e4 jokainen 22ml s\u00e4ili\u00f6n tippa k\u00e4ytet\u00e4\u00e4n hyv\u00e4ksi, tarjoamalla suurimman arvon ja v\u00e4hent\u00e4en ymp\u00e4rist\u00f6jalanj\u00e4lke\u00e4 verrattuna pienempikapasiteettisiin h\u00e4vitett\u00e4viin vapeihin.<\/p>\n<\/div>\n<\/div>\n<div style=\"background-color: #eaf2f8; padding: 25px; border-radius: 15px; border: 1px solid #d6eaf8; margin-bottom: 40px;\">\n<h3 style=\"color: #2c3e50; margin-top: 0;\">Tarkka Ilmavirran S\u00e4\u00e4t\u00f6<\/h3>\n<p>Mukauttaminen on nykyaikaisen h\u00f6yryst\u00e4miskokemuksen avain. VOPK BTC 35K:ssa on hienostunut s\u00e4\u00e4dett\u00e4v\u00e4 ilmavirtauksen s\u00e4\u00e4t\u00f6mekanismi, joka sijaitsee laitteen pohjassa. T\u00e4m\u00e4 liukus\u00e4\u00e4din mahdollistaa k\u00e4ytt\u00e4jille hienos\u00e4\u00e4d\u00f6n imeytymisen vastustuskyvylle, siirtym\u00e4ll\u00e4 saumattomasti tiukasta, rajatusta imeytymisest\u00e4 l\u00f6ys\u00e4\u00e4n, ilmavaan hengitykseen. T\u00e4m\u00e4 sopeutumiskyky tekee laitteesta sopivan moniin mieltymyksiin, varmistaen, ett\u00e4 k\u00e4ytt\u00e4j\u00e4 pystyy valitsemaan tihe\u00e4n savun tai hienovaraisen tehon, VOPK BTC 35K toimii.<\/p>\n<\/div>\n<h2 style=\"color: #2c3e50; text-align: center; font-size: 2em; margin-bottom: 30px;\">K\u00e4sitteelliset Aromaattiset Profiilit<\/h2>\n<p style=\"text-align: center; margin-bottom: 30px; font-size: 1.05em;\">VOPK BTC 35K tarjoaa monipuolisen valikoiman kymmenest\u00e4 eri aistikuvasta. Jokainen vaihtoehto on huolellisesti suunniteltu takaamaan vakaus ja rikkaus koko laitteen k\u00e4ytt\u00f6i\u00e4n ajan.<\/p>\n<div style=\"grid-template-columns: repeat(auto-fill, minmax(280px, 1fr)); gap: 20px; margin-bottom: 50px;\">\n<div style=\"background: white; padding: 20px; border-radius: 10px; border: 1px solid #eee;\">\n<p>1. Vesimelonij\u00e4\u00e4<\/p>\n<p style=\"font-size: 0.9em; margin: 0;\">Roskas ja virkist\u00e4v\u00e4 profiili, joka vangitsee j\u00e4\u00e4htyneiden kes\u00e4melonien olemuksen, tarjoaa viile\u00e4n lopputuloksen.<\/p>\n<\/div>\n<div style=\"background: white; padding: 20px; border-radius: 10px; border: 1px solid #eee;\">\n<p>2. Blue Razz -j\u00e4\u00e4t\u00e4<\/p>\n<p style=\"font-size: 0.9em; margin: 0;\">Suosittu sekoitus, jossa on hapan sinisen vadelmansmakuja, tasapainotettuna j\u00e4\u00e4htyv\u00e4ll\u00e4 mentolisensaatiolla.<\/p>\n<\/div>\n<div style=\"background: white; padding: 20px; border-radius: 10px; border: 1px solid #eee;\">\n<p>3. Mansikkapurkaus<\/p>\n<p style=\"font-size: 0.9em; margin: 0;\">El\u00e4v\u00e4inen ja makea profiili, joka muistuttaa kypsi\u00e4 mansikoita, tarjoaa sile\u00e4n ja hedelm\u00e4isen aromin.<\/p>\n<\/div>\n<div style=\"background: white; padding: 20px; border-radius: 10px; border: 1px solid #eee;\">\n<p>4. Georgian persikka<\/p>\n<p style=\"font-size: 0.9em; margin: 0;\">Etel\u00e4isten hedelm\u00e4tarhojen inspiroimana t\u00e4m\u00e4 vaihtoehto tarjoaa rikkaan, nektarimaisen persikkamaisen maun, joka on sek\u00e4 pehme\u00e4 ett\u00e4 makea.<\/p>\n<\/div>\n<div style=\"background: white; padding: 20px; border-radius: 10px; border: 1px solid #eee;\">\n<p>5. Passion Kiwi \n\n(translates to same as it seems to be a product name or similar)\n\n5. Passion Kiwi<\/p>\n<p style=\"font-size: 0.9em; margin: 0;\">Eksoottinen yhdistelm\u00e4, joka yhdist\u00e4\u00e4 kiivin kirpe\u00e4n maun passion hedelm\u00e4n makeisiin, trooppisiin s\u00e4veliin.<\/p>\n<\/div>\n<div style=\"background: white; padding: 20px; border-radius: 10px; border: 1px solid #eee;\">\n<p>6. Oranssi Karpalimehu Lime -j\u00e4\u00e4tel\u00f6<\/p>\n<p style=\"font-size: 0.9em; margin: 0;\">Monimutkainen sitrusseos, jossa yhdistyv\u00e4t kirpe\u00e4 lime ja appelsiini sek\u00e4 karpalon ter\u00e4v\u00e4 purema, lopuksi j\u00e4\u00e4ll\u00e4.<\/p>\n<\/div>\n<div style=\"background: white; padding: 20px; border-radius: 10px; border: 1px solid #eee;\">\n<p>7. Viilent\u00e4v\u00e4 Minttu<\/p>\n<p style=\"font-size: 0.9em; margin: 0;\">Klassinen, suoraviivainen piparminttuprofiili, joka tarjoaa puhtaan, virkist\u00e4v\u00e4n ja j\u00e4isen kokemuksen.<\/p>\n<\/div>\n<div style=\"background: white; padding: 20px; border-radius: 10px; border: 1px solid #eee;\">\n<p>Hapan Mango Ananas<\/p>\n<p style=\"font-size: 0.9em; margin: 0;\">Trooppinen voimatalo, joka yhdist\u00e4\u00e4 ananaksen makeuden ja hapan mangon kirpe\u00e4n maun.<\/p>\n<\/div>\n<div style=\"background: white; padding: 20px; border-radius: 10px; border: 1px solid #eee;\">\n<p>9. Valkoinen Persikka Vadelma<\/p>\n<p style=\"font-size: 0.9em; margin: 0;\">Hienovarainen kukkainen valkoisen persikan ja kirpe\u00e4n vadelman yhdistelm\u00e4, joka luo hienostuneen ja tasapainoisen profiilin.<\/p>\n<\/div>\n<div style=\"background: white; padding: 20px; border-radius: 10px; border: 1px solid #eee;\">\n<p>10. Banaani Taffy Freeze<\/p>\n<p style=\"font-size: 0.9em; margin: 0;\">Kermainen ja nostalginen profiili, joka j\u00e4ljittelee makeita banaaniherkkuja, joissa on virkist\u00e4v\u00e4 viile\u00e4 alatoon.<\/p>\n<\/div>\n<\/div>\n<h2 style=\"color: #2c3e50; margin-top: 50px; text-align: center;\">Tekniset tiedot ja markkinatiedot<\/h2>\n<div style=\"margin-bottom: 50px;\">\n<table style=\"width: 100%; border-collapse: collapse; background: white; border-radius: 10px; overflow: hidden;\">\n<thead>\n<tr style=\"background-color: #34495e; color: white;\">\n<th style=\"padding: 15px; text-align: left; font-weight: 600;\">M\u00e4\u00e4rittelyluokka<\/th>\n<th style=\"padding: 15px; text-align: left; font-weight: 600;\">Tekniset yksityiskohdat<\/th>\n<\/tr>\n<\/thead>\n<tbody>\n<tr style=\"border-bottom: 1px solid #eee;\">\n<td style=\"padding: 15px; color: #555;\">Puhallusluokitus<\/td>\n<td style=\"padding: 15px; color: #333;\">Yksikk\u00f6\u00e4 35 000 Puffs<\/td>\n<\/tr>\n<tr style=\"background-color: #f9f9f9; border-bottom: 1px solid #eee;\">\n<td style=\"padding: 15px; color: #555;\">S\u00e4ili\u00f6n kapasiteetti<\/td>\n<td style=\"padding: 15px; color: #333;\">22ml Esit\u00e4ytetty kammio<\/td>\n<\/tr>\n<tr style=\"border-bottom: 1px solid #eee;\">\n<td style=\"padding: 15px; color: #555;\">Kelan konfiguraatio<\/td>\n<td style=\"padding: 15px; color: #333;\">0,8\u03a9 Dual Mesh -teknologia<\/td>\n<\/tr>\n<tr style=\"background-color: #f9f9f9; border-bottom: 1px solid #eee;\">\n<td style=\"padding: 15px; color: #555;\">Akun tekniset tiedot<\/td>\n<td style=\"padding: 15px; color: #333;\">850mAh, Type-C Ladattava<\/td>\n<\/tr>\n<tr style=\"border-bottom: 1px solid #eee;\">\n<td style=\"padding: 15px; color: #555;\">N\u00e4ytt\u00f6liit\u00e4nt\u00e4<\/td>\n<td style=\"padding: 15px; color: #333;\">Korkean m\u00e4\u00e4ritelm\u00e4n digitaalinen n\u00e4ytt\u00f6 (Akku ja \u00e4\u00e4nenvoimakkuus)<\/td>\n<\/tr>\n<tr style=\"background-color: #f9f9f9;\">\n<td style=\"padding: 15px; color: #555;\">Tukkumyynti<\/td>\n<td style=\"padding: 15px; color: #333;\">Saatavilla VapeXYZ:n kautta (Maailmanlaajuinen toimitus)<\/td>\n<\/tr>\n<\/tbody>\n<\/table>\n<\/div>\n<h2 style=\"color: #2c3e50; text-align: center; margin-bottom: 30px;\">Usein kysytyt kysymykset (FAQ)<\/h2>\n<div style=\"margin-bottom: 40px;\">\n<div style=\"margin-bottom: 20px; background: #fff; border: 1px solid #ddd; border-radius: 8px; overflow: hidden;\">\n<h3 style=\"background-color: #f4f6f7; color: #2c3e50; padding: 15px; margin: 0; font-size: 1.1em; border-bottom: 1px solid #ddd;\">Miksi VOPK BTC 35K pidet\u00e4\u00e4n v\u00e4hitt\u00e4iskauppiaiden parempana valintana?<\/h3>\n<div style=\"padding: 20px; color: #555;\">\n<p style=\"margin: 0;\">V\u00e4hitt\u00e4iskauppiaat suosivat VOPK BTC 35K sen korkean vaihtuvuuspotentiaalin ja asiakastyytyv\u00e4isyyslukujen vuoksi. 35 000 puuskauksen merkitt\u00e4v\u00e4sti ylitt\u00e4\u00e4 standardikilpailijat, tarjoamalla paremman arvon loppuk\u00e4ytt\u00e4j\u00e4lle. Lis\u00e4ksi digitaalisen n\u00e4yt\u00f6n ja s\u00e4\u00e4dett\u00e4v\u00e4n ilmavirran sis\u00e4llytt\u00e4minen antaa tuotteelle premium-tuntuman ilman kielteist\u00e4 kustannusta, mik\u00e4 tekee siit\u00e4 houkuttelevan vaihtoehdon hyllyn\u00e4yt\u00f6lle. Hankinta VapeXYZ:st\u00e4 varmistaa aitot tuotteet ja luotettavan toimitusketjun hallinnan.<\/p>\n<\/div>\n<\/div>\n<div style=\"margin-bottom: 20px; background: #fff; border: 1px solid #ddd; border-radius: 8px; overflow: hidden;\">\n<h3 style=\"background-color: #f4f6f7; color: #2c3e50; padding: 15px; margin: 0; font-size: 1.1em; border-bottom: 1px solid #ddd;\">Miten kaksinkertainen mesh-k\u00e4\u00e4mi parantaa h\u00f6yryst\u00e4miskokemusta?<\/h3>\n<div style=\"padding: 20px; color: #555;\">\n<p style=\"margin: 0;\">Kaksinkertainen mesh-k\u00e4\u00e4mi j\u00e4rjestelm\u00e4 on suunniteltu tarjoamaan tasainen l\u00e4mmityspinta-ala. T\u00e4m\u00e4 est\u00e4\u00e4 kuumia kohtia, jotka voivat pilata makuprofiilin. K\u00e4ytt\u00e4m\u00e4ll\u00e4 kahta mesh-kerrosta, laite pystyy h\u00f6yryst\u00e4m\u00e4\u00e4n sis\u00e4ll\u00f6n tehokkaammin, mik\u00e4 johtaa tihe\u00e4mp\u00e4\u00e4n h\u00f6yrykylm\u00e4\u00e4n ja puhtaaseen, muuttumattomaan makuun ensimm\u00e4isest\u00e4 puuskusta viimeiseen. Se tarjoaa my\u00f6s redundanssin; jos yksi osa meshist\u00e4 on rasittunut, koko j\u00e4rjestelm\u00e4 s\u00e4ilytt\u00e4\u00e4 suorituskykyns\u00e4.<\/p>\n<\/div>\n<\/div>\n<div style=\"margin-bottom: 20px; background: #fff; border: 1px solid #ddd; border-radius: 8px; overflow: hidden;\">\n<h3 style=\"background-color: #f4f6f7; color: #2c3e50; padding: 15px; margin: 0; font-size: 1.1em; border-bottom: 1px solid #ddd;\">Mitk\u00e4 ovat VapeXYZ:n kautta tilattaessa irtotavaroiden toimituslogistiikat?<\/h3>\n<div style=\"padding: 20px; color: #555;\">\n<p style=\"margin: 0;\">VapeXYZ erikoistuu sujuviin logistiikkaratkaisuihin irtotavarana myyt\u00e4ville, kertak\u00e4ytt\u00f6isille vapeille. Toimimme alhaisella v\u00e4himm\u00e4istilausm\u00e4\u00e4r\u00e4ll\u00e4 (MOQ) vain 10 kappaletta, mik\u00e4 helpottaa kaiken kokoisten yritysten varastojen t\u00e4ydent\u00e4mist\u00e4. Jakeluverkostomme on optimoitu Euroopan markkinoille, mik\u00e4 varmistaa nopean ja tullim\u00e4\u00e4r\u00e4yksi\u00e4 noudattavan toimituksen. Priorisoimme turvallisen pakkaamisen vaurioiden est\u00e4miseksi kuljetuksen aikana, mik\u00e4 varmistaa, ett\u00e4 varasto saapuu t\u00e4ydellisess\u00e4 kunnossa ja valmiina v\u00e4hitt\u00e4ismyyntiin.<\/p>\n<\/div>\n<\/div>\n<div style=\"margin-bottom: 20px; background: #fff; border: 1px solid #ddd; border-radius: 8px; overflow: hidden;\">\n<h3 style=\"background-color: #f4f6f7; color: #2c3e50; padding: 15px; margin: 0; font-size: 1.1em; border-bottom: 1px solid #ddd;\">Kuinka voin tulkita digitaalisella n\u00e4yt\u00f6ll\u00e4 n\u00e4kyv\u00e4t tiedot?<\/h3>\n<div style=\"padding: 20px; color: #555;\">\n<p style=\"margin: 0;\">VOPK BTC 35K:n digitaalinen k\u00e4ytt\u00f6liittym\u00e4 on intuitiivinen. Se n\u00e4ytt\u00e4\u00e4 prosentti-indikaattorit sek\u00e4 akun k\u00e4ytt\u00f6i\u00e4st\u00e4 ett\u00e4 j\u00e4ljell\u00e4 olevasta kapasiteetista. T\u00e4m\u00e4 poistaa l\u00e4pin\u00e4kym\u00e4tt\u00f6mien kertak\u00e4ytt\u00f6isten h\u00f6yrystimien yleisen \u201ckuivan iskun\u201d ahdistuksen. Kun akun indikaattori on alhainen, lataa yksikk\u00f6 yksinkertaisesti Type-C-liit\u00e4nn\u00e4n kautta. Kun kapasiteetin indikaattori l\u00e4hestyy nollaa, se toimii oikea-aikaisena muistutuksena varastojen t\u00e4ydent\u00e4misest\u00e4, mik\u00e4 varmistaa sujuvan siirtym\u00e4n uuteen laitteeseen.<\/p>\n<\/div>\n<\/div>\n<\/div>\n<div style=\"background-color: #34495e; color: white; padding: 30px; text-align: center; border-radius: 15px; margin-top: 40px;\">\n<h3 style=\"color: #fff; margin-top: 0;\">Valmis p\u00e4ivitt\u00e4m\u00e4\u00e4n varastoasi?<\/h3>\n<p style=\"font-size: 1.1em; margin-bottom: 20px;\">Kumppani kanssa<a href=\"https:\/\/vapexyz.com\/fi\/\"> VapeXYZ<\/a> Nyky\u00e4\u00e4n p\u00e4\u00e4set k\u00e4siksi VOPK BTC 35K ja muihin premium-h\u00e4vytett\u00e4viss\u00e4 oleviin vapeihin kilpailukykyisill\u00e4 tukkumyyntihinnoilla.<\/p>\n<\/div>\n<p><img loading=\"lazy\" decoding=\"async\" class=\"aligncenter wp-image-61130 size-full\" src=\"https:\/\/vapexyz.com\/wp-content\/uploads\/2025\/12\/VOPK-BTC-35K-35000-Puffs-Dual-Mesh-Coil-Disposable-Vape-Wholesale-Adjustable-Airflow-Control.jpg\" alt=\"VOPK BTC 35K 35000 Puffs Dual Mesh Coil -dispositiivinen h\u00f6yrystin tukkumyynti s\u00e4\u00e4dett\u00e4v\u00e4 ilmavirtauksen s\u00e4\u00e4t\u00f6\" width=\"1200\" height=\"686\" title=\"\" srcset=\"https:\/\/vapexyz.com\/wp-content\/uploads\/2025\/12\/VOPK-BTC-35K-35000-Puffs-Dual-Mesh-Coil-Disposable-Vape-Wholesale-Adjustable-Airflow-Control.jpg 1200w, https:\/\/vapexyz.com\/wp-content\/uploads\/2025\/12\/VOPK-BTC-35K-35000-Puffs-Dual-Mesh-Coil-Disposable-Vape-Wholesale-Adjustable-Airflow-Control-510x292.jpg 510w, https:\/\/vapexyz.com\/wp-content\/uploads\/2025\/12\/VOPK-BTC-35K-35000-Puffs-Dual-Mesh-Coil-Disposable-Vape-Wholesale-Adjustable-Airflow-Control-500x286.jpg 500w, https:\/\/vapexyz.com\/wp-content\/uploads\/2025\/12\/VOPK-BTC-35K-35000-Puffs-Dual-Mesh-Coil-Disposable-Vape-Wholesale-Adjustable-Airflow-Control-1024x585.jpg 1024w, https:\/\/vapexyz.com\/wp-content\/uploads\/2025\/12\/VOPK-BTC-35K-35000-Puffs-Dual-Mesh-Coil-Disposable-Vape-Wholesale-Adjustable-Airflow-Control-768x439.jpg 768w, https:\/\/vapexyz.com\/wp-content\/uploads\/2025\/12\/VOPK-BTC-35K-35000-Puffs-Dual-Mesh-Coil-Disposable-Vape-Wholesale-Adjustable-Airflow-Control-18x10.jpg 18w\" sizes=\"auto, (max-width: 1200px) 100vw, 1200px\" \/><\/p>\n<p>\u201c`<\/p>\n<\/article>","protected":false},"excerpt":{"rendered":"<p>VOPK BTC 35K on \u00e4\u00e4rimm\u00e4isen edistynyt, kertak\u00e4ytt\u00f6inen h\u00f6yrystin, jossa on el\u00e4v\u00e4 \u00e4lyn\u00e4ytt\u00f6 ja s\u00e4\u00e4dett\u00e4v\u00e4 kaksiverkkoinen teho 35 000 imurointiin r\u00e4\u00e4t\u00e4l\u00f6idyll\u00e4 ilolla, saatavilla nyt VapeXYZ:st\u00e4 parhailla tukkuhinnoilla irtotavarakauppiaille kaikkialla Euroopassa.<\/p>","protected":false},"featured_media":61105,"comment_status":"open","ping_status":"closed","template":"","meta":{"_lmt_disableupdate":"no","_lmt_disable":""},"product_brand":[],"product_cat":[853,1042,947,935,934,927,929,928,930,933,939,932,938,931,936,937,1017,948,949,946,950,1016,951,953,820,987],"product_tag":[],"class_list":{"0":"post-61082","1":"product","2":"type-product","3":"status-publish","4":"has-post-thumbnail","6":"product_cat-vopk","7":"product_cat-35000-puff-vapes","8":"product_cat-big-puffs-vapes","9":"product_cat-bulk-buy-disposable-vapes-in-austria","10":"product_cat-bulk-buy-disposable-vapes-in-belgium","11":"product_cat-bulk-buy-disposable-vapes-in-europe","12":"product_cat-bulk-buy-disposable-vapes-in-france","13":"product_cat-bulk-buy-disposable-vapes-in-germany","14":"product_cat-bulk-buy-disposable-vapes-in-italy","15":"product_cat-bulk-buy-disposable-vapes-in-netherlands","16":"product_cat-bulk-buy-disposable-vapes-in-norway","17":"product_cat-bulk-buy-disposable-vapes-in-poland","18":"product_cat-bulk-buy-disposable-vapes-in-portugal","19":"product_cat-bulk-buy-disposable-vapes-in-spain","20":"product_cat-bulk-buy-disposable-vapes-in-sweden","21":"product_cat-bulk-buy-disposable-vapes-in-switzerland","22":"product_cat-buy-best-disposable-vape-flavors","23":"product_cat-crystal-vapes","24":"product_cat-digital-box-vapes","25":"product_cat-disposable-vapes-series","26":"product_cat-dual-mesh-vapes","27":"product_cat-european-vape-warehouse","28":"product_cat-lower-nicotine-vapes","29":"product_cat-rechargeable-vapes","30":"product_cat-vape","31":"product_cat-vape-shop-by-puffs","33":"first","34":"instock","35":"shipping-taxable","36":"purchasable","37":"product-type-variable","38":"has-default-attributes"},"jetpack_sharing_enabled":true,"tiered_pricing_type":"fixed","tiered_pricing_fixed_rules":[],"tiered_pricing_product_settings":{"layout":"default","base_unit_name":{"singular":null,"plural":null},"default_variation":null},"tiered_pricing_minimum_quantity":null,"tiered_pricing_roles_data":[],"tiered_pricing_percentage_rules":[],"tiered_pricing_maximum_quantity":null,"tiered_pricing_quantity_step":null,"_links":{"self":[{"href":"https:\/\/vapexyz.com\/fi\/wp-json\/wp\/v2\/product\/61082","targetHints":{"allow":["GET"]}}],"collection":[{"href":"https:\/\/vapexyz.com\/fi\/wp-json\/wp\/v2\/product"}],"about":[{"href":"https:\/\/vapexyz.com\/fi\/wp-json\/wp\/v2\/types\/product"}],"replies":[{"embeddable":true,"href":"https:\/\/vapexyz.com\/fi\/wp-json\/wp\/v2\/comments?post=61082"}],"wp:featuredmedia":[{"embeddable":true,"href":"https:\/\/vapexyz.com\/fi\/wp-json\/wp\/v2\/media\/61105"}],"wp:attachment":[{"href":"https:\/\/vapexyz.com\/fi\/wp-json\/wp\/v2\/media?parent=61082"}],"wp:term":[{"taxonomy":"product_brand","embeddable":true,"href":"https:\/\/vapexyz.com\/fi\/wp-json\/wp\/v2\/product_brand?post=61082"},{"taxonomy":"product_cat","embeddable":true,"href":"https:\/\/vapexyz.com\/fi\/wp-json\/wp\/v2\/product_cat?post=61082"},{"taxonomy":"product_tag","embeddable":true,"href":"https:\/\/vapexyz.com\/fi\/wp-json\/wp\/v2\/product_tag?post=61082"}],"curies":[{"name":"wp","href":"https:\/\/api.w.org\/{rel}","templated":true}]}}