{"id":60488,"date":"2025-12-19T09:10:34","date_gmt":"2025-12-19T09:10:34","guid":{"rendered":"https:\/\/vapexyz.com\/?post_type=product&#038;p=60488"},"modified":"2026-03-05T03:54:46","modified_gmt":"2026-03-05T03:54:46","slug":"fumot-tornado-9000-9k-savun-kertyma-kaytettavissa-vape-nopea-toimitus-eurooppalainen-varasto-osta-ei-vahimmaistilausmaaraa","status":"publish","type":"product","link":"https:\/\/vapexyz.com\/fi\/product\/fumot-tornado-9000-9k-puffs-disposable-vape-fast-shipping-european-warehouse-buy-no-moq\/","title":{"rendered":"FUMOT TORNADO 9000 9K Puhuttelevat H\u00e4vytett\u00e4v\u00e4t Vape Nopea Toimitus Euroopan Varasto Osta Ei MOQ"},"content":{"rendered":"<article style=\"font-family: 'Comic Sans MS', 'Comic Sans', cursive, sans-serif; max-width: 900px; margin: 0 auto; background-color: #fff; color: #555; font-weight: 400; line-height: 1.8;\">\n<h2 style=\"font-size: 26px; text-align: center; color: #ff9aa2; margin-bottom: 30px; font-weight: 400;\">\u2728 Nopea Toimitus Euroopan Varastoosta Osta<a href=\"https:\/\/vapexyz.com\/fi\/tuotekategoria\/fumot-havytettava-vape\/\"> FUMOT TORNADO<\/a> 9000 9K Puffs H\u00e4vitett\u00e4v\u00e4 Vape Ei MOQ<\/h2>\n<div style=\"background-color: #e2f0cb; padding: 25px; border-radius: 25px; border: 3px dashed #B5EAD7; margin-bottom: 30px; box-shadow: 5px 5px 0px #F0F8FF;\">\n<p style=\"font-size: 18px; margin: 0; text-align: center;\">Hei yst\u00e4v\u00e4! \ud83d\udc4b Tervetuloa VapeXYZn! Etsitk\u00f6 supercoolia kertak\u00e4ytt\u00f6ist\u00e4 h\u00f6yrystint\u00e4? L\u00f6ysit sen! Olemme eurooppalainen tukkuri, ja teemme ostamisen eritt\u00e4in helppoksi. L\u00e4het\u00e4mme paketit suoraan eurooppalaisesta varastostamme, joten odotat vain 2-7 p\u00e4iv\u00e4\u00e4 saadaksesi tavarat. Ja arvaa mit\u00e4? Ei ole v\u00e4himm\u00e4istilausm\u00e4\u00e4r\u00e4\u00e4 (MOQ), joten voit ostaa vain yhden tai sata!<\/p>\n<\/div>\n<h3 style=\"color: #ffb7b2; font-size: 22px; text-align: center; font-weight: 400; margin-top: 40px;\">\ud83c\udf08 Miksi kaikki rakastavat t\u00e4t\u00e4 kertak\u00e4ytt\u00f6ist\u00e4 h\u00f6yrystint\u00e4?<\/h3>\n<p style=\"font-size: 16px; text-align: center; max-width: 800px; margin: 0 auto 30px auto;\">Kuvittele pieni v\u00e4rik\u00e4s robotti taskussasi! \ud83e\udd16 FUMOT TORNADO 9000 9K Puffs Disposable Vape ei ole vain tavallinen h\u00f6yrystin; se on kuin taikakeppi. Siin\u00e4 on superj\u00e4\u00e4hdytteinen muotoilu, jossa on valaisevat valot, jotka loistavat, kun k\u00e4yt\u00e4t sit\u00e4. Se on eritt\u00e4in helppo pit\u00e4\u00e4 kiinni ja n\u00e4ytt\u00e4\u00e4 h\u00e4mm\u00e4stytt\u00e4v\u00e4lt\u00e4.<\/p>\n<div style=\"flex-wrap: wrap; gap: 20px; justify-content: center; margin-bottom: 40px;\">\n<div style=\"background-color: #fff5ba; border: 2px dashed #FFDFBA; border-radius: 20px; padding: 20px; width: 45%; min-width: 280px;\">\n<p style=\"font-size: 20px; margin: 0 0 10px 0; color: #ffb347;\">\ud83d\udd0b Jatkuva Virta<\/p>\n<p style=\"font-size: 15px; margin: 0;\">Siin\u00e4 on suuri 850mAh akku sis\u00e4ll\u00e4. Jos se loppuu energiasta, \u00e4l\u00e4 huoli! Voit kytke\u00e4 sen Type-C-kaapelilla (kuten puhelimen laturilla) ja se on valmis k\u00e4ytett\u00e4v\u00e4ksi uudelleen.<\/p>\n<\/div>\n<div style=\"background-color: #ffdac1; border: 2px dashed #FFB7B2; border-radius: 20px; padding: 20px; width: 45%; min-width: 280px;\">\n<p style=\"font-size: 20px; margin: 0 0 10px 0; color: #ff6961;\">\u2601\ufe0f 9000 Happy Puffs<\/p>\n<p style=\"font-size: 15px; margin: 0;\">T\u00e4m\u00e4 pieni laite on eritt\u00e4in voimakas! Se voi antaa sinulle jopa 9000 huffia. T\u00e4m\u00e4 tarkoittaa, ett\u00e4 voit k\u00e4ytt\u00e4\u00e4 sit\u00e4 hyvin pitk\u00e4\u00e4n ennen kuin tarvitset uuden.<\/p>\n<\/div>\n<div style=\"background-color: #e0bbe4; border: 2px dashed #957DAD; border-radius: 20px; padding: 20px; width: 45%; min-width: 280px;\">\n<p style=\"font-size: 20px; margin: 0 0 10px 0; color: #8e44ad;\">\ud83d\udd78\ufe0f Taika Mesh Coil<\/p>\n<p style=\"font-size: 15px; margin: 0;\">Sis\u00e4ll\u00e4 on erityinen verkko nimelt\u00e4 Mesh Coil. Se l\u00e4mpenee tasaisesti, joten jokainen huffu tuntuu sile\u00e4lt\u00e4 ja maistuu t\u00e4sm\u00e4lleen oikealta. Ei palanutta makua t\u00e4ss\u00e4!<\/p>\n<\/div>\n<div style=\"background-color: #b5ead7; border: 2px dashed #68C3A3; border-radius: 20px; padding: 20px; width: 45%; min-width: 280px;\">\n<p style=\"font-size: 20px; margin: 0 0 10px 0; color: #27ae60;\">\ud83d\udca7 Suuri kapasiteetti<\/p>\n<p style=\"font-size: 15px; margin: 0;\">Se sis\u00e4lt\u00e4\u00e4 massiivisen 18 ml:n kapasiteetin. T\u00e4st\u00e4 syyst\u00e4 se kest\u00e4\u00e4 niin kauan. Lis\u00e4ksi voit s\u00e4\u00e4t\u00e4\u00e4 ilmavirtaa alapuolelta niin, ett\u00e4 se tuntuu aivan oikealta sinulle.<\/p>\n<\/div>\n<\/div>\n<h3 style=\"color: #6eb5ff; font-size: 22px; text-align: center; font-weight: 400; margin-bottom: 20px;\">Valitse Suosikkisi Numero (Vaihtoehdot)<\/h3>\n<div style=\"background-color: #f0f8ff; padding: 20px; border-radius: 20px; border: 2px dashed #ADD8E6; margin-bottom: 40px;\">\n<p style=\"font-size: 16px; line-height: 2; text-align: justify;\">Meill\u00e4 on niin monia vaihtoehtoja sinulle! Katso t\u00e4t\u00e4 luetteloa ja etsi se, joka kuulostaa parhaalta:<\/p>\n<p style=\"font-size: 16px; line-height: 2; text-align: justify;\">1. persikkalev\u00e4j\u00e4<\/p>\n<p style=\"font-size: 16px; line-height: 2; text-align: justify;\">2. herra Blue<\/p>\n<p style=\"font-size: 16px; line-height: 2; text-align: justify;\">3. mansikka vesimeloni<\/p>\n<p style=\"font-size: 16px; line-height: 2; text-align: justify;\">4. olkikello mango<\/p>\n<p style=\"font-size: 16px; line-height: 2; text-align: justify;\">5. kuohkea kirsikka<\/p>\n<p style=\"font-size: 16px; line-height: 2; text-align: justify;\">sek\u00e4hedelm\u00e4inen marjasato<\/p>\n<p style=\"font-size: 16px; line-height: 2; text-align: justify;\">7. mustikka hapan vadelma<\/p>\n<p style=\"font-size: 16px; line-height: 2; text-align: justify;\">8. persikka mango ananas<\/p>\n<p style=\"font-size: 16px; line-height: 2; text-align: justify;\">9. persikka marja<\/p>\n<p style=\"font-size: 16px; line-height: 2; text-align: justify;\">10. mansikkaj\u00e4\u00e4<\/p>\n<p style=\"font-size: 16px; line-height: 2; text-align: justify;\">11. mansikka vadelma j\u00e4\u00e4tel\u00f6<\/p>\n<p style=\"font-size: 16px; line-height: 2; text-align: justify;\">12. musta j\u00e4\u00e4<\/p>\n<p style=\"font-size: 16px; line-height: 2; text-align: justify;\">13. mustikka vadelma<\/p>\n<p style=\"font-size: 16px; line-height: 2; text-align: justify;\">kivenn\u00e4isvesi<\/p>\n<p style=\"font-size: 16px; line-height: 2; text-align: justify;\">15. kiivi passionhedelm\u00e4 guava<\/p>\n<p style=\"font-size: 16px; line-height: 2; text-align: justify;\">16. mansikka vadelma<\/p>\n<p style=\"font-size: 16px; line-height: 2; text-align: justify;\">17. kolminkertainen mango<\/p>\n<p style=\"font-size: 16px; line-height: 2; text-align: justify;\">18. vesimelonan j\u00e4\u00e4<\/p>\n<p style=\"font-size: 16px; line-height: 2; text-align: justify;\">19. vadelma vesimeloni<\/p>\n<p style=\"font-size: 16px; line-height: 2; text-align: justify;\">20. mansikka banaani<\/p>\n<p style=\"font-size: 16px; line-height: 2; text-align: justify;\">21. vesimeloni<\/p>\n<p style=\"font-size: 16px; line-height: 2; text-align: justify;\">22. ryp\u00e4le<\/p>\n<p style=\"font-size: 16px; line-height: 2; text-align: justify;\">23. reipasta j\u00e4\u00e4t\u00e4<\/p>\n<p style=\"font-size: 16px; line-height: 2; text-align: justify;\">24. vesimelonakumi<\/p>\n<\/div>\n<h3 style=\"color: #ff9aa2; font-size: 22px; text-align: center; font-weight: 400; margin-bottom: 20px;\">\ud83e\uddd0 Miksi valita VapeXYZ?<\/h3>\n<div style=\"margin-bottom: 40px; border-radius: 15px; border: 2px solid #FFDAC1;\">\n<table style=\"width: 100%; border-collapse: collapse; min-width: 500px; font-size: 16px;\">\n<thead style=\"background-color: #ffdac1;\">\n<tr>\n<th style=\"padding: 15px; text-align: left; color: #fff; font-weight: 400;\">Kysymys<\/th>\n<th style=\"padding: 15px; text-align: left; color: #fff; font-weight: 400;\">Ostokset VapeXYZ:ss\u00e4<\/th>\n<th style=\"padding: 15px; text-align: left; color: #fff; font-weight: 400;\">Muut paikat<\/th>\n<\/tr>\n<\/thead>\n<tbody>\n<tr style=\"background-color: #fff9f0;\">\n<td style=\"padding: 15px; border-bottom: 1px dashed #FFDAC1;\">Toimitusaika<\/td>\n<td style=\"padding: 15px; border-bottom: 1px dashed #FFDAC1; color: #27ae60;\">Nopea! 2-7 P\u00e4iv\u00e4\u00e4 (EU Varasto)<\/td>\n<td style=\"padding: 15px; border-bottom: 1px dashed #FFDAC1; color: #999;\">Hidas\u2026 15+ p\u00e4iv\u00e4\u00e4<\/td>\n<\/tr>\n<tr style=\"background-color: #fff;\">\n<td style=\"padding: 15px; border-bottom: 1px dashed #FFDAC1;\">V\u00e4himm\u00e4istilaus<\/td>\n<td style=\"padding: 15px; border-bottom: 1px dashed #FFDAC1; color: #27ae60;\">Mik\u00e4\u00e4n! Ei v\u00e4himm\u00e4istilausm\u00e4\u00e4r\u00e4\u00e4 tarvita.<\/td>\n<td style=\"padding: 15px; border-bottom: 1px dashed #FFDAC1; color: #999;\">Pit\u00e4\u00e4 ostaa paljon kerralla.<\/td>\n<\/tr>\n<tr style=\"background-color: #fff9f0;\">\n<td style=\"padding: 15px;\">Tuotteen laatu<\/td>\n<td style=\"padding: 15px; color: #27ae60;\">Alkuper\u00e4inen FUMOT TORNADO 9000<\/td>\n<td style=\"padding: 15px; color: #999;\">Ehk\u00e4 ei oikea\u2026<\/td>\n<\/tr>\n<\/tbody>\n<\/table>\n<\/div>\n<h3 style=\"color: #b5ead7; font-size: 22px; text-align: center; font-weight: 400; margin-bottom: 20px;\">\ud83d\ude4b\u200d\u2640\ufe0f Usein kysytyt kysymykset ja vastaukset (UKK)<\/h3>\n<div style=\"margin-bottom: 40px;\">\n<div style=\"background-color: #fdfd96; padding: 20px; border-radius: 20px; margin-bottom: 15px; border: 2px dashed #F0E68C;\">\n<p style=\"margin: 0; color: #555;\">K: Asun Euroopassa. Milloin saan h\u00e4vytett\u00e4v\u00e4n h\u00f6yrystimen?<\/p>\n<p style=\"margin-top: 10px; color: #777;\">A: Eritt\u00e4in nopeasti! Koska meill\u00e4 on Euroopan varasto, toimitamme sen suoraan sinulle. Yleens\u00e4 kest\u00e4\u00e4 2-7 p\u00e4iv\u00e4\u00e4.<\/p>\n<\/div>\n<div style=\"background-color: #e6e6fa; padding: 20px; border-radius: 20px; margin-bottom: 15px; border: 2px dashed #D8BFD8;\">\n<p style=\"margin: 0; color: #555;\">K: Pit\u00e4\u00e4k\u00f6 minun ostaa monta vapea kerralla?<\/p>\n<p style=\"margin-top: 10px; color: #777;\">A: Ei mitenk\u00e4\u00e4n! Meill\u00e4 ei ole v\u00e4himm\u00e4istilausm\u00e4\u00e4r\u00e4\u00e4 (MOQ). Voit ostaa 1 tai 10, riippuen siit\u00e4, mik\u00e4 tekee sinut onnelliseksi!<\/p>\n<\/div>\n<div style=\"background-color: #ffc0cb; padding: 20px; border-radius: 20px; margin-bottom: 15px; border: 2px dashed #FF6961;\">\n<p style=\"margin: 0; color: #555;\">Onko t\u00e4m\u00e4 laite ladattava?<\/p>\n<p style=\"margin-top: 10px; color: #777;\">A: Kyll\u00e4! Alapuolella on Type-C-portti. Lataa se vain ja jatka 9000 puffauksen nauttimista.<\/p>\n<\/div>\n<\/div>\n<div style=\"text-align: center; padding: 20px; background-color: #f9f9f9; border-radius: 20px; border: 1px solid #eee;\">\n<p style=\"font-size: 16px; color: #888;\">Oletko valmis hauskan leikkiin? Tule ja osta FUMOT TORNADO 9000 9K Puffs Disposable Vape at <a href=\"https:\/\/vapexyz.com\/fi\/\">VapeXYZ<\/a> T\u00e4n\u00e4\u00e4n! Olemme odottamassa sinua!<\/p>\n<\/div>\n<p><img loading=\"lazy\" decoding=\"async\" class=\"aligncenter wp-image-60599 size-full\" src=\"https:\/\/vapexyz.com\/wp-content\/uploads\/2025\/12\/Fast-Shipping-European-Warehouse-Buy-FUMOT-TORNADO-9000-9K-Puffs-Disposable-Vape-No-MOQ-4.webp\" alt=\"Nopea Toimitus Euroopan Varasto Osta FUMOT TORNADO 9000 9K Puffs H\u00e4vytett\u00e4v\u00e4 Vape Ei MOQ\" width=\"1000\" height=\"1000\" title=\"\" srcset=\"https:\/\/vapexyz.com\/wp-content\/uploads\/2025\/12\/Fast-Shipping-European-Warehouse-Buy-FUMOT-TORNADO-9000-9K-Puffs-Disposable-Vape-No-MOQ-4.webp 1000w, https:\/\/vapexyz.com\/wp-content\/uploads\/2025\/12\/Fast-Shipping-European-Warehouse-Buy-FUMOT-TORNADO-9000-9K-Puffs-Disposable-Vape-No-MOQ-4-500x500.webp 500w, https:\/\/vapexyz.com\/wp-content\/uploads\/2025\/12\/Fast-Shipping-European-Warehouse-Buy-FUMOT-TORNADO-9000-9K-Puffs-Disposable-Vape-No-MOQ-4-300x300.webp 300w, https:\/\/vapexyz.com\/wp-content\/uploads\/2025\/12\/Fast-Shipping-European-Warehouse-Buy-FUMOT-TORNADO-9000-9K-Puffs-Disposable-Vape-No-MOQ-4-768x768.webp 768w, https:\/\/vapexyz.com\/wp-content\/uploads\/2025\/12\/Fast-Shipping-European-Warehouse-Buy-FUMOT-TORNADO-9000-9K-Puffs-Disposable-Vape-No-MOQ-4-12x12.webp 12w, https:\/\/vapexyz.com\/wp-content\/uploads\/2025\/12\/Fast-Shipping-European-Warehouse-Buy-FUMOT-TORNADO-9000-9K-Puffs-Disposable-Vape-No-MOQ-4-247x247.webp 247w, https:\/\/vapexyz.com\/wp-content\/uploads\/2025\/12\/Fast-Shipping-European-Warehouse-Buy-FUMOT-TORNADO-9000-9K-Puffs-Disposable-Vape-No-MOQ-4-510x510.webp 510w, https:\/\/vapexyz.com\/wp-content\/uploads\/2025\/12\/Fast-Shipping-European-Warehouse-Buy-FUMOT-TORNADO-9000-9K-Puffs-Disposable-Vape-No-MOQ-4-100x100.webp 100w\" sizes=\"auto, (max-width: 1000px) 100vw, 1000px\" \/><\/p>\n<\/article>\n<p>&nbsp;<\/p>","protected":false},"excerpt":{"rendered":"<p>VapeXYZ tarjoaa FUMOT TORNADO 9000 9K Puffs -kertak\u00e4ytt\u00f6isen h\u00f6yrystimen, joka on ladattava laite, jossa on mesh-k\u00e4\u00e4mi teknologia ja eloisat RGB-valot, toimitetaan nopeasti Euroopan varastostamme ilman v\u00e4himm\u00e4istilausm\u00e4\u00e4r\u00e4\u00e4.<\/p>","protected":false},"featured_media":60591,"comment_status":"open","ping_status":"closed","template":"","meta":{"_lmt_disableupdate":"no","_lmt_disable":""},"product_brand":[],"product_cat":[1009,947,935,934,927,929,928,930,933,939,932,938,931,936,937,1017,948,949,946,950,1016,1075,951,1099,953,954,820,987],"product_tag":[],"class_list":{"0":"post-60488","1":"product","2":"type-product","3":"status-publish","4":"has-post-thumbnail","6":"product_cat-9000-puff-vapes","7":"product_cat-big-puffs-vapes","8":"product_cat-bulk-buy-disposable-vapes-in-austria","9":"product_cat-bulk-buy-disposable-vapes-in-belgium","10":"product_cat-bulk-buy-disposable-vapes-in-europe","11":"product_cat-bulk-buy-disposable-vapes-in-france","12":"product_cat-bulk-buy-disposable-vapes-in-germany","13":"product_cat-bulk-buy-disposable-vapes-in-italy","14":"product_cat-bulk-buy-disposable-vapes-in-netherlands","15":"product_cat-bulk-buy-disposable-vapes-in-norway","16":"product_cat-bulk-buy-disposable-vapes-in-poland","17":"product_cat-bulk-buy-disposable-vapes-in-portugal","18":"product_cat-bulk-buy-disposable-vapes-in-spain","19":"product_cat-bulk-buy-disposable-vapes-in-sweden","20":"product_cat-bulk-buy-disposable-vapes-in-switzerland","21":"product_cat-buy-best-disposable-vape-flavors","22":"product_cat-crystal-vapes","23":"product_cat-digital-box-vapes","24":"product_cat-disposable-vapes-series","25":"product_cat-dual-mesh-vapes","26":"product_cat-european-vape-warehouse","27":"product_cat-fumot-disposable-vape","28":"product_cat-lower-nicotine-vapes","29":"product_cat-purchase-disposable-vape-no-moq","30":"product_cat-rechargeable-vapes","31":"product_cat-shisha-hookah-vapes","32":"product_cat-vape","33":"product_cat-vape-shop-by-puffs","35":"first","36":"outofstock","37":"shipping-taxable","38":"purchasable","39":"product-type-variable","40":"has-default-attributes"},"jetpack_sharing_enabled":true,"tiered_pricing_type":"fixed","tiered_pricing_fixed_rules":[],"tiered_pricing_product_settings":{"layout":"default","base_unit_name":{"singular":null,"plural":null},"default_variation":null},"tiered_pricing_minimum_quantity":null,"tiered_pricing_roles_data":[],"tiered_pricing_percentage_rules":[],"tiered_pricing_maximum_quantity":null,"tiered_pricing_quantity_step":null,"_links":{"self":[{"href":"https:\/\/vapexyz.com\/fi\/wp-json\/wp\/v2\/product\/60488","targetHints":{"allow":["GET"]}}],"collection":[{"href":"https:\/\/vapexyz.com\/fi\/wp-json\/wp\/v2\/product"}],"about":[{"href":"https:\/\/vapexyz.com\/fi\/wp-json\/wp\/v2\/types\/product"}],"replies":[{"embeddable":true,"href":"https:\/\/vapexyz.com\/fi\/wp-json\/wp\/v2\/comments?post=60488"}],"wp:featuredmedia":[{"embeddable":true,"href":"https:\/\/vapexyz.com\/fi\/wp-json\/wp\/v2\/media\/60591"}],"wp:attachment":[{"href":"https:\/\/vapexyz.com\/fi\/wp-json\/wp\/v2\/media?parent=60488"}],"wp:term":[{"taxonomy":"product_brand","embeddable":true,"href":"https:\/\/vapexyz.com\/fi\/wp-json\/wp\/v2\/product_brand?post=60488"},{"taxonomy":"product_cat","embeddable":true,"href":"https:\/\/vapexyz.com\/fi\/wp-json\/wp\/v2\/product_cat?post=60488"},{"taxonomy":"product_tag","embeddable":true,"href":"https:\/\/vapexyz.com\/fi\/wp-json\/wp\/v2\/product_tag?post=60488"}],"curies":[{"name":"wp","href":"https:\/\/api.w.org\/{rel}","templated":true}]}}