{"id":60021,"date":"2025-12-02T08:58:28","date_gmt":"2025-12-02T08:58:28","guid":{"rendered":"https:\/\/vapexyz.com\/?post_type=product&#038;p=60021"},"modified":"2026-03-05T03:54:48","modified_gmt":"2026-03-05T03:54:48","slug":"razz-bar-60k-60000-puffia-kristalli-vape-ladattava-tukkumyynti-irtotavarana-mesh-kaami-eurooppalainen-varasto","status":"publish","type":"product","link":"https:\/\/vapexyz.com\/fi\/product\/razz-bar-60k-60000-puffs-crystal-vape-rechargeable-wholesale-bulk-buy-mesh-coil-european-warehouse\/","title":{"rendered":"RAZZ BAR 60K 60000 Pahvia Crystal Vape Ladattava Irtotavarana Ostaa Mesh Coil Euroopan Varasto"},"content":{"rendered":"<article>\n<h2 style=\"font-size: 24px; color: #333; margin-bottom: 20px;\">\ud83c\udf08<a href=\"https:\/\/vapexyz.com\/fi\/tuotekategoria\/razz-bar-kertakayttoiset-hoyrystimet\/\"> RAZZ BAR<\/a> 60 000 kristallia H\u00e4vytett\u00e4v\u00e4t Vapes Tukkuopas<\/h2>\n<p>Hei hei! \ud83d\ude42 Tervetuloa super haaveelliseen oppaaseemme h\u00e4mm\u00e4stytt\u00e4vist\u00e4 RAZZ BAR 60k Crystal -kertak\u00e4ytt\u00f6isist\u00e4 vapeista! N\u00e4m\u00e4 ovat t\u00e4ydellisi\u00e4 kaikille, jotka rakastavat v\u00e4rikk\u00e4it\u00e4, helppok\u00e4ytt\u00f6isi\u00e4 kertak\u00e4ytt\u00f6isi\u00e4 vapeja, jotka kest\u00e4v\u00e4t super pitk\u00e4\u00e4n. Olemme VapeXYZ, sinun suosikkisi online- alusta Euroopassa kertak\u00e4ytt\u00f6isten vapejen tukkumyyntiin. Sukellataanpa sis\u00e4\u00e4n!<\/p>\n<h3 style=\"color: #6a5acd; border-left: 5px solid #9370DB; padding-left: 10px;\">\u2728 Mik\u00e4 tekee RAZZ BAR 60k Crystalista niin erityisen?<\/h3>\n<p>N\u00e4m\u00e4 h\u00e4vitett\u00e4v\u00e4t vape-kyn\u00e4t ovat kuin taianomainen karkkipurkki \ud83c\udf6c\u2014 kirkkaanv\u00e4risi\u00e4, kiilt\u00e4vi\u00e4 ja t\u00e4ynn\u00e4 yll\u00e4tyksi\u00e4! Ne on suunniteltu antamaan sinulle jopa 60 000 imua, mik\u00e4 tarkoittaa, ett\u00e4 ne pit\u00e4v\u00e4t sinut tyytyv\u00e4isen\u00e4 pitk\u00e4\u00e4n. Ladattavan akun ja mesh-kelan ansiosta jokainen imu on sile\u00e4 ja tasainen. Lis\u00e4ksi ne tulevat 16 eri vaihtoehtona, jotka saavat sinut kokemaan mahtavaa!<\/p>\n<h3 style=\"color: #ffa500; border-left: 5px solid #FFD700; padding-left: 10px;\">\u2b50\ufe0f RAZZ BAR 60k -kertak\u00e4ytt\u00f6isten h\u00f6yrystimien t\u00e4rkeimm\u00e4t ominaisuudet<\/h3>\n<ul style=\"list-style-type: none; padding: 0;\">\n<li style=\"margin-bottom: 8px;\">\u2705 <span style=\"color: #ff69b4;\">Pitk\u00e4ik\u00e4inen Viihde<\/span>: Jopa 60 000 puuskua! Se on kuin loputon juhla!<\/li>\n<li style=\"margin-bottom: 8px;\">\u2705 <span style=\"color: #ff69b4;\">Uudelleenladattava Virta<\/span>: 650mAh akku, jossa on Type-C lataus, joten voit ladata sen nopeasti.<\/li>\n<li style=\"margin-bottom: 8px;\">\u2705 <span style=\"color: #ff69b4;\">Sujuva Puhkeet<\/span>: Verkkokelojen ansiosta jokainen hengitys tuntuu pehme\u00e4lt\u00e4 ja tasaiselta.<\/li>\n<li style=\"margin-bottom: 8px;\">\u2705 <span style=\"color: #ff69b4;\">Bulkkiyst\u00e4v\u00e4llinen<\/span>Jokainen laatikko sis\u00e4lt\u00e4\u00e4 200 kappaletta, paino 25,2kg - t\u00e4ydellinen suurille tilauksille!<\/li>\n<li style=\"margin-bottom: 8px;\">\u2705 <span style=\"color: #ff69b4;\">16 Erist\u00e4ist\u00e4 Vaihtoehtoa<\/span>Hedelm\u00e4isest\u00e4 makeaan, kaikille on jotakin.<\/li>\n<\/ul>\n<h3 style=\"color: #32cd32; border-left: 5px solid #90EE90; padding-left: 10px;\">Erilaiset vaihtoehdot Lista (Kaikki 16 vaihtoehtoa!)<\/h3>\n<p>Tarkista n\u00e4m\u00e4 j\u00e4nnitt\u00e4v\u00e4t vaihtoehdot, jotka on listattu j\u00e4rjestyksess\u00e4. Jokainen niist\u00e4 on pieni onnenpurkaus!<\/p>\n<div style=\"background: #F0F8FF; padding: 15px; border-radius: 10px; border: 2px dashed #ADD8E6;\">\n<p>Mansikka Banaani<\/p>\n<p>Persikka J\u00e4\u00e4 \ud83c\udf51\u2744\ufe0f<\/p>\n<p>Coco Loco<\/p>\n<p>Mustikka Hapan Vadelma \ud83e\uded0\ud83c\udf47<\/p>\n<p>Puuvillanmakea<\/p>\n<p>Gummimedu \ud83e\uddf8\ud83c\udf6c<\/p>\n<p>Mustikka Vesimeloni \ud83e\uded0\ud83c\udf49<\/p>\n<p>Sitruuna, persikka, passiohedelm\u00e4 \ud83c\udf4b\ud83c\udf51\u2728<\/p>\n<p>Musta J\u00e4\u00e4lohik\u00e4\u00e4rmehedelm\u00e4 Mansikka \ud83d\udda4\u2744\ufe0f\ud83d\udc09\ud83c\udf53<\/p>\n<p>Sekoitettuja marjoja<\/p>\n<p>Rakkaus 66 \ud83d\udc9666<\/p>\n<p>Mansikka Kiivi \ud83c\udf53\ud83e\udd5d<\/p>\n<p>Trooppinen hedelm\u00e4 \ud83c\udf4d\ud83e\udd6d\ud83c\udf3a<\/p>\n<p>Mansikka-vanilja Coke<\/p>\n<p>Sitruuna Lime<\/p>\n<p>Kes\u00e4inen unelma<\/p>\n<\/div>\n<h3 style=\"color: #ff4500; border-left: 5px solid #FF6347; padding-left: 10px;\">\ud83d\udcca Nopea vertailutaulukko: RAZZ BAR 60k vs. muut<\/h3>\n<table style=\"width: 100%; border-collapse: collapse; background: #FFF5EE; border-radius: 10px; overflow: hidden;\">\n<tbody>\n<tr style=\"background: #FFB6C1;\">\n<th style=\"padding: 12px; text-align: left; border: 1px solid #FF69B4;\">Ominaisuus<\/th>\n<th style=\"padding: 12px; text-align: left; border: 1px solid #FF69B4;\">RAZZ BAR 60k<\/th>\n<th style=\"padding: 12px; text-align: left; border: 1px solid #FF69B4;\">Muut kertak\u00e4ytt\u00f6iset h\u00f6yryt<\/th>\n<\/tr>\n<tr style=\"background: #FFF0F5;\">\n<td style=\"padding: 12px; border: 1px solid #FFB6C1;\">Puffs yhteens\u00e4<\/td>\n<td style=\"padding: 12px; border: 1px solid #FFB6C1;\">Enint\u00e4\u00e4n 60 000<\/td>\n<td style=\"padding: 12px; border: 1px solid #FFB6C1;\">Yleens\u00e4 v\u00e4hemm\u00e4n, kuten 5 000-10 000<\/td>\n<\/tr>\n<tr style=\"background: #FFF0F5;\">\n<td style=\"padding: 12px; border: 1px solid #FFB6C1;\">Akku<\/td>\n<td style=\"padding: 12px; border: 1px solid #FFB6C1;\">650mAh, ladattava \ud83d\udd0b<\/td>\n<td style=\"padding: 12px; border: 1px solid #FFB6C1;\">Usein ei ladattavissa<\/td>\n<\/tr>\n<tr style=\"background: #FFF0F5;\">\n<td style=\"padding: 12px; border: 1px solid #FFB6C1;\">Vaihtoehdot saatavilla<\/td>\n<td style=\"padding: 12px; border: 1px solid #FFB6C1;\">16 erillist\u00e4 valintaa<\/td>\n<td style=\"padding: 12px; border: 1px solid #FFB6C1;\">V\u00e4hemm\u00e4n vaihtoehtoja, ehk\u00e4 5-10<\/td>\n<\/tr>\n<tr style=\"background: #FFF0F5;\">\n<td style=\"padding: 12px; border: 1px solid #FFB6C1;\">Irtotavarat<\/td>\n<td style=\"padding: 12px; border: 1px solid #FFB6C1;\">200 kpl laatikossa, ihanteellinen tukkumyyntiin \ud83d\udce6<\/td>\n<td style=\"padding: 12px; border: 1px solid #FFB6C1;\">Pienemm\u00e4t paketit<\/td>\n<\/tr>\n<\/tbody>\n<\/table>\n<h3 style=\"color: #8a2be2; border-left: 5px solid #DA70D6; padding-left: 10px;\">\u2753 Hauskan kysymyksi\u00e4 ja vastauksia RAZZ BAR 60k H\u00e4vytett\u00e4vist\u00e4 Vapeista<\/h3>\n<div style=\"background: #E6E6FA; padding: 15px; border-radius: 10px; border: 2px solid #DDA0DD;\">\n<p>K: Kuinka kauan yksi RAZZ BAR 60k kertak\u00e4ytt\u00f6inen vape kest\u00e4\u00e4?<br \/>\nA: Yll\u00e4 60 000 puuskulla se voi kest\u00e4\u00e4 viikkoja tai jopa kuukausia, riippuen siit\u00e4, kuinka paljon k\u00e4yt\u00e4t sit\u00e4! Se on kuin uskollinen yst\u00e4v\u00e4, joka ei koskaan j\u00e4t\u00e4 sinua yksin.<\/p>\n<p>V: Voinko ladata t\u00e4t\u00e4 kertak\u00e4ytt\u00f6ist\u00e4 h\u00f6yrystint\u00e4?<br \/>\nA: Kyll\u00e4! Siin\u00e4 on 650mAh akku ja se k\u00e4ytt\u00e4\u00e4 Type-C latausta, joten voit ladata sen nopeasti ja helposti. Ei huolta siit\u00e4, ett\u00e4 hauskuus loppuu!<\/p>\n<p>Onko valittavana paljon vaihtoehtoja?<br \/>\nA: Absoluuttisesti! On 16 j\u00e4nnitt\u00e4v\u00e4\u00e4 vaihtoehtoa, hedelm\u00e4isist\u00e4 seoksista makeisiin herkkuihin. Et koskaan kyll\u00e4sty!<\/p>\n<p>Mist\u00e4 voin ostaa n\u00e4it\u00e4 irtotavarana?<br \/>\nT\u00e4ss\u00e4 oikeastaan VapeXYZ:ll\u00e4! Olemme Euroopan johtava verkkokauppa-alueesi iritett\u00e4vien h\u00f6yrystimien tukkumyyntiin. Tilaa tilauksesi k\u00e4ym\u00e4ll\u00e4 vain verkkosivuillamme.<\/p>\n<\/div>\n<h3 style=\"color: #ff69b4; border-left: 5px solid #FF1493; padding-left: 10px;\">\ud83c\udf89 Miksi Ostaa Meilt\u00e4 <a href=\"https:\/\/vapexyz.com\/fi\/\">VapeXYZ<\/a>?<\/h3>\n<p>VapeXYZ:ss\u00e4 ostaminen on helppoa ja hauskaa! Tarjoamme loistavat hinnat irtotilauksille, nopean toimituksen kaikkialla Euroopassa ja eritt\u00e4in yst\u00e4v\u00e4llisen palvelun. Olitpa sitten aloittamassa yrityst\u00e4 tai vain rakastat jakaa n\u00e4it\u00e4 yst\u00e4vien kanssa, me olemme sinun tukenasi.  Vieraile verkkosivuillamme t\u00e4n\u00e4\u00e4n ja hanki RAZZ BAR 60k Crystal -kertak\u00e4ytt\u00f6iset h\u00f6yrystimet - levi\u00e4\u00e4 ilo yhdess\u00e4!<\/p>\n<p style=\"text-align: center; font-size: 1.2em; color: #ff6b88; margin-top: 20px;\">Kiitos lukemisesta, ja odotamme innostuneena auttavan sinua kertak\u00e4ytt\u00f6isten h\u00f6yrystimien tarpeissa!<\/p>\n<\/article>\n<p><strong><img loading=\"lazy\" decoding=\"async\" class=\"aligncenter wp-image-60064 size-large\" src=\"https:\/\/vapexyz.com\/wp-content\/uploads\/2025\/11\/RAZZ-BAR-60k-60000-Puffs-Crystal-Vape-Wholesale-Bulk-Buy-Orders-Mesh-Coil-1-777x1024.webp\" alt=\"RAZZ BAR 60k 60000 Puhutteita Kristalli Vape Tukku Irtaostot Verkkomateriaali K\u00e4\u00e4mi \" width=\"777\" height=\"1024\" title=\"\" srcset=\"https:\/\/vapexyz.com\/wp-content\/uploads\/2025\/11\/RAZZ-BAR-60k-60000-Puffs-Crystal-Vape-Wholesale-Bulk-Buy-Orders-Mesh-Coil-1-777x1024.webp 777w, https:\/\/vapexyz.com\/wp-content\/uploads\/2025\/11\/RAZZ-BAR-60k-60000-Puffs-Crystal-Vape-Wholesale-Bulk-Buy-Orders-Mesh-Coil-1-scaled-510x672.webp 510w, https:\/\/vapexyz.com\/wp-content\/uploads\/2025\/11\/RAZZ-BAR-60k-60000-Puffs-Crystal-Vape-Wholesale-Bulk-Buy-Orders-Mesh-Coil-1-379x500.webp 379w, https:\/\/vapexyz.com\/wp-content\/uploads\/2025\/11\/RAZZ-BAR-60k-60000-Puffs-Crystal-Vape-Wholesale-Bulk-Buy-Orders-Mesh-Coil-1-768x1012.webp 768w, https:\/\/vapexyz.com\/wp-content\/uploads\/2025\/11\/RAZZ-BAR-60k-60000-Puffs-Crystal-Vape-Wholesale-Bulk-Buy-Orders-Mesh-Coil-1-1165x1536.webp 1165w, https:\/\/vapexyz.com\/wp-content\/uploads\/2025\/11\/RAZZ-BAR-60k-60000-Puffs-Crystal-Vape-Wholesale-Bulk-Buy-Orders-Mesh-Coil-1-1554x2048.webp 1554w, https:\/\/vapexyz.com\/wp-content\/uploads\/2025\/11\/RAZZ-BAR-60k-60000-Puffs-Crystal-Vape-Wholesale-Bulk-Buy-Orders-Mesh-Coil-1-9x12.webp 9w, https:\/\/vapexyz.com\/wp-content\/uploads\/2025\/11\/RAZZ-BAR-60k-60000-Puffs-Crystal-Vape-Wholesale-Bulk-Buy-Orders-Mesh-Coil-1-scaled.webp 1942w\" sizes=\"auto, (max-width: 777px) 100vw, 777px\" \/><\/strong><\/p>","protected":false},"excerpt":{"rendered":"<p><span class=\"ng-star-inserted\">T\u00e4m\u00e4 v\u00e4rik\u00e4s ja hauska opas selitt\u00e4\u00e4, miksi RAZZ BAR 60k kertak\u00e4ytt\u00f6iset h\u00f6yrystimet, joilla on pitk\u00e4 k\u00e4ytt\u00f6ik\u00e4 ja monta\u00a0<\/span><span class=\"ng-star-inserted\">j\u00e4nnitt\u00e4v\u00e4<\/span><span class=\"ng-star-inserted\"> Vaihtoehdot ovat t\u00e4ydellisi\u00e4 tukkumyyntiin, kutsuen sinua ostamaan ne verkkosivuiltamme, VapeXYZ.<\/span><\/p>","protected":false},"featured_media":60063,"comment_status":"open","ping_status":"closed","template":"","meta":{"_lmt_disableupdate":"no","_lmt_disable":""},"product_brand":[],"product_cat":[1077,1072,947,935,934,927,929,928,930,933,939,932,938,931,936,937,1017,948,946,950,1016,951,953,954,987],"product_tag":[],"class_list":{"0":"post-60021","1":"product","2":"type-product","3":"status-publish","4":"has-post-thumbnail","6":"product_cat-razz-bar-disposable-vapes","7":"product_cat-60000-puff-vapes","8":"product_cat-big-puffs-vapes","9":"product_cat-bulk-buy-disposable-vapes-in-austria","10":"product_cat-bulk-buy-disposable-vapes-in-belgium","11":"product_cat-bulk-buy-disposable-vapes-in-europe","12":"product_cat-bulk-buy-disposable-vapes-in-france","13":"product_cat-bulk-buy-disposable-vapes-in-germany","14":"product_cat-bulk-buy-disposable-vapes-in-italy","15":"product_cat-bulk-buy-disposable-vapes-in-netherlands","16":"product_cat-bulk-buy-disposable-vapes-in-norway","17":"product_cat-bulk-buy-disposable-vapes-in-poland","18":"product_cat-bulk-buy-disposable-vapes-in-portugal","19":"product_cat-bulk-buy-disposable-vapes-in-spain","20":"product_cat-bulk-buy-disposable-vapes-in-sweden","21":"product_cat-bulk-buy-disposable-vapes-in-switzerland","22":"product_cat-buy-best-disposable-vape-flavors","23":"product_cat-crystal-vapes","24":"product_cat-disposable-vapes-series","25":"product_cat-dual-mesh-vapes","26":"product_cat-european-vape-warehouse","27":"product_cat-lower-nicotine-vapes","28":"product_cat-rechargeable-vapes","29":"product_cat-shisha-hookah-vapes","30":"product_cat-vape-shop-by-puffs","32":"first","33":"outofstock","34":"shipping-taxable","35":"purchasable","36":"product-type-variable","37":"has-default-attributes"},"jetpack_sharing_enabled":true,"tiered_pricing_type":"fixed","tiered_pricing_fixed_rules":[],"tiered_pricing_product_settings":{"layout":"default","base_unit_name":{"singular":null,"plural":null},"default_variation":null},"tiered_pricing_minimum_quantity":null,"tiered_pricing_roles_data":[],"tiered_pricing_percentage_rules":[],"tiered_pricing_maximum_quantity":null,"tiered_pricing_quantity_step":null,"_links":{"self":[{"href":"https:\/\/vapexyz.com\/fi\/wp-json\/wp\/v2\/product\/60021","targetHints":{"allow":["GET"]}}],"collection":[{"href":"https:\/\/vapexyz.com\/fi\/wp-json\/wp\/v2\/product"}],"about":[{"href":"https:\/\/vapexyz.com\/fi\/wp-json\/wp\/v2\/types\/product"}],"replies":[{"embeddable":true,"href":"https:\/\/vapexyz.com\/fi\/wp-json\/wp\/v2\/comments?post=60021"}],"wp:featuredmedia":[{"embeddable":true,"href":"https:\/\/vapexyz.com\/fi\/wp-json\/wp\/v2\/media\/60063"}],"wp:attachment":[{"href":"https:\/\/vapexyz.com\/fi\/wp-json\/wp\/v2\/media?parent=60021"}],"wp:term":[{"taxonomy":"product_brand","embeddable":true,"href":"https:\/\/vapexyz.com\/fi\/wp-json\/wp\/v2\/product_brand?post=60021"},{"taxonomy":"product_cat","embeddable":true,"href":"https:\/\/vapexyz.com\/fi\/wp-json\/wp\/v2\/product_cat?post=60021"},{"taxonomy":"product_tag","embeddable":true,"href":"https:\/\/vapexyz.com\/fi\/wp-json\/wp\/v2\/product_tag?post=60021"}],"curies":[{"name":"wp","href":"https:\/\/api.w.org\/{rel}","templated":true}]}}