{"id":58922,"date":"2025-11-07T03:34:13","date_gmt":"2025-11-07T03:34:13","guid":{"rendered":"https:\/\/vapexyz.com\/?post_type=product&#038;p=58922"},"modified":"2026-03-05T03:54:51","modified_gmt":"2026-03-05T03:54:51","slug":"fycos-4-in-1-100k-havytettava-vape-paras-tukkumyynti-100000-imuaukkoa-irtotavarana-alhainen-nikotiini","status":"publish","type":"product","link":"https:\/\/vapexyz.com\/fi\/product\/fycos-4-in-1-100k-disposable-vape-best-wholesale-100000-puffs-bulk-buy-low-nicotine\/","title":{"rendered":"FYCOS 4-IN-1 100K H\u00e4vytett\u00e4v\u00e4 Vape Tukku 100000 Pahlaa Irtomyynti"},"content":{"rendered":"<article style=\"font-family: 'Segoe UI', Roboto, Helvetica, Arial, sans-serif; max-width: 100%; margin: 0 auto; color: #334155; line-height: 1.8; font-size: 16px; padding: 20px; background-color: #ffffff;\">\n<h2 style=\"color: #0f172a; text-align: center; border-bottom: 3px solid #2563eb; padding-bottom: 15px; margin-bottom: 30px; font-size: 32px; font-weight: bold;\">Tekninen ja empiirinen analyysi: FYCOS 4-IN-1 100K Puffs kertak\u00e4ytt\u00f6iset h\u00f6yrystimet<\/h2>\n<div style=\"background-color: #f8fafc; border-left: 5px solid #2563eb; padding: 25px; margin-bottom: 35px; border-radius: 0 10px 10px 0; box-shadow: 0 4px 6px -1px rgba(0, 0, 0, 0.05);\">\n<h3 style=\"color: #1e293b; margin-top: 0; font-size: 22px;\">Yritysvallan ja jakelun huippuosaamista<\/h3>\n<p style=\"margin-bottom: 15px;\">Tervetuloa VapeXYZZ:\u00e4\u00e4n, johtavaan maailmanlaajuiseen tukkuliiketoimintasi alustaan, joka on omistautunut kokonaan huippuluokan kertak\u00e4ytt\u00f6isten h\u00f6yrystimien edist\u00e4miseen ja toimittamiseen. Yli kahdeksan vuoden ajan kansainv\u00e4lisill\u00e4 markkinoilla toimineena, yrityksemme on vakiinnuttanut asemansa arvostettuna B2B-kanavana huippuluokan h\u00f6yrystysteknologialle, jolla on tarkasti dokumentoitu toimintahistoria.<\/p>\n<p style=\"margin-bottom: 0;\">Toimimme ammattimaisena tukkukauppiaana, yll\u00e4pit\u00e4m\u00e4ll\u00e4 suoria suhteita vahvistettuihin tuotantolaitoksiin. T\u00e4m\u00e4 rakenteellinen etu mahdollistaa sen, ett\u00e4 voimme tarjota edistyneit\u00e4 kertak\u00e4ytt\u00f6isi\u00e4 h\u00f6yrykkej\u00e4 eritt\u00e4in kilpailukykyisill\u00e4 tukkukauppahinnoilla, jotka tukevat poikkeuksellisen saavutettavaa v\u00e4himm\u00e4istilausm\u00e4\u00e4r\u00e4\u00e4 (MOQ) vain 10 yksikk\u00f6\u00e4. Olitpa sitten laajan v\u00e4hitt\u00e4iskauppaketjun tai erikoistuneen itsen\u00e4isen putiikin johtaja, infrastruktuurimme varmistaa, ett\u00e4 sinulla on jatkuva p\u00e4\u00e4sy markkinoilla t\u00e4ll\u00e4 hetkell\u00e4 saatavilla oleviin suurimman kapasiteetin laitteisiin.<\/p>\n<\/div>\n<p style=\"font-size: 18px; color: #475569; margin-bottom: 25px;\">Kun teollisuus siirtyy kohti eritt\u00e4in suurikapasiteettista laitteistoa, tarvitaan kattava tekninen analyysi erottaakseen mainosmateriaalit todennettavasta suorituskyvyst\u00e4. FYCOS 4 IN 1 100K Puffs Disposable Vape edustaa merkitt\u00e4v\u00e4\u00e4 arkkitehtonista harppausta laite suunnittelussa. Integroimalla nelj\u00e4 erillist\u00e4 s\u00e4ili\u00f6t\u00e4 yhteen, yhten\u00e4iseen runkoon, t\u00e4m\u00e4 laite tarjoaa ennen kokemattoman k\u00e4ytt\u00f6i\u00e4n s\u00e4ilytt\u00e4en samalla tiukan sitoutumisen valmistuslaadun standardeihin.<\/p>\n<h3 style=\"color: #2563eb; font-size: 24px; margin-top: 40px; border-bottom: 1px solid #e2e8f0; padding-bottom: 10px;\">Insin\u00f6\u00f6ritaito &amp; Laitteiston tekniset tiedot<\/h3>\n<p style=\"margin-bottom: 15px;\">N\u00e4iden suurikapasiteettisten kertak\u00e4ytt\u00f6isten vapejen perusarkkitehtuuri on juurtunut edistyneeseen materiaalitieteeseen ja tarkkaan termodynamiikkaan. Toisin kuin vanhemmat laitteistot, jotka luottavat yksikammioj\u00e4rjestelmiin, FYCOS 4 IN 1 k\u00e4ytt\u00e4\u00e4 multipleksoitua sis\u00e4ist\u00e4 ryhm\u00e4\u00e4, joka on suljettu elintarvikek\u00e4ytt\u00f6\u00f6n soveltuvan, iskunkest\u00e4v\u00e4n polykarbonaatin (PC) ja PCTG:n ulkokuoreen. T\u00e4m\u00e4 materiaalivalinta varmistaa rakenteellisen eheyden ja absoluuttisen l\u00e4mp\u00f6stabiilisuuden jopa pitkien k\u00e4ytt\u00f6jaksojen aikana.<\/p>\n<ul style=\"background-color: #f1f5f9; padding: 25px 25px 25px 45px; border-radius: 10px; margin-bottom: 30px; list-style-type: square; color: #1e293b;\">\n<li style=\"margin-bottom: 12px;\">Micro-Mesh-termodynamiikka: Laite toimii edistyneen 1,2 ohmin mesh-l\u00e4mmitysmatriisin kautta. T\u00e4m\u00e4 mikro-kudottu seosrakenne lis\u00e4\u00e4 dramaattisesti sis\u00e4isen imeytymismatriisin kanssa kosketuksissa olevaa pinta-aluetta, est\u00e4en paikallista palamista ja takaamalla t\u00e4ydellisen tasaisen l\u00e4mp\u00f6siirron.<\/li>\n<li style=\"margin-bottom: 12px;\">Kehittynyt virransy\u00f6tt\u00f6: Sis\u00e4isesti sijoitettu on korkean tiheyden omaava, A-luokan 850mAh litium-ioni (Li-ion) -akku. Sis\u00e4inen akunhallintaj\u00e4rjestelm\u00e4 (BMS) sis\u00e4lt\u00e4\u00e4 ylilataus-, syv\u00e4purkaus- ja oikosulkusuojausprotokollat, jotka varmistavat laitteen s\u00e4hk\u00f6isen eheyden.<\/li>\n<li style=\"margin-bottom: 12px;\">Yleinen latausliit\u00e4nt\u00e4: Laite k\u00e4ytt\u00e4\u00e4 modernia Type-C latausporttia, joka toimii standardin 5V\/1A vakiovirta\/vakiovoltin (CC\/CV) tulolla, mahdollistaen nopean ja turvallisen energian t\u00e4ydent\u00e4misen ytimen kennon heikkenem\u00e4tt\u00e4.<\/li>\n<li style=\"margin-bottom: 12px;\">Digitaalinen telemetria: Integroitu \u00e4lyk\u00e4s LED-n\u00e4ytt\u00f6 tarjoaa reaaliaikaista, objektiivista tietoa j\u00e4ljell\u00e4 olevista akun varauksista ja formulaattiotasoista, mik\u00e4 poistaa kuluttajien arvaukset ja parantaa toiminnan avoimuutta.<\/li>\n<li style=\"margin-bottom: 0;\">Muuttuvan Vahvuuden Pitoisuudet: Monimuotoisten globaalien markkinoiden s\u00e4\u00e4ntelyjen ja kuluttajien mieltymyksien mukaiseksi j\u00e4rjestelm\u00e4 on suunniteltu tukemaan 0%, 2%, 3% ja 5% aktiivisten yhdisteiden formulaatioita.<\/li>\n<\/ul>\n<div style=\"background: linear-gradient(135deg, #eff6ff 0%, #e0e7ff 100%); border-left: 5px solid #4f46e5; padding: 25px; border-radius: 8px; margin: 35px 0; box-shadow: 0 4px 15px rgba(0,0,0,0.05);\">\n<h3 style=\"color: #1e293b; margin-top: 0; font-size: 22px; display: flex; align-items: center;\"><span style=\"background-color: #4f46e5; color: white; border-radius: 50%; width: 32px; height: 32px; display: inline-flex; justify-content: center; align-items: center; margin-right: 15px; font-size: 18px;\">i<\/span>Tiedon kohta: 4-in-1 Multipleksimekanismi<\/h3>\n<p style=\"color: #334155; margin-bottom: 0; line-height: 1.7;\">FYCOS-mallin m\u00e4\u00e4rittelev\u00e4 tekninen edistysaskel on sen mekaaninen multipleksausj\u00e4rjestelm\u00e4. Sen sijaan, ett\u00e4 laite sis\u00e4lt\u00e4isi yhden suuren sis\u00e4isen ontelon, se on suunniteltu nelj\u00e4ll\u00e4 erillisell\u00e4, ilmatiiviisti suljetulla s\u00e4ili\u00f6ll\u00e4. Tarkasti valmistettu py\u00f6riv\u00e4 valintamekanismi kohdistaa ilmavirran reitin ja s\u00e4hk\u00f6isten kontaktien pisteet k\u00e4ytt\u00e4j\u00e4n valitseman s\u00e4ili\u00f6n kanssa. T\u00e4m\u00e4 rakenteellinen erist\u00e4minen takaa t\u00e4ydellisen ristikk\u00e4isen kontaminaation puuttumisen erillisten kasviuutteiden v\u00e4lill\u00e4, mik\u00e4 varmistaa, ett\u00e4 aromiprofiili pysyy t\u00e4ysin muuttumattomana ensimm\u00e4isest\u00e4 aktivoinnista l\u00e4htien aina laitteen resurssien absoluuttiseen ehtymiseen asti.<\/p>\n<\/div>\n<h3 style=\"color: #2563eb; font-size: 24px; margin-top: 40px; border-bottom: 1px solid #e2e8f0; padding-bottom: 10px;\">Kokeellinen suorituskyky ja laboratoriotestaus<\/h3>\n<p style=\"margin-bottom: 15px;\">Luottamus suurikapasiteettisiin v\u00e4itteisiin on perustuttava empiirisiin tietoihin. N\u00e4iden h\u00e4vytett\u00e4vien vapejen poikkeuksellisen 100 000 k\u00e4ytt\u00f6kertojen luokituksen validoimiseksi tutkimus- ja kehitysvaiheessa noudatetaan tiukkoja laboratorioprotokollia. K\u00e4ytt\u00e4m\u00e4ll\u00e4 erikoistuneita, automatisoituja pneumaattisia imurointisimulaattorikoneita, laitteistoa testataan jatkuvasti rasitustilassa standardisoiduissa ilmakeh\u00e4olosuhteissa.<\/p>\n<p style=\"margin-bottom: 30px;\">Vertailustandardissa k\u00e4ytet\u00e4\u00e4n tarkkaa 1,5 sekunnin mittaista sis\u00e4\u00e4nhengitysmittaa. N\u00e4iden automaattisten kokeiden aikana l\u00e4mp\u00f6kuvausanturit valvovat mesh-ydint\u00e4 varmistaakseen, ett\u00e4 k\u00e4ytt\u00f6l\u00e4mp\u00f6tila pysyy tiukasti v\u00e4lill\u00e4 180 \u00b0C ja 220 \u00b0C. T\u00e4m\u00e4 empiirinen metodologia vahvistaa, ett\u00e4 sis\u00e4inen imeytysmatriisi pysyy riitt\u00e4v\u00e4sti kyll\u00e4stetty\u00e4n\u00e4 ja lopputulos tuottaa identtisen tilavuuspainon kuin alkuper\u00e4inen aktivointi, mik\u00e4 todentaa tehokkaasti valmistajan ilmoittamat kest\u00e4vyysmitat.<\/p>\n<h3 style=\"color: #2563eb; font-size: 24px; margin-top: 40px; border-bottom: 1px solid #e2e8f0; padding-bottom: 10px;\">Kattavat kasvitieteelliset ja aromaattiset kokoelmat<\/h3>\n<p style=\"margin-bottom: 20px;\">FYCOS 4 IN 1 -laitteisto on esikonfiguroitu asiantuntevasti muotoilluilla profiileilla. Nelj\u00e4n erillisen s\u00e4ili\u00f6n integrointi mahdollistaa eritt\u00e4in monimuotoiset aistikokemukset yhdess\u00e4 yksik\u00f6ss\u00e4. Alla on vahvistetut konfiguraatiot, jotka ovat saatavilla tukkumyyntiin:<\/p>\n<div style=\"background-color: #ffffff; border: 1px solid #cbd5e1; padding: 30px; border-radius: 12px; margin-bottom: 40px; box-shadow: 0 10px 25px -5px rgba(0, 0, 0, 0.05);\">\n<ol style=\"color: #334155; font-size: 16px; line-height: 2.2; margin: 0; padding-left: 20px;\">\n<li>Vesimelonj\u00e4\u00e4t\u00e4 \/ Banaanj\u00e4\u00e4t\u00e4 \/ Triple Mango \/ Mansikka Kiivi<\/li>\n<li>Mansikka J\u00e4\u00e4 \/ Mustikka Vadelma \/ Kirsikka Cola \/ Persikka Marja<\/li>\n<li>Ananasj\u00e4\u00e4 \/ Passionhedelm\u00e4 Mango \/ Mustikkaj\u00e4\u00e4 \/ Mansikka Mango<\/li>\n<li>Blackberry Ice \/ Black Dragon Ice \/ Triple Melon \/ Bluerazz Lemon<\/li>\n<li>Ryp\u00e4leen J\u00e4\u00e4 \/ Vaaleanpunaista Sitruunamehua \/ Kaksoisomena \/ Mansikka Banaani<\/li>\n<li>Mango j\u00e4\u00e4t\u00e4 \/ Persikka j\u00e4\u00e4t\u00e4 \/ Passion Fruit meloni \/ Mansikka Redbull<\/li>\n<li>Kirsikka J\u00e4\u00e4 \/ Kiivi Passionhedelm\u00e4 Guava \/ Mustaherukka \/ Vadelma Vesimeloni<\/li>\n<li>Herra Blue \/ Redbull J\u00e4\u00e4 \/ Persikka Mango \/ Mansikka Vesimeloni J\u00e4\u00e4<\/li>\n<li>Sitruuna Lime \/ Ryp\u00e4le Marja \/ Viile\u00e4 Minttu \/ Vadelma Vesimeloni<\/li>\n<li>Mustikka Hapan Vadelma \/ Cola J\u00e4\u00e4 \/ Persikka Mango Vesimeloni J\u00e4\u00e4 \/ Ananas Kookos<\/li>\n<\/ol>\n<\/div>\n<div style=\"text-align: center; margin: 40px 0;\"><img loading=\"lazy\" decoding=\"async\" class=\"alignnone wp-image-58977 size-full\" style=\"max-width: 100%; height: auto; border-radius: 10px; box-shadow: 0 4px 15px rgba(0,0,0,0.1);\" src=\"https:\/\/vapexyz.com\/wp-content\/uploads\/2025\/11\/FYCOS-4-IN-1-100K-Puffs-Disposable-Vape-Best-Wholesale-Bulk-Buy-Low-Nicotine-2.webp\" alt=\"FYCOS 4 IN 1 100K H\u00e4vytett\u00e4v\u00e4 Vape Paras Tukku 100000 Pahlaa Irtotavarana Ostaa\" width=\"1440\" height=\"300\" title=\"\" srcset=\"https:\/\/vapexyz.com\/wp-content\/uploads\/2025\/11\/FYCOS-4-IN-1-100K-Puffs-Disposable-Vape-Best-Wholesale-Bulk-Buy-Low-Nicotine-2.webp 1440w, https:\/\/vapexyz.com\/wp-content\/uploads\/2025\/11\/FYCOS-4-IN-1-100K-Puffs-Disposable-Vape-Best-Wholesale-Bulk-Buy-Low-Nicotine-2-510x106.webp 510w, https:\/\/vapexyz.com\/wp-content\/uploads\/2025\/11\/FYCOS-4-IN-1-100K-Puffs-Disposable-Vape-Best-Wholesale-Bulk-Buy-Low-Nicotine-2-500x104.webp 500w, https:\/\/vapexyz.com\/wp-content\/uploads\/2025\/11\/FYCOS-4-IN-1-100K-Puffs-Disposable-Vape-Best-Wholesale-Bulk-Buy-Low-Nicotine-2-1024x213.webp 1024w, https:\/\/vapexyz.com\/wp-content\/uploads\/2025\/11\/FYCOS-4-IN-1-100K-Puffs-Disposable-Vape-Best-Wholesale-Bulk-Buy-Low-Nicotine-2-768x160.webp 768w, https:\/\/vapexyz.com\/wp-content\/uploads\/2025\/11\/FYCOS-4-IN-1-100K-Puffs-Disposable-Vape-Best-Wholesale-Bulk-Buy-Low-Nicotine-2-18x4.webp 18w\" sizes=\"auto, (max-width: 1440px) 100vw, 1440px\" \/><\/div>\n<h3 style=\"color: #2563eb; font-size: 24px; margin-top: 40px; border-bottom: 1px solid #e2e8f0; padding-bottom: 10px;\">Valmistusviranomainen ja laadunmukaisuus<\/h3>\n<p style=\"margin-bottom: 15px;\">Toimimalla ensiluokkaisena B2B-myyntipartnerina VapeXYZ tekee yhteisty\u00f6t\u00e4 ainoastaan valmistajien kanssa, jotka osoittavat tiukkaa sitoutumista maailmanlaajuisiin s\u00e4\u00e4ntelystandardeihin. N\u00e4iden kertak\u00e4ytt\u00f6isten h\u00f6yrystimien lopullinen kokoonpano suoritetaan ISO 9001 -sertifioidussa, luokan 8 puhtausluokan ymp\u00e4rist\u00f6ss\u00e4. T\u00e4m\u00e4 standardi eliminoi ilmassa levi\u00e4v\u00e4n hiukkaskontaminaation herk\u00e4n formulaatio- ja t\u00e4ytt\u00f6prosessin aikana.<\/p>\n<p style=\"margin-bottom: 30px;\">Lis\u00e4ksi s\u00e4hk\u00f6iset ja materiaaliset komponentit kantavat todentavissa olevia CE- ja RoHS-sertifikaatteja. N\u00e4m\u00e4 yleisesti tunnustetut vaatimustenmukaisuuden merkinn\u00e4t takaavat, ett\u00e4 sis\u00e4inen piirist\u00f6, juotosliitokset ja polymeerikotelot ovat osoittautuneet vaarattomiksi raskasmetalleilta. Raskaasti s\u00e4\u00e4nnellyiss\u00e4 kansainv\u00e4lisiss\u00e4 markkinoissa toimiville tukkukauppiaille n\u00e4m\u00e4 arvovaltaiset sertifikaatit tarjoavat olennaista vastuunjakoa ja laatutakuuta.<\/p>\n<h3 style=\"color: #2563eb; font-size: 24px; margin-top: 40px; border-bottom: 1px solid #e2e8f0; padding-bottom: 10px;\">Vertailu Analyyttiset Mittarit<\/h3>\n<p style=\"margin-bottom: 20px;\">Havainnollistaaksemme objektiivisesti FYCOS 4 IN 1 -j\u00e4rjestelm\u00e4n arvolupautta, olemme koonneet suoran vertailuanalyysin standardiin kertak\u00e4ytt\u00f6iseen laitteistoon, jota t\u00e4ll\u00e4 hetkell\u00e4 k\u00e4ytet\u00e4\u00e4n tukkumarkkinoilla:<\/p>\n<div style=\"overflow-x: auto;\">\n<table style=\"width: 100%; border-collapse: collapse; margin: 20px 0; background-color: #ffffff; border-radius: 12px; overflow: hidden; box-shadow: 0 4px 20px rgba(0,0,0,0.08); font-size: 16px;\">\n<thead>\n<tr style=\"background-color: #1e293b; color: #ffffff;\">\n<th style=\"padding: 18px; text-align: left; font-weight: 600; border-bottom: 2px solid #334155;\">Tekninen Spesifikaatio<\/th>\n<th style=\"padding: 18px; text-align: left; font-weight: 600; border-bottom: 2px solid #334155;\">FYCOS 4-in-1-j\u00e4rjestelm\u00e4<\/th>\n<th style=\"padding: 18px; text-align: left; font-weight: 600; border-bottom: 2px solid #334155;\">Perinteiset kertak\u00e4ytt\u00f6iset laitteet<\/th>\n<\/tr>\n<\/thead>\n<tbody>\n<tr style=\"border-bottom: 1px solid #e2e8f0; transition: background-color 0.3s; background-color: #f8fafc;\">\n<td style=\"padding: 16px 18px; font-weight: 500; color: #475569;\">Empiirinen tuotantokapasiteetti<\/td>\n<td style=\"padding: 16px 18px; color: #0f172a;\">Yli 100 000 kokonaistuotosjaksoa<\/td>\n<td style=\"padding: 16px 18px; color: #64748b;\">Yleens\u00e4 rajoitettu 5 000\u201310 000 sykliin<\/td>\n<\/tr>\n<tr style=\"border-bottom: 1px solid #e2e8f0; background-color: #ffffff;\">\n<td style=\"padding: 16px 18px; font-weight: 500; color: #475569;\">S\u00e4ili\u00f6n multipleksaus<\/td>\n<td style=\"padding: 16px 18px; color: #0f172a;\">4 erillist\u00e4 kammioita py\u00f6riv\u00e4ll\u00e4 valinnalla<\/td>\n<td style=\"padding: 16px 18px; color: #64748b;\">Yksitt\u00e4inen monoliittinen kammio<\/td>\n<\/tr>\n<tr style=\"border-bottom: 1px solid #e2e8f0; background-color: #f8fafc;\">\n<td style=\"padding: 16px 18px; font-weight: 500; color: #475569;\">Virranhallintaj\u00e4rjestelm\u00e4<\/td>\n<td style=\"padding: 16px 18px; color: #0f172a;\">850mAh Ladattava Type-C IC -ohjaimella<\/td>\n<td style=\"padding: 16px 18px; color: #64748b;\">Usein ladattavat ensisijaiset solut<\/td>\n<\/tr>\n<tr style=\"background-color: #ffffff;\">\n<td style=\"padding: 16px 18px; font-weight: 500; color: #475569;\">Saatavilla olevat vahvuudet<\/td>\n<td style=\"padding: 16px 18px; color: #0f172a;\">0%, 2%, 3%, 5% pitoisuustekij\u00e4t<\/td>\n<td style=\"padding: 16px 18px; color: #64748b;\">Eritt\u00e4in rajalliset alueelliset vahvuudet<\/td>\n<\/tr>\n<\/tbody>\n<\/table>\n<\/div>\n<h3 style=\"color: #2563eb; font-size: 24px; margin-top: 50px; border-bottom: 1px solid #e2e8f0; padding-bottom: 10px;\">Usein kysytyt kysymykset (FAQ)<\/h3>\n<div style=\"background-color: #ffffff; border: 1px solid #e2e8f0; padding: 25px; border-radius: 12px; margin-bottom: 40px; box-shadow: 0 4px 6px -1px rgba(0,0,0,0.05);\">\n<div style=\"margin-bottom: 25px; border-bottom: 1px dashed #cbd5e1; padding-bottom: 20px;\">\n<h4 style=\"color: #0f172a; margin: 0 0 10px 0; font-size: 18px;\">M: Mitk\u00e4 erityiset empiiriset tiedot vahvistavat t\u00e4m\u00e4n yksik\u00f6n 100 000 k\u00e4ytt\u00f6jakson k\u00e4ytt\u00f6i\u00e4n?<\/h4>\n<p style=\"color: #475569; margin: 0;\">A: Poikkeuksellisen k\u00e4ytt\u00f6i\u00e4n mittaus tapahtuu objektiivisesti automaattisella pneumaattisella simulaattorilla ISO-sertifioiduissa laboratorioissa. Jakamalla kokonaistilavuus nelj\u00e4\u00e4n erilliseen s\u00e4ili\u00f6\u00f6n ja k\u00e4ytt\u00e4m\u00e4ll\u00e4 standardisoituja 1,5 sekunnin hengitysparemetrej\u00e4, laitteisto yll\u00e4pit\u00e4\u00e4 l\u00e4ht\u00f6integriteetti\u00e4 luotettavasti, kunnes 100 000 syklin kynnysarvo saavutetaan.<\/p>\n<\/div>\n<div style=\"margin-bottom: 25px; border-bottom: 1px dashed #cbd5e1; padding-bottom: 20px;\">\n<h4 style=\"color: #0f172a; margin: 0 0 10px 0; font-size: 18px;\">Miten sis\u00e4inen virranhallintaj\u00e4rjestelm\u00e4 k\u00e4sittelee latauksen?<\/h4>\n<p style=\"color: #475569; margin: 0;\">Laite sis\u00e4lt\u00e4\u00e4 \u00e4lykk\u00e4\u00e4n akunhallintaj\u00e4rjestelm\u00e4n (BMS), joka on kytketty Type-C-liit\u00e4nt\u00e4\u00e4n. Se k\u00e4sittelee 5V\/1A s\u00e4hk\u00f6ist\u00e4 sy\u00f6tt\u00f6\u00e4 k\u00e4ytt\u00e4en jatkuvaa virta\/jatkuvaa j\u00e4nnite-algoritmia. T\u00e4m\u00e4 est\u00e4\u00e4 l\u00e4mp\u00f6juoksun ja varmistaa, ett\u00e4 850mAh-kenno voidaan ladata turvallisesti koko laitteen k\u00e4ytt\u00f6i\u00e4n ajan.<\/p>\n<\/div>\n<div style=\"margin-bottom: 25px; border-bottom: 1px dashed #cbd5e1; padding-bottom: 20px;\">\n<h4 style=\"color: #0f172a; margin: 0 0 10px 0; font-size: 18px;\">K: Miten mekaaninen 4-in-1 py\u00f6r\u00f6j\u00e4rjestelm\u00e4 toimii?<\/h4>\n<p style=\"color: #475569; margin: 0;\">A: Laite k\u00e4ytt\u00e4\u00e4 tarkkuusjyrsitty\u00e4 mekaanista valitsinta rungon rajapinnassa. T\u00e4m\u00e4n valitsimen k\u00e4\u00e4nt\u00e4minen kohdistaa fyysisesti uudelleen sis\u00e4iset pneumaattiset kanavat ja s\u00e4hk\u00f6kontaktit, mahdollistaen saumattomat, kysynt\u00e4l\u00e4ht\u00f6iset siirtym\u00e4t nelj\u00e4n erillisen kasviuutteiden s\u00e4ili\u00f6n v\u00e4lill\u00e4 ilman sis\u00e4ist\u00e4 ristikk\u00e4ist\u00e4 kontaminaatiota.<\/p>\n<\/div>\n<div style=\"margin-bottom: 25px; border-bottom: 1px dashed #cbd5e1; padding-bottom: 20px;\">\n<h4 style=\"color: #0f172a; margin: 0 0 10px 0; font-size: 18px;\">Onko saatavilla erilaisia yhdistelm\u00e4pitoisuuksia eri s\u00e4\u00e4ntely-markkinoille?<\/h4>\n<p style=\"color: #475569; margin: 0;\">A: Absoluuttisesti. S\u00e4\u00e4ntelyvaatimusten ja kuluttajien valinnan tarpeen tunnustaen t\u00e4m\u00e4 laite valmistetaan eritt\u00e4in tarkoilla pitoisuusvaihtoehdoilla. Tukkuostajat voivat valita 0%, 2%, 3% tai 5% vahvuusformuloinneista, mik\u00e4 mahdollistaa eritt\u00e4in kohdistetun v\u00e4hitt\u00e4iskaupan jakelun.<\/p>\n<\/div>\n<div style=\"margin-bottom: 0;\">\n<h4 style=\"color: #0f172a; margin: 0 0 10px 0; font-size: 18px;\">Mit\u00e4 ovat VapeXYZ:n kautta saatavien h\u00e4vytett\u00e4vien h\u00f6yrystimien logistiset parametrit?<\/h4>\n<p style=\"color: #475569; margin: 0;\">VapeXYZ on optimoitu maailmanlaajuisille B2B- tukkumarkkinoille, ja erityinen painopiste on Euroopan sektorilla. M\u00e4\u00e4rittelemme eritt\u00e4in joustavan v\u00e4himm\u00e4istilausm\u00e4\u00e4r\u00e4n (MOQ) vain 10 kappaletta, mik\u00e4 mahdollistaa saumattoman varaston skaalauksen sek\u00e4 boutique-myym\u00e4l\u00f6ille ett\u00e4 suurille yritysjakelijoille.<\/p>\n<\/div>\n<\/div>\n<h3 style=\"color: #2563eb; font-size: 24px; margin-top: 40px; border-bottom: 1px solid #e2e8f0; padding-bottom: 10px;\">Optimoi tukkuliikkesi varasto t\u00e4n\u00e4\u00e4n<\/h3>\n<p style=\"margin-bottom: 25px;\">Kun kuluttajamarkkinat siirtyv\u00e4t aggressiivisesti kohti eritt\u00e4in tehokkaita, monivarastoisia laitteita, teknologisesti relevantin varaston yll\u00e4pit\u00e4minen on ratkaisevan t\u00e4rke\u00e4\u00e4. FYCOS 4 IN 1 100K tarjoaa vertaansa vailla olevan arkkitehtonisen kest\u00e4vyyden, vahvistetun materiaalin turvallisuuden ja ennen kokemattoman kuluttajayst\u00e4v\u00e4llisyyden. Siirry suoraan VapeXYZ- tukkukauppaan turvataksesi irtotavarakaupan. Robusti toimitusketjun logistiikkamme takaavat nopeutetun kuljetuksen ja horjumattoman varastotuen kaikille kaupallisille kumppaneillemme.<\/p>\n<p style=\"margin-bottom: 40px; font-weight: bold; color: #0f172a;\">Kiitos, ett\u00e4 luotat VapeXYZ:\u00e4\u00e4n - sinun luotettavalle l\u00e4hteellesi tarkkuusinsin\u00f6\u00f6rillisesti valmistettujen kertak\u00e4ytt\u00f6isten h\u00f6yrystimien suhteen.<\/p>\n<div style=\"text-align: center; margin-top: 40px;\"><img loading=\"lazy\" decoding=\"async\" class=\"alignnone wp-image-59059 size-full\" style=\"max-width: 100%; height: auto; border-radius: 10px; box-shadow: 0 4px 15px rgba(0,0,0,0.1);\" src=\"https:\/\/vapexyz.com\/wp-content\/uploads\/2025\/11\/FYCOS-4-IN-1-100K-Disposable-Vape-100000-Puffs-0\u20135-Nicotine-Pure-Wholesale-Bulk-Buy-2.webp\" alt=\"FYCOS 4 IN 1 100K H\u00e4vytett\u00e4v\u00e4 Vape Paras Tukku 100000 Pahlaa Irtotavarana Ostaa\" width=\"1280\" height=\"1280\" title=\"\" srcset=\"https:\/\/vapexyz.com\/wp-content\/uploads\/2025\/11\/FYCOS-4-IN-1-100K-Disposable-Vape-100000-Puffs-0\u20135-Nicotine-Pure-Wholesale-Bulk-Buy-2.webp 1280w, https:\/\/vapexyz.com\/wp-content\/uploads\/2025\/11\/FYCOS-4-IN-1-100K-Disposable-Vape-100000-Puffs-0\u20135-Nicotine-Pure-Wholesale-Bulk-Buy-2-500x500.webp 500w, https:\/\/vapexyz.com\/wp-content\/uploads\/2025\/11\/FYCOS-4-IN-1-100K-Disposable-Vape-100000-Puffs-0\u20135-Nicotine-Pure-Wholesale-Bulk-Buy-2-1024x1024.webp 1024w, https:\/\/vapexyz.com\/wp-content\/uploads\/2025\/11\/FYCOS-4-IN-1-100K-Disposable-Vape-100000-Puffs-0\u20135-Nicotine-Pure-Wholesale-Bulk-Buy-2-300x300.webp 300w, https:\/\/vapexyz.com\/wp-content\/uploads\/2025\/11\/FYCOS-4-IN-1-100K-Disposable-Vape-100000-Puffs-0\u20135-Nicotine-Pure-Wholesale-Bulk-Buy-2-768x768.webp 768w, https:\/\/vapexyz.com\/wp-content\/uploads\/2025\/11\/FYCOS-4-IN-1-100K-Disposable-Vape-100000-Puffs-0\u20135-Nicotine-Pure-Wholesale-Bulk-Buy-2-12x12.webp 12w, https:\/\/vapexyz.com\/wp-content\/uploads\/2025\/11\/FYCOS-4-IN-1-100K-Disposable-Vape-100000-Puffs-0\u20135-Nicotine-Pure-Wholesale-Bulk-Buy-2-247x247.webp 247w, https:\/\/vapexyz.com\/wp-content\/uploads\/2025\/11\/FYCOS-4-IN-1-100K-Disposable-Vape-100000-Puffs-0\u20135-Nicotine-Pure-Wholesale-Bulk-Buy-2-510x510.webp 510w, https:\/\/vapexyz.com\/wp-content\/uploads\/2025\/11\/FYCOS-4-IN-1-100K-Disposable-Vape-100000-Puffs-0\u20135-Nicotine-Pure-Wholesale-Bulk-Buy-2-100x100.webp 100w\" sizes=\"auto, (max-width: 1280px) 100vw, 1280px\" \/><\/div>\n<\/article>","protected":false},"excerpt":{"rendered":"<p>FYCOS 4 IN 1 100K -kertak\u00e4ytt\u00f6inen h\u00f6yrystin tarjoaa 100 000 imua nelj\u00e4ll\u00e4 maulla yhdess\u00e4 laitteessa, saatavilla tukkumyyntiin VapeXYZ:st\u00e4.<\/p>","protected":false},"featured_media":58967,"comment_status":"open","ping_status":"closed","template":"","meta":{"_lmt_disableupdate":"no","_lmt_disable":""},"product_brand":[],"product_cat":[1089,1056,947,935,934,927,929,928,930,933,939,932,938,931,936,937,1017,949,946,950,951,953,987],"product_tag":[],"class_list":{"0":"post-58922","1":"product","2":"type-product","3":"status-publish","4":"has-post-thumbnail","6":"product_cat-fycos-disposable-vapes","7":"product_cat-100000-puff-vapes","8":"product_cat-big-puffs-vapes","9":"product_cat-bulk-buy-disposable-vapes-in-austria","10":"product_cat-bulk-buy-disposable-vapes-in-belgium","11":"product_cat-bulk-buy-disposable-vapes-in-europe","12":"product_cat-bulk-buy-disposable-vapes-in-france","13":"product_cat-bulk-buy-disposable-vapes-in-germany","14":"product_cat-bulk-buy-disposable-vapes-in-italy","15":"product_cat-bulk-buy-disposable-vapes-in-netherlands","16":"product_cat-bulk-buy-disposable-vapes-in-norway","17":"product_cat-bulk-buy-disposable-vapes-in-poland","18":"product_cat-bulk-buy-disposable-vapes-in-portugal","19":"product_cat-bulk-buy-disposable-vapes-in-spain","20":"product_cat-bulk-buy-disposable-vapes-in-sweden","21":"product_cat-bulk-buy-disposable-vapes-in-switzerland","22":"product_cat-buy-best-disposable-vape-flavors","23":"product_cat-digital-box-vapes","24":"product_cat-disposable-vapes-series","25":"product_cat-dual-mesh-vapes","26":"product_cat-lower-nicotine-vapes","27":"product_cat-rechargeable-vapes","28":"product_cat-vape-shop-by-puffs","30":"first","31":"outofstock","32":"shipping-taxable","33":"purchasable","34":"product-type-variable","35":"has-default-attributes"},"jetpack_sharing_enabled":true,"tiered_pricing_type":"fixed","tiered_pricing_fixed_rules":[],"tiered_pricing_product_settings":{"layout":"default","base_unit_name":{"singular":null,"plural":null},"default_variation":null},"tiered_pricing_minimum_quantity":null,"tiered_pricing_roles_data":[],"tiered_pricing_percentage_rules":[],"tiered_pricing_maximum_quantity":null,"tiered_pricing_quantity_step":null,"_links":{"self":[{"href":"https:\/\/vapexyz.com\/fi\/wp-json\/wp\/v2\/product\/58922","targetHints":{"allow":["GET"]}}],"collection":[{"href":"https:\/\/vapexyz.com\/fi\/wp-json\/wp\/v2\/product"}],"about":[{"href":"https:\/\/vapexyz.com\/fi\/wp-json\/wp\/v2\/types\/product"}],"replies":[{"embeddable":true,"href":"https:\/\/vapexyz.com\/fi\/wp-json\/wp\/v2\/comments?post=58922"}],"wp:featuredmedia":[{"embeddable":true,"href":"https:\/\/vapexyz.com\/fi\/wp-json\/wp\/v2\/media\/58967"}],"wp:attachment":[{"href":"https:\/\/vapexyz.com\/fi\/wp-json\/wp\/v2\/media?parent=58922"}],"wp:term":[{"taxonomy":"product_brand","embeddable":true,"href":"https:\/\/vapexyz.com\/fi\/wp-json\/wp\/v2\/product_brand?post=58922"},{"taxonomy":"product_cat","embeddable":true,"href":"https:\/\/vapexyz.com\/fi\/wp-json\/wp\/v2\/product_cat?post=58922"},{"taxonomy":"product_tag","embeddable":true,"href":"https:\/\/vapexyz.com\/fi\/wp-json\/wp\/v2\/product_tag?post=58922"}],"curies":[{"name":"wp","href":"https:\/\/api.w.org\/{rel}","templated":true}]}}