{"id":58373,"date":"2025-10-30T03:34:15","date_gmt":"2025-10-30T03:34:15","guid":{"rendered":"https:\/\/vapexyz.com\/?post_type=product&#038;p=58373"},"modified":"2026-03-05T03:54:51","modified_gmt":"2026-03-05T03:54:51","slug":"fycos-soittaja-50k-50000-savun-kertakayttoinen-vape-edullinen-tukkumyynti-led-naytto-kaksinkertainen-mesh-kaami","status":"publish","type":"product","link":"https:\/\/vapexyz.com\/fi\/product\/fycos-player-50k-50000-puffs-disposable-vapes-affordable-wholesale-supply-led-display-dual-mesh-coil\/","title":{"rendered":"FYCOS Player 50K 50000 Pahvapuuska H\u00e4vytett\u00e4v\u00e4t Vapeja Tukku LED N\u00e4ytt\u00f6 Kaksinkertainen Mesh K\u00e4\u00e4mi"},"content":{"rendered":"<article style=\"font-family: 'Segoe UI', Roboto, Helvetica, Arial, sans-serif; max-width: 100%; margin: 0 auto; color: #2c3e50; line-height: 1.8; padding: 20px; background-color: #ffffff; border-radius: 12px; box-shadow: 0 4px 15px rgba(0,0,0,0.05);\">\n<h2 style=\"color: #2980b9; text-align: center; border-bottom: 3px solid #ecf0f1; padding-bottom: 15px; font-size: 2em; letter-spacing: 0.5px; text-transform: uppercase;\">Insin\u00f6\u00f6ritaiturin Ihanteellisuus: Tutustu <a style=\"color: #e74c3c; text-decoration: none;\" href=\"https:\/\/vapexyz.com\/fi\/tuotekategoria\/fycos-havytettavat-hoyrystimet\/\">FYCOS<\/a> 4-in-1 100 000 Puffia H\u00e4vytett\u00e4v\u00e4 Vape<\/h2>\n<p style=\"font-size: 1.1em; margin-bottom: 20px;\">Henkil\u00f6kohtaisten h\u00f6yrystyslaitteiden maisema kehittyy jatkuvasti, mit\u00e4 ajaa kuluttajien kysynt\u00e4 suurempaa kapasiteettia, parempaa luotettavuutta ja tinkim\u00e4t\u00f6nt\u00e4 laatua kohtaan. Esittelyss\u00e4 FYCOS 4 IN 1 100K Puffs, arkkitehtoninen ihme maailmassa, jossa k\u00e4ytet\u00e4\u00e4n kertak\u00e4ytt\u00f6isi\u00e4 h\u00f6yrystimi\u00e4. Sen sijaan, ett\u00e4 luottaisi tavallisiin, yksitt\u00e4isiin s\u00e4ili\u00f6ihin, t\u00e4m\u00e4 laite esittelee kvadranttipohjaisen modulaarisen suunnittelun. Se integroi olennaisilta osiltaan nelj\u00e4 erillist\u00e4, suurikapasiteettista j\u00e4rjestelm\u00e4\u00e4 yhteen ergonomiseen, yhten\u00e4iseen runkoon. Olitpa sitten etsim\u00e4ss\u00e4 luotettavaa p\u00e4ivitt\u00e4ist\u00e4 laitetta tai hankkimassa premium-tuotteita v\u00e4hitt\u00e4iskauppaverkkoosi, t\u00e4m\u00e4n laitteiston teknisten spesifikaatioiden ja empiiristen suorituskykytietojen ymm\u00e4rt\u00e4minen on v\u00e4ltt\u00e4m\u00e4t\u00f6nt\u00e4.<\/p>\n<p style=\"font-size: 1.1em; margin-bottom: 20px;\">Johtavana tukkukauppiaana VapeXYZ ymm\u00e4rt\u00e4\u00e4, ett\u00e4 markkinoiden menestys vaatii enemm\u00e4n kuin vain korkeat savun puuska m\u00e4\u00e4r\u00e4t. Se vaatii laitteiston, jota tukevat tiukat valmistusstandardit, todennettavat laboratoriotestit ja vankat turvallisuusp\u00f6yt\u00e4kirjat. FYCOS-yksikk\u00f6 edustaa merkitt\u00e4v\u00e4\u00e4 harppausta eteenp\u00e4in, asettaen uudet vertailuarvot pitk\u00e4ik\u00e4isyydelle ja johdonmukaisuudelle h\u00f6yrykseen.<\/p>\n<h3 style=\"color: #34495e; margin-top: 30px; border-left: 5px solid #2980b9; padding-left: 15px; font-size: 1.5em;\">Tekniset tiedot ja suunnitteluinnovaatiot<\/h3>\n<p>FYCOS:n merkitt\u00e4v\u00e4 pitk\u00e4ik\u00e4isyys ei ole pelkk\u00e4 v\u00e4ite; se on seurausta t\u00e4sm\u00e4llisest\u00e4 sis\u00e4isest\u00e4 suunnittelusta. Jopa 100 000 aktivoinnin kokonaistavoitteen saavuttamiseksi valmistaja on ottanut k\u00e4ytt\u00f6\u00f6n useita kriittisi\u00e4 teknisi\u00e4 edistysaskeleita, jotka erottavat sen tavallisista markkinatarjouksista.<\/p>\n<div style=\"background-color: #f8f9fa; padding: 25px; border-radius: 10px; border: 1px solid #e9ecef; margin-bottom: 25px;\">\n<ul style=\"list-style-type: none; padding-left: 0;\">\n<li style=\"margin-bottom: 15px;\">Keavansoitettu Mesh L\u00e4mmitysmatriisi : Perinteiset kierrejohdot k\u00e4rsiv\u00e4t usein ep\u00e4tasaisesta l\u00e4mm\u00f6n jakautumisesta, mik\u00e4 johtaa h\u00f6yryliuoksen nopeaan heikkenemiseen. FYCOS k\u00e4ytt\u00e4\u00e4 laajennettua pinta-alan mesh-elementti\u00e4. T\u00e4m\u00e4 mikro-kudottu rakennesuunnitelma varmistaa nopean, tasaisen l\u00e4mp\u00f6suorituksen, yll\u00e4pit\u00e4\u00e4 yhdisteiden huippurakenteellisen eheyden ja tarjoaa t\u00e4ydellisen tasaisen savun ensimm\u00e4isest\u00e4 aktivoinnista viimeiseen.<\/li>\n<li style=\"margin-bottom: 15px;\">Quadrant Reservoir -arkkitehtuuri (4-in-1): 100 000 puuskauksen kapasiteetti saavutetaan empiirisesti jakamalla sis\u00e4inen kuorma nelj\u00e4\u00e4n erilliseen, 25 000 puuskauksen kammioon. K\u00e4ytt\u00e4j\u00e4t voivat saumattomasti vaihtaa nelj\u00e4n eri kasvitieteellisen makuprofiilin v\u00e4lill\u00e4 tarkkuusinsin\u00f6\u00f6rin mekaanisen kytkimen kautta, est\u00e4en aromiprofiilien ristikk\u00e4isen kontaminaation ja maksimoiden laitteen k\u00e4ytt\u00f6i\u00e4n.<\/li>\n<li style=\"margin-bottom: 15px;\">Optimoitu virransy\u00f6tt\u00f6 (Type-C-integraatio): Laite k\u00e4ytt\u00e4\u00e4 suurtiheist\u00e4, ladattavaa litium-ioni-akkua (yleens\u00e4 600mAh - 850mAh), ja siin\u00e4 on integroidut ylilataus- ja oikosulkusuojauspiirit. Type-C-portin sis\u00e4llytt\u00e4minen takaa nopean virran palauttamisen, minimoi seisokkiajan ja varmistaa, ett\u00e4 akku kest\u00e4\u00e4 pidemp\u00e4\u00e4n kuin sis\u00e4iset liuoss\u00e4ili\u00f6t.<\/li>\n<li style=\"margin-bottom: 15px;\">Reaaliaikainen telemetrian\u00e4ytt\u00f6: \u00c4lyk\u00e4s LED\/OLED-liit\u00e4nt\u00e4 tarjoaa elint\u00e4rke\u00e4\u00e4 k\u00e4ytt\u00f6tietoa. Sis\u00e4\u00e4nrakennettuja mikrokontrolleja hy\u00f6dynt\u00e4m\u00e4ll\u00e4 laite laskee ja n\u00e4yt\u00e4\u00e4 tarkasti j\u00e4ljell\u00e4 olevan akun j\u00e4nnitteen ja s\u00e4ili\u00f6n kapasiteetin tilan, mik\u00e4 poistaa k\u00e4ytt\u00e4j\u00e4n arvaukset ja est\u00e4\u00e4 kuivapoltto-skenaariot.<\/li>\n<li style=\"margin-bottom: 0;\">Vaihtuvan vahvuuden formulaatiot:  Monimuotoisten kuluttajien mieltymysten ja alueellisten vaatimustenmukaisuustandardien huomioon ottamiseksi formulaatio on saatavana tiukasti mitattuina vahvuuksina: 0%, 2%, 3% ja 5%. T\u00e4m\u00e4 tarkka kalibrointi varmistaa k\u00e4ytt\u00e4j\u00e4n tarpeisiin r\u00e4\u00e4t\u00e4l\u00f6idyn aktiivisen yhdisteen johdonmukaisen toimittamisen.<\/li>\n<\/ul>\n<\/div>\n<h3 style=\"color: #34495e; margin-top: 30px; border-left: 5px solid #2980b9; padding-left: 15px; font-size: 1.5em;\">Empiirinen testaus ja laadun varmistus<\/h3>\n<p>Toisinaan usein ep\u00e4varmojen promootio v\u00e4itteiden pilvitt\u00e4m\u00e4ss\u00e4 teollisuudessa FYCOS erottuu itsens\u00e4 tarkoin dokumentoiduista ja j\u00e4rjestelm\u00e4llisist\u00e4 testauksen menetelmist\u00e4. 100 000 puuska ilmoitettu kapasiteetti on per\u00e4isin automaattisesta hengityssimulaattorista, joka toimii tiukoissa laboratoriolosuhteissa.<\/p>\n<div style=\"background-color: #eafaf1; border-left: 6px solid #2ecc71; padding: 20px; margin-bottom: 30px; border-radius: 4px;\">\n<h4 style=\"margin-top: 0; color: #27ae60; font-size: 1.2em;\">Laboratorioiden vahvistusstandardit<\/h4>\n<p style=\"margin-bottom: 10px;\">Imupuhallusten lukum\u00e4\u00e4r\u00e4n vahvistus: K\u00e4ytett\u00e4ess\u00e4 alan standardien mukaisia pneumaattisia testilaitteita, laitteistoa testataan standardisoitujen imuv\u00e4lien avulla (yleens\u00e4 1,5 - 2,0 sekuntia aktivoimista kohti). N\u00e4m\u00e4 kontrolloidut olosuhteet varmistavat sek\u00e4 akun kennon ett\u00e4 sis\u00e4isen h\u00f6yryliuoksen rajojen kest\u00e4vyyden kaikissa nelj\u00e4ss\u00e4 s\u00e4ili\u00f6ss\u00e4.<\/p>\n<p style=\"margin-bottom: 10px;\">L\u00e4mp\u00f6jakson testaus: Verkkol\u00e4mmitinosa k\u00e4y l\u00e4pi jatkuvia l\u00e4mp\u00f6rasitustestej\u00e4 sen varmistamiseksi, ettei se v\u00e4\u00e4nny, huonone tai vapauta raskasmetalleja h\u00f6yrykiertoon sen pitk\u00e4n k\u00e4ytt\u00f6i\u00e4n aikana.<\/p>\n<p style=\"margin-bottom: 0;\">Vuotoa Vastaava Suunnittelu: Ulompi runko, joka on valmistettu elintarvikek\u00e4ytt\u00f6\u00f6n soveltuvasta polykarbonaatista (PCTG), altistetaan paine- ja pudotustesteille sen varmistamiseksi, ett\u00e4 sis\u00e4iset tiivisteet s\u00e4ilytt\u00e4v\u00e4t eheytens\u00e4 tavallisen kuljetuksen ja p\u00e4ivitt\u00e4isen k\u00e4yt\u00f6n aikana.<\/p>\n<\/div>\n<h3 style=\"color: #34495e; margin-top: 30px; border-left: 5px solid #2980b9; padding-left: 15px; font-size: 1.5em;\">K\u00e4sitteelliset Aromaattiset Profiilit<\/h3>\n<p>Ylimm\u00e4n luokan laitteisto vaatii yht\u00e4 vaikuttavia formulaatioita. FYCOSissa on 10 huolellisesti tasapainotettua, monipuolista makuprofiiliyhdistelm\u00e4\u00e4. Jokainen laite sis\u00e4lt\u00e4\u00e4 nelj\u00e4 erillist\u00e4 kasviuutetta, jotka on taidokkaasti sekoitettu maksimaalisen selkeyden ja hajuaistikokemuksen saavuttamiseksi. N\u00e4m\u00e4 yhdistelm\u00e4t hy\u00f6dynt\u00e4v\u00e4t korkean puhtauden omaavia elintarvikelaatuisia aromiyhdisteit\u00e4 tarjotakseen virkist\u00e4v\u00e4n, aidon aistikokemuksen.<\/p>\n<div style=\"display: grid; grid-template-columns: repeat(auto-fit, minmax(350px, 1fr)); gap: 15px; margin-bottom: 30px;\">\n<div style=\"background-color: #fdfefe; padding: 15px; border: 1px solid #dcdcdc; border-radius: 8px;\">Profiili Matriisi 1: Vesimeloni J\u00e4\u00e4 \/ Banaani J\u00e4\u00e4 \/ Triple Mango \/ Mansikka Kiivi<\/div>\n<div style=\"background-color: #fdfefe; padding: 15px; border: 1px solid #dcdcdc; border-radius: 8px;\">Profiili Matriisi 2: Mansikka J\u00e4\u00e4 \/ Mustikka Vadelma \/ Kirsikka Cola \/ Persikka Marja<\/div>\n<div style=\"background-color: #fdfefe; padding: 15px; border: 1px solid #dcdcdc; border-radius: 8px;\">Profiili Matriisi 3: Ananas J\u00e4\u00e4 \/ Passiohedelm\u00e4 Mango \/ Mustikka j\u00e4\u00e4 \/ Mansikka Mango<\/div>\n<div style=\"background-color: #fdfefe; padding: 15px; border: 1px solid #dcdcdc; border-radius: 8px;\">Profiili Matrix 4: Blackberry Ice \/ Black Dragon Ice \/ Triple Melon \/ Bluerazz Lemon<\/div>\n<div style=\"background-color: #fdfefe; padding: 15px; border: 1px solid #dcdcdc; border-radius: 8px;\">Profiili Matriisi 5: Ryp\u00e4leen J\u00e4\u00e4 \/ Pink Lemonade \/ Kaksoisomena \/ Mansikka Banaani<\/div>\n<div style=\"background-color: #fdfefe; padding: 15px; border: 1px solid #dcdcdc; border-radius: 8px;\">Profiili Matriisi 6: Mango J\u00e4\u00e4 \/ Persikka J\u00e4\u00e4 \/ Passion Fruit Meloni \/ Mansikka Redbull<\/div>\n<div style=\"background-color: #fdfefe; padding: 15px; border: 1px solid #dcdcdc; border-radius: 8px;\">Profiili Matrix 7: Kirsikka J\u00e4\u00e4 \/ Kiivi Passiohedelm\u00e4 Guava \/ Mustaherukka \/ Vadelma Vesimeloni<\/div>\n<div style=\"background-color: #fdfefe; padding: 15px; border: 1px solid #dcdcdc; border-radius: 8px;\">Profiili Matriisi 8: Herra Sininen \/ Redbull J\u00e4\u00e4 \/ Persikka Mango \/ Mansikka Vesimeloni J\u00e4\u00e4<\/div>\n<div style=\"background-color: #fdfefe; padding: 15px; border: 1px solid #dcdcdc; border-radius: 8px;\">Profiili Matriisi 9: Sitruuna Lime \/ Ryp\u00e4le Marja \/ Viile\u00e4 Minttu \/ Vadelma Vesimeloni<\/div>\n<div style=\"background-color: #fdfefe; padding: 15px; border: 1px solid #dcdcdc; border-radius: 8px;\">Profiili Matriisi 10: Mustikka Hapan Vadelma \/ Cola J\u00e4\u00e4 \/ Persikka Mango Vesimeloni J\u00e4\u00e4 \/ Ananas Kookos<\/div>\n<\/div>\n<div style=\"text-align: center; margin: 40px 0;\"><img loading=\"lazy\" decoding=\"async\" class=\"alignnone wp-image-58977 size-full\" style=\"max-width: 100%; height: auto; border-radius: 12px; box-shadow: 0 6px 20px rgba(0,0,0,0.1);\" src=\"https:\/\/vapexyz.com\/wp-content\/uploads\/2025\/11\/FYCOS-4-IN-1-100K-Puffs-Disposable-Vape-Best-Wholesale-Bulk-Buy-Low-Nicotine-2.webp\" alt=\"FYCOS 4 IN 1 100K H\u00e4vytett\u00e4v\u00e4 Vape Paras Tukku 100000 Pahlaa Irtotavarana Ostaa\" width=\"1440\" height=\"300\" title=\"\" srcset=\"https:\/\/vapexyz.com\/wp-content\/uploads\/2025\/11\/FYCOS-4-IN-1-100K-Puffs-Disposable-Vape-Best-Wholesale-Bulk-Buy-Low-Nicotine-2.webp 1440w, https:\/\/vapexyz.com\/wp-content\/uploads\/2025\/11\/FYCOS-4-IN-1-100K-Puffs-Disposable-Vape-Best-Wholesale-Bulk-Buy-Low-Nicotine-2-510x106.webp 510w, https:\/\/vapexyz.com\/wp-content\/uploads\/2025\/11\/FYCOS-4-IN-1-100K-Puffs-Disposable-Vape-Best-Wholesale-Bulk-Buy-Low-Nicotine-2-500x104.webp 500w, https:\/\/vapexyz.com\/wp-content\/uploads\/2025\/11\/FYCOS-4-IN-1-100K-Puffs-Disposable-Vape-Best-Wholesale-Bulk-Buy-Low-Nicotine-2-1024x213.webp 1024w, https:\/\/vapexyz.com\/wp-content\/uploads\/2025\/11\/FYCOS-4-IN-1-100K-Puffs-Disposable-Vape-Best-Wholesale-Bulk-Buy-Low-Nicotine-2-768x160.webp 768w, https:\/\/vapexyz.com\/wp-content\/uploads\/2025\/11\/FYCOS-4-IN-1-100K-Puffs-Disposable-Vape-Best-Wholesale-Bulk-Buy-Low-Nicotine-2-18x4.webp 18w\" sizes=\"auto, (max-width: 1440px) 100vw, 1440px\" \/><\/div>\n<h3 style=\"color: #34495e; margin-top: 30px; border-left: 5px solid #2980b9; padding-left: 15px; font-size: 1.5em;\">Markkinavertailu: FYCOS vs. Standard Hardware<\/h3>\n<p>Arvioidakseen t\u00e4m\u00e4n yksik\u00f6n arvolupauksen t\u00e4ysin, erityisesti tukkumyyntihankinnoissa, on analysoitava sit\u00e4 alan standardien mittareita vastaan. Alla oleva tietotaulukko tarjoaa selke\u00e4n, objektiivisen vertailun rakenteellisiin ja toiminnallisiin eroihin.<\/p>\n<div style=\"overflow-x: auto; margin-bottom: 30px;\">\n<table style=\"width: 100%; border-collapse: collapse; margin: 20px 0; background-color: #ffffff; box-shadow: 0 2px 10px rgba(0,0,0,0.05); font-size: 1em;\">\n<thead>\n<tr style=\"background-color: #2980b9; color: white; text-align: left;\">\n<th style=\"padding: 15px; border-top-left-radius: 8px;\">Insin\u00f6\u00f6ri metriikka<\/th>\n<th style=\"padding: 15px;\">FYCOS 4 IN 1 (Premium-taso)<\/th>\n<th style=\"padding: 15px; border-top-right-radius: 8px;\">Vakio markkinavaihtoehdot<\/th>\n<\/tr>\n<\/thead>\n<tbody>\n<tr style=\"border-bottom: 1px solid #eeeeee;\">\n<td style=\"padding: 15px; font-weight: bold; color: #34495e;\">Kokonaisaktivoitumiskapasiteetti<\/td>\n<td style=\"padding: 15px;\">Yl\u00f6s 100 000 (Yhdistetty yhteens\u00e4 4 erillist\u00e4 s\u00e4ili\u00f6t\u00e4)<\/td>\n<td style=\"padding: 15px;\">Yleens\u00e4 rajoitettu 5 000\u201310 000 aktivointiin yhteens\u00e4<\/td>\n<\/tr>\n<tr style=\"border-bottom: 1px solid #eeeeee; background-color: #f9fbfd;\">\n<td style=\"padding: 15px; font-weight: bold; color: #34495e;\">Sis\u00e4isen kammion suunnittelu<\/td>\n<td style=\"padding: 15px;\">Modulaarinen 4-in-1-arkkitehtuuri (Valittavat profiilit)<\/td>\n<td style=\"padding: 15px;\">Yksitt\u00e4inen staattinen kammio<\/td>\n<\/tr>\n<tr style=\"border-bottom: 1px solid #eeeeee;\">\n<td style=\"padding: 15px; font-weight: bold; color: #34495e;\">Virranhallinta<\/td>\n<td style=\"padding: 15px;\">Tyyppi-C integroitu lataus digitaalisen telemetrian kanssa<\/td>\n<td style=\"padding: 15px;\">Usein ne eiv\u00e4t ole ladattavia tai niiss\u00e4 ei ole n\u00e4yt\u00f6n telemetriaa<\/td>\n<\/tr>\n<tr style=\"border-bottom: 1px solid #eeeeee; background-color: #f9fbfd;\">\n<td style=\"padding: 15px; font-weight: bold; color: #34495e;\">L\u00e4mmityselementti<\/td>\n<td style=\"padding: 15px;\">Kehittyneen l\u00e4mp\u00f6verkkomatriisi<\/td>\n<td style=\"padding: 15px;\">Tavallinen k\u00e4\u00e4mityslanka (alttiina nopealle heikkenemiselle)<\/td>\n<\/tr>\n<tr>\n<td style=\"padding: 15px; font-weight: bold; color: #34495e; border-bottom-left-radius: 8px;\">Valmisteen vahvuudet<\/td>\n<td style=\"padding: 15px;\">0%, 2%, 3%, 5% -yhteensopivat muuttujat<\/td>\n<td style=\"padding: 15px; border-bottom-right-radius: 8px;\">Rajoitetut, joustamattomat vaihtoehdot<\/td>\n<\/tr>\n<\/tbody>\n<\/table>\n<\/div>\n<h3 style=\"color: #34495e; margin-top: 30px; border-left: 5px solid #2980b9; padding-left: 15px; font-size: 1.5em;\">Vallan ja ymp\u00e4rist\u00f6vastuun<\/h3>\n<p>Hajavaihtoehtojen johtavana toimittajana VapeXYZ on sitoutunut jakamaan tuotteita, jotka vastaavat kansainv\u00e4lisi\u00e4 laatustandardeja. FYCOS-laitteen valmistajat noudattavat tiukkoja toimintalinjoja k\u00e4ytt\u00e4en korkealaatuisia, kemiallisesti stabiileja materiaaleja, jotka kest\u00e4v\u00e4t l\u00e4mm\u00f6n aiheuttamaa heikkenemist\u00e4. Rakenteelliset komponentit on valmistettu iskunkest\u00e4v\u00e4st\u00e4 polymeerist\u00e4, mik\u00e4 v\u00e4hent\u00e4\u00e4 fyysisten vaurioiden todenn\u00e4k\u00f6isyytt\u00e4.<\/p>\n<p>Lis\u00e4ksi elektronisten laitteiden asianmukainen h\u00e4vitt\u00e4minen on eritt\u00e4in t\u00e4rke\u00e4\u00e4. Koska FYCOS:ssa on ladattava litium-ioni-ydin, suosittelemme voimakkaasti, ett\u00e4 kuluttajat h\u00e4vitt\u00e4v\u00e4t k\u00e4ytetyt laitteet sertifioiduissa akun kierr\u00e4tyslaitoksissa sen sijaan, ett\u00e4 ne heitet\u00e4\u00e4n tavalliseen kunnalliseen j\u00e4tteeseen. Tukemalla ladattavia arkkitehtuureja t\u00e4m\u00e4 laite v\u00e4hent\u00e4\u00e4 periaatteessa elektronisen j\u00e4tteen m\u00e4\u00e4r\u00e4\u00e4 verrattuna useiden pienempien kertak\u00e4ytt\u00f6isten laitteiden k\u00e4ytt\u00e4miseen samankokoisen 100 000 puuskauksen saavuttamiseksi.<\/p>\n<h3 style=\"color: #34495e; margin-top: 40px; border-left: 5px solid #2980b9; padding-left: 15px; font-size: 1.5em;\">Toiminnalliset UKK:t<\/h3>\n<div style=\"background-color: #f4f6f7; padding: 25px; border-radius: 10px; margin-bottom: 30px;\">\n<div style=\"margin-bottom: 20px; padding-bottom: 20px; border-bottom: 1px solid #e0e0e0;\">K: Miten laite tarjoaa tarkasti jopa 100 000 puffoa?<br \/>\n<span style=\"color: #555555; display: inline-block; margin-top: 8px;\">Laite kiert\u00e4\u00e4 yhden s\u00e4ili\u00f6n fyysiset rajoitukset k\u00e4ytt\u00e4m\u00e4ll\u00e4 modulaarista j\u00e4rjestelm\u00e4\u00e4. Siin\u00e4 on nelj\u00e4 erillist\u00e4, suurikapasiteettista sis\u00e4ist\u00e4 s\u00e4ili\u00f6t\u00e4. Mekaanisesti testattaessa standardisoituja 1,5 sekunnin hengitysintervalleja, kaikkien nelj\u00e4n kammion yhdistetty tuotanto saavuttaa ilmoitetun mittarin. Todelliset k\u00e4ytt\u00f6ik\u00e4t vaihtelevat yksil\u00f6llisen hengityssyvyyden ja -tiheyden perusteella.<\/span><\/div>\n<div style=\"margin-bottom: 20px; padding-bottom: 20px; border-bottom: 1px solid #e0e0e0;\">Mit\u00e4 ovat latauksen erityiset tehon vaatimukset?<br \/>\n<span style=\"color: #555555; display: inline-block; margin-top: 8px;\">A: Laitteisto sis\u00e4lt\u00e4\u00e4 modernin Type-C-portin, joka on suunniteltu k\u00e4sittelem\u00e4\u00e4n standardia 5V\/1A latausvirtaa turvallisesti. Integroitu virranhallinnan mikrosiruja s\u00e4\u00e4telee j\u00e4nnitett\u00e4 est\u00e4\u00e4kseen kennon ylikuumenemisen, mik\u00e4 varmistaa jatkuvan suorituskyvyn syklist\u00e4 toiseen.<\/span><\/div>\n<div style=\"margin-bottom: 20px; padding-bottom: 20px; border-bottom: 1px solid #e0e0e0;\">Onko saatavilla nollavahvuusvariantteja t\u00e4t\u00e4 mallia varten?<br \/>\n<span style=\"color: #555555; display: inline-block; margin-top: 8px;\">Kyll\u00e4. Tiukka laadunvalvonta mahdollistaa tarkan formulaation sekoittamisen, mukaan lukien absoluuttinen 0% aktiivinen yhdisteformulaatio k\u00e4ytt\u00e4jille, jotka etsiv\u00e4t pelk\u00e4st\u00e4\u00e4n aistikasta ja aromaattista kokemusta.<\/span><\/div>\n<div style=\"margin-bottom: 20px; padding-bottom: 20px; border-bottom: 1px solid #e0e0e0;\">K: Miten mekaaninen siirtyminen nelj\u00e4n makuprofiilin v\u00e4lill\u00e4 toimii?<br \/>\n<span style=\"color: #555555; display: inline-block; margin-top: 8px;\">Laite sis\u00e4lt\u00e4\u00e4 erityisesti suunnitellun py\u00f6riv\u00e4n mekanismin pohjassa (tai m\u00e4\u00e4r\u00e4tyss\u00e4 kytkimess\u00e4, riippuen alustan versiosta). T\u00e4m\u00e4n mekanismin aktivointi kohdistaa ilmavirran ja l\u00e4mmityselementin fyysisesti eri eristettyyn s\u00e4ili\u00f6\u00f6n, mik\u00e4 toimittaa v\u00e4litt\u00f6m\u00e4sti t\u00e4ysin uuden aromikokemuksen ilman j\u00e4\u00e4nn\u00f6sristeysvaikutusta.<\/span><\/div>\n<div style=\"margin-bottom: 0;\">Mik\u00e4 tekee VapeXYZ:st\u00e4 optimaalisen tukkukauppiaan t\u00e4lle tuotteelle?<br \/>\n<span style=\"color: #555555; display: inline-block; margin-top: 8px;\">A: Yli 8 vuoden kokemuksella laitteistoalan toimitusketjun hallinnasta VapeXYZ tarjoaa vertaansa vailla olevat logistiikka- ja suoran valmistajahinnan palvelut.  Pid\u00e4mme alhaisen v\u00e4himm\u00e4istilausm\u00e4\u00e4r\u00e4n (MOQ) vain 10 kappaleessa, mik\u00e4 demokratisoi p\u00e4\u00e4syn premium-laitteistoihin sek\u00e4 boutique-myym\u00e4l\u00f6ille ett\u00e4 suuryrityksille.<\/span><\/div>\n<\/div>\n<h3 style=\"color: #34495e; margin-top: 30px; border-left: 5px solid #2980b9; padding-left: 15px; font-size: 1.5em;\">Varmista Tukkuostosi T\u00e4n\u00e4\u00e4n<\/h3>\n<p style=\"font-size: 1.1em; margin-bottom: 25px;\">FYCOS 4 IN 1 100K edustaa eritt\u00e4in kannattavaa hankintaa jokaiselle vakavilleen v\u00e4hitt\u00e4iskauppaportfolioille. K\u00e4sittelem\u00e4ll\u00e4 kuluttajien ongelmakohtia - kuten toistuvat vaihtokustannukset, akun ahdistus ja makuhalvaus - t\u00e4m\u00e4 laite luo korkean k\u00e4ytt\u00e4j\u00e4l\u00e4ht\u00f6isen uskollisuuden. VapeXYZ:ss\u00e4 olemme omistautuneet sujuvoittamaan varasto-ostoprosessiasi. Siirry luetteloomme turvataksesi tukkukuormalesi ja hy\u00f6dynt\u00e4\u00e4ksesi meid\u00e4n vankkaa eurooppalaista toimitusverkostoamme varmistaaksesi nopean ja luotettavan markkinoiden edistyneimm\u00e4n h\u00f6yrystysteknologian toimituksen.<\/p>\n<div style=\"text-align: center; margin-top: 40px;\"><img loading=\"lazy\" decoding=\"async\" class=\"alignnone wp-image-59059 size-full\" style=\"max-width: 100%; height: auto; border-radius: 12px; box-shadow: 0 6px 20px rgba(0,0,0,0.1);\" src=\"https:\/\/vapexyz.com\/wp-content\/uploads\/2025\/11\/FYCOS-4-IN-1-100K-Disposable-Vape-100000-Puffs-0\u20135-Nicotine-Pure-Wholesale-Bulk-Buy-2.webp\" alt=\"FYCOS 4 IN 1 100K H\u00e4vytett\u00e4v\u00e4 Vape Tukku Puhtaat Komponentit Bulkkikauppa\" width=\"1280\" height=\"1280\" title=\"\" srcset=\"https:\/\/vapexyz.com\/wp-content\/uploads\/2025\/11\/FYCOS-4-IN-1-100K-Disposable-Vape-100000-Puffs-0\u20135-Nicotine-Pure-Wholesale-Bulk-Buy-2.webp 1280w, https:\/\/vapexyz.com\/wp-content\/uploads\/2025\/11\/FYCOS-4-IN-1-100K-Disposable-Vape-100000-Puffs-0\u20135-Nicotine-Pure-Wholesale-Bulk-Buy-2-500x500.webp 500w, https:\/\/vapexyz.com\/wp-content\/uploads\/2025\/11\/FYCOS-4-IN-1-100K-Disposable-Vape-100000-Puffs-0\u20135-Nicotine-Pure-Wholesale-Bulk-Buy-2-1024x1024.webp 1024w, https:\/\/vapexyz.com\/wp-content\/uploads\/2025\/11\/FYCOS-4-IN-1-100K-Disposable-Vape-100000-Puffs-0\u20135-Nicotine-Pure-Wholesale-Bulk-Buy-2-300x300.webp 300w, https:\/\/vapexyz.com\/wp-content\/uploads\/2025\/11\/FYCOS-4-IN-1-100K-Disposable-Vape-100000-Puffs-0\u20135-Nicotine-Pure-Wholesale-Bulk-Buy-2-768x768.webp 768w, https:\/\/vapexyz.com\/wp-content\/uploads\/2025\/11\/FYCOS-4-IN-1-100K-Disposable-Vape-100000-Puffs-0\u20135-Nicotine-Pure-Wholesale-Bulk-Buy-2-12x12.webp 12w, https:\/\/vapexyz.com\/wp-content\/uploads\/2025\/11\/FYCOS-4-IN-1-100K-Disposable-Vape-100000-Puffs-0\u20135-Nicotine-Pure-Wholesale-Bulk-Buy-2-247x247.webp 247w, https:\/\/vapexyz.com\/wp-content\/uploads\/2025\/11\/FYCOS-4-IN-1-100K-Disposable-Vape-100000-Puffs-0\u20135-Nicotine-Pure-Wholesale-Bulk-Buy-2-510x510.webp 510w, https:\/\/vapexyz.com\/wp-content\/uploads\/2025\/11\/FYCOS-4-IN-1-100K-Disposable-Vape-100000-Puffs-0\u20135-Nicotine-Pure-Wholesale-Bulk-Buy-2-100x100.webp 100w\" sizes=\"auto, (max-width: 1280px) 100vw, 1280px\" \/><\/div>\n<\/article>","protected":false},"excerpt":{"rendered":"<p>FYCOS Player 50K Puffs -kertak\u00e4ytt\u00f6inen h\u00f6yrystin tarjoaa 50 000 imua sile\u00e4ll\u00e4 maulla, jossa on kaksinkertaiset mesh-kelat, LED-n\u00e4ytt\u00f6 ja erilaiset maut, saatavana irtotavarana Vapexyz:st\u00e4.<\/p>","protected":false},"featured_media":58430,"comment_status":"open","ping_status":"closed","template":"","meta":{"_lmt_disableupdate":"no","_lmt_disable":""},"product_brand":[],"product_cat":[1089,1012,947,935,934,927,929,928,930,933,939,932,938,931,936,937,1017,949,946,950,951,953,820,987],"product_tag":[],"class_list":{"0":"post-58373","1":"product","2":"type-product","3":"status-publish","4":"has-post-thumbnail","6":"product_cat-fycos-disposable-vapes","7":"product_cat-50000-puff-vapes","8":"product_cat-big-puffs-vapes","9":"product_cat-bulk-buy-disposable-vapes-in-austria","10":"product_cat-bulk-buy-disposable-vapes-in-belgium","11":"product_cat-bulk-buy-disposable-vapes-in-europe","12":"product_cat-bulk-buy-disposable-vapes-in-france","13":"product_cat-bulk-buy-disposable-vapes-in-germany","14":"product_cat-bulk-buy-disposable-vapes-in-italy","15":"product_cat-bulk-buy-disposable-vapes-in-netherlands","16":"product_cat-bulk-buy-disposable-vapes-in-norway","17":"product_cat-bulk-buy-disposable-vapes-in-poland","18":"product_cat-bulk-buy-disposable-vapes-in-portugal","19":"product_cat-bulk-buy-disposable-vapes-in-spain","20":"product_cat-bulk-buy-disposable-vapes-in-sweden","21":"product_cat-bulk-buy-disposable-vapes-in-switzerland","22":"product_cat-buy-best-disposable-vape-flavors","23":"product_cat-digital-box-vapes","24":"product_cat-disposable-vapes-series","25":"product_cat-dual-mesh-vapes","26":"product_cat-lower-nicotine-vapes","27":"product_cat-rechargeable-vapes","28":"product_cat-vape","29":"product_cat-vape-shop-by-puffs","31":"first","32":"outofstock","33":"shipping-taxable","34":"purchasable","35":"product-type-variable","36":"has-default-attributes"},"jetpack_sharing_enabled":true,"tiered_pricing_type":"fixed","tiered_pricing_fixed_rules":[],"tiered_pricing_product_settings":{"layout":"default","base_unit_name":{"singular":null,"plural":null},"default_variation":null},"tiered_pricing_minimum_quantity":null,"tiered_pricing_roles_data":[],"tiered_pricing_percentage_rules":[],"tiered_pricing_maximum_quantity":null,"tiered_pricing_quantity_step":null,"_links":{"self":[{"href":"https:\/\/vapexyz.com\/fi\/wp-json\/wp\/v2\/product\/58373","targetHints":{"allow":["GET"]}}],"collection":[{"href":"https:\/\/vapexyz.com\/fi\/wp-json\/wp\/v2\/product"}],"about":[{"href":"https:\/\/vapexyz.com\/fi\/wp-json\/wp\/v2\/types\/product"}],"replies":[{"embeddable":true,"href":"https:\/\/vapexyz.com\/fi\/wp-json\/wp\/v2\/comments?post=58373"}],"wp:featuredmedia":[{"embeddable":true,"href":"https:\/\/vapexyz.com\/fi\/wp-json\/wp\/v2\/media\/58430"}],"wp:attachment":[{"href":"https:\/\/vapexyz.com\/fi\/wp-json\/wp\/v2\/media?parent=58373"}],"wp:term":[{"taxonomy":"product_brand","embeddable":true,"href":"https:\/\/vapexyz.com\/fi\/wp-json\/wp\/v2\/product_brand?post=58373"},{"taxonomy":"product_cat","embeddable":true,"href":"https:\/\/vapexyz.com\/fi\/wp-json\/wp\/v2\/product_cat?post=58373"},{"taxonomy":"product_tag","embeddable":true,"href":"https:\/\/vapexyz.com\/fi\/wp-json\/wp\/v2\/product_tag?post=58373"}],"curies":[{"name":"wp","href":"https:\/\/api.w.org\/{rel}","templated":true}]}}