{"id":56661,"date":"2025-09-19T03:12:42","date_gmt":"2025-09-19T03:12:42","guid":{"rendered":"https:\/\/vapexyz.com\/?post_type=product&#038;p=56661"},"modified":"2026-03-02T12:47:49","modified_gmt":"2026-03-02T12:47:49","slug":"bang-king-60000-puffua-dsk048-ice-cool-alhainen-nikotiini-irtotavarana-osta-alkuperainen-ladattava-kertakayttoinen-vape-tukkumyynti","status":"publish","type":"product","link":"https:\/\/vapexyz.com\/fi\/product\/bang-king-60000-puffs-dsk048-ice-cool-low-nicotine-bulk-buy-original-rechargeable-disposable-vapes-wholesale\/","title":{"rendered":"BANG KING 60000 Puffs DSK048 J\u00e4\u00e4ht\u00e4v\u00e4 Icemate Irtona 60K Ladattava H\u00e4vytett\u00e4v\u00e4 Vape Tukkuosto"},"content":{"rendered":"<article style=\"font-family: 'Segoe UI', Roboto, Helvetica, Arial, sans-serif;line-height: 1.8;color: #2c3e50;max-width: 100%;margin: 0 auto;padding: 20px\">\n<h2 style=\"color: #1a252f;border-bottom: 2px solid #3498db;padding-bottom: 10px;margin-top: 30px\">Kattava tekninen yleiskatsaus: BANG KING 60000 Puffs DSK048<\/h2>\n<p style=\"font-size: 1.1em;color: #4a5568\">Tervetuloa VapeXYZeen, kansainv\u00e4liseen jakelukeskukseesi suurikapasiteettisille kertak\u00e4ytt\u00f6isille vapeille. Yli kahdeksan vuoden dokumentoidun operatiivisen huippuosaamisen ansiosta globaalissa B2B-toimitusketjussa, olemme luoneet tiukan puitteiston premium-h\u00f6yrykoulutusteknologian toimittamiseen maailmanmarkkinoille. Olemme ylpeit\u00e4 esitt\u00e4ess\u00e4mme BANG KING 60000 Puffs DSK048 -laitteen, joka on suunniteltu sek\u00e4 pidennettyyn kest\u00e4vyyteen ett\u00e4 optimaaliseen aistikokemukseen. Ammattimaisena tukkukauppiaana erikoistumme skaalattaviin varastoratkaisuihin j\u00e4lleenmyyjille, tarjoamalla edullisia v\u00e4himm\u00e4istilausm\u00e4\u00e4ri\u00e4 (MOQ) alkaen vain 10 kappaleesta, mik\u00e4 varmistaa, ett\u00e4 kaiken kokoiset yritykset voivat hy\u00f6dynt\u00e4\u00e4 kilpailukykyisi\u00e4 tukkukauppahintojamme.<\/p>\n<h3 style=\"color: #2980b9;margin-top: 35px\">Insin\u00f6\u00f6ritaito ja tekniset tiedot (Asiantuntemus)<\/h3>\n<p>BANG KING DSK048 edustaa merkitt\u00e4v\u00e4\u00e4 harppausta kertak\u00e4ytt\u00f6isten h\u00f6yrystimien suunnittelussa. Sen sijaan, ett\u00e4 luottaisi tavallisiin komponentteihin, t\u00e4m\u00e4 laite integroi hienostuneen mikroelektroniikkaj\u00e4rjestelm\u00e4n, joka on suunniteltu yll\u00e4pit\u00e4m\u00e4\u00e4n tasaista tehon tuottoa ensimm\u00e4isest\u00e4 vetovoimasta viimeiseen. T\u00e4m\u00e4n j\u00e4rjestelm\u00e4n ydin on korkean kapasiteetin 850 mAh ladattava virtal\u00e4hde, joka hy\u00f6dynt\u00e4\u00e4 edistynytt\u00e4 litium-ion kemiaa vakaan j\u00e4nnitteen toimittamiseksi. T\u00e4m\u00e4 on ratkaisevan t\u00e4rke\u00e4\u00e4, koska tavalliset kertak\u00e4ytt\u00f6iset h\u00f6yrystimet k\u00e4rsiv\u00e4t usein j\u00e4nnitteen laskusta, mik\u00e4 johtaa ep\u00e4johdonmukaiseen suorituskykyyn.<\/p>\n<p>L\u00e4mp\u00f6hallinta hoidetaan t\u00e4sm\u00e4hdysvoimalla valmistetulla 1,0 ohmin verkkomaisella l\u00e4mmityselementill\u00e4. Toisin kuin perinteinen kierretty lanka, verkkoarkkitehtuuri lis\u00e4\u00e4 eksponentiaalisesti sis\u00e4isen formulaation kanssa kosketuksissa olevaa pinta-aluetta. T\u00e4m\u00e4 mahdollistaa tasaisemman l\u00e4mm\u00f6n jakautumisen, minimoimalla paikalliset kuumakohdat, jotka voivat heikent\u00e4\u00e4 makuprofiilia, ja varmistamalla t\u00e4ydellisen tasaisen aerosolointiprosessin. Laite sis\u00e4lt\u00e4\u00e4 my\u00f6s nykyaikaisen Type-C latausliit\u00e4nn\u00e4n, joka sis\u00e4lt\u00e4\u00e4 ylilataussuojan, oikosulkusuojauksen ja l\u00e4mp\u00f6tilan valvonnan kansainv\u00e4listen kulutuselektroniikan turvallisuusstandardien noudattamiseksi.<\/p>\n<div style=\"margin: 25px 0\">\n<table style=\"width: 100%;border-collapse: collapse;text-align: left;font-family: sans-serif\">\n<thead>\n<tr style=\"background-color: #f4f6f7;border-bottom: 2px solid #cbd5e0\">\n<th style=\"padding: 15px;border: 1px solid #e2e8f0;font-weight: 600;color: #2d3748\">M\u00e4\u00e4rittelyparametri<\/th>\n<th style=\"padding: 15px;border: 1px solid #e2e8f0;font-weight: 600;color: #2d3748\">Tekniset tiedot ja mittarit<\/th>\n<\/tr>\n<\/thead>\n<tbody>\n<tr style=\"background-color: #ffffff\">\n<td style=\"padding: 12px 15px;border: 1px solid #e2e8f0;font-weight: 500\">Maksimikapasiteetti<\/td>\n<td style=\"padding: 12px 15px;border: 1px solid #e2e8f0\">Enint\u00e4\u00e4n 60 000 aktivointia (riippuen piirt\u00e4misen kestosta)<\/td>\n<\/tr>\n<tr style=\"background-color: #f8fafc\">\n<td style=\"padding: 12px 15px;border: 1px solid #e2e8f0;font-weight: 500\">Sis\u00e4inen s\u00e4ili\u00f6<\/td>\n<td style=\"padding: 12px 15px;border: 1px solid #e2e8f0\">25 ml premium-valmisteen kapasiteetti<\/td>\n<\/tr>\n<tr style=\"background-color: #ffffff\">\n<td style=\"padding: 12px 15px;border: 1px solid #e2e8f0;font-weight: 500\">Power-arkkitehtuuri<\/td>\n<td style=\"padding: 12px 15px;border: 1px solid #e2e8f0\">850 mAh litium-ioni, ladattava konfiguraatio<\/td>\n<\/tr>\n<tr style=\"background-color: #f8fafc\">\n<td style=\"padding: 12px 15px;border: 1px solid #e2e8f0;font-weight: 500\">L\u00e4mp\u00f6komponentti<\/td>\n<td style=\"padding: 12px 15px;border: 1px solid #e2e8f0\">1,0 ohmin optimoitu mesh-vastuskelat<\/td>\n<\/tr>\n<tr style=\"background-color: #ffffff\">\n<td style=\"padding: 12px 15px;border: 1px solid #e2e8f0;font-weight: 500\">Teho-liit\u00e4nt\u00e4<\/td>\n<td style=\"padding: 12px 15px;border: 1px solid #e2e8f0\">Type-C nopea latausportti, jossa on integroidut turvaprotokollat<\/td>\n<\/tr>\n<tr style=\"background-color: #f8fafc\">\n<td style=\"padding: 12px 15px;border: 1px solid #e2e8f0;font-weight: 500\">Aistikokemuksen mukauttaminen<\/td>\n<td style=\"padding: 12px 15px;border: 1px solid #e2e8f0\">5 erillist\u00e4 s\u00e4\u00e4dett\u00e4v\u00e4\u00e4 j\u00e4\u00e4hdytstehon tasoa<\/td>\n<\/tr>\n<tr style=\"background-color: #ffffff\">\n<td style=\"padding: 12px 15px;border: 1px solid #e2e8f0;font-weight: 500\">Aktiivinen keskittyminen<\/td>\n<td style=\"padding: 12px 15px;border: 1px solid #e2e8f0\">Saatavana 0%, 2%, 3% ja 5% -vahvuuksina<\/td>\n<\/tr>\n<tr style=\"background-color: #f8fafc\">\n<td style=\"padding: 12px 15px;border: 1px solid #e2e8f0;font-weight: 500\">B2B-ratkaisut<\/td>\n<td style=\"padding: 12px 15px;border: 1px solid #e2e8f0\">T\u00e4ysi OEM\/ODM-valmistustuki sertifioiduille kumppaneille<\/td>\n<\/tr>\n<\/tbody>\n<\/table>\n<\/div>\n<h3 style=\"color: #2980b9;margin-top: 35px\">Empiirinen testaaminen ja suorituskykymetriikat (Empiirinen)<\/h3>\n<p>Hajautettavien h\u00f6yrystimien teollisuudessa operatiivisten mittareiden l\u00e4pin\u00e4kyvyys on \u00e4\u00e4rimm\u00e4isen t\u00e4rke\u00e4\u00e4. Mainostettu 60 000 aktivointikerta ei ole mielivaltainen luku; se on johdettu tiukoista empiirisist\u00e4 laboratoriotesteist\u00e4. Automaattisella pneumaattisella imutestauslaitteella laite altistetaan standardin 1,5 sekunnin hengitysintervalleille kontrolloiduissa ilmakeh\u00e4n olosuhteissa. T\u00e4m\u00e4 varmistaa, ett\u00e4 25 ml:n sis\u00e4inen s\u00e4ili\u00f6 tyhjenee matemaattisesti tasaisella nopeudella, validoimalla pitk\u00e4ik\u00e4isyysvaatimukset.<\/p>\n<p>Lis\u00e4ksi 850 mAh:n akku k\u00e4y l\u00e4pi laajaa syklist\u00e4 heikkenemistestausta. Insin\u00f6\u00f6rit mittaavat latauksen s\u00e4ilymist\u00e4 useiden Type-C latauskertojen aikana taatakseen, ett\u00e4 tehosolu s\u00e4ilytt\u00e4\u00e4 v\u00e4hint\u00e4\u00e4n 85 % alkuper\u00e4isest\u00e4 kapasiteetistaan koko 25 ml:n formulaation k\u00e4ytt\u00f6i\u00e4n ajan. Ainutlaatuinen 5-tasoinen s\u00e4\u00e4dett\u00e4v\u00e4 j\u00e4\u00e4hdytysmekanismi on my\u00f6s empiirisesti viritetty ilmavirta-anturien avulla tarjoamaan erilaisia, mitattavia vaihteluita aerosolin l\u00e4mp\u00f6tilan alenemisessa, jolloin k\u00e4ytt\u00e4j\u00e4t voivat t\u00e4sm\u00e4lleen kalibroida aistikokemuksensa.<\/p>\n<h3 style=\"color: #2980b9;margin-top: 35px\">Kureeritud aistinprofiler<\/h3>\n<p>Ymm\u00e4rt\u00e4en, ett\u00e4 kuluttajien mieltymykset ovat hyvin subjektiivisia, BANG KING DSK048 tarjoaa huolellisesti laaditun valikoiman makuprofiileja. Jokainen vaihtoehto on valmistettu elintarvikek\u00e4ytt\u00f6\u00f6n tarkoitetuista aromiaineista ja l\u00e4pik\u00e4y tiukan laadunvalvonnan, jotta varmistetaan er\u00e4kohtainen johdonmukaisuus. Nykyinen valikoima sis\u00e4lt\u00e4\u00e4:<\/p>\n<ul style=\"list-style-type: none;padding-left: 0\">\n<li style=\"margin-bottom: 15px;padding-left: 20px;border-left: 3px solid #3498db\">Blue Razz Ice: Monimutkainen yhdistelm\u00e4 happaman sinisen vadelman aromia, stabiloitu kryogeenisell\u00e4 j\u00e4\u00e4hdytysaineella ter\u00e4v\u00e4n virkist\u00e4v\u00e4n lopputuloksen saavuttamiseksi.<\/li>\n<li style=\"margin-bottom: 15px;padding-left: 20px;border-left: 3px solid #3498db\">Mansikka-vesimeloni: Asiantuntevasti tasapainotettu sekoitus, joka yhdist\u00e4\u00e4 kypsien mansikoiden syv\u00e4n botanisen makeuden vesimelonin raikkaiden, kuivien vivahteiden kanssa.<\/li>\n<li style=\"margin-bottom: 15px;padding-left: 20px;border-left: 3px solid #3498db\">Vesimelonan J\u00e4\u00e4: Keskittyy kokonaan puhtaaseen, aitompaan vesimelonainaisuuteen, jota merkitt\u00e4v\u00e4sti tehostaa pakkasen alapuolelle j\u00e4\u00e4htymisvaikutus maksimaalisen virkistysten saamiseksi.<\/li>\n<li style=\"margin-bottom: 15px;padding-left: 20px;border-left: 3px solid #3498db\">Pehme\u00e4 persikka: Ihmisyyden tuoksuisten, silkkihienojen makeisten persikoiden makua, joita t\u00e4ydent\u00e4\u00e4 t\u00e4sm\u00e4llinen terminen viilent\u00e4v\u00e4 tunne.<\/li>\n<li style=\"margin-bottom: 15px;padding-left: 20px;border-left: 3px solid #3498db\">Ryp\u00e4leen J\u00e4\u00e4: K\u00e4ytt\u00e4\u00e4 vahvaa, tummaa concord-ryp\u00e4leen uutetta, jolle on ominaista syv\u00e4 ja resonanssinen makuprofiili, joka p\u00e4\u00e4ttyy puhtaaseen, j\u00e4\u00e4hdytt\u00e4v\u00e4\u00e4n hengitykseen.<\/li>\n<li style=\"margin-bottom: 15px;padding-left: 20px;border-left: 3px solid #3498db\">Scary Berry: Hienostunut ja monimutkainen valikoima erilaisia tummaa marjoja, suunniteltu saavuttamaan t\u00e4ydellinen tasapaino luonnollisen happamuuden ja pitk\u00e4\u00e4n kest\u00e4v\u00e4n makeuden v\u00e4lill\u00e4.<\/li>\n<li style=\"margin-bottom: 15px;padding-left: 20px;border-left: 3px solid #3498db\">Cherry Strazz: Yhdist\u00e4\u00e4 tihe\u00e4t, rikkaat kirsikkauutteet hienovaraisen mansikkaisen alatoivon kanssa, mik\u00e4 johtaa moniulotteiseen ja eritt\u00e4in tyydytt\u00e4v\u00e4\u00e4n aistikokemukseen.<\/li>\n<li style=\"margin-bottom: 15px;padding-left: 20px;border-left: 3px solid #3498db\">Mango Magic: Trooppinen formulaatio, joka on suunniteltu tarjoamaan tihe\u00e4\u00e4, aromaattista ja siirapinmakeaa makua, joka liittyy t\u00e4ydellisesti kypsiin mangoihin.<\/li>\n<li style=\"margin-bottom: 15px;padding-left: 20px;border-left: 3px solid #3498db\">Mansikka lohik\u00e4\u00e4rmeen hedelm\u00e4: Korkeasti kehittynyt yhdistelm\u00e4, joka korottaa perinteisi\u00e4 mansikkamuistiinpanoja lohik\u00e4\u00e4rmeen hedelm\u00e4n eksoottisilla, liev\u00e4sti kirpeill\u00e4 ominaisuuksilla.<\/li>\n<li style=\"margin-bottom: 15px;padding-left: 20px;border-left: 3px solid #3498db\">Tiikerin Veri: Dynaaminen ja el\u00e4v\u00e4inen trooppinen yhdistelm\u00e4, jossa on n\u00e4kyv\u00e4sti kookosaromeja, jotka kietoutuvat vankkaan hedelm\u00e4seokseen.<\/li>\n<li style=\"margin-bottom: 15px;padding-left: 20px;border-left: 3px solid #3498db\">Summer Splash: El\u00e4v\u00e4sti virkist\u00e4v\u00e4 seos, joka on suunniteltu huolellisesti j\u00e4ljittelem\u00e4\u00e4n valikoimaa kirkkaita, l\u00e4mpim\u00e4n s\u00e4\u00e4ksen hedelm\u00e4profiileja.<\/li>\n<li style=\"margin-bottom: 15px;padding-left: 20px;border-left: 3px solid #3498db\">Hapan Lush Gummy: Integroi hapan, makeisiin inspiroidun profiilin, jolla on makea perusmaku, j\u00e4ljittelem\u00e4ll\u00e4 suosittuja pureskeluk\u00e4sittelyj\u00e4.<\/li>\n<\/ul>\n<h3 style=\"color: #2980b9;margin-top: 35px\">Teollisuuden Valvonta ja Toimitusketjun Luottamus (Valvonta &amp; Luottamus)<\/h3>\n<p>Kun hankitaan kertak\u00e4ytt\u00f6isi\u00e4 s\u00e4hk\u00f6savukkeita v\u00e4hitt\u00e4iskauppaa varten, toimitusketjun luotettavuus on yht\u00e4 t\u00e4rke\u00e4 kuin itse laitteiston. VapeXYZ toimii vahvistettuna, luotettavana tukkukauppa-alustana, jolla on syv\u00e4t juuret Euroopan jakeluverkostossa. V\u00e4ltt\u00e4m\u00e4ll\u00e4 tarpeettomia v\u00e4litt\u00e4ji\u00e4, pystymme tarjoamaan aitaita BANG KING -tuotteita eritt\u00e4in kilpailukykyisill\u00e4, suoraan tehtaalta saatavilla hinnoilla. Toimintamme noudattaa tiukkoja kaupallisia vaatimuksia, mik\u00e4 varmistaa, ett\u00e4 kaikki tuotteet t\u00e4ytt\u00e4v\u00e4t tarvittavat alueelliset turvallisuus- ja materiaalistandardit (kuten CE- ja RoHS-direktiivit elektronisten komponenttien osalta).<\/p>\n<p>Tunnustamme B2B-kumppaneidemme erilaiset s\u00e4\u00e4ntelyymp\u00e4rist\u00f6t, mink\u00e4 vuoksi DSK048 on saatavilla kattavana valikoimana pitoisuuksia (0%, 2%, 3% ja 5%). T\u00e4m\u00e4 avoimuus ja sopeutumiskyky antavat v\u00e4hitt\u00e4iskauppiaille mahdollisuuden varastoida paikallisten markkinoiden demografiaan r\u00e4\u00e4t\u00e4l\u00f6ityj\u00e4, m\u00e4\u00e4r\u00e4yksi\u00e4 noudattavia tuotteita. Lis\u00e4ksi meid\u00e4n vankka logistinen infrastruktuurimme takaa nopean, t\u00e4ysin seurattavan toimituksen kaikkialla Euroopassa, minimoiden varastottomat ajat ja maksimoiden v\u00e4hitt\u00e4iskaupan kannattavuuden.<\/p>\n<div style=\"background-color: #f0f7ff;border-left: 6px solid #007bff;padding: 20px;margin: 30px 0;border-radius: 0 8px 8px 0;font-family: sans-serif\">\n<h4 style=\"margin-top: 0;color: #0056b3;font-size: 1.2em\">Optimaalisen Suorituskyvyn Avaintiedot<\/h4>\n<ul style=\"margin-bottom: 0;padding-left: 20px;color: #333\">\n<li style=\"margin-bottom: 8px\">Akun huolto: 850 mAh-akun k\u00e4ytt\u00f6i\u00e4n maksimoimiseksi v\u00e4lt\u00e4 laitteen j\u00e4tt\u00e4mist\u00e4 ladattuna y\u00f6n yli. Irrota laite, kun LED-merkkivalo ilmoittaa akun olevan t\u00e4ysin ladattu.<\/li>\n<li style=\"margin-bottom: 8px\">Ymp\u00e4rist\u00f6varastointi: S\u00e4ilyt\u00e4 avaamattomia ja aktiivisia kertak\u00e4ytt\u00f6isi\u00e4 h\u00f6yrykaluja viile\u00e4ss\u00e4, kuivassa ymp\u00e4rist\u00f6ss\u00e4. \u00c4\u00e4rimm\u00e4inen kuumuus voi vaarantaa akun sis\u00e4isen paineen, kun taas \u00e4\u00e4rimm\u00e4inen kylm\u00e4 voi muuttaa formulaation viskositeettia, mik\u00e4 vaikuttaa v\u00e4liaikaisesti mesh-kelan imukykyyn.<\/li>\n<li style=\"margin-bottom: 8px\">J\u00e4\u00e4hdytys s\u00e4\u00e4d\u00f6n mekaniikka: 5-tasoinen j\u00e4\u00e4hdytyss\u00e4\u00e4din toimii mekaanisesti rajoittamalla tai avaamalla toissijaisia ilmakanavia, mik\u00e4 muuttaa suoraan ilman ja h\u00f6yryn suhdetta ennen hengitt\u00e4mist\u00e4, luoden voimakkaamman j\u00e4\u00e4htymis tunteen ollessaan t\u00e4ysin auki.<\/li>\n<\/ul>\n<\/div>\n<h3 style=\"color: #2980b9;margin-top: 35px\">Usein kysytyt kysymykset (FAQ)<\/h3>\n<div style=\"margin-top: 20px\">\n<div style=\"border: 1px solid #e2e8f0;border-radius: 8px;margin-bottom: 15px;padding: 20px;background-color: #ffffff\">\n<h4 style=\"margin: 0 0 10px 0;color: #2c3e50\">Mik\u00e4 on v\u00e4himm\u00e4istilausm\u00e4\u00e4r\u00e4 (MOQ) tukkumyynn\u00e4ss\u00e4?<\/h4>\n<p style=\"margin: 0;color: #555\">VapeXYZ:ss\u00e4 olemme suunnitelleet tukkumallimme eritt\u00e4in saavutettavaksi. BANG KING DSK048:n v\u00e4himm\u00e4istilausm\u00e4\u00e4r\u00e4 on tiukasti 10 kappaletta. T\u00e4m\u00e4 mahdollistaa pienemmille j\u00e4lleenmyyjille markkinoiden vastaanoton testaamisen ilman suuria p\u00e4\u00e4omasijoituksia, samalla kun he p\u00e4\u00e4sev\u00e4t kilpailukykyisiin irtotavarapricing-luokkiin.<\/p>\n<\/div>\n<div style=\"border: 1px solid #e2e8f0;border-radius: 8px;margin-bottom: 15px;padding: 20px;background-color: #ffffff\">\n<h4 style=\"margin: 0 0 10px 0;color: #2c3e50\">Mist\u00e4 tied\u00e4n, ett\u00e4 tuote on aitous?<\/h4>\n<p style=\"margin: 0;color: #555\">Luottamus ja auktoriteetti ovat kulmakivi\u00e4mme. Jokainen VapeXYZ:st\u00e4 l\u00e4hetetty toimitus sis\u00e4lt\u00e4\u00e4 vahvistettavat tuotteen aitoustarkastuskoodit suoraan BANG KINGin valmistustilasta. 8 vuoden kokemuksemme on rakennettu nollatoleranssiin v\u00e4\u00e4rennettyjen tuotteiden suhteen.<\/p>\n<\/div>\n<div style=\"border: 1px solid #e2e8f0;border-radius: 8px;margin-bottom: 15px;padding: 20px;background-color: #ffffff\">\n<h4 style=\"margin: 0 0 10px 0;color: #2c3e50\">Mit\u00e4 laturia tulisi k\u00e4ytt\u00e4\u00e4 t\u00e4m\u00e4n laitteen kanssa?<\/h4>\n<p style=\"margin: 0;color: #555\">Laite k\u00e4ytt\u00e4\u00e4 standardia Type-C-liit\u00e4nt\u00e4\u00e4. Empiirisen turvallisuuden ja akun k\u00e4ytt\u00f6i\u00e4n takaamiseksi suosittelemme k\u00e4ytt\u00e4m\u00e4\u00e4n standardia 5V\/1A-laturia. V\u00e4lt\u00e4 korkean tehon kannettavien tietokoneiden tai pikalatureiden k\u00e4ytt\u00f6\u00e4, sill\u00e4 liiallinen virta voi heikent\u00e4\u00e4 litium-ioni-soluja ennenaikaisesti.<\/p>\n<\/div>\n<div style=\"border: 1px solid #e2e8f0;border-radius: 8px;margin-bottom: 15px;padding: 20px;background-color: #ffffff\">\n<h4 style=\"margin: 0 0 10px 0;color: #2c3e50\">On saatavilla eri vahvuusvaihtoehtoja?<\/h4>\n<p style=\"margin: 0;color: #555\">Kyll\u00e4. Monipuolisten kuluttajien mieltymysten ja alueellisten s\u00e4\u00e4ntelyvaatimusten mukaiseksi DSK048 valmistetaan nelj\u00e4ss\u00e4 eri pitoisuusprofiilissa: 0%, 2%, 3% ja 5%. V\u00e4hitt\u00e4iskaupan kumppanit voivat yhdistell\u00e4 n\u00e4it\u00e4 variantteja t\u00e4ytt\u00e4\u00e4kseen omia varastotarpeitaan.<\/p>\n<\/div>\n<\/div>\n<p style=\"margin-top: 30px;font-weight: bold;font-size: 1.1em;color: #2c3e50;text-align: center\">Valitse BANG KING 60000 PUFFS DSK048 Ice Cool sen tehokkaan suunnittelun, hienostuneiden aistikokemusten ja vertaansa vailla olevan tukkukaupan luotettavuuden vuoksi. Tee yhteisty\u00f6t\u00e4 yksinomaan VapeXYZ:n kanssa, joka on Euroopan luotettu auktoriteetti irtonaisten kertak\u00e4ytt\u00f6isten h\u00f6yrystimien alalla.<\/p>\n<div style=\"text-align: center;margin-top: 40px\"><img loading=\"lazy\" decoding=\"async\" class=\"alignnone size-full wp-image-56723\" style=\"max-width: 100%;height: auto;border-radius: 8px\" src=\"https:\/\/vapexyz.com\/wp-content\/uploads\/2025\/09\/BANG-KING-60000-Puffs-DSK048-Ice-Cool-Low-Nicotine-Bulk-Buy-Original-Rechargeable-Disposable-Vapes-Wholesale-10.webp\" alt=\"BANG KING 60000 Puffs DSK048 Ice Cool Matalan Nikotiinipitoisuuden Irtonosto Osta Alkuper\u00e4iset Ladattavat H\u00e4vytett\u00e4v\u00e4t Vape Tukku\" width=\"1918\" height=\"1920\" title=\"\" srcset=\"https:\/\/vapexyz.com\/wp-content\/uploads\/2025\/09\/BANG-KING-60000-Puffs-DSK048-Ice-Cool-Low-Nicotine-Bulk-Buy-Original-Rechargeable-Disposable-Vapes-Wholesale-10.webp 1918w, https:\/\/vapexyz.com\/wp-content\/uploads\/2025\/09\/BANG-KING-60000-Puffs-DSK048-Ice-Cool-Low-Nicotine-Bulk-Buy-Original-Rechargeable-Disposable-Vapes-Wholesale-10-500x500.webp 500w, https:\/\/vapexyz.com\/wp-content\/uploads\/2025\/09\/BANG-KING-60000-Puffs-DSK048-Ice-Cool-Low-Nicotine-Bulk-Buy-Original-Rechargeable-Disposable-Vapes-Wholesale-10-1024x1024.webp 1024w, https:\/\/vapexyz.com\/wp-content\/uploads\/2025\/09\/BANG-KING-60000-Puffs-DSK048-Ice-Cool-Low-Nicotine-Bulk-Buy-Original-Rechargeable-Disposable-Vapes-Wholesale-10-300x300.webp 300w, https:\/\/vapexyz.com\/wp-content\/uploads\/2025\/09\/BANG-KING-60000-Puffs-DSK048-Ice-Cool-Low-Nicotine-Bulk-Buy-Original-Rechargeable-Disposable-Vapes-Wholesale-10-768x769.webp 768w, https:\/\/vapexyz.com\/wp-content\/uploads\/2025\/09\/BANG-KING-60000-Puffs-DSK048-Ice-Cool-Low-Nicotine-Bulk-Buy-Original-Rechargeable-Disposable-Vapes-Wholesale-10-1534x1536.webp 1534w, https:\/\/vapexyz.com\/wp-content\/uploads\/2025\/09\/BANG-KING-60000-Puffs-DSK048-Ice-Cool-Low-Nicotine-Bulk-Buy-Original-Rechargeable-Disposable-Vapes-Wholesale-10-12x12.webp 12w, https:\/\/vapexyz.com\/wp-content\/uploads\/2025\/09\/BANG-KING-60000-Puffs-DSK048-Ice-Cool-Low-Nicotine-Bulk-Buy-Original-Rechargeable-Disposable-Vapes-Wholesale-10-247x247.webp 247w, https:\/\/vapexyz.com\/wp-content\/uploads\/2025\/09\/BANG-KING-60000-Puffs-DSK048-Ice-Cool-Low-Nicotine-Bulk-Buy-Original-Rechargeable-Disposable-Vapes-Wholesale-10-510x511.webp 510w, https:\/\/vapexyz.com\/wp-content\/uploads\/2025\/09\/BANG-KING-60000-Puffs-DSK048-Ice-Cool-Low-Nicotine-Bulk-Buy-Original-Rechargeable-Disposable-Vapes-Wholesale-10-100x100.webp 100w\" sizes=\"auto, (max-width: 1918px) 100vw, 1918px\" \/><\/div>\n<\/article>","protected":false},"excerpt":{"rendered":"<p>BANG KING 60000 PUFFS DSK048 Ice Cool on ladattava, kertak\u00e4ytt\u00f6inen vape, jonka kapasiteetti on 25 ml, mesh-k\u00e4\u00e4mi, s\u00e4\u00e4dett\u00e4v\u00e4 j\u00e4\u00e4hdytys, useita vahvuusvaihtoehtoja ja 12 makua, saatavilla tukkumyyntiin VapeXYZ:st\u00e4.<\/p>","protected":false},"featured_media":56717,"comment_status":"open","ping_status":"closed","template":"","meta":{"_lmt_disableupdate":"no","_lmt_disable":""},"product_brand":[],"product_cat":[821,1072,947,935,934,927,929,928,930,933,939,932,938,931,936,937,1017,949,946,951,953,987],"product_tag":[],"class_list":{"0":"post-56661","1":"product","2":"type-product","3":"status-publish","4":"has-post-thumbnail","6":"product_cat-bang","7":"product_cat-60000-puff-vapes","8":"product_cat-big-puffs-vapes","9":"product_cat-bulk-buy-disposable-vapes-in-austria","10":"product_cat-bulk-buy-disposable-vapes-in-belgium","11":"product_cat-bulk-buy-disposable-vapes-in-europe","12":"product_cat-bulk-buy-disposable-vapes-in-france","13":"product_cat-bulk-buy-disposable-vapes-in-germany","14":"product_cat-bulk-buy-disposable-vapes-in-italy","15":"product_cat-bulk-buy-disposable-vapes-in-netherlands","16":"product_cat-bulk-buy-disposable-vapes-in-norway","17":"product_cat-bulk-buy-disposable-vapes-in-poland","18":"product_cat-bulk-buy-disposable-vapes-in-portugal","19":"product_cat-bulk-buy-disposable-vapes-in-spain","20":"product_cat-bulk-buy-disposable-vapes-in-sweden","21":"product_cat-bulk-buy-disposable-vapes-in-switzerland","22":"product_cat-buy-best-disposable-vape-flavors","23":"product_cat-digital-box-vapes","24":"product_cat-disposable-vapes-series","25":"product_cat-lower-nicotine-vapes","26":"product_cat-rechargeable-vapes","27":"product_cat-vape-shop-by-puffs","29":"first","30":"instock","31":"shipping-taxable","32":"purchasable","33":"product-type-variable","34":"has-default-attributes"},"jetpack_sharing_enabled":true,"tiered_pricing_type":"fixed","tiered_pricing_fixed_rules":[],"tiered_pricing_product_settings":{"layout":"default","base_unit_name":{"singular":null,"plural":null},"default_variation":null},"tiered_pricing_minimum_quantity":null,"tiered_pricing_roles_data":[],"tiered_pricing_percentage_rules":[],"tiered_pricing_maximum_quantity":null,"tiered_pricing_quantity_step":null,"_links":{"self":[{"href":"https:\/\/vapexyz.com\/fi\/wp-json\/wp\/v2\/product\/56661","targetHints":{"allow":["GET"]}}],"collection":[{"href":"https:\/\/vapexyz.com\/fi\/wp-json\/wp\/v2\/product"}],"about":[{"href":"https:\/\/vapexyz.com\/fi\/wp-json\/wp\/v2\/types\/product"}],"replies":[{"embeddable":true,"href":"https:\/\/vapexyz.com\/fi\/wp-json\/wp\/v2\/comments?post=56661"}],"wp:featuredmedia":[{"embeddable":true,"href":"https:\/\/vapexyz.com\/fi\/wp-json\/wp\/v2\/media\/56717"}],"wp:attachment":[{"href":"https:\/\/vapexyz.com\/fi\/wp-json\/wp\/v2\/media?parent=56661"}],"wp:term":[{"taxonomy":"product_brand","embeddable":true,"href":"https:\/\/vapexyz.com\/fi\/wp-json\/wp\/v2\/product_brand?post=56661"},{"taxonomy":"product_cat","embeddable":true,"href":"https:\/\/vapexyz.com\/fi\/wp-json\/wp\/v2\/product_cat?post=56661"},{"taxonomy":"product_tag","embeddable":true,"href":"https:\/\/vapexyz.com\/fi\/wp-json\/wp\/v2\/product_tag?post=56661"}],"curies":[{"name":"wp","href":"https:\/\/api.w.org\/{rel}","templated":true}]}}