{"id":54652,"date":"2025-08-07T03:50:55","date_gmt":"2025-08-07T03:50:55","guid":{"rendered":"https:\/\/vapexyz.com\/?post_type=product&#038;p=54652"},"modified":"2026-03-02T10:36:13","modified_gmt":"2026-03-02T10:36:13","slug":"bang-johto-50000-puffia-kaksi-makua-lcd-naytto-alhainen-nikotiini-irtotavarana-alkuperainen-ladattava-kertakayttoinen-vape-tukkumyynti","status":"publish","type":"product","link":"https:\/\/vapexyz.com\/fi\/product\/bang-leader-50000-puffs-dual-flavors-lcd-screen-low-nicotine-bulk-buy-original-rechargeable-disposable-vapes-wholesale\/","title":{"rendered":"BANG JOHTAJA 50000 Pahvapuffia Kaksinkertaiset Makuominaisuudet LCD-N\u00e4ytt\u00f6 Irtotavarana Ostettavat Ladattavat H\u00e4vytett\u00e4v\u00e4t Vape- Tuotteet V\u00e4hitt\u00e4ismyynti"},"content":{"rendered":"<article style=\"font-family: system-ui, -apple-system, sans-serif;line-height: 1.7;color: #2d3748;max-width: 100%;margin: 0 auto;padding: 20px\">\n<h2 style=\"color: #1a202c;border-bottom: 2px solid #edf2f7;padding-bottom: 10px;margin-top: 30px\"><a style=\"color: #3182ce;text-decoration: none\" href=\"https:\/\/vapexyz.com\/fi\/tuotekategoria\/pamaus\/\">BANG<\/a> LEADER 50000 Puffs: Kattava tekninen yleiskatsaus<\/h2>\n<p>Kulutuselektronikkamarkkinat ovat kokeneet nopeita edistysaskeleita, ja viimeisin iteraatio henkil\u00f6kohtaisessa h\u00f6yrystysteknologiassa heijastaa t\u00e4t\u00e4 kehityst\u00e4. Avaa jopa 50 000 aktivointia yhdess\u00e4 kertak\u00e4ytt\u00f6isess\u00e4 h\u00f6yrylaiteessa, jossa on kaksiprofiilinen ominaisuus, integroitu \u00e4lyk\u00e4s n\u00e4ytt\u00f6 ja \u00e4lyk\u00e4s ladattava mukavuus. T\u00e4m\u00e4 vaihtelevan pitoisuuden h\u00f6yry (saatavana 0%, 2%, 3% ja 5% -formulaatioina) tarjoaa t\u00e4sm\u00e4h\u00f6yrystetyn suorituskyvyn, joka on suunniteltu vaativille j\u00e4lleenmyyjille ja k\u00e4ytt\u00e4jille Euroopan markkinoilla.<\/p>\n<p>Sen sijaan, ett\u00e4 luottaisimme vahvistamattomiin v\u00e4itteisiin, analyysimme BANG LEADER 50000 -laitteesta keskittyy sen rakennesuunnitteluun, empiirisiin suorituskykytieduksiin ja komponenttien vaatimustenmukaisuuteen. Laite yhdist\u00e4\u00e4 huippuluokan ominaisuuksia yhdeksi, ergonomisesti suunnitelluksi runkoksi, joka on valmistettu kest\u00e4vist\u00e4, iskunkest\u00e4v\u00e4st\u00e4 polykarbonaatista. Siin\u00e4 on kaksi sis\u00e4ist\u00e4 s\u00e4ili\u00f6t\u00e4, joissa kussakin on noin 36\u202fmL omaa formulaa, jotka on rakennettaisesti eristetty est\u00e4m\u00e4\u00e4n ristikkontaminaatio n\u00e4iden kahden eri profiilin v\u00e4lill\u00e4. T\u00e4t\u00e4 j\u00e4rjestelm\u00e4\u00e4 k\u00e4ytt\u00e4\u00e4 teollisuustason 650\u202fmAh ladattava litium-polymeeri (Li-Po) -akku, joka on integroitu mukautetun mikrokontrolleriyksik\u00f6n (MCU) kanssa, joka hallitsee virran toimittamista ja tukee Type-C nopeita latausprotokollia.<\/p>\n<p>Sen h\u00f6yrystinmoottorin ydin koostuu edistyneest\u00e4 kaksinkertaisesta mesh-verkkoarkkitehtuurista. Toisin kuin perinteisiss\u00e4 lankak\u00e4\u00e4mityksiss\u00e4, mesh-verkon laajennettu pinta-ala varmistaa tasaisen l\u00e4mp\u00f6jakauman. T\u00e4m\u00e4 johtaa tasaisesti tuoksuvaan l\u00e4ht\u00f6\u00f6n ja tihe\u00e4\u00e4n aerosoliin ensimm\u00e4isest\u00e4 aktivoinnista viimeiseen. K\u00e4ytt\u00e4j\u00e4n ahdistuksen v\u00e4hent\u00e4miseksi laitteen tilasta, sis\u00e4\u00e4nrakennettu korkea kontrastinen LCD-n\u00e4ytt\u00f6 k\u00e4ytt\u00e4\u00e4 reaaliaikaista telemetriaa pit\u00e4\u00e4kseen k\u00e4ytt\u00e4j\u00e4t ajan tasalla sek\u00e4 akun heikkenemistasosta ett\u00e4 j\u00e4ljell\u00e4 olevan kaavan kapasiteetista. T\u00e4m\u00e4 edustaa korkean tuoton, v\u00e4h\u00e4isen huollon laitteisto ratkaisua, joka on t\u00e4ydellisesti optimoitu irtotavaralogistiikkaan.<\/p>\n<div style=\"background-color: #f8fafc;border-left: 6px solid #4299e1;padding: 20px;margin: 30px 0;border-radius: 0 8px 8px 0\">\n<h3 style=\"margin-top: 0;color: #2b6cb0;font-size: 1.25rem\">Tekninen tieto: Kaksoisverkko l\u00e4mmitysdynamiikka<\/h3>\n<p style=\"margin-bottom: 0\">Kaksinkertaisten verkkomaisen l\u00e4mmityselementtien k\u00e4ytt\u00f6 muuttuu merkitt\u00e4v\u00e4sti h\u00e4vytett\u00e4v\u00e4n h\u00f6yrystimen termodynaamista profiilia. Vakiok\u00e4\u00e4mitykset kokevat usein lokalisoituneen l\u00e4mm\u00f6n keskittymisen, mik\u00e4 voi heikent\u00e4\u00e4 formulaa ennenaikaisesti. K\u00e4ytt\u00e4m\u00e4ll\u00e4 kaksinkertaista verkkomaiskonfiguraatiota BANG LEADER 50000 jakaa s\u00e4hk\u00f6isen kuorman laajemmalle ruudukkoalueelle. Riippumattomat l\u00e4mp\u00f6kuvaustestit osoittavat 40 % v\u00e4henemist\u00e4 l\u00e4mm\u00f6npiikkeiss\u00e4 imev\u00e4smateriaalin poikki verrattuna tavallisiin k\u00e4\u00e4mityksiin. T\u00e4m\u00e4 tasainen l\u00e4mmitysprotokolla ei ainoastaan maksimoi aerosolointitehokkuutta, vaan my\u00f6s varmistaa, ett\u00e4 aromiprofiilien kompleksiset molekyylirakenteet pysyv\u00e4t ehjin\u00e4, tarjoamalla vakaan tuotannon kymmenet tuhannet aktivoinnit.<\/p>\n<\/div>\n<h2 style=\"color: #1a202c;border-bottom: 2px solid #edf2f7;padding-bottom: 10px;margin-top: 40px\">Empiirinen testaus ja s\u00e4\u00e4ntelyvaatimustenmukaisuus<\/h2>\n<p>Luottamuksen vahvistamiseksi ja operatiivisten kykyjen varmentamiseksi BANG LEADER 50000 k\u00e4y l\u00e4pi tiukat empiiriset testit ennen markkinoille tuloa. Laajasti mainostettu 50 000 puuskauksen lukum\u00e4\u00e4r\u00e4 ei ole mielivaltainen arvio; se on johdettu standardisoiduista laboratoriotesteist\u00e4, joissa k\u00e4ytet\u00e4\u00e4n automaattisia imemis koneita. N\u00e4m\u00e4 koneet on kalibroitu tiettyihin hengitysparametreihin - tyypillisesti 3 sekunnin imemisaika, jota seuraa 30 sekunnin lepotila, ja joka vet\u00e4\u00e4 55 ml:n ilmam\u00e4\u00e4r\u00e4n jokaista aktivointia kohden. N\u00e4iss\u00e4 kontrolloiduissa ymp\u00e4rist\u00f6olosuhteissa kaksois 36 mL -s\u00e4ili\u00f6t osoittavat jatkuvasti kykyns\u00e4 saavuttaa ilmoitettu pitk\u00e4ik\u00e4isyysraja.<\/p>\n<p>Lis\u00e4ksi akun syklitestaus vahvistaa, ett\u00e4 650mAh Li-Po -solu s\u00e4ilytt\u00e4\u00e4 yli 85% alkuper\u00e4isest\u00e4 latauskapasiteetistaan jopa 300 t\u00e4ydellisen lataus-purkaussyklin j\u00e4lkeen, mik\u00e4 varmistaa, ett\u00e4 virtal\u00e4hde kest\u00e4\u00e4 pidemp\u00e4\u00e4n kuin formulauksen tarjonta. Valtuuston ja vaatimustenmukaisuuden n\u00e4k\u00f6kulmasta laitteen sis\u00e4iset elektroniset komponentit noudattavat tiukasti CE- ja RoHS-direktiivej\u00e4. Raskasmetallien testaus mesh-kelojen ja ruokalaatuisten PCTG-muovien s\u00e4ili\u00f6iss\u00e4 varmistaa, ett\u00e4 laite t\u00e4ytt\u00e4\u00e4 tiukat turvallisuusohjeet, asettaen sen eritt\u00e4in luotettavaksi vaihtoehdoksi h\u00e4vytett\u00e4vien h\u00f6yrystimien sektorissa.<\/p>\n<hr style=\"border: 0;height: 1px;background-image: linear-gradient(to right, rgba(0, 0, 0, 0), rgba(0, 0, 0, 0.15), rgba(0, 0, 0, 0));margin: 40px 0\" \/>\n<h2 style=\"color: #1a202c;border-bottom: 2px solid #edf2f7;padding-bottom: 10px;margin-top: 30px\"><a style=\"color: #3182ce;text-decoration: none\" href=\"https:\/\/vapexyz.com\/fi\/tuotekategoria\/pamaus\/\">B\u00c4NGIN JOHTAJA<\/a> 50 000 Puffs Dual-Profiili yhdistelm\u00e4t<\/h2>\n<p>Kaksivarastoj\u00e4rjestelm\u00e4 mahdollistaa k\u00e4yt\u00f6n aikana vaihtamisen t\u00e4ydent\u00e4vien aromaattisten profiilien v\u00e4lill\u00e4. T\u00e4ss\u00e4 ovat kaikki 12 kaksiprofiilista yhdistelm\u00e4\u00e4, jotka on suunniteltu optimaalista aistikastaulua varten ja m\u00e4\u00e4ritelty t\u00e4sm\u00e4llisess\u00e4 valmistusj\u00e4rjestyksess\u00e4:<\/p>\n<ol style=\"background: #fff;padding: 25px 25px 25px 45px;border-radius: 8px;margin-bottom: 30px;border: 1px solid #e2e8f0\">\n<li style=\"margin-bottom: 12px;padding-left: 10px\">Mansikka Vadelma Kirsikka J\u00e4\u00e4 &amp; Kirsikka<\/li>\n<li style=\"margin-bottom: 12px;padding-left: 10px\">Vesimeloni Mansikka &amp; Vesimeloni Red Bull<\/li>\n<li style=\"margin-bottom: 12px;padding-left: 10px\">Musta Ryp\u00e4le &amp; Vihre\u00e4 Ryp\u00e4le -Karkki<\/li>\n<li style=\"margin-bottom: 12px;padding-left: 10px\">Apple Pear &amp; Kiwi Passion Fruit Guava<\/li>\n<li style=\"margin-bottom: 12px;padding-left: 10px\">Hapan Ananasmehu &amp; Sitruuna Lime Red Bull<\/li>\n<li style=\"margin-bottom: 12px;padding-left: 10px\">Banaani J\u00e4\u00e4 &amp; Mango Mansikka<\/li>\n<li style=\"margin-bottom: 12px;padding-left: 10px\">Mustikka-Hapankirsikka &amp; Mustikka J\u00e4\u00e4<\/li>\n<li style=\"margin-bottom: 12px;padding-left: 10px\">Kirsikkakola &amp; Pink Lemonade<\/li>\n<li style=\"margin-bottom: 12px;padding-left: 10px\">Mustikka Vadelma Sitruunamehu &amp; Mansikka Vadelma Kirsikka J\u00e4\u00e4<\/li>\n<li style=\"margin-bottom: 12px;padding-left: 10px\">Mansikka Kiivi &amp; Mansikka J\u00e4\u00e4<\/li>\n<li style=\"margin-bottom: 12px;padding-left: 10px\">Ananas Passionhedelm\u00e4 &amp; Ananas J\u00e4\u00e4<\/li>\n<li style=\"margin-bottom: 12px;padding-left: 10px\">Vadelma Mojito &amp; Kirsikka Vadelma Lime<\/li>\n<\/ol>\n<hr style=\"border: 0;height: 1px;background-image: linear-gradient(to right, rgba(0, 0, 0, 0), rgba(0, 0, 0, 0.15), rgba(0, 0, 0, 0));margin: 40px 0\" \/>\n<h2 style=\"color: #1a202c;border-bottom: 2px solid #edf2f7;padding-bottom: 10px\">Logistiikka, Pakkaus &amp; Tekniset tiedot<\/h2>\n<p>B2B-toimintojen ja varastonhallinnan kannalta on olennaista ymm\u00e4rt\u00e4\u00e4 varaston tarkat fyysiset tiedot. BANG LEADER 50000 on pakattu kest\u00e4vist\u00e4, tilaa s\u00e4\u00e4st\u00e4vist\u00e4 materiaaleista, jotta kuljetusvauriot voidaan minimoida ja varastotilaa voidaan k\u00e4ytt\u00e4\u00e4 tehokkaammin.<\/p>\n<ul style=\"list-style-type: none;padding: 0\">\n<li style=\"background: #f7fafc;margin-bottom: 10px;padding: 15px 20px;border-radius: 6px;border-left: 4px solid #a0aec0;align-items: center\"><span style=\"width: 120px\">Yksikk\u00f6paino:<\/span> n. 100 g (sis\u00e4lt\u00e4en sis\u00e4isen akun ja t\u00e4ydet s\u00e4ili\u00f6t)<\/li>\n<li style=\"background: #f7fafc;margin-bottom: 10px;padding: 15px 20px;border-radius: 6px;border-left: 4px solid #a0aec0;align-items: center\"><span style=\"width: 120px\">N\u00e4ytt\u00f6ruutu:<\/span> 10 laitetta v\u00e4hitt\u00e4ismyyntiin valmiissa laatikossa (bruttopaino noin 1 000 g)<\/li>\n<li style=\"background: #f7fafc;margin-bottom: 10px;padding: 15px 20px;border-radius: 6px;border-left: 4px solid #a0aec0;align-items: center\"><span style=\"width: 120px\">P\u00e4\u00e4pakkaus:<\/span> 200 yksikk\u00f6\u00e4 per laatikko, mitat ~65\u202f\u00d7\u202f31\u202f\u00d7\u202f26\u202fcm, kokonaispaino noin 21,3\u202fkg<\/li>\n<\/ul>\n<hr style=\"border: 0;height: 1px;background-image: linear-gradient(to right, rgba(0, 0, 0, 0), rgba(0, 0, 0, 0.15), rgba(0, 0, 0, 0));margin: 40px 0\" \/>\n<h2 style=\"color: #1a202c;border-bottom: 2px solid #edf2f7;padding-bottom: 10px\">Pika Yleiskatsaus Taulukko<\/h2>\n<div>\n<table style=\"width: 100%;border-collapse: collapse;margin: 20px 0;border-radius: 8px;overflow: hidden;background: #fff\">\n<thead style=\"background-color: #2d3748;color: #ffffff;text-align: left\">\n<tr>\n<th style=\"padding: 16px 20px;font-weight: 600;text-transform: uppercase;font-size: 0.85rem;letter-spacing: 0.05em\">Laitteiston ominaisuus<\/th>\n<th style=\"padding: 16px 20px;font-weight: 600;text-transform: uppercase;font-size: 0.85rem;letter-spacing: 0.05em\">Tekninen kuvaus<\/th>\n<\/tr>\n<\/thead>\n<tbody style=\"font-size: 0.95rem\">\n<tr style=\"border-bottom: 1px solid #edf2f7\">\n<td style=\"padding: 16px 20px;font-weight: 500;color: #4a5568\">Maksimitoiminnot<\/td>\n<td style=\"padding: 16px 20px;color: #718096\">Enint\u00e4\u00e4n 50 000 (Laboratorioverikoeperusteisesti)<\/td>\n<\/tr>\n<tr style=\"border-bottom: 1px solid #edf2f7;background-color: #f8fafc\">\n<td style=\"padding: 16px 20px;font-weight: 500;color: #4a5568\">S\u00e4ili\u00f6n kapasiteetti<\/td>\n<td style=\"padding: 16px 20px;color: #718096\">Noin 36\u202fmL (Erilaiset kaksoispussit)<\/td>\n<\/tr>\n<tr style=\"border-bottom: 1px solid #edf2f7\">\n<td style=\"padding: 16px 20px;font-weight: 500;color: #4a5568\">Virtal\u00e4hdekenno<\/td>\n<td style=\"padding: 16px 20px;color: #718096\">650 mAh ladattava Li-Po (Type-C-protokolla)<\/td>\n<\/tr>\n<tr style=\"border-bottom: 1px solid #edf2f7;background-color: #f8fafc\">\n<td style=\"padding: 16px 20px;font-weight: 500;color: #4a5568\">Atomiintiteknologia<\/td>\n<td style=\"padding: 16px 20px;color: #718096\">Kaksinkertainen verkkoarkkitehtuuri optimoitua l\u00e4mm\u00f6nsiirtoa varten<\/td>\n<\/tr>\n<tr style=\"border-bottom: 1px solid #edf2f7\">\n<td style=\"padding: 16px 20px;font-weight: 500;color: #4a5568\">Tehol\u00e4ht\u00f6<\/td>\n<td style=\"padding: 16px 20px;color: #718096\">Dynaaminen \/ s\u00e4\u00e4dett\u00e4v\u00e4 MCU-ohjattu teho<\/td>\n<\/tr>\n<tr style=\"border-bottom: 1px solid #edf2f7;background-color: #f8fafc\">\n<td style=\"padding: 16px 20px;font-weight: 500;color: #4a5568\">Telemetrian\u00e4ytt\u00f6<\/td>\n<td style=\"padding: 16px 20px;color: #718096\">LCD-matriisi, joka osoittaa lataustilan ja kaavan ehtymisen<\/td>\n<\/tr>\n<tr style=\"border-bottom: 1px solid #edf2f7\">\n<td style=\"padding: 16px 20px;font-weight: 500;color: #4a5568\">Keskitt\u00e4misasteet<\/td>\n<td style=\"padding: 16px 20px;color: #718096\">0%, 2%, 3%, 5% -versiot saatavilla<\/td>\n<\/tr>\n<tr style=\"border-bottom: 1px solid #edf2f7;background-color: #f8fafc\">\n<td style=\"padding: 16px 20px;font-weight: 500;color: #4a5568\">Aromakonfiguraatiot<\/td>\n<td style=\"padding: 16px 20px;color: #718096\">12 kytkett\u00e4v\u00e4\u00e4 kaksiprofiilista moduulia<\/td>\n<\/tr>\n<tr>\n<td style=\"padding: 16px 20px;font-weight: 500;color: #4a5568\">Bulkkipakkaus<\/td>\n<td style=\"padding: 16px 20px;color: #718096\">10 yksikk\u00f6\u00e4\/n\u00e4ytt\u00f6laatikko, 200 yksikk\u00f6\u00e4\/p\u00e4\u00e4laatikko<\/td>\n<\/tr>\n<\/tbody>\n<\/table>\n<\/div>\n<h2 style=\"color: #1a202c;border-bottom: 2px solid #edf2f7;padding-bottom: 10px;margin-top: 40px\">Usein kysytyt kysymykset (FAQ)<\/h2>\n<details style=\"background: #ffffff;border: 1px solid #e2e8f0;border-radius: 6px;margin-bottom: 10px;padding: 10px 15px;cursor: pointer\">\n<summary style=\"font-weight: 600;color: #2d3748\">Miten 50 000 puuskauksen lukum\u00e4\u00e4r\u00e4 empiirisesti validoitiin?<\/summary>\n<p style=\"margin-top: 10px;color: #4a5568;line-height: 1.6\">Valmistaja k\u00e4ytt\u00e4\u00e4 mekaanisia puff-testaussimulaattoreita, jotka on konfiguroitu Kansainv\u00e4lisest\u00e4 standardointij\u00e4rjest\u00f6st\u00e4 (ISO) johdettujen parametrien mukaan. N\u00e4m\u00e4 simulaattorit suorittavat jatkuvia standardisoituja aktivointeja (esim. 3 sekunnin vetoja), kunnes 36 ml:n formula-reservi on kokonaan k\u00e4ytetty. Todellinen k\u00e4ytt\u00f6 voi vaihdella yksil\u00f6llisen hengityksen kestosta ja syvyydest\u00e4 riippuen.<\/p>\n<\/details>\n<details style=\"background: #ffffff;border: 1px solid #e2e8f0;border-radius: 6px;margin-bottom: 10px;padding: 10px 15px;cursor: pointer\">\n<summary style=\"font-weight: 600;color: #2d3748\">Mik\u00e4 varmistaa t\u00e4m\u00e4n kertak\u00e4ytt\u00f6isen h\u00f6yrystimen turvallisuuden ja vaatimustenmukaisuuden?<\/summary>\n<p style=\"margin-top: 10px;color: #4a5568;line-height: 1.6\">Sis\u00e4inen akun piirist\u00f6 vastaa CE-merkint\u00e4standardeja, ja siin\u00e4 on ylilataus-, oikosulku- ja alij\u00e4nnitesuojaus. Liuosta sis\u00e4lt\u00e4v\u00e4t kapselit valmistetaan elintarvikek\u00e4ytt\u00f6\u00f6n soveltuvista PCTG-polymeereist\u00e4, jotka ovat kemiallisesti inerttej\u00e4 ja resistenttej\u00e4 l\u00e4mp\u00f6hajoamiselle, mik\u00e4 varmistaa, ett\u00e4 mik\u00e4\u00e4n pehmittin ei vuoda formulaatioon laitteen k\u00e4ytt\u00f6i\u00e4n aikana.<\/p>\n<\/details>\n<details style=\"background: #ffffff;border: 1px solid #e2e8f0;border-radius: 6px;margin-bottom: 10px;padding: 10px 15px;cursor: pointer\">\n<summary style=\"font-weight: 600;color: #2d3748\">Voinko ladata laitteen mill\u00e4 tahansa Type-C-kaapelilla?<\/summary>\n<p style=\"margin-top: 10px;color: #4a5568;line-height: 1.6\">Kyll\u00e4, laite k\u00e4ytt\u00e4\u00e4 standardia Type-C-porttia. Optimaalisen akun terveyden ja k\u00e4ytt\u00f6i\u00e4n takaamiseksi on kuitenkin empiirisesti suositeltavaa k\u00e4ytt\u00e4\u00e4 standardia 5V\/1A latauslohkoa. V\u00e4lt\u00e4 korkean tehon kannettavien tietokoneiden tai tablettien latureita, sill\u00e4 liiallinen virran toimittaminen voi aiheuttaa 650mAh Li-Po-solulle l\u00e4mp\u00f6j\u00e4nnityst\u00e4 ajan mittaan.<\/p>\n<\/details>\n<h2 style=\"color: #1a202c;border-bottom: 2px solid #edf2f7;padding-bottom: 10px;margin-top: 40px\">Miksi ostaa VapeXYZ:st\u00e4<\/h2>\n<p>Elektronisten h\u00f6yrystystuotteiden maailmanlaajuinen jakeluverkosto vaatii luotettavan ja tarkistetun toimitusketjun. VapeXYZ:ss\u00e4 hy\u00f6dynnet\u00e4\u00e4n yli 8 vuoden auditoitua alan kokemusta toimittaakseen aitot, tehtaalta suoraan alkuper\u00e4iset Bang Leader 50000 kertak\u00e4ytt\u00f6iset h\u00f6yrystimet suoraan tukkukauppiaille ja v\u00e4hitt\u00e4isliikkeille eri puolille Eurooppaa. Tiukat toimittajien varmistusprosessimme eliminoivat v\u00e4\u00e4rennettyjen tuotteiden p\u00e4\u00e4syn varastoosi.<\/p>\n<ul style=\"padding-left: 20px;color: #4a5568;line-height: 1.8\">\n<li style=\"margin-bottom: 8px\">Autenttisuuden varmistus: Ostat suoraan valtuutetulta toimittajalta - aitous tuote taattu, sis\u00e4lt\u00e4en vahvistettavat er\u00e4numerot ja v\u00e4\u00e4rent\u00e4misen est\u00e4v\u00e4t merkinn\u00e4t.<\/li>\n<li style=\"margin-bottom: 8px\">Taloudellinen skaalaus: Kilpailukykyiset irtotavaroiden hinnoittelurakenteet on matemaattisesti r\u00e4\u00e4t\u00e4l\u00f6ity j\u00e4lleenmyyjille terveiden voittomarginaalien yll\u00e4pit\u00e4miseksi tuotteen laadusta tinkim\u00e4tt\u00e4.<\/li>\n<li style=\"margin-bottom: 8px\">Logistinen eheys: Luotettava kuljetusinfrastruktuuri ja syv\u00e4llinen osaaminen alueellisissa tulliasioissa koko Euroopassa, mik\u00e4 minimoi rajaviiv\u00e4stymiset.<\/li>\n<li style=\"margin-bottom: 8px\">Omistautunut tilinhallinta: Tuote-eritelmiin ja logistiikkaan koulutut, tukea tarjoavat ja nopeasti reagoivat B2B-asiakaspalvelutiimit ovat aina k\u00e4ytett\u00e4viss\u00e4.<\/li>\n<\/ul>\n<p>Luotettavaa, tietopohjaista tukkumyyntihankintastrategiaa varten, joka keskittyy suurikapasiteettisiin, kaksiprofiilisiin kertak\u00e4ytt\u00f6isiin vapeihin, turvaa varastosi VapeXYZ:n kanssa t\u00e4n\u00e4\u00e4n. Olemme t\u00e4ysin varustettu infrastruktuurilla ja alan asiantuntemuksella tukemaan vape-yrityksesi laajentumista koko Euroopan mantereella.<\/p>\n<div style=\"margin-top: 40px;text-align: center\">\n<p><img loading=\"lazy\" decoding=\"async\" class=\"alignnone size-full wp-image-54653\" style=\"max-width: 100%;height: auto;border-radius: 8px\" src=\"https:\/\/vapexyz.com\/wp-content\/uploads\/2025\/08\/BANG-LEADER-50000-Puffs-Dual-Flavors-Low-Nicotine-Bulk-Buy-Original-Rechargeable-Disposable-Vapes-Wholesale-1-scaled.webp\" alt=\"BANG JOHTAJA 50000 Pahvapuffia Kaksi Profiilia Irtaostot Alkuper\u00e4iset Ladattavat H\u00e4vytett\u00e4v\u00e4t Vape- Tuotteet Tukkuostot\" width=\"2560\" height=\"1434\" title=\"\" srcset=\"https:\/\/vapexyz.com\/wp-content\/uploads\/2025\/08\/BANG-LEADER-50000-Puffs-Dual-Flavors-Low-Nicotine-Bulk-Buy-Original-Rechargeable-Disposable-Vapes-Wholesale-1-scaled.webp 2560w, https:\/\/vapexyz.com\/wp-content\/uploads\/2025\/08\/BANG-LEADER-50000-Puffs-Dual-Flavors-Low-Nicotine-Bulk-Buy-Original-Rechargeable-Disposable-Vapes-Wholesale-1-scaled-500x280.webp 500w, https:\/\/vapexyz.com\/wp-content\/uploads\/2025\/08\/BANG-LEADER-50000-Puffs-Dual-Flavors-Low-Nicotine-Bulk-Buy-Original-Rechargeable-Disposable-Vapes-Wholesale-1-scaled-1024x574.webp 1024w, https:\/\/vapexyz.com\/wp-content\/uploads\/2025\/08\/BANG-LEADER-50000-Puffs-Dual-Flavors-Low-Nicotine-Bulk-Buy-Original-Rechargeable-Disposable-Vapes-Wholesale-1-scaled-768x430.webp 768w, https:\/\/vapexyz.com\/wp-content\/uploads\/2025\/08\/BANG-LEADER-50000-Puffs-Dual-Flavors-Low-Nicotine-Bulk-Buy-Original-Rechargeable-Disposable-Vapes-Wholesale-1-scaled-1536x860.webp 1536w, https:\/\/vapexyz.com\/wp-content\/uploads\/2025\/08\/BANG-LEADER-50000-Puffs-Dual-Flavors-Low-Nicotine-Bulk-Buy-Original-Rechargeable-Disposable-Vapes-Wholesale-1-scaled-2048x1147.webp 2048w, https:\/\/vapexyz.com\/wp-content\/uploads\/2025\/08\/BANG-LEADER-50000-Puffs-Dual-Flavors-Low-Nicotine-Bulk-Buy-Original-Rechargeable-Disposable-Vapes-Wholesale-1-scaled-18x10.webp 18w, https:\/\/vapexyz.com\/wp-content\/uploads\/2025\/08\/BANG-LEADER-50000-Puffs-Dual-Flavors-Low-Nicotine-Bulk-Buy-Original-Rechargeable-Disposable-Vapes-Wholesale-1-scaled-510x286.webp 510w\" sizes=\"auto, (max-width: 2560px) 100vw, 2560px\" \/><\/p>\n<\/div>\n<\/article>","protected":false},"excerpt":{"rendered":"<p>BANG JOHTAJA 50000 Puffs on premium uudelleenladattava kaksimakuinen kertak\u00e4ytt\u00f6inen vape, jossa on alhainen teho, \u00e4lyk\u00e4s n\u00e4ytt\u00f6, Type-C lataus ja jopa 50 000 puffia - ihanteellinen irtotavarakauppaa varten VapeXYZ:ss\u00e4.<\/p>","protected":false},"featured_media":54655,"comment_status":"open","ping_status":"closed","template":"","meta":{"_lmt_disableupdate":"no","_lmt_disable":""},"product_brand":[],"product_cat":[821,1012,947,935,934,927,929,928,930,933,939,932,938,931,936,937,1017,949,946,1083,950,951,953,987],"product_tag":[],"class_list":{"0":"post-54652","1":"product","2":"type-product","3":"status-publish","4":"has-post-thumbnail","6":"product_cat-bang","7":"product_cat-50000-puff-vapes","8":"product_cat-big-puffs-vapes","9":"product_cat-bulk-buy-disposable-vapes-in-austria","10":"product_cat-bulk-buy-disposable-vapes-in-belgium","11":"product_cat-bulk-buy-disposable-vapes-in-europe","12":"product_cat-bulk-buy-disposable-vapes-in-france","13":"product_cat-bulk-buy-disposable-vapes-in-germany","14":"product_cat-bulk-buy-disposable-vapes-in-italy","15":"product_cat-bulk-buy-disposable-vapes-in-netherlands","16":"product_cat-bulk-buy-disposable-vapes-in-norway","17":"product_cat-bulk-buy-disposable-vapes-in-poland","18":"product_cat-bulk-buy-disposable-vapes-in-portugal","19":"product_cat-bulk-buy-disposable-vapes-in-spain","20":"product_cat-bulk-buy-disposable-vapes-in-sweden","21":"product_cat-bulk-buy-disposable-vapes-in-switzerland","22":"product_cat-buy-best-disposable-vape-flavors","23":"product_cat-digital-box-vapes","24":"product_cat-disposable-vapes-series","25":"product_cat-double-flavor-vapes","26":"product_cat-dual-mesh-vapes","27":"product_cat-lower-nicotine-vapes","28":"product_cat-rechargeable-vapes","29":"product_cat-vape-shop-by-puffs","31":"first","32":"instock","33":"shipping-taxable","34":"purchasable","35":"product-type-variable","36":"has-default-attributes"},"jetpack_sharing_enabled":true,"tiered_pricing_type":"fixed","tiered_pricing_fixed_rules":[],"tiered_pricing_product_settings":{"layout":"default","base_unit_name":{"singular":null,"plural":null},"default_variation":null},"tiered_pricing_minimum_quantity":null,"tiered_pricing_roles_data":[],"tiered_pricing_percentage_rules":[],"tiered_pricing_maximum_quantity":null,"tiered_pricing_quantity_step":null,"_links":{"self":[{"href":"https:\/\/vapexyz.com\/fi\/wp-json\/wp\/v2\/product\/54652","targetHints":{"allow":["GET"]}}],"collection":[{"href":"https:\/\/vapexyz.com\/fi\/wp-json\/wp\/v2\/product"}],"about":[{"href":"https:\/\/vapexyz.com\/fi\/wp-json\/wp\/v2\/types\/product"}],"replies":[{"embeddable":true,"href":"https:\/\/vapexyz.com\/fi\/wp-json\/wp\/v2\/comments?post=54652"}],"wp:featuredmedia":[{"embeddable":true,"href":"https:\/\/vapexyz.com\/fi\/wp-json\/wp\/v2\/media\/54655"}],"wp:attachment":[{"href":"https:\/\/vapexyz.com\/fi\/wp-json\/wp\/v2\/media?parent=54652"}],"wp:term":[{"taxonomy":"product_brand","embeddable":true,"href":"https:\/\/vapexyz.com\/fi\/wp-json\/wp\/v2\/product_brand?post=54652"},{"taxonomy":"product_cat","embeddable":true,"href":"https:\/\/vapexyz.com\/fi\/wp-json\/wp\/v2\/product_cat?post=54652"},{"taxonomy":"product_tag","embeddable":true,"href":"https:\/\/vapexyz.com\/fi\/wp-json\/wp\/v2\/product_tag?post=54652"}],"curies":[{"name":"wp","href":"https:\/\/api.w.org\/{rel}","templated":true}]}}