{"id":54338,"date":"2025-08-06T13:10:39","date_gmt":"2025-08-06T13:10:39","guid":{"rendered":"https:\/\/vapexyz.com\/?post_type=product&#038;p=54338"},"modified":"2026-03-02T10:30:23","modified_gmt":"2026-03-02T10:30:23","slug":"bang-johtaja-20000-puffia-alhainen-nikotiini-irtotavarana-osta-alkuperainen-ladattava-kertakayttoinen-vape-tukkumyynti","status":"publish","type":"product","link":"https:\/\/vapexyz.com\/fi\/product\/bang-leader-20000-puffs-low-nicotine-bulk-buy-original-rechargeable-disposable-vapes-wholesale\/","title":{"rendered":"BANG JOHTAJA 20000 Pahvapuffia Irtotavarana Ostettavia Ladattavia H\u00e4vytett\u00e4viss\u00e4 Vapeja Tukkuostot"},"content":{"rendered":"<p style=\"font-family: system-ui, -apple-system, sans-serif;line-height: 1.7;color: #2c3e50;max-width: 100%;margin: 0 auto;padding: 20px\">BANG LEADER 20000 Puffs -kertak\u00e4ytt\u00f6inen h\u00f6yrystin edustaa merkitt\u00e4v\u00e4\u00e4 virstanpylv\u00e4st\u00e4 suurikapasiteettisessa laitteistoinsin\u00f6\u00f6ri\u00f6ss\u00e4, tarjoten pitk\u00e4aikaisen ja tyytyv\u00e4isen aistikokemuksen aikuisille k\u00e4ytt\u00e4jille. Varustettuna vankalla 650mAh ladattavalla sis\u00e4isell\u00e4 akulla, suurella 28ml kapasiteetilla esit\u00e4ytetty\u00e4 patentoitua formulaatiota, ja edistyneell\u00e4 mesh-k\u00e4\u00e4mi j\u00e4rjestelm\u00e4ll\u00e4, t\u00e4m\u00e4 laite varmistaa sile\u00e4n ja tasaisen h\u00f6yryn tuotannon jokaisella vetolla. Huolellisesti suunniteltu sek\u00e4 mukavuuden ett\u00e4 optimaalisen suorituskyvyn takaamiseksi, t\u00e4m\u00e4 laite on ihanteellinen ratkaisu aikuisille kuluttajille, jotka etsiv\u00e4t luotettavaa, pitk\u00e4ik\u00e4ist\u00e4 laitetta, ja j\u00e4lleenmyyjille, jotka haluavat ostaa irtotavarana todistetun markkinajohtajan.<\/p>\n<p style=\"font-size: 1.1em;margin-bottom: 30px\">VapeXYZ:ss\u00e4 toimimme ensisijaisena, luotettavana verkkowholesale-alustana koko Euroopassa. Yli 8 vuoden kokemuksella h\u00f6yryttimien alalla, meid\u00e4n asemamme globaalissa jakeluverkostossa mahdollistaa aitoiden, suurikapasiteettisten kertak\u00e4ytt\u00f6isten h\u00f6yryttimien toimittamisen eritt\u00e4in kilpailukykyisin B2B-hinnoin. Olitpa sitten varastoimassa suurta yrityst\u00e4 tai erikoismyym\u00e4l\u00e4\u00e4, meid\u00e4n v\u00e4himm\u00e4istilausm\u00e4\u00e4r\u00e4 vain 10 kappaletta tarjoaa vertaansa vailla olevan joustavuuden.<\/p>\n<div style=\"text-align: center;margin: 40px 0\"><img loading=\"lazy\" decoding=\"async\" class=\"alignnone wp-image-54391 size-full\" style=\"max-width: 100%;height: auto;border-radius: 12px\" src=\"https:\/\/vapexyz.com\/wp-content\/uploads\/2025\/08\/BANG-LEADER-20000-Puffs-Low-Nicotine-Bulk-Buy-Original-Rechargeable-Disposable-Vapes-Wholesale-3.webp\" alt=\"BANG JOHTAJA 20000 Pahlaa Irtaostot Alkuper\u00e4iset Ladattavat H\u00e4vytett\u00e4v\u00e4t Vapeet Tukkuostot\" width=\"1200\" height=\"674\" title=\"\" srcset=\"https:\/\/vapexyz.com\/wp-content\/uploads\/2025\/08\/BANG-LEADER-20000-Puffs-Low-Nicotine-Bulk-Buy-Original-Rechargeable-Disposable-Vapes-Wholesale-3.webp 1200w, https:\/\/vapexyz.com\/wp-content\/uploads\/2025\/08\/BANG-LEADER-20000-Puffs-Low-Nicotine-Bulk-Buy-Original-Rechargeable-Disposable-Vapes-Wholesale-3-500x281.webp 500w, https:\/\/vapexyz.com\/wp-content\/uploads\/2025\/08\/BANG-LEADER-20000-Puffs-Low-Nicotine-Bulk-Buy-Original-Rechargeable-Disposable-Vapes-Wholesale-3-1024x575.webp 1024w, https:\/\/vapexyz.com\/wp-content\/uploads\/2025\/08\/BANG-LEADER-20000-Puffs-Low-Nicotine-Bulk-Buy-Original-Rechargeable-Disposable-Vapes-Wholesale-3-768x431.webp 768w, https:\/\/vapexyz.com\/wp-content\/uploads\/2025\/08\/BANG-LEADER-20000-Puffs-Low-Nicotine-Bulk-Buy-Original-Rechargeable-Disposable-Vapes-Wholesale-3-18x10.webp 18w, https:\/\/vapexyz.com\/wp-content\/uploads\/2025\/08\/BANG-LEADER-20000-Puffs-Low-Nicotine-Bulk-Buy-Original-Rechargeable-Disposable-Vapes-Wholesale-3-510x286.webp 510w\" sizes=\"auto, (max-width: 1200px) 100vw, 1200px\" \/><\/div>\n<h2 style=\"color: #1a202c;border-bottom: 3px solid #0056b3;padding-bottom: 10px;margin-top: 40px\">Asiantuntemus: Laitteistoinsin\u00f6\u00f6ri ja tekninen osaaminen<\/h2>\n<p>BANG LEADER -kertak\u00e4ytt\u00f6isen h\u00f6yrystimen sis\u00e4inen arkkitehtuuri on rakennettu tiukoilla teknisill\u00e4 standardeilla, jotka on suunniteltu maksimoimaan sek\u00e4 s\u00e4ilyvyys ett\u00e4 k\u00e4ytt\u00e4jien tyytyv\u00e4isyys. Toisin kuin tavalliset kertak\u00e4ytt\u00f6iset h\u00f6yrystimet, BANG LEADER k\u00e4ytt\u00e4\u00e4 integroitua 13400-litium-ioni-akun kennoa. 13400-merkint\u00e4 viittaa kennon erityisiin mittoihin ja stabiiliin kemiaan, joka tarjoaa luotettavan 650mAh kapasiteetin. T\u00e4m\u00e4 kapasiteetti on t\u00e4ydellisesti kalibroitu tuottamaan vakaa j\u00e4nnite l\u00e4mmityselementtiin aiheuttamatta sis\u00e4isille komponenteille l\u00e4mp\u00f6degradointia.<\/p>\n<p>Lis\u00e4ksi laite k\u00e4ytt\u00e4\u00e4 eritt\u00e4in tehokasta 1,0\u03a9 Mesh Coil -teknologiaa. Insin\u00f6\u00f6ri n\u00e4k\u00f6kulmasta mesh-kelat tarjoavat merkitt\u00e4v\u00e4sti suuremman pinta-alan verrattuna perinteisiin py\u00f6re\u00e4n johdon spiraaleihin. T\u00e4m\u00e4 laajennettu pinta-ala takaa nopean ja tasaisen l\u00e4mmityksen 28ml-formulaatiolle. 1,0 ohmin vastustaso on t\u00e4sm\u00e4lleen suunniteltu suuhun-keuhkoon (MTL) -inhalaatiota varten, j\u00e4ljittelem\u00e4ll\u00e4 perinteist\u00e4 vetovastusta sek\u00e4 optimoimalla akun tehokkuutta. Vakiotyyppisen C-liit\u00e4nn\u00e4n integrointi varmistaa nykyaikaisen, nopean latauksen yhteensopivuuden, hy\u00f6dynt\u00e4m\u00e4ll\u00e4 sis\u00e4\u00e4nrakennettuja ylilataussuojauspiirej\u00e4 laitteiston eheyden yll\u00e4pit\u00e4miseksi useiden latauskertojen aikana.<\/p>\n<h2 style=\"color: #1a202c;border-bottom: 3px solid #0056b3;padding-bottom: 10px;margin-top: 40px\">Empiirinen n\u00e4ytt\u00f6: Testaus ja laadun varmistus<\/h2>\n<p>Vaatimus \u201c20 000 puffia\u201d ei ole mielivaltainen luku, vaan mittari, joka on johdettu standardisoiduista empiirisist\u00e4 testaustavoista valmistustilassa. Laadun varmistusvaiheessa (QA) n\u00e4ist\u00e4 h\u00e4vytett\u00e4vist\u00e4 vapeista valitaan satunnaisesti er\u00e4kohtaisia n\u00e4ytteit\u00e4, jotka altistetaan automaattisille pneumaattisille imemisille. N\u00e4m\u00e4 koneet simuloivat standardia ihmisen hengityst\u00e4 - tyypillisesti mitattuna 2-3 sekunnin kestoisella imemisell\u00e4 per puff - objektiivisesti laskeakseen 28 ml:n formulaation elinkaaren ja mesh-k\u00e4\u00e4min heikkenemispisteen.<\/p>\n<p>Piirustusten m\u00e4\u00e4r\u00e4n varmentamisen lis\u00e4ksi empiirinen testaus laajenee rakenteelliseen eheydelle. Polykarbonaattikoria testataan pudotustesteill\u00e4 ja ilmakeh\u00e4n paineen testeill\u00e4 sen varmistamiseksi, ett\u00e4 vuotoa ei esiinny korkealla kuljetuksen ja vaihtelevan l\u00e4mp\u00f6tilan varastoinnin aikana. Suljetun j\u00e4rjestelm\u00e4n s\u00e4ili\u00f6t\u00e4 hy\u00f6dynt\u00e4m\u00e4ll\u00e4 BANG LEADER s\u00e4ilytt\u00e4\u00e4 ilmatiivisteen, joka s\u00e4ilytt\u00e4\u00e4 formulaation aromaattiset yhdisteet, mik\u00e4 varmistaa, ett\u00e4 ensimm\u00e4inen piirros esitt\u00e4\u00e4 t\u00e4sm\u00e4lleen saman aistikkaan tuotoksen kuin viimeinen piirros.<\/p>\n<h2 style=\"color: #1a202c;border-bottom: 3px solid #0056b3;padding-bottom: 10px;margin-top: 40px\">Valta ja Luottamus: Eurooppalainen tukkukauppasi yhteisty\u00f6kumppani<\/h2>\n<p>Ammatillisena B2B-jakelijana VapeXYZ ymm\u00e4rt\u00e4\u00e4 toimitusketjun avoimuuden, tuotteen aitouden ja s\u00e4\u00e4ntelyvaatimusten noudattamisen kriittisen luonteen. Kahdeksan vuoden kokemuksemme kertak\u00e4ytt\u00f6isten h\u00f6yrystimien jakelusta on mahdollistanut suorien suhteiden muodostamisen huippuluokan valmistajiin. T\u00e4m\u00e4 suora yhteys eliminoi kolmannen osapuolen hinnankorotukset ja v\u00e4hent\u00e4\u00e4 merkitt\u00e4v\u00e4sti v\u00e4\u00e4rennettyjen tuotteiden p\u00e4\u00e4syn v\u00e4hitt\u00e4iskaupan varastoon.<\/p>\n<p>Rakennamme luottamusta eritt\u00e4in helposti saavutettavan tilausrakenteen kautta. Asettamalla poikkeuksellisen alhaisen v\u00e4himm\u00e4istilausm\u00e4\u00e4r\u00e4n (MOQ) vain 10 kappaletta, mahdollistamme pienille ja keskisuurille yrityksille (SME) markkinoiden vastaanoton testaamisen ilman suuriin p\u00e4\u00e4omasijoituksiin sitoutumista. Suuremmille jakelijoille robusti logistiikkaverkkomme varmistaa turvallisen, j\u00e4ljitett\u00e4v\u00e4n ja nopeutetun toimituksen kaikille Euroopan alueille. Lis\u00e4ksi BANG LEADER -laite tukee t\u00e4ydellist\u00e4 OEM\/ODM (Original Equipment\/Design Manufacturer) -mukauttamista, jolloin p\u00e4tev\u00e4t irtotavarakauppiaat voivat soveltaa omaa br\u00e4nd\u00e4yst\u00e4 ja pakkausta, jota tukee laaja valmistantajan valtuutus.<\/p>\n<h2 style=\"color: #1a202c;border-bottom: 3px solid #0056b3;padding-bottom: 10px;margin-top: 40px\"><a style=\"color: #1a202c;text-decoration: none\" href=\"https:\/\/vapexyz.com\/fi\/tuotekategoria\/pamaus\/\">BANG JOHTAJA 20000 Pahlausta<\/a> Tekniset tiedot -yhteenveto<\/h2>\n<table style=\"width: 100%;border-collapse: collapse;margin: 30px 0;font-family: inherit;background-color: #ffffff;border-radius: 8px;overflow: hidden\">\n<thead>\n<tr style=\"background-color: #0056b3;color: #ffffff;text-align: left\">\n<th style=\"padding: 15px;font-weight: 600\">Tekninen parametri<\/th>\n<th style=\"padding: 15px;font-weight: 600\">Laitteiston tekniset tiedot<\/th>\n<\/tr>\n<\/thead>\n<tbody>\n<tr style=\"border-bottom: 1px solid #e2e8f0\">\n<td style=\"padding: 15px;font-weight: 500;color: #4a5568\">Suurin l\u00e4ht\u00f6kapasiteetti<\/td>\n<td style=\"padding: 15px;color: #4a5568\">Enint\u00e4\u00e4n 20 000 vetoa<\/td>\n<\/tr>\n<tr style=\"background-color: #f7fafc;border-bottom: 1px solid #e2e8f0\">\n<td style=\"padding: 15px;font-weight: 500;color: #4a5568\">Akun arkkitehtuuri<\/td>\n<td style=\"padding: 15px;color: #4a5568\">Malli 13400 Litium-Ioni, 650mAh (Ladattava)<\/td>\n<\/tr>\n<tr style=\"border-bottom: 1px solid #e2e8f0\">\n<td style=\"padding: 15px;font-weight: 500;color: #4a5568\">L\u00e4mmityselementti<\/td>\n<td style=\"padding: 15px;color: #4a5568\">1,0\u03a9 Edistynyt Mesh-tekniikka<\/td>\n<\/tr>\n<tr style=\"background-color: #f7fafc;border-bottom: 1px solid #e2e8f0\">\n<td style=\"padding: 15px;font-weight: 500;color: #4a5568\">S\u00e4ili\u00f6n tilavuus<\/td>\n<td style=\"padding: 15px;color: #4a5568\">28ml omapatenttiinen formulaatio<\/td>\n<\/tr>\n<tr style=\"border-bottom: 1px solid #e2e8f0\">\n<td style=\"padding: 15px;font-weight: 500;color: #4a5568\">Teho-liit\u00e4nt\u00e4<\/td>\n<td style=\"padding: 15px;color: #4a5568\">Type-C pikalatausportti<\/td>\n<\/tr>\n<tr style=\"background-color: #f7fafc\">\n<td style=\"padding: 15px;font-weight: 500;color: #4a5568\">B2B-mukauttaminen<\/td>\n<td style=\"padding: 15px;color: #4a5568\">T\u00e4ysi OEM \/ ODM-tuki saatavilla<\/td>\n<\/tr>\n<\/tbody>\n<\/table>\n<div style=\"background: linear-gradient(135deg, #f0f7ff 0%, #ffffff 100%);border-left: 6px solid #0056b3;padding: 25px;margin: 40px 0;border-radius: 0 8px 8px 0\">\n<h3 style=\"color: #0056b3;margin-top: 0;font-size: 1.3em\">Alan tieto: 1,0\u03a9 verkon etu<\/h3>\n<p style=\"margin-bottom: 0\">Hajautettavien h\u00f6yrystimien alueella l\u00e4mmityselementin vastus m\u00e4\u00e4r\u00e4\u00e4 laitteen l\u00e4mp\u00f6 dynamiikkaa. 1,0 \u03a9 vastus istuu t\u00e4ydellisess\u00e4 leikkauspisteess\u00e4 h\u00f6yryn tuotannon ja tehon s\u00e4\u00e4st\u00f6n v\u00e4lill\u00e4. K\u00e4ytt\u00e4m\u00e4ll\u00e4 mesh- rakennetta yhden langan sijasta, l\u00e4mm\u00f6n jakautuminen paranee radikaalisti. T\u00e4m\u00e4 poistaa k\u00e4yt\u00e4nn\u00f6ss\u00e4 paikallisen ylikuumenemisen riskin (mik\u00e4 aiheuttaa palaneen maun) ja varmistaa, ett\u00e4 28 ml:n formulaatio aerosoloidaan maksimaalisella tehokkuudella. T\u00e4m\u00e4n seurauksena k\u00e4ytt\u00e4j\u00e4t kokevat rikkaamman, tihe\u00e4mm\u00e4n ja johdonmukaisemman aistikokemuksen ensimm\u00e4isest\u00e4 vetovoimasta laitteen k\u00e4ytt\u00f6i\u00e4n loppuun asti.<\/p>\n<\/div>\n<h2 style=\"color: #1a202c;border-bottom: 3px solid #0056b3;padding-bottom: 10px;margin-top: 40px\">K\u00e4ytett\u00e4viss\u00e4 olevat aistiprofiilit<\/h2>\n<p>BANG LEADER 20000 Puffs -mallisto on huolellisesti suunniteltu tarjoamaan monipuolisen valikoiman makuvaihtoehtoja. Jokainen makuprofiili on asiantuntevasti sekoitettu k\u00e4ytt\u00e4m\u00e4ll\u00e4 korkealaatuisia, elintarvikek\u00e4ytt\u00f6\u00f6n soveltuvia aromiyhdisteit\u00e4 eritt\u00e4in autenttisen ja mieleenpainuvan kokemuksen tarjoamiseksi:<\/p>\n<ul style=\"list-style-type: none;padding: 0;grid-template-columns: repeat(auto-fill, minmax(280px, 1fr));gap: 15px;margin-top: 20px\">\n<li style=\"background-color: #f8f9fa;padding: 15px;border-radius: 8px;border: 1px solid #e9ecef\">Vesimelonan J\u00e4\u00e4: Raskas, virkist\u00e4v\u00e4 profiili, joka toimittaa kes\u00e4hedelm\u00e4n olemuksen yhdistettyn\u00e4 erilliseen viilent\u00e4v\u00e4\u00e4n uloshengitykseen.<\/li>\n<li style=\"background-color: #f8f9fa;padding: 15px;border-radius: 8px;border: 1px solid #e9ecef\">Mansikka Kiivi: Tasapainoinen yhdistelm\u00e4 makeita marja- vivahteita, jotka kietoutuvat yhteen tuoreen kiivin kirpe\u00e4n, trooppisen kuoren kanssa.<\/li>\n<li style=\"background-color: #f8f9fa;padding: 15px;border-radius: 8px;border: 1px solid #e9ecef\">Mansikka-j\u00e4\u00e4: Puhdas, kyps\u00e4n marjainen aromi korostuu viile\u00e4n, kuurisen lopputuloksen ansiosta saadakseen aikaan \u00e4\u00e4rimm\u00e4isen virkistyst\u00e4.<\/li>\n<li style=\"background-color: #f8f9fa;padding: 15px;border-radius: 8px;border: 1px solid #e9ecef\">Mango Peach: Samettinen, auringon kypsent\u00e4m\u00e4 trooppinen sekoitus, joka tarjoaa syvi\u00e4, rikkaita nektarimaisia alatoiveita.<\/li>\n<li style=\"background-color: #f8f9fa;padding: 15px;border-radius: 8px;border: 1px solid #e9ecef\">Mustikka Vadelma: Monimutkainen, kaksimarjainen sekoitus, joka t\u00e4ydellisesti tasapainottaa makeita ja hieman happamia ulottuvuuksia.<\/li>\n<li style=\"background-color: #f8f9fa;padding: 15px;border-radius: 8px;border: 1px solid #e9ecef\">Mustikka Mint: Maanl\u00e4heiset, tummat marjamerkinn\u00e4t sulautuvat saumattomasti raikkaan, kasvitieteellisen yrttituulen kanssa.<\/li>\n<li style=\"background-color: #f8f9fa;padding: 15px;border-radius: 8px;border: 1px solid #e9ecef\">Sekafrukti: Vilkas, monikerroksinen hedelm\u00e4tarha-seos, joka on suunniteltu tarjoamaan dynaamisen aistikokemuksen.<\/li>\n<li style=\"background-color: #f8f9fa;padding: 15px;border-radius: 8px;border: 1px solid #e9ecef\">Mansikka-vesimeloni: Eritt\u00e4in suosittu yhdistelm\u00e4, joka yhdist\u00e4\u00e4 kaksi uskomattoman mehukasta, makeaa profiilia yhdeksi sujuvaksi vetovoimaksi.<\/li>\n<li style=\"background-color: #f8f9fa;padding: 15px;border-radius: 8px;border: 1px solid #e9ecef\">Ryp\u00e4leen J\u00e4\u00e4: Rohkea, tumma viinitarhan aromi, jota seuraa jyrkk\u00e4, j\u00e4\u00e4hdytt\u00e4v\u00e4 tunne.<\/li>\n<li style=\"background-color: #f8f9fa;padding: 15px;border-radius: 8px;border: 1px solid #e9ecef\">Vesimelonakumi: Nostalginen, makeisiin inspiroitunut tuoksu yhdistettyn\u00e4 kevyen hedelm\u00e4iseen lopputulokseen.<\/li>\n<li style=\"background-color: #f8f9fa;padding: 15px;border-radius: 8px;border: 1px solid #e9ecef\">Mustikka Ice: Klassinen tumman marjan maku, jota on tehostettu j\u00e4\u00e4htyneell\u00e4, makua puhdistavalla vaikutuksella.<\/li>\n<li style=\"background-color: #f8f9fa;padding: 15px;border-radius: 8px;border: 1px solid #e9ecef\">Pehme\u00e4 persikka -maku: Miellytt\u00e4v\u00e4n pehme\u00e4, kyps\u00e4n kivellisen hedelm\u00e4n makeus, joka p\u00e4\u00e4ttyy ter\u00e4v\u00e4\u00e4n, virkist\u00e4v\u00e4\u00e4n viile\u00e4n s\u00e4vyyn.<\/li>\n<\/ul>\n<h2 style=\"color: #1a202c;border-bottom: 3px solid #0056b3;padding-bottom: 10px;margin-top: 50px\">T\u00e4rkeimm\u00e4t kohdat Usein kysytyt kysymykset: Tukku- ja tuotantotoiminnot<\/h2>\n<div style=\"margin-top: 20px\">\n<details style=\"background-color: #ffffff;border: 1px solid #ddd;border-radius: 6px;margin-bottom: 10px;padding: 10px\">\n<summary style=\"font-weight: 600;cursor: pointer;color: #2c3e50;padding: 5px\">Mik\u00e4 on akun tarkka spesifikaatio ja miten sit\u00e4 tulisi huoltaa?<\/summary>\n<p style=\"margin-top: 10px;padding-left: 15px;color: #555;border-left: 3px solid #0056b3\">Laite sis\u00e4lt\u00e4\u00e4 13400 litium-ion -kennon, jonka kapasiteetti on 650mAh. Akun k\u00e4ytt\u00f6i\u00e4n maksimoimiseksi suositellaan laitteen lataamista standardin 5V\/1A Type-C latauslohkolla. V\u00e4lt\u00e4 kertak\u00e4ytt\u00f6isten h\u00f6yrystimien j\u00e4tt\u00e4mist\u00e4 ladattaviksi y\u00f6n yli sis\u00e4isen piirist\u00f6n l\u00e4mp\u00f6rasituksen est\u00e4miseksi.<\/p>\n<\/details>\n<details style=\"background-color: #ffffff;border: 1px solid #ddd;border-radius: 6px;margin-bottom: 10px;padding: 10px\">\n<summary style=\"font-weight: 600;cursor: pointer;color: #2c3e50;padding: 5px\">Ovatko n\u00e4m\u00e4 h\u00e4vytett\u00e4v\u00e4t s\u00e4hk\u00f6savukkeet valmiita v\u00e4litt\u00f6m\u00e4\u00e4n Euroopan jakeluun?<\/summary>\n<p style=\"margin-top: 10px;padding-left: 15px;color: #555;border-left: 3px solid #0056b3\">Kyll\u00e4. Ensiluokkaisena tukkukeskuksena VapeXYZ varmistaa, ett\u00e4 kaikki varasto noudattaa standardinmukaisia elektroniikan valmistusprotokollia, jotka sopivat B2B-Euroopan tuontiin. Suosittelemme, ett\u00e4 paikalliset j\u00e4lleenmyyj\u00e4t vahvistavat alueelliset vaatimukset koostumuksen kapasiteeteista ennen irtotilausten tekemist\u00e4.<\/p>\n<\/details>\n<details style=\"background-color: #ffffff;border: 1px solid #ddd;border-radius: 6px;margin-bottom: 10px;padding: 10px\">\n<summary style=\"font-weight: 600;cursor: pointer;color: #2c3e50;padding: 5px\">Miten 10-osainen v\u00e4himm\u00e4istilausm\u00e4\u00e4r\u00e4 (MOQ) toimii tukkukaupassa?<\/summary>\n<p style=\"margin-top: 10px;padding-left: 15px;color: #555;border-left: 3px solid #0056b3\">Yksil\u00f6llinen logistiikkaverkkomme mahdollistaa perinteisten tukkukauppan esteiden ylitt\u00e4misen. Voit tilata vain 10 kappaletta BANG LEADERia testataksesi sen suorituskyky\u00e4 v\u00e4hitt\u00e4istilassasi. Luonnollisesti suurempien bulkkitilausm\u00e4\u00e4rien tilaaminen avaa porrastetun tukkukauppahinnoittelumme, mik\u00e4 maksimoi voitomarginaalisi.<\/p>\n<\/details>\n<details style=\"background-color: #ffffff;border: 1px solid #ddd;border-radius: 6px;margin-bottom: 10px;padding: 10px\">\n<summary style=\"font-weight: 600;cursor: pointer;color: #2c3e50;padding: 5px\">Miten OEM\/ODM-mukauttaminen toimii t\u00e4lle tietylle h\u00f6yrystimelle?<\/summary>\n<p style=\"margin-top: 10px;padding-left: 15px;color: #555;border-left: 3px solid #0056b3\">Yrityksille, jotka haluavat rakentaa oman tuotemerkin, tarjoamme alkuper\u00e4isten laitevalmistajien (OEM) palveluita. T\u00e4m\u00e4 tarkoittaa, ett\u00e4 voimme hy\u00f6dynt\u00e4\u00e4 eritt\u00e4in luotettavaa BANG LEADER -laitteistoarkkitehtuuria (13400-akku, 1,0\u03a9-verkko, 28 ml:n kapasiteetti) ja muuttaa ulkoisen rungon ja pakkauksen niin, ett\u00e4 ne sis\u00e4lt\u00e4v\u00e4t yrityksesi logot ja r\u00e4\u00e4t\u00e4l\u00f6idyn suunnittelukielen. Ota yhteytt\u00e4 B2B-edustajiimme saadaksesi lis\u00e4tietoja OEM-projektien volyymivaatimuksista.<\/p>\n<\/details>\n<details style=\"background-color: #ffffff;border: 1px solid #ddd;border-radius: 6px;margin-bottom: 10px;padding: 10px\">\n<summary style=\"font-weight: 600;cursor: pointer;color: #2c3e50;padding: 5px\">Mist\u00e4 tied\u00e4n, milloin laite on t\u00e4ysin tyhjentynyt?<\/summary>\n<p style=\"margin-top: 10px;padding-left: 15px;color: #555;border-left: 3px solid #0056b3\">Laite ilmoittaa tyhjenemisest\u00e4 kahdella tavalla: joko sis\u00e4inen 28 ml:n formulaatios\u00e4ili\u00f6 on k\u00e4ytetty loppuun (mik\u00e4 johtaa h\u00f6yryn tuotannon selke\u00e4\u00e4n laskuun ja makuprofiilin muutokseen), tai alapuolella oleva LED-merkkivalo vilkkuu toistuvasti, mik\u00e4 osoittaa, ett\u00e4 akku on tyhjentynyt. Jos laite vilkkuu, mutta ei ole saavuttanut 20 000 puuska-arviota, liit\u00e4 se yksinkertaisesti Type-C-kaapeliin virtal\u00e4hteen lataamiseksi.<\/p>\n<\/details>\n<\/div>","protected":false},"excerpt":{"rendered":"<p>Osta irtotavarana BANG LEADER 20000 Puffs kertak\u00e4ytt\u00f6inen vape VapeXYZ:st\u00e4. Suunniteltu uudelleenladattavalla 650mAh akulla ja 1,0\u03a9 mesh-k\u00e4\u00e4mityksell\u00e4. Alhainen MOQ- tukkumyynti!<\/p>","protected":false},"featured_media":54402,"comment_status":"open","ping_status":"closed","template":"","meta":{"_lmt_disableupdate":"no","_lmt_disable":""},"product_brand":[],"product_cat":[821,1002,947,935,934,927,929,928,930,933,939,932,938,931,936,937,1017,948,949,946,950,951,953,987],"product_tag":[],"class_list":{"0":"post-54338","1":"product","2":"type-product","3":"status-publish","4":"has-post-thumbnail","6":"product_cat-bang","7":"product_cat-20000-puff-vapes","8":"product_cat-big-puffs-vapes","9":"product_cat-bulk-buy-disposable-vapes-in-austria","10":"product_cat-bulk-buy-disposable-vapes-in-belgium","11":"product_cat-bulk-buy-disposable-vapes-in-europe","12":"product_cat-bulk-buy-disposable-vapes-in-france","13":"product_cat-bulk-buy-disposable-vapes-in-germany","14":"product_cat-bulk-buy-disposable-vapes-in-italy","15":"product_cat-bulk-buy-disposable-vapes-in-netherlands","16":"product_cat-bulk-buy-disposable-vapes-in-norway","17":"product_cat-bulk-buy-disposable-vapes-in-poland","18":"product_cat-bulk-buy-disposable-vapes-in-portugal","19":"product_cat-bulk-buy-disposable-vapes-in-spain","20":"product_cat-bulk-buy-disposable-vapes-in-sweden","21":"product_cat-bulk-buy-disposable-vapes-in-switzerland","22":"product_cat-buy-best-disposable-vape-flavors","23":"product_cat-crystal-vapes","24":"product_cat-digital-box-vapes","25":"product_cat-disposable-vapes-series","26":"product_cat-dual-mesh-vapes","27":"product_cat-lower-nicotine-vapes","28":"product_cat-rechargeable-vapes","29":"product_cat-vape-shop-by-puffs","31":"first","32":"instock","33":"shipping-taxable","34":"purchasable","35":"product-type-variable","36":"has-default-attributes"},"jetpack_sharing_enabled":true,"tiered_pricing_type":"fixed","tiered_pricing_fixed_rules":[],"tiered_pricing_product_settings":{"layout":"default","base_unit_name":{"singular":null,"plural":null},"default_variation":null},"tiered_pricing_minimum_quantity":null,"tiered_pricing_roles_data":[],"tiered_pricing_percentage_rules":[],"tiered_pricing_maximum_quantity":null,"tiered_pricing_quantity_step":null,"_links":{"self":[{"href":"https:\/\/vapexyz.com\/fi\/wp-json\/wp\/v2\/product\/54338","targetHints":{"allow":["GET"]}}],"collection":[{"href":"https:\/\/vapexyz.com\/fi\/wp-json\/wp\/v2\/product"}],"about":[{"href":"https:\/\/vapexyz.com\/fi\/wp-json\/wp\/v2\/types\/product"}],"replies":[{"embeddable":true,"href":"https:\/\/vapexyz.com\/fi\/wp-json\/wp\/v2\/comments?post=54338"}],"wp:featuredmedia":[{"embeddable":true,"href":"https:\/\/vapexyz.com\/fi\/wp-json\/wp\/v2\/media\/54402"}],"wp:attachment":[{"href":"https:\/\/vapexyz.com\/fi\/wp-json\/wp\/v2\/media?parent=54338"}],"wp:term":[{"taxonomy":"product_brand","embeddable":true,"href":"https:\/\/vapexyz.com\/fi\/wp-json\/wp\/v2\/product_brand?post=54338"},{"taxonomy":"product_cat","embeddable":true,"href":"https:\/\/vapexyz.com\/fi\/wp-json\/wp\/v2\/product_cat?post=54338"},{"taxonomy":"product_tag","embeddable":true,"href":"https:\/\/vapexyz.com\/fi\/wp-json\/wp\/v2\/product_tag?post=54338"}],"curies":[{"name":"wp","href":"https:\/\/api.w.org\/{rel}","templated":true}]}}