{"id":50168,"date":"2025-07-30T03:58:23","date_gmt":"2025-07-30T03:58:23","guid":{"rendered":"https:\/\/vapexyz.com\/?post_type=product&#038;p=50168"},"modified":"2026-03-05T03:55:11","modified_gmt":"2026-03-05T03:55:11","slug":"irtona-razz-bar-30-000-imua-premium-aito-kertakayttoinen-hoyrystin-alhainen-nikotiini","status":"publish","type":"product","link":"https:\/\/vapexyz.com\/fi\/product\/wholesale-razz-bar-30000-puffs-premium-authentic-disposable-vape-low-nicotine\/","title":{"rendered":"RAZZ BAR 30000 Puffs Irtaatukku Vape"},"content":{"rendered":"<article style=\"font-family: Arial, sans-serif; line-height: 1.6; color: #333; max-width: 100%; margin: 0 auto; padding: 20px;\"><div style=\"width: 720px;\" class=\"wp-video\"><video class=\"wp-video-shortcode\" id=\"video-50168-1\" width=\"720\" height=\"1280\" preload=\"metadata\" controls=\"controls\"><source type=\"video\/mp4\" src=\"https:\/\/vapexyz.com\/wp-content\/uploads\/2025\/06\/WHOLES1.mp4?_=1\" \/><a href=\"https:\/\/vapexyz.com\/wp-content\/uploads\/2025\/06\/WHOLES1.mp4\">https:\/\/vapexyz.com\/wp-content\/uploads\/2025\/06\/WHOLES1.mp4<\/a><\/video><\/div>\n<h2 style=\"color: #2c3e50; border-bottom: 2px solid #3498db; padding-bottom: 10px; margin-top: 30px;\">Korosta Varastoasi <a style=\"color: #3498db; text-decoration: none;\" href=\"https:\/\/vapexyz.com\/fi\/tuotekategoria\/razz-bar-kertakayttoiset-hoyrystimet\/\">RAZZ BAR<\/a> 30 000 Puffs: Euroopan halutuin kertak\u00e4ytt\u00f6inen h\u00f6yrystin tukkukaupassa loistavuudesta<\/h2>\n<p>Yli kahdeksan vuoden ajan vapexyz.com on ollut Euroopan luotettava portti premium-h\u00e4vytett\u00e4viss\u00e4 vapeissa, palvellen j\u00e4lleenmyyji\u00e4, jakelijoita ja irtotavaroiden ostajia Saksassa, Alankomaissa, Belgiassa, Espanjassa, Ranskassa, Portugalissa, Puolassa, Italiassa ja muualla. Johtavana tukkukauppiaana, joka erikoistuu huippuluokan tuotemerkkeihin - mukaan lukien RandM Tornado, FIZZY, Waspe, Vapme ja yli kymmenkunta muuta - yhdist\u00e4mme syv\u00e4llisen alan osaamisen ja tinkim\u00e4tt\u00f6m\u00e4n sitoutumisen laatuun ja avoimuuteen. T\u00e4n\u00e4\u00e4n olemme ylpeit\u00e4 uusimman lippulaivamme esittelyst\u00e4: RAZZ BAR 30000 Puffs. T\u00e4m\u00e4 tietty h\u00e4vytett\u00e4v\u00e4 vape on suunniteltu korkean suorituskyvyn, tasaisen maun ja vertaansa vailla olevan taloudellisen arvon saavuttamiseksi, erityisesti suunniteltu vahvistamaan yrityksesi tuotteella, jota tukee vankka suunnittelu ja todennettavat laatumittarit.<\/p>\n<p>RAZZ BAR 30000 Puffs edustaa merkitt\u00e4v\u00e4\u00e4 harppausta kertak\u00e4ytt\u00f6isten h\u00f6yrystimien markkinoilla. Se ei ole pelk\u00e4st\u00e4\u00e4n suurtehoinen laite; se on todiste tiukasta suunnittelusta ja kuluttajal\u00e4ht\u00f6isest\u00e4 designista. Tarkkaavaisten k\u00e4ytt\u00e4jien ja vaativien tukkuliikkeiden tarpeisiin suunniteltu t\u00e4m\u00e4 laite yhdist\u00e4\u00e4 uusimman termodynaamisen teknologian ja k\u00e4ytt\u00e4j\u00e4l\u00e4ht\u00f6isen ergonomian tarjoten kokemuksen, joka asettaa uudet toimintastandardit. Laite kest\u00e4\u00e4 vaikuttavat 30 000 aktivointia yksikk\u00f6\u00e4 kohti, mik\u00e4 tekee siit\u00e4 huomattavasti perinteisi\u00e4 kertak\u00e4ytt\u00f6isi\u00e4 laitteita kest\u00e4v\u00e4mm\u00e4n, ja siten eritt\u00e4in kustannustehokkaan ja ymp\u00e4rist\u00f6tietoisen valinnan sek\u00e4 v\u00e4hitt\u00e4iskuluttajille ett\u00e4 tukkuliikkeille. Olkoon loppuk\u00e4ytt\u00e4jien vaatimus pitk\u00e4aikaisesta tyytyv\u00e4isyydest\u00e4 tai yrityksesi malli vaadi korkean katteen, v\u00e4h\u00e4isen huollon tuotteita, joilla on minimaalinen viallisten tuotteiden m\u00e4\u00e4r\u00e4, RAZZ BAR 30000 tuottaa jatkuvasti poikkeuksellisia tuloksia.<\/p>\n<div style=\"background-color: #f8f9fa; border-left: 6px solid #2ecc71; padding: 20px; margin: 30px 0; border-radius: 4px; box-shadow: 0 2px 4px rgba(0,0,0,0.05);\">\n<h3 style=\"margin-top: 0; color: #27ae60; font-size: 1.2em;\">Tiedon kohta: Suurkapasiteettisten h\u00f6yrystimien kehitys<\/h3>\n<p style=\"margin-bottom: 0;\">Nykyisess\u00e4 s\u00e4hk\u00f6savuketeollisuudessa siirtyminen kohti eritt\u00e4in suurtehoisia laitteita, kuten RAZZ BAR 30000 Puffs, on kuluttajien kysynn\u00e4n mukaista, jotka kaipaavat arvoa ja mukavuutta. Kapasiteetin kasvattaminen vaatii kuitenkin monimutkaista suunnittelua. Laite ei yksinkertaisesti voi sis\u00e4lt\u00e4\u00e4 enemp\u00e4\u00e4 esit\u00e4ytetty\u00e4 kaavaa; sen on integroitava edistynyt tehonhallinta, l\u00e4mp\u00f6tilan s\u00e4\u00e4t\u00f6 mesh-l\u00e4mmityselementtien kautta ja tasainen ilmavirran dynamiikka sen varmistamiseksi, ett\u00e4 ensimm\u00e4inen imurointi on yht\u00e4 tyydytt\u00e4v\u00e4 kuin viimeinen.<\/p>\n<\/div>\n<h2 style=\"color: #2c3e50; border-bottom: 2px solid #3498db; padding-bottom: 10px; margin-top: 30px;\">Tekninen Tarkkuus: Insinoorityypilliset Ominaisuudet, jotka Erottavat RAZZ BAR 30000 Puffs:n Muista<\/h2>\n<p>RAZZ BAR 30000:n tyylikk\u00e4\u00e4n, ergonomisen ulkon\u00e4\u00f6n takana piileksii hienostunut sis\u00e4inen komponenttisarja.  Priorisoimme tarjoamistaan tukkukauppiaille t\u00e4ydellisen avoimuuden laitteiston teknisten tietojen suhteen, jotta voit luottavaisesti markkinoida t\u00e4t\u00e4 h\u00e4vytett\u00e4v\u00e4\u00e4 vapea asiakkaillesi.<\/p>\n<table style=\"width: 100%; border-collapse: collapse; margin: 25px 0; font-size: 0.95em; box-shadow: 0 4px 8px rgba(0,0,0,0.1); border-radius: 8px; overflow: hidden;\">\n<thead>\n<tr style=\"background-color: #3498db; color: #ffffff; text-align: left;\">\n<th style=\"padding: 15px; border-bottom: 2px solid #2980b9;\">Tekninen Spesifikaatio<\/th>\n<th style=\"padding: 15px; border-bottom: 2px solid #2980b9;\">Tiedot ja mittarit<\/th>\n<th style=\"padding: 15px; border-bottom: 2px solid #2980b9;\">Tukkumyynti<\/th>\n<\/tr>\n<\/thead>\n<tbody>\n<tr style=\"background-color: #ffffff; border-bottom: 1px solid #e0e0e0;\">\n<td style=\"padding: 15px; font-weight: bold;\">Maksimikapasiteetti<\/td>\n<td style=\"padding: 15px;\">Enint\u00e4\u00e4n 30 000 vetoa per yksikk\u00f6<\/td>\n<td style=\"padding: 15px;\">Korkea asiakaspid\u00e4tys ja arvohavainto<\/td>\n<\/tr>\n<tr style=\"background-color: #f9f9f9; border-bottom: 1px solid #e0e0e0;\">\n<td style=\"padding: 15px; font-weight: bold;\">Virtal\u00e4hdekenno<\/td>\n<td style=\"padding: 15px;\">650mAh Litium-ioni (Ladattava)<\/td>\n<td style=\"padding: 15px;\">Tasainen j\u00e4nnite, nolla akun ahdistusta<\/td>\n<\/tr>\n<tr style=\"background-color: #ffffff; border-bottom: 1px solid #e0e0e0;\">\n<td style=\"padding: 15px; font-weight: bold;\">Latausliit\u00e4nt\u00e4<\/td>\n<td style=\"padding: 15px;\">Type-C pikalatausportti<\/td>\n<td style=\"padding: 15px;\">Yleinen yhteensopivuus eurooppalaisten markkinoiden kanssa<\/td>\n<\/tr>\n<tr style=\"background-color: #f9f9f9; border-bottom: 1px solid #e0e0e0;\">\n<td style=\"padding: 15px; font-weight: bold;\">L\u00e4mmityselementti<\/td>\n<td style=\"padding: 15px;\">Kehittyneen Mesh-kelamuotoilu<\/td>\n<td style=\"padding: 15px;\">Optimaalinen l\u00e4mp\u00f6jakauma, minimoi palaneet osumat<\/td>\n<\/tr>\n<tr style=\"background-color: #ffffff; border-bottom: 1px solid #e0e0e0;\">\n<td style=\"padding: 15px; font-weight: bold;\">Saatavilla olevat vahvuudet<\/td>\n<td style=\"padding: 15px;\">2% ja 5% pitoisuudet<\/td>\n<td style=\"padding: 15px;\">Palvelee sek\u00e4 satunnaisia ett\u00e4 raskaita k\u00e4ytt\u00e4ji\u00e4<\/td>\n<\/tr>\n<tr style=\"background-color: #f9f9f9;\">\n<td style=\"padding: 15px; font-weight: bold;\">Logistiikkadata<\/td>\n<td style=\"padding: 15px;\">200 yksikk\u00f6\u00e4\/laatikko, 25kg, 45,5\u00d745,5\u00d727,5cm<\/td>\n<td style=\"padding: 15px;\">Optimoitu paletointia ja kuljetustehokkuutta varten<\/td>\n<\/tr>\n<\/tbody>\n<\/table>\n<h3 style=\"color: #34495e; margin-top: 25px;\">Kehittynyt Mesh Coil -tekniikka<\/h3>\n<p>T\u00e4m\u00e4n laitteen suorituskyvyn ydin on sen t\u00e4sm\u00e4h\u00e4kk\u00e4\u00e4mitys. Toisin kuin perinteiset lankakelatut l\u00e4mmityselementit, h\u00e4kkirakenne tarjoaa huomattavasti laajemman pinta-alan. T\u00e4m\u00e4 varmistaa, ett\u00e4 h\u00f6yryk\u00e4sitelm\u00e4 kuumennetaan tasaisesti ja nopeasti. Teknisten arvioidemme mukaan t\u00e4m\u00e4 tasainen l\u00e4mmitys v\u00e4hent\u00e4\u00e4 huomattavasti paikallisen ylikuumenemisen riski\u00e4, mik\u00e4 est\u00e4\u00e4 esit\u00e4ytetyn kaavan heikkenemisen ja varmistaa sujuvan, tasaisen tuotannon ensimm\u00e4isest\u00e4 aktivoinnista 30 000:teen asti.<\/p>\n<h2 style=\"color: #2c3e50; border-bottom: 2px solid #3498db; padding-bottom: 10px; margin-top: 30px;\">Empiirinen testaaminen ja suorituskyvyn validointi<\/h2>\n<p>Vapexyz.com-sivustolla ylitimme tavalliset markkinointiv\u00e4itteet luottaen empiirisiin tietoihin ja tiukkaan laadunvalvontaan. RAZZ BAR 30000 Puffs -tuote altistetaan tiukoille laboratoriotesteille ennen kuin se saapuu tukkukaupan jakelukeskuksiimme. K\u00e4ytt\u00e4m\u00e4ll\u00e4 automaattisia pneumaattisia testauskoneita, jokaisesta valmistus-er\u00e4st\u00e4 otetut n\u00e4yte-laitteet k\u00e4yv\u00e4t l\u00e4pi simuloituja hengityssyklej\u00e4 kontrolloiduissa ymp\u00e4rist\u00f6olosuhteissa (yleens\u00e4 25\u00b0C ja 50% suhteellinen kosteus).<\/p>\n<p>N\u00e4m\u00e4 testit vahvistavat 30 000 -vetoisen v\u00e4itteen mittaamalla h\u00f6yryn tilavuuden ja l\u00e4mp\u00f6tehon johdonmukaisuutta ajan mittaan. Akun syklitestaus varmistaa, ett\u00e4 650mAh:n tehosolu s\u00e4ilytt\u00e4\u00e4 maksimilatauskapasiteettinsa useiden Type-C-latausvaiheiden kautta, mik\u00e4 varmistaa, ett\u00e4 laite pysyy toiminnassa, kunnes formula on kokonaan k\u00e4ytetty. T\u00e4m\u00e4 sitoutuminen empiiriseen validoon tarkoittaa, ett\u00e4 kun ostat n\u00e4it\u00e4 h\u00f6yryj\u00e4, tarjoat v\u00e4hitt\u00e4iskauppasi asiakkaille tieteellisesti arvioidun, luotettavan tuotteen, joka suoraan v\u00e4hent\u00e4\u00e4 palautusprosentteja ja lis\u00e4\u00e4 kuluttajien luottamusta.<\/p>\n<h2 style=\"color: #2c3e50; border-bottom: 2px solid #3498db; padding-bottom: 10px; margin-top: 30px;\">Valta ja Luottamus: Tukku- ja V\u00e4litt\u00e4j\u00e4toiminnan S\u00e4\u00e4ntely ja Vaatimustenmukaisuus<\/h2>\n<p>Toiminta Euroopan markkinoilla edellytt\u00e4\u00e4 tiukkaa turvallisuus- ja ymp\u00e4rist\u00f6standardien noudattamista. Tunnustamme, ett\u00e4 tukkumyyj\u00e4mme tarvitsevat hankkia vape-tuotteita arvovaltaisilta jakelijoilta, jotka asettavat vaatimustenmukaisuuden etusijalle. RAZZ BAR -tuotteita valmistavat tuotantolaitokset ovat ISO 9001 -sertifioituja, mik\u00e4 varmistaa standardisoidun, korkean laadun tuotantoputkiston.<\/p>\n<p>Lis\u00e4ksi elektroniikkakomponentit, mukaan lukien litium-ioni-akut ja latauspiirit, on suunniteltu vastaamaan olennaisia turvallisuusdirektiivej\u00e4, mik\u00e4 v\u00e4hent\u00e4\u00e4 s\u00e4hk\u00f6isten toimintah\u00e4iri\u00f6iden aiheuttamia riskej\u00e4. Valitsemalla luotettavan jakelijan, kuten vapexyz.com, liit\u00e4t yrityksesi toimitusketjuun, joka arvostaa s\u00e4\u00e4ntelytransparenssia ja toiminnallista turvallisuutta, turvaten v\u00e4hitt\u00e4iskauppasi maineen.<\/p>\n<h2 style=\"color: #2c3e50; border-bottom: 2px solid #3498db; padding-bottom: 10px; margin-top: 30px;\">Hajujen sinfonia: Tutustu RAZZ BAR 30000 Puffs:n 16-maun valikoimaan<\/h2>\n<p>Asiakastyytyv\u00e4isyys riippuu voimakkaasti aistikokemuksen laadusta. RAZZ BAR 30000 Puffs tarjoaa huolellisesti laaditun valikoiman 16 erillist\u00e4 aromiprofiilia. Jokainen vaihtoehto on valmistettu premium-, elintarvikelaatuisista ainesosista, mik\u00e4 takaa aitouden, vakauden ja johdonmukaisen aistikokemuksen koko h\u00e4vytett\u00e4v\u00e4n vape:n k\u00e4ytt\u00f6i\u00e4n ajan:<\/p>\n<ol style=\"list-style-type: decimal; margin-left: 20px; padding-left: 15px;\">\n<li style=\"margin-bottom: 15px;\">Triple Melon: Cantaloupe, hunajainen meloni ja vesimeloni el\u00e4v\u00e4isess\u00e4, virkist\u00e4v\u00e4ss\u00e4 meloniseoksessa.<\/li>\n<li style=\"margin-bottom: 15px;\">Mansikka J\u00e4\u00e4: Makeat mansikat t\u00e4ydellisesti tasapainossa viile\u00e4n, raikkaan mentoloidun lopputuloksen kanssa.<\/li>\n<li style=\"margin-bottom: 15px;\">Hapan Omena: Tarttuva vihre\u00e4 omena, joka antaa rohkean, kirpe\u00e4n ja eritt\u00e4in aromaattisen potkun.<\/li>\n<li style=\"margin-bottom: 15px;\">Mango P\u00e4\u00e4ryn\u00e4 Vesimeloni: Mango, persikka ja vesimeloni yhdistyv\u00e4t saumattomasti trooppiseksi kolmikkoksi.<\/li>\n<li style=\"margin-bottom: 15px;\">Mansikka-Banaani: Sujuva, kermainen banaani yhdistettyn\u00e4 makeaan mansikkaseokseen.<\/li>\n<li style=\"margin-bottom: 15px;\">Mustikkaj\u00e4\u00e4: Mehukkaita mustikoita ymp\u00e4r\u00f6i raikas, j\u00e4\u00e4hdyttelev\u00e4 aistikokemus.<\/li>\n<li style=\"margin-bottom: 15px;\">Kyps\u00e4n Persikan J\u00e4\u00e4: Huolellisesti valitut kyps\u00e4n persikan s\u00e4vyt yhdistetty virkist\u00e4v\u00e4\u00e4n viile\u00e4n.<\/li>\n<li style=\"margin-bottom: 15px;\">Mansikka Kiivi: Mansikan makeus on t\u00e4ydellisesti tasapainotettu kiivin kirpaleudella.<\/li>\n<li style=\"margin-bottom: 15px;\">Vesimelonan J\u00e4\u00e4: Ryp\u00e4leen makea vesimeloni maistuu, jota parantaa lempe\u00e4, rauhoittava mentholin viileys.<\/li>\n<li style=\"margin-bottom: 15px;\">Kes\u00e4inen unelma: Kirkkaat sitrushedelm\u00e4t, sekoitetut marjat ja trooppiset hedelm\u00e4t ilahuttavassa, monimutkaisessa seoksessa.<\/li>\n<li style=\"margin-bottom: 15px;\">Mansikka-vesimeloni: Klassinen, yleis\u00f6\u00e4 miellytt\u00e4v\u00e4 mansikan ja vesimelonin yhdistelm\u00e4.<\/li>\n<li style=\"margin-bottom: 15px;\">Sekoitettuja marjoja: Vahvaa, runsasta sekoitusta, jossa yhdistyv\u00e4t karhunvatukka, vadelma ja mustikka.<\/li>\n<li style=\"margin-bottom: 15px;\">Blue Razz -j\u00e4\u00e4tel\u00f6: Nostalginen sininen vadelma, joka p\u00e4\u00e4ttyy hapan, j\u00e4iseen k\u00e4\u00e4nteeseen.<\/li>\n<li style=\"margin-bottom: 15px;\">Sitruuna ja Lime: Kirpe\u00e4 sitruuna ja hapan lime luovat ter\u00e4v\u00e4n, virkist\u00e4v\u00e4n sitrusseoksen.<\/li>\n<li style=\"margin-bottom: 15px;\">Cola Ice: Klassinen kolasmakku, jonka t\u00e4ydent\u00e4\u00e4 j\u00e4\u00e4hdytt\u00e4v\u00e4, virkist\u00e4v\u00e4 mentolikosketus.<\/li>\n<li style=\"margin-bottom: 15px;\">Blackberry Ice: Rikkaat, tummanvioletit mustikat yhdistettyin\u00e4 sile\u00e4\u00e4n, t\u00e4ydellisen j\u00e4\u00e4viin lopputulokseen.<\/li>\n<\/ol>\n<h2 style=\"color: #2c3e50; border-bottom: 2px solid #3498db; padding-bottom: 10px; margin-top: 30px;\">Miksi Vapexyz.com? Luotettavuuspartnerisi Euroopan tukkumarkkinoilla<\/h2>\n<p>Vapexyz.com:in valinta tarkoittaa yhteisty\u00f6t\u00e4 kokeneen tiimin kanssa, joka aktiivisesti asettaa kaupallisen menestyksesi etusijalle. T\u00e4ss\u00e4 on objektiivinen katsaus siihen, mik\u00e4 vahvistaa meid\u00e4n auktoriteettimme markkinoilla:<\/p>\n<ul style=\"list-style-type: square; margin-left: 20px; padding-left: 15px;\">\n<li style=\"margin-bottom: 15px;\">8 Vuotta Empiirist\u00e4 Markkinajohtajuutta: Jatkuva l\u00e4sn\u00e4olomme Euroopan markkinoilla on suoranainen tulos sitoutumisestamme laadunvalvontaan, toimitusketjun luotettavuuteen ja asiakastyytyv\u00e4isyyteen. Ymm\u00e4rr\u00e4mme intiimisti alueelliset kuluttajatrendit, rajat ylitt\u00e4v\u00e4n logistiikan ja standardienmukaisuuden.<\/li>\n<li style=\"margin-bottom: 15px;\">Premium-hankinta, vertaansa vailla olevat katteet: Hankkimalla suoraan vahvistetuilta valmistajilta, tarjoamme Euroopan eniten pyydettyj\u00e4 kertak\u00e4ytt\u00f6isi\u00e4 h\u00f6yrykkej\u00e4 hintapisteiss\u00e4, jotka mahdollistavat yrityksesi menestymisen.  Tilausrakenteemme ovat t\u00e4ysin avoimia - ei piilotettuja maksuja, vain suora B2B-kauppa.<\/li>\n<li style=\"margin-bottom: 15px;\">Optimoitu B2B-maksuinfrastruktuuri: Palvelemme Euroopan monimuotoista talousmaisemaa. Islantilaiset tukkukauppiaat voivat turvallisesti k\u00e4ytt\u00e4\u00e4 iDEALia, belgialaiset kumppanit voivat k\u00e4sitell\u00e4 maksuja Bancontactin kautta, ja me hyv\u00e4ksymme yleisesti SEPA-pankkisiirrot EU-alueella turvallisia, suuria liiketoimia varten.<\/li>\n<li style=\"margin-bottom: 15px;\">Vakuutettu, datal\u00e4ht\u00f6inen logistiikka: Varaston seisokkiaika maksaa. K\u00e4yt\u00e4mme seurattuja, t\u00e4ysin vakuutettuja kuljetinverkkoja toimittaaksemme kaikkiin EU-maihin. Analysoimme kuljetusaikadataa tarjotaksemme tarkat toimitusikkunat, varmistaen ett\u00e4 varastosi saapuu turvallisesti ja aikataulussa.<\/li>\n<\/ul>\n<div style=\"border: 1px solid #e1e8ed; border-radius: 8px; padding: 25px; margin: 40px 0; box-shadow: 0 4px 15px rgba(0,0,0,0.05); background-color: #ffffff;\">\n<h2 style=\"color: #2c3e50; margin-top: 0; border-bottom: 1px solid #eee; padding-bottom: 10px;\">T\u00e4rkeimm\u00e4t kohdat Usein kysytyt kysymykset: V\u00e4hitt\u00e4ishankinnat ja tekniset tiedot<\/h2>\n<div style=\"margin-bottom: 20px;\">\n<h4 style=\"color: #3498db; margin-bottom: 5px; font-size: 1.1em;\">Mik\u00e4 on v\u00e4himm\u00e4istilausm\u00e4\u00e4r\u00e4 (MOQ) tukkumyynn\u00e4ss\u00e4?<\/h4>\n<p style=\"margin-top: 0; color: #555;\">Vapexyz.com-sivustolla arvostamme saavutettavuutta. V\u00e4himm\u00e4istilausm\u00e4\u00e4r\u00e4 on asetettu vain 10 kappaleeseen, jolloin sek\u00e4 pienet putiikit ett\u00e4 suuret jakelijat voivat testata markkinoiden kysynt\u00e4\u00e4 ennen suurten tilausm\u00e4\u00e4rien sitouttamista.<\/p>\n<\/div>\n<div style=\"margin-bottom: 20px;\">\n<h4 style=\"color: #3498db; margin-bottom: 5px; font-size: 1.1em;\">Miten ladattava akku vaikuttaa kertak\u00e4ytt\u00f6isen h\u00f6yrystimen k\u00e4ytt\u00f6ik\u00e4\u00e4n?<\/h4>\n<p style=\"margin-top: 0; color: #555;\">Integroitu 650mAh akku, joka on yhdistetty Type-C-porttiin, varmistaa, ett\u00e4 laitteen virtal\u00e4hde ei tyhjene ennen kuin sis\u00e4inen kaava on k\u00e4ytetty loppuun. T\u00e4m\u00e4 takaa, ett\u00e4 loppuk\u00e4ytt\u00e4j\u00e4t voivat k\u00e4ytt\u00e4\u00e4 koko 30 000 kapasiteettia ilman laitteiston vikaa k\u00e4yt\u00f6n puoliv\u00e4liss\u00e4.<\/p>\n<\/div>\n<div style=\"margin-bottom: 20px;\">\n<h4 style=\"color: #3498db; margin-bottom: 5px; font-size: 1.1em;\">Ovatko laitteet pakattu asianmukaisesti irtotavarana tapahtuvaa eurooppalaista kuljetusta varten?<\/h4>\n<p style=\"margin-top: 0; color: #555;\">Ehdottomasti. RAZZ BAR 30000 tulee eritt\u00e4in optimoituihin p\u00e4\u00e4masteripakkauksiin, joissa on 200 yksikk\u00f6\u00e4 kutakin. Paino on 25kg ja mitat 45,5\u00d745,5\u00d727,5cm, n\u00e4m\u00e4 pakkaukset on suunniteltu turvalliseen kuormalavastukseen, v\u00e4hent\u00e4en kuljetusvaurioita ja laskien kokonaikseen kuljetuskustannuksia.<\/p>\n<\/div>\n<div>\n<h4 style=\"color: #3498db; margin-bottom: 5px; font-size: 1.1em;\">Tarjoatteko seurantanumeron tukkumyyntitilauksille EU-alueella?<\/h4>\n<p style=\"margin-top: 0; color: #555;\">Kyll\u00e4. Jokainen tukkutilaus, joka l\u00e4hetet\u00e4\u00e4n jakelukeskuksestamme, sis\u00e4lt\u00e4\u00e4 kattavat seurantatiedot ja t\u00e4ydellisen kuljetusvakuutuksen. Sinulla on t\u00e4ydellinen n\u00e4kyvyys varastoosi siit\u00e4 hetkest\u00e4 l\u00e4htien, kun se l\u00e4htee varastostamme, kunnes se saapuu tiloihisi.<\/p>\n<\/div>\n<\/div>\n<h2 style=\"color: #2c3e50; border-bottom: 2px solid #3498db; padding-bottom: 10px; margin-top: 30px;\">Kasvata Yrityst\u00e4si RAZZ BAR 30000 Puffsilla<\/h2>\n<p>RAZZ BAR 30000 on enemm\u00e4n kuin tavallinen kuluttajatuote; se on strateginen tulosajuri, joka on suunniteltu nykyaikaisiin v\u00e4hitt\u00e4iskauppa-ymp\u00e4rist\u00f6ihin. Empiirisesti validoidun kapasiteettinsa, monipuolisen ja premium-maun valikoimansa sek\u00e4 eritt\u00e4in tehokkaan tukkupakkauksensa ansiosta se on olennainen lis\u00e4ys jokaisen vakavan jakelijan luetteloon. Vapexyz.com-sivustolla me n\u00e4emme itsemme paitsi myyjin\u00e4, my\u00f6s strategisina toimitusketjun kumppaneina. Olitpa sitten skaalaamassa nousevaa startup-yrityst\u00e4 tai hallitsemassa vakiintunutta v\u00e4hitt\u00e4iskauppaa, tarjoamme vahvistetun laadun, kilpailukykyiset hinnoittelurakenteet ja logistisen tuen, joka on tarpeen kilpailijoiden ylitt\u00e4miseksi.<\/p>\n<p>Valmis p\u00e4ivitt\u00e4m\u00e4\u00e4n tuotevalikoimaasi luotettavalla laitteistolla? Tutustu RAZZ BAR 30000 Puffs -tuotteeseen t\u00e4n\u00e4\u00e4n ja l\u00f6yd\u00e4 omin silmin, miksi vapexyz.com on edelleen Euroopan johtava l\u00e4hde premium-hajusteisiin vapeihin. Jatkuva kaupallinen menestyksesi alkaa t\u00e4st\u00e4.<\/p>\n<p style=\"font-style: italic; color: #7f8c8d; text-align: center; margin-top: 30px; font-size: 1.1em;\">Vapexyz - Paikka, jossa insin\u00f6\u00f6ritaito laatua kohtaa vertaansa vailla olevan arvon eurooppalaisessa tukkukaupassa.<\/p>\n<p><img loading=\"lazy\" decoding=\"async\" class=\"alignnone size-full wp-image-50210\" style=\"display: block; margin: 30px auto; max-width: 100%; height: auto; border-radius: 8px; box-shadow: 0 4px 10px rgba(0,0,0,0.1);\" src=\"https:\/\/vapexyz.com\/wp-content\/uploads\/2025\/06\/Wholesale-RAZZ-BAR-30000-Puffs-Premium-Authentic-Disposable-Vape-Low-5-1.webp\" alt=\"Irtona RAZZ BAR 30000 Pahvia Premium Aidosti H\u00e4vytett\u00e4v\u00e4 Vape Alhainen Pitoisuus\" width=\"1000\" height=\"1000\" title=\"\" srcset=\"https:\/\/vapexyz.com\/wp-content\/uploads\/2025\/06\/Wholesale-RAZZ-BAR-30000-Puffs-Premium-Authentic-Disposable-Vape-Low-5-1.webp 1000w, https:\/\/vapexyz.com\/wp-content\/uploads\/2025\/06\/Wholesale-RAZZ-BAR-30000-Puffs-Premium-Authentic-Disposable-Vape-Low-5-1-500x500.webp 500w, https:\/\/vapexyz.com\/wp-content\/uploads\/2025\/06\/Wholesale-RAZZ-BAR-30000-Puffs-Premium-Authentic-Disposable-Vape-Low-5-1-300x300.webp 300w, https:\/\/vapexyz.com\/wp-content\/uploads\/2025\/06\/Wholesale-RAZZ-BAR-30000-Puffs-Premium-Authentic-Disposable-Vape-Low-5-1-768x768.webp 768w, https:\/\/vapexyz.com\/wp-content\/uploads\/2025\/06\/Wholesale-RAZZ-BAR-30000-Puffs-Premium-Authentic-Disposable-Vape-Low-5-1-12x12.webp 12w, https:\/\/vapexyz.com\/wp-content\/uploads\/2025\/06\/Wholesale-RAZZ-BAR-30000-Puffs-Premium-Authentic-Disposable-Vape-Low-5-1-247x247.webp 247w, https:\/\/vapexyz.com\/wp-content\/uploads\/2025\/06\/Wholesale-RAZZ-BAR-30000-Puffs-Premium-Authentic-Disposable-Vape-Low-5-1-510x510.webp 510w, https:\/\/vapexyz.com\/wp-content\/uploads\/2025\/06\/Wholesale-RAZZ-BAR-30000-Puffs-Premium-Authentic-Disposable-Vape-Low-5-1-100x100.webp 100w\" sizes=\"auto, (max-width: 1000px) 100vw, 1000px\" \/><\/p>\n<\/article>","protected":false},"excerpt":{"rendered":"<p>RAZZ BAR 30000 Puffs, Euroopan eritt\u00e4in suosittu kertak\u00e4ytt\u00f6inen vape, tarjoaa 30 000 imua 650mAh ladattavalla akulla, mesh-kelatekniikalla ja 16 premium-maulla, suunniteltu tukkumyyntiin erinomaisesti.<\/p>","protected":false},"featured_media":50204,"comment_status":"open","ping_status":"closed","template":"","meta":{"_lmt_disableupdate":"no","_lmt_disable":""},"product_brand":[],"product_cat":[1077,996,947,935,934,927,929,928,930,933,939,932,938,931,936,937,1017,949,946,1016,951,953,987],"product_tag":[],"class_list":{"0":"post-50168","1":"product","2":"type-product","3":"status-publish","4":"has-post-thumbnail","6":"product_cat-razz-bar-disposable-vapes","7":"product_cat-30000-puff-vapes","8":"product_cat-big-puffs-vapes","9":"product_cat-bulk-buy-disposable-vapes-in-austria","10":"product_cat-bulk-buy-disposable-vapes-in-belgium","11":"product_cat-bulk-buy-disposable-vapes-in-europe","12":"product_cat-bulk-buy-disposable-vapes-in-france","13":"product_cat-bulk-buy-disposable-vapes-in-germany","14":"product_cat-bulk-buy-disposable-vapes-in-italy","15":"product_cat-bulk-buy-disposable-vapes-in-netherlands","16":"product_cat-bulk-buy-disposable-vapes-in-norway","17":"product_cat-bulk-buy-disposable-vapes-in-poland","18":"product_cat-bulk-buy-disposable-vapes-in-portugal","19":"product_cat-bulk-buy-disposable-vapes-in-spain","20":"product_cat-bulk-buy-disposable-vapes-in-sweden","21":"product_cat-bulk-buy-disposable-vapes-in-switzerland","22":"product_cat-buy-best-disposable-vape-flavors","23":"product_cat-digital-box-vapes","24":"product_cat-disposable-vapes-series","25":"product_cat-european-vape-warehouse","26":"product_cat-lower-nicotine-vapes","27":"product_cat-rechargeable-vapes","28":"product_cat-vape-shop-by-puffs","30":"first","31":"outofstock","32":"shipping-taxable","33":"purchasable","34":"product-type-variable","35":"has-default-attributes"},"jetpack_sharing_enabled":true,"tiered_pricing_type":"fixed","tiered_pricing_fixed_rules":[],"tiered_pricing_product_settings":{"layout":"default","base_unit_name":{"singular":null,"plural":null},"default_variation":null},"tiered_pricing_minimum_quantity":null,"tiered_pricing_roles_data":[],"tiered_pricing_percentage_rules":[],"tiered_pricing_maximum_quantity":null,"tiered_pricing_quantity_step":null,"_links":{"self":[{"href":"https:\/\/vapexyz.com\/fi\/wp-json\/wp\/v2\/product\/50168","targetHints":{"allow":["GET"]}}],"collection":[{"href":"https:\/\/vapexyz.com\/fi\/wp-json\/wp\/v2\/product"}],"about":[{"href":"https:\/\/vapexyz.com\/fi\/wp-json\/wp\/v2\/types\/product"}],"replies":[{"embeddable":true,"href":"https:\/\/vapexyz.com\/fi\/wp-json\/wp\/v2\/comments?post=50168"}],"wp:featuredmedia":[{"embeddable":true,"href":"https:\/\/vapexyz.com\/fi\/wp-json\/wp\/v2\/media\/50204"}],"wp:attachment":[{"href":"https:\/\/vapexyz.com\/fi\/wp-json\/wp\/v2\/media?parent=50168"}],"wp:term":[{"taxonomy":"product_brand","embeddable":true,"href":"https:\/\/vapexyz.com\/fi\/wp-json\/wp\/v2\/product_brand?post=50168"},{"taxonomy":"product_cat","embeddable":true,"href":"https:\/\/vapexyz.com\/fi\/wp-json\/wp\/v2\/product_cat?post=50168"},{"taxonomy":"product_tag","embeddable":true,"href":"https:\/\/vapexyz.com\/fi\/wp-json\/wp\/v2\/product_tag?post=50168"}],"curies":[{"name":"wp","href":"https:\/\/api.w.org\/{rel}","templated":true}]}}