{"id":46761,"date":"2025-05-31T03:52:01","date_gmt":"2025-05-31T03:52:01","guid":{"rendered":"https:\/\/vapexyz.com\/?post_type=product&#038;p=46761"},"modified":"2026-03-02T03:01:20","modified_gmt":"2026-03-02T03:01:20","slug":"okso-shisha-max-40k-ladattava-kertakayttoinen-vape-40000-imua-05-nikotiini-tukku-vahittaismyynti-eu","status":"publish","type":"product","link":"https:\/\/vapexyz.com\/fi\/product\/okso-shisha-max-40k-rechargeable-disposable-vape-40000-puffs-0-5-nicotine-wholesale-retail-eu\/","title":{"rendered":"OK Shisha Max 40K Ladattava H\u00e4vytett\u00e4v\u00e4 Vape 40000 Pahlaa Tukku V\u00e4hitt\u00e4ismyynti EU"},"content":{"rendered":"<article style=\"font-family: 'Segoe UI', Roboto, Helvetica, Arial, sans-serif;line-height: 1.8;color: #2c3e50;max-width: 100%;margin: 0 auto;padding: 30px;background-color: #ffffff;border-radius: 8px\">\n<h2 style=\"color: #1a365d;border-bottom: 2px solid #e2e8f0;padding-bottom: 10px;font-size: 28px;font-weight: bold\">Vapexyz: Authoratiivinen jakelu suurikapasiteettisista kertak\u00e4ytt\u00f6isist\u00e4 vapeista<\/h2>\n<p style=\"font-size: 16px;margin-bottom: 20px\">Yli kahdeksan vuoden ajan Vapexyz on toiminut keskeisen\u00e4 solmupisteen\u00e4 Euroopan s\u00e4hk\u00f6isten aerosolilaitteiden tukkukaupan jakeluverkostossa. Noudattamalla tiukkoja toimitusketjun protokollia ja yll\u00e4pit\u00e4m\u00e4ll\u00e4 suoria kumppanuuksia merkitt\u00e4vien laitteistovalmistajien kanssa, toimitamme korkealaatuisia kertak\u00e4ytt\u00f6isi\u00e4 vapeja yritys- ja v\u00e4hitt\u00e4issektoreille Saksassa, Alankomaissa, Belgiassa, Espanjassa, Ranskassa, Portugalissa, Puolassa ja Italiassa. Varastomme sis\u00e4lt\u00e4\u00e4 laajasti testattuja laitteita vakiintuneilta valmistajilta, kuten RandM Tornado, FIZZY, FUMOT, Waspe, Vapme ja Bang Box. T\u00e4n\u00e4\u00e4n esittelemme kattavan teknisen yleiskuvan OKso Shisha Max -latauskelpoisesta kertak\u00e4ytt\u00f6vapeista (40 000 Puff-sarja), jossa yksityiskohtaisesti kuvataan sen tekniset tiedot, empiiriset suorituskykymittarit ja vaatimustenmukaisuustandardit.<\/p>\n<h2 style=\"color: #1a365d;border-bottom: 2px solid #e2e8f0;padding-bottom: 10px;font-size: 24px;font-weight: 600;margin-top: 40px\">Empiiriset spesifikaatiot ja tekninen arkkitehtuuri<\/h2>\n<p style=\"font-size: 16px;margin-bottom: 20px\">OKso Shisha Max edustaa siirtym\u00e4\u00e4 h\u00e4vytett\u00e4vien h\u00f6yrystimien suunnittelussa, siirtyen kertak\u00e4ytt\u00f6isist\u00e4 virtal\u00e4hteist\u00e4 kohti kest\u00e4v\u00e4mp\u00e4\u00e4, ladattavaa arkkitehtuuria. Sen ominaisuuksien l\u00e4pin\u00e4kyv\u00e4n kuvan tarjoamiseksi seuraavat tiedot on johdettu standardisoiduista laitteiston testauksen menetelmist\u00e4, mukaan lukien automaattiset hengityssimulaattorit ja akun syklivaiheen analyysi.<\/p>\n<table style=\"width: 100%;border-collapse: collapse;margin: 30px 0;font-size: 15px\">\n<thead>\n<tr style=\"background-color: #2b6cb0;color: #ffffff;text-align: left\">\n<th style=\"padding: 15px;border: 1px solid #cbd5e0\">Tekninen parametri<\/th>\n<th style=\"padding: 15px;border: 1px solid #cbd5e0\">Erittely<\/th>\n<th style=\"padding: 15px;border: 1px solid #cbd5e0\">Empiirinen mittaus \/ standardi<\/th>\n<\/tr>\n<\/thead>\n<tbody>\n<tr style=\"background-color: #f7fafc\">\n<td style=\"padding: 15px;border: 1px solid #e2e8f0;font-weight: 600\">Toiminnallinen tuotto<\/td>\n<td style=\"padding: 15px;border: 1px solid #e2e8f0\">Enint\u00e4\u00e4n 40 000 aktivointia<\/td>\n<td style=\"padding: 15px;border: 1px solid #e2e8f0\">Mitattu automaattisilla pneumaattisilla vetovoimatestauslaitteilla (standardi 2 sekunnin vetov\u00e4li).<\/td>\n<\/tr>\n<tr style=\"background-color: #ffffff\">\n<td style=\"padding: 15px;border: 1px solid #e2e8f0;font-weight: 600\">S\u00e4ili\u00f6n tilavuus<\/td>\n<td style=\"padding: 15px;border: 1px solid #e2e8f0\">36 ml tilavuus<\/td>\n<td style=\"padding: 15px;border: 1px solid #e2e8f0\">Volyymevarmennus kalibroidulla uutolla. Rakennettu elintarvikek\u00e4ytt\u00f6\u00f6n soveltuvista PCTG-polymeereist\u00e4.<\/td>\n<\/tr>\n<tr style=\"background-color: #f7fafc\">\n<td style=\"padding: 15px;border: 1px solid #e2e8f0;font-weight: 600\">Virtal\u00e4hdekenno<\/td>\n<td style=\"padding: 15px;border: 1px solid #e2e8f0\">800mAh litium-ioni-polymeri<\/td>\n<td style=\"padding: 15px;border: 1px solid #e2e8f0\">Testattu yli 300 vakaalla latausjaksoa. Integroi ylilataus- ja oikosulkusuojauspiirit.<\/td>\n<\/tr>\n<tr style=\"background-color: #ffffff\">\n<td style=\"padding: 15px;border: 1px solid #e2e8f0;font-weight: 600\">Latausprotokolla<\/td>\n<td style=\"padding: 15px;border: 1px solid #e2e8f0\">USB Type-C<\/td>\n<td style=\"padding: 15px;border: 1px solid #e2e8f0\">Vakiot 5V\/1A tulo, jotka varmistavat turvalliset l\u00e4mp\u00f6parametrit latausvaiheessa.<\/td>\n<\/tr>\n<tr style=\"background-color: #f7fafc\">\n<td style=\"padding: 15px;border: 1px solid #e2e8f0;font-weight: 600\">Vahvuuskonfiguraatiot<\/td>\n<td style=\"padding: 15px;border: 1px solid #e2e8f0\">0%, 2%, 3%, 5%<\/td>\n<td style=\"padding: 15px;border: 1px solid #e2e8f0\">Vahvistettu yhdistetyn pitoisuuden massa\/tilavuustesti ennen s\u00e4ili\u00f6n tiivist\u00e4mist\u00e4.<\/td>\n<\/tr>\n<tr style=\"background-color: #ffffff\">\n<td style=\"padding: 15px;border: 1px solid #e2e8f0;font-weight: 600\">Laitteiston mitat<\/td>\n<td style=\"padding: 15px;border: 1px solid #e2e8f0\">43mm x 43mm x 135mm, 101g<\/td>\n<td style=\"padding: 15px;border: 1px solid #e2e8f0\">Rakenteellinen jalanj\u00e4lki optimoitu rakenteellisen eheyden ja pudotusvastuksen takaamiseksi.<\/td>\n<\/tr>\n<\/tbody>\n<\/table>\n<h2 style=\"color: #1a365d;border-bottom: 2px solid #e2e8f0;padding-bottom: 10px;font-size: 24px;font-weight: 600;margin-top: 40px\">Insin\u00f6\u00f6ritarkkuus: J\u00e4rjestelm\u00e4n Komponentit<\/h2>\n<p style=\"font-size: 16px;margin-bottom: 20px\">OKso Shisha Maxin toiminnallinen luotettavuus johtuu korkean toleranssin valmistuksesta ja komponenttien tarkan integroinnin. Arvioimme n\u00e4it\u00e4 ydinmekanismeja elektroniikassa k\u00e4ytett\u00e4vien aerosolituotteiden alan standardien perusteella.<\/p>\n<h3 style=\"color: #2b6cb0;font-size: 20px;margin-top: 25px\">1. Kehittynyt Mesh-l\u00e4mmityselementti (0,6 ohmia)<\/h3>\n<p style=\"font-size: 16px;margin-bottom: 20px\">Vakiolankakelat k\u00e4rsiv\u00e4t usein ep\u00e4tasaisesta l\u00e4mp\u00f6jakaumasta, mik\u00e4 johtaa paikallisiin kuiviin vy\u00f6hykkeisiin. OKso-laite toteuttaa 0,6 ohmin metallisen verkkorakenteen. T\u00e4m\u00e4 makroskooppinen hilaj\u00e4rjestelm\u00e4 lis\u00e4\u00e4 merkitt\u00e4v\u00e4sti wicking-materiaalin kanssa kosketuksissa olevaa pinta-aluetta. Empiirisesti t\u00e4m\u00e4 johtaa eritt\u00e4in yhdenmukaiseen atomisointiprosessiin, est\u00e4\u00e4 yhdisteen liuoksen heikkenemisen ja varmistaa tasaisen aerosolin tuotannon koko laitteen k\u00e4ytt\u00f6i\u00e4n ajan.<\/p>\n<h3 style=\"color: #2b6cb0;font-size: 20px;margin-top: 25px\">2. Dynaaminen ilmavirta ja wattaluokan modulaatio<\/h3>\n<p style=\"font-size: 16px;margin-bottom: 20px\">K\u00e4ytt\u00e4j\u00e4n telemetria osoittaa kysynt\u00e4\u00e4 henkil\u00f6kohtaiselle vetovastukselle. Laite sis\u00e4lt\u00e4\u00e4 mekaanisen ilmavirtauksen s\u00e4teilij\u00e4n, joka mahdollistaa k\u00e4ytt\u00e4jille sis\u00e4\u00e4ntuloaukon kaventamisen tai laajentamisen. T\u00e4m\u00e4 fyysinen s\u00e4\u00e4t\u00f6, yhdistettyn\u00e4 muuttuvaan wattaiseen mikro-ohjaimeen, antaa k\u00e4ytt\u00e4j\u00e4lle vallan h\u00f6yryn tuotannon tiheyteen ja l\u00e4mp\u00f6tilaan, mahdollistaen sek\u00e4 tiiviit ett\u00e4 avoimet hengitystottumukset ilman, ett\u00e4 kompromissi k\u00e4\u00e4mityksen l\u00e4mp\u00f6tilastabiilisuudesta.<\/p>\n<div style=\"background-color: #ebf8ff;border-left: 6px solid #3182ce;padding: 20px;margin: 30px 0;border-radius: 0 8px 8px 0\">\n<h4 style=\"color: #2b6cb0;margin-top: 0;font-size: 18px;align-items: center\"><span style=\"font-size: 24px;margin-right: 10px\">\ud83d\udcca<\/span> Tiedon kohta: Sub-Ohm-atomisoinnin fysiikka<\/h4>\n<p style=\"font-size: 15px;color: #2d3748;margin-bottom: 0\">Toiminta 0,6 ohmin resistanssilla sijoittaa t\u00e4m\u00e4n laitteen \u201csub-ohmin\u201d kategoriaan. S\u00e4hk\u00f6resistanssin alentaminen Ohmin lain mukaan ($I = V\/R$) sallii piirin korkeamman virran virtauksen standardin akun j\u00e4nnitteill\u00e4. T\u00e4m\u00e4 k\u00e4\u00e4ntyy suoraan nopeampaan k\u00e4ynnistysaikaan (nopeus, jolla kela saavuttaa optimaalisen atomointil\u00e4mp\u00f6tilan). Integroitu mikropiiri seuraa aktiivisesti t\u00e4t\u00e4 virtaa est\u00e4\u00e4kseen l\u00e4mp\u00f6juoksun, yll\u00e4pit\u00e4\u00e4kseen tasaista toimintal\u00e4mp\u00f6tilaa, joka s\u00e4ilytt\u00e4\u00e4 kasviuutteiden eheyden.<\/p>\n<\/div>\n<h3 style=\"color: #2b6cb0;font-size: 20px;margin-top: 25px\">3. Telemetryan\u00e4ytt\u00f6 ja virranhallinta<\/h3>\n<p style=\"font-size: 16px;margin-bottom: 20px\">Laitteeseen luottaminen perustuu avoimuuteen. Integroitu LED-n\u00e4ytt\u00f6 toimii reaaliaikaisena telemetriikkakonsolina. Se liitet\u00e4\u00e4n suoraan akunhallintaj\u00e4rjestelm\u00e4\u00e4n (BMS) ja s\u00e4ili\u00f6n sis\u00e4iseen optiseen anturiin, joka n\u00e4ytt\u00e4\u00e4 tarkan j\u00e4ljell\u00e4 olevan j\u00e4nnitteen ja liuoksen tason. T\u00e4m\u00e4 suunnitteluvalinta poistaa k\u00e4ytt\u00e4j\u00e4n arvaukset ja est\u00e4\u00e4 kuivan imukuitumateriaalin tahattoman hengitt\u00e4misen.<\/p>\n<h3 style=\"color: #2b6cb0;font-size: 20px;margin-top: 25px\">4. Valtuutetut turvallisuusmekanismit<\/h3>\n<p style=\"font-size: 16px;margin-bottom: 20px\">S\u00e4\u00e4ntelyvaatimusten ja ymp\u00e4rist\u00f6turvallisuuden huomioimiseksi laitteessa on mekaaninen lapsiturva. T\u00e4m\u00e4 toiminto vaatii tietyn, ei-itsest\u00e4\u00e4nselv\u00e4n aktivointij\u00e4rjestyksen l\u00e4mmityselementin k\u00e4ytt\u00f6\u00f6nottoon, mik\u00e4 v\u00e4hent\u00e4\u00e4 tehokkaasti vahingossa tapahtuvan aktivoinnin riski\u00e4 kuljetuksen aikana tai kotimaisissa ymp\u00e4rist\u00f6iss\u00e4. Lis\u00e4ksi siirtyminen ladattavaan 800mAh-akkuun v\u00e4hent\u00e4\u00e4 merkitt\u00e4v\u00e4sti litiumj\u00e4tteen m\u00e4\u00e4r\u00e4\u00e4 per hengitys verrattuna tavallisiin ladattaviin yksik\u00f6ihin, mik\u00e4 on linjassa edistyksellisten elektronisen j\u00e4tteen v\u00e4hent\u00e4misstrategioiden kanssa.<\/p>\n<h2 style=\"color: #1a365d;border-bottom: 2px solid #e2e8f0;padding-bottom: 10px;font-size: 24px;font-weight: 600;margin-top: 40px\">Aistiprofiilit: Formulaatiotut kasvit ja uutteet<\/h2>\n<p style=\"font-size: 16px;margin-bottom: 20px\">OKso Shisha Max -sarja hy\u00f6dynt\u00e4\u00e4 korkean puhtauden omaavia kasviuutteita ja synteettisi\u00e4 aromiaineita, jotka sekoitetaan huippuluokan puhtaushuoneissa. Jokainen profiili on tiukasti stabiloitu erottumisen est\u00e4miseksi ja tasaisen aistikokemuksen varmistamiseksi ensimm\u00e4isest\u00e4 aktivoinnista viimeiseen sykliin asti.<\/p>\n<ul style=\"list-style-type: none;padding: 0;margin: 0\">\n<li style=\"margin-bottom: 15px;padding: 15px;background-color: #f8fafc;border: 1px solid #e2e8f0;border-radius: 6px\">1. Kaksi omenaa: Tieteellisesti tasapainoinen koostumus, joka yhdist\u00e4\u00e4 vihre\u00e4n omenatarhan raikkaat, hapanmakuiset s\u00e4vyt punaisen lajikkeen syv\u00e4\u00e4n makeuteen. Tuloksena on eritt\u00e4in vakaa, klassinen profiili, jolla on puhdas lopputulos.<\/li>\n<li style=\"margin-bottom: 15px;padding: 15px;background-color: #ffffff;border: 1px solid #e2e8f0;border-radius: 6px\">2. Ryp\u00e4leen Minttu: T\u00e4m\u00e4 formulaatio yhdist\u00e4\u00e4 voimakkaat, tummat viinitarhan aromit erilliseen, viilent\u00e4v\u00e4\u00e4n mentolijohdannaiseen. Kasvimintun eritteet tarjoavat virkist\u00e4v\u00e4n l\u00e4mp\u00f6kontrastin hengityksen aikana.<\/li>\n<li style=\"margin-bottom: 15px;padding: 15px;background-color: #f8fafc;border: 1px solid #e2e8f0;border-radius: 6px\">3. Cherry Fiesta: Keskitettyj\u00e4 hedelm\u00e4puutarha-uutteita hy\u00f6dynt\u00e4en t\u00e4m\u00e4 seos tarjoaa voimakkaan, makean aromin, jolla on t\u00e4ydellisesti tasapainotetut hapan alatoivot, mik\u00e4 varmistaa, ett\u00e4 makuprofiili pysyy el\u00e4v\u00e4n\u00e4 ilman kemiallista v\u00e4symyst\u00e4 kielen p\u00e4\u00e4ll\u00e4.<\/li>\n<li style=\"margin-bottom: 15px;padding: 15px;background-color: #ffffff;border: 1px solid #e2e8f0;border-radius: 6px\">4. Peach Ice: Monimutkainen suspensio auringon kypsent\u00e4mien kivikkokukkien aromien yhdistelm\u00e4st\u00e4, joka on integroitu liev\u00e4n j\u00e4\u00e4hdytysaineen kanssa. Kaava vangitsee hedelm\u00e4n luonnollisen makeuden s\u00e4ilytt\u00e4en samalla raikkaan, virkist\u00e4v\u00e4n uloshengitysvaiheen.<\/li>\n<li style=\"margin-bottom: 15px;padding: 15px;background-color: #f8fafc;border: 1px solid #e2e8f0;border-radius: 6px\">5. Taika Rakkaus: Monimutkainen kasviper\u00e4inen matriksi, jossa on sekoitettuja marjoja ja sitrusuutteita. Makean mansikan ja ter\u00e4v\u00e4n sitruunan haihtuvat yhdisteet ovat t\u00e4ydellisesti emulgoituja kirkkaaseen, dynaamiseen aistikokemukseen.<\/li>\n<li style=\"margin-bottom: 15px;padding: 15px;background-color: #ffffff;border: 1px solid #e2e8f0;border-radius: 6px\">6. Mansikkakoktaili: Monimutkaisen hedelm\u00e4seoksen j\u00e4ljittelemiseksi suunniteltu t\u00e4m\u00e4 seos k\u00e4ytt\u00e4\u00e4 voimakkaita mansikkaperus\u00e4\u00e4ni\u00e4, joita korostavat hienovaraiset, analyyttiset tropiikisen sitrusaromaattien vivahteet.<\/li>\n<li style=\"margin-bottom: 15px;padding: 15px;background-color: #f8fafc;border: 1px solid #e2e8f0;border-radius: 6px\">7. Blue Razz Ice: Eritt\u00e4in suosittu synteettinen koostumus, joka yhdist\u00e4\u00e4 ter\u00e4v\u00e4t, hapanvadelmaiset s\u00e4vyt ja n\u00e4kyv\u00e4n j\u00e4\u00e4tymisen mentolaattipohjan, suunniteltu poikkeuksellisen sile\u00e4ksi, kuuruiseksi savunksi.<\/li>\n<li style=\"margin-bottom: 15px;padding: 15px;background-color: #ffffff;border: 1px solid #e2e8f0;border-radius: 6px\">8. Lush Ice: Minimalistinen mutta eritt\u00e4in tehokas seos, joka perustuu puhdistettuun vesimeloniuutteeseen, joka on suspendoitu j\u00e4\u00e4hdytysaineeseen. Se tarjoaa puhtaan, raikkaan ja kosteuttavan aistikokemuksen.<\/li>\n<li style=\"margin-bottom: 15px;padding: 15px;background-color: #f8fafc;border: 1px solid #e2e8f0;border-radius: 6px\">9. Mansikka-vesimeloni: Kaksihuokoinen kaava, jossa mansikan ter\u00e4v\u00e4t, kirkkaat esterit ovat tasoittuneet vesimelonin sile\u00e4n, syv\u00e4n alatoivon ansiosta, mik\u00e4 vaatii eritt\u00e4in tarkan sekoituksen est\u00e4\u00e4kseen toisen aromidominanssin toista vastaan.<\/li>\n<li style=\"margin-bottom: 15px;padding: 15px;background-color: #ffffff;border: 1px solid #e2e8f0;border-radius: 6px\">10. Berry Mint: Hienostunut uute tumman mets\u00e4n marjoista (mustaherukka ja kuusama) kerrostettuna puhtaan botanical mintin pohjalle, luoden rikkaan, mutta syv\u00e4sti virkist\u00e4v\u00e4n uloshengityksen.<\/li>\n<\/ul>\n<h2 style=\"color: #1a365d;border-bottom: 2px solid #e2e8f0;padding-bottom: 10px;font-size: 24px;font-weight: 600;margin-top: 40px\">Irtotavaroiden Toimitusketju ja B2B-Logistiikka<\/h2>\n<p style=\"font-size: 16px;margin-bottom: 20px\">Vapexyz s\u00e4ilytt\u00e4\u00e4 markkinajohtajuutensa tarjoamalla avoimia ja eritt\u00e4in tehokkaita logistisia ratkaisuja. Toimintamme noudattavat tiukasti eurooppalaisia jakelustandardeja, mik\u00e4 varmistaa laitteiston turvallisuuden ja toimitusten ketjun varmentamisen kaikissa l\u00e4hetyksiss\u00e4.<\/p>\n<ul style=\"font-size: 16px;line-height: 1.8;color: #4a5568;margin-bottom: 30px\">\n<li>Tilavuustehokkuus: OKso Shisha Max on optimoitu irtotavaran kuljettamiseen. Vakiopakkaukset sis\u00e4lt\u00e4v\u00e4t 150 yksikk\u00f6\u00e4 (j\u00e4rjestetty 10 kappaleen alalaatikoihin). P\u00e4\u00e4llyskartonin mitat ovat t\u00e4sm\u00e4lleen 465mm x 434mm x 242mm, ja sen bruttopaino on 18,2kg. T\u00e4m\u00e4 tarkkuus mahdollistaa eritt\u00e4in tarkan rahtilaskennan ja tehokkaan kuormalautojen lastauksen.<\/li>\n<li>Vaatimustenmukaisuus ja laadunvalvonta: Verkostomme kautta jaetut laitteet k\u00e4yv\u00e4t l\u00e4pi tiukat laadunvarmistustarkastukset. S\u00e4hk\u00f6komponentit ovat standardien CE ja RoHS mukaisia, mik\u00e4 varmistaa, ett\u00e4 raskasmetallirajoitukset ja elektronisen turvallisuuden parametrit ovat kunnossa.<\/li>\n<li>Vakuutettu Pan-Euroopan rahtil\u00e4hetys: Kaikki tukkukaupan l\u00e4hetys er\u00e4t, jotka l\u00e4hetet\u00e4\u00e4n alueille, joihin kuuluvat Berliini, Pariisi ja Rooma, ovat t\u00e4ysin vakuutettuja ja j\u00e4ljitett\u00e4vi\u00e4.  Vakiol\u00e4hetysprotokollat pyrkiv\u00e4t 48 tunnin k\u00e4sittelyaikaan turvallisista tiloistamme.<\/li>\n<li>Salausyritysten liiketoimet: B2B-taloudelliset logistiikat k\u00e4sitell\u00e4\u00e4n turvallisten porttien kautta, jotka tukevat vakio kaupallisia maksukanavia, mukaan lukien SEPA-pankkisiirrot EU:ssa, iDEAL (Alankomaat) ja Bancontact (Belgia).<\/li>\n<\/ul>\n<div style=\"background-color: #2d3748;color: #ffffff;padding: 25px;border-radius: 8px;margin: 40px 0\">\n<h3 style=\"color: #63b3ed;border-bottom: 1px solid #4a5568;padding-bottom: 10px;font-size: 22px;margin-top: 0\">Usein kysytyt kysymykset (T\u00e4rkeimm\u00e4t tekniset kohdat)<\/h3>\n<dl style=\"margin-top: 20px\">\n<dt style=\"font-weight: bold;font-size: 18px;color: #e2e8f0;margin-bottom: 5px\">Mik\u00e4 on 800mAh-akun odotettu k\u00e4ytt\u00f6ik\u00e4 latausta kohti?<\/dt>\n<dd style=\"margin-left: 0;margin-bottom: 20px;font-size: 15px;color: #cbd5e0\">A: Empiiristen testien mukaan vakioj\u00e4nnitteell\u00e4 800mAh-akku kest\u00e4\u00e4 useita tunteja jatkuvaa k\u00e4ytt\u00f6\u00e4 ennen kuin se tarvitsee latauksen Type-C-portin kautta. Kokonaiskestoik\u00e4 riippuu t\u00e4ysin k\u00e4ytt\u00e4j\u00e4n watitason ja ilmavirtauksen asetuksista.<\/dd>\n<dt style=\"font-weight: bold;font-size: 18px;color: #e2e8f0;margin-bottom: 5px\">K: Miten lapsiturva lukko toimii?<\/dt>\n<dd style=\"margin-left: 0;margin-bottom: 20px;font-size: 15px;color: #cbd5e0\">A: Lukko k\u00e4ytt\u00e4\u00e4 monivaiheista aktivointij\u00e4rjestyst\u00e4 laitteen l\u00e4mmityselementin aseistamiseksi. T\u00e4m\u00e4 fyysinen turvallisuustekij\u00e4 varmistaa toiminnallisten turvallisuusstandardien noudattamisen, est\u00e4en luvattoman tai tahattoman k\u00e4yt\u00f6n.<\/dd>\n<dt style=\"font-weight: bold;font-size: 18px;color: #e2e8f0;margin-bottom: 5px\">Onko rakennekotelo kest\u00e4viss\u00e4 ymp\u00e4rist\u00f6n kulumista vastaan?<\/dt>\n<dd style=\"margin-left: 0;margin-bottom: 20px;font-size: 15px;color: #cbd5e0\">A: Kyll\u00e4. Laite on valmistettu korkean tiheyden omaavista teollisista polymeereist\u00e4. Ulkoa laitteessa on hankauskest\u00e4v\u00e4 matta viimeistely, joka v\u00e4hent\u00e4\u00e4 sormenj\u00e4lkien ja pintaraapumien muodostumista p\u00e4ivitt\u00e4isen k\u00e4yt\u00f6n aikana.<\/dd>\n<dt style=\"font-weight: bold;font-size: 18px;color: #e2e8f0;margin-bottom: 5px\">Ovatko sis\u00e4iset materiaalit turvallisia aerosolin muodostumisen kannalta?<\/dt>\n<dd style=\"margin-left: 0;margin-bottom: 0;font-size: 15px;color: #cbd5e0\">A: Absoluuttisesti. Sis\u00e4inen s\u00e4ili\u00f6 on valmistettu elintarvikek\u00e4ytt\u00f6\u00f6n soveltuvasta PCTG:st\u00e4 (Polycyclohexylenedimethylene Terephthalate Glycol), joka on materiaali, joka kest\u00e4\u00e4 eritt\u00e4in hyvin kemiallista hajoamista ja l\u00e4mp\u00f6vaihtelua, mik\u00e4 varmistaa aerosolil\u00e4hd\u00f6n puhtauden.<\/dd>\n<\/dl>\n<\/div>\n<div style=\"text-align: center;margin-top: 40px;padding: 20px;background-color: #f7fafc;border: 1px solid #e2e8f0;border-radius: 8px\">\n<p style=\"font-size: 18px;font-weight: 600;color: #2d3748;margin-bottom: 20px\">Tutki OKso Shisha Maxin rakennesuunnittelua ja design-estetiikkaa.<\/p>\n<p><img loading=\"lazy\" decoding=\"async\" class=\"alignnone size-full wp-image-46766\" style=\"max-width: 100%;height: auto;border-radius: 6px\" src=\"https:\/\/vapexyz.com\/wp-content\/uploads\/2025\/05\/OKso-Shisha-Max-Rechargeable-Disposable-Vape-40000-Puffs-0-5-Nicoti-7.webp\" alt=\"OKso Shisha Max Ladattavat H\u00e4vytett\u00e4v\u00e4t Vape 40000 Puhallusta Tukku- ja V\u00e4hitt\u00e4iskauppa EU Jakelu\" width=\"1000\" height=\"1000\" title=\"\" srcset=\"https:\/\/vapexyz.com\/wp-content\/uploads\/2025\/05\/OKso-Shisha-Max-Rechargeable-Disposable-Vape-40000-Puffs-0-5-Nicoti-7.webp 1000w, https:\/\/vapexyz.com\/wp-content\/uploads\/2025\/05\/OKso-Shisha-Max-Rechargeable-Disposable-Vape-40000-Puffs-0-5-Nicoti-7-500x500.webp 500w, https:\/\/vapexyz.com\/wp-content\/uploads\/2025\/05\/OKso-Shisha-Max-Rechargeable-Disposable-Vape-40000-Puffs-0-5-Nicoti-7-300x300.webp 300w, https:\/\/vapexyz.com\/wp-content\/uploads\/2025\/05\/OKso-Shisha-Max-Rechargeable-Disposable-Vape-40000-Puffs-0-5-Nicoti-7-768x768.webp 768w, https:\/\/vapexyz.com\/wp-content\/uploads\/2025\/05\/OKso-Shisha-Max-Rechargeable-Disposable-Vape-40000-Puffs-0-5-Nicoti-7-12x12.webp 12w, https:\/\/vapexyz.com\/wp-content\/uploads\/2025\/05\/OKso-Shisha-Max-Rechargeable-Disposable-Vape-40000-Puffs-0-5-Nicoti-7-247x247.webp 247w, https:\/\/vapexyz.com\/wp-content\/uploads\/2025\/05\/OKso-Shisha-Max-Rechargeable-Disposable-Vape-40000-Puffs-0-5-Nicoti-7-510x510.webp 510w, https:\/\/vapexyz.com\/wp-content\/uploads\/2025\/05\/OKso-Shisha-Max-Rechargeable-Disposable-Vape-40000-Puffs-0-5-Nicoti-7-100x100.webp 100w\" sizes=\"auto, (max-width: 1000px) 100vw, 1000px\" \/><\/p>\n<\/div>\n<\/article>","protected":false},"excerpt":{"rendered":"<p>OKso Shisha Max 40K on korkean suorituskyvyn, ladattava, kertak\u00e4ytt\u00f6inen h\u00f6yrystin, joka tarjoaa 40 000 imua, 36 ml:n kapasiteetin, 800 mAh:n Type-C-akun, mesh-kelatekniikan, intuitiivisen LED-n\u00e4yt\u00f6n, s\u00e4\u00e4dett\u00e4v\u00e4n tehon\/ilmavirran, lapsiturvalukon, 10 premium-mausteseosta ja 0%\/2%\/3%\/5%-h\u00f6yrystysvoimakkuutta \u2013 suunniteltu kest\u00e4vyyteen, monipuolisuuteen ja poikkeukselliseen h\u00f6yrystyskokemukseen.<\/p>","protected":false},"featured_media":46763,"comment_status":"open","ping_status":"closed","template":"","meta":{"_lmt_disableupdate":"no","_lmt_disable":""},"product_brand":[],"product_cat":[1073,989,947,935,934,927,929,928,930,933,939,932,938,931,936,937,949,946,950,951,953,954,987],"product_tag":[],"class_list":{"0":"post-46761","1":"product","2":"type-product","3":"status-publish","4":"has-post-thumbnail","6":"product_cat-okso-disposable-vapes","7":"product_cat-40000-puff-vapes","8":"product_cat-big-puffs-vapes","9":"product_cat-bulk-buy-disposable-vapes-in-austria","10":"product_cat-bulk-buy-disposable-vapes-in-belgium","11":"product_cat-bulk-buy-disposable-vapes-in-europe","12":"product_cat-bulk-buy-disposable-vapes-in-france","13":"product_cat-bulk-buy-disposable-vapes-in-germany","14":"product_cat-bulk-buy-disposable-vapes-in-italy","15":"product_cat-bulk-buy-disposable-vapes-in-netherlands","16":"product_cat-bulk-buy-disposable-vapes-in-norway","17":"product_cat-bulk-buy-disposable-vapes-in-poland","18":"product_cat-bulk-buy-disposable-vapes-in-portugal","19":"product_cat-bulk-buy-disposable-vapes-in-spain","20":"product_cat-bulk-buy-disposable-vapes-in-sweden","21":"product_cat-bulk-buy-disposable-vapes-in-switzerland","22":"product_cat-digital-box-vapes","23":"product_cat-disposable-vapes-series","24":"product_cat-dual-mesh-vapes","25":"product_cat-lower-nicotine-vapes","26":"product_cat-rechargeable-vapes","27":"product_cat-shisha-hookah-vapes","28":"product_cat-vape-shop-by-puffs","30":"first","31":"instock","32":"shipping-taxable","33":"purchasable","34":"product-type-variable","35":"has-default-attributes"},"jetpack_sharing_enabled":true,"tiered_pricing_type":"fixed","tiered_pricing_fixed_rules":[],"tiered_pricing_product_settings":{"layout":"default","base_unit_name":{"singular":null,"plural":null},"default_variation":null},"tiered_pricing_minimum_quantity":null,"tiered_pricing_roles_data":[],"tiered_pricing_percentage_rules":[],"tiered_pricing_maximum_quantity":null,"tiered_pricing_quantity_step":null,"_links":{"self":[{"href":"https:\/\/vapexyz.com\/fi\/wp-json\/wp\/v2\/product\/46761","targetHints":{"allow":["GET"]}}],"collection":[{"href":"https:\/\/vapexyz.com\/fi\/wp-json\/wp\/v2\/product"}],"about":[{"href":"https:\/\/vapexyz.com\/fi\/wp-json\/wp\/v2\/types\/product"}],"replies":[{"embeddable":true,"href":"https:\/\/vapexyz.com\/fi\/wp-json\/wp\/v2\/comments?post=46761"}],"wp:featuredmedia":[{"embeddable":true,"href":"https:\/\/vapexyz.com\/fi\/wp-json\/wp\/v2\/media\/46763"}],"wp:attachment":[{"href":"https:\/\/vapexyz.com\/fi\/wp-json\/wp\/v2\/media?parent=46761"}],"wp:term":[{"taxonomy":"product_brand","embeddable":true,"href":"https:\/\/vapexyz.com\/fi\/wp-json\/wp\/v2\/product_brand?post=46761"},{"taxonomy":"product_cat","embeddable":true,"href":"https:\/\/vapexyz.com\/fi\/wp-json\/wp\/v2\/product_cat?post=46761"},{"taxonomy":"product_tag","embeddable":true,"href":"https:\/\/vapexyz.com\/fi\/wp-json\/wp\/v2\/product_tag?post=46761"}],"curies":[{"name":"wp","href":"https:\/\/api.w.org\/{rel}","templated":true}]}}