{"id":38606,"date":"2024-11-14T12:26:17","date_gmt":"2024-11-14T12:26:17","guid":{"rendered":"https:\/\/vapexyz.com\/?post_type=product&#038;p=38606"},"modified":"2026-03-06T09:40:37","modified_gmt":"2026-03-06T09:40:37","slug":"sfog-plus-800-puffs-2-3-5-matala-nikotiini-alkuperainen-tehdasjulkaisija-osta-ladattava-kertakayttoinen-vapes-kyna-tukkumyynti","status":"publish","type":"product","link":"https:\/\/vapexyz.com\/fi\/product\/sfog-plus-800-puffs-2-3-5-low-nicotine-original-factory-bulk-buy-rechargeable-disposable-vapes-pen-wholesale\/","title":{"rendered":"SFOG PLUS 800 Pahlaa irtotavarana Ladattavat H\u00e4vytett\u00e4v\u00e4t Vapeja Tukku"},"content":{"rendered":"<article style=\"font-family: 'Segoe UI', Roboto, Helvetica, Arial, sans-serif; line-height: 1.6; color: #333; max-width: 100%; margin: 0 auto; padding: 20px;\">\n<div style=\"text-align: center; margin-bottom: 40px;\">\n<h2 style=\"font-size: 2.5em; color: #2c3e50; margin-bottom: 10px;\">Kattava tekninen ja kaupallinen katsaus: SFOG PLUS 800 puffia kertak\u00e4ytt\u00f6inen h\u00f6yrystin<\/h2>\n<p style=\"font-size: 1.1em; color: #7f8c8d;\">Yritysten ostajien teknisten spesifikaatioiden, empiirisen suorituskyvyn ja tukkumyyntihankinnan parametrien syv\u00e4llinen analyysi.<\/p>\n<\/div>\n<section style=\"margin-bottom: 40px;\">\n<h3 style=\"color: #2980b9; border-bottom: 2px solid #ecf0f1; padding-bottom: 10px;\">1. Toimeenpano- yhteenveto: VapeXYZ Yrityksen Jakelu<\/h3>\n<p>Tervetuloa VapeXYZ:\u00e4\u00e4n, johtavaan kansainv\u00e4liseen jakeluverkostoon kaupallisen luokan kertak\u00e4ytt\u00f6isille h\u00f6yrystimille. Toimimme maailmanlaajuisesti yli kahdeksan vuoden ajan hankintaketjun asiantuntemuksella, ja mahdollistamme saumattomat B2B-transaktiot alan suosituimpien tuotemerkkien, mukaan lukien BANG BOX, WASPE, UWIN, BIMO, RandM, BANG, VOZOL, Elf Box, ja MYDE, kanssa. Infrastruktuurimme on suunniteltu tukemaan sek\u00e4 uusien v\u00e4hitt\u00e4iskauppojen ett\u00e4 vakiintuneiden tukkukauppojen yrityksi\u00e4.<\/p>\n<p>Erikoistuneena tukkukauppana vapexyz.com yhdist\u00e4\u00e4 kehittyneet tuotantolaitokset ja kuluttajille suunnatut v\u00e4hitt\u00e4iskauppa-alustat. Tarjoamme premium-h\u00e4vytysvapeja eritt\u00e4in kilpailukykyisill\u00e4, volyymipohjaisilla hinnoittelurakenteilla. Markkinoiden saavutettavuuteen sitoutumisemme osoituksena v\u00e4himm\u00e4istilausm\u00e4\u00e4r\u00e4 (MOQ) on tiukasti m\u00e4\u00e4ritelty vain 10 kappaleeseen. Olitpa sitten varastoimassa erikoisliiketoimintaa tai t\u00e4ytt\u00e4m\u00e4ss\u00e4 alueellisia jakelum\u00e4\u00e4ri\u00e4, porrastettu hinnoittelumme varmistaa, ett\u00e4 optimaalisen h\u00e4vytysvaipin hankinta pysyy taloudellisesti kannattavana ja eritt\u00e4in tuottoavana yrityksen\u00e4.<\/p>\n<\/section>\n<div style=\"text-align: center; margin: 40px 0;\"><img loading=\"lazy\" decoding=\"async\" class=\"alignnone wp-image-38610 size-large\" style=\"border-radius: 8px; box-shadow: 0 4px 15px rgba(0,0,0,0.1); max-width: 100%; height: auto;\" src=\"https:\/\/vapexyz.com\/wp-content\/uploads\/2024\/11\/SFOG-PLUS-800-Puffs-2-3-5-Low-Nicotine-Original-Factory-1-788x1024.webp\" alt=\"SFOG PLUS 800 Pahvapuuska 2% 3% 5% Konsentraatio Alkuper\u00e4istehdas Irtonaosta Ostaa Uudelleenladattavat H\u00e4vytett\u00e4v\u00e4t H\u00f6yrykyn\u00e4t Vahvistusmyynti\" width=\"788\" height=\"1024\" title=\"\" srcset=\"https:\/\/vapexyz.com\/wp-content\/uploads\/2024\/11\/SFOG-PLUS-800-Puffs-2-3-5-Low-Nicotine-Original-Factory-1-788x1024.webp 788w, https:\/\/vapexyz.com\/wp-content\/uploads\/2024\/11\/SFOG-PLUS-800-Puffs-2-3-5-Low-Nicotine-Original-Factory-1-385x500.webp 385w, https:\/\/vapexyz.com\/wp-content\/uploads\/2024\/11\/SFOG-PLUS-800-Puffs-2-3-5-Low-Nicotine-Original-Factory-1-768x998.webp 768w, https:\/\/vapexyz.com\/wp-content\/uploads\/2024\/11\/SFOG-PLUS-800-Puffs-2-3-5-Low-Nicotine-Original-Factory-1-1182x1536.webp 1182w, https:\/\/vapexyz.com\/wp-content\/uploads\/2024\/11\/SFOG-PLUS-800-Puffs-2-3-5-Low-Nicotine-Original-Factory-1-1576x2048.webp 1576w, https:\/\/vapexyz.com\/wp-content\/uploads\/2024\/11\/SFOG-PLUS-800-Puffs-2-3-5-Low-Nicotine-Original-Factory-1-9x12.webp 9w, https:\/\/vapexyz.com\/wp-content\/uploads\/2024\/11\/SFOG-PLUS-800-Puffs-2-3-5-Low-Nicotine-Original-Factory-1-510x663.webp 510w, https:\/\/vapexyz.com\/wp-content\/uploads\/2024\/11\/SFOG-PLUS-800-Puffs-2-3-5-Low-Nicotine-Original-Factory-1.webp 1970w\" sizes=\"auto, (max-width: 788px) 100vw, 788px\" \/><\/p>\n<p style=\"font-size: 0.9em; color: #95a5a6; margin-top: 10px;\">Kuva 1: SFOG PLUS 800 Puffs \u2013 Suunniteltu kannettavuutta ja tasaista suorituskyky\u00e4 varten.<\/p>\n<\/div>\n<section style=\"margin-bottom: 40px;\">\n<h3 style=\"color: #2980b9; border-bottom: 2px solid #ecf0f1; padding-bottom: 10px;\">2. Teknologinen arkkitehtuuri ja suorituskykymittarit<\/h3>\n<p>The <a style=\"color: #e67e22; text-decoration: none; font-weight: bold;\" href=\"https:\/\/vapexyz.com\/fi\/tuotekategoria\/kertakayttoiset-huurut\/\">SFOG PLUS 800 Puffs<\/a> edustaa eritt\u00e4in hienostunutta iteraatiota kompaktien kertak\u00e4ytt\u00f6isten h\u00f6yrystimien luokassa. Suunniteltu sek\u00e4 uusille k\u00e4ytt\u00e4jille ett\u00e4 kokeneille harrastajille, laite yhdist\u00e4\u00e4 taskukokoisen ergonomian ja tinkim\u00e4tt\u00f6m\u00e4n sis\u00e4isen laitteiston. Alla on yksityiskohtainen tekninen erittely laitteen spesifikaatioista, jotka on validoitu standardisoitujen teollisuuden parametrien mukaan.<\/p>\n<table style=\"width: 100%; border-collapse: collapse; margin: 25px 0; font-size: 0.95em; box-shadow: 0 1px 3px rgba(0,0,0,0.1);\">\n<thead>\n<tr style=\"background-color: #34495e; color: #ffffff; text-align: left;\">\n<th style=\"padding: 15px; border: 1px solid #2c3e50;\">Komponentti \/ Parametri<\/th>\n<th style=\"padding: 15px; border: 1px solid #2c3e50;\">Tekninen spesifikaatio<\/th>\n<th style=\"padding: 15px; border: 1px solid #2c3e50;\">Empiirinen hy\u00f6ty<\/th>\n<\/tr>\n<\/thead>\n<tbody>\n<tr style=\"background-color: #f8f9fa;\">\n<td style=\"padding: 15px; border: 1px solid #ddd; font-weight: bold;\">Virtal\u00e4hde (Akku)<\/td>\n<td style=\"padding: 15px; border: 1px solid #ddd;\">550mAh A-luokan litium-ioni (ladattava)<\/td>\n<td style=\"padding: 15px; border: 1px solid #ddd;\">S\u00e4ilytt\u00e4\u00e4 tasaisen j\u00e4nnitevirran koko tyhjennysjakson ajan, est\u00e4en suorituskyvyn heikkenemisen lopullisissa k\u00e4ytt\u00f6vaiheissa.<\/td>\n<\/tr>\n<tr>\n<td style=\"padding: 15px; border: 1px solid #ddd; font-weight: bold;\">S\u00e4ili\u00f6n tilavuus<\/td>\n<td style=\"padding: 15px; border: 1px solid #ddd;\">3,0 ml polymeerikammio<\/td>\n<td style=\"padding: 15px; border: 1px solid #ddd;\">Kalibroitu vastaamaan akun k\u00e4ytt\u00f6ik\u00e4\u00e4, tarjoaa riitt\u00e4v\u00e4n tilavuuden pidennetty\u00e4 k\u00e4ytt\u00f6\u00e4 varten ilman rakenteellista vuotoa.<\/td>\n<\/tr>\n<tr style=\"background-color: #f8f9fa;\">\n<td style=\"padding: 15px; border: 1px solid #ddd; font-weight: bold;\">Tuloksen odotus<\/td>\n<td style=\"padding: 15px; border: 1px solid #ddd;\">Enint\u00e4\u00e4n 800 aktuaatiota (standardisoitu)<\/td>\n<td style=\"padding: 15px; border: 1px solid #ddd;\">Testattu automaattisilla keuhkojen inhalointisimulaattoreilla standardiolosuhteissa laboratoriossa (3 sekunnin vetov\u00e4lit).<\/td>\n<\/tr>\n<tr>\n<td style=\"padding: 15px; border: 1px solid #ddd; font-weight: bold;\">L\u00e4mmityselementti<\/td>\n<td style=\"padding: 15px; border: 1px solid #ddd;\">1,4\u03a9 Advanced Mesh -k\u00e4\u00e4mi<\/td>\n<td style=\"padding: 15px; border: 1px solid #ddd;\">Maksimoi pinta-alan ja massan suhteen nopeaa l\u00e4mp\u00f6energian k\u00e4ytt\u00f6\u00f6nottamiseksi ja poikkeuksellisen sile\u00e4\u00e4 aerosolin muodostusta varten.<\/td>\n<\/tr>\n<tr style=\"background-color: #f8f9fa;\">\n<td style=\"padding: 15px; border: 1px solid #ddd; font-weight: bold;\">Konsentraatiovariantit<\/td>\n<td style=\"padding: 15px; border: 1px solid #ddd;\">2%, 3% tai 5% aktiiviformulaatiot<\/td>\n<td style=\"padding: 15px; border: 1px solid #ddd;\">Antaa yritysostajille mahdollisuuden vastata erilaisiin demografisiin vaatimuksiin ja noudattaa aluekohtaisia m\u00e4\u00e4r\u00e4yksi\u00e4.<\/td>\n<\/tr>\n<tr>\n<td style=\"padding: 15px; border: 1px solid #ddd; font-weight: bold;\">Rakennemateriaalit<\/td>\n<td style=\"padding: 15px; border: 1px solid #ddd;\">Anodisoitu metalliseos &amp; PCTG<\/td>\n<td style=\"padding: 15px; border: 1px solid #ddd;\">Varmistaa maksimaalisen rakenteellisen eheyden putoamisen aiheuttamaa iskua vastaan s\u00e4ilytt\u00e4en samalla kemiallisen turvallisuuden standardienmukaisuuden.<\/td>\n<\/tr>\n<\/tbody>\n<\/table>\n<div style=\"background-color: #f0f7fa; border-left: 6px solid #3498db; padding: 20px; margin: 30px 0; border-radius: 0 8px 8px 0;\">\n<h4 style=\"margin-top: 0; color: #2c3e50; font-size: 1.2em;\">\ud83d\udd0d Tietopiste: PCTG:n materiaalitiede vapeissa<\/h4>\n<p style=\"margin-bottom: 0;\">SFOG PLUS:n sis\u00e4inen s\u00e4ili\u00f6 k\u00e4ytt\u00e4\u00e4 PCTG:t\u00e4 (Polycyclohexylenedimethylene Terephthalate Glycol). Toisin kuin tavalliset muovit, PCTG on uskomattoman kest\u00e4v\u00e4, l\u00e4\u00e4ketieteellinen laatuinen kopolyesteri. Se osoittaa k\u00e4yt\u00e4nn\u00f6ss\u00e4 nollaa hajoamista, kun se altistetaan kuumuudelle ja aerosoliliuosten vaihteleville pH-tasoille. T\u00e4m\u00e4 varmistaa, ett\u00e4 s\u00e4ili\u00f6n rakenteellinen eheys pysyy ehj\u00e4n\u00e4, est\u00e4\u00e4 kemiallisen liuottamisen ja varmistaa puhtaan toimituksen ensimm\u00e4isest\u00e4 vetovoimasta viimeiseen. Lis\u00e4ksi sen korkea vetolujuus minimoi mikrohalkeamien riskin, jotka ovat ensisijainen syy laitteen vuotamiseen alemman tason kertak\u00e4ytt\u00f6isiss\u00e4 h\u00f6yrykkeiss\u00e4.<\/p>\n<\/div>\n<\/section>\n<section style=\"margin-bottom: 40px;\">\n<h3 style=\"color: #2980b9; border-bottom: 2px solid #ecf0f1; padding-bottom: 10px;\">3. Empiirinen laadunvarmistus ja riippumaton validointi<\/h3>\n<p>Kyll\u00e4isen markkinan ymp\u00e4rist\u00f6ss\u00e4 pintapuoliset v\u00e4itteet on tuettava empiirisill\u00e4 todisteilla ja tiukoilla valmistusstandardeilla. SFOG PLUS 800 Puffs -tuote k\u00e4y l\u00e4pi tiukat laadunvalvontaprotokollat ennen pakkaamista. Tuotantolaitokset noudattavat ISO 9001 -laadunhallintaperiaatteita, mik\u00e4 varmistaa er\u00e4kohtaisen johdonmukaisuuden. Luokitus \u201c800 puffia\u201d ei ole mielivaltainen arvio; se on empiirinen mittari, joka on johdettu standardoiduista testauslaitteista, jotka simuloivat ihmisen imemismalleja.<\/p>\n<p>N\u00e4m\u00e4 automaattiset testausmekanismit mittaavat kokonaistehonkulutusta vastaan 3,0 ml s\u00e4ili\u00f6n tilavuutta vastaan, vahvistaen, ett\u00e4 550mAh-akku toimii optimaalisissa l\u00e4mp\u00f6rajassa (v\u00e4ltt\u00e4en palamista tai \u201ckuivia iskuja\u201d). Lis\u00e4ksi Type-C ladattavan k\u00e4ytt\u00f6liittym\u00e4n sis\u00e4llytt\u00e4minen toimii insin\u00f6\u00f6riturvana; jos akku luonnollisesti purkautuu pitk\u00e4n varastointijakson aikana ennen kuin 3,0 ml:n kuorma on k\u00e4ytetty loppuun, k\u00e4ytt\u00e4j\u00e4 voi palauttaa virran, varmistaen tuotteen 100%-k\u00e4yt\u00f6n ja maksimoiden loppuk\u00e4ytt\u00e4j\u00e4n sijoitetun p\u00e4\u00e4oman tuoton.<\/p>\n<\/section>\n<section style=\"margin-bottom: 40px;\">\n<h3 style=\"color: #2980b9; border-bottom: 2px solid #ecf0f1; padding-bottom: 10px;\">Aistivalinnat: The <a style=\"color: #e67e22; text-decoration: none;\" href=\"https:\/\/vapexyz.com\/fi\/\">Kertak\u00e4ytt\u00f6iset SFOG-h\u00f6yryt<\/a> Sijoitussalkku<\/h3>\n<p>Kaupallisen v\u00e4hitt\u00e4iskaupan menestyksen ratkaiseva tekij\u00e4 on monimuotoisuus. SFOG PLUS 800 -mallisto on suunniteltu huolellisesti monimutkaisilla, vakaailla aromiprofiileilla. N\u00e4m\u00e4 profiilit on formuloitu puhtaissa huoneissa eritt\u00e4in hienostuneilla uutteilla, jotta k\u00e4\u00e4mien karbonointia voidaan est\u00e4\u00e4, mik\u00e4 yll\u00e4pit\u00e4\u00e4 tasaista l\u00e4ht\u00f6profiilia koko laitteen k\u00e4ytt\u00f6i\u00e4n ajan. Alla on kattava luettelo saatavilla olevista valinnoista:<\/p>\n<div style=\"display: grid; grid-template-columns: repeat(auto-fit, minmax(250px, 1fr)); gap: 15px; margin-top: 20px;\">\n<div style=\"background: #fff; border: 1px solid #ecf0f1; padding: 15px; border-radius: 6px; box-shadow: 0 2px 5px rgba(0,0,0,0.05);\">\n<ul style=\"list-style-type: none; padding-left: 0; margin: 0; color: #444;\">\n<li style=\"margin-bottom: 8px;\">\ud83d\udd39 Sininen Vadelma Lemonade<\/li>\n<li style=\"margin-bottom: 8px;\">\ud83d\udc99 Mustikka<\/li>\n<li style=\"margin-bottom: 8px;\">Tuore Minttu<\/li>\n<li style=\"margin-bottom: 8px;\">Kola<\/li>\n<li style=\"margin-bottom: 8px;\">Ryp\u00e4le<\/li>\n<\/ul>\n<\/div>\n<div style=\"background: #fff; border: 1px solid #ecf0f1; padding: 15px; border-radius: 6px; box-shadow: 0 2px 5px rgba(0,0,0,0.05);\">\n<ul style=\"list-style-type: none; padding-left: 0; margin: 0; color: #444;\">\n<li style=\"margin-bottom: 8px;\">\ud83d\udd39 Mango<\/li>\n<li style=\"margin-bottom: 8px;\">\ud83d\udd39 Vaaleanpunaista sitruunamehua<\/li>\n<li style=\"margin-bottom: 8px;\">\ud83c\udf53 Banaani Mansikka<\/li>\n<li style=\"margin-bottom: 8px;\">\ud83c\udf66 Mansikkaj\u00e4\u00e4tel\u00f6<\/li>\n<li style=\"margin-bottom: 8px;\">\ud83c\udf49 Vesimeloni<\/li>\n<\/ul>\n<\/div>\n<div style=\"background: #fff; border: 1px solid #ecf0f1; padding: 15px; border-radius: 6px; box-shadow: 0 2px 5px rgba(0,0,0,0.05);\">\n<ul style=\"list-style-type: none; padding-left: 0; margin: 0; color: #444;\">\n<li style=\"margin-bottom: 8px;\">Banaani-j\u00e4\u00e4tel\u00f6<\/li>\n<li style=\"margin-bottom: 8px;\">\ud83d\udd39 Persikka-j\u00e4\u00e4tel\u00f6<\/li>\n<li style=\"margin-bottom: 8px;\">Puuvillakarkki-j\u00e4\u00e4tel\u00f6<\/li>\n<li style=\"margin-bottom: 8px;\">Kiivi Passiohedelm\u00e4 Guava<\/li>\n<li style=\"margin-bottom: 8px;\">Kookosmeloni<\/li>\n<\/ul>\n<\/div>\n<div style=\"background: #fff; border: 1px solid #ecf0f1; padding: 15px; border-radius: 6px; box-shadow: 0 2px 5px rgba(0,0,0,0.05);\">\n<ul style=\"list-style-type: none; padding-left: 0; margin: 0; color: #444;\">\n<li style=\"margin-bottom: 8px;\">\ud83d\udd39 Mango Maitoj\u00e4\u00e4tel\u00f6<\/li>\n<li style=\"margin-bottom: 8px;\">\ud83d\udd39 Oranssijuoma<\/li>\n<li style=\"margin-bottom: 8px;\">J\u00e4\u00e4tel\u00f6<\/li>\n<li style=\"margin-bottom: 8px;\">Lyychee-j\u00e4\u00e4tel\u00f6<\/li>\n<\/ul>\n<\/div>\n<\/div>\n<\/section>\n<section style=\"margin-bottom: 40px;\">\n<h3 style=\"color: #2980b9; border-bottom: 2px solid #ecf0f1; padding-bottom: 10px;\">5. Strategiset tukkukauppaoperaatiot Euroopan markkinoilla<\/h3>\n<p>Vapexyz on merkitt\u00e4v\u00e4 logistinen pilari v\u00e4hitt\u00e4iskaupan infrastruktuureille koko Euroopan mantereella. Meill\u00e4 on erinomaisuuden maine johtavana h\u00e4vytett\u00e4vien h\u00f6yrystimien tukkukauppiaana tiukasti s\u00e4\u00e4nnellyiss\u00e4 ymp\u00e4rist\u00f6iss\u00e4, mukaan lukien Alankomaat, Saksa, Belgia ja Espanja.  Toimittajaketjumme protokollat ovat linjassa alueellisten vaatimustenmukaisuusodotusten kanssa, mik\u00e4 varmistaa, ett\u00e4 B2B-kumppanimme saavat varastoa, joka vastaa tiukkoja turvallisuus- ja toiminnallisia standardeja.<\/p>\n<p>Suurtuotannon hankintastrategian aloittaminen SFOG PLUS 800 Puffs -tuotteelle tarjoaa merkitt\u00e4vi\u00e4 yritys-etuja:<\/p>\n<ul style=\"line-height: 1.8; color: #444;\">\n<li>Optimoitu yksikk\u00f6talous: Hy\u00f6dynt\u00e4m\u00e4ll\u00e4 skaalataloutta, porrastettu hinnoittelurakenneemme v\u00e4hent\u00e4\u00e4 dramaattisesti yksikk\u00f6kohtaisia hankintakustannuksia volyymin kasvaessa, mik\u00e4 lis\u00e4\u00e4 suoraan v\u00e4hitt\u00e4iskaupan voittomarginaaleja.<\/li>\n<li>Toimitusketjun luotettavuus: Yll\u00e4pid\u00e4mme laajoja varastokapasiteetteja, mik\u00e4 mahdollistaa nopean toimitusmatriisin. Varmistamme jatkuvan varaston saatavuuden, mik\u00e4 v\u00e4hent\u00e4\u00e4 varaston loppumisen riski\u00e4 kumppaneillemme.<\/li>\n<li>Kitkatonta hankintaa:  B2B-portaalissamme on sujuva tilausarkkitehtuuri. Yritykset voivat dynaamisesti yhdistell\u00e4 tuoksuprofiileja ja formulaatioiden pitoisuuksia t\u00e4sm\u00e4lleen oikein.<\/li>\n<\/ul>\n<p>Vapexyz:ss\u00e4 perustamme on rakennettu tinkim\u00e4tt\u00f6m\u00e4\u00e4n laatuun ja luotettavaan logistiseen palveluun. Kutsumme v\u00e4hitt\u00e4iskauppiaita ja alueellisia jakelijoita k\u00e4ym\u00e4\u00e4n Vapexyz-portaalissa, aloittamaan kumppanuuden ja kokemaan vertaansa vailla olevan operatiivisen tehokkuuden. SFOG PLUS 800 Puffs tarjoaa optimaalisen tasapainon teknisen huippuosaamisen ja kuluttajien houkuttelevuuden v\u00e4lill\u00e4 - vahvistaen sen asemaa nopeasti myyv\u00e4n\u00e4 v\u00e4hitt\u00e4iskauppatavarana.<\/p>\n<\/section>\n<section style=\"margin-bottom: 40px;\">\n<h3 style=\"color: #2c3e50; background-color: #ecf0f1; padding: 15px; border-radius: 5px;\">Yritys- ja kuluttaja-UKK<\/h3>\n<div style=\"border: 1px solid #e0e0e0; border-radius: 8px; padding: 15px; margin-bottom: 15px; background: #ffffff; box-shadow: 0 2px 4px rgba(0,0,0,0.02);\">\n<h4 style=\"margin: 0 0 10px 0; color: #2980b9; font-size: 1.1em;\">Mik\u00e4 t\u00e4sm\u00e4lleen tekee 1.4\u03a9 mesh-k\u00e4\u00e4min t\u00e4ss\u00e4 laitteessa?<\/h4>\n<p style=\"margin: 0; color: #555;\">1,4 ohmin vastus osoittaa, ett\u00e4 t\u00e4m\u00e4 k\u00e4\u00e4mi on erityisesti suunniteltu suuhun-keuhkoon (MTL) -inhalaatiota varten, j\u00e4ljittelem\u00e4ll\u00e4 l\u00e4heisesti perinteist\u00e4 vetovastusta. \u201cMesh\u201d -arkkitehtuuri tarkoittaa, ett\u00e4 l\u00e4mmityselementti on kudottu metallinen verkko sen sijaan, ett\u00e4 se olisi yksitt\u00e4inen kierretty lanka. T\u00e4m\u00e4 suuri pinta-ala l\u00e4mmitt\u00e4\u00e4 sis\u00e4ist\u00e4 liuosta tasaisesti, v\u00e4ltt\u00e4m\u00e4ll\u00e4 paikallista palamista ja tarjoaa huomattavan vakaata aerosolin tuotantoa.<\/p>\n<\/div>\n<div style=\"border: 1px solid #e0e0e0; border-radius: 8px; padding: 15px; margin-bottom: 15px; background: #ffffff; box-shadow: 0 2px 4px rgba(0,0,0,0.02);\">\n<h4 style=\"margin: 0 0 10px 0; color: #2980b9; font-size: 1.1em;\">Onko 550mAh akku turvallinen pitk\u00e4aikaista s\u00e4ilytyst\u00e4 varten?<\/h4>\n<p style=\"margin: 0; color: #555;\">Kyll\u00e4. Laite k\u00e4ytt\u00e4\u00e4 A-luokan litium-ioni-solmua, jolla on eritt\u00e4in vakaa kemia ja alhainen itsepurkautumisnopeus. Optimaalisen akun terveyden yll\u00e4pit\u00e4miseksi irtotilaukset tulisi kuitenkin s\u00e4ilytt\u00e4\u00e4 ilmastoidussa ymp\u00e4rist\u00f6ss\u00e4 (ihannetapauksessa 15\u00b0C ja 25\u00b0C v\u00e4lill\u00e4). Koska siin\u00e4 on ladattavat ominaisuudet, k\u00e4ytt\u00e4j\u00e4t voivat t\u00e4ydent\u00e4\u00e4 latausta, jos laite on ollut k\u00e4ytt\u00e4m\u00e4tt\u00f6m\u00e4n\u00e4, mik\u00e4 varmistaa nollaj\u00e4tteen.<\/p>\n<\/div>\n<div style=\"border: 1px solid #e0e0e0; border-radius: 8px; padding: 15px; margin-bottom: 15px; background: #ffffff; box-shadow: 0 2px 4px rgba(0,0,0,0.02);\">\n<h4 style=\"margin: 0 0 10px 0; color: #2980b9; font-size: 1.1em;\">Kuinka VapeXYZ k\u00e4sittelee alueellista vaatimustenmukaisuutta kertak\u00e4ytt\u00f6isille s\u00e4hk\u00f6sigaretteille?<\/h4>\n<p style=\"margin: 0; color: #555;\">Johtavana jakelijana, joka palvelee Saksaa, Espanjaa, Belgiaa ja Alankomaita, meid\u00e4n varastomme keskittyy valmistajien tuottamiin malleihin, jotka noudattavat tiukkoja kansainv\u00e4lisi\u00e4 materiaalien turvallisuusdirektiivej\u00e4 (kuten RoHS- ja CE-standardit). Suosittelemme kaikkia v\u00e4hitt\u00e4iskauppakumppaneita tutustumaan paikallisiin pitoisuusrajoihin ja pakkausm\u00e4\u00e4r\u00e4yksiin ennen irtotilausten tekemist\u00e4.<\/p>\n<\/div>\n<div style=\"border: 1px solid #e0e0e0; border-radius: 8px; padding: 15px; margin-bottom: 15px; background: #ffffff; box-shadow: 0 2px 4px rgba(0,0,0,0.02);\">\n<h4 style=\"margin: 0 0 10px 0; color: #2980b9; font-size: 1.1em;\">Mik\u00e4 on v\u00e4himm\u00e4istilausraja tukkutarjoukseen?<\/h4>\n<p style=\"margin: 0; color: #555;\">VapeXYZ yll\u00e4pit\u00e4\u00e4 uskomattoman edullista v\u00e4himm\u00e4istilausm\u00e4\u00e4r\u00e4\u00e4 (MOQ) vain 10 kappaletta. T\u00e4m\u00e4 k\u00e4yt\u00e4nt\u00f6 on suunniteltu antamaan pienille yrityksille ja erikoisliikkeille mahdollisuus hankkia korkealaatuisia laitteita, kuten SFOG PLUS, ilman ett\u00e4 heid\u00e4n tarvitsee ylitt\u00e4\u00e4 alkuper\u00e4ist\u00e4 p\u00e4\u00e4omasijoitustaan.<\/p>\n<\/div>\n<\/section>\n<\/article>","protected":false},"excerpt":{"rendered":"<p>SFOG PLUS 800 Puffs -ladattava, kertak\u00e4ytt\u00f6inen h\u00f6yrystin, saatavilla Vapexyz:st\u00e4, tarjoaa premium-h\u00f6yryst\u00e4miskokemuksen 550mAh ladattavalla akulla, 3,0 ml kapasiteetilla ja monipuolisella makujen valikoimalla, mik\u00e4 tekee siit\u00e4 ihanteellisen sek\u00e4 satunnaisille ett\u00e4 kokeneille h\u00f6yryst\u00e4jille.<\/p>","protected":false},"featured_media":38623,"comment_status":"open","ping_status":"closed","template":"","meta":{"_lmt_disableupdate":"no","_lmt_disable":""},"product_brand":[],"product_cat":[986,1007,1019,1020,935,934,927,929,928,930,933,939,932,938,931,936,937,1017,1022,946,1023,1024,1025,1026,1027,951,1029,952,1030,1032,1033,1035,953,1037,987,1038],"product_tag":[],"class_list":{"0":"post-38606","1":"product","2":"type-product","3":"status-publish","4":"has-post-thumbnail","6":"product_cat-sfog-disposable-vapes","7":"product_cat-800-puff-vapes","8":"product_cat-blue-razz-flavor-disposable-vapes","9":"product_cat-blueberry-flavor-disposable-vapes","10":"product_cat-bulk-buy-disposable-vapes-in-austria","11":"product_cat-bulk-buy-disposable-vapes-in-belgium","12":"product_cat-bulk-buy-disposable-vapes-in-europe","13":"product_cat-bulk-buy-disposable-vapes-in-france","14":"product_cat-bulk-buy-disposable-vapes-in-germany","15":"product_cat-bulk-buy-disposable-vapes-in-italy","16":"product_cat-bulk-buy-disposable-vapes-in-netherlands","17":"product_cat-bulk-buy-disposable-vapes-in-norway","18":"product_cat-bulk-buy-disposable-vapes-in-poland","19":"product_cat-bulk-buy-disposable-vapes-in-portugal","20":"product_cat-bulk-buy-disposable-vapes-in-spain","21":"product_cat-bulk-buy-disposable-vapes-in-sweden","22":"product_cat-bulk-buy-disposable-vapes-in-switzerland","23":"product_cat-buy-best-disposable-vape-flavors","24":"product_cat-cola-flavor-disposable-vapes","25":"product_cat-disposable-vapes-series","26":"product_cat-grape-flavor-disposable-vapes","27":"product_cat-guava-flavor-disposable-vapes","28":"product_cat-ice-flavor-disposable-vapes","29":"product_cat-kiwi-flavor-disposable-vapes","30":"product_cat-lemon-flavor-disposable-vapes","31":"product_cat-lower-nicotine-vapes","32":"product_cat-mango-flavor-disposable-vapes","33":"product_cat-mini-puffs-vapes","34":"product_cat-mint-flavor-disposable-vapes","35":"product_cat-passion-fruit-flavor-disposable-vapes","36":"product_cat-peach-flavor-disposable-vapes","37":"product_cat-raspberry-flavor-disposable-vapes","38":"product_cat-rechargeable-vapes","39":"product_cat-strawberry-flavor-disposable-vapes","40":"product_cat-vape-shop-by-puffs","41":"product_cat-watermelon-flavor-disposable-vapes","43":"first","44":"instock","45":"shipping-taxable","46":"purchasable","47":"product-type-variable","48":"has-default-attributes"},"jetpack_sharing_enabled":true,"tiered_pricing_type":"fixed","tiered_pricing_fixed_rules":[],"tiered_pricing_product_settings":{"layout":"default","base_unit_name":{"singular":null,"plural":null},"default_variation":null},"tiered_pricing_minimum_quantity":null,"tiered_pricing_roles_data":[],"tiered_pricing_percentage_rules":[],"tiered_pricing_maximum_quantity":null,"tiered_pricing_quantity_step":null,"_links":{"self":[{"href":"https:\/\/vapexyz.com\/fi\/wp-json\/wp\/v2\/product\/38606","targetHints":{"allow":["GET"]}}],"collection":[{"href":"https:\/\/vapexyz.com\/fi\/wp-json\/wp\/v2\/product"}],"about":[{"href":"https:\/\/vapexyz.com\/fi\/wp-json\/wp\/v2\/types\/product"}],"replies":[{"embeddable":true,"href":"https:\/\/vapexyz.com\/fi\/wp-json\/wp\/v2\/comments?post=38606"}],"wp:featuredmedia":[{"embeddable":true,"href":"https:\/\/vapexyz.com\/fi\/wp-json\/wp\/v2\/media\/38623"}],"wp:attachment":[{"href":"https:\/\/vapexyz.com\/fi\/wp-json\/wp\/v2\/media?parent=38606"}],"wp:term":[{"taxonomy":"product_brand","embeddable":true,"href":"https:\/\/vapexyz.com\/fi\/wp-json\/wp\/v2\/product_brand?post=38606"},{"taxonomy":"product_cat","embeddable":true,"href":"https:\/\/vapexyz.com\/fi\/wp-json\/wp\/v2\/product_cat?post=38606"},{"taxonomy":"product_tag","embeddable":true,"href":"https:\/\/vapexyz.com\/fi\/wp-json\/wp\/v2\/product_tag?post=38606"}],"curies":[{"name":"wp","href":"https:\/\/api.w.org\/{rel}","templated":true}]}}