{"id":37236,"date":"2024-11-02T13:34:45","date_gmt":"2024-11-02T13:34:45","guid":{"rendered":"https:\/\/vapexyz.com\/?post_type=product&#038;p=37236"},"modified":"2026-03-01T12:32:03","modified_gmt":"2026-03-01T12:32:03","slug":"vapme-crystal-20000-suihketta-kaksinkertainen-maku-digitaalinen-naytto-2-alhainen-nikotiini-alkuperainen-tehdas-bulk-ostaa-ladattava-kertakayttoinen-vapes-kyna-tukkumyynti","status":"publish","type":"product","link":"https:\/\/vapexyz.com\/fi\/product\/vapme-crystal-20000-puffs-double-flavour-digital-screen-2-low-nicotine-original-factory-bulk-buy-rechargeable-disposable-vapes-pen-wholesale\/","title":{"rendered":"VAPME CRYSTAL 20000 Puhallusta Kaksoismaku Digitaalinen N\u00e4ytt\u00f6 Irtotavarana Ostettavat Ladattavat H\u00e4vytett\u00e4v\u00e4t Vape-tuotteet Tukkuosto"},"content":{"rendered":"<article style=\"font-family: 'Segoe UI', Tahoma, Geneva, Verdana, sans-serif; line-height: 1.6; color: #333; max-width: 100%; margin: 0 auto; padding: 20px;\">\n<h2 style=\"color: #2c3e50; border-bottom: 2px solid #3498db; padding-bottom: 10px; font-size: 28px;\"><a style=\"color: #3498db; text-decoration: none;\" href=\"https:\/\/vapexyz.com\/fi\/tuotekategoria\/vapme\/\"> VAPME<\/a> KRISTALLI 20000 Pahvia kaksi profiilia digitaalinen n\u00e4ytt\u00f6 2% Vahvuus Ladattava <a style=\"color: #3498db; text-decoration: none;\" href=\"https:\/\/vapexyz.com\/fi\/\">Kertak\u00e4ytt\u00f6iset h\u00f6yryt<\/a> Kyn\u00e4<\/h2>\n<p style=\"font-size: 16px; margin-bottom: 20px; text-align: justify;\">Kuluttajien hengitett\u00e4vien laitteiden teknologinen maisema on kokenut tiukan evoluution, joka on huipentunut VAPME CRYSTAL 20000 Puffs -laitteen tekniseen ihmeeseen. Perinteisist\u00e4 malleista poiketen t\u00e4m\u00e4 malli edustaa paradigman muutosta h\u00e4vytett\u00e4vien vape-tuotteiden sektorilla, integroiden edistyneen mikroelektroniikan, tarkan nesteen dynamiikan ja korkean tiheyden energian varastoinnin yhdeksi, yhten\u00e4iseksi yksik\u00f6ksi. VapeXYZ:ss\u00e4, hy\u00f6dynt\u00e4en yli kahdeksan vuoden tiukan tukkukaupan jakelun ja laadun varmistamisen osaamista, olemme huolellisesti analysoineet t\u00e4m\u00e4n laitteen vahvistaaksemme sen asemaa ensiluokkaisena laitteisto-ratkaisuna. Pitk\u00e4n k\u00e4ytt\u00f6i\u00e4n ja jatkuvan suorituskyvyn takaamiseksi suunniteltu t\u00e4m\u00e4 j\u00e4rjestelm\u00e4 k\u00e4ytt\u00e4\u00e4 hienostunutta kaksikammioista annostelumehanismia, joka mahdollistaa k\u00e4ytt\u00e4jille sujuvan siirtymisen kahden eri aistikuvan v\u00e4lill\u00e4. Se on yksinomaan saatavilla VapeXYZ:n kautta, mik\u00e4 varmistaa, ett\u00e4 eurooppalaiset jakelijat saavat t\u00e4ysin tutkittuja, laboratoriossa testattuja h\u00e4vytett\u00e4vi\u00e4 vape-tuotteita, jotka vastaavat alan tiukkoja standardeja.<\/p>\n<h3 style=\"color: #2980b9; font-size: 24px; margin-top: 30px;\">Empiirinen validointi ja suorituskykymittarit<\/h3>\n<p style=\"font-size: 16px; margin-bottom: 20px; text-align: justify;\">V\u00e4itteet \u00e4\u00e4rimm\u00e4isest\u00e4 kapasiteetista vaativat tiukkaa empiirist\u00e4 validoimista. VAPME CRYSTALin tekninen arviointi sis\u00e4lt\u00e4\u00e4 tiukan pneumaattisen koneen testauksen 20 000 imutoiminnan kapasiteettikynnyksen varmentamiseksi. K\u00e4ytt\u00e4m\u00e4ll\u00e4 automaattisia imutoiminnan simulaattoreita, jotka on kalibroitu standardin kuluttajan hengitysparametrien mukaan (yleens\u00e4 1,5 sekunnin - 2,0 sekunnin imutoiminta-aika, jota seuraa 30 sekunnin lepoaika optimaalisen imeytymisen mahdollistamiseksi), laite osoittaa poikkeuksellisen s\u00e4ili\u00f6nhallinnan.<\/p>\n<p style=\"font-size: 16px; margin-bottom: 20px; text-align: justify;\">Johdonmukainen l\u00e4ht\u00f6 on voimakkaasti riippuvainen sen optimoituneesta kapillaaritoiminnasta. Toisin kuin tavalliset kertak\u00e4ytt\u00f6iset h\u00f6yrystimet, jotka k\u00e4rsiv\u00e4t l\u00e4mp\u00f6heikkenemisest\u00e4 ja l\u00e4ht\u00f6tilavuuden v\u00e4henemisest\u00e4 ensimm\u00e4isten 5 000 aktivoinnin j\u00e4lkeen, VAPME CRYSTAL k\u00e4ytt\u00e4\u00e4 patentoitua mesh-kelarakkitehtuuria. T\u00e4m\u00e4 laajennettu pinta-ala takaa, ett\u00e4 sis\u00e4inen liuos h\u00f6yrystyy tasaisessa l\u00e4mp\u00f6tilassa, est\u00e4\u00e4 paikallista ylikuumenemista ja s\u00e4ilytt\u00e4\u00e4 2% lujuusformuloinnin eheyyden ensimm\u00e4isest\u00e4 aktivoinnista viimeiseen. L\u00e4mp\u00f6kuvaus huippuk\u00e4yt\u00f6n aikana vahvistaa, ett\u00e4 l\u00e4mm\u00f6n haihtuminen pysyy tiukasti lokalisoituneena atomisointikammiossa, pit\u00e4en ulkoisen rungon viile\u00e4n\u00e4 ja rakenteellisesti \u00e4\u00e4nell\u00e4.<\/p>\n<h3 style=\"color: #2980b9; font-size: 24px; margin-top: 30px;\">Ydintekniikka &amp; Laitteiston tekniset tiedot<\/h3>\n<ul style=\"list-style-type: none; padding: 0; margin-bottom: 20px;\">\n<li style=\"background-color: #f9f9f9; border-left: 4px solid #27ae60; margin-bottom: 10px; padding: 15px; border-radius: 4px; box-shadow: 0 1px 3px rgba(0,0,0,0.05);\"><strong style=\"color: #2c3e50; display: block; font-size: 18px;\">Korkea tuottoisuus (20 000+ aktivointia):<\/strong><br \/>\nKehittyneen kaksivarastoj\u00e4rjestelm\u00e4n avulla laite laskee matemaattisesti nesteen toimittamisen varmistaakseen maksimaalisen kest\u00e4vyyden. Orgaanisen puuvillan imev\u00e4 materiaalin kyll\u00e4stysnopeus on kalibroitu vastaamaan akun purkausk\u00e4yr\u00e4\u00e4, mik\u00e4 varmistaa, ett\u00e4 kuivapolttotapahtumia ei esiinny sen pitk\u00e4n k\u00e4ytt\u00f6i\u00e4n aikana.<\/li>\n<li style=\"background-color: #f9f9f9; border-left: 4px solid #27ae60; margin-bottom: 10px; padding: 15px; border-radius: 4px; box-shadow: 0 1px 3px rgba(0,0,0,0.05);\"><strong style=\"color: #2c3e50; display: block; font-size: 18px;\">Kaksoisprofiilin Vaihtomekaniikka:<\/strong><br \/>\nSis\u00e4inen arkkitehtuuri sis\u00e4lt\u00e4\u00e4 rinnakkaiset, eristetyt kammiot. Tarkkuusinsin\u00f6\u00f6rin suunnittelema vipumeaniikka ohjaa aerodynaamisen virtauksen erillisiin keloihin, mahdollistaen puhtaan, saastumattoman vaihdon kahden eri botanisen ja aromaattisen seoksen v\u00e4lill\u00e4. T\u00e4m\u00e4 poistaa aistikasvatuksen, joka on yleisesti liittyv\u00e4 yksiprofiilisiin, kertak\u00e4ytt\u00f6isiin vapeihin.<\/li>\n<li style=\"background-color: #f9f9f9; border-left: 4px solid #27ae60; margin-bottom: 10px; padding: 15px; border-radius: 4px; box-shadow: 0 1px 3px rgba(0,0,0,0.05);\"><strong style=\"color: #2c3e50; display: block; font-size: 18px;\">Kehittynyt litium-ioni-solu ja Type-C-sis\u00e4\u00e4ntulo:<\/strong><br \/>\nLaitteen virtal\u00e4hteen\u00e4 on korkealaatuinen, korkea-virtal\u00e4hdeinen akku, joka on integroitu nykyaikaiseen akunhallintaj\u00e4rjestelm\u00e4\u00e4n (BMS). Type-C-protokolla mahdollistaa nopean ja turvallisen energian t\u00e4ydent\u00e4misen sis\u00e4\u00e4nrakennetuilla ylilataus-, syv\u00e4purkaus- ja oikosulkusuojauspiireill\u00e4, jotka yll\u00e4pit\u00e4v\u00e4t akun terveytt\u00e4 useiden latausjaksojen ajan.<\/li>\n<li style=\"background-color: #f9f9f9; border-left: 4px solid #27ae60; margin-bottom: 10px; padding: 15px; border-radius: 4px; box-shadow: 0 1px 3px rgba(0,0,0,0.05);\"><strong style=\"color: #2c3e50; display: block; font-size: 18px;\">Ergonominen &amp; Kevyt Runko:<\/strong><br \/>\nKokonaisuudessaan iskunkest\u00e4v\u00e4st\u00e4, kevyest\u00e4 polymeerista valmistettu runko on suunniteltu antropometristen tietojen avulla takaamaan ergonomisen mukavuuden pitk\u00e4n k\u00e4yt\u00f6n aikana. Sen kompakti muotokerroin piilottaa suuren sis\u00e4isen tilavuuden, mik\u00e4 tekee siit\u00e4 eritt\u00e4in kannettavan.<\/li>\n<\/ul>\n<div style=\"background: linear-gradient(135deg, #e0f7fa 0%, #b2ebf2 100%); border: 1px solid #4dd0e1; border-radius: 8px; padding: 25px; margin: 30px 0; box-shadow: 0 4px 6px rgba(0,0,0,0.05);\">\n<h3 style=\"color: #00838f; margin-top: 0; display: flex; align-items: center; font-size: 22px;\"><span style=\"font-size: 28px; margin-right: 10px;\">\ud83d\udd2c<\/span> V\u00e4ltt\u00e4m\u00e4t\u00f6n tieto: Digitaalinen telemetria nykyaikaisessa laitteistossa<\/h3>\n<p style=\"color: #006064; font-size: 15px; line-height: 1.7; margin-bottom: 0; text-align: justify;\">VAPME CRYSTAL -laitteeseen integroidun digitaalisen n\u00e4yt\u00f6n lis\u00e4\u00e4minen ei ole pelk\u00e4st\u00e4\u00e4n esteettinen lis\u00e4ys; se on kriittinen diagnostinen ty\u00f6kalu, joka on juurtunut laitteiston telemetriaan. Perinteiset valvomaton laitteet johtavat usein \u201carvauspeliin\u201d akun k\u00e4ytt\u00f6i\u00e4n ja sis\u00e4isten liuosten tasojen suhteen, mik\u00e4 voi johtaa ennenaikaiseen laitteen h\u00e4vitt\u00e4miseen tai ep\u00e4miellytt\u00e4v\u00e4\u00e4n l\u00e4mp\u00f6iseen heikkenemiseen. VAPME Crystal k\u00e4ytt\u00e4\u00e4 mikrokontrolleriyksikk\u00f6\u00e4 (MCU), joka jatkuvasti valvoo akun j\u00e4nnitett\u00e4 ja aktivointilukemaa. N\u00e4m\u00e4 tiedot k\u00e4sitell\u00e4\u00e4n ja v\u00e4litet\u00e4\u00e4n korkea- kontrastiselle digitaaliselle n\u00e4yt\u00f6lle, mik\u00e4 tarjoaa k\u00e4ytt\u00e4j\u00e4lle reaaliaikaiset, toiminnalliset mittarit. Antamalla k\u00e4ytt\u00e4j\u00e4lle empiiriset tiedot laitteen toiminnallisesta tilasta, laite varmistaa optimaalisen k\u00e4yt\u00f6n, est\u00e4\u00e4 litium-ion-kennon syv\u00e4n purkauksen ja maksimoi jokaisen ostetun h\u00e4vitett\u00e4v\u00e4n vape-yksik\u00f6n tehokkuuden.<\/p>\n<\/div>\n<h3 style=\"color: #2980b9; font-size: 24px; margin-top: 30px;\">Kuuratut Aromaattiset Dual Profiilit<\/h3>\n<p style=\"font-size: 16px; margin-bottom: 20px; text-align: justify;\">VAPME CRYSTAL:in takana oleva formulaattiotiede sis\u00e4lt\u00e4\u00e4 eritt\u00e4in puhdistettuja kasviuutteita ja elintarvikek\u00e4ytt\u00f6\u00f6n soveltuvia aromaattisia yhdisteit\u00e4, jotka on huolellisesti tasapainotettu kelan likaantumisen v\u00e4ltt\u00e4miseksi ja 2% vahvuusformulaation sujuvan toimittamisen varmistamiseksi.  Luettelossamme on kymmenen monimutkaista kaksikammioista konfiguraatiota. Jokainen vaihtoehto tarjoaa ensisijaisen ja toissijaisen profiilin, jotka t\u00e4ydent\u00e4v\u00e4t toisiaan harmonisesti:<\/p>\n<div style=\"display: grid; grid-template-columns: repeat(auto-fit, minmax(300px, 1fr)); gap: 15px; margin-bottom: 30px;\">\n<div style=\"background-color: #fff; border: 1px solid #e0e0e0; padding: 15px; border-radius: 6px; text-align: center; font-weight: 600; color: #34495e;\">Mustikka Vadelma &amp; Vesimeloni Frost<\/div>\n<div style=\"background-color: #fff; border: 1px solid #e0e0e0; padding: 15px; border-radius: 6px; text-align: center; font-weight: 600; color: #34495e;\">Mansikka-vesimeloni- ja passionhedelm\u00e4melonifrosti<\/div>\n<div style=\"background-color: #fff; border: 1px solid #e0e0e0; padding: 15px; border-radius: 6px; text-align: center; font-weight: 600; color: #34495e;\">Kirsikkahagel &amp; Sininen Vadelma Lemonadi<\/div>\n<div style=\"background-color: #fff; border: 1px solid #e0e0e0; padding: 15px; border-radius: 6px; text-align: center; font-weight: 600; color: #34495e;\">Ryp\u00e4leen Pakkanen &amp; Mansikan Kiivi<\/div>\n<div style=\"background-color: #fff; border: 1px solid #e0e0e0; padding: 15px; border-radius: 6px; text-align: center; font-weight: 600; color: #34495e;\">Mansikka banaani &amp; tuplaomena<\/div>\n<div style=\"background-color: #fff; border: 1px solid #e0e0e0; padding: 15px; border-radius: 6px; text-align: center; font-weight: 600; color: #34495e;\">Sekoitettu Marja Pakkanen &amp; Persikka Mango Ananas<\/div>\n<div style=\"background-color: #fff; border: 1px solid #e0e0e0; padding: 15px; border-radius: 6px; text-align: center; font-weight: 600; color: #34495e;\">Mansikka Frost &amp; Vesimeloni Kiivi Frost<\/div>\n<div style=\"background-color: #fff; border: 1px solid #e0e0e0; padding: 15px; border-radius: 6px; text-align: center; font-weight: 600; color: #34495e;\">Energia Sekoitus &amp; Kirsikka Cola<\/div>\n<div style=\"background-color: #fff; border: 1px solid #e0e0e0; padding: 15px; border-radius: 6px; text-align: center; font-weight: 600; color: #34495e;\">Mansikka Vadelma &amp; Persikka Frost<\/div>\n<div style=\"background-color: #fff; border: 1px solid #e0e0e0; padding: 15px; border-radius: 6px; text-align: center; font-weight: 600; color: #34495e;\">Mansikka Mango &amp; Kiivi Passionhedelm\u00e4 Guava<\/div>\n<\/div>\n<h3 style=\"color: #2980b9; font-size: 24px; margin-top: 30px;\">Valtuudet, vaatimustenmukaisuus ja laadunhallinta<\/h3>\n<p style=\"font-size: 16px; margin-bottom: 20px; text-align: justify;\">Vahvistetuna auktoriteettina tukkukaupassa VapeXYZ asettaa vaatimustenmukaisuuden ja rakenteellisen eheyden etusijalle. Jokainen VAPME CRYSTAL -laitteiden er\u00e4 l\u00e4pik\u00e4y hyv\u00e4ksytt\u00e4v\u00e4n laaturajan (AQL) tarkastukset ennen p\u00e4\u00e4sy\u00e4 Euroopan jakelukeskuksiin. Runko- ja piirilevykomponenteissa k\u00e4ytetyt materiaalit noudattavat vaarallisten aineiden rajoitusta (RoHS) koskevia direktiivej\u00e4, mik\u00e4 varmistaa, ett\u00e4 raskasmetalleja ei ole l\u00e4sn\u00e4 l\u00e4mmityselementeiss\u00e4. Lis\u00e4ksi 2% -voimakkaan aktiivisen yhdisteen formulaatio homogenoidaan puhtaan huoneen ymp\u00e4rist\u00f6iss\u00e4, mik\u00e4 takaa er\u00e4st\u00e4 toiseen johdonmukaisuuden ja tiukan noudattamisen alueellisten kuluttajien turvallisuusparametrien kanssa h\u00e4vytett\u00e4viss\u00e4 vapeissa.<\/p>\n<h3 style=\"color: #2980b9; font-size: 24px; margin-top: 30px;\">Analyyttinen tuotevertailu<\/h3>\n<div style=\"overflow-x: auto; margin-bottom: 30px; box-shadow: 0 4px 15px rgba(0,0,0,0.08); border-radius: 8px;\">\n<table style=\"width: 100%; border-collapse: collapse; font-size: 15px; text-align: left; background-color: #fff;\">\n<thead>\n<tr style=\"background-color: #2c3e50; color: #ffffff;\">\n<th style=\"padding: 18px 20px; border-bottom: 2px solid #1a252f; font-weight: 600;\">Tekninen ominaisuus<\/th>\n<th style=\"padding: 18px 20px; border-bottom: 2px solid #1a252f; font-weight: 600; background-color: #34495e;\">VAPME KRISTALLI 20000<\/th>\n<th style=\"padding: 18px 20px; border-bottom: 2px solid #1a252f; font-weight: 600;\">Tavalliset kertak\u00e4ytt\u00f6iset h\u00f6yryt<\/th>\n<\/tr>\n<\/thead>\n<tbody>\n<tr style=\"border-bottom: 1px solid #ecf0f1; transition: background-color 0.3s;\">\n<td style=\"padding: 15px 20px; font-weight: 500; color: #2c3e50;\">Tuotantokapasiteetti<\/td>\n<td style=\"padding: 15px 20px; background-color: #f8fcfd; color: #16a085; font-weight: bold;\">Vahvistetut 20 000+ aktivointia<\/td>\n<td style=\"padding: 15px 20px; color: #7f8c8d;\">Yleens\u00e4 1 000 \u2013 5 000 k\u00e4ytt\u00f6\u00e4<\/td>\n<\/tr>\n<tr style=\"border-bottom: 1px solid #ecf0f1;\">\n<td style=\"padding: 15px 20px; font-weight: 500; color: #2c3e50;\">Energian T\u00e4ydent\u00e4minen<\/td>\n<td style=\"padding: 15px 20px; background-color: #f8fcfd;\">Tyyppi-C Fast -protokolla (BMS valvottu)<\/td>\n<td style=\"padding: 15px 20px; color: #7f8c8d;\">Ei-ladattava \/ Vanha USB<\/td>\n<\/tr>\n<tr style=\"border-bottom: 1px solid #ecf0f1;\">\n<td style=\"padding: 15px 20px; font-weight: 500; color: #2c3e50;\">Kammioarkkitehtuuri<\/td>\n<td style=\"padding: 15px 20px; background-color: #f8fcfd;\">Kaksinkertainen eristetty mesh-verkko (kytkett\u00e4viss\u00e4)<\/td>\n<td style=\"padding: 15px 20px; color: #7f8c8d;\">Yksitt\u00e4inen staattinen kammio<\/td>\n<\/tr>\n<tr style=\"border-bottom: 1px solid #ecf0f1;\">\n<td style=\"padding: 15px 20px; font-weight: 500; color: #2c3e50;\">Aktiivinen keskittyminen<\/td>\n<td style=\"padding: 15px 20px; background-color: #f8fcfd;\">Tarkka 2% Vahvuusformulaatio<\/td>\n<td style=\"padding: 15px 20px; color: #7f8c8d;\">Hyvin Vaihteli (Usein 3% - 5%)<\/td>\n<\/tr>\n<tr>\n<td style=\"padding: 15px 20px; font-weight: 500; color: #2c3e50;\">Diagnostinen n\u00e4ytt\u00f6<\/td>\n<td style=\"padding: 15px 20px; background-color: #f8fcfd;\">OLED-telemetrian\u00e4ytt\u00f6<\/td>\n<td style=\"padding: 15px 20px; color: #7f8c8d;\">Sokkona toiminta<\/td>\n<\/tr>\n<\/tbody>\n<\/table>\n<\/div>\n<h3 style=\"color: #2980b9; font-size: 24px; margin-top: 30px;\">Kattavat usein kysytyt kysymykset (UKK)<\/h3>\n<div style=\"display: flex; flex-direction: column; gap: 15px; margin-bottom: 30px;\">\n<div style=\"border: 1px solid #dcdde1; border-radius: 8px; overflow: hidden; box-shadow: 0 2px 5px rgba(0,0,0,0.02);\">\n<div style=\"background-color: #f5f6fa; padding: 15px 20px; border-bottom: 1px solid #dcdde1; font-weight: bold; color: #2f3640; font-size: 16px;\">\ud83d\udd0d Miten 20 000 aktivaation k\u00e4ytt\u00f6ik\u00e4 lasketaan ja yll\u00e4pidet\u00e4\u00e4n empiirisesti?<\/div>\n<div style=\"padding: 20px; background-color: #ffffff; color: #576574; font-size: 15px; line-height: 1.6;\">Laite saavuttaa t\u00e4m\u00e4n \u00e4\u00e4rimm\u00e4isen k\u00e4ytt\u00f6i\u00e4n yhdist\u00e4m\u00e4ll\u00e4 suuren sis\u00e4isen nestes\u00e4ili\u00f6n, optimoituun mesh-kelan, jolla on tarkka vastus, ja ladattavan litium-ioni-ytimen. Sallimalla k\u00e4ytt\u00e4j\u00e4n t\u00e4ydent\u00e4\u00e4 virtal\u00e4hdett\u00e4, laite takaa, ett\u00e4 jokainen pisara sis\u00e4ist\u00e4 liuosta h\u00f6yrystet\u00e4\u00e4n tehokkaasti ilman, ett\u00e4 akku kuolee ennenaikaisesti, mik\u00e4 on yleinen puute vanhemmissa h\u00e4vitett\u00e4viss\u00e4 h\u00f6yrystinmalleissa.<\/div>\n<\/div>\n<div style=\"border: 1px solid #dcdde1; border-radius: 8px; overflow: hidden; box-shadow: 0 2px 5px rgba(0,0,0,0.02);\">\n<div style=\"background-color: #f5f6fa; padding: 15px 20px; border-bottom: 1px solid #dcdde1; font-weight: bold; color: #2f3640; font-size: 16px;\">\u26a1\ufe0f Mitk\u00e4 ovat laitteen turvallisen lataamisen tekniset parametrit?<\/div>\n<div style=\"padding: 20px; background-color: #ffffff; color: #576574; font-size: 15px; line-height: 1.6;\">VAPME CRYSTAL on varustettu modernilla Type-C-liit\u00e4nn\u00e4ll\u00e4. Se on suunniteltu hyv\u00e4ksym\u00e4\u00e4n standardit 5V\/1A tai 5V\/2A sy\u00f6tt\u00f6virrat. Sis\u00e4inen akunhallintaj\u00e4rjestelm\u00e4 (BMS) s\u00e4\u00e4telee automaattisesti sis\u00e4\u00e4ntulevaa j\u00e4nnitett\u00e4 est\u00e4\u00e4kseen l\u00e4mp\u00f6juoksun. Suosittelemme pit\u00e4m\u00e4\u00e4n laitteen pois \u00e4\u00e4rimm\u00e4isist\u00e4 l\u00e4mp\u00f6tiloista latausjakson aikana akun terveyden yll\u00e4pit\u00e4miseksi.<\/div>\n<\/div>\n<div style=\"border: 1px solid #dcdde1; border-radius: 8px; overflow: hidden; box-shadow: 0 2px 5px rgba(0,0,0,0.02);\">\n<div style=\"background-color: #f5f6fa; padding: 15px 20px; border-bottom: 1px solid #dcdde1; font-weight: bold; color: #2f3640; font-size: 16px;\">Mik\u00e4 on tarkan formulaation vahvuus, ja kenelle se on suunniteltu?<\/div>\n<div style=\"padding: 20px; background-color: #ffffff; color: #576574; font-size: 15px; line-height: 1.6;\">T\u00e4m\u00e4 tietty malli k\u00e4ytt\u00e4\u00e4 eritt\u00e4in kontrolloitua 2% -voimakasta aktiivista yhdistelm\u00e4formulaatiota. T\u00e4m\u00e4 pitoisuus on laajalti suosittu Euroopan markkinoilla, koska se tarjoaa tasaisesti sujuvan vet\u00e4misen s\u00e4ilytt\u00e4en samalla tiukkojen kuluttajaturvallisuus- ja kemikaalijakelukynnysten mukaisen. Se on ihanteellinen k\u00e4ytt\u00e4jille, jotka etsiv\u00e4t maltillista, tasaista kokemusta.<\/div>\n<\/div>\n<div style=\"border: 1px solid #dcdde1; border-radius: 8px; overflow: hidden; box-shadow: 0 2px 5px rgba(0,0,0,0.02);\">\n<div style=\"background-color: #f5f6fa; padding: 15px 20px; border-bottom: 1px solid #dcdde1; font-weight: bold; color: #2f3640; font-size: 16px;\">Mit\u00e4 logistisia etuja on irtotavaroiden ja tukkukauppojen hankinnassa VapeXYZ:n kautta?<\/div>\n<div style=\"padding: 20px; background-color: #ffffff; color: #576574; font-size: 15px; line-height: 1.6;\">Ostaminen VapeXYZ:n kautta takaa turvalliset toimitusketjun logistiikat. Alhainen v\u00e4himm\u00e4istilausm\u00e4\u00e4r\u00e4 (MOQ) on vain 10 yksikk\u00f6\u00e4 ja nousee suuriin irtotavaram\u00e4\u00e4riin, joten j\u00e4lleenmyyj\u00e4t voivat hallita varastoa tehokkaasti. Lis\u00e4ksi kaikki h\u00e4vytett\u00e4v\u00e4t s\u00e4hk\u00f6savukkeemme k\u00e4yv\u00e4t l\u00e4pi tiukat ymp\u00e4rist\u00f6- ja varastointikontrollit ennen l\u00e4hetyst\u00e4 varmistaakseen akun vakauden ja nesteen eheydon saapumisen yhteydess\u00e4.<\/div>\n<\/div>\n<\/div>\n<p style=\"font-size: 18px; font-weight: bold; text-align: center; margin-top: 40px; color: #2c3e50;\">Valmis p\u00e4ivitt\u00e4m\u00e4\u00e4n varastoasi ylivoimaisella laitteiston telemetrialla ja kaksikammio teknologialla? Aloita irtotilaus VapeXYZ:st\u00e4 t\u00e4n\u00e4\u00e4n ja varmista markkinoiden johtava hinnoittelu VAPME CRYSTAL 20000 Puffs kertak\u00e4ytt\u00f6isess\u00e4 h\u00f6yrystimess\u00e4.<\/p>\n<h2 style=\"font-size: 23.04px; text-align: center; margin-top: 30px;\"><img loading=\"lazy\" decoding=\"async\" class=\"alignnone wp-image-37246 size-full\" style=\"max-width: 100%; height: auto; border-radius: 8px; box-shadow: 0 5px 15px rgba(0,0,0,0.1);\" src=\"https:\/\/vapexyz.com\/wp-content\/uploads\/2024\/11\/VAPME-Crystal-20000-Puffs-Double-Flavour-Digital-Screen-2-Low-Nicotine-Original-Factory-18-scaled.webp\" alt=\"VAPME Crystal 20000 Puffs Dual Profile Digitaalinen N\u00e4ytt\u00f6 2% Vahvuus Alkuper\u00e4inen Tehdas Bulkki Osta Ladattava H\u00e4vytett\u00e4v\u00e4 Vape Kyn\u00e4 Tukku\" width=\"2560\" height=\"1435\" title=\"\" srcset=\"https:\/\/vapexyz.com\/wp-content\/uploads\/2024\/11\/VAPME-Crystal-20000-Puffs-Double-Flavour-Digital-Screen-2-Low-Nicotine-Original-Factory-18-scaled.webp 2560w, https:\/\/vapexyz.com\/wp-content\/uploads\/2024\/11\/VAPME-Crystal-20000-Puffs-Double-Flavour-Digital-Screen-2-Low-Nicotine-Original-Factory-18-500x280.webp 500w, https:\/\/vapexyz.com\/wp-content\/uploads\/2024\/11\/VAPME-Crystal-20000-Puffs-Double-Flavour-Digital-Screen-2-Low-Nicotine-Original-Factory-18-1024x574.webp 1024w, https:\/\/vapexyz.com\/wp-content\/uploads\/2024\/11\/VAPME-Crystal-20000-Puffs-Double-Flavour-Digital-Screen-2-Low-Nicotine-Original-Factory-18-768x430.webp 768w, https:\/\/vapexyz.com\/wp-content\/uploads\/2024\/11\/VAPME-Crystal-20000-Puffs-Double-Flavour-Digital-Screen-2-Low-Nicotine-Original-Factory-18-1536x861.webp 1536w, https:\/\/vapexyz.com\/wp-content\/uploads\/2024\/11\/VAPME-Crystal-20000-Puffs-Double-Flavour-Digital-Screen-2-Low-Nicotine-Original-Factory-18-2048x1148.webp 2048w, https:\/\/vapexyz.com\/wp-content\/uploads\/2024\/11\/VAPME-Crystal-20000-Puffs-Double-Flavour-Digital-Screen-2-Low-Nicotine-Original-Factory-18-18x10.webp 18w, https:\/\/vapexyz.com\/wp-content\/uploads\/2024\/11\/VAPME-Crystal-20000-Puffs-Double-Flavour-Digital-Screen-2-Low-Nicotine-Original-Factory-18-600x336.webp 600w\" sizes=\"auto, (max-width: 2560px) 100vw, 2560px\" \/><\/h2>\n<\/article>","protected":false},"excerpt":{"rendered":"<p>VAPME CRYSTAL 20000 Puffs on huippuluokan, ladattava, kertak\u00e4ytt\u00f6inen h\u00f6yrystin, joka tarjoaa vaikuttavan kapasiteetin yli 20 000 puuskkaa, runsaan 20 ml:n kapasiteetin ja innovatiivisen kaksoismakukokemuksen, mik\u00e4 tekee siit\u00e4 t\u00e4ydellisen valinnan sek\u00e4 satunnaisille ett\u00e4 kokeneille h\u00f6yryst\u00e4jille.<\/p>","protected":false},"featured_media":37241,"comment_status":"open","ping_status":"closed","template":"","meta":{"_lmt_disableupdate":"no","_lmt_disable":""},"product_brand":[],"product_cat":[856,1002,1018,947,1019,1020,935,934,927,929,928,930,933,939,932,938,931,936,937,1017,1021,1022,948,949,946,1023,1024,1025,1026,1027,951,1029,1031,1032,1033,1034,1035,953,1037,987,1038],"product_tag":[],"class_list":{"0":"post-37236","1":"product","2":"type-product","3":"status-publish","4":"has-post-thumbnail","6":"product_cat-vapme","7":"product_cat-20000-puff-vapes","8":"product_cat-apple-flavor-disposable-vapes","9":"product_cat-big-puffs-vapes","10":"product_cat-blue-razz-flavor-disposable-vapes","11":"product_cat-blueberry-flavor-disposable-vapes","12":"product_cat-bulk-buy-disposable-vapes-in-austria","13":"product_cat-bulk-buy-disposable-vapes-in-belgium","14":"product_cat-bulk-buy-disposable-vapes-in-europe","15":"product_cat-bulk-buy-disposable-vapes-in-france","16":"product_cat-bulk-buy-disposable-vapes-in-germany","17":"product_cat-bulk-buy-disposable-vapes-in-italy","18":"product_cat-bulk-buy-disposable-vapes-in-netherlands","19":"product_cat-bulk-buy-disposable-vapes-in-norway","20":"product_cat-bulk-buy-disposable-vapes-in-poland","21":"product_cat-bulk-buy-disposable-vapes-in-portugal","22":"product_cat-bulk-buy-disposable-vapes-in-spain","23":"product_cat-bulk-buy-disposable-vapes-in-sweden","24":"product_cat-bulk-buy-disposable-vapes-in-switzerland","25":"product_cat-buy-best-disposable-vape-flavors","26":"product_cat-cherry-flavor-disposable-vapes","27":"product_cat-cola-flavor-disposable-vapes","28":"product_cat-crystal-vapes","29":"product_cat-digital-box-vapes","30":"product_cat-disposable-vapes-series","31":"product_cat-grape-flavor-disposable-vapes","32":"product_cat-guava-flavor-disposable-vapes","33":"product_cat-ice-flavor-disposable-vapes","34":"product_cat-kiwi-flavor-disposable-vapes","35":"product_cat-lemon-flavor-disposable-vapes","36":"product_cat-lower-nicotine-vapes","37":"product_cat-mango-flavor-disposable-vapes","38":"product_cat-mixed-berries-flavor-disposable-vapes","39":"product_cat-passion-fruit-flavor-disposable-vapes","40":"product_cat-peach-flavor-disposable-vapes","41":"product_cat-pineapple-flavor-disposable-vapes","42":"product_cat-raspberry-flavor-disposable-vapes","43":"product_cat-rechargeable-vapes","44":"product_cat-strawberry-flavor-disposable-vapes","45":"product_cat-vape-shop-by-puffs","46":"product_cat-watermelon-flavor-disposable-vapes","48":"first","49":"instock","50":"shipping-taxable","51":"purchasable","52":"product-type-variable","53":"has-default-attributes"},"jetpack_sharing_enabled":true,"tiered_pricing_type":"fixed","tiered_pricing_fixed_rules":[],"tiered_pricing_product_settings":{"layout":"default","base_unit_name":{"singular":null,"plural":null},"default_variation":null},"tiered_pricing_minimum_quantity":null,"tiered_pricing_roles_data":[],"tiered_pricing_percentage_rules":[],"tiered_pricing_maximum_quantity":null,"tiered_pricing_quantity_step":null,"_links":{"self":[{"href":"https:\/\/vapexyz.com\/fi\/wp-json\/wp\/v2\/product\/37236","targetHints":{"allow":["GET"]}}],"collection":[{"href":"https:\/\/vapexyz.com\/fi\/wp-json\/wp\/v2\/product"}],"about":[{"href":"https:\/\/vapexyz.com\/fi\/wp-json\/wp\/v2\/types\/product"}],"replies":[{"embeddable":true,"href":"https:\/\/vapexyz.com\/fi\/wp-json\/wp\/v2\/comments?post=37236"}],"wp:featuredmedia":[{"embeddable":true,"href":"https:\/\/vapexyz.com\/fi\/wp-json\/wp\/v2\/media\/37241"}],"wp:attachment":[{"href":"https:\/\/vapexyz.com\/fi\/wp-json\/wp\/v2\/media?parent=37236"}],"wp:term":[{"taxonomy":"product_brand","embeddable":true,"href":"https:\/\/vapexyz.com\/fi\/wp-json\/wp\/v2\/product_brand?post=37236"},{"taxonomy":"product_cat","embeddable":true,"href":"https:\/\/vapexyz.com\/fi\/wp-json\/wp\/v2\/product_cat?post=37236"},{"taxonomy":"product_tag","embeddable":true,"href":"https:\/\/vapexyz.com\/fi\/wp-json\/wp\/v2\/product_tag?post=37236"}],"curies":[{"name":"wp","href":"https:\/\/api.w.org\/{rel}","templated":true}]}}