{"id":36076,"date":"2024-10-26T08:35:59","date_gmt":"2024-10-26T08:35:59","guid":{"rendered":"https:\/\/vapexyz.com\/?post_type=product&#038;p=36076"},"modified":"2026-03-01T01:44:41","modified_gmt":"2026-03-01T01:44:41","slug":"monkijat-sotalaiva-18000-puffs-digitaalinen-naytto-kaksoisverkko-5-alhainen-nikotiini-alkuperainen-tehdas-irtotavarana-osta-ladattava-kertakayttoinen-vapes-kyna-tukkumyynti","status":"publish","type":"product","link":"https:\/\/vapexyz.com\/fi\/product\/atvs-warship-18000-puffs-digital-screen-dual-mesh-5-low-nicotine-original-factory-bulk-buy-rechargeable-disposable-vapes-pen-wholesale\/","title":{"rendered":"ATVS SODANK\u00c4YNT\u00c4ALUS 18000 Pahlaa Digitaalinen N\u00e4ytt\u00f6 Kaksinkertainen Verkko Irtonaisten Ostojen Uudelleenladattavat H\u00e4vytett\u00e4v\u00e4t H\u00f6yrykyn\u00e4t Tukkuosto"},"content":{"rendered":"<article style=\"font-family: system-ui, -apple-system, sans-serif; line-height: 1.6; color: #333; max-width: 100%; margin: 0 auto; padding: 20px;\">\n<h2 style=\"color: #1a202c; border-bottom: 2px solid #e2e8f0; padding-bottom: 10px; font-size: 2em;\">ATVS SODANK\u00c4YNT\u00d6ALUS 18000 Pahlaa Digitaalinen N\u00e4ytt\u00f6 Kaksinkertainen Verkko 5% Konsentraatio Alkuper\u00e4inen Tehdas Bulkki Osta Ladattavat H\u00e4vytett\u00e4v\u00e4t H\u00f6yrykyn\u00e4t Irtaintavarana<\/h2>\n<p>ATVS WARSHIP 18000 Puffs edustaa merkitt\u00e4v\u00e4\u00e4 harppausta eteenp\u00e4in suurikapasiteettisten kertak\u00e4ytt\u00f6isten h\u00f6yrystimien suunnittelussa. Suunniteltu sek\u00e4 loppuk\u00e4ytt\u00e4jien ett\u00e4 tukkukauppiaiden vaatimustenmukaiseksi, t\u00e4m\u00e4 tietty laite yhdist\u00e4\u00e4 pidennetyn k\u00e4ytt\u00f6i\u00e4n ja tarkan elektronisen valvonnan. VapeXYZ, joka hy\u00f6dynt\u00e4\u00e4 yli kahdeksan vuoden kokemusta alan maailmanlaajuisesta jakelusta, tarjoaa ylpe\u00e4n\u00e4 t\u00e4t\u00e4 premium-laitteistoa Euroopan markkinoille ja sen ulkopuolelle. Keskittym\u00e4ll\u00e4 todentaisiin suorituskykymetriikoihin, vankkaan sis\u00e4iseen arkkitehtuuriin ja luotettavaan toimitusketjun logistiikkaan, tarjoamme j\u00e4lleenmyyjille eritt\u00e4in luotettavan tuotteen, jota tukee aito B2B-osaaminen.<\/p>\n<p>Olkoon kyseess\u00e4 suuri mittakaava jakeluverkostosta tai erikoistuneesta putiikista, luotettavien kertak\u00e4ytt\u00f6isten h\u00f6yrystimien hankinta vaatii selke\u00e4n ymm\u00e4rryksen laitteiston teknist\u00e4 eritelmist\u00e4. ATVS WARSHIP valmistetaan huippuluokan tiloissa, noudattaen tiukkoja laadunvalvontastandardeja, jotka varmistavat johdonmukaisuuden suurten tuotantoerien keskuudessa. VapeXYZ:n kautta kaupalliset ostajat voivat hankkia n\u00e4it\u00e4 korkeatasoisia laitteita poikkeuksellisen edullisella v\u00e4himm\u00e4istilausm\u00e4\u00e4r\u00e4ll\u00e4 (MOQ) vain 10 kappaletta, kaventamalla kuilua massiivisten tehtaiden tuotantojen ja joustavan varastonhallinnan v\u00e4lill\u00e4.<\/p>\n<h3 style=\"color: #2d3748; margin-top: 30px; font-size: 1.5em;\">Tekniset tiedot ja laitteiston suunnittelu<\/h3>\n<p>ATVS WARSHIPin suorituskyvyn ytimess\u00e4 on sen eritt\u00e4in optimoitu sis\u00e4inen arkkitehtuuri. Yksinkertaista yhden johdon konfiguraatiota pidemm\u00e4lle menev\u00e4n\u00e4 t\u00e4m\u00e4 laite k\u00e4ytt\u00e4\u00e4 edistyneit\u00e4 Dual Mesh -l\u00e4mmitysmatriisia. Verkkoelementit tarjoavat perinteisiin kierrettyihin johtoihin verrattuna huomattavasti suuremman pinta-alan. Insin\u00f6\u00f6ri n\u00e4k\u00f6kulmasta t\u00e4m\u00e4 suurennettu pinta-ala mahdollistaa l\u00e4mp\u00f6energian tasaisemman jakautumisen. Paikallisia kuumia kohtia minimoimalla kaksiverkkoj\u00e4rjestelm\u00e4 est\u00e4\u00e4 sis\u00e4isen aerosolointiliuoksen ennenaikaisen heikkenemisen, mik\u00e4 varmistaa, ett\u00e4 h\u00f6yryn rakenteellinen eheys pysyy tasaisena laitteen alkuk\u00e4ynnistyst\u00e4 l\u00e4htien sen lopulliseen toimintaan asti.<\/p>\n<p>T\u00e4m\u00e4n monimutkaisen termodynaamisen prosessin mahdollistaa korkea laatuinen 750mAh litium-ioni-akku. Valittu sen erinomaisen energian tiheyden ja vakaan purkausk\u00e4yr\u00e4n vuoksi, t\u00e4m\u00e4 ladattava akku varmistaa, ett\u00e4 laite pystyy yll\u00e4pit\u00e4m\u00e4\u00e4n tarvittavaa j\u00e4nniteulostuloa tehokkaasti ajaakseen kaksoisverkkomatriisin. Type-C latausportin sis\u00e4llytt\u00e4minen tuo laitteen nykyaikaisten elektronisten standardien mukaiseksi, mahdollistaen nopean virtal\u00e4hteen t\u00e4ydent\u00e4misen. Sis\u00e4iset virranhallintaj\u00e4rjestelm\u00e4t s\u00e4\u00e4telev\u00e4t sis\u00e4\u00e4ntulevaa virtaa, suojaavat akkua ylilataukselta, syv\u00e4purkaukselta ja l\u00e4mp\u00f6juoksulta, n\u00e4in ollen pident\u00e4en laitteiston k\u00e4ytt\u00f6ik\u00e4\u00e4.<\/p>\n<p>Lis\u00e4ksi laitteessa on suuri 25 ml:n s\u00e4ili\u00f6kapasiteetti. T\u00e4m\u00e4 sis\u00e4inen s\u00e4ili\u00f6 on valmistettu korkealaatuisesta, elintarvikek\u00e4ytt\u00f6\u00f6n soveltuvasta PCTG-polymeerist\u00e4, joka on valittu erityisesti sen kemiallisen kest\u00e4vyyden ja l\u00e4mp\u00f6stabiilisuuden vuoksi. T\u00e4m\u00e4 varmistaa, ett\u00e4 patentoitu 5%-konsentraattiformulaatio pysyy saastumattomana ja turvallisesti sijoitettuna rungon sis\u00e4\u00e4n, mik\u00e4 v\u00e4hent\u00e4\u00e4 huomattavasti vuotoriski\u00e4 kuljetuksen tai p\u00e4ivitt\u00e4isen k\u00e4yt\u00f6n aikana.<\/p>\n<h3 style=\"color: #2d3748; margin-top: 30px; font-size: 1.5em;\">Empiiriset suorituskykymittarit ja telemetria<\/h3>\n<p>Vaatimus \u201c18 000 puffia\u201d ei ole mielivaltainen luku, vaan se on johdettu standardisoiduista testausmenetelmist\u00e4. Kontrolloiduissa laboratoriymp\u00e4rist\u00f6iss\u00e4 ATVS WARSHIP -laite k\u00e4y l\u00e4pi tiukan arvioinnin automaattisten hengityssimulaattorien avulla. N\u00e4m\u00e4 mekaaniset j\u00e4rjestelm\u00e4t on kalibroitu j\u00e4ljittelem\u00e4\u00e4n ihmisen imemis kuvioita, s\u00e4\u00e4telem\u00e4ll\u00e4 tiukasti kunkin aktivoinnin kestoa ja niiden v\u00e4lisi\u00e4 lepointervalleja. T\u00e4m\u00e4n empiirisen testauksen kautta laite osoittaa jatkuvasti kykyns\u00e4 prosessoida tehokkaasti 25 ml:n sis\u00e4inen formulaatio, vahvistaen sen pitk\u00e4aikaisen toimintakapasiteetin.<\/p>\n<p>Yksi t\u00e4m\u00e4n h\u00e4vitett\u00e4v\u00e4n vape-laitteen t\u00e4rkeimmist\u00e4 teknologisista lis\u00e4yksist\u00e4 on integroitu LED-digitaalin\u00e4ytt\u00f6. Perinteiset h\u00e4vitett\u00e4v\u00e4t vape-laitteet j\u00e4tt\u00e4v\u00e4t k\u00e4ytt\u00e4j\u00e4n usein arvailijoiksi laitteen j\u00e4ljell\u00e4 olevan k\u00e4ytt\u00f6i\u00e4n suhteen, mik\u00e4 johtaa odottamattomaan loppumiseen. ATVS WARSHIP ratkaisee t\u00e4m\u00e4n ongelman k\u00e4ytt\u00e4m\u00e4ll\u00e4 sis\u00e4isi\u00e4 mikrokontrolleja, jotka mittaavat j\u00e4nniteh\u00e4vi\u00f6it\u00e4 ja arvioivat s\u00e4ili\u00f6n tilavuutta. T\u00e4m\u00e4 telemetriadatan reaaliaikainen k\u00e4\u00e4nt\u00e4minen LED-n\u00e4yt\u00f6lle antaa k\u00e4ytt\u00e4j\u00e4lle tarkan, empiirisen lukeman sek\u00e4 nykyisest\u00e4 akun varauksesta ett\u00e4 j\u00e4ljell\u00e4 olevasta aerosolointikapasiteetista. T\u00e4m\u00e4 datal\u00e4ht\u00f6inen l\u00e4hestymistapa nostaa k\u00e4ytt\u00e4j\u00e4kokemuksen uudelle tasolle asettamalla etusijalle ennakoitavuuden ja hallinnan.<\/p>\n<h3 style=\"color: #2d3748; margin-top: 30px; font-size: 1.5em;\">Laadunvarmistus- ja jakeluviranomainen<\/h3>\n<p>H\u00e4vitett\u00e4vien h\u00f6yrystimien hankinta nykymarkkinoilla vaatii yhteisty\u00f6t\u00e4 niiden tahojen kanssa, jotka osoittavat kiistattoman toiminnallisen auktoriteetin. VapeXYZ toimii ammattimaisena tukkukauppiaana, joka tarkastaa huolellisesti luetteloomme otettavat tuotteet. ATVS WARSHIP -h\u00f6yrystin kootaan valmistusymp\u00e4rist\u00f6iss\u00e4, joissa turvallisuus ja vaatimustenmukaisuus ovat etusijalla ja jotka noudattavat yleens\u00e4 standardien kulutuselektroniikan sertifikaatteja, kuten CE ja RoHS. T\u00e4m\u00e4 varmistaa, ett\u00e4 kokoonpanossa k\u00e4ytetyt raskasmetallit ja elektroniset komponentit t\u00e4ytt\u00e4v\u00e4t tiukat kansainv\u00e4liset turvallisuusstandardit.<\/p>\n<p>Kahdeksan vuoden toimintayhdistelm\u00e4mme on mahdollistanut meille logististen puitteidemme tarkentamisen. VapeXYZ takaa suoran tukkumyyntihinnan mallit, mik\u00e4 varmistaa, ett\u00e4 kumppanimme hy\u00f6tyv\u00e4t optimoituneista voittomarginaaleista tinkim\u00e4tt\u00e4 tuotteen aitoudesta. Huomattavan alhainen v\u00e4himm\u00e4istilausm\u00e4\u00e4r\u00e4 (MOQ) 10 yksikk\u00f6\u00e4 on erityisesti suunniteltu sallimaan j\u00e4lleenmyyjille empiirinen markkinoiden vastaanoton testi ennen massiivisia varastoinvestointeja. T\u00e4m\u00e4 avoimen, kumppanikeskeinen l\u00e4hestymistapa on se, mik\u00e4 vahvistaa VapeXYZ:n luotettavana pilarina maailmanlaajuisessa jakelumaailmassa.<\/p>\n<h3 style=\"color: #2d3748; margin-top: 30px; font-size: 1.5em;\">Aromaattiset Profiilit ja Aistinvaraiset Vaihtoehdot<\/h3>\n<p>Monipuolisten kuluttajien mieltymyksien huomioimiseksi ATVS WARSHIP on muotoiltu erilaisilla huolellisesti valmistetuilla aromiprofiileilla. N\u00e4m\u00e4 seokset on kehitetty k\u00e4ytt\u00e4m\u00e4ll\u00e4 korkean puhtauden omaavia hajuaineita, jotka tarjoavat vakaun ja tasapainoisen aistikokemuksen.<\/p>\n<ul style=\"list-style-type: square; padding-left: 20px; color: #4a5568;\">\n<li>Mansikka j\u00e4\u00e4tel\u00f6n kanssa: Tasapainoinen yhdistelm\u00e4 makeita kes\u00e4isi\u00e4 marja-aromeja, joissa on runsas, kermainen ja viilent\u00e4v\u00e4 vaikutelma.<\/li>\n<li>Mansikka ja Vesimeloni: Kaksi eritt\u00e4in suosittua kasvitieteellist\u00e4 yhdistelm\u00e4\u00e4, joka on raikas ja virkist\u00e4v\u00e4.<\/li>\n<li>Litschi j\u00e4\u00e4tel\u00f6n kanssa: Hienostunut, eksoottinen profiili, jota t\u00e4ydent\u00e4\u00e4 sile\u00e4, kylm\u00e4 lopetus.<\/li>\n<li>Minttu: Puhtaasti virkist\u00e4v\u00e4, raikas ja viilent\u00e4v\u00e4 kasviuute.<\/li>\n<li>Hedelm\u00e4seos: Monimutkainen yhdistelm\u00e4 erilaisia hedelm\u00e4puutarha- ja trooppisia aromia.<\/li>\n<li>Mango j\u00e4\u00e4tel\u00f6n kanssa: Rikkaat, trooppiset s\u00e4vyt kerrostettuna tihe\u00e4n, viilent\u00e4v\u00e4n alapuolen kanssa.<\/li>\n<li>Guava j\u00e4\u00e4tel\u00f6n kanssa: El\u00e4v\u00e4inen, hieman kirpe\u00e4 trooppinen olemus, joka p\u00e4\u00e4ttyy kermaiseen viileyteen.<\/li>\n<li>Ryp\u00e4le ja J\u00e4\u00e4tel\u00f6: Syv\u00e4t, vankat viiniryp\u00e4le-hedelm\u00e4n muistiinpanoja tasapainottavat j\u00e4\u00e4hdytyspintainen, sile\u00e4 rakenne.<\/li>\n<li>Mustikka j\u00e4\u00e4ll\u00e4: Ter\u00e4v\u00e4, villi marja-aromi yhdistettyn\u00e4 voimalliseen viilent\u00e4v\u00e4\u00e4n vaikutukseen.<\/li>\n<li>Pehme\u00e4 persikka j\u00e4\u00e4ll\u00e4: Pehme\u00e4t, makeat kivihiukkasten aromit korostettuna raikkaalla, j\u00e4isell\u00e4 tunnelmalla.<\/li>\n<li>Kola j\u00e4\u00e4tel\u00f6n kanssa: Nostalginen, kuohkea kolaprofiili yhdistettyn\u00e4 sile\u00e4\u00e4n kermaisuuteen.<\/li>\n<li>Vesimeloni j\u00e4\u00e4ll\u00e4: Kes\u00e4n tunnusomainen makuprofiili, tarjoaa raikkaan viilent\u00e4v\u00e4n vaikutuksen ja syv\u00e4n kylmyyden.<\/li>\n<\/ul>\n<h3 style=\"color: #2d3748; margin-top: 30px; font-size: 1.5em;\">Kattava Tuoteanalyysi<\/h3>\n<p>Seuraava taulukko hahmottaa ATVS WARSHIPin standardisoidut tekniset tiedot, antaen selke\u00e4n, empiirisen yleiskuvan sen laitteiston ominaisuuksista arviointia varten.<\/p>\n<table style=\"width: 100%; border-collapse: collapse; margin: 25px 0; font-family: system-ui, -apple-system, sans-serif; box-shadow: 0 4px 6px rgba(0, 0, 0, 0.05); border-radius: 8px; overflow: hidden;\">\n<thead>\n<tr>\n<th style=\"background-color: #2c3e50; color: #ffffff; padding: 15px; text-align: left; font-weight: 600; border-bottom: 2px solid #1a252f;\">Insin\u00f6\u00f6riominaisuus<\/th>\n<th style=\"background-color: #2c3e50; color: #ffffff; padding: 15px; text-align: left; font-weight: 600; border-bottom: 2px solid #1a252f;\">Tekninen Spesifikaatio<\/th>\n<\/tr>\n<\/thead>\n<tbody>\n<tr style=\"background-color: #f8fafc; border-bottom: 1px solid #e2e8f0;\">\n<td style=\"padding: 15px; color: #4a5568; font-weight: 500;\">Laitteen kapasiteetti (h\u00f6yrykesto)<\/td>\n<td style=\"padding: 15px; color: #4a5568;\">18 000 (Testattu automaattisella simulaatiolla)<\/td>\n<\/tr>\n<tr style=\"background-color: #ffffff; border-bottom: 1px solid #e2e8f0;\">\n<td style=\"padding: 15px; color: #4a5568; font-weight: 500;\">Aktiivisen yhdisteen pitoisuus<\/td>\n<td style=\"padding: 15px; color: #4a5568;\">5% vakiovalmiste<\/td>\n<\/tr>\n<tr style=\"background-color: #f8fafc; border-bottom: 1px solid #e2e8f0;\">\n<td style=\"padding: 15px; color: #4a5568; font-weight: 500;\">Virtal\u00e4hteen Arkkitehtuuri<\/td>\n<td style=\"padding: 15px; color: #4a5568;\">750mAh Ladattava Litium-ioni<\/td>\n<\/tr>\n<tr style=\"background-color: #ffffff; border-bottom: 1px solid #e2e8f0;\">\n<td style=\"padding: 15px; color: #4a5568; font-weight: 500;\">Sis\u00e4inen s\u00e4ili\u00f6n tilavuus<\/td>\n<td style=\"padding: 15px; color: #4a5568;\">25ml (PCTG-kotelo)<\/td>\n<\/tr>\n<tr style=\"background-color: #f8fafc; border-bottom: 1px solid #e2e8f0;\">\n<td style=\"padding: 15px; color: #4a5568; font-weight: 500;\">L\u00e4mmitysmatriisi<\/td>\n<td style=\"padding: 15px; color: #4a5568;\">Kehittynyt kaksoisverkkom\u00e4\u00e4ritys<\/td>\n<\/tr>\n<tr style=\"background-color: #ffffff; border-bottom: 1px solid #e2e8f0;\">\n<td style=\"padding: 15px; color: #4a5568; font-weight: 500;\">Telemetrirajapinta<\/td>\n<td style=\"padding: 15px; color: #4a5568;\">LED-digitaalin\u00e4ytt\u00f6 (Virta- ja formulaatiotason s\u00e4\u00e4d\u00f6t)<\/td>\n<\/tr>\n<tr style=\"background-color: #f8fafc; border-bottom: 1px solid #e2e8f0;\">\n<td style=\"padding: 15px; color: #4a5568; font-weight: 500;\">Latausprotokolla<\/td>\n<td style=\"padding: 15px; color: #4a5568;\">Tyyppi-C Nopea Toimitus<\/td>\n<\/tr>\n<\/tbody>\n<\/table>\n<h3 style=\"color: #2d3748; margin-top: 30px; font-size: 1.5em;\">Keskeiset toiminnalliset johtop\u00e4\u00e4t\u00f6kset<\/h3>\n<div style=\"background: linear-gradient(135deg, #f0f4f8 0%, #d9e2ec 100%); padding: 25px; border-radius: 10px; border-left: 6px solid #3182ce; margin: 25px 0; box-shadow: 0 2px 4px rgba(0,0,0,0.1);\">\n<h4 style=\"margin-top: 0; color: #2c5282; font-size: 1.2em;\">Miksi ATVS WARSHIP on erinomainen markkinoilla:<\/h4>\n<ul style=\"margin-bottom: 0; color: #2d3748; padding-left: 20px; line-height: 1.8;\">\n<li>Tietopohjainen k\u00e4ytt\u00f6: Digitaalinen LED-n\u00e4ytt\u00f6 poistaa arvailun kertak\u00e4ytt\u00f6isist\u00e4 h\u00f6yrystimist\u00e4 antaen tarkkaa, reaaliaikaista tietoa sis\u00e4isist\u00e4 resursseista.<\/li>\n<li>L\u00e4mp\u00f6tehokkuus: Kaksinkertaiset mesh-elementit takaavat, ett\u00e4 l\u00e4mp\u00f6teho jakautuu tasaisesti, s\u00e4ilytt\u00e4en liuoksen kemiallisen eheyden kaikissa 18 000 aktivoinnissa.<\/li>\n<li>Logistinen joustavuus: VapeXYZ:n vankan jakeluverkoston tukemana t\u00e4m\u00e4 laite on saatavilla irtotavarana ostettavaksi eritt\u00e4in hallittavalla v\u00e4himm\u00e4istilausm\u00e4\u00e4r\u00e4ll\u00e4 (MOQ) vain 10 kappaletta.<\/li>\n<li>Pitk\u00e4ik\u00e4inen Virta: 750mAh:n virtakapasiteetti yhdistettyn\u00e4 nykyaikaiseen Type-C lataukseen varmistaa minimaalisen seisokkiajan ja tehokkaan energian k\u00e4yt\u00f6n.<\/li>\n<\/ul>\n<\/div>\n<h3 style=\"color: #2d3748; margin-top: 30px; font-size: 1.5em;\">Usein kysytyt kysymykset (FAQ)<\/h3>\n<div style=\"background-color: #ffffff; border: 1px solid #e2e8f0; border-radius: 10px; padding: 25px; margin-bottom: 25px; box-shadow: 0 4px 6px rgba(0,0,0,0.02);\">\n<h4 style=\"color: #2b6cb0; margin-top: 0; font-size: 1.1em;\">1. Mik\u00e4 on ATVS WARSHIPin vahvistettu k\u00e4ytt\u00f6ik\u00e4?<\/h4>\n<p style=\"color: #4a5568; margin-bottom: 20px;\">Automaattisten hengityslaitteiden laboratoriotestausten perusteella ATVS WARSHIP on suunniteltu tuottamaan jopa 18 000 erillist\u00e4 aktivointia. Todellinen k\u00e4ytt\u00f6 voi vaihdella hieman yksitt\u00e4isen hengitysaikav\u00e4lin ja ymp\u00e4rist\u00f6tekij\u00f6iden mukaan, mutta 25 ml:n s\u00e4ili\u00f6 varmistaa eritt\u00e4in pitk\u00e4n k\u00e4ytt\u00f6i\u00e4n.<\/p>\n<h4 style=\"color: #2b6cb0; margin-top: 0; font-size: 1.1em;\">2. Vaaditaanko t\u00e4m\u00e4 tietty laitteisto erityist\u00e4 latauslaitteita?<\/h4>\n<p style=\"color: #4a5568; margin-bottom: 20px;\">Ei. Integroitu 750mAh litium-ioni-akku k\u00e4ytt\u00e4\u00e4 standardia Type-C-porttia lataamiseen. T\u00e4m\u00e4 standardisoitu latausprotokolla varmistaa yhteensopivuuden useimpien nykyaikaisten elektronisten latauslaitteiden kanssa, mik\u00e4 mahdollistaa nopean ja turvallisen energian palauttamisen.<\/p>\n<h4 style=\"color: #2b6cb0; margin-top: 0; font-size: 1.1em;\">3. Mik\u00e4 on aktiivinen pitoisuus sis\u00e4isess\u00e4 formulaatiossa?<\/h4>\n<p style=\"color: #4a5568; margin-bottom: 20px;\">Sis\u00e4inen s\u00e4ili\u00f6 sis\u00e4lt\u00e4\u00e4 standardoidun 5% pitoisuusliuoksen. T\u00e4m\u00e4 erityinen suhde on suunniteltu tarjoamaan tasapainoinen ja johdonmukainen aistikasvu, joka on stabiloitu kaksiverkkoisen l\u00e4mmitysj\u00e4rjestelm\u00e4n johdonmukaisella l\u00e4mp\u00f6tuotolla.<\/p>\n<h4 style=\"color: #2b6cb0; margin-top: 0; font-size: 1.1em;\">4. Miten yritykset voivat hankkia t\u00e4m\u00e4n mallin v\u00e4hitt\u00e4isjakeluun?<\/h4>\n<p style=\"color: #4a5568; margin-bottom: 0;\">Kaupalliset yksik\u00f6t voivat hankkia irtotavaraa suoraan VapeXYZ:n kautta. Vakiintuneena toimijana tukkukaupassa, jolla on yli kahdeksan vuoden kokemus, tarjoamme kilpailukykyisi\u00e4 B2B-hintamalleja, saumattomia eurooppalaisia logistiikkaratkaisuja ja eritt\u00e4in saavutettavan v\u00e4himm\u00e4istilausm\u00e4\u00e4r\u00e4n (MOQ) vain 10 kappaletta.<\/p>\n<\/div>\n<p><img loading=\"lazy\" decoding=\"async\" class=\"alignnone wp-image-36093 size-full\" style=\"max-width: 100%; height: auto; border-radius: 8px; box-shadow: 0 4px 8px rgba(0,0,0,0.1); margin-top: 20px;\" src=\"https:\/\/vapexyz.com\/wp-content\/uploads\/2024\/10\/ATVS-Warship-18000-Puffs-Digital-Screen-5-Low-Nicotine-Original-Factory-34.webp\" alt=\"ATVS Warship 18000 Puhallusta Digitaalinen N\u00e4ytt\u00f6 Kaksinkertainen Verkko 5% Konsentraatio Alkuper\u00e4inen Tehdas Irtotavarana Ostaa Ladattavat H\u00e4vytett\u00e4v\u00e4t Vape-kyn\u00e4t Tukkumyynti\" width=\"1000\" height=\"471\" title=\"\" srcset=\"https:\/\/vapexyz.com\/wp-content\/uploads\/2024\/10\/ATVS-Warship-18000-Puffs-Digital-Screen-5-Low-Nicotine-Original-Factory-34.webp 1000w, https:\/\/vapexyz.com\/wp-content\/uploads\/2024\/10\/ATVS-Warship-18000-Puffs-Digital-Screen-5-Low-Nicotine-Original-Factory-34-500x236.webp 500w, https:\/\/vapexyz.com\/wp-content\/uploads\/2024\/10\/ATVS-Warship-18000-Puffs-Digital-Screen-5-Low-Nicotine-Original-Factory-34-768x362.webp 768w, https:\/\/vapexyz.com\/wp-content\/uploads\/2024\/10\/ATVS-Warship-18000-Puffs-Digital-Screen-5-Low-Nicotine-Original-Factory-34-18x8.webp 18w, https:\/\/vapexyz.com\/wp-content\/uploads\/2024\/10\/ATVS-Warship-18000-Puffs-Digital-Screen-5-Low-Nicotine-Original-Factory-34-510x240.webp 510w\" sizes=\"auto, (max-width: 1000px) 100vw, 1000px\" \/><\/p>\n<\/article>","protected":false},"excerpt":{"rendered":"<p>ATVS WARSHIP 18000 Puffs on pitk\u00e4ik\u00e4inen, uudelleen k\u00e4ytett\u00e4v\u00e4 ja h\u00e4vitett\u00e4v\u00e4 vape, jossa on LED-n\u00e4ytt\u00f6, tehokas 750mAh akku, kaksoisharjapino ja antelias 25ml kapasiteetti.<\/p>","protected":false},"featured_media":36089,"comment_status":"open","ping_status":"closed","template":"","meta":{"_lmt_disableupdate":"no","_lmt_disable":""},"product_brand":[],"product_cat":[997,973,947,1020,935,934,927,929,928,930,933,939,932,938,931,936,937,1017,1022,948,949,946,950,1023,1024,1025,951,1029,1030,1031,1033,953,1037,987,1038],"product_tag":[],"class_list":{"0":"post-36076","1":"product","2":"type-product","3":"status-publish","4":"has-post-thumbnail","6":"product_cat-18000-puff-vapes","7":"product_cat-atvs-disposable-vapes","8":"product_cat-big-puffs-vapes","9":"product_cat-blueberry-flavor-disposable-vapes","10":"product_cat-bulk-buy-disposable-vapes-in-austria","11":"product_cat-bulk-buy-disposable-vapes-in-belgium","12":"product_cat-bulk-buy-disposable-vapes-in-europe","13":"product_cat-bulk-buy-disposable-vapes-in-france","14":"product_cat-bulk-buy-disposable-vapes-in-germany","15":"product_cat-bulk-buy-disposable-vapes-in-italy","16":"product_cat-bulk-buy-disposable-vapes-in-netherlands","17":"product_cat-bulk-buy-disposable-vapes-in-norway","18":"product_cat-bulk-buy-disposable-vapes-in-poland","19":"product_cat-bulk-buy-disposable-vapes-in-portugal","20":"product_cat-bulk-buy-disposable-vapes-in-spain","21":"product_cat-bulk-buy-disposable-vapes-in-sweden","22":"product_cat-bulk-buy-disposable-vapes-in-switzerland","23":"product_cat-buy-best-disposable-vape-flavors","24":"product_cat-cola-flavor-disposable-vapes","25":"product_cat-crystal-vapes","26":"product_cat-digital-box-vapes","27":"product_cat-disposable-vapes-series","28":"product_cat-dual-mesh-vapes","29":"product_cat-grape-flavor-disposable-vapes","30":"product_cat-guava-flavor-disposable-vapes","31":"product_cat-ice-flavor-disposable-vapes","32":"product_cat-lower-nicotine-vapes","33":"product_cat-mango-flavor-disposable-vapes","34":"product_cat-mint-flavor-disposable-vapes","35":"product_cat-mixed-berries-flavor-disposable-vapes","36":"product_cat-peach-flavor-disposable-vapes","37":"product_cat-rechargeable-vapes","38":"product_cat-strawberry-flavor-disposable-vapes","39":"product_cat-vape-shop-by-puffs","40":"product_cat-watermelon-flavor-disposable-vapes","42":"first","43":"instock","44":"shipping-taxable","45":"purchasable","46":"product-type-variable","47":"has-default-attributes"},"jetpack_sharing_enabled":true,"tiered_pricing_type":"fixed","tiered_pricing_fixed_rules":[],"tiered_pricing_product_settings":{"layout":"default","base_unit_name":{"singular":null,"plural":null},"default_variation":null},"tiered_pricing_minimum_quantity":null,"tiered_pricing_roles_data":[],"tiered_pricing_percentage_rules":[],"tiered_pricing_maximum_quantity":null,"tiered_pricing_quantity_step":null,"_links":{"self":[{"href":"https:\/\/vapexyz.com\/fi\/wp-json\/wp\/v2\/product\/36076","targetHints":{"allow":["GET"]}}],"collection":[{"href":"https:\/\/vapexyz.com\/fi\/wp-json\/wp\/v2\/product"}],"about":[{"href":"https:\/\/vapexyz.com\/fi\/wp-json\/wp\/v2\/types\/product"}],"replies":[{"embeddable":true,"href":"https:\/\/vapexyz.com\/fi\/wp-json\/wp\/v2\/comments?post=36076"}],"wp:featuredmedia":[{"embeddable":true,"href":"https:\/\/vapexyz.com\/fi\/wp-json\/wp\/v2\/media\/36089"}],"wp:attachment":[{"href":"https:\/\/vapexyz.com\/fi\/wp-json\/wp\/v2\/media?parent=36076"}],"wp:term":[{"taxonomy":"product_brand","embeddable":true,"href":"https:\/\/vapexyz.com\/fi\/wp-json\/wp\/v2\/product_brand?post=36076"},{"taxonomy":"product_cat","embeddable":true,"href":"https:\/\/vapexyz.com\/fi\/wp-json\/wp\/v2\/product_cat?post=36076"},{"taxonomy":"product_tag","embeddable":true,"href":"https:\/\/vapexyz.com\/fi\/wp-json\/wp\/v2\/product_tag?post=36076"}],"curies":[{"name":"wp","href":"https:\/\/api.w.org\/{rel}","templated":true}]}}