{"id":35522,"date":"2024-10-23T12:49:21","date_gmt":"2024-10-23T12:49:21","guid":{"rendered":"https:\/\/vapexyz.com\/?post_type=product&#038;p=35522"},"modified":"2026-03-03T00:39:32","modified_gmt":"2026-03-03T00:39:32","slug":"al-fakhar-kruunutanko-8000-puffs-iso-pilvi-dtl-2-alhainen-nikotiini-alkuperainen-tehdas-bulk-ostaa-ladattava-kertakayttoinen-vapes-kyna-tukkumyynti","status":"publish","type":"product","link":"https:\/\/vapexyz.com\/fi\/product\/al-fakhar-crown-bar-8000-puffs-big-cloud-dtl-2-low-nicotine-original-factory-bulk-buy-rechargeable-disposable-vapes-pen-wholesale\/","title":{"rendered":"Al Fakhar Crown Bar 8000 Puffia Big Cloud DTL Irtaostot Uudelleenladattavat H\u00e4vytett\u00e4v\u00e4t Vape- Tuotteet Tukkuostot"},"content":{"rendered":"<article style=\"font-family: 'Segoe UI', Roboto, Helvetica, Arial, sans-serif; line-height: 1.8; color: #2c3e50; max-width: 100%; margin: 0 auto; padding: 30px; background-color: #ffffff;\">\n<h2 style=\"color: #1a5276; border-bottom: 2px solid #1a5276; padding-bottom: 10px; margin-top: 0;\">Al Fakhar Crown Bar 8000 Puffsin suunnittelu: Suoraan keuhkoon (DTL) -suorituskyvyn mestarikurssi<\/h2>\n<div style=\"text-align: center; margin: 30px 0;\"><img loading=\"lazy\" decoding=\"async\" class=\"alignnone wp-image-35534 size-full\" style=\"color: #333333; font-size: 16px; max-width: 100%; height: auto; border-radius: 8px; box-shadow: 0 4px 15px rgba(0,0,0,0.1);\" src=\"https:\/\/vapexyz.com\/wp-content\/uploads\/2024\/10\/Al-Fakhar-Crown-Bar-8000-Puffs-Big-Cloud-DTL-2-Low-Nicotine-Original-Factory-1.webp\" alt=\"Al Fakhar Crown Bar 8000 Puffs Big Cloud DTL 2% Alhainen nikotiini Alkuper\u00e4inen Tehdasmassa Osta Ladattava Kertak\u00e4ytt\u00f6inen Vapes Kyn\u00e4 Tukkumyynti\" width=\"1326\" height=\"829\" title=\"\" srcset=\"https:\/\/vapexyz.com\/wp-content\/uploads\/2024\/10\/Al-Fakhar-Crown-Bar-8000-Puffs-Big-Cloud-DTL-2-Low-Nicotine-Original-Factory-1.webp 1326w, https:\/\/vapexyz.com\/wp-content\/uploads\/2024\/10\/Al-Fakhar-Crown-Bar-8000-Puffs-Big-Cloud-DTL-2-Low-Nicotine-Original-Factory-1-500x313.webp 500w, https:\/\/vapexyz.com\/wp-content\/uploads\/2024\/10\/Al-Fakhar-Crown-Bar-8000-Puffs-Big-Cloud-DTL-2-Low-Nicotine-Original-Factory-1-1024x640.webp 1024w, https:\/\/vapexyz.com\/wp-content\/uploads\/2024\/10\/Al-Fakhar-Crown-Bar-8000-Puffs-Big-Cloud-DTL-2-Low-Nicotine-Original-Factory-1-768x480.webp 768w, https:\/\/vapexyz.com\/wp-content\/uploads\/2024\/10\/Al-Fakhar-Crown-Bar-8000-Puffs-Big-Cloud-DTL-2-Low-Nicotine-Original-Factory-1-18x12.webp 18w, https:\/\/vapexyz.com\/wp-content\/uploads\/2024\/10\/Al-Fakhar-Crown-Bar-8000-Puffs-Big-Cloud-DTL-2-Low-Nicotine-Original-Factory-1-510x319.webp 510w\" sizes=\"auto, (max-width: 1326px) 100vw, 1326px\" \/><\/div>\n<p style=\"margin-bottom: 20px; font-size: 16px;\">Tervetuloa Vapexyz:\u00e4\u00e4n, johtavaan kansainv\u00e4liseen B2B- tukkukauppiaaseen ja lopulliseen digitaaliseen keskukseen korkeasuoritteisiin kertak\u00e4ytt\u00f6isiin vapeihin. Yli kahdeksan vuoden dokumentoidun toiminnallisen huippuosaamisen ja toimitusketjun hallinnan kokemuksella teollisuudessa, olemme vakiinnuttaneet itsemme luotettavana ja arvostettuna l\u00e4hteen\u00e4 tukkukaupassa. Me yhdist\u00e4mme maailmanluokan tuotantolaitokset ja globaalit v\u00e4hitt\u00e4ismarkkinat. T\u00e4n\u00e4\u00e4n esittelemme kattavan teknisen yleiskuvan yhdest\u00e4 vahvimmista laitteista katalogissamme: <strong>Al Fakhar Crown Bar 8000 suihketta<\/strong>. T\u00e4m\u00e4 tietty kertak\u00e4ytt\u00f6inen vape edustaa merkitt\u00e4v\u00e4\u00e4 harppausta Direct-to-Lung (DTL) -tekniikassa, suunniteltu erityisesti k\u00e4ytt\u00e4jille, jotka asettavat etusijalle maksimaalisen pilven tuoton, kest\u00e4v\u00e4n akun k\u00e4ytt\u00f6i\u00e4n ja korkean uskollisuuden aistikokemukset.<\/p>\n<p style=\"margin-bottom: 20px; font-size: 16px;\">Toisin kuin tavalliset kuluttajalaitteet, jotka keskittyv\u00e4t rajoitettuihin vetoihin, t\u00e4m\u00e4 h\u00e4vitett\u00e4v\u00e4 vape-kyn\u00e4 on suunniteltu tarkasti suurten ilmavirtojen helpottamiseksi. Olitpa sitten varastoimassa paljon liiketoimintaa harjoittavaa v\u00e4hitt\u00e4iskauppaa tai laajentamassa alueellista jakeluverkostoasi, Al Fakhar Crown Barin empiiristen suorituskykymittareiden, teknisten spesifikaatioiden ja toimitusketjun logistiikan ymm\u00e4rt\u00e4minen on v\u00e4ltt\u00e4m\u00e4t\u00f6nt\u00e4. Luotettavana tukkukauppiaana Vapexyz varmistaa, ett\u00e4 jokainen Alankomaiden, Saksan, Belgian ja Espanjan kautta jaettu yksikk\u00f6 t\u00e4ytt\u00e4\u00e4 tiukat kansainv\u00e4liset vaatimustenmukaisuusstandardit, tarjoten vertaansa vailla olevaa luotettavuutta yrityksellesi.<\/p>\n<h3 style=\"color: #2980b9; margin-top: 40px;\">Tekniset tiedot ja suunnitteluosaaminen<\/h3>\n<p style=\"margin-bottom: 20px; font-size: 16px;\">Korkean suorituskyvyn kertak\u00e4ytt\u00f6isen h\u00f6yrystimen arkkitehtuuri perustuu voimakkaasti sen sis\u00e4isen virtal\u00e4hteen, l\u00e4mmityselementin ja formulaatios\u00e4ili\u00f6n v\u00e4liseen synergiaan. Al Fakhar Crown Barissa on integroitu hienostunut 0,6\u03a9:n mesh-l\u00e4mmityselementti. Insin\u00f6\u00f6ri n\u00e4k\u00f6kulmasta mesh-kelat hy\u00f6dynt\u00e4v\u00e4t laajempaa pinta-alaa verrattuna perinteisiin spiraalijohtimiin. T\u00e4m\u00e4 laajennettu pinta-ala mahdollistaa eritt\u00e4in tehokkaan, tasaisen termodynaamisen l\u00e4mm\u00f6n jakautumisen. Kun 600mAh:n litium-ioni-akku purkaa s\u00e4hk\u00f6virran 0,6\u03a9:n mesh-elementtiin, nopea l\u00e4mpenemisaika varmistaa, ett\u00e4 sis\u00e4inen liuos h\u00f6yrystyy v\u00e4litt\u00f6m\u00e4sti, mik\u00e4 johtaa tihe\u00e4\u00e4n, runsaan tuotantoon, joka on tyypillist\u00e4 aidolle DTL-h\u00f6yrystimille.<\/p>\n<p style=\"margin-bottom: 20px; font-size: 16px;\">Lis\u00e4ksi Type-C latausportin integrointi varmistaa, ett\u00e4 600mAh sis\u00e4inen akku voidaan t\u00e4ydent\u00e4\u00e4 nopeasti ja turvallisesti. Sis\u00e4inen virranhallintapiiri (PMIC) suojaa ylilataukselta, oikosuluilta ja j\u00e4nnitepiikeilt\u00e4, varmistaen, ett\u00e4 laitteen lopullinen aktivointi on yht\u00e4 johdonmukainen kuin ensimm\u00e4inenkin. Laajalla 18ml s\u00e4ili\u00f6kapasiteetilla fyysiset mitat pysyv\u00e4t huomattavan ergonomisina, paino on vain 91,22 grammaa.<\/p>\n<table style=\"width: 100%; border-collapse: collapse; margin-bottom: 30px; background-color: #fcfcfc; box-shadow: 0 2px 8px rgba(0,0,0,0.05); font-size: 15px;\">\n<thead>\n<tr style=\"background-color: #2980b9; color: #ffffff; text-align: left;\">\n<th style=\"padding: 15px; border: 1px solid #ddd;\">Tekninen parametri<\/th>\n<th style=\"padding: 15px; border: 1px solid #ddd;\">M\u00e4\u00e4rittelytiedot<\/th>\n<th style=\"padding: 15px; border: 1px solid #ddd;\">Insin\u00f6\u00f6ritieteiden etu<\/th>\n<\/tr>\n<\/thead>\n<tbody>\n<tr>\n<td style=\"padding: 12px 15px; border: 1px solid #ddd; font-weight: bold;\">Maksimitoiminnot<\/td>\n<td style=\"padding: 12px 15px; border: 1px solid #ddd;\">Yl\u00f6 8000 Pahlaa<\/td>\n<td style=\"padding: 12px 15px; border: 1px solid #ddd;\">Pidempi k\u00e4ytt\u00f6ik\u00e4; v\u00e4hent\u00e4\u00e4 v\u00e4hitt\u00e4iskaupan korvaustarvetta.<\/td>\n<\/tr>\n<tr style=\"background-color: #f9f9f9;\">\n<td style=\"padding: 12px 15px; border: 1px solid #ddd; font-weight: bold;\">S\u00e4ili\u00f6n tilavuus<\/td>\n<td style=\"padding: 12px 15px; border: 1px solid #ddd;\">18 ml:n kapasiteetti<\/td>\n<td style=\"padding: 12px 15px; border: 1px solid #ddd;\">Suuren kapasiteetin tallennustila, joka on t\u00e4ydellisesti kalibroitu laitteen k\u00e4ytt\u00f6i\u00e4n mukaan.<\/td>\n<\/tr>\n<tr>\n<td style=\"padding: 12px 15px; border: 1px solid #ddd; font-weight: bold;\">Virtal\u00e4hdekenno<\/td>\n<td style=\"padding: 12px 15px; border: 1px solid #ddd;\">600mAh Litium-ioni (Type-C)<\/td>\n<td style=\"padding: 12px 15px; border: 1px solid #ddd;\">Vakaa j\u00e4nnite l\u00e4ht\u00f6 nopeilla, standardisoiduilla latausominaisuuksilla.<\/td>\n<\/tr>\n<tr style=\"background-color: #f9f9f9;\">\n<td style=\"padding: 12px 15px; border: 1px solid #ddd; font-weight: bold;\">L\u00e4mmityselementti<\/td>\n<td style=\"padding: 12px 15px; border: 1px solid #ddd;\">0,6\u03a9 verkkokela<\/td>\n<td style=\"padding: 12px 15px; border: 1px solid #ddd;\">Alhainen s\u00e4hk\u00f6resistanssi optimoitu DTL-virtaukselle ja tihe\u00e4lle sumun tuotannolle.<\/td>\n<\/tr>\n<tr>\n<td style=\"padding: 12px 15px; border: 1px solid #ddd; font-weight: bold;\">Aktiivinen Voima<\/td>\n<td style=\"padding: 12px 15px; border: 1px solid #ddd;\">5% Pitoisuus (Matala)<\/td>\n<td style=\"padding: 12px 15px; border: 1px solid #ddd;\">Tarjoaa tyytyv\u00e4isyytt\u00e4 ja voimakasta vaikutusta, jota aikuiset kuluttajat suosivat.<\/td>\n<\/tr>\n<tr style=\"background-color: #f9f9f9;\">\n<td style=\"padding: 12px 15px; border: 1px solid #ddd; font-weight: bold;\">Laitteen massa<\/td>\n<td style=\"padding: 12px 15px; border: 1px solid #ddd;\">91,22 grammaa<\/td>\n<td style=\"padding: 12px 15px; border: 1px solid #ddd;\">Kevyt ulkoinen runko, valmistettu kest\u00e4vist\u00e4, suuritiheyksisist\u00e4 polymeereist\u00e4.<\/td>\n<\/tr>\n<\/tbody>\n<\/table>\n<h3 style=\"color: #2980b9; margin-top: 40px;\">Empiiriset suorituskyky- ja laboratoriotestiprotokollat<\/h3>\n<p style=\"margin-bottom: 20px; font-size: 16px;\">Nykyisill\u00e4 laitteistomarkkinoilla promotiovaatimukset on tuettava tiukoilla empiirisill\u00e4 tiedoilla. Mainostettu \u201c8000 puff\u201d -vertailuarvo ei ole mielivaltainen luku; se on johdettu kontrolloiduissa laboratoriotesteiss\u00e4 standardisoitujen automaattisten hengityskoneiden avulla. T\u00e4ss\u00e4 empiirisen testauksen vaiheessa kertak\u00e4ytt\u00f6iset h\u00f6yrystimet altistetaan jatkuville ymp\u00e4rist\u00f6olosuhteille, mukaan lukien 22\u00b0C (\u00b1 2\u00b0C) ymp\u00e4rist\u00f6n l\u00e4mp\u00f6tila ja 60% suhteellinen kosteus.<\/p>\n<p style=\"margin-bottom: 20px; font-size: 16px;\">Testausprotokolla sis\u00e4lt\u00e4\u00e4 koneen, joka ottaa tarkan 2,5-3,0 sekunnin mittaisen piirin, jota seuraa riitt\u00e4v\u00e4 lepoaika, jotta sis\u00e4isen imukuitumateriaalin kapillaaritoiminta voi kyll\u00e4sty\u00e4 t\u00e4ysin uudelleen. Mittaamalla jatkuvasti 18 ml:n s\u00e4ili\u00f6n tyhjennysnopeutta 600 mAh-akun purkausjaksoja vastaan, insin\u00f6\u00f6rit voivat vahvistaa Al Fakhar Crown Barin kest\u00e4vyyden. Lis\u00e4ksi riippumattomat laadunvalvonta-arvioinnit varmistavat, ett\u00e4 PCTG-muovikotelon rakenteellinen eheys ei vaikuta 0,6 \u03a9:n mesh-kelan jatkuvasta l\u00e4mp\u00f6jaksotuksesta, mik\u00e4 varmistaa k\u00e4ytt\u00e4j\u00e4n turvallisuuden ja tuotteen luotettavuuden ensimm\u00e4isest\u00e4 piirist\u00e4 viimeiseen.<\/p>\n<div style=\"background-color: #f0f4f8; border-left: 6px solid #2980b9; padding: 20px; margin: 30px 0; border-radius: 0 8px 8px 0; box-shadow: 0 2px 5px rgba(0,0,0,0.05);\">\n<h4 style=\"margin-top: 0; color: #1a5276; font-size: 18px;\">Ydinosaamisen kohta: Suora-keuhkoon (DTL) -mekaniikan ymm\u00e4rt\u00e4minen<\/h4>\n<p style=\"margin-bottom: 10px; font-size: 15px;\">Toisin kuin Mouth-to-Lung (MTL) -laitteet, jotka j\u00e4ljittelev\u00e4t perinteisten polttavien tuotteiden tiukkaa imemist\u00e4, DTL <strong>h\u00f6yryt<\/strong> on suunniteltu leve\u00e4kanavaisilla ilmakanavilla. T\u00e4m\u00e4 aerodynaaminen muotoilu mahdollistaa k\u00e4ytt\u00e4j\u00e4lle muodostetun h\u00f6yryn hengitt\u00e4misen suoraan keuhkoihin yhdell\u00e4 jatkuvalla hengityksell\u00e4. T\u00e4m\u00e4n saavuttamiseksi ilman laitteen ylikuumenemista j\u00e4rjestelm\u00e4 vaatii:<\/p>\n<ul style=\"margin-bottom: 0; padding-left: 20px; font-size: 15px;\">\n<li style=\"margin-bottom: 8px;\"><strong>Aliohmivastus:<\/strong> 0,6\u03a9:n k\u00e4\u00e4mitykseen sallii suuremman wattaisen tehon l\u00e4hd\u00f6n.<\/li>\n<li style=\"margin-bottom: 8px;\"><strong>Suuri-ilmavaihtoinen ilmanotto:<\/strong> Est\u00e4\u00e4 verkkosolmukkeen ylitt\u00e4m\u00e4st\u00e4 turvallisia k\u00e4ytt\u00f6l\u00e4mp\u00f6tiloja nopean ilmaj\u00e4\u00e4hdytyksen avulla.<\/li>\n<li style=\"margin-bottom: 0;\"><strong>Optimoitu haihtuminen:<\/strong> Korkean huokoisuuden orgaanista puuvillaa k\u00e4ytet\u00e4\u00e4n yll\u00e4pit\u00e4m\u00e4\u00e4n raskaan h\u00f6yryn tuotannon vaatimaa nopeaa imeytymiskyky\u00e4.<\/li>\n<\/ul>\n<\/div>\n<h3 style=\"color: #2980b9; margin-top: 40px;\">Al Fakhar -h\u00e4vikettiset h\u00f6yrystimet \u2013 Premium-aistikkaat ja tuoksuprofiilit<\/h3>\n<p style=\"margin-bottom: 20px; font-size: 16px;\">Korkealaatuinen kertak\u00e4ytt\u00f6inen vape m\u00e4\u00e4ritell\u00e4\u00e4n paitsi sen s\u00e4hk\u00f6tekniikalla, my\u00f6s sen aromituoton hienostuneisuudella. Al Fakhar-sarjan kehitt\u00e4misen takana olevat formulaatioinsin\u00f6\u00f6rit ovat huolellisesti luoneet valikoiman aistikkauksia, hy\u00f6dynt\u00e4en korkealaatuisia kasviuutteita ja elintarvikek\u00e4ytt\u00f6\u00f6n tarkoitettuja aromiyhdisteit\u00e4. N\u00e4m\u00e4 profiilit on suunniteltu pysym\u00e4\u00e4n kemiallisesti stabiileina koko l\u00e4mmitysprosessin ajan, varmistamalla, ett\u00e4 viimeinen puuska on yht\u00e4 ter\u00e4v\u00e4 ja tarkka kuin ensimm\u00e4inen aktivointi. Valitse seuraavista huolellisesti sekoitetuista profiileista, jotka tyydytt\u00e4v\u00e4t erilaiset kuluttajien makuaistit:<\/p>\n<ul style=\"list-style-type: none; padding-left: 0; margin-bottom: 30px; font-size: 16px;\">\n<li style=\"margin-bottom: 15px; padding-left: 25px; position: relative;\"><span style=\"color: #2980b9; position: absolute; left: 0; font-weight: bold;\">\u2713<\/span> <strong>Kaksi Applea:<\/strong> Monimutkainen, kaksikerroksinen omenasekoitus, joka tarjoaa t\u00e4ydellisen tasapainon rapean vihre\u00e4n kirpe\u00e4n ja makean punaisen omenan aromien v\u00e4lill\u00e4.<\/li>\n<li style=\"margin-bottom: 15px; padding-left: 25px; position: relative;\"><span style=\"color: #2980b9; position: absolute; left: 0; font-weight: bold;\">\u2713<\/span> <strong>Ryp\u00e4leminttu:<\/strong> Vankka, t\u00e4ytel\u00e4inen viinitarhan sadonkorjuuprofiili, joka sulautuu saumattomasti viilent\u00e4v\u00e4n, kasvitieteellisen mentoloidun lopputuloksen kanssa.<\/li>\n<li style=\"margin-bottom: 15px; padding-left: 25px; position: relative;\"><span style=\"color: #2980b9; position: absolute; left: 0; font-weight: bold;\">\u2713<\/span> <strong>Tuhkanmarja- Purukumi:<\/strong> Kuvankaipuva, el\u00e4v\u00e4inen, tuoksuva sekoitus, joka yhdist\u00e4\u00e4 kirpeit\u00e4 villimarjoja makeaan, klassiseen makeismakuun alatoiveeseen.<\/li>\n<li style=\"margin-bottom: 15px; padding-left: 25px; position: relative;\"><span style=\"color: #2980b9; position: absolute; left: 0; font-weight: bold;\">\u2713<\/span> <strong>Beri Mint:<\/strong> Huolellisesti valmistettu valikoiman mets\u00e4nmarjojen fuusio, jota korostaa ter\u00e4v\u00e4, virkist\u00e4v\u00e4 mintun uute.<\/li>\n<li style=\"margin-bottom: 15px; padding-left: 25px; position: relative;\"><span style=\"color: #2980b9; position: absolute; left: 0; font-weight: bold;\">\u2713<\/span> <strong>Persikka-j\u00e4\u00e4tel\u00f6:<\/strong> Ylellinen, kermainen aistikokemus, joka tasapainottaa kes\u00e4isten persikoiden luonnollista makeutta sile\u00e4ll\u00e4, viilent\u00e4v\u00e4ll\u00e4 maitoinspiroidulla rikkaudella.<\/li>\n<li style=\"margin-bottom: 15px; padding-left: 25px; position: relative;\"><span style=\"color: #2980b9; position: absolute; left: 0; font-weight: bold;\">\u2713<\/span> <strong>Sininen Vadelma Lemonade:<\/strong> Dynaaminen, makea ja hapan profiili, joka j\u00e4ljittelee t\u00e4ydellisesti virkist\u00e4v\u00e4n kylm\u00e4n kes\u00e4juoman tuoreutta.<\/li>\n<li style=\"margin-bottom: 15px; padding-left: 25px; position: relative;\"><span style=\"color: #2980b9; position: absolute; left: 0; font-weight: bold;\">\u2713<\/span> <strong>Pureskelu Minttu:<\/strong> Eritt\u00e4in virkist\u00e4v\u00e4, makua puhdistava profiili, joka tarjoaa keskittyneen makean, viile\u00e4n piparmintun r\u00e4j\u00e4hdyksen.<\/li>\n<li style=\"margin-bottom: 15px; padding-left: 25px; position: relative;\"><span style=\"color: #2980b9; position: absolute; left: 0; font-weight: bold;\">\u2713<\/span> <strong>Mango-j\u00e4\u00e4tel\u00f6:<\/strong> Trooppinen mestariteos, joka yhdist\u00e4\u00e4 kypsien mangojen syv\u00e4t, rikkaat aromit silkkisen, viile\u00e4n alatoimen kanssa.<\/li>\n<li style=\"margin-bottom: 15px; padding-left: 25px; position: relative;\"><span style=\"color: #2980b9; position: absolute; left: 0; font-weight: bold;\">\u2713<\/span> <strong>Maaginen rakkaus:<\/strong> Patentoidtu, eritt\u00e4in hyvin vartioitu eksoottisten hedelmien p\u00e4\u00e4seos, joka tarjoaa monimutkaisen ja monikerroksisen aistikokemuksen.<\/li>\n<li style=\"margin-bottom: 15px; padding-left: 25px; position: relative;\"><span style=\"color: #2980b9; position: absolute; left: 0; font-weight: bold;\">\u2713<\/span> <strong>Vesimelonaj\u00e4\u00e4tel\u00f6:<\/strong> Kes\u00e4n tyylik\u00e4s profiili, jossa yhdistyv\u00e4t vedenmelonin kevyt, kosteuttava olemus ja tihe\u00e4, kuurainen lopputulos.<\/li>\n<\/ul>\n<h3 style=\"color: #2980b9; margin-top: 40px;\">Teollisuuden auktoriteetti ja tukkukaupan B2B-johtajuus<\/h3>\n<p style=\"margin-bottom: 20px; font-size: 16px;\">V\u00e4hitt\u00e4iskauppojen inventaarin hankinta vaatii ehdotonta luottamusta toimitusketjuun. Johtavana irtotavarana myyt\u00e4vien vapejen tukkukauppiaana suurilla Euroopan markkinoilla, mukaan lukien Alankomaat, Saksa, Belgia ja Espanja, Vapexyz toimii vertaansa vailla olevalla avoimuudella ja logistisella tehokkuudella.  Asemamme markkinajohtajana on tuettu sitoutumisellamme jakaa tuotteita, jotka ovat linjassa tiukkojen kansainv\u00e4listen turvallisuusdirektiivien kanssa.<\/p>\n<p style=\"margin-bottom: 20px; font-size: 16px;\">Al Fakhar Crown Bar 8000 Puffs valmistetaan ISO-sertifioiduissa tiloissa. Elektroniset komponentit noudattavat standardia B2B-s\u00e4\u00e4ntelykehityst\u00e4, mukaan lukien rajoitukset vaarallisten materiaalien k\u00e4yt\u00f6lle s\u00e4hk\u00f6isiss\u00e4 laitteissa. Kun ostat Vapexyz:st\u00e4, et ole vain ostamassa tuotetta; olet investoimassa varmennettuun, korkeaan kiertoon perustuvaan v\u00e4hitt\u00e4iskauppatavaraan.  V\u00e4himm\u00e4istilausm\u00e4\u00e4r\u00e4 (MOQ) on vain 10 kappaletta, ja skaalautuvat irtotavaravaihtoehdot sis\u00e4lt\u00e4v\u00e4t 200 yksikk\u00f6\u00e4 per p\u00e4\u00e4llispakkaus, mahdollistaen kaikenkokoisten yritysten skaalata varastojaan aggressiivisesti samalla kun ne yll\u00e4pit\u00e4v\u00e4t terveit\u00e4 voittomarginaaleja.<\/p>\n<p style=\"margin-bottom: 30px; font-size: 16px;\">Olemme ylpeit\u00e4 tarjoamastamme nopeasta ja turvallisesta alueellisesta toimituksesta, joka varmistaa, ett\u00e4 hyllyt pysyv\u00e4t t\u00e4ynn\u00e4 markkinoiden kysytyimpi\u00e4 kertak\u00e4ytt\u00f6isi\u00e4 h\u00f6yrystimi\u00e4.  Saumaton digitaalinen tilausinfrastruktuurimme minimoi hallinnolliset yleiskustannukset, jolloin voit keskitty\u00e4 laajentamaan asiakaskuntaasi ja maksimoimaan v\u00e4hitt\u00e4iskaupan tyytyv\u00e4isyyden.<\/p>\n<h3 style=\"color: #2980b9; margin-top: 40px; border-bottom: 1px solid #e0e0e0; padding-bottom: 10px;\">Usein kysytyt kysymykset (FAQ) tukkukauppiaille<\/h3>\n<div style=\"margin-bottom: 30px;\">\n<details style=\"margin-bottom: 12px; background-color: #fcfcfc; border: 1px solid #dcdcdc; border-radius: 6px; padding: 12px; transition: all 0.3s ease;\">\n<summary style=\"font-weight: bold; cursor: pointer; color: #2c3e50; font-size: 16px; outline: none;\">Mik\u00e4 on v\u00e4himm\u00e4istilausm\u00e4\u00e4r\u00e4 (MOQ) j\u00e4lleenmyyntihintaa varten?<\/summary>\n<p style=\"margin-top: 10px; margin-bottom: 0; font-size: 15px; color: #555;\">Vapexyz:ss\u00e4 uskomme tukevamme kaiken mittakaavan yrityksi\u00e4.  V\u00e4himm\u00e4istilausm\u00e4\u00e4r\u00e4mme (MOQ) on asetettu uskomattoman edulliseksi 10 kappaleeksi.  Kuitenkin maksimaalisen logistisen tehokkuuden ja parhaan yksikk\u00f6kohtaisen taloudellisen arvon saavuttamiseksi suosittelemme voimakkaasti ostamista p\u00e4\u00e4laatikoista, jotka sis\u00e4lt\u00e4v\u00e4t 200 yksikk\u00f6\u00e4 laatikkoa kohti.<\/p>\n<\/details>\n<details style=\"margin-bottom: 12px; background-color: #fcfcfc; border: 1px solid #dcdcdc; border-radius: 6px; padding: 12px; transition: all 0.3s ease;\">\n<summary style=\"font-weight: bold; cursor: pointer; color: #2c3e50; font-size: 16px; outline: none;\">Miten n\u00e4iden h\u00e4vitett\u00e4vien vapejen litium-ioni-akkujen tulisi olla k\u00e4yt\u00f6n lopussa hoidettavia?<\/summary>\n<p style=\"margin-top: 10px; margin-bottom: 0; font-size: 15px; color: #555;\">Ymp\u00e4rist\u00f6vastuu on ratkaisevan t\u00e4rke\u00e4\u00e4 laitteistoalalla. 600mAh:n sis\u00e4iset solut on integroitu t\u00e4ysin. Kun 18ml:n s\u00e4ili\u00f6 on tyhjentynyt, koko yksikk\u00f6 on h\u00e4vitett\u00e4v\u00e4 paikallisten eurooppalaisten WEEE (j\u00e4te s\u00e4hk\u00f6- ja elektroniikkalaitteista) direktiivien mukaisesti. V\u00e4hitt\u00e4ismyyji\u00e4 kannustetaan tarjoamaan asiakkailleen nimetyss\u00e4 elektronisen j\u00e4tteen ker\u00e4ysastioita.<\/p>\n<\/details>\n<details style=\"margin-bottom: 12px; background-color: #fcfcfc; border: 1px solid #dcdcdc; border-radius: 6px; padding: 12px; transition: all 0.3s ease;\">\n<summary style=\"font-weight: bold; cursor: pointer; color: #2c3e50; font-size: 16px; outline: none;\">Ovatko n\u00e4m\u00e4 vapeit sopivia k\u00e4ytt\u00e4jille, jotka siirtyv\u00e4t MTL-laitteista?<\/summary>\n<p style=\"margin-top: 10px; margin-bottom: 0; font-size: 15px; color: #555;\">Al Fakhar Crown -baari on erityisesti suunniteltu Direct-to-Lung (DTL) -k\u00e4ytt\u00f6\u00f6n, ja sen ominaisuuksiin kuuluvat 0,6\u03a9:n mesh-k\u00e4\u00e4mi ja leve\u00e4 ilmavirta. Vaikka se on hyvin suosittu, v\u00e4hitt\u00e4ismyyntihenkil\u00f6st\u00f6n tulisi neuvoa siirtyvi\u00e4 kuluttajia, ett\u00e4 DTL-laitteet tuottavat merkitt\u00e4v\u00e4sti suurempia h\u00f6yrykylmi\u00e4 ja vaativat syvemp\u00e4\u00e4 hengitystekniikkaa verrattuna tavallisiin rajoittaviin Mouth-to-Lung (MTL) -laitteisiin.<\/p>\n<\/details>\n<details style=\"margin-bottom: 12px; background-color: #fcfcfc; border: 1px solid #dcdcdc; border-radius: 6px; padding: 12px; transition: all 0.3s ease;\">\n<summary style=\"font-weight: bold; cursor: pointer; color: #2c3e50; font-size: 16px; outline: none;\">Mitk\u00e4 ovat Type-C-portin latausparametrit?<\/summary>\n<p style=\"margin-top: 10px; margin-bottom: 0; font-size: 15px; color: #555;\">S\u00e4ilytt\u00e4\u00e4kseen 600mAh-akun kemiallisen stabiilisuuden sen suunnitellun k\u00e4ytt\u00f6i\u00e4n aikana, suositellaan laitteen lataamista k\u00e4ytt\u00e4m\u00e4ll\u00e4 standardia 5V\/1A sein\u00e4adapteria Type-C-liit\u00e4nn\u00e4n kautta. Pikalatauslohkot (kuten nykyaikaisissa kannettavissa tietokoneissa k\u00e4ytett\u00e4v\u00e4t) tulisi v\u00e4ltt\u00e4\u00e4 sis\u00e4isen virtal\u00e4hteen kiihdytetyn heikkenemisen est\u00e4miseksi.<\/p>\n<\/details>\n<\/div>\n<\/article>","protected":false},"excerpt":{"rendered":"<p>Al Fakhar Crown Bar 8000 Puffs Big Cloud on ladattava, kertak\u00e4ytt\u00f6inen vape-kyn\u00e4, joka tarjoaa jopa 8000 imua, 18 ml:n kapasiteetin, 5% tehon ja mesh-kelatekniikan parantuneen maun takaamiseksi, saatavana irtotavarana ostettuna Vapexyz:st\u00e4.<\/p>","protected":false},"featured_media":35526,"comment_status":"open","ping_status":"closed","template":"","meta":{"_lmt_disableupdate":"no","_lmt_disable":""},"product_brand":[],"product_cat":[969,1008,1018,947,1019,1020,935,934,927,929,928,930,933,939,932,938,931,936,937,1017,946,1016,1023,1025,1027,951,1028,1029,1030,1031,1033,1035,953,987,1038],"product_tag":[],"class_list":{"0":"post-35522","1":"product","2":"type-product","3":"status-publish","4":"has-post-thumbnail","6":"product_cat-al-fakhar-disposable-vapes","7":"product_cat-8000-puff-vapes","8":"product_cat-apple-flavor-disposable-vapes","9":"product_cat-big-puffs-vapes","10":"product_cat-blue-razz-flavor-disposable-vapes","11":"product_cat-blueberry-flavor-disposable-vapes","12":"product_cat-bulk-buy-disposable-vapes-in-austria","13":"product_cat-bulk-buy-disposable-vapes-in-belgium","14":"product_cat-bulk-buy-disposable-vapes-in-europe","15":"product_cat-bulk-buy-disposable-vapes-in-france","16":"product_cat-bulk-buy-disposable-vapes-in-germany","17":"product_cat-bulk-buy-disposable-vapes-in-italy","18":"product_cat-bulk-buy-disposable-vapes-in-netherlands","19":"product_cat-bulk-buy-disposable-vapes-in-norway","20":"product_cat-bulk-buy-disposable-vapes-in-poland","21":"product_cat-bulk-buy-disposable-vapes-in-portugal","22":"product_cat-bulk-buy-disposable-vapes-in-spain","23":"product_cat-bulk-buy-disposable-vapes-in-sweden","24":"product_cat-bulk-buy-disposable-vapes-in-switzerland","25":"product_cat-buy-best-disposable-vape-flavors","26":"product_cat-disposable-vapes-series","27":"product_cat-european-vape-warehouse","28":"product_cat-grape-flavor-disposable-vapes","29":"product_cat-ice-flavor-disposable-vapes","30":"product_cat-lemon-flavor-disposable-vapes","31":"product_cat-lower-nicotine-vapes","32":"product_cat-lush-flavor-disposable-vapes","33":"product_cat-mango-flavor-disposable-vapes","34":"product_cat-mint-flavor-disposable-vapes","35":"product_cat-mixed-berries-flavor-disposable-vapes","36":"product_cat-peach-flavor-disposable-vapes","37":"product_cat-raspberry-flavor-disposable-vapes","38":"product_cat-rechargeable-vapes","39":"product_cat-vape-shop-by-puffs","40":"product_cat-watermelon-flavor-disposable-vapes","42":"first","43":"outofstock","44":"shipping-taxable","45":"purchasable","46":"product-type-variable","47":"has-default-attributes"},"jetpack_sharing_enabled":true,"tiered_pricing_type":"fixed","tiered_pricing_fixed_rules":[],"tiered_pricing_product_settings":{"layout":"default","base_unit_name":{"singular":null,"plural":null},"default_variation":null},"tiered_pricing_minimum_quantity":null,"tiered_pricing_roles_data":[],"tiered_pricing_percentage_rules":[],"tiered_pricing_maximum_quantity":null,"tiered_pricing_quantity_step":null,"_links":{"self":[{"href":"https:\/\/vapexyz.com\/fi\/wp-json\/wp\/v2\/product\/35522","targetHints":{"allow":["GET"]}}],"collection":[{"href":"https:\/\/vapexyz.com\/fi\/wp-json\/wp\/v2\/product"}],"about":[{"href":"https:\/\/vapexyz.com\/fi\/wp-json\/wp\/v2\/types\/product"}],"replies":[{"embeddable":true,"href":"https:\/\/vapexyz.com\/fi\/wp-json\/wp\/v2\/comments?post=35522"}],"wp:featuredmedia":[{"embeddable":true,"href":"https:\/\/vapexyz.com\/fi\/wp-json\/wp\/v2\/media\/35526"}],"wp:attachment":[{"href":"https:\/\/vapexyz.com\/fi\/wp-json\/wp\/v2\/media?parent=35522"}],"wp:term":[{"taxonomy":"product_brand","embeddable":true,"href":"https:\/\/vapexyz.com\/fi\/wp-json\/wp\/v2\/product_brand?post=35522"},{"taxonomy":"product_cat","embeddable":true,"href":"https:\/\/vapexyz.com\/fi\/wp-json\/wp\/v2\/product_cat?post=35522"},{"taxonomy":"product_tag","embeddable":true,"href":"https:\/\/vapexyz.com\/fi\/wp-json\/wp\/v2\/product_tag?post=35522"}],"curies":[{"name":"wp","href":"https:\/\/api.w.org\/{rel}","templated":true}]}}