{"id":31524,"date":"2024-08-21T14:08:50","date_gmt":"2024-08-21T14:08:50","guid":{"rendered":"https:\/\/vapexyz.com\/?post_type=product&#038;p=31524"},"modified":"2026-03-03T03:47:00","modified_gmt":"2026-03-03T03:47:00","slug":"aivono-aim-xxl-9000-puffs-0-2-3-5-bulk-osta-vahan-nikotiinia-ladattava-kertakayttoinen-vapes-kyna-tukkumyynti","status":"publish","type":"product","link":"https:\/\/vapexyz.com\/fi\/product\/aivono-aim-xxl-9000-puffs-0-2-3-5-bulk-buy-low-nicotine-rechargeable-disposable-vapes-pen-wholesale\/","title":{"rendered":"AIVONO AIM XXL 9000 Pahvapuuska Irtona Ostat Bulkki Ostaa Ladattavat H\u00e4vytett\u00e4v\u00e4t Vapeja Tukku"},"content":{"rendered":"<article style=\"font-family: -apple-system, BlinkMacSystemFont, 'Segoe UI', Roboto, Helvetica, Arial, sans-serif; line-height: 1.8; color: #333333; max-width: 100%; margin: 0 auto; padding: 20px;\">\n<div style=\"background-color: #f8fafc; border-radius: 8px; padding: 25px; margin-bottom: 30px; border-left: 6px solid #2563eb;\">\n<h2 style=\"margin-top: 0; color: #1e3a8a; font-size: 1.5rem;\">Tervetuloa VapeXYZeen: Luotettavat globaalit jakelijat<\/h2>\n<p style=\"margin-bottom: 15px;\">Tervetuloa VapeXYZn, sinun lopulliseen verkkokeskukseen kaikille h\u00e4vytett\u00e4viss\u00e4 vapeissa. Olemme innoissamme esitelless\u00e4mme sinulle maailman huippuluokan tuotemerkeist\u00e4, kuten BANG BOX, WASPE, UWIN, BIMO, RandM, BANG, VOZOL, Elf Box, MYDE ja paljon muuta. Yli 8 vuoden dokumentoidun kokemuksen kanssa teollisuudessa, olemme levitt\u00e4neet h\u00f6yryst\u00e4misen iloa maailmanlaajuisesti, vahvistaen infrastruktuurimme luotettavana l\u00e4hteen\u00e4 kaikille h\u00e4vytett\u00e4vien vapejen tarpeisiin.<\/p>\n<p style=\"margin-bottom: 0;\">Toimimme ammattimaisena B2B- tukkukauppiaana. Tarjoamme korkealaatuisia merkkej\u00e4 kertak\u00e4ytt\u00f6isist\u00e4 vapeista eritt\u00e4in kilpailukykyisin hinnoin, ja yll\u00e4pid\u00e4mme edullista v\u00e4himm\u00e4istilausm\u00e4\u00e4r\u00e4\u00e4 (MOQ) vain 10 kappaletta. Alustamme kautta voit hankkia markkinoiden luotettavimpia kertak\u00e4ytt\u00f6isi\u00e4 vape-laitteita suoraan tuotantokeskuksista. Tilaa 10 kappaletta ja hy\u00f6dynn\u00e4 skaalattu tukkukauppahinta. Olemme m\u00e4\u00e4rittelev\u00e4 kertak\u00e4ytt\u00f6inen vape-myym\u00e4l\u00e4, joka tarjoaa alhaisen MOQ-joustavuuden sek\u00e4 yrityslaatua vastaavan t\u00e4ytt\u00f6mahdollisuuden.<\/p>\n<\/div>\n<div style=\"width: 720px;\" class=\"wp-video\"><video class=\"wp-video-shortcode\" id=\"video-31524-1\" width=\"720\" height=\"1264\" preload=\"metadata\" controls=\"controls\"><source type=\"video\/mp4\" src=\"https:\/\/vapexyz.com\/wp-content\/uploads\/2024\/08\/AIVONO-AIM-XXL-9000-Puff-1.mp4?_=1\" \/><a href=\"https:\/\/vapexyz.com\/wp-content\/uploads\/2024\/08\/AIVONO-AIM-XXL-9000-Puff-1.mp4\">https:\/\/vapexyz.com\/wp-content\/uploads\/2024\/08\/AIVONO-AIM-XXL-9000-Puff-1.mp4<\/a><\/video><\/div>\n<h2 style=\"color: #111827; font-size: 2rem; border-bottom: 2px solid #e5e7eb; padding-bottom: 10px; margin-top: 40px;\">AIVONO AIM XXL 9000 Pahvia: Insin\u00f6\u00f6ritaituruutta K\u00e4ytett\u00e4viss\u00e4 H\u00f6yrykylm\u00e4laitteissa<\/h2>\n<p style=\"font-size: 1.1rem; margin-bottom: 20px;\">Tutustu AIVONO AIM XXL 9000 Puffs -tuotteeseen, korkeasti suunniteltuun kertak\u00e4ytt\u00f6iseen vapeen, joka on t\u00e4ll\u00e4 hetkell\u00e4 saatavilla irtotavarana Vapexyz:st\u00e4. T\u00e4m\u00e4 laite on j\u00e4rjestelm\u00e4llisesti rakennettu optimoimaan k\u00e4ytt\u00f6kokemuksesi. Se yhdist\u00e4\u00e4 edistyneen l\u00e4mp\u00f6dynamiikan ja merkitt\u00e4v\u00e4t formulaatiokapasiteetit, mik\u00e4 tekee siit\u00e4 t\u00e4ydellisesti kalibroidun instrumentin sek\u00e4 uusille ett\u00e4 kokeneille k\u00e4ytt\u00e4jille, jotka etsiv\u00e4t luotettavaa laitteistoa.<\/p>\n<h3 style=\"color: #1f2937; font-size: 1.5rem; margin-top: 30px;\">Empiiriset suorituskykymittarit ja riippumaton validointi<\/h3>\n<p style=\"margin-bottom: 20px;\">Toisin kuin tavalliset kuluttajalaitteet, jotka perustuvat yleistettyihin v\u00e4itteisiin, AIVONO AIM XXL -laite on alttiina tiukalle analyyttiselle arvioinnille. Kansainv\u00e4lisesti tunnustettuihin standardisoituihin pneumaattisiin protokolliin (kuten 55 mL:n tilavuusveto, joka suoritetaan 3 sekunnin kestoisella aikav\u00e4lill\u00e4) perustuvissa kone-simuloiduissa veto-testeiss\u00e4 t\u00e4m\u00e4 laite osoittaa jatkuvasti kykyns\u00e4 saavuttaa m\u00e4\u00e4ritelty 9000-veto kynnysarvo. Integroidun 650 mAh:n tehosolun on osoitettu kest\u00e4v\u00e4n monisyklisi\u00e4 kuormitustestej\u00e4, mik\u00e4 vahvistaa, ett\u00e4 sen l\u00e4ht\u00f6 pysyy vakaana koko 19 mL:n s\u00e4ili\u00f6n tyhjennysjakson ajan. Lis\u00e4ksi 1,2 \u03a9:n mesh-rakenteen l\u00e4mp\u00f6kuvaus vahvistaa tasaisen l\u00e4mm\u00f6n jakautumisen l\u00e4mmitysmatriisissa, mik\u00e4 k\u00e4yt\u00e4nn\u00f6ss\u00e4 eliminoi l\u00e4mp\u00f6piikit ja varmistaa eritt\u00e4in tasaisen aerosolin muodostumisen ensimm\u00e4isest\u00e4 aktivoinnista viimeiseen.<\/p>\n<h3 style=\"color: #1f2937; font-size: 1.5rem; margin-top: 30px;\">Tekniset tiedot ja suunnittelun erittely<\/h3>\n<p style=\"margin-bottom: 20px;\">Kaikki t\u00e4m\u00e4n kertak\u00e4ytt\u00f6isen h\u00f6yrystimen parametrit on optimoitu tehokkuuden ja vaatimustenmukaisuuden takaamiseksi. Alla on tekninen erittely, jossa on hahmoteltu laitteen todentamiset tiedot:<\/p>\n<table style=\"width: 100%; border-collapse: collapse; margin: 25px 0; font-size: 1rem; box-shadow: 0 4px 6px rgba(0, 0, 0, 0.1); background-color: #ffffff; border-radius: 8px; overflow: hidden;\">\n<thead>\n<tr>\n<th style=\"background-color: #2563eb; color: #ffffff; text-align: left; padding: 15px; font-weight: 600;\">Tekninen Komponentti<\/th>\n<th style=\"background-color: #2563eb; color: #ffffff; text-align: left; padding: 15px; font-weight: 600;\">M\u00e4\u00e4rittely \/ Mittaus<\/th>\n<th style=\"background-color: #2563eb; color: #ffffff; text-align: left; padding: 15px; font-weight: 600;\">Insin\u00f6\u00f6rietu<\/th>\n<\/tr>\n<\/thead>\n<tbody>\n<tr style=\"border-bottom: 1px solid #e5e7eb;\">\n<td style=\"padding: 15px; font-weight: 500;\">Maksimi nostokapasiteetti<\/td>\n<td style=\"padding: 15px;\">9000 aktivointia<\/td>\n<td style=\"padding: 15px;\">Pidennetty k\u00e4ytt\u00f6ik\u00e4 v\u00e4hent\u00e4\u00e4 vaihtotiheytt\u00e4.<\/td>\n<\/tr>\n<tr style=\"background-color: #f9fafb; border-bottom: 1px solid #e5e7eb;\">\n<td style=\"padding: 15px; font-weight: 500;\">S\u00e4ili\u00f6n tilavuus<\/td>\n<td style=\"padding: 15px;\">19 mL Valmiste<\/td>\n<td style=\"padding: 15px;\">Suuri sis\u00e4inen tallennustila, joka takaa keskeytym\u00e4tt\u00f6m\u00e4n k\u00e4yt\u00f6n.<\/td>\n<\/tr>\n<tr style=\"border-bottom: 1px solid #e5e7eb;\">\n<td style=\"padding: 15px; font-weight: 500;\">Virtal\u00e4hteen Arkkitehtuuri<\/td>\n<td style=\"padding: 15px;\">650 mAh ladattava<\/td>\n<td style=\"padding: 15px;\">Litium-ionin hy\u00f6tysuhde yhdistettyn\u00e4 nopeaan Type-C-sis\u00e4\u00e4ntuloon alhaisella seisokkiajalla.<\/td>\n<\/tr>\n<tr style=\"background-color: #f9fafb; border-bottom: 1px solid #e5e7eb;\">\n<td style=\"padding: 15px; font-weight: 500;\">L\u00e4mmitysmatriisi<\/td>\n<td style=\"padding: 15px;\">1,2\u03a9 Advanced Mesh<\/td>\n<td style=\"padding: 15px;\">Laajennettu pinta-ala optimaaliseen termodynaamiseen tehokkuuteen ja sujuvaan hengitykseen.<\/td>\n<\/tr>\n<tr style=\"border-bottom: 1px solid #e5e7eb;\">\n<td style=\"padding: 15px; font-weight: 500;\">Fyysiset mitat<\/td>\n<td style=\"padding: 15px;\">50 mm x 86 mm x 25 mm<\/td>\n<td style=\"padding: 15px;\">Ihmisyst\u00e4v\u00e4llinen, taskukokoinen rakennesuunnitelma.<\/td>\n<\/tr>\n<tr style=\"background-color: #f9fafb;\">\n<td style=\"padding: 15px; font-weight: 500;\">Alkaloidien pitoisuudet<\/td>\n<td style=\"padding: 15px;\">0%, 2%, 3% tai 5%<\/td>\n<td style=\"padding: 15px;\">Monipuoliset porrastetut vaihtoehdot, jotka vastaavat tiukkoja alueellisia vaatimuksia ja k\u00e4ytt\u00e4jien mieltymyksi\u00e4.<\/td>\n<\/tr>\n<\/tbody>\n<\/table>\n<h3 style=\"color: #1f2937; font-size: 1.5rem; margin-top: 40px;\">Aistinvarma valikoima: Yksityiskohtainen profiilin erittely<\/h3>\n<p style=\"margin-bottom: 20px;\">AIVONO AIM XXL on saatavilla hienostuneessa valikoimassa aistikuvia. Jokainen seos on formuloitu k\u00e4ytt\u00e4m\u00e4ll\u00e4 korkean puhtauden aromiyhdisteit\u00e4, jotta varmistetaan johdonmukaisuus ensimm\u00e4isest\u00e4 aktivoinnista 19 mL s\u00e4ili\u00f6n tyhjentymiseen asti. T\u00e4ss\u00e4 on analyysi saatavilla olevista valinnoista:<\/p>\n<div style=\"display: grid; grid-template-columns: repeat(auto-fit, minmax(300px, 1fr)); gap: 20px; margin-bottom: 30px;\">\n<div style=\"background: #ffffff; border: 1px solid #e5e7eb; padding: 15px; border-radius: 8px; box-shadow: 0 2px 4px rgba(0,0,0,0.05);\"><strong style=\"color: #be123c; display: block; margin-bottom: 5px;\">Mansikka vesimeloni<\/strong><br \/>\n<span style=\"color: #4b5563;\">Harmonisoitu seos, joka yhdist\u00e4\u00e4 kypsien mansikoiden luonnollisen makeuden kes\u00e4kurpitsan raikkaan, virkist\u00e4v\u00e4n olemuksen kanssa.<\/span><\/div>\n<div style=\"background: #ffffff; border: 1px solid #e5e7eb; padding: 15px; border-radius: 8px; box-shadow: 0 2px 4px rgba(0,0,0,0.05);\"><strong style=\"color: #eab308; display: block; margin-bottom: 5px;\">Ananas-kookosj\u00e4\u00e4tel\u00f6<\/strong><br \/>\n<span style=\"color: #4b5563;\">Trooppinen retkikunta, jossa on mukana kirpeit\u00e4 ananasvivahteita yhdistettyn\u00e4 kermaiseen kookospintaan, lopuksi t\u00e4ydellisell\u00e4 viilent\u00e4v\u00e4ll\u00e4 tunteella.<\/span><\/div>\n<div style=\"background: #ffffff; border: 1px solid #e5e7eb; padding: 15px; border-radius: 8px; box-shadow: 0 2px 4px rgba(0,0,0,0.05);\"><strong style=\"color: #15803d; display: block; margin-bottom: 5px;\">Minttu Mojito<\/strong><br \/>\n<span style=\"color: #4b5563;\">T\u00e4ydellisesti tasapainotettu botaninen profiili, joka tarjoaa raikkaat mintunlehdet, yhdistetty strategisesti mausteiseen sitruuna-lime-alatonaan.<\/span><\/div>\n<div style=\"background: #ffffff; border: 1px solid #e5e7eb; padding: 15px; border-radius: 8px; box-shadow: 0 2px 4px rgba(0,0,0,0.05);\"><strong style=\"color: #6d28d9; display: block; margin-bottom: 5px;\">Ravintora Rakeinen<\/strong><br \/>\n<span style=\"color: #4b5563;\">Kest\u00e4v\u00e4sti valmistettu tumman, viinik\u00f6ynn\u00f6ksell\u00e4 kypsytetyn ryp\u00e4leen maku, jota korostaa luonnollisten mustaherukkauutteiden ter\u00e4v\u00e4, hapan reuna.<\/span><\/div>\n<div style=\"background: #ffffff; border: 1px solid #e5e7eb; padding: 15px; border-radius: 8px; box-shadow: 0 2px 4px rgba(0,0,0,0.05);\"><strong style=\"color: #9333ea; display: block; margin-bottom: 5px;\">Marjasekoitukset<\/strong><br \/>\n<span style=\"color: #4b5563;\">Monimutkaisesti kerrostettu makean ja hapan marjamelodia, joka tarjoaa moniulotteisen aistikokemuksen.<\/span><\/div>\n<div style=\"background: #ffffff; border: 1px solid #e5e7eb; padding: 15px; border-radius: 8px; box-shadow: 0 2px 4px rgba(0,0,0,0.05);\"><strong style=\"color: #f97316; display: block; margin-bottom: 5px;\">Ananas Mango Persikka<\/strong><br \/>\n<span style=\"color: #4b5563;\">Trooppisten ja hedelm\u00e4puutarhan monimutkainen trio, joka tarjoaa yht\u00e4 suuressa mittakaavassa kirkkaan mangon, rapean persikan ja ter\u00e4v\u00e4n ananaksen s\u00e4veli\u00e4.<\/span><\/div>\n<div style=\"background: #ffffff; border: 1px solid #e5e7eb; padding: 15px; border-radius: 8px; box-shadow: 0 2px 4px rgba(0,0,0,0.05);\"><strong style=\"color: #ef4444; display: block; margin-bottom: 5px;\">Vesimeloni j\u00e4\u00e4tel\u00f6<\/strong><br \/>\n<span style=\"color: #4b5563;\">Makea, kermainen vesimelonaperusta, jota korostaa voimakas, kuuma hengitys rauhoittavaa lopputulosta varten.<\/span><\/div>\n<div style=\"background: #ffffff; border: 1px solid #e5e7eb; padding: 15px; border-radius: 8px; box-shadow: 0 2px 4px rgba(0,0,0,0.05);\"><strong style=\"color: #3b82f6; display: block; margin-bottom: 5px;\">Marjaj\u00e4\u00e4tel\u00f6<\/strong><br \/>\n<span style=\"color: #4b5563;\">Kunnianhimoinen, hapan sinisen vadelman maku, jota tasoittaa kylm\u00e4, kermainen alatoive.<\/span><\/div>\n<div style=\"background: #ffffff; border: 1px solid #e5e7eb; padding: 15px; border-radius: 8px; box-shadow: 0 2px 4px rgba(0,0,0,0.05);\"><strong style=\"color: #1d4ed8; display: block; margin-bottom: 5px;\">Persikkaj\u00e4\u00e4tel\u00f6<\/strong><br \/>\n<span style=\"color: #4b5563;\">Rikkaat, mets\u00e4maa-alueen kuusama- ja mustikkamuistiinpainumat t\u00e4ydent\u00e4v\u00e4t viile\u00e4ll\u00e4, kuuruisella alapuromalla, joka s\u00e4ilytt\u00e4\u00e4 selkeyden koko k\u00e4ytt\u00f6ajan.<\/span><\/div>\n<div style=\"background: #ffffff; border: 1px solid #e5e7eb; padding: 15px; border-radius: 8px; box-shadow: 0 2px 4px rgba(0,0,0,0.05);\"><strong style=\"color: #9f1239; display: block; margin-bottom: 5px;\">Kirsikka cantaloupe<\/strong><br \/>\n<span style=\"color: #4b5563;\">Ep\u00e4tavallinen, mutta eritt\u00e4in onnistunut yhdistelm\u00e4 syvi\u00e4, makeita kirsikoita ja kyps\u00e4n, virkist\u00e4v\u00e4n cantaloupe- melonin s\u00e4vyj\u00e4.<\/span><\/div>\n<\/div>\n<h3 style=\"color: #1f2937; font-size: 1.5rem; margin-top: 40px;\">Valmistusvaltuutus ja globaalit vaatimustenmukaisuusstandardit<\/h3>\n<p style=\"margin-bottom: 20px;\">Hajautettavien h\u00f6yrystimien hankinta tukkumyyntiin edellytt\u00e4\u00e4 tiukkaa noudattamista kansainv\u00e4lisiss\u00e4 turvallisuus- ja valmistusprotokollissa. VapeXYZ tekee yhteisty\u00f6t\u00e4 yksinomaan niiden tuotantolaitosten kanssa, jotka toteuttavat ISO 9001 -sertifioidut laatujohtamisj\u00e4rjestelm\u00e4t. AIVONO AIM XXL on suunniteltu n\u00e4it\u00e4 tiukkoja standardeja silm\u00e4ll\u00e4 pit\u00e4en, mik\u00e4 varmistaa B2B-ostajien luottamuksen jakeluun.<\/p>\n<div style=\"background-color: #f0fdf4; border: 1px solid #bbf7d0; border-left: 6px solid #16a34a; padding: 20px; margin: 25px 0; border-radius: 6px;\">\n<h4 style=\"margin-top: 0; color: #166534; font-size: 1.2rem; margin-bottom: 15px;\">Vahvistetut vaatimustenmukaisuus- ja turvallisuustiedot<\/h4>\n<ul style=\"margin: 0; padding-left: 20px; color: #15803d; line-height: 1.7;\">\n<li style=\"margin-bottom: 10px;\"><strong>Akun turvallisuus (UN38.3):<\/strong> Sis\u00e4inen 650mAh:n virtal\u00e4hde t\u00e4ytt\u00e4\u00e4 UN38.3-kuljetusstandardit, mik\u00e4 tarkoittaa, ett\u00e4 se on l\u00e4p\u00e4issyt vaativat korkeus-, l\u00e4mp\u00f6-, t\u00e4rin\u00e4- ja iskukokeet est\u00e4\u00e4kseen l\u00e4mp\u00f6ep\u00e4onnistumisen.<\/li>\n<li style=\"margin-bottom: 10px;\"><strong>RoHS-direktiivin yhdenmukaisuus:<\/strong> T\u00e4ss\u00e4 laitteistossa k\u00e4ytett\u00e4v\u00e4t komponentit on suunniteltu rajoittamaan tiettyjen vaarallisten materiaalien k\u00e4ytt\u00f6\u00e4, mik\u00e4 minimoi ymp\u00e4rist\u00f6vaikutukset lopullisessa h\u00e4vitt\u00e4misess\u00e4.<\/li>\n<li style=\"margin-bottom: 10px;\"><strong>CE-merkinn\u00e4n periaatteet:<\/strong> Valmistettu Euroopan harmonisoitujen terveys-, turvallisuus- ja ymp\u00e4rist\u00f6nsuojelustandardien mukaisesti.<\/li>\n<li style=\"margin-bottom: 0;\"><strong>Laatuvakuutus:<\/strong> Jokainen er\u00e4 k\u00e4y l\u00e4pi pneumaattisen vetovastus-testin ja vuodottoman paineistustarkastuksen ennen kuin se poistuu tuotantolaitoksesta, mik\u00e4 minimoi viallisten tuotteiden osuuden irtotavarostoille.<\/li>\n<\/ul>\n<\/div>\n<h3 style=\"color: #1f2937; font-size: 1.5rem; margin-top: 40px;\">Vahutettu Jakelukokemus: Osta AIVONO AIM XXL 9000 Puffs irtotavarana<\/h3>\n<p style=\"margin-bottom: 20px;\">V\u00e4hitt\u00e4iskauppiaat, jakelijat ja yritysasiakkaat voivat hankkia AIVONO AIM XXL 9000 Puffs -tuotteita kaupallisesti suurissa m\u00e4\u00e4riss\u00e4 yksinomaan Vapexyz:n kautta. T\u00e4m\u00e4n laitteen valitseminen takaa, ett\u00e4 asiakkaasi saavat eritt\u00e4in hyvin suunniteltua laitteistoa, jolle on ominaista korkeat tuotantokapasiteetit ja t\u00e4sm\u00e4lleen kalibroidut aromit. Lis\u00e4ksi me tarjoamme r\u00e4\u00e4t\u00e4l\u00f6ityj\u00e4 valmistuspyynt\u00f6j\u00e4; jos br\u00e4ndisi vaatii mukautettua logo-sovellusta tai erityisi\u00e4 esteettisi\u00e4 muutoksia, meid\u00e4n OEM\/ODM-infrastruktuuri on t\u00e4ysin varustettu vastaamaan n\u00e4ihin tarpeisiin.<\/p>\n<p style=\"margin-bottom: 30px;\">AIVONO AIM XXL 9000 Puffs edustaa h\u00e4vytett\u00e4vien h\u00f6yrystimien sektorin huippua, yhdist\u00e4m\u00e4ll\u00e4 suuret imukapasiteetit vakaaseen l\u00e4mp\u00f6elektronisiin laitteisiin ja ergonomiseen runkoon. Olitpa sitten laajentamassa henkil\u00f6kohtaista kokoelmaasi tai varastoimassa suurtehoista v\u00e4hitt\u00e4iskauppaa, t\u00e4m\u00e4 laite tarjoaa todistettua luotettavuutta. Koe teollisuustason suorituskyky itse ja ymm\u00e4rr\u00e4, miksi johtavat jakelijat maailmanlaajuisesti integroivat sen ydinvarastoonsa.<\/p>\n<div style=\"text-align: center; margin: 40px 0;\"><img loading=\"lazy\" decoding=\"async\" class=\"alignnone wp-image-31590 size-full\" style=\"max-width: 100%; height: auto; border-radius: 8px; box-shadow: 0 4px 15px rgba(0,0,0,0.1);\" src=\"https:\/\/vapexyz.com\/wp-content\/uploads\/2024\/08\/AIVONO-AIM-XXL-9000-Puff-15-scaled.webp\" alt=\"AIVONO AIM XXL 9000 Pahvia 0% 2% 3% 5% Irtotavarana Ostettavat Ladattavat H\u00e4vytett\u00e4v\u00e4t Vape-Kyn\u00e4t Tukku\" width=\"2560\" height=\"1131\" title=\"\" srcset=\"https:\/\/vapexyz.com\/wp-content\/uploads\/2024\/08\/AIVONO-AIM-XXL-9000-Puff-15-scaled.webp 2560w, https:\/\/vapexyz.com\/wp-content\/uploads\/2024\/08\/AIVONO-AIM-XXL-9000-Puff-15-500x221.webp 500w, https:\/\/vapexyz.com\/wp-content\/uploads\/2024\/08\/AIVONO-AIM-XXL-9000-Puff-15-1024x453.webp 1024w, https:\/\/vapexyz.com\/wp-content\/uploads\/2024\/08\/AIVONO-AIM-XXL-9000-Puff-15-768x339.webp 768w, https:\/\/vapexyz.com\/wp-content\/uploads\/2024\/08\/AIVONO-AIM-XXL-9000-Puff-15-1536x679.webp 1536w, https:\/\/vapexyz.com\/wp-content\/uploads\/2024\/08\/AIVONO-AIM-XXL-9000-Puff-15-2048x905.webp 2048w, https:\/\/vapexyz.com\/wp-content\/uploads\/2024\/08\/AIVONO-AIM-XXL-9000-Puff-15-18x8.webp 18w, https:\/\/vapexyz.com\/wp-content\/uploads\/2024\/08\/AIVONO-AIM-XXL-9000-Puff-15-600x265.webp 600w\" sizes=\"auto, (max-width: 2560px) 100vw, 2560px\" \/><\/div>\n<div style=\"text-align: center; margin: 40px 0;\"><img loading=\"lazy\" decoding=\"async\" class=\"alignnone wp-image-31583 size-full\" style=\"max-width: 100%; height: auto; border-radius: 8px; box-shadow: 0 4px 15px rgba(0,0,0,0.1);\" src=\"https:\/\/vapexyz.com\/wp-content\/uploads\/2024\/08\/AIVONO-AIM-XXL-9000-Puff-6.webp\" alt=\"AIVONO AIM XXL 9000 Pahvia 0% 2% 3% 5% Irtotavarana Ostettavat Ladattavat H\u00e4vytett\u00e4v\u00e4t Vape-Kyn\u00e4t Tukku\" width=\"600\" height=\"800\" title=\"\" srcset=\"https:\/\/vapexyz.com\/wp-content\/uploads\/2024\/08\/AIVONO-AIM-XXL-9000-Puff-6.webp 600w, https:\/\/vapexyz.com\/wp-content\/uploads\/2024\/08\/AIVONO-AIM-XXL-9000-Puff-6-375x500.webp 375w, https:\/\/vapexyz.com\/wp-content\/uploads\/2024\/08\/AIVONO-AIM-XXL-9000-Puff-6-9x12.webp 9w\" sizes=\"auto, (max-width: 600px) 100vw, 600px\" \/><\/div>\n<h3 style=\"color: #1f2937; font-size: 1.5rem; margin-top: 50px; border-top: 1px solid #e5e7eb; padding-top: 20px;\">Usein kysytyt kysymykset (FAQ)<\/h3>\n<div style=\"margin-top: 20px;\">\n<details style=\"margin-bottom: 15px; background-color: #ffffff; border: 1px solid #cbd5e1; border-radius: 8px; overflow: hidden; box-shadow: 0 2px 4px rgba(0,0,0,0.05);\">\n<summary style=\"font-weight: 600; cursor: pointer; padding: 15px; background-color: #f8fafc; color: #0f172a; outline: none; list-style-type: none; position: relative;\"><span style=\"display: inline-block; width: 24px; color: #3b82f6;\">Kysymys:<\/span> Miten 9000:n piirustustehokapasiteetti varmistetaan empiirisesti?<\/summary>\n<div style=\"padding: 15px; border-top: 1px solid #cbd5e1; color: #475569;\"><strong>V:<\/strong> 9000-puhelun mittari validoidaan laboratoriokoneiden testauksella standardisoitua pneumaattista laitteistoa k\u00e4ytt\u00e4en. Kone suorittaa tasaisen 3 sekunnin mittaisen sis\u00e4\u00e4nhengityksen standardi-ilmakeh\u00e4n paineessa. Yksitt\u00e4iset tulokset voivat vaihdella hieman henkil\u00f6kohtaisen sis\u00e4\u00e4nhengityksen keston ja ymp\u00e4rist\u00f6n l\u00e4mp\u00f6tilan mukaan, mutta 19 mL:n s\u00e4ili\u00f6 varmistaa, ett\u00e4 ilmoitetut laitteiston rajat ovat jatkuvasti saavutettavissa.<\/div>\n<\/details>\n<details style=\"margin-bottom: 15px; background-color: #ffffff; border: 1px solid #cbd5e1; border-radius: 8px; overflow: hidden; box-shadow: 0 2px 4px rgba(0,0,0,0.05);\">\n<summary style=\"font-weight: 600; cursor: pointer; padding: 15px; background-color: #f8fafc; color: #0f172a; outline: none; list-style-type: none;\"><span style=\"display: inline-block; width: 24px; color: #3b82f6;\">Kysymys:<\/span> Mik\u00e4 on optimaalinen tapa ladata 650mAh virtal\u00e4hdesolu?<\/summary>\n<div style=\"padding: 15px; border-top: 1px solid #cbd5e1; color: #475569;\"><strong>V:<\/strong> Akun terveyden yll\u00e4pit\u00e4miseksi suositellaan laitteen lataamista k\u00e4ytt\u00e4m\u00e4ll\u00e4 tavallista Type-C-kaapelia, joka on kytketty 1A tai 2A sein\u00e4adapteriin. V\u00e4lt\u00e4 kannettaville tietokoneille suunniteltujen korkeaj\u00e4nnitteisten nopealatauslaitteiden k\u00e4ytt\u00f6\u00e4, sill\u00e4 pienempi virta lataaminen s\u00e4ilytt\u00e4\u00e4 litium-ioni-sis\u00e4isten kennojen k\u00e4ytt\u00f6i\u00e4n ja l\u00e4mp\u00f6stabiilisuuden.<\/div>\n<\/details>\n<details style=\"margin-bottom: 15px; background-color: #ffffff; border: 1px solid #cbd5e1; border-radius: 8px; overflow: hidden; box-shadow: 0 2px 4px rgba(0,0,0,0.05);\">\n<summary style=\"font-weight: 600; cursor: pointer; padding: 15px; background-color: #f8fafc; color: #0f172a; outline: none; list-style-type: none;\"><span style=\"display: inline-block; width: 24px; color: #3b82f6;\">Kysymys:<\/span> Toimittaako VapeXYZ asianmukaiset s\u00e4\u00e4ntelyasiakirjat tukkumyyntiin tarkoitettujen kertak\u00e4ytt\u00f6isten vapejen osalta?<\/summary>\n<div style=\"padding: 15px; border-top: 1px solid #cbd5e1; color: #475569;\"><strong>V:<\/strong> Kyll\u00e4, ammattimaisena B2B-jakelijana yll\u00e4pid\u00e4mme tiukkaa toimitusketjun avoimuutta. Teemme yhteisty\u00f6t\u00e4 valmistajien kanssa, jotka tarjoavat CE-, RoHS- ja UN38.3-akkukertifikaatteja, varmistaen, ett\u00e4 irtotavarakauppiaat saavat vaatimustenmukaisen varaston, joka on valmis v\u00e4hitt\u00e4ismyyntiin asianmukaisesti s\u00e4\u00e4nnellyiss\u00e4 markkinoissa.<\/div>\n<\/details>\n<details style=\"margin-bottom: 15px; background-color: #ffffff; border: 1px solid #cbd5e1; border-radius: 8px; overflow: hidden; box-shadow: 0 2px 4px rgba(0,0,0,0.05);\">\n<summary style=\"font-weight: 600; cursor: pointer; padding: 15px; background-color: #f8fafc; color: #0f172a; outline: none; list-style-type: none;\"><span style=\"display: inline-block; width: 24px; color: #3b82f6;\">Kysymys:<\/span> Kuinka mesh-kelan termodynamiikka parantaa laitetta?<\/summary>\n<div style=\"padding: 15px; border-top: 1px solid #cbd5e1; color: #475569;\"><strong>V:<\/strong> Tavallinen py\u00f6re\u00e4 lankakela l\u00e4mpenee ep\u00e4tasaisesti keskelt\u00e4 ulosp\u00e4in. T\u00e4ss\u00e4 kertak\u00e4ytt\u00f6isess\u00e4 h\u00f6yrystimess\u00e4 k\u00e4ytetty 1,2\u03a9:n mesh-rakenteinen verkko toimii laajempana ruudukkona, joka jakaa l\u00e4mm\u00f6n tasaisesti kyll\u00e4stetyn materiaalin l\u00e4pi. T\u00e4m\u00e4 poistaa k\u00e4yt\u00e4nn\u00f6ss\u00e4 paikalliset palamiset, mik\u00e4 johtaa poikkeuksellisen hyv\u00e4\u00e4n aromin s\u00e4ilymiseen ja sile\u00e4\u00e4n aerosolin toimittamiseen.<\/div>\n<\/details>\n<\/div>\n<\/article>","protected":false},"excerpt":{"rendered":"<p>AIVONO AIM XXL 9000 Puffs, saatavilla Vapexyz:st\u00e4, on premium uudelleenladattava kertak\u00e4ytt\u00f6inen vape, joka tarjoaa jopa 9000 puffia, erilaisia makuvaihtoehtoja ja s\u00e4\u00e4dett\u00e4v\u00e4t h\u00f6yrykestot, jotka on suunniteltu tarjoamaan ylivoimainen ja pitk\u00e4ik\u00e4inen h\u00f6yrystyskokemus.<\/p>","protected":false},"featured_media":31582,"comment_status":"open","ping_status":"closed","template":"","meta":{"_lmt_disableupdate":"no","_lmt_disable":""},"product_brand":[],"product_cat":[944,1009,1018,1019,1020,935,934,927,929,928,930,933,939,932,938,931,936,937,1017,1021,946,1023,1025,951,1029,1030,1031,1033,1034,953,1037,820,987,1038],"product_tag":[],"class_list":{"0":"post-31524","1":"product","2":"type-product","3":"status-publish","4":"has-post-thumbnail","6":"product_cat-aivono","7":"product_cat-9000-puff-vapes","8":"product_cat-apple-flavor-disposable-vapes","9":"product_cat-blue-razz-flavor-disposable-vapes","10":"product_cat-blueberry-flavor-disposable-vapes","11":"product_cat-bulk-buy-disposable-vapes-in-austria","12":"product_cat-bulk-buy-disposable-vapes-in-belgium","13":"product_cat-bulk-buy-disposable-vapes-in-europe","14":"product_cat-bulk-buy-disposable-vapes-in-france","15":"product_cat-bulk-buy-disposable-vapes-in-germany","16":"product_cat-bulk-buy-disposable-vapes-in-italy","17":"product_cat-bulk-buy-disposable-vapes-in-netherlands","18":"product_cat-bulk-buy-disposable-vapes-in-norway","19":"product_cat-bulk-buy-disposable-vapes-in-poland","20":"product_cat-bulk-buy-disposable-vapes-in-portugal","21":"product_cat-bulk-buy-disposable-vapes-in-spain","22":"product_cat-bulk-buy-disposable-vapes-in-sweden","23":"product_cat-bulk-buy-disposable-vapes-in-switzerland","24":"product_cat-buy-best-disposable-vape-flavors","25":"product_cat-cherry-flavor-disposable-vapes","26":"product_cat-disposable-vapes-series","27":"product_cat-grape-flavor-disposable-vapes","28":"product_cat-ice-flavor-disposable-vapes","29":"product_cat-lower-nicotine-vapes","30":"product_cat-mango-flavor-disposable-vapes","31":"product_cat-mint-flavor-disposable-vapes","32":"product_cat-mixed-berries-flavor-disposable-vapes","33":"product_cat-peach-flavor-disposable-vapes","34":"product_cat-pineapple-flavor-disposable-vapes","35":"product_cat-rechargeable-vapes","36":"product_cat-strawberry-flavor-disposable-vapes","37":"product_cat-vape","38":"product_cat-vape-shop-by-puffs","39":"product_cat-watermelon-flavor-disposable-vapes","41":"first","42":"outofstock","43":"shipping-taxable","44":"purchasable","45":"product-type-variable","46":"has-default-attributes"},"jetpack_sharing_enabled":true,"tiered_pricing_type":"fixed","tiered_pricing_fixed_rules":[],"tiered_pricing_product_settings":{"layout":"default","base_unit_name":{"singular":null,"plural":null},"default_variation":null},"tiered_pricing_minimum_quantity":null,"tiered_pricing_roles_data":[],"tiered_pricing_percentage_rules":[],"tiered_pricing_maximum_quantity":null,"tiered_pricing_quantity_step":null,"_links":{"self":[{"href":"https:\/\/vapexyz.com\/fi\/wp-json\/wp\/v2\/product\/31524","targetHints":{"allow":["GET"]}}],"collection":[{"href":"https:\/\/vapexyz.com\/fi\/wp-json\/wp\/v2\/product"}],"about":[{"href":"https:\/\/vapexyz.com\/fi\/wp-json\/wp\/v2\/types\/product"}],"replies":[{"embeddable":true,"href":"https:\/\/vapexyz.com\/fi\/wp-json\/wp\/v2\/comments?post=31524"}],"wp:featuredmedia":[{"embeddable":true,"href":"https:\/\/vapexyz.com\/fi\/wp-json\/wp\/v2\/media\/31582"}],"wp:attachment":[{"href":"https:\/\/vapexyz.com\/fi\/wp-json\/wp\/v2\/media?parent=31524"}],"wp:term":[{"taxonomy":"product_brand","embeddable":true,"href":"https:\/\/vapexyz.com\/fi\/wp-json\/wp\/v2\/product_brand?post=31524"},{"taxonomy":"product_cat","embeddable":true,"href":"https:\/\/vapexyz.com\/fi\/wp-json\/wp\/v2\/product_cat?post=31524"},{"taxonomy":"product_tag","embeddable":true,"href":"https:\/\/vapexyz.com\/fi\/wp-json\/wp\/v2\/product_tag?post=31524"}],"curies":[{"name":"wp","href":"https:\/\/api.w.org\/{rel}","templated":true}]}}