{"id":31465,"date":"2024-08-21T14:08:39","date_gmt":"2024-08-21T14:08:39","guid":{"rendered":"https:\/\/vapexyz.com\/?post_type=product&#038;p=31465"},"modified":"2026-03-03T03:46:01","modified_gmt":"2026-03-03T03:46:01","slug":"aivono-tahtaysase-7000-puhallusta-0-2-3-5-bulk-osta-vahan-nikotiinia-ladattava-kertakayttoinen-vapes-kyna-tukkumyynti","status":"publish","type":"product","link":"https:\/\/vapexyz.com\/fi\/product\/aivono-aim-gun-7000-puffs-0-2-3-5-bulk-buy-low-nicotine-rechargeable-disposable-vapes-pen-wholesale\/","title":{"rendered":"AIVONO AIM T\u00c4YSLADATTAVA H\u00c4VYTETT\u00c4V\u00c4 7000 PUFFS VAPE- MYNTIT\u00c4 WHOLESALE"},"content":{"rendered":"<article style=\"font-family: 'Helvetica Neue', Helvetica, Arial, sans-serif; line-height: 1.8; color: #2c3e50; padding: 20px; max-width: 100%; margin: 0 auto;\"><div style=\"width: 1020px;\" class=\"wp-video\"><video class=\"wp-video-shortcode\" id=\"video-31465-1\" width=\"1020\" height=\"574\" preload=\"metadata\" controls=\"controls\"><source type=\"video\/mp4\" src=\"https:\/\/vapexyz.com\/wp-content\/uploads\/2024\/08\/AIVONO-AIM-GUN-7000-Puff-2.mp4?_=1\" \/><a href=\"https:\/\/vapexyz.com\/wp-content\/uploads\/2024\/08\/AIVONO-AIM-GUN-7000-Puff-2.mp4\">https:\/\/vapexyz.com\/wp-content\/uploads\/2024\/08\/AIVONO-AIM-GUN-7000-Puff-2.mp4<\/a><\/video><\/div>\n<h2 style=\"color: #1a252f; border-bottom: 2px solid #3498db; padding-bottom: 10px; margin-top: 30px;\">AIVONO AIM -TUPAKOINTILAITE 7000 Pahlaa: Uusimman Sukupolven H\u00f6yrystystekniikka<\/h2>\n<p style=\"font-size: 16px;\">Tervetuloa AIVONO AIM GUN 7000 Puffs -h\u00f6yrystimeen, joka on hienostunut, kertak\u00e4ytt\u00f6inen h\u00f6yrylaite, joka on suunniteltu optimaalista suorituskyky\u00e4 ja johdonmukaisuutta varten. Sek\u00e4 uusille ett\u00e4 kokeneille k\u00e4ytt\u00e4jille suunniteltu t\u00e4m\u00e4 kertak\u00e4ytt\u00f6inen h\u00f6yrylaite yhdist\u00e4\u00e4 suuren kapasiteetin toiminnallisuuden ergonomiseen muotoon. Saatavilla yksinomaan VapeXYZ:n kautta, joka on luotettava jakelija, jolla on yli kahdeksan vuoden dokumentoitu toimitusketjun erinomaisuus, t\u00e4m\u00e4 laite edustaa luotettavan laitteiston ja edistyneen aistikuljetuksen yhdistelm\u00e4\u00e4.<\/p>\n<h3 style=\"color: #2980b9; margin-top: 25px;\">Miksi valita AIVONO kertak\u00e4ytt\u00f6iset h\u00f6yrystimet?<\/h3>\n<p style=\"font-size: 16px;\">AIVONO AIM GUN -sarja nostaa k\u00e4yt\u00e4nn\u00f6ss\u00e4 uudelle tasolle kertak\u00e4ytt\u00f6isten h\u00f6yrystimien standardit. Tarkkuusinsin\u00f6\u00f6rin komponentteja hy\u00f6dynt\u00e4en t\u00e4m\u00e4 laite takaa pitk\u00e4ik\u00e4isyyden, mahdollistaen k\u00e4ytt\u00e4jille jopa 7000 imua ennen kuin laite on k\u00e4ytetty loppuun. Siin\u00e4 on robusti 12ml esit\u00e4ytetty s\u00e4ili\u00f6, joka maksimoi laitteen k\u00e4ytt\u00f6i\u00e4n ilman, ett\u00e4 tarvitaan usein vaihtoa. Laite saa virtaa korkean hy\u00f6tysuhteen 600mAh litium-ioni-akusta ja sit\u00e4 tukee moderni Type-C latausprotokolla, mik\u00e4 varmistaa, ett\u00e4 laitteen seisokkiaika pysyy absoluuttisella minimill\u00e4. Huolimatta sen vaikuttavasta kapasiteetista, kotelo pysyy eritt\u00e4in kompaktina, mitaten t\u00e4sm\u00e4lleen 31 x 25 x 100 mm, mik\u00e4 tekee siit\u00e4 ihanteellisen, taskukokoisen kumppanin liikkeell\u00e4 oleville k\u00e4ytt\u00e4jille.<\/p>\n<h3 style=\"color: #2980b9; margin-top: 25px;\">Empiirinen testaus ja laadun varmistus<\/h3>\n<p style=\"font-size: 16px;\">Toisin kuin geneeriset markkinavaihtoehdot, AIVONO AIM GUN:in suorituskykymetriikat on vahvistettu tiukoilla empiirisill\u00e4 testauksilla. Riippumattomissa laboratorioymp\u00e4rist\u00f6iss\u00e4 k\u00e4ytet\u00e4\u00e4n automaattisia pneumaattisia simulaattorikoneita 7000-puff-luokituksen vahvistamiseen, kalibroimalla n\u00e4m\u00e4 mittaukset standardoidun 1,5 sekunnin hengitysaikana. Lis\u00e4ksi imeytymisen vastus mitataan t\u00e4sm\u00e4lleen millimetroina vett\u00e4 (mmH2O) taatakseen sujuvan, tasaisen suusta-keuhkoon (MTL) -tuntuman. Akun heikkenemist\u00e4 seurataan my\u00f6s tiukasti useiden latauskertojen aikana, varmistamalla, ett\u00e4 tehon tuotanto pysyy tasaisena optimaalisella j\u00e4nnitteell\u00e4 est\u00e4\u00e4kseen suorituskyvyn laskun akun k\u00e4ytt\u00f6i\u00e4n viimeiseen 5%:hen asti.<\/p>\n<h3 style=\"color: #2980b9; margin-top: 25px;\">Kehittyneet tekniset tiedot<\/h3>\n<p style=\"font-size: 16px;\">H\u00f6yrykammion ydin hy\u00f6dynt\u00e4\u00e4 edistyksellist\u00e4 1,2 \u03a9:n mesh-l\u00e4mmityselementti\u00e4. L\u00e4mmityselementin pinta-alan kasvattaminen parantaa laitteen termodynamiikkaa merkitt\u00e4v\u00e4sti, mik\u00e4 johtaa eritt\u00e4in tehokkaaseen h\u00f6yryst\u00e4miseen ja tasalaatuiseen l\u00e4mp\u00f6tilajakaumaan. K\u00e4ytt\u00e4j\u00e4t voivat valita laajasta vahvuuskonsentraatioiden valikoimasta, mukaan lukien 0%-, 2%-, 3%- ja 5%-formulaatiot, jotka tarjoavat yksil\u00f6llisiin mieltymyksiin r\u00e4\u00e4t\u00e4l\u00f6ityj\u00e4 vaihtoehtoja.<\/p>\n<table style=\"width: 100%; border-collapse: collapse; margin: 30px 0; font-family: sans-serif; box-shadow: 0 4px 8px rgba(0,0,0,0.05); background-color: #fff;\">\n<thead>\n<tr>\n<th style=\"background-color: #f4f6f7; border: 1px solid #dcdde1; padding: 15px; text-align: left; font-weight: bold; color: #2c3e50; width: 30%;\">M\u00e4\u00e4rittelykomponentti<\/th>\n<th style=\"background-color: #f4f6f7; border: 1px solid #dcdde1; padding: 15px; text-align: left; font-weight: bold; color: #2c3e50;\">Insin\u00f6\u00f6ritason yksityiskohdat ja validointi<\/th>\n<\/tr>\n<\/thead>\n<tbody>\n<tr>\n<td style=\"border: 1px solid #dcdde1; padding: 15px; color: #555; font-weight: bold;\">Suurin l\u00e4ht\u00f6kapasiteetti<\/td>\n<td style=\"border: 1px solid #dcdde1; padding: 15px; color: #555;\">7000 vetoa (Vahvistettu automaattisella pneumaattisella testauslaitteella)<\/td>\n<\/tr>\n<tr>\n<td style=\"border: 1px solid #dcdde1; padding: 15px; color: #555; font-weight: bold;\">S\u00e4ili\u00f6n tilavuus<\/td>\n<td style=\"border: 1px solid #dcdde1; padding: 15px; color: #555;\">12 ml erillinen s\u00e4ilytyskomero<\/td>\n<\/tr>\n<tr>\n<td style=\"border: 1px solid #dcdde1; padding: 15px; color: #555; font-weight: bold;\">Virtal\u00e4hteen tekniset tiedot<\/td>\n<td style=\"border: 1px solid #dcdde1; padding: 15px; color: #555;\">600mAh ladattava litium-ioni-ydin (UN38.3-turvallisuusvaatimusten mukainen)<\/td>\n<\/tr>\n<tr>\n<td style=\"border: 1px solid #dcdde1; padding: 15px; color: #555; font-weight: bold;\">L\u00e4mmitystekniikka<\/td>\n<td style=\"border: 1px solid #dcdde1; padding: 15px; color: #555;\">1,2\u03a9 hienostunut mesh-matriisi<\/td>\n<\/tr>\n<tr>\n<td style=\"border: 1px solid #dcdde1; padding: 15px; color: #555; font-weight: bold;\">Latausliit\u00e4nt\u00e4<\/td>\n<td style=\"border: 1px solid #dcdde1; padding: 15px; color: #555;\">Type-C-portti (5V\/1A standardi sis\u00e4\u00e4ntulo)<\/td>\n<\/tr>\n<tr>\n<td style=\"border: 1px solid #dcdde1; padding: 15px; color: #555; font-weight: bold;\">Vahvuusvaihtoehdot<\/td>\n<td style=\"border: 1px solid #dcdde1; padding: 15px; color: #555;\">0%, 2%, 3%, 5% -konsentraatiot saatavilla<\/td>\n<\/tr>\n<tr>\n<td style=\"border: 1px solid #dcdde1; padding: 15px; color: #555; font-weight: bold;\">Fyysiset mitat<\/td>\n<td style=\"border: 1px solid #dcdde1; padding: 15px; color: #555;\">31 x 25 x 100 mm (Ergonominen rakennesuunnittelu)<\/td>\n<\/tr>\n<\/tbody>\n<\/table>\n<h3 style=\"color: #2980b9; margin-top: 25px;\">Aineiston turvallisuus ja s\u00e4\u00e4ntelyvaatimustenmukaisuus<\/h3>\n<p style=\"font-size: 16px;\">VapeXYZ pit\u00e4\u00e4 laitteiston osaamista ja loppuk\u00e4ytt\u00e4j\u00e4n luottamusta ylin\u00e4 arvoinaan. AIVONO AIM GUNin ulkokuori on valmistettu elintarvikek\u00e4ytt\u00f6isest\u00e4 PCTG (Polycyclohexylenedimethylene Terephthalate Glycol) -polymeerist\u00e4. T\u00e4m\u00e4 teollisuustason materiaali on itsen\u00e4isesti vahvistettu poikkeukselliseksi l\u00e4mp\u00f6tilastabiilisuudeksi ja suureksi iskunkest\u00e4vyydelle, mik\u00e4 varmistaa, ett\u00e4 laite pysyy turvallisena k\u00e4sitelt\u00e4ess\u00e4 jopa pitkien k\u00e4ytt\u00f6jaksojen aikana. Lis\u00e4ksi sis\u00e4inen virtal\u00e4hde noudattaa tiukkoja UN38.3-kuljetus- ja akun turvallisuusstandardeja, kun taas koko valmistusprosessi suoritetaan ISO 9001 -sertifioiduissa tiloissa. Kansainv\u00e4listen CE- ja RoHS-direktiivien mukaisesti laitteisto rajoittaa vaarallisia aineita, vahvistaen sen asemaa vaatimustenmukaisena ja luotettavana valintana maailmanlaajuisilla kertak\u00e4ytt\u00f6isten h\u00f6yrystimien markkinoilla.<\/p>\n<h3 style=\"color: #2980b9; margin-top: 25px;\">K\u00e4sitteelliset Aromaattiset Profiilit<\/h3>\n<p style=\"font-size: 16px;\">Asiantuntijasekoittajamme ovat kehitt\u00e4neet AIVONO AIM GUN 7000 Puffs -laitteelle hienoisen valikoiman makuprofiileja. Jokainen koostumus on syntetisoitu k\u00e4ytt\u00e4m\u00e4ll\u00e4 premium-uutteita moniulotteisen aistikokemuksen tarjoamiseksi ilman laadun heikkenemist\u00e4 laitteen k\u00e4ytt\u00f6i\u00e4n aikana:<\/p>\n<ul style=\"list-style-type: none; padding-left: 0; font-size: 16px;\">\n<li style=\"margin-bottom: 10px; padding: 10px; background-color: #f9f9f9; border-left: 4px solid #3498db;\">Ananas-Kookosj\u00e4\u00e4tel\u00f6: Trooppinen yhdistelm\u00e4, joka tarjoaa kermaisen, tuoreen ja makean saariston inspiroiman makupaletin.<\/li>\n<li style=\"margin-bottom: 10px; padding: 10px; background-color: #f9f9f9; border-left: 4px solid #3498db;\">Mansikkaj\u00e4\u00e4tel\u00f6: Ylellinen j\u00e4lkiruokakokemus, jolle on tunnusomaista sen rikas, sile\u00e4 ja makea kasvitieteellinen s\u00e4vy.<\/li>\n<li style=\"margin-bottom: 10px; padding: 10px; background-color: #f9f9f9; border-left: 4px solid #3498db;\">Mansikka Vesimeloni Persikka: Monimutkainen, kolmikerroksinen kasvitieteellinen sekoitus, joka tarjoaa harmonisen tasapainon kes\u00e4hedelmi\u00e4.<\/li>\n<li style=\"margin-bottom: 10px; padding: 10px; background-color: #f9f9f9; border-left: 4px solid #3498db;\">Mustikka Vadelma Sitruuna: Hapan, raikas ja eritt\u00e4in virkist\u00e4v\u00e4 sitruskuori, jossa on villin marjan alatoiveita.<\/li>\n<li style=\"margin-bottom: 10px; padding: 10px; background-color: #f9f9f9; border-left: 4px solid #3498db;\">Vesimelonaj\u00e4\u00e4tel\u00f6: J\u00e4\u00e4hdytt\u00e4v\u00e4, virkist\u00e4v\u00e4 profiili, joka j\u00e4ljittelee taitavasti j\u00e4\u00e4htyneit\u00e4 kes\u00e4meloneja.<\/li>\n<li style=\"margin-bottom: 10px; padding: 10px; background-color: #f9f9f9; border-left: 4px solid #3498db;\">Sekoitettu marjasato: Tarkasti tasapainotettu makea ja hapan puutarhatuotevalikoima, jossa on runsas valikoima tummaa marjaa.<\/li>\n<li style=\"margin-bottom: 10px; padding: 10px; background-color: #f9f9f9; border-left: 4px solid #3498db;\">Mustikkaj\u00e4\u00e4tel\u00f6: Rikas, syv\u00e4 kasvitieteellinen profiili, joka p\u00e4\u00e4ttyy raikkaaseen, viilent\u00e4v\u00e4\u00e4n hengitykseen.<\/li>\n<li style=\"margin-bottom: 10px; padding: 10px; background-color: #f9f9f9; border-left: 4px solid #3498db;\">Pehme\u00e4 persikkaj\u00e4\u00e4tel\u00f6:  Silkkisen sile\u00e4 tuntuma yhdist\u00e4\u00e4 puussa kypsytettyj\u00e4 hedelm\u00e4tarhan vivahteita pakkasen viile\u00e4\u00e4n lopputulokseen.<\/li>\n<li style=\"margin-bottom: 10px; padding: 10px; background-color: #f9f9f9; border-left: 4px solid #3498db;\">Ryp\u00e4leen J\u00e4\u00e4tel\u00f6: Rohkea, viinik\u00f6ynn\u00f6ksess\u00e4 kypsytetty essenssi, jota korostaa erottuvasti kylm\u00e4 ja virkist\u00e4v\u00e4 j\u00e4lkimaku.<\/li>\n<li style=\"margin-bottom: 10px; padding: 10px; background-color: #f9f9f9; border-left: 4px solid #3498db;\">Mansikka-Banaani: Klassinen, t\u00e4ydellisesti yhdistetty yhdistelm\u00e4, joka takaa jatkuvan sujuvan ja makean kokemuksen.<\/li>\n<\/ul>\n<h3 style=\"color: #2980b9; margin-top: 25px;\">Vape- tukkumyyntioperaatiot: Ihanteellinen j\u00e4lleenmyyjille<\/h3>\n<p style=\"font-size: 16px;\">Fyysisille myym\u00e4l\u00f6ille ja itsen\u00e4isille jakelijoille tukkuliiketoiminnan ketjun navigointi vaatii uskottavan kumppanin. VapeXYZ hy\u00f6dynt\u00e4\u00e4 yli kahdeksan vuoden alan asiantuntemusta tarjotakseen saumattoman B2B-logistiikan. M\u00e4\u00e4rittelem\u00e4ll\u00e4 eritt\u00e4in saavutettavan v\u00e4himm\u00e4istilausm\u00e4\u00e4r\u00e4n (MOQ) vain 10 kappaletta, mahdollistamme pienille ja keskisuurille yrityksille AIVONO Disposable Vapes -tuotteiden hankinnan eritt\u00e4in kilpailukykyisill\u00e4 tukkumyyntihintatasoilla. Logistinen toimintakehys varmistaa nopean l\u00e4hetyksen, tiukan tulliselvitysdokumentaation ja turvallisen kansainv\u00e4lisen toimituksen, mik\u00e4 vahvistaa meid\u00e4t korkeatasoiseksi jakelijaksi korkean suorituskyvyn s\u00e4hk\u00f6savukkeita maailmanlaajuisesti.<\/p>\n<div style=\"background-color: #eaf2f8; border-left: 6px solid #2980b9; padding: 20px; margin: 30px 0; border-radius: 4px; box-shadow: 0 2px 4px rgba(0,0,0,0.1);\">\n<h4 style=\"margin-top: 0; color: #154360; font-size: 18px;\">Alan osaamispisteet<\/h4>\n<p style=\"margin-bottom: 10px; font-size: 15px;\">Verkkokelien termodynamiikka: Perinteiset kierretyt johdot kuumenevat ep\u00e4tasaisesti, mik\u00e4 voi aiheuttaa sis\u00e4isen imeytysmateriaalien ennenaikaisen palamisen. AIVONO:n 1,2\u03a9 verkkorakenne toimii ruudukkona, mik\u00e4 lis\u00e4\u00e4 l\u00e4mmityspintaa huomattavasti. T\u00e4m\u00e4 johtaa v\u00e4litt\u00f6m\u00e4\u00e4n l\u00e4mmitykseen ja varmistaa, ett\u00e4 sis\u00e4inen koostumus h\u00f6yrystyy tehokkaasti tuottamatta haitallisia l\u00e4mp\u00f6isi\u00e4 sivutuotteita.<\/p>\n<p style=\"margin-bottom: 0; font-size: 15px;\">Litium-Ion-Kunnossapito: 600mAh:n sis\u00e4isen akun k\u00e4ytt\u00f6i\u00e4n maksimoimiseksi k\u00e4ytt\u00e4jien tulisi ladata laite k\u00e4ytt\u00e4m\u00e4ll\u00e4 m\u00e4\u00e4ritettyj\u00e4 5V\/1A parametreja. Korkeaj\u00e4nnitteisten pikalatureiden (kuten kannettavan tietokoneen laturit) k\u00e4ytt\u00f6 voi aiheuttaa l\u00e4mp\u00f6j\u00e4nnityst\u00e4 virtal\u00e4hteelle, nopeuttaa kemiallista heikkenemist\u00e4 ja v\u00e4hent\u00e4\u00e4 kokonaistuotannon k\u00e4ytt\u00f6kelpoisia jaksoja.<\/p>\n<\/div>\n<h3 style=\"color: #2980b9; margin-top: 30px;\">T\u00e4rkeimm\u00e4t kohdat Usein kysytyt kysymykset<\/h3>\n<div style=\"margin-bottom: 15px; border: 1px solid #e1e1e1; border-radius: 6px; padding: 18px; background-color: #ffffff; box-shadow: 0 2px 5px rgba(0,0,0,0.03);\">\n<h4 style=\"margin: 0 0 10px 0; color: #2c3e50;\">Miten 7000 puffin lukum\u00e4\u00e4r\u00e4 validoitiin empiirisesti?<\/h4>\n<p style=\"margin: 0; color: #555; font-size: 15px;\">7000 imuroinnin v\u00e4ite validoitiin tiukoissa laboratoriymp\u00e4rist\u00f6iss\u00e4 robottisten hengitysmekanismien avulla. N\u00e4m\u00e4 koneet on kalibroitu imuroimaan laitteesta t\u00e4sm\u00e4lleen 1,5 sekuntia jokaisen aktivoinnin yhteydess\u00e4. Yksil\u00f6llisess\u00e4 k\u00e4yt\u00f6ss\u00e4 esiintyv\u00e4t vaihtelut - kuten syvemm\u00e4t, pidemm\u00e4t imuroinnit - vaikuttavat luonnollisesti todellisten skenaarioiden kokonaistuotantoon.<\/p>\n<\/div>\n<div style=\"margin-bottom: 15px; border: 1px solid #e1e1e1; border-radius: 6px; padding: 18px; background-color: #ffffff; box-shadow: 0 2px 5px rgba(0,0,0,0.03);\">\n<h4 style=\"margin: 0 0 10px 0; color: #2c3e50;\">2. Mitk\u00e4 sertifikaatit varmistavat, ett\u00e4 t\u00e4m\u00e4 kertak\u00e4ytt\u00f6inen vape on turvallinen k\u00e4ytt\u00e4\u00e4?<\/h4>\n<p style=\"margin: 0; color: #555; font-size: 15px;\">AIVONO AIM -t\u00e4ht\u00e4in t\u00e4ytt\u00e4\u00e4 t\u00e4rkeimm\u00e4t kansainv\u00e4liset direktiivit, mukaan lukien CE (Conformit\u00e9 Europ\u00e9enne) ja RoHS (vaarallisten aineiden rajoittaminen). Lis\u00e4ksi sis\u00e4inen litium-ioni-akku on l\u00e4p\u00e4issyt UN38.3-testin, joka sertifioi sen turvalliseksi l\u00e4mp\u00f6juoksun suhteen kuljetuksen ja p\u00e4ivitt\u00e4isen k\u00e4yt\u00f6n aikana.<\/p>\n<\/div>\n<div style=\"margin-bottom: 15px; border: 1px solid #e1e1e1; border-radius: 6px; padding: 18px; background-color: #ffffff; box-shadow: 0 2px 5px rgba(0,0,0,0.03);\">\n<h4 style=\"margin: 0 0 10px 0; color: #2c3e50;\">3. Miten VapeXYZ k\u00e4sittelee tukkukaupan l\u00e4hetyslogistiikkaa?<\/h4>\n<p style=\"margin: 0; color: #555; font-size: 15px;\">Hy\u00f6dynt\u00e4en yli kahdeksan vuoden kokemusta maailmanlaajuisesta jakelusta, VapeXYZ k\u00e4sittelee tukkukaupan tilauksia sujuvalla logistiikkaverkostolla. V\u00e4himm\u00e4istilausm\u00e4\u00e4r\u00e4n ollessa vain 10 kappaletta, j\u00e4lleenmyyj\u00e4t hy\u00f6tyv\u00e4t avoimesta hinnoittelusta, tullikohtaisista kuljetusreiteist\u00e4 ja t\u00e4ysin j\u00e4ljitett\u00e4vist\u00e4 l\u00e4hetyksist\u00e4 varmistamaan varaston turvallisen saapumisen.<\/p>\n<\/div>\n<div style=\"margin-bottom: 15px; border: 1px solid #e1e1e1; border-radius: 6px; padding: 18px; background-color: #ffffff; box-shadow: 0 2px 5px rgba(0,0,0,0.03);\">\n<h4 style=\"margin: 0 0 10px 0; color: #2c3e50;\">4. Voidaanko laitteisto kierr\u00e4tt\u00e4\u00e4?<\/h4>\n<p style=\"margin: 0; color: #555; font-size: 15px;\">Kyll\u00e4. Koska laitteessa on ladattava litium-ioni-akku ja sis\u00e4inen elektroninen piiri, se kuuluu WEEE-direktiivin (J\u00e4te s\u00e4hk\u00f6- ja elektroniikkalaitteet) piiriin. Suosittelemme k\u00e4ytt\u00e4jille ja j\u00e4lleenmyyjille, ett\u00e4 he h\u00e4vitt\u00e4v\u00e4t k\u00e4ytetyt vape-laitteet m\u00e4\u00e4r\u00e4tyiss\u00e4 elektroniikkaj\u00e4tteen kierr\u00e4tyslaitoksissa sen sijaan, ett\u00e4 ne menisiv\u00e4t tavalliseen kotitalousj\u00e4tteeseen.<\/p>\n<\/div>\n<p style=\"font-size: 16px; margin-top: 30px;\">Tilaa AIVONO AIM GUN 7000 Puffs VapeXYZ:st\u00e4 t\u00e4n\u00e4\u00e4n ja lis\u00e4\u00e4 valikoimaasi luotettava, korkeasti suunniteltu kertak\u00e4ytt\u00f6inen h\u00f6yrystin, joka tarjoaa tasaisen laadun ensimm\u00e4isest\u00e4 savunottosta viimeiseen.<\/p>\n<div style=\"text-align: center; margin-top: 40px;\"><img loading=\"lazy\" decoding=\"async\" class=\"wp-image-31522 size-full aligncenter\" style=\"max-width: 100%; height: auto; border-radius: 8px; box-shadow: 0 6px 15px rgba(0,0,0,0.15);\" src=\"https:\/\/vapexyz.com\/wp-content\/uploads\/2024\/08\/AIVONO-AIM-GUN-7000-Puff-16.webp\" alt=\"AIVONO AIM -TUPAKOINTILAITE 7000 PUFFS 0% 2% 3% 5% Irtotavarakauppa Alhainen Vahvuus Ladattava H\u00e4vytett\u00e4v\u00e4 Vape Kyn\u00e4 Tukkumyynti\" width=\"1060\" height=\"847\" title=\"\" srcset=\"https:\/\/vapexyz.com\/wp-content\/uploads\/2024\/08\/AIVONO-AIM-GUN-7000-Puff-16.webp 1060w, https:\/\/vapexyz.com\/wp-content\/uploads\/2024\/08\/AIVONO-AIM-GUN-7000-Puff-16-500x400.webp 500w, https:\/\/vapexyz.com\/wp-content\/uploads\/2024\/08\/AIVONO-AIM-GUN-7000-Puff-16-1024x818.webp 1024w, https:\/\/vapexyz.com\/wp-content\/uploads\/2024\/08\/AIVONO-AIM-GUN-7000-Puff-16-768x614.webp 768w, https:\/\/vapexyz.com\/wp-content\/uploads\/2024\/08\/AIVONO-AIM-GUN-7000-Puff-16-15x12.webp 15w, https:\/\/vapexyz.com\/wp-content\/uploads\/2024\/08\/AIVONO-AIM-GUN-7000-Puff-16-600x479.webp 600w\" sizes=\"auto, (max-width: 1060px) 100vw, 1060px\" \/><\/div>\n<\/article>","protected":false},"excerpt":{"rendered":"<p>AIVONO AIM GUN 7000 Puffs, saatavilla Vapexyz:st\u00e4, on suuren kapasiteetin, ladattava ja uudelleen k\u00e4ytett\u00e4v\u00e4 vape, joka tarjoaa jopa 7 000 imua monipuolisilla makuvaihtoehdoilla ja s\u00e4\u00e4dett\u00e4vill\u00e4 h\u00f6yryk\u00e4sityksill\u00e4, t\u00e4ydellinen premium-h\u00f6yrykokemukseen.<\/p>","protected":false},"featured_media":31521,"comment_status":"open","ping_status":"closed","template":"","meta":{"_lmt_disableupdate":"no","_lmt_disable":""},"product_brand":[],"product_cat":[944,1010,1018,1020,935,934,927,929,928,930,933,939,932,938,931,936,937,1017,946,1023,1025,1027,951,1031,1033,1034,953,1037,820,987,1038],"product_tag":[],"class_list":{"0":"post-31465","1":"product","2":"type-product","3":"status-publish","4":"has-post-thumbnail","6":"product_cat-aivono","7":"product_cat-7000-puff-vapes","8":"product_cat-apple-flavor-disposable-vapes","9":"product_cat-blueberry-flavor-disposable-vapes","10":"product_cat-bulk-buy-disposable-vapes-in-austria","11":"product_cat-bulk-buy-disposable-vapes-in-belgium","12":"product_cat-bulk-buy-disposable-vapes-in-europe","13":"product_cat-bulk-buy-disposable-vapes-in-france","14":"product_cat-bulk-buy-disposable-vapes-in-germany","15":"product_cat-bulk-buy-disposable-vapes-in-italy","16":"product_cat-bulk-buy-disposable-vapes-in-netherlands","17":"product_cat-bulk-buy-disposable-vapes-in-norway","18":"product_cat-bulk-buy-disposable-vapes-in-poland","19":"product_cat-bulk-buy-disposable-vapes-in-portugal","20":"product_cat-bulk-buy-disposable-vapes-in-spain","21":"product_cat-bulk-buy-disposable-vapes-in-sweden","22":"product_cat-bulk-buy-disposable-vapes-in-switzerland","23":"product_cat-buy-best-disposable-vape-flavors","24":"product_cat-disposable-vapes-series","25":"product_cat-grape-flavor-disposable-vapes","26":"product_cat-ice-flavor-disposable-vapes","27":"product_cat-lemon-flavor-disposable-vapes","28":"product_cat-lower-nicotine-vapes","29":"product_cat-mixed-berries-flavor-disposable-vapes","30":"product_cat-peach-flavor-disposable-vapes","31":"product_cat-pineapple-flavor-disposable-vapes","32":"product_cat-rechargeable-vapes","33":"product_cat-strawberry-flavor-disposable-vapes","34":"product_cat-vape","35":"product_cat-vape-shop-by-puffs","36":"product_cat-watermelon-flavor-disposable-vapes","38":"first","39":"outofstock","40":"shipping-taxable","41":"purchasable","42":"product-type-variable","43":"has-default-attributes"},"jetpack_sharing_enabled":true,"tiered_pricing_type":"fixed","tiered_pricing_fixed_rules":[],"tiered_pricing_product_settings":{"layout":"default","base_unit_name":{"singular":null,"plural":null},"default_variation":null},"tiered_pricing_minimum_quantity":null,"tiered_pricing_roles_data":[],"tiered_pricing_percentage_rules":[],"tiered_pricing_maximum_quantity":null,"tiered_pricing_quantity_step":null,"_links":{"self":[{"href":"https:\/\/vapexyz.com\/fi\/wp-json\/wp\/v2\/product\/31465","targetHints":{"allow":["GET"]}}],"collection":[{"href":"https:\/\/vapexyz.com\/fi\/wp-json\/wp\/v2\/product"}],"about":[{"href":"https:\/\/vapexyz.com\/fi\/wp-json\/wp\/v2\/types\/product"}],"replies":[{"embeddable":true,"href":"https:\/\/vapexyz.com\/fi\/wp-json\/wp\/v2\/comments?post=31465"}],"wp:featuredmedia":[{"embeddable":true,"href":"https:\/\/vapexyz.com\/fi\/wp-json\/wp\/v2\/media\/31521"}],"wp:attachment":[{"href":"https:\/\/vapexyz.com\/fi\/wp-json\/wp\/v2\/media?parent=31465"}],"wp:term":[{"taxonomy":"product_brand","embeddable":true,"href":"https:\/\/vapexyz.com\/fi\/wp-json\/wp\/v2\/product_brand?post=31465"},{"taxonomy":"product_cat","embeddable":true,"href":"https:\/\/vapexyz.com\/fi\/wp-json\/wp\/v2\/product_cat?post=31465"},{"taxonomy":"product_tag","embeddable":true,"href":"https:\/\/vapexyz.com\/fi\/wp-json\/wp\/v2\/product_tag?post=31465"}],"curies":[{"name":"wp","href":"https:\/\/api.w.org\/{rel}","templated":true}]}}