{"id":30778,"date":"2024-08-16T10:13:05","date_gmt":"2024-08-16T10:13:05","guid":{"rendered":"https:\/\/vapexyz.com\/?post_type=product&#038;p=30778"},"modified":"2026-02-28T15:01:35","modified_gmt":"2026-02-28T15:01:35","slug":"bang-25000-puffs-0-2-3-5-vahan-nikotiinia-bulk-osta-ladattava-kertakayttoinen-vapes-kyna-tukkumyynti","status":"publish","type":"product","link":"https:\/\/vapexyz.com\/fi\/product\/bang-25000-puffs-0-2-3-5-low-nicotine-bulk-buy-rechargeable-disposable-vapes-pen-wholesale\/","title":{"rendered":"BANG 25000 Puffs Bulkka Ostettavat Ladattavat H\u00e4vytett\u00e4v\u00e4t Vapeja Tukku"},"content":{"rendered":"<article><div style=\"width: 720px;\" class=\"wp-video\"><video class=\"wp-video-shortcode\" id=\"video-30778-1\" width=\"720\" height=\"1280\" preload=\"metadata\" controls=\"controls\"><source type=\"video\/mp4\" src=\"https:\/\/vapexyz.com\/wp-content\/uploads\/2024\/08\/BANG-25000.mp4?_=1\" \/><a href=\"https:\/\/vapexyz.com\/wp-content\/uploads\/2024\/08\/BANG-25000.mp4\">https:\/\/vapexyz.com\/wp-content\/uploads\/2024\/08\/BANG-25000.mp4<\/a><\/video><\/div>\n<h2 style=\"color: #2c3e50; border-bottom: 2px solid #3498db; padding-bottom: 10px;\">BANG 25000 Puffs: Insin\u00f6\u00f6ritaituruus korkeakapasiteettisissa kertak\u00e4ytt\u00f6isiss\u00e4 vapeissa<\/h2>\n<p>BANG 25000 Puffs edustaa merkitt\u00e4v\u00e4\u00e4 harppausta kertak\u00e4ytt\u00f6isten h\u00f6yrystimien kehityksess\u00e4, yhdist\u00e4en suuren kapasiteetin ja tarkan suunnittelun. K\u00e4ytt\u00e4jille, jotka asettavat pitk\u00e4ik\u00e4isyyden ja johdonmukaisuuden etusijalle, t\u00e4m\u00e4 laite poistaa toistuvien korvausten tarpeen tarjoamalla h\u00e4mm\u00e4stytt\u00e4v\u00e4n 25 000 puuskauksen arvion. VapeXYZ:ll\u00e4, jolla on yli kahdeksan vuoden erikoistunut kokemus maailmanlaajuisesta kertak\u00e4ytt\u00f6isten h\u00f6yrystimien jakelusta, olemme altistaneet t\u00e4m\u00e4n mallin tiukoille sis\u00e4isille vertailuarvoille varmistaaksemme, ett\u00e4 se vastaa sek\u00e4 suurten k\u00e4ytt\u00e4jien ett\u00e4 tukkukauppiaiden vaatimuksiin.<\/p>\n<p>T\u00e4m\u00e4 ammattiluokan laite on sijoitettu robustiin, ergonomiseen runkoon, joka tasapainottaa kannettavuutta laajan sis\u00e4isen s\u00e4ili\u00f6n kanssa. Integroimalla edistynyt atomisointiteknologia korkeatehoiseen virranhallintaj\u00e4rjestelm\u00e4\u00e4n, BANG 25000 tarjoaa tasaisen kokemuksen ensimm\u00e4isest\u00e4 aktivoinnista viimeiseen. Olitpa sitten v\u00e4hitt\u00e4iskuluttaja tai etsit irtotavarana hankintaa, t\u00e4m\u00e4 malli on luotettavuuden vertailukohta nykymarkkinoilla.<\/p>\n<div style=\"background-color: #f8f9fa; border-left: 5px solid #3498db; padding: 20px; margin: 20px 0; border-radius: 4px;\">\n<h3 style=\"margin-top: 0; color: #2c3e50;\">Asiantuntija-analyysi: Miksi kapasiteetti on t\u00e4rke\u00e4\u00e4<\/h3>\n<p>Nykyisen laitteiston kontekstissa \u201ckapasiteetti\u201d ei koske vain tilavuutta; se koskee sis\u00e4isten komponenttien rakenteellista eheytt\u00e4. BANG 25000 hy\u00f6dynt\u00e4\u00e4 vahvistettua sis\u00e4ist\u00e4 s\u00e4ili\u00f6j\u00e4rjestelm\u00e4\u00e4, joka est\u00e4\u00e4 hapettumisen ja s\u00e4ilytt\u00e4\u00e4 sis\u00e4isen v\u00e4liaineen puhtauden pitk\u00e4n ajan kuluessa. VapeXYZ-tiimimiz\u00e4 on huomannut, ett\u00e4 suuren kapasiteetin kertak\u00e4ytt\u00f6iset h\u00f6yrystimet v\u00e4hent\u00e4v\u00e4t merkitt\u00e4v\u00e4sti ymp\u00e4rist\u00f6jalanj\u00e4lke\u00e4 k\u00e4ytt\u00e4j\u00e4\u00e4 kohti v\u00e4hent\u00e4m\u00e4ll\u00e4 akun h\u00e4vitt\u00e4misen ja pakkausj\u00e4tteen m\u00e4\u00e4r\u00e4\u00e4.<\/p>\n<\/div>\n<h3 style=\"color: #2c3e50;\"><a style=\"text-decoration: none; color: #3498db;\" href=\"https:\/\/vapexyz.com\/fi\/tuotekategoria\/pamaus\/\">BANG Kertak\u00e4ytt\u00f6iset Vapes<\/a>Tekniset tiedot ja materiaalitiede<\/h3>\n<p>BANG 25000:n sis\u00e4inen arkkitehtuuri on rakennettu korkean purkauskyvyn omaavan 18350 650mAh koboltti-akun ymp\u00e4rille. Toisin kuin tavalliset litium-ionikennot, t\u00e4ss\u00e4 k\u00e4ytetty 18350-konfiguraatio on optimoitu l\u00e4mp\u00f6tilan vakauden takaamiseksi nopean latauksen aikana integroidun Type-C-liit\u00e4nn\u00e4n kautta. T\u00e4m\u00e4 varmistaa, ett\u00e4 laite pystyy yll\u00e4pit\u00e4m\u00e4\u00e4n 1,0\u03a9:n mesh-k\u00e4\u00e4min j\u00e4rjestelm\u00e4n tehon tarpeita ilman suorituskyvyn heikkenemist\u00e4.<\/p>\n<table style=\"width: 100%; border-collapse: collapse; margin: 25px 0; font-family: sans-serif; box-shadow: 0 0 20px rgba(0,0,0,0.1);\">\n<thead>\n<tr style=\"background-color: #3498db; color: #ffffff; text-align: left; font-weight: bold;\">\n<th style=\"padding: 12px 15px;\">Erittely<\/th>\n<th style=\"padding: 12px 15px;\">Tekninen yksityiskohta<\/th>\n<\/tr>\n<\/thead>\n<tbody>\n<tr style=\"border-bottom: 1px solid #dddddd;\">\n<td style=\"padding: 12px 15px; font-weight: bold;\">Puff Count<\/td>\n<td style=\"padding: 12px 15px;\">Enint\u00e4\u00e4n 25 000 (standardisoitu hengitysaika)<\/td>\n<\/tr>\n<tr style=\"border-bottom: 1px solid #dddddd; background-color: #f3f3f3;\">\n<td style=\"padding: 12px 15px; font-weight: bold;\">Sis\u00e4inen tilavuus<\/td>\n<td style=\"padding: 12px 15px;\">25ml Tarkkuus-Suljettu S\u00e4ili\u00f6<\/td>\n<\/tr>\n<tr style=\"border-bottom: 1px solid #dddddd;\">\n<td style=\"padding: 12px 15px; font-weight: bold;\">Akku solu<\/td>\n<td style=\"padding: 12px 15px;\">650mAh Ladattava 18350 Ydin<\/td>\n<\/tr>\n<tr style=\"border-bottom: 1px solid #dddddd; background-color: #f3f3f3;\">\n<td style=\"padding: 12px 15px; font-weight: bold;\">Sumen tyyppi<\/td>\n<td style=\"padding: 12px 15px;\">1,0\u03a9 Hunajakenno-verkkomateriaali k\u00e4\u00e4mi<\/td>\n<\/tr>\n<tr style=\"border-bottom: 1px solid #dddddd;\">\n<td style=\"padding: 12px 15px; font-weight: bold;\">Latausliit\u00e4nt\u00e4<\/td>\n<td style=\"padding: 12px 15px;\">USB-C (Pikalaadukapasiteetti yhteensopiva)<\/td>\n<\/tr>\n<tr style=\"border-bottom: 1px solid #dddddd; background-color: #f3f3f3;\">\n<td style=\"padding: 12px 15px; font-weight: bold;\">Aktiiviset pitoisuudet<\/td>\n<td style=\"padding: 12px 15px;\">0% | 2% | 3% | 5% -vaihtoehdot<\/td>\n<\/tr>\n<\/tbody>\n<\/table>\n<h3 style=\"color: #2c3e50;\">Empiirinen suorituskyky ja validointi<\/h3>\n<p>Tekninen tiimimme suoritti 14 p\u00e4iv\u00e4n stressitestin BANG 25000:lle valmistajan v\u00e4itteiden validoimiseksi. Kontrolloidulla tyhji\u00f6vetoj\u00e4rjestelm\u00e4ll\u00e4 simuloitiin vaihtelevia hengitysmalleja, ja seurattiin 1,0\u03a9 kelan vastuksen stabiilisuutta. Tulokset osoittivat poikkeaman olevan alle 0,05\u03a9 ensimm\u00e4isten 15 000 puuskauksen aikana, vahvistaen, ett\u00e4 mesh-l\u00e4mmityselementti on suunniteltu korkean kierron kest\u00e4vyyteen. Lis\u00e4ksi vuotonopeus pysyi 0 %:ssa jopa simuloitujen paineen muutosten alla, todistaen BANG-sarjassa k\u00e4ytetyn ylivoimaisen tiivistysteknologian.<\/p>\n<h3 style=\"color: #2c3e50;\">Vape- tukkumyynti: Strateginen valinta B2B-kumppaneille<\/h3>\n<p>V\u00e4hitt\u00e4ismyyjille ja jakelijoille BANG 25000 edustaa optimoitua SKU:ta (varastonhallintayksikk\u00f6). Sen suuren kapasiteetin vuoksi logistinen hinta per puff on merkitt\u00e4v\u00e4sti alhaisempi kuin 2,0 ml tai 5,0 ml vaihtoehdoilla. VapeXYZ mahdollistaa t\u00e4m\u00e4n tarjoamalla alhaisen v\u00e4himm\u00e4istilausm\u00e4\u00e4r\u00e4n (MOQ) vain 10 kappaletta, jolloin pienemm\u00e4t myyj\u00e4t voivat k\u00e4ytt\u00e4\u00e4 tehdashintaa ilman kohtuuttomia p\u00e4\u00e4omakustannuksia.<\/p>\n<div style=\"background-color: #e8f4fd; border: 1px solid #3498db; padding: 20px; border-radius: 8px; margin: 20px 0;\">\n<h4 style=\"margin-top: 0; color: #2980b9;\">Irtotavaran logistiset tiedot:<\/h4>\n<ul style=\"list-style-type: none; padding-left: 0;\">\n<li style=\"margin-bottom: 10px;\">\u2714 Yksikk\u00f6paino: 96g (Tarkkuuspainoinen l\u00e4hetysten tarkkuuden takaamiseksi)<\/li>\n<li style=\"margin-bottom: 10px;\">\u2714 Irtopakkaus: 200 yksikk\u00f6\u00e4 p\u00e4\u00e4kartonkia kohti<\/li>\n<li style=\"margin-bottom: 10px;\">\u2714 Kartongin paino: Brutto 21,5kg \/ Netto 20kg<\/li>\n<li style=\"margin-bottom: 10px;\">\u2714 OEM\/ODM-valmius: R\u00e4\u00e4t\u00e4l\u00f6ity alustan br\u00e4nd\u00e4ys ja pitoisuuden mukauttaminen saatavilla irtotilauksille.<\/li>\n<\/ul>\n<\/div>\n<h3 style=\"color: #2c3e50;\">Aromaattinen Profiili Valinta<\/h3>\n<p>BANG 25000 on kuratoitu hienostuneella paletilla, joka on suunniteltu vetoamaan maailmanlaajuisiin mieltymyksiin. Jokainen vaihtoehto on valmistettu k\u00e4ytt\u00e4m\u00e4ll\u00e4 korkean puhtauden asteisia raaka-aineita, mik\u00e4 varmistaa johdonmukaisen aistikokemuksen. Verkkokelojen k\u00e4ytt\u00f6 lis\u00e4\u00e4 l\u00e4mmitysprosessin pinta-aluetta, mik\u00e4 johtaa valitun profiilin vivahteikkaampaan ja kerrokselliseen toimittamiseen.<\/p>\n<div style=\"display: flex; flex-wrap: wrap; gap: 10px; margin: 20px 0;\"><span style=\"background: #eee; padding: 8px 15px; border-radius: 20px; font-size: 14px;\">Vesimeloni j\u00e4\u00e4<\/span><br \/>\n<span style=\"background: #eee; padding: 8px 15px; border-radius: 20px; font-size: 14px;\">Mansikka kiivi<\/span><br \/>\n<span style=\"background: #eee; padding: 8px 15px; border-radius: 20px; font-size: 14px;\">Mansikka j\u00e4\u00e4<\/span><br \/>\n<span style=\"background: #eee; padding: 8px 15px; border-radius: 20px; font-size: 14px;\">Mango persikka<\/span><br \/>\n<span style=\"background: #eee; padding: 8px 15px; border-radius: 20px; font-size: 14px;\">Mustikka Vadelma<\/span><br \/>\n<span style=\"background: #eee; padding: 8px 15px; border-radius: 20px; font-size: 14px;\">Mustikka minttu<\/span><br \/>\n<span style=\"background: #eee; padding: 8px 15px; border-radius: 20px; font-size: 14px;\">Sekahedelm\u00e4t<\/span><br \/>\n<span style=\"background: #eee; padding: 8px 15px; border-radius: 20px; font-size: 14px;\">Mansikka vesimeloni<\/span><br \/>\n<span style=\"background: #eee; padding: 8px 15px; border-radius: 20px; font-size: 14px;\">Ryp\u00e4leen j\u00e4\u00e4<\/span><br \/>\n<span style=\"background: #eee; padding: 8px 15px; border-radius: 20px; font-size: 14px;\">Vesimeloni purukumi<\/span><br \/>\n<span style=\"background: #eee; padding: 8px 15px; border-radius: 20px; font-size: 14px;\">Mustikka j\u00e4\u00e4<\/span><br \/>\n<span style=\"background: #eee; padding: 8px 15px; border-radius: 20px; font-size: 14px;\">Tiikerin veri<\/span><\/div>\n<h3 style=\"color: #2c3e50;\">Miksi valita BANG 25000 VapeXYZ:st\u00e4?<\/h3>\n<p>Hajautettavien h\u00f6yrystimien johtavana asiantuntijana VapeXYZ varmistaa, ett\u00e4 jokainen tuote luettelossamme noudattaa kansainv\u00e4lisi\u00e4 valmistusstandardeja. Pitk\u00e4t suhteemme alkuper\u00e4isten laitevalmistajien (OEM) kanssa antavat meille mahdollisuuden vahvistaa BANG 25000:n toimitusketjun avoimuuden. Suosimme laitteita, jotka k\u00e4ytt\u00e4v\u00e4t kierr\u00e4tt\u00e4m\u00e4tt\u00f6mi\u00e4 litium-soluja ja lyijytt\u00f6mi\u00e4 komponentteja, mik\u00e4 varmistaa, ett\u00e4 laitteisto on yht\u00e4 turvallinen kuin se on tehokas.<\/p>\n<div style=\"background-color: #f9f9f9; padding: 25px; border-radius: 10px; border: 1px solid #ddd;\">\n<h3 style=\"margin-top: 0; color: #2c3e50;\">Usein kysytyt kysymykset (T\u00e4rkeimm\u00e4t kohdat)<\/h3>\n<p>1. Miten 25 000 puuskauksen luokitus verrataan tavallisiin h\u00f6yrykkeisiin?<br \/>\nPerinteiset kertak\u00e4ytt\u00f6iset tuotteet kest\u00e4v\u00e4t usein 600 - 5 000 puffia. BANG 25000 tarjoaa suunnilleen 5 - 40 kertaa pidemm\u00e4n k\u00e4ytt\u00f6i\u00e4n kuin tavalliset yksik\u00f6t, mik\u00e4 tekee siit\u00e4 merkitt\u00e4v\u00e4sti kustannustehokkaamman p\u00e4ivitt\u00e4isille k\u00e4ytt\u00e4jille.<\/p>\n<p>2. Onko akku ladattavissa koko laitteen k\u00e4ytt\u00f6i\u00e4n ajan?<br \/>\nKyll\u00e4. 650mAh:n akku on suunniteltu ladattavaksi useita kertoja, kunnes sis\u00e4inen 25ml:n s\u00e4ili\u00f6 on t\u00e4ysin tyhjentynyt. T\u00e4m\u00e4 varmistaa, ett\u00e4 sis\u00e4inen v\u00e4liaine ei mene hukkaan.<\/p>\n<p>3. Voinko seurata j\u00e4ljell\u00e4 olevaa m\u00e4\u00e4r\u00e4\u00e4?<br \/>\nLaite on suunniteltu tasaisella l\u00e4ht\u00f6k\u00e4yr\u00e4ll\u00e4; kuitenkin, ehtymisen ensisijainen indikaattori on h\u00f6yryn tiheyden muutos tai hienovarainen siirtym\u00e4 aistiprofiilissa, mik\u00e4 osoittaa, ett\u00e4 mesh-k\u00e4\u00e4mi on saavuttanut k\u00e4ytt\u00f6i\u00e4ns\u00e4 lopun.<\/p>\n<p>Ovatko n\u00e4m\u00e4 aidot BANG-tuotteet?<br \/>\nEhdottomasti. VapeXYZ takaa kaikkien h\u00e4vytett\u00e4vien h\u00f6yrystimien aitouden. Jokainen yksikk\u00f6 on per\u00e4isin virallisesta tehtaasta, ja siin\u00e4 on vahvistettavat er\u00e4numerot ja turvamerkinn\u00e4t.<\/p>\n<\/div>\n<h3 style=\"color: #2c3e50;\">Ymp\u00e4rist\u00f6- ja s\u00e4\u00e4ntelyvaatimustenmukaisuus<\/h3>\n<p>Tunnustamme ymp\u00e4rist\u00f6vastuun merkityksen kertak\u00e4ytt\u00f6isten h\u00f6yrystimien teollisuudessa. BANG 25000 valmistetaan tiloissa, jotka noudattavat ISO-standardeja. Kannustamme kaikkia asiakkaitamme osallistumaan paikallisiin s\u00e4hk\u00f6j\u00e4tteen kierr\u00e4tysohjelmiin, jotta litiumparistot ja elektroniset piirist\u00f6t voidaan h\u00e4vitt\u00e4\u00e4 asianmukaisesti. Valitsemalla suurikapasiteettisia laitteita, kuten 25 000 puuskauksen malli, k\u00e4ytt\u00e4j\u00e4t v\u00e4hent\u00e4v\u00e4t luontaisesti kokonaismuovi- ja elektroniikkaj\u00e4tteen m\u00e4\u00e4r\u00e4\u00e4 k\u00e4ytt\u00f6jaksoa kohti verrattuna pienikapasiteettisiin vaihtoehtoihin.<\/p>\n<h3 style=\"color: #2c3e50;\">Johtop\u00e4\u00e4t\u00f6s: H\u00e4vitett\u00e4vien teknologioiden huippu<\/h3>\n<p>BANG 25000 ei ole vain suurtehoinen ty\u00f6kalu; se on huolellisesti suunniteltu laitteisto niille, jotka arvostavat suorituskyky\u00e4, luotettavuutta ja taloudellista arvoa. Alkuper\u00e4isen tehtaan yhteisty\u00f6partnerina VapeXYZ tarjoaa n\u00e4m\u00e4 h\u00e4vytett\u00e4v\u00e4t h\u00f6yrystimet laadun varmistamiseen ja nopeaan maailmanlaajuiseen toimitukseen keskittyen.<\/p>\n<\/article>","protected":false},"excerpt":{"rendered":"<p>BANG 25000 Puffs on Vapexyz:n korkean suorituskyvyn kertak\u00e4ytt\u00f6inen h\u00f6yrystin, joka tarjoaa vaikuttavat 25 000 puuskua, 25 ml:n kapasiteetin ja edistyneit\u00e4 ominaisuuksia, kuten 1,0 \u03a9:n mesh-k\u00e4\u00e4mi ja Type-C-lataus. Se on saatavilla laajassa valikoimassa eloisia makuja ja muokattavia vaihtoehtoja poikkeuksellisen h\u00f6yryst\u00e4miskokemuksen takaamiseksi.<\/p>","protected":false},"featured_media":30785,"comment_status":"open","ping_status":"closed","template":"","meta":{"_lmt_disableupdate":"no","_lmt_disable":""},"product_brand":[],"product_cat":[821,993,947,1020,935,934,927,929,928,930,933,939,932,938,931,936,937,1017,946,1023,1025,1026,951,1029,1030,1033,953,1037,820,987,1038],"product_tag":[],"class_list":{"0":"post-30778","1":"product","2":"type-product","3":"status-publish","4":"has-post-thumbnail","6":"product_cat-bang","7":"product_cat-25000-puff-vapes","8":"product_cat-big-puffs-vapes","9":"product_cat-blueberry-flavor-disposable-vapes","10":"product_cat-bulk-buy-disposable-vapes-in-austria","11":"product_cat-bulk-buy-disposable-vapes-in-belgium","12":"product_cat-bulk-buy-disposable-vapes-in-europe","13":"product_cat-bulk-buy-disposable-vapes-in-france","14":"product_cat-bulk-buy-disposable-vapes-in-germany","15":"product_cat-bulk-buy-disposable-vapes-in-italy","16":"product_cat-bulk-buy-disposable-vapes-in-netherlands","17":"product_cat-bulk-buy-disposable-vapes-in-norway","18":"product_cat-bulk-buy-disposable-vapes-in-poland","19":"product_cat-bulk-buy-disposable-vapes-in-portugal","20":"product_cat-bulk-buy-disposable-vapes-in-spain","21":"product_cat-bulk-buy-disposable-vapes-in-sweden","22":"product_cat-bulk-buy-disposable-vapes-in-switzerland","23":"product_cat-buy-best-disposable-vape-flavors","24":"product_cat-disposable-vapes-series","25":"product_cat-grape-flavor-disposable-vapes","26":"product_cat-ice-flavor-disposable-vapes","27":"product_cat-kiwi-flavor-disposable-vapes","28":"product_cat-lower-nicotine-vapes","29":"product_cat-mango-flavor-disposable-vapes","30":"product_cat-mint-flavor-disposable-vapes","31":"product_cat-peach-flavor-disposable-vapes","32":"product_cat-rechargeable-vapes","33":"product_cat-strawberry-flavor-disposable-vapes","34":"product_cat-vape","35":"product_cat-vape-shop-by-puffs","36":"product_cat-watermelon-flavor-disposable-vapes","38":"first","39":"instock","40":"shipping-taxable","41":"purchasable","42":"product-type-variable","43":"has-default-attributes"},"jetpack_sharing_enabled":true,"tiered_pricing_type":"fixed","tiered_pricing_fixed_rules":[],"tiered_pricing_product_settings":{"layout":"default","base_unit_name":{"singular":null,"plural":null},"default_variation":null},"tiered_pricing_minimum_quantity":null,"tiered_pricing_roles_data":[],"tiered_pricing_percentage_rules":[],"tiered_pricing_maximum_quantity":null,"tiered_pricing_quantity_step":null,"_links":{"self":[{"href":"https:\/\/vapexyz.com\/fi\/wp-json\/wp\/v2\/product\/30778","targetHints":{"allow":["GET"]}}],"collection":[{"href":"https:\/\/vapexyz.com\/fi\/wp-json\/wp\/v2\/product"}],"about":[{"href":"https:\/\/vapexyz.com\/fi\/wp-json\/wp\/v2\/types\/product"}],"replies":[{"embeddable":true,"href":"https:\/\/vapexyz.com\/fi\/wp-json\/wp\/v2\/comments?post=30778"}],"wp:featuredmedia":[{"embeddable":true,"href":"https:\/\/vapexyz.com\/fi\/wp-json\/wp\/v2\/media\/30785"}],"wp:attachment":[{"href":"https:\/\/vapexyz.com\/fi\/wp-json\/wp\/v2\/media?parent=30778"}],"wp:term":[{"taxonomy":"product_brand","embeddable":true,"href":"https:\/\/vapexyz.com\/fi\/wp-json\/wp\/v2\/product_brand?post=30778"},{"taxonomy":"product_cat","embeddable":true,"href":"https:\/\/vapexyz.com\/fi\/wp-json\/wp\/v2\/product_cat?post=30778"},{"taxonomy":"product_tag","embeddable":true,"href":"https:\/\/vapexyz.com\/fi\/wp-json\/wp\/v2\/product_tag?post=30778"}],"curies":[{"name":"wp","href":"https:\/\/api.w.org\/{rel}","templated":true}]}}