{"id":27885,"date":"2024-07-09T02:51:45","date_gmt":"2024-07-09T02:51:45","guid":{"rendered":"https:\/\/vapexyz.com\/?post_type=product&#038;p=27885"},"modified":"2026-03-06T07:07:27","modified_gmt":"2026-03-06T07:07:27","slug":"tonttulaatikko-kristallitanko-600-puffaa-0-2-5-bulk-osta-vahan-nikotiinia-ladattava-kertakayttoinen-vapes-kyna-tukkumyynti","status":"publish","type":"product","link":"https:\/\/vapexyz.com\/fi\/product\/elf-box-crystal-bar-600-puffs-0-2-5-bulk-buy-low-nicotine-rechargeable-disposable-vapes-pen-wholesale\/","title":{"rendered":"ELF BOX KRISTALLIPATUKA 600 PUFFIA BULKKIOSTO LADATTAVA H\u00c4VYTETT\u00c4V\u00c4 SUMUTIN VAIHTOTUKKU"},"content":{"rendered":"<article>\n<h2><a href=\"https:\/\/vapexyz.com\/wp-content\/uploads\/2024\/07\/ELF-BOX-CRYSTAL-BAR-600-Puffs-21.webp\"><img loading=\"lazy\" decoding=\"async\" class=\"alignnone wp-image-27899 size-full\" src=\"https:\/\/vapexyz.com\/wp-content\/uploads\/2024\/07\/ELF-BOX-CRYSTAL-BAR-600-Puffs-21.webp\" alt=\"ELF BOX CRYSTAL BAR 600 Puffs 0% 2% 5% Bulk Osta Low Nikotine Ladattava Kertak\u00e4ytt\u00f6inen Vapes Pen Tukkumyynti\" width=\"1920\" height=\"1080\" title=\"\" srcset=\"https:\/\/vapexyz.com\/wp-content\/uploads\/2024\/07\/ELF-BOX-CRYSTAL-BAR-600-Puffs-21.webp 1920w, https:\/\/vapexyz.com\/wp-content\/uploads\/2024\/07\/ELF-BOX-CRYSTAL-BAR-600-Puffs-21-500x281.webp 500w, https:\/\/vapexyz.com\/wp-content\/uploads\/2024\/07\/ELF-BOX-CRYSTAL-BAR-600-Puffs-21-1024x576.webp 1024w, https:\/\/vapexyz.com\/wp-content\/uploads\/2024\/07\/ELF-BOX-CRYSTAL-BAR-600-Puffs-21-768x432.webp 768w, https:\/\/vapexyz.com\/wp-content\/uploads\/2024\/07\/ELF-BOX-CRYSTAL-BAR-600-Puffs-21-1536x864.webp 1536w, https:\/\/vapexyz.com\/wp-content\/uploads\/2024\/07\/ELF-BOX-CRYSTAL-BAR-600-Puffs-21-18x10.webp 18w, https:\/\/vapexyz.com\/wp-content\/uploads\/2024\/07\/ELF-BOX-CRYSTAL-BAR-600-Puffs-21-510x287.webp 510w\" sizes=\"auto, (max-width: 1920px) 100vw, 1920px\" \/><\/a><\/h2>\n<h2>ELF BOX KRISTALLIPATUKA 600 Pahlausta: Kompaktien H\u00e4vytett\u00e4vien H\u00f6yrystimien Tekninen Standardi<\/h2>\n<p>ELF BOX CRYSTAL BAR 600 Puffs edustaa teollisen muotoilun ja kannettavan tehokkuuden hienostunutta yhdistelm\u00e4\u00e4. Suunniteltu niille, jotka vaativat johdonmukaisuutta ja rakennuslaatua, n\u00e4m\u00e4 h\u00e4vitett\u00e4v\u00e4t vape-tuotteet tarjoavat sujuvan kokemuksen teknist\u00e4 eheytt\u00e4 tinkim\u00e4tt\u00e4. VapeXYZ:n\u00e4, ensisijaisena tukkukauppatavoitteena, hy\u00f6dynnet\u00e4\u00e4n kahdeksan vuoden alan osaamista sen varmistamiseksi, ett\u00e4 jokainen yksikk\u00f6 vastaa maailmanlaajuisen markkinan vaativiin tarpeisiin.<\/p>\n<p>Laite on erityisesti kalibroitu TPD-vaatimustenmukaiselle (Tobacco Products Directive) eurooppalaiselle markkinapaikalle, mik\u00e4 varmistaa, ett\u00e4 2 ml:n s\u00e4ili\u00f6 ja turvallisuusominaisuudet ovat kansainv\u00e4listen s\u00e4\u00e4ntelykehysten mukaiset. Olitpa sitten j\u00e4lleenmyyj\u00e4, joka etsii suurtehoista varastoa, tai loppuk\u00e4ytt\u00e4j\u00e4, joka etsii luotettavaa varmuuskopiota, ELF BOX Crystal Bar toimii vertailukohtana 600 puffin kategoriassa.<\/p>\n<div style=\"background-color: #f9f9f9; padding: 20px; border-left: 5px solid #2c3e50; margin: 20px 0;\">\n<h3 style=\"margin-top: 0;\">Tekniset tiedot ja suunnittelun yleiskatsaus<\/h3>\n<table style=\"width: 100%; border-collapse: collapse; background: white;\">\n<thead>\n<tr style=\"background-color: #2c3e50; color: white;\">\n<th style=\"padding: 12px; border: 1px solid #ddd; text-align: left;\">Ominaisuus<\/th>\n<th style=\"padding: 12px; border: 1px solid #ddd; text-align: left;\">Tekniset tiedot<\/th>\n<\/tr>\n<\/thead>\n<tbody>\n<tr>\n<td style=\"padding: 10px; border: 1px solid #ddd;\">Akun kapasiteetti<\/td>\n<td style=\"padding: 10px; border: 1px solid #ddd;\">500mAh koboltti Li-ion sis\u00e4inen akku<\/td>\n<\/tr>\n<tr>\n<td style=\"padding: 10px; border: 1px solid #ddd;\">Puffin kokonaism\u00e4\u00e4r\u00e4<\/td>\n<td style=\"padding: 10px; border: 1px solid #ddd;\">Enint\u00e4\u00e4n 600 Pahlaa (Laboratoriotestattu)<\/td>\n<\/tr>\n<tr>\n<td style=\"padding: 10px; border: 1px solid #ddd;\">S\u00e4ili\u00f6n tilavuus<\/td>\n<td style=\"padding: 10px; border: 1px solid #ddd;\">2,0 ml esit\u00e4ytetty kammi<\/td>\n<\/tr>\n<tr>\n<td style=\"padding: 10px; border: 1px solid #ddd;\">Kelan vastus<\/td>\n<td style=\"padding: 10px; border: 1px solid #ddd;\">1,6 ohmin verkkomateriaali teknologia<\/td>\n<\/tr>\n<tr>\n<td style=\"padding: 10px; border: 1px solid #ddd;\">Paino<\/td>\n<td style=\"padding: 10px; border: 1px solid #ddd;\">38g (Ultra-Kanettava Luokka)<\/td>\n<\/tr>\n<tr>\n<td style=\"padding: 10px; border: 1px solid #ddd;\">Aktivointi<\/td>\n<td style=\"padding: 10px; border: 1px solid #ddd;\">Tyhji\u00f6indusoitu vetovoiman aktivointi<\/td>\n<\/tr>\n<\/tbody>\n<\/table>\n<\/div>\n<h3><a href=\"https:\/\/vapexyz.com\/fi\/tuotekategoria\/tonttulaatikko\/\">ELF BOX Kertak\u00e4ytt\u00f6iset h\u00f6yryt<\/a>: Kehittyneet h\u00f6yrystymismekaniikat<\/h3>\n<p>ELF BOX Crystal Barin sis\u00e4inen arkkitehtuuri hy\u00f6dynt\u00e4\u00e4 korkean impedanssin 1,6 ohmin l\u00e4mmityselementti\u00e4. T\u00e4m\u00e4 tietty vastustaso on valittu optimoimaan tasapaino l\u00e4mm\u00f6ntuoton ja akun k\u00e4ytt\u00f6i\u00e4n v\u00e4lill\u00e4. Empiirisiss\u00e4 testeiss\u00e4mme 500mAh akku sy\u00f6tt\u00e4\u00e4 jatkuvasti laitetta koko 2,0 ml:n sis\u00e4ll\u00f6n l\u00e4pi, yll\u00e4pit\u00e4en tasaista l\u00e4ht\u00f6j\u00e4nnitett\u00e4 est\u00e4\u00e4kseen alemman tason kertak\u00e4ytt\u00f6isiss\u00e4 vapeissa yleisen \u201cvaimennusvaikutuksen\u201d.<\/p>\n<p>\u201cKristalli\u201d-ulkoa ei ole pelk\u00e4st\u00e4\u00e4n esteettinen; se on valmistettu korkealaatuisesta PCTG:st\u00e4 (Poly-syklokeksyleenidimetyleeni tereftalaattiglykoli-muokatusta), materiaalia, jota suositaan l\u00e4\u00e4ketieteellisiss\u00e4 ja elintarvikek\u00e4yt\u00f6iss\u00e4 sen kemiallisen kest\u00e4vyyden ja l\u00e4mp\u00f6stabiilisuuden takia. T\u00e4m\u00e4 varmistaa, ett\u00e4 sis\u00e4ll\u00f6n s\u00e4ilyy saastumattomana ja laitteen rakenteellinen eheys s\u00e4ilyy jopa ulkoisen paineen tai l\u00e4mp\u00f6tilan vaihteluiden alla.<\/p>\n<div style=\"background: #eef2f3; padding: 15px; border-radius: 8px; margin: 20px 0;\">\n<h3 style=\"color: #2980b9;\">T\u00e4rkeimm\u00e4t Suorituskykyindikaattorit (KPI:t)<\/h3>\n<ul style=\"list-style-type: none; padding-left: 0;\">\n<li style=\"margin-bottom: 10px;\">\u26a1\ufe0f Vakaat Virransy\u00f6t\u00f6t: 500mAh-akku on mitoitettu korkeaan purkausjaksoon, mik\u00e4 varmistaa, ett\u00e4 ensimm\u00e4inen h\u00f6yry on yht\u00e4 voimakas kuin 600.<\/li>\n<li style=\"margin-bottom: 10px;\">\ud83d\udce6 Valkutusteoptimointi: Pakattu p\u00e4\u00e4kartonkilaatikoihin, joissa on 400 yksikk\u00f6\u00e4, optimoitu logistiikkaan ja kuljetuksen kest\u00e4vyyteen.<\/li>\n<li style=\"margin-bottom: 10px;\">\ud83d\udee1\ufe0f Turvallisuusvaatimustenmukaisuus: Rakennettu ylipuhallussuojalla ja oikosulkusuojauksella.<\/li>\n<li style=\"margin-bottom: 10px;\">\ud83d\udccf Ergonomia: 38g painoprofiili on materiaalin tiheystutkimusten tulos, joka tarjoaa premium-k\u00e4sittelykokemuksen ilman tilaa vievyytt\u00e4.<\/li>\n<\/ul>\n<\/div>\n<h3>Ammatillinen opas valintoihin: Profiilianalyysi<\/h3>\n<p>H\u00e4vitett\u00e4v\u00e4\u00e4 vape-laitetta valittaessa aistiprofiili on ensisijaisen t\u00e4rke\u00e4. ELF BOX Crystal Bar -sarja keskittyy korkealaatuisiin, kasviper\u00e4isiin ja hedelm\u00e4inspiroituihin profiileihin. Jokainen vaihtoehto on valmistettu l\u00e4\u00e4keainelaatuisista ainesosista, jotta varmistetaan johdonmukaisuus eri erien v\u00e4lill\u00e4. Alla on analyysi saatavilla olevista profiileista:<\/p>\n<div style=\"display: grid; grid-template-columns: 1fr 1fr; gap: 20px; margin: 20px 0;\">\n<div style=\"border: 1px solid #ddd; padding: 15px; border-radius: 5px;\">Hedelm\u00e4-sarja<\/p>\n<ul style=\"font-size: 0.9em; padding-left: 20px;\">\n<li>Sekoitettu marja: Monimutkainen mets\u00e4marjojen sekoitus.<\/li>\n<li>Ryp\u00e4leen J\u00e4\u00e4: Concord-ryp\u00e4leen vivahteita, raikas lopetus.<\/li>\n<li>Mansikka-vesimeloni: Tasapainoinen kaksikko kes\u00e4isi\u00e4 profiileja.<\/li>\n<li>Mustikkaj\u00e4\u00e4: Syv\u00e4t marjatonit ja viilent\u00e4v\u00e4 vaikutus.<\/li>\n<\/ul>\n<\/div>\n<div style=\"border: 1px solid #ddd; padding: 15px; border-radius: 5px;\">Virkistyskurssi<\/p>\n<ul style=\"font-size: 0.9em; padding-left: 20px;\">\n<li>Kirsikka j\u00e4\u00e4: Hapan kivihedelm\u00e4, jolla on kylm\u00e4 hengitys.<\/li>\n<li>Vesimelonan J\u00e4\u00e4: Korkea nestepitoisuus ja j\u00e4\u00e4hdytysreuna.<\/li>\n<li>Pehme\u00e4 persikka : Pehme\u00e4 hedelm\u00e4puun hedelm\u00e4, jolla on pysyv\u00e4 viile\u00e4 maku.<\/li>\n<li>Blue Razz: Voimakas ja hapan makuprofiili.<\/li>\n<\/ul>\n<\/div>\n<\/div>\n<h3>Empiirinen testaus ja laadunvalvonta<\/h3>\n<p>VapeXYZ:ss\u00e4 laadunvarmistusprosessimme sis\u00e4lt\u00e4\u00e4 \u201censimm\u00e4isen er\u00e4n\u201d testauksen jokaiselle tuotantokierrokselle. Mittaamme ilmavirran vastuksen (mitattu mmH2O) varmistaaksemme, ett\u00e4 imeminen j\u00e4ljittelee perinteist\u00e4 vastusta, jota k\u00e4ytt\u00e4j\u00e4t odottavat. Testitiedot osoittavat, ett\u00e4 ELF BOX Crystal Bar s\u00e4ilytt\u00e4\u00e4 alle 5 prosentin vaihtelun puuskauksesta toiseen. T\u00e4m\u00e4 vakaus on kriittinen ammattimaisille j\u00e4lleenmyyjille, jotka luottavat asiakastyytyv\u00e4isyyteen toistuvan liiketoiminnan edist\u00e4miseksi.<\/p>\n<p>Lis\u00e4ksi 1,6 ohmin k\u00e4\u00e4mi on l\u00e4pik\u00e4ynyt rasitustestin varmistaakseen, ettei se vuoda metallisia partikkeleita l\u00e4mmitysprosessin aikana. K\u00e4ytt\u00e4m\u00e4ll\u00e4 korkealaatuista orgaanista puuvillaa imev\u00e4 materiaalina, laite v\u00e4ltt\u00e4\u00e4 \u201ckuivan iskun\u201d ilmi\u00f6n, varmistuen siit\u00e4, ett\u00e4 k\u00e4ytt\u00e4j\u00e4kokemus pysyy sujuvana koko h\u00e4vytett\u00e4v\u00e4n vape:n k\u00e4ytt\u00f6i\u00e4n ajan.<\/p>\n<div style=\"background-color: #fff4e5; padding: 20px; border: 1px solid #ffcc80; border-radius: 8px; margin: 20px 0;\">\n<h3 style=\"margin-top: 0; color: #e67e22;\">Miksi tehd\u00e4 tukkumyynti\u00e4 VapeXYZ:n kanssa?<\/h3>\n<p>Hajutonta kertak\u00e4ytt\u00f6isten h\u00f6yrystimien irtotavarana jakelun johtavana asiantuntijana tarjoamme enemm\u00e4n kuin vain tuotteita; tarjoamme toimitusketjul\u00f8snyksen.  Meid\u00e4n alhainen v\u00e4himm\u00e4istilausm\u00e4\u00e4r\u00e4 (MOQ) vain 10 kappaletta mahdollistaa pienille yrityksille markkinoiden testaamisen ilman suuria p\u00e4\u00e4omasijoituksia, kun taas meid\u00e4n suuri mittakaava tukee maailmanlaajuista jakelua.<\/p>\n<ul style=\"columns: 2;\">\n<li>Tehtaan suoramyyntihinta.<\/li>\n<li>Mukautetut lujuusvaihtoehdot (0%, 2%, 5%).<\/li>\n<li>Yli 8 vuoden kokemus logistiikasta.<\/li>\n<li>Turvattu, vakuutettu toimitus maailmanlaajuisesti.<\/li>\n<\/ul>\n<\/div>\n<h3>S\u00e4\u00e4ntely- ja ymp\u00e4rist\u00f6vastuu<\/h3>\n<p>H\u00e4vytett\u00e4vien h\u00f6yrystimien teollisuus on jatkuvan tarkastelun alla, ja syyst\u00e4. ELF BOX CRYSTAL BAR on suunniteltu CE- ja RoHS-sertifikaattien kanssa, jotka vahvistavat s\u00e4hk\u00f6komponenttien vaarallisten aineiden puuttumisen. Kannustamme kaikkia tukkuasiakkaita ja k\u00e4ytt\u00e4ji\u00e4 osallistumaan akun kierr\u00e4tysohjelmiin v\u00e4hent\u00e4\u00e4kseen 500mAh litium-ionikennojen ymp\u00e4rist\u00f6vaikutusta. PCTG:n k\u00e4ytt\u00f6 kuoressa tarjoaa my\u00f6s kest\u00e4v\u00e4mm\u00e4n vaihtoehdon halvemmille muoveille, v\u00e4hent\u00e4en vuotojen todenn\u00e4k\u00f6isyytt\u00e4, jotka voisivat saastuttaa ymp\u00e4rist\u00f6n.<\/p>\n<div style=\"background: white; border: 1px solid #ccc; padding: 20px; margin-top: 30px;\">\n<h3 style=\"text-align: center; border-bottom: 2px solid #333; padding-bottom: 10px;\">Usein Kysytyt Kysymykset<\/h3>\n<div style=\"margin-bottom: 15px;\">Q1: What makes the \u201cCrystal\u201d design better than standard plastic?A: The PCTG material is superior in heat resistance and transparency. It prevents any chemical interaction between the chamber and the contents, ensuring a pure experience and a sturdy build that resists cracking.<\/p>\n<\/div>\n<div style=\"margin-bottom: 15px;\">Q2: How is the puff count of 600 verified?A: Puff counts are determined using automated inhalation machines that simulate a standard 1.5 to 2-second draw. Real-world usage may vary slightly depending on the duration of the user\u2019s inhale.<\/p>\n<\/div>\n<div style=\"margin-bottom: 15px;\">Q3: Is this product suitable for European wholesale?A: Yes, the 2ml capacity and 600-puff limit are designed to align with TPD regulations, making it a legal and safe choice for retailers within the EU and UK.<\/p>\n<\/div>\n<div style=\"margin-bottom: 0;\">Q4: Why choose a 1.6-ohm coil over a lower resistance?A: Higher resistance coils require less power and produce a cooler, more controlled vapor. This is ideal for 600-puff devices as it preserves the battery and ensures the 2ml of contents lasts as long as the power source.<\/p>\n<\/div>\n<\/div>\n<p style=\"text-align: center; margin-top: 40px;\"><a href=\"https:\/\/vapexyz.com\/wp-content\/uploads\/2024\/07\/ELF-BOX-CRYSTAL-BAR-600-Puffs-20.webp\"><img loading=\"lazy\" decoding=\"async\" class=\"alignnone wp-image-27900 size-full\" src=\"https:\/\/vapexyz.com\/wp-content\/uploads\/2024\/07\/ELF-BOX-CRYSTAL-BAR-600-Puffs-20.webp\" alt=\"ELF BOX CRYSTAL BAR 600 Puffs 0% 2% 5% Bulk Osta Low Nikotine Ladattava Kertak\u00e4ytt\u00f6inen Vapes Pen Tukkumyynti\" width=\"1920\" height=\"1080\" title=\"\" srcset=\"https:\/\/vapexyz.com\/wp-content\/uploads\/2024\/07\/ELF-BOX-CRYSTAL-BAR-600-Puffs-20.webp 1920w, https:\/\/vapexyz.com\/wp-content\/uploads\/2024\/07\/ELF-BOX-CRYSTAL-BAR-600-Puffs-20-500x281.webp 500w, https:\/\/vapexyz.com\/wp-content\/uploads\/2024\/07\/ELF-BOX-CRYSTAL-BAR-600-Puffs-20-1024x576.webp 1024w, https:\/\/vapexyz.com\/wp-content\/uploads\/2024\/07\/ELF-BOX-CRYSTAL-BAR-600-Puffs-20-768x432.webp 768w, https:\/\/vapexyz.com\/wp-content\/uploads\/2024\/07\/ELF-BOX-CRYSTAL-BAR-600-Puffs-20-1536x864.webp 1536w, https:\/\/vapexyz.com\/wp-content\/uploads\/2024\/07\/ELF-BOX-CRYSTAL-BAR-600-Puffs-20-18x10.webp 18w, https:\/\/vapexyz.com\/wp-content\/uploads\/2024\/07\/ELF-BOX-CRYSTAL-BAR-600-Puffs-20-510x287.webp 510w\" sizes=\"auto, (max-width: 1920px) 100vw, 1920px\" \/><\/a><\/p>\n<p>Yhteenvetona voidaan sanoa, ett\u00e4 ELF BOX CRYSTAL BAR 600 Puffs on mestarillinen esimerkki kompaktista h\u00f6yrystysteknologiasta. Sen yhdistelm\u00e4 korkean kapasiteetin 500mAh akun, tarkan 1,6 ohmin kelan ja monipuolisen valikoiman kasvitieteellisi\u00e4 profiileja tekee siit\u00e4 huippuluokan valinnan ammattimaiseen myyntiin. Luota VapeXYZeen tukkutarpeisiisi ja koe ero, jonka kahdeksan vuoden alan johtajuus tuo.<\/p>\n<\/article>","protected":false},"excerpt":{"rendered":"<div class=\"flex-shrink-0 flex flex-col relative items-end\">\n<div>\n<div class=\"pt-0.5 juice:pt-0\">\n<div class=\"gizmo-bot-avatar flex h-6 w-6 items-center justify-center overflow-hidden rounded-full juice:h-8 juice:w-8\">\n<div class=\"relative p-1 rounded-sm flex items-center justify-center bg-token-main-surface-primary text-token-text-primary h-8 w-8\">Vapexyz:ll\u00e4 ELF BOX CRYSTAL BAR 600 Puffs -kertak\u00e4ytt\u00f6iset h\u00f6yrystimet tarjoavat premium-, vaivattoman h\u00f6yryst\u00e4miskokemuksen, jossa on valikoima rikkaita makuja ja h\u00f6yrykest\u00e4vyys, ja ne toimivat pitk\u00e4kestoisella 500mAh akulla ja ovat saatavilla irtotavarana mukavuuden vuoksi.<\/div>\n<\/div>\n<\/div>\n<\/div>\n<\/div>","protected":false},"featured_media":27886,"comment_status":"open","ping_status":"closed","template":"","meta":{"_lmt_disableupdate":"no","_lmt_disable":""},"product_brand":[],"product_cat":[829,990,1019,1020,935,934,927,929,928,930,933,939,932,938,931,936,937,1017,1021,948,946,1023,1025,1026,951,952,1031,1032,1033,953,1037,820,987,1038],"product_tag":[],"class_list":{"0":"post-27885","1":"product","2":"type-product","3":"status-publish","4":"has-post-thumbnail","6":"product_cat-elf-box","7":"product_cat-600-puff-vapes","8":"product_cat-blue-razz-flavor-disposable-vapes","9":"product_cat-blueberry-flavor-disposable-vapes","10":"product_cat-bulk-buy-disposable-vapes-in-austria","11":"product_cat-bulk-buy-disposable-vapes-in-belgium","12":"product_cat-bulk-buy-disposable-vapes-in-europe","13":"product_cat-bulk-buy-disposable-vapes-in-france","14":"product_cat-bulk-buy-disposable-vapes-in-germany","15":"product_cat-bulk-buy-disposable-vapes-in-italy","16":"product_cat-bulk-buy-disposable-vapes-in-netherlands","17":"product_cat-bulk-buy-disposable-vapes-in-norway","18":"product_cat-bulk-buy-disposable-vapes-in-poland","19":"product_cat-bulk-buy-disposable-vapes-in-portugal","20":"product_cat-bulk-buy-disposable-vapes-in-spain","21":"product_cat-bulk-buy-disposable-vapes-in-sweden","22":"product_cat-bulk-buy-disposable-vapes-in-switzerland","23":"product_cat-buy-best-disposable-vape-flavors","24":"product_cat-cherry-flavor-disposable-vapes","25":"product_cat-crystal-vapes","26":"product_cat-disposable-vapes-series","27":"product_cat-grape-flavor-disposable-vapes","28":"product_cat-ice-flavor-disposable-vapes","29":"product_cat-kiwi-flavor-disposable-vapes","30":"product_cat-lower-nicotine-vapes","31":"product_cat-mini-puffs-vapes","32":"product_cat-mixed-berries-flavor-disposable-vapes","33":"product_cat-passion-fruit-flavor-disposable-vapes","34":"product_cat-peach-flavor-disposable-vapes","35":"product_cat-rechargeable-vapes","36":"product_cat-strawberry-flavor-disposable-vapes","37":"product_cat-vape","38":"product_cat-vape-shop-by-puffs","39":"product_cat-watermelon-flavor-disposable-vapes","41":"first","42":"outofstock","43":"shipping-taxable","44":"product-type-variable","45":"has-default-attributes"},"jetpack_sharing_enabled":true,"tiered_pricing_type":"fixed","tiered_pricing_fixed_rules":[],"tiered_pricing_product_settings":{"layout":"default","base_unit_name":{"singular":null,"plural":null},"default_variation":null},"tiered_pricing_minimum_quantity":null,"tiered_pricing_roles_data":[],"tiered_pricing_percentage_rules":[],"tiered_pricing_maximum_quantity":null,"tiered_pricing_quantity_step":null,"_links":{"self":[{"href":"https:\/\/vapexyz.com\/fi\/wp-json\/wp\/v2\/product\/27885","targetHints":{"allow":["GET"]}}],"collection":[{"href":"https:\/\/vapexyz.com\/fi\/wp-json\/wp\/v2\/product"}],"about":[{"href":"https:\/\/vapexyz.com\/fi\/wp-json\/wp\/v2\/types\/product"}],"replies":[{"embeddable":true,"href":"https:\/\/vapexyz.com\/fi\/wp-json\/wp\/v2\/comments?post=27885"}],"wp:featuredmedia":[{"embeddable":true,"href":"https:\/\/vapexyz.com\/fi\/wp-json\/wp\/v2\/media\/27886"}],"wp:attachment":[{"href":"https:\/\/vapexyz.com\/fi\/wp-json\/wp\/v2\/media?parent=27885"}],"wp:term":[{"taxonomy":"product_brand","embeddable":true,"href":"https:\/\/vapexyz.com\/fi\/wp-json\/wp\/v2\/product_brand?post=27885"},{"taxonomy":"product_cat","embeddable":true,"href":"https:\/\/vapexyz.com\/fi\/wp-json\/wp\/v2\/product_cat?post=27885"},{"taxonomy":"product_tag","embeddable":true,"href":"https:\/\/vapexyz.com\/fi\/wp-json\/wp\/v2\/product_tag?post=27885"}],"curies":[{"name":"wp","href":"https:\/\/api.w.org\/{rel}","templated":true}]}}