{"id":17139,"date":"2024-03-09T09:57:39","date_gmt":"2024-03-09T09:57:39","guid":{"rendered":"https:\/\/vapexyz.com\/product\/bang-7000-puffs-0-2-3-5-nicotine-disposable-pod-vape\/"},"modified":"2026-03-04T12:09:46","modified_gmt":"2026-03-04T12:09:46","slug":"bang-7000-suihketta-0-2-3-5-kertakayttoinen-nikotiinikapselin-vape","status":"publish","type":"product","link":"https:\/\/vapexyz.com\/fi\/product\/bang-7000-puffs-0-2-3-5-nicotine-disposable-pod-vape\/","title":{"rendered":"BANG 7000 Puffs irtotavarana ostettavat kertak\u00e4ytt\u00f6iset pod-vape-tuotteet"},"content":{"rendered":"<article style=\"font-family: system-ui, -apple-system, sans-serif; line-height: 1.6; color: #333; max-width: 100%; margin: 0 auto; padding: 20px;\">\n<h2 style=\"color: #2c3e50; border-bottom: 2px solid #3498db; padding-bottom: 8px;\">Kattava katsaus ja tekniset tiedot DOLODA DB7000 Puffs -laitteesta<\/h2>\n<p>Tervetuloa VapeXYZ:\u00e4\u00e4n, johtavaan online-kohteeseesi ja lopulliseen keskukseen korkealaatuisille kertak\u00e4ytt\u00f6isille vapeille. Yli 8 vuoden kokemuksella laitteiston jakeluteollisuudessa, olemme kehitt\u00e4neet vankan, maailmanlaajuisesti tunnustetun toimitusketjun, joka on suunniteltu levitt\u00e4m\u00e4\u00e4n h\u00f6yryst\u00e4misen iloa maailmanlaajuisesti. Ammattimaisena tukkukauppiaana, joka toimii vapexyz.com kautta, olemme luotettavia ja arvostettuja l\u00e4hteit\u00e4si parhaiden laitteistobr\u00e4ndien hankintaan, mukaan lukien BANG BOX, WASPE, UWIN, BIMO, RandM, BANG, VOZOL, Elf Box, MYDE, ja erityisesti, eritt\u00e4in suosittu DOLODA-sarja.  Missiomme on tarjota vertaansa vailla olevaa p\u00e4\u00e4sy\u00e4 alan johtaviin laitteisiin poikkeuksellisen kilpailukykyisill\u00e4 tukkukauppahinnoilla, tukien eritt\u00e4in saavutettavaa v\u00e4himm\u00e4istilausm\u00e4\u00e4r\u00e4\u00e4 (MOQ) vain 10 kappaletta. Olitpa sitten varastoimassa v\u00e4hitt\u00e4iskauppaa tai teet irtotavarana oston, l\u00f6yd\u00e4t markkinoiden luotettavimmat laitteet suoraan tukkukauppaverkostostamme.<\/p>\n<div style=\"text-align: center; margin: 30px 0;\"><a style=\"font-size: 16px; display: inline-block; border-radius: 8px; overflow: hidden; box-shadow: 0 4px 12px rgba(0,0,0,0.15);\" href=\"https:\/\/vapexyz.com\/wp-content\/uploads\/2024\/03\/DOLODA_DB7000puffs_7-1.jpg\"><br \/>\n<img loading=\"lazy\" decoding=\"async\" class=\"alignnone wp-image-17162 size-full\" style=\"max-width: 100%; height: auto; display: block;\" src=\"https:\/\/vapexyz.com\/wp-content\/uploads\/2024\/03\/DOLODA_DB7000puffs_7-1.jpg\" alt=\"DOLODA DB7000 Puffs 0% 2% 3% 5% Korkea pitoisuus Bulkkikauppa Ladattava H\u00e4vytett\u00e4v\u00e4 Pod\" width=\"750\" height=\"950\" title=\"\" srcset=\"https:\/\/vapexyz.com\/wp-content\/uploads\/2024\/03\/DOLODA_DB7000puffs_7-1.jpg 750w, https:\/\/vapexyz.com\/wp-content\/uploads\/2024\/03\/DOLODA_DB7000puffs_7-1-395x500.jpg 395w, https:\/\/vapexyz.com\/wp-content\/uploads\/2024\/03\/DOLODA_DB7000puffs_7-1-9x12.jpg 9w, https:\/\/vapexyz.com\/wp-content\/uploads\/2024\/03\/DOLODA_DB7000puffs_7-1-600x760.jpg 600w, https:\/\/vapexyz.com\/wp-content\/uploads\/2024\/03\/DOLODA_DB7000puffs_7-1-148x187.jpg 148w\" sizes=\"auto, (max-width: 750px) 100vw, 750px\" \/><br \/>\n<\/a><\/div>\n<h2 style=\"color: #2c3e50; border-bottom: 2px solid #3498db; padding-bottom: 8px;\">Insin\u00f6\u00f6ritaito ja osaaminen: DOLODA DB7000 Puffsin sis\u00e4ll\u00e4<\/h2>\n<p>Haittaavien s\u00e4hk\u00f6savukkeiden arvioinnissa taustalla olevan teknisen arkkitehtuurin ymm\u00e4rt\u00e4minen on ensiarvoisen t\u00e4rke\u00e4\u00e4. <a style=\"color: #3498db; text-decoration: none; font-weight: bold;\" href=\"https:\/\/vapexyz.com\/fi\/tuotekategoria\/doloda\/\">DOLODA Kertak\u00e4ytt\u00f6iset h\u00f6yryt<\/a> Linjassa, ja erityisesti DB7000 Puffs -mallissa, on suunniteltu tarjoamaan saumaton, pidennetty k\u00e4ytt\u00f6jakso, joka on r\u00e4\u00e4t\u00e4l\u00f6ity kuluttajille, jotka vaativat uskollista luotettavuutta. T\u00e4m\u00e4 laite k\u00e4ytt\u00e4\u00e4 eritt\u00e4in hienostunutta rakennesuunnittelua, joka on sijoitettu kest\u00e4v\u00e4n, elintarvikek\u00e4ytt\u00f6\u00f6n soveltuvan PCTG (Polykysykloheksyleenidimetyleeni Tereftalaatti Glykoli) -ulkoripun sis\u00e4\u00e4n. T\u00e4m\u00e4 materiaali on standardi huippuluokan kulutuselektroniikassa ja l\u00e4\u00e4ketieteellisiss\u00e4 laitteissa, mik\u00e4 varmistaa absoluuttisen l\u00e4mp\u00f6stabiilisuuden, kemiallisen kest\u00e4vyyden ja iskunkest\u00e4vyyden p\u00e4ivitt\u00e4isen kuljetuksen aikana, ja suojaa siten laitteen sis\u00e4ll\u00e4 olevaa 14ml premium-h\u00f6yryliuosta.<\/p>\n<h3 style=\"color: #34495e; margin-top: 25px;\">Edistynyt termodynamiikka ja mesh-kelatekniikka<\/h3>\n<p>T\u00e4m\u00e4n h\u00f6yrystimen ydinmekanismi on sen edistynyt mesh-kelatekniikka. Toisin kuin perinteiset lankakelat, jotka k\u00e4rsiv\u00e4t usein ep\u00e4tasaisesta l\u00e4mm\u00f6n jakautumisesta ja paikallisista kuumapisteist\u00e4, mesh-l\u00e4mmitinosa tarjoaa mikroskooppisen, kudotun metallisen ruudukon. T\u00e4m\u00e4 suurennettu pinta-ala varmistaa, ett\u00e4 l\u00e4mp\u00f6energiaa hajautetaan t\u00e4ydellisen tasaisesti sis\u00e4isen imeytymateriaalin poikki. Insin\u00f6\u00f6ri n\u00e4k\u00f6kulmasta t\u00e4m\u00e4 tarkoittaa, ett\u00e4 jokainen h\u00f6yrystysliuoksen mikropisara atomisoituu t\u00e4sm\u00e4lleen vaaditussa l\u00e4mp\u00f6tilassa. Tuloksena on monimutkaisten molekyylirakenteiden s\u00e4ilyminen aromaattisissa seoksissa, est\u00e4en hajoamisen ja varmistaden t\u00e4ydellisen tasaisen mauprofiilin ensimm\u00e4isest\u00e4 imusta alkaen jopa 7 000. imuun asti.<\/p>\n<h3 style=\"color: #34495e; margin-top: 25px;\">Virran toimittaminen ja Type-C-integraatio<\/h3>\n<p>Tehostamaan t\u00e4t\u00e4 monimutkaista termodynamiikkaj\u00e4rjestelm\u00e4\u00e4, DOLODA DB7000 Puffs on varustettu korkealaatuisella 500mAh litium-ioni-akulla. Teollisuuden standardien purkausmittareiden perusteella 500mAh-akku l\u00f6yt\u00e4\u00e4 optimaalisen tasapainon - pit\u00e4en laitteen kokonaisjalanj\u00e4ljen huomattavan kevyen\u00e4 ja kannettavana, samalla kun se pit\u00e4\u00e4 riitt\u00e4v\u00e4sti varausta tukemaan pidennettyj\u00e4, korkeataajuisia istuntoja koko p\u00e4iv\u00e4n ajan. Lis\u00e4ksi standardoidun Type-C latausportin integrointi nostaa laitteen nykyaikaisiin vaatimustenmukaisuustandardeihin. Type-C liit\u00e4nn\u00e4 tukee vakaata 5V\/1A virrankuljetusprotokollaa, tehokkaasti t\u00e4ydent\u00e4en akkua turvallisesti noin 45 minuutissa, minimoimalla seisokkiajan ja maksimoimalla laitteiston k\u00e4ytt\u00f6i\u00e4n.<\/p>\n<h2 style=\"color: #2c3e50; border-bottom: 2px solid #3498db; padding-bottom: 8px;\">Empiirinen testaus ja k\u00e4yt\u00e4nn\u00f6n suorituskykymetriikat<\/h2>\n<p>Yksitt\u00e4isten teknisten spesifikaatioiden ulkopuolella empiirinen suorituskyky ja k\u00e4ytt\u00f6kokemus ovat ne, jotka erottavat premium-h\u00e4vytett\u00e4v\u00e4t vape-tuotteet t\u00e4ynn\u00e4 olevalla markkinoilla. Laajojen sis\u00e4isten testausprotokollien ja suurivaihtoehtoisten j\u00e4lleenmyyj\u00e4partnerien ker\u00e4\u00e4m\u00e4n empiirisen palautteen kautta DOLODA DB7000 Puffs on osoittanut poikkeuksellisen johdonmukaisuuden. Miellytt\u00e4v\u00e4n painoinen k\u00e4dess\u00e4, ulkopuolen viimeistely tarjoaa tuntoaistin, ergonomisen otteen, joka aktiivisesti est\u00e4\u00e4 tahattomat pudotukset.<\/p>\n<p>Er\u00e4s testiympyr\u00f6iss\u00e4mme vahvistettu erikoisuus on integroitu s\u00e4\u00e4dett\u00e4v\u00e4 ilmavirtauksen mekanismi. K\u00e4ytt\u00e4j\u00e4t voivat manipuloida tarkkuusinsin\u00f6\u00f6rin valmistamaa imuventtiili\u00e4, joka sijaitsee h\u00f6yrystimen pohjassa, saadakseen t\u00e4ydellisen mekaanisen hallinnan ilman ja h\u00f6yryn suhteesta. Ilmavirtauksen sulkeminen luo rajoitetun, tiukemman imemisen, joka antaa l\u00e4mpim\u00e4n, intensiivisemm\u00e4n kurkkuniskun. Toisaalta ilmavirtauksen avaaminen tuo suuremman m\u00e4\u00e4r\u00e4n ymp\u00e4rist\u00f6n ilmaa h\u00f6yrystyskammiin, mik\u00e4 johtaa viile\u00e4mp\u00e4\u00e4n, suurempaan h\u00f6yrykylm\u00e4\u00e4n tuotantoon ja merkitt\u00e4v\u00e4sti sile\u00e4mp\u00e4\u00e4n hengitykseen. Imuaktivoitu anturi pysyy eritt\u00e4in herkk\u00e4n\u00e4 kaikissa ilmavirtauksen asetuksissa, laukaisten luotettavasti l\u00e4mmityselementin millisekuntien kuluessa siit\u00e4, kun k\u00e4ytt\u00e4j\u00e4 hengitt\u00e4\u00e4.<\/p>\n<h2 style=\"color: #2c3e50; border-bottom: 2px solid #3498db; padding-bottom: 8px;\">Teknisten Spesifikaatioiden Yhteenveto<\/h2>\n<table style=\"width: 100%; border-collapse: collapse; margin: 25px 0; font-family: sans-serif; box-shadow: 0 2px 8px rgba(0,0,0,0.08); background-color: #fff;\">\n<thead>\n<tr style=\"background-color: #34495e; color: #ffffff; text-align: left;\">\n<th style=\"padding: 15px; border: 1px solid #2c3e50; font-weight: 600;\">M\u00e4\u00e4rittelykohta<\/th>\n<th style=\"padding: 15px; border: 1px solid #2c3e50; font-weight: 600;\">Tekninen yksityiskohta<\/th>\n<\/tr>\n<\/thead>\n<tbody>\n<tr style=\"border-bottom: 1px solid #eee;\">\n<td style=\"padding: 12px 15px; font-weight: bold; color: #2c3e50;\">H\u00f6yrykylm\u00e4kapasiteetti<\/td>\n<td style=\"padding: 12px 15px; color: #555;\">14ml (Runsas tilavuus, joka vaatii vain v\u00e4h\u00e4n t\u00e4ydennyksi\u00e4)<\/td>\n<\/tr>\n<tr style=\"background-color: #f9fbfd; border-bottom: 1px solid #eee;\">\n<td style=\"padding: 12px 15px; font-weight: bold; color: #2c3e50;\">Arvioitu savun m\u00e4\u00e4r\u00e4<\/td>\n<td style=\"padding: 12px 15px; color: #555;\">Yli 7 000 Puffia (Riippuu yksitt\u00e4isest\u00e4 imemis pituudesta)<\/td>\n<\/tr>\n<tr style=\"border-bottom: 1px solid #eee;\">\n<td style=\"padding: 12px 15px; font-weight: bold; color: #2c3e50;\">Akun arkkitehtuuri<\/td>\n<td style=\"padding: 12px 15px; color: #555;\">500mAh Litium-Ioni (Optimoitu painon ja tehon suhteeseen)<\/td>\n<\/tr>\n<tr style=\"background-color: #f9fbfd; border-bottom: 1px solid #eee;\">\n<td style=\"padding: 12px 15px; font-weight: bold; color: #2c3e50;\">Latausprotokolla<\/td>\n<td style=\"padding: 12px 15px; color: #555;\">Ladattavissa standardinmukaisen Type-C-portin kautta<\/td>\n<\/tr>\n<tr style=\"border-bottom: 1px solid #eee;\">\n<td style=\"padding: 12px 15px; font-weight: bold; color: #2c3e50;\">L\u00e4mmityselementti<\/td>\n<td style=\"padding: 12px 15px; color: #555;\">Ke advanced Mesh Coil (Takaavat tasaisen l\u00e4mp\u00f6jakauman)<\/td>\n<\/tr>\n<tr style=\"background-color: #f9fbfd; border-bottom: 1px solid #eee;\">\n<td style=\"padding: 12px 15px; font-weight: bold; color: #2c3e50;\">Ilmavirran ohjaus<\/td>\n<td style=\"padding: 12px 15px; color: #555;\">T\u00e4ysin s\u00e4\u00e4dett\u00e4v\u00e4 per\u00e4venttiili r\u00e4\u00e4t\u00e4l\u00f6ity\u00e4 hengityst\u00e4 varten<\/td>\n<\/tr>\n<tr style=\"border-bottom: 1px solid #eee;\">\n<td style=\"padding: 12px 15px; font-weight: bold; color: #2c3e50;\">Konsentraatioasetukset<\/td>\n<td style=\"padding: 12px 15px; color: #555;\">0%, 2%, 3% tai 5% (Premium-suolapohjainen formula)<\/td>\n<\/tr>\n<tr style=\"background-color: #f9fbfd;\">\n<td style=\"padding: 12px 15px; font-weight: bold; color: #2c3e50;\">Tukkupakkaus<\/td>\n<td style=\"padding: 12px 15px; color: #555;\">10 kappaletta per\u00e4kk\u00e4in v\u00e4hitt\u00e4isn\u00e4ytt\u00f6laatikossa<\/td>\n<\/tr>\n<\/tbody>\n<\/table>\n<h2 style=\"color: #2c3e50; border-bottom: 2px solid #3498db; padding-bottom: 8px;\">Aistinvaraiset makuprofiilit ja aromaattiset seokset<\/h2>\n<p>Mink\u00e4 tahansa huippuluokan laitteen ydinvetovoima piileksyy sen huolellisesti muotoilluissa aromiseoksissa. DOLODA DB7000 Puffs on esilastattu anteliaalla 14ml kapasiteetilla asiantuntevasti valmistettua h\u00f6yrystysliuosta. K\u00e4ytt\u00e4en huippuluokan suolapohjaisia ainesosia, k\u00e4ytt\u00e4j\u00e4t voivat valita 0%, 2%, 3% tai 5% pitoisuustasoista, palvellen erilaisia mieltymyksi\u00e4 ja alueellisia markkinavaatimuksia. Jokainen profiili on kehitetty asiantuntevilla mixologeilla, jotta varmistetaan tasapainoinen, autenttinen ja eritt\u00e4in nautittava aistikas kokemus alusta loppuun. Alla ovat huolellisesti valmistetut vaihtoehdot saatavilla:<\/p>\n<ul style=\"list-style-type: none; padding-left: 0;\">\n<li style=\"margin-bottom: 15px; padding-left: 20px; border-left: 4px solid #3498db;\">Lush Ice: Kes\u00e4isten vesimelonin vivahteiden mestarillisesti tasapainotettu uute, joka p\u00e4\u00e4ttyy syv\u00e4\u00e4n virkist\u00e4v\u00e4\u00e4n mentoliviimaan. Se tarjoaa raikkaan, viilent\u00e4v\u00e4n tunteen hengitett\u00e4ess\u00e4, joka el\u00e4v\u00f6itt\u00e4\u00e4 aisteja.<\/li>\n<li style=\"margin-bottom: 15px; padding-left: 20px; border-left: 4px solid #3498db;\">Blue Razz Ice: T\u00e4m\u00e4 profiili vangitsee makean ja hapan sinisen vadelmakan konfetin olemuksen, asiantuntevasti yhdistettyn\u00e4 j\u00e4iseen alatoiveeseen, joka simuloi pakastetun j\u00e4lkiruokakokemuksen.<\/li>\n<li style=\"margin-bottom: 15px; padding-left: 20px; border-left: 4px solid #3498db;\">Mansikka-vesimeloni: Klassinen kasvitieteellinen yhdistelm\u00e4. Makeat, viinik\u00f6ynn\u00f6ksess\u00e4 kypsyneet mansikkahajusteet kietoutuvat t\u00e4ydellisesti yhteen luonnollisen vesimelonin kevyiden, virkist\u00e4vien ominaisuuksien kanssa.<\/li>\n<li style=\"margin-bottom: 15px; padding-left: 20px; border-left: 4px solid #3498db;\">Ryp\u00e4leen J\u00e4\u00e4: Esitellen rikkaat, tummat ja voimakkaat aromit concord-ryp\u00e4leist\u00e4, t\u00e4m\u00e4 seos tarjoaa syv\u00e4n, t\u00e4ytel\u00e4isen profiilin, joka j\u00e4\u00e4htyy v\u00e4litt\u00f6m\u00e4sti j\u00e4\u00e4hdytt\u00e4v\u00e4st\u00e4, puhtaasta uloshengityksest\u00e4.<\/li>\n<li style=\"margin-bottom: 15px; padding-left: 20px; border-left: 4px solid #3498db;\">Mansikka-Banaani: Sujuva, \u00e4\u00e4rimm\u00e4isen kermainen yhdistelm\u00e4 banaaniaromeja, jotka ovat tasaisesti kerrostuneet kirkkaiden, makeiden mansikkakorostusten alapuolelle.<\/li>\n<li style=\"margin-bottom: 15px; padding-left: 20px; border-left: 4px solid #3498db;\">Gummy Bear: Suunniteltu niille, jotka arvostavat makeisten makeutta, t\u00e4m\u00e4 erikoisseos j\u00e4ljittelee klassisten pureskelukarkkien nostalgista, monikerroksista hedelm\u00e4isyytt\u00e4.<\/li>\n<li style=\"margin-bottom: 15px; padding-left: 20px; border-left: 4px solid #3498db;\">Kaksoisomenat: Monimutkainen, kerroksellinen omenasekoitus, joka yhdist\u00e4\u00e4 vihann omenoiden tartun, raikkaan maun kanssa kypsien punaisen omenoiden miedon, py\u00f6re\u00e4n makeuden.<\/li>\n<li style=\"margin-bottom: 15px; padding-left: 20px; border-left: 4px solid #3498db;\">Pina Colada: Todellinen trooppinen pakopaikka, jossa tuoreen ananaksen ter\u00e4v\u00e4t, kirkkaat sitrusmuistiinpanot ovat t\u00e4ydellisesti tasapainossa kookosvoiteen rikkaiden, silkkisten alatoonien kanssa.<\/li>\n<\/ul>\n<h2 style=\"color: #2c3e50; border-bottom: 2px solid #3498db; padding-bottom: 8px;\">Vallan ja luottamuksen rakentaminen tukkukaupassa<\/h2>\n<p>Hajautettujen kertak\u00e4ytt\u00f6isten h\u00f6yrystimien maailmanlaajuisena B2B-jakelijana VapeXYZ asettaa etusijalle luottamuksen, avoimuuden ja tiukan s\u00e4\u00e4ntelyvaatimusten noudattamisen. DOLODA DB7000 Puffs valmistetaan ISO-standardien mukaisissa tiloissa, jotka noudattavat tiukkoja laadunvarmistusprotokollia. Jokainen tuotantovaihe k\u00e4yd\u00e4\u00e4n l\u00e4pi kattavan testauksen, jolla varmistetaan akun turvallisuus, kelan vastuksen tarkkuus ja hermeettisen s\u00e4ili\u00f6n tiivistys, jotta estet\u00e4\u00e4n mahdolliset vuodot kansainv\u00e4lisess\u00e4 kuljetuksessa tai kuluttajan k\u00e4yt\u00f6ss\u00e4.<\/p>\n<p>V\u00e4\u00e4r\u00e4t laitteet edustavat merkitt\u00e4v\u00e4\u00e4 riski\u00e4 nykyaikaisilla laitteistomarkkinoilla. Vahvistettuna ensisijaisena jakelijana VapeXYZ takaa 100% aitouden jokaiselle yksik\u00f6lle, joka l\u00e4hetet\u00e4\u00e4n. Laitteet ovat standardien CE- ja RoHS-sertifikaattien mukaisia, mik\u00e4 varmistaa ostajille, ett\u00e4 elektroniikkakomponentit ovat vaarattomien materiaalien vapaita. Lis\u00e4ksi turvallinen, ilmastoitu jakeluketju takaa, ett\u00e4 tuotteet s\u00e4ilytet\u00e4\u00e4n optimaalisesti ennen maailmanlaajuista l\u00e4hett\u00e4mist\u00e4, est\u00e4en akkukennojen tai aromiprofiilien heikkenemisen varastoinnin aikana.<\/p>\n<p>Ymm\u00e4rr\u00e4mme, ett\u00e4 tukkukumppaneillemme toimitusketjun luotettavuus on kriittinen liiketoiminnan v\u00e4ltt\u00e4m\u00e4tt\u00f6myys. Tarjoamalla DOLODA DB7000 Puffs -tuotteita ammattimaisissa n\u00e4yteikkunoiden laatikoissa, joissa on 10 yksitt\u00e4in pakattua yksikk\u00f6\u00e4, sujuvoitamme varastonhallintaa ja myyntipisteen esittely\u00e4 v\u00e4hitt\u00e4iskaupoissa. Suorammin tehtaasta hankinnan malli ohittaa tarkoituksella tarpeettomat v\u00e4litt\u00e4j\u00e4t, mik\u00e4 varmistaa, ett\u00e4 asiakkaamme saavat ehj\u00e4n\u00e4t laitteet markkinoiden kilpailukykyisimpiin hintoihin.<\/p>\n<div style=\"background-color: #f4f7f6; border-left: 6px solid #2c3e50; padding: 25px; border-radius: 0 8px 8px 0; margin: 35px 0; box-shadow: 0 2px 10px rgba(0,0,0,0.05);\">\n<h3 style=\"margin-top: 0; color: #2c3e50; font-size: 1.3em;\">V\u00e4ltt\u00e4m\u00e4tt\u00f6m\u00e4t tietopisteet optimaalista k\u00e4ytt\u00f6\u00e4 varten<\/h3>\n<ul style=\"line-height: 1.8; color: #444; margin-bottom: 0;\">\n<li>Idealinen s\u00e4ilytysolosuhteet: S\u00e4ilyt\u00e4 laite aina viile\u00e4ss\u00e4, kuivassa ymp\u00e4rist\u00f6ss\u00e4, pois suoralta, pitk\u00e4aikaiselta auringonvalolta tai \u00e4\u00e4rimm\u00e4isilt\u00e4 l\u00e4mp\u00f6tilan vaihteluilta, jotta s\u00e4ilytet\u00e4\u00e4n premium-h\u00f6yrynsy\u00f6tt\u00f6ratkaisun kemiallinen eheys ja litium-ioni-akun k\u00e4ytt\u00f6ik\u00e4.<\/li>\n<li>Akun hoito ja turvallisuus: Vaikka laitteessa on nykyaikaiset turvaominaisuudet, on suositeltavaa irrottaa laite verkosta, kun se on t\u00e4yssytty (yleens\u00e4 ~45 minuutissa). V\u00e4lt\u00e4 sen j\u00e4tt\u00e4mist\u00e4 verkkoon y\u00f6n yli maksimoidaksesi 500mAh-akun k\u00e4ytt\u00f6i\u00e4n.<\/li>\n<li>Ilmavirran s\u00e4\u00e4t\u00e4minen: Parhaimman aistikokemuksen saavuttamiseksi kokeile alapuolelle asennettua ilmavirran s\u00e4\u00e4t\u00f6venttiili\u00e4. L\u00f6yt\u00e4m\u00e4ll\u00e4 henkil\u00f6kohtaisen \u201cmakean paikan\u201d tihe\u00e4n pilven tuotannon ja voimakkaan profiilin toimittamisen v\u00e4lill\u00e4 parantaa merkitt\u00e4v\u00e4sti yleist\u00e4 tyytyv\u00e4isyytt\u00e4.<\/li>\n<li>Ymp\u00e4rist\u00f6vastuu: Koska t\u00e4m\u00e4 tuote sis\u00e4lt\u00e4\u00e4 litium-ioni-akun ja sis\u00e4isen elektronisen piirin, noudata paikallisia elektronisen j\u00e4tteen (e-j\u00e4tteen) h\u00e4vitt\u00e4mism\u00e4\u00e4r\u00e4yksi\u00e4, kun laite on saavuttanut 7 000 puuska k\u00e4ytt\u00f6i\u00e4n. \u00c4l\u00e4 h\u00e4vit\u00e4 sit\u00e4 tavallisen kotitalousj\u00e4tteen mukana.<\/li>\n<\/ul>\n<\/div>\n<h2 style=\"color: #2c3e50; border-bottom: 2px solid #3498db; padding-bottom: 8px;\">Usein kysytyt kysymykset (FAQ)<\/h2>\n<div style=\"margin: 25px 0;\">\n<div style=\"border: 1px solid #e0e0e0; border-radius: 8px; padding: 18px; margin-bottom: 15px; background-color: #ffffff; box-shadow: 0 2px 5px rgba(0,0,0,0.03); transition: box-shadow 0.3s ease;\">Mik\u00e4 on v\u00e4himm\u00e4istilausm\u00e4\u00e4r\u00e4 (MOQ) VapeXYZ:n kautta teht\u00e4ville tukkupurchaseille?<br \/>\n<span style=\"color: #555; display: block; line-height: 1.6;\">A: Olemme ylpeit\u00e4 siit\u00e4, ett\u00e4 tuemme kaiken kokoisia yrityksi\u00e4 pit\u00e4m\u00e4ll\u00e4 eritt\u00e4in edullisen v\u00e4himm\u00e4istilausm\u00e4\u00e4r\u00e4n vain 10 kappaletta. N\u00e4m\u00e4 saapuvat ammattimaisesti pakattuina v\u00e4hitt\u00e4isn\u00e4ytt\u00f6laatikkoon, mik\u00e4 tekee niist\u00e4 v\u00e4litt\u00f6m\u00e4sti valmiita myym\u00e4l\u00e4hyllyille.<\/span><\/div>\n<div style=\"border: 1px solid #e0e0e0; border-radius: 8px; padding: 18px; margin-bottom: 15px; background-color: #ffffff; box-shadow: 0 2px 5px rgba(0,0,0,0.03); transition: box-shadow 0.3s ease;\">K: Ovatko n\u00e4m\u00e4 h\u00e4vytett\u00e4v\u00e4t s\u00e4hk\u00f6savukkeet ladattavia, ja mit\u00e4 erityist\u00e4 kaapelia tarvitaan?<br \/>\n<span style=\"color: #555; display: block; line-height: 1.6;\">Kyll\u00e4, DOLODA DB7000 Puffsissa on sis\u00e4\u00e4nrakennettu 500mAh ladattava akku. Siin\u00e4 k\u00e4ytet\u00e4\u00e4n standardia Type-C latauskaapelia (samaa kuin useimmat nykyaikaiset \u00e4lypuhelimet), jotta varmistetaan nopea, tehokas ja yleisesti saatavilla oleva virran t\u00e4ydent\u00e4minen.<\/span><\/div>\n<div style=\"border: 1px solid #e0e0e0; border-radius: 8px; padding: 18px; margin-bottom: 15px; background-color: #ffffff; box-shadow: 0 2px 5px rgba(0,0,0,0.03); transition: box-shadow 0.3s ease;\">K: Mist\u00e4 tied\u00e4n lopullisesti, milloin laite on saavuttanut k\u00e4ytt\u00f6i\u00e4ns\u00e4 lopun?<br \/>\n<span style=\"color: #555; display: block; line-height: 1.6;\">Huomaat kaksi ensisijaista indikaattoria: selke\u00e4n, pysyv\u00e4n h\u00f6yryn tuotannon laskun, jopa t\u00e4yteen ladatun akun j\u00e4lkeen, ja merkitt\u00e4v\u00e4n muutoksen tai haalistumisen aromiprofiilin voimakkuudessa. T\u00e4m\u00e4 osoittaa, ett\u00e4 14 ml:n sis\u00e4inen kapasiteetti on t\u00e4ysin h\u00f6yrystetty.<\/span><\/div>\n<div style=\"border: 1px solid #e0e0e0; border-radius: 8px; padding: 18px; margin-bottom: 15px; background-color: #ffffff; box-shadow: 0 2px 5px rgba(0,0,0,0.03); transition: box-shadow 0.3s ease;\">M: Mitk\u00e4 erityiset pitoisuustasot ovat saatavilla t\u00e4t\u00e4 mallia varten?<br \/>\n<span style=\"color: #555; display: block; line-height: 1.6;\">Laajan markkinoiden vaatimustenmukaisuuden varmistamiseksi ja eri k\u00e4ytt\u00e4jien mieltymyksien huomioon ottamiseksi laite valmistetaan premium-suolapohjaisilla formulaatioilla, jotka ovat saatavilla 0%, 2%, 3% ja 5% pitoisuustasoina.<\/span><\/div>\n<div style=\"border: 1px solid #e0e0e0; border-radius: 8px; padding: 18px; margin-bottom: 15px; background-color: #ffffff; box-shadow: 0 2px 5px rgba(0,0,0,0.03); transition: box-shadow 0.3s ease;\">V: Voinko s\u00e4\u00e4t\u00e4\u00e4 h\u00f6yrytuoton sopivaksi omaan hengitystyyliini?<br \/>\n<span style=\"color: #555; display: block; line-height: 1.6;\">A: Absoluuttisesti. Laitteen pohjassa sijaitseva integroitu mekaaninen ilmavirtauksen s\u00e4\u00e4t\u00f6venttiili mahdollistaa saumattoman siirtymisen tiukan, rajoitetun savun ja l\u00f6ys\u00e4n, ilmavan savun v\u00e4lill\u00e4, mik\u00e4 mahdollistaa jokaisella imulla tuotetun h\u00f6yryn m\u00e4\u00e4r\u00e4n mukauttamisen.<\/span><\/div>\n<\/div>\n<\/article>","protected":false},"excerpt":{"rendered":"<p><strong>\ud83d\udc4b<span style=\"color: #ed1c24;\">Valitettavasti t\u00e4m\u00e4 tuote on loppuunmyyty. Ole hyv\u00e4 ja tarkista<\/span>\u00a0<span style=\"color: #0000ff;\"><a style=\"color: #0000ff;\" href=\"https:\/\/vapexyz.com\/fi\/tuote\/bang-king-smartscreen-15000-puffs-0-2-3-5-nikotiini-ladattava-kertakayttoinen-vape-tukkumyynti\/\">uusia tuotteita<\/a><\/span>.<\/strong><\/p>\n<p>Bang 7000 Puffs on kompakti ja tyylik\u00e4s kertak\u00e4ytt\u00f6inen vape-sarja, joka tarjoaa k\u00e4tev\u00e4n ja tyydytt\u00e4v\u00e4n h\u00f6yrytyskokemuksen. Se on t\u00e4ydellinen niille, jotka haluavat yksinkertaisen mutta tyylikk\u00e4\u00e4n lookin.<\/p>","protected":false},"featured_media":17138,"comment_status":"open","ping_status":"closed","template":"","meta":{"_lmt_disableupdate":"no","_lmt_disable":""},"product_brand":[],"product_cat":[1010,1018,821,1020,935,934,927,929,928,930,933,939,932,938,931,936,937,1017,946,1023,1024,1025,1026,951,1029,1030,1032,1033,1034,953,1036,1037,987,1038],"product_tag":[],"class_list":{"0":"post-17139","1":"product","2":"type-product","3":"status-publish","4":"has-post-thumbnail","6":"product_cat-7000-puff-vapes","7":"product_cat-apple-flavor-disposable-vapes","8":"product_cat-bang","9":"product_cat-blueberry-flavor-disposable-vapes","10":"product_cat-bulk-buy-disposable-vapes-in-austria","11":"product_cat-bulk-buy-disposable-vapes-in-belgium","12":"product_cat-bulk-buy-disposable-vapes-in-europe","13":"product_cat-bulk-buy-disposable-vapes-in-france","14":"product_cat-bulk-buy-disposable-vapes-in-germany","15":"product_cat-bulk-buy-disposable-vapes-in-italy","16":"product_cat-bulk-buy-disposable-vapes-in-netherlands","17":"product_cat-bulk-buy-disposable-vapes-in-norway","18":"product_cat-bulk-buy-disposable-vapes-in-poland","19":"product_cat-bulk-buy-disposable-vapes-in-portugal","20":"product_cat-bulk-buy-disposable-vapes-in-spain","21":"product_cat-bulk-buy-disposable-vapes-in-sweden","22":"product_cat-bulk-buy-disposable-vapes-in-switzerland","23":"product_cat-buy-best-disposable-vape-flavors","24":"product_cat-disposable-vapes-series","25":"product_cat-grape-flavor-disposable-vapes","26":"product_cat-guava-flavor-disposable-vapes","27":"product_cat-ice-flavor-disposable-vapes","28":"product_cat-kiwi-flavor-disposable-vapes","29":"product_cat-lower-nicotine-vapes","30":"product_cat-mango-flavor-disposable-vapes","31":"product_cat-mint-flavor-disposable-vapes","32":"product_cat-passion-fruit-flavor-disposable-vapes","33":"product_cat-peach-flavor-disposable-vapes","34":"product_cat-pineapple-flavor-disposable-vapes","35":"product_cat-rechargeable-vapes","36":"product_cat-red-bull-flavor-disposable-vapes","37":"product_cat-strawberry-flavor-disposable-vapes","38":"product_cat-vape-shop-by-puffs","39":"product_cat-watermelon-flavor-disposable-vapes","41":"first","42":"outofstock","43":"shipping-taxable","44":"purchasable","45":"product-type-simple"},"jetpack_sharing_enabled":true,"tiered_pricing_type":"fixed","tiered_pricing_fixed_rules":[],"tiered_pricing_product_settings":{"layout":"default","base_unit_name":{"singular":null,"plural":null},"default_variation":null},"tiered_pricing_minimum_quantity":null,"tiered_pricing_roles_data":[],"tiered_pricing_percentage_rules":[],"tiered_pricing_maximum_quantity":null,"tiered_pricing_quantity_step":null,"_links":{"self":[{"href":"https:\/\/vapexyz.com\/fi\/wp-json\/wp\/v2\/product\/17139","targetHints":{"allow":["GET"]}}],"collection":[{"href":"https:\/\/vapexyz.com\/fi\/wp-json\/wp\/v2\/product"}],"about":[{"href":"https:\/\/vapexyz.com\/fi\/wp-json\/wp\/v2\/types\/product"}],"replies":[{"embeddable":true,"href":"https:\/\/vapexyz.com\/fi\/wp-json\/wp\/v2\/comments?post=17139"}],"wp:featuredmedia":[{"embeddable":true,"href":"https:\/\/vapexyz.com\/fi\/wp-json\/wp\/v2\/media\/17138"}],"wp:attachment":[{"href":"https:\/\/vapexyz.com\/fi\/wp-json\/wp\/v2\/media?parent=17139"}],"wp:term":[{"taxonomy":"product_brand","embeddable":true,"href":"https:\/\/vapexyz.com\/fi\/wp-json\/wp\/v2\/product_brand?post=17139"},{"taxonomy":"product_cat","embeddable":true,"href":"https:\/\/vapexyz.com\/fi\/wp-json\/wp\/v2\/product_cat?post=17139"},{"taxonomy":"product_tag","embeddable":true,"href":"https:\/\/vapexyz.com\/fi\/wp-json\/wp\/v2\/product_tag?post=17139"}],"curies":[{"name":"wp","href":"https:\/\/api.w.org\/{rel}","templated":true}]}}