{"id":17044,"date":"2024-03-09T09:55:31","date_gmt":"2024-03-09T09:55:31","guid":{"rendered":"https:\/\/vapexyz.com\/product\/bang-king-9000-puffs-vape-original-e-cigarette\/"},"modified":"2025-04-16T03:52:47","modified_gmt":"2025-04-16T03:52:47","slug":"bang-king-9000-puffs-vape-alkuperainen-e-savuke","status":"publish","type":"product","link":"https:\/\/vapexyz.com\/fi\/product\/bang-king-9000-puffs-vape-original-e-cigarette\/","title":{"rendered":"Bang King 9000 Puffs Vape alkuper\u00e4inen E-savuke Bulk Osta"},"content":{"rendered":"<h6><span style=\"vertical-align: inherit;\">Toimituskulut lasketaan automaattisesti, kun valitset toimituskohteen kassalla.<\/span><\/h6>\n<p>Bang King 9000 on Bang-tuotemerkin lanseeraama uusin muodikas kertak\u00e4ytt\u00f6inen vape. Vape on pakattu urheiluelementill\u00e4 - urheiluvesikupilla, joka tekee Vaperista urheilullisemman ja muodikkaamman, kun k\u00e4yt\u00e4t t\u00e4t\u00e4 tuotetta. Kun k\u00e4yt\u00e4t rentoja urheiluvaatteita, pit\u00e4m\u00e4ll\u00e4 t\u00e4m\u00e4 <a href=\"https:\/\/vapexyz.com\/fi\/tuotekategoria\/pamaus\/\">Pamaus<\/a> Kun King 9000 -tuote on k\u00e4dess\u00e4si, siit\u00e4 tulee v\u00e4litt\u00f6m\u00e4sti huomion keskipiste, ja yhteensopivuus on eritt\u00e4in hyv\u00e4.<\/p>\n<h3>Ominaisuus<\/h3>\n<p>Puffs: Jopa 9000<br \/>\nTilavuus: 20 ml<br \/>\nNikotiini: 0% \/ 2% \/ 3% \/ 5%<br \/>\nAkku: 800mah ladattava akku<br \/>\nPaino: 90g\/kpl<br \/>\nKpl \/ laatikko: 200 kpl \/ laatikko<br \/>\nKokonaispaino: 18 kg\/laatikko<\/p>\n<h3>Makuluettelo<\/h3>\n<p>01. Mansikka banaani<br \/>\n02.Blueberry Raspberry Ice<br \/>\n03. Mango persikka<br \/>\n04. Vesimeloni mansikka<br \/>\n05. Mango-mango<br \/>\n06. Vesimelonij\u00e4\u00e4<br \/>\n07. Marjasekoitus<br \/>\n08. Ryp\u00e4lej\u00e4\u00e4<br \/>\n09. Hapan omena<br \/>\n10. Mansikkaj\u00e4\u00e4<br \/>\n11. Mansikkakiivi<br \/>\n12. Kiivi Passion Fruit Guava<br \/>\n13. Persikkaj\u00e4\u00e4<br \/>\n14. Herra Blue<br \/>\n15. Tiger Blood<br \/>\n16.Minttu<\/p>\n<h3>Toimitustavat<\/h3>\n<p>Teemme yhteisty\u00f6t\u00e4 UPS:n\/DHL:n\/FEDEX:n\/DPD:n jne. kanssa. Valitsemme sopivan toimitustavan toimitusmaasta riippuen varmistaaksemme, ett\u00e4 saat tuotteesi mahdollisimman nopeasti.<\/p>\n<p>Toimitus Yhdysvaltoihin kest\u00e4\u00e4 yleens\u00e4 10 p\u00e4iv\u00e4\u00e4. Toimitus Euroopan maihin kest\u00e4\u00e4 yleens\u00e4 12-15 p\u00e4iv\u00e4\u00e4 ja p\u00e4ivit\u00e4mme logistiikkatiedot reaaliajassa.<\/p>\n<p>Takaamme sinulle vaivattoman kokemuksen, sill\u00e4 me huolehdimme tullausprosessista, eik\u00e4 siit\u00e4 aiheudu veroja. Takaamme, ett\u00e4 100% tuotteistamme l\u00e4p\u00e4isee tulliselvityksen.<\/p>\n<p><img loading=\"lazy\" decoding=\"async\" class=\"alignnone wp-image-33966 size-large\" src=\"https:\/\/vapexyz.com\/wp-content\/uploads\/2024\/10\/Original-Bang-King-9000-Puff-Bar-Disposable-Vape-Pen-16-Flavors-20ml-E-Juice-Rechargeable-E-Cigarette-Wholesale-I-Vape-1024x637.webp\" alt=\"Bang King 9000 Puffs Vape alkuper\u00e4inen E-savuke Bulk Osta\" width=\"1024\" height=\"637\" title=\"\" srcset=\"https:\/\/vapexyz.com\/wp-content\/uploads\/2024\/10\/Original-Bang-King-9000-Puff-Bar-Disposable-Vape-Pen-16-Flavors-20ml-E-Juice-Rechargeable-E-Cigarette-Wholesale-I-Vape-1024x637.webp 1024w, https:\/\/vapexyz.com\/wp-content\/uploads\/2024\/10\/Original-Bang-King-9000-Puff-Bar-Disposable-Vape-Pen-16-Flavors-20ml-E-Juice-Rechargeable-E-Cigarette-Wholesale-I-Vape-500x311.webp 500w, https:\/\/vapexyz.com\/wp-content\/uploads\/2024\/10\/Original-Bang-King-9000-Puff-Bar-Disposable-Vape-Pen-16-Flavors-20ml-E-Juice-Rechargeable-E-Cigarette-Wholesale-I-Vape-768x478.webp 768w, https:\/\/vapexyz.com\/wp-content\/uploads\/2024\/10\/Original-Bang-King-9000-Puff-Bar-Disposable-Vape-Pen-16-Flavors-20ml-E-Juice-Rechargeable-E-Cigarette-Wholesale-I-Vape-18x12.webp 18w, https:\/\/vapexyz.com\/wp-content\/uploads\/2024\/10\/Original-Bang-King-9000-Puff-Bar-Disposable-Vape-Pen-16-Flavors-20ml-E-Juice-Rechargeable-E-Cigarette-Wholesale-I-Vape-510x317.webp 510w, https:\/\/vapexyz.com\/wp-content\/uploads\/2024\/10\/Original-Bang-King-9000-Puff-Bar-Disposable-Vape-Pen-16-Flavors-20ml-E-Juice-Rechargeable-E-Cigarette-Wholesale-I-Vape.webp 1194w\" sizes=\"auto, (max-width: 1024px) 100vw, 1024px\" \/><\/p>","protected":false},"excerpt":{"rendered":"<p><strong>\ud83d\udc4b<span style=\"color: #ed1c24;\">Valitettavasti t\u00e4m\u00e4 tuote on loppuunmyyty. Ole hyv\u00e4 ja tarkista<\/span>\u00a0<span style=\"color: #0000ff;\"><a style=\"color: #0000ff;\" href=\"https:\/\/vapexyz.com\/fi\/tuote\/bang-box-30000-puffs-tuplamaku-0-2-3-5-alhainen-nikotiini-alkuperainen-tehdas-bulk-osta-ladattava-kertakayttoinen-vapes-kyna-tukkumyynti\/\">uusia tuotteita<\/a><\/span>.<\/strong><\/p>\n<p>Bang King 9000 Puffs on Bang-br\u00e4ndin uusin muoti kertak\u00e4ytt\u00f6inen vape.<\/p>","protected":false},"featured_media":17043,"comment_status":"open","ping_status":"closed","template":"","meta":{"_lmt_disableupdate":"no","_lmt_disable":""},"product_brand":[],"product_cat":[1009,1018,821,1020,935,934,927,929,928,930,933,939,932,938,931,936,937,1017,946,1023,1024,1025,1026,951,1029,1030,1032,1033,953,1037,987,1038],"product_tag":[],"class_list":{"0":"post-17044","1":"product","2":"type-product","3":"status-publish","4":"has-post-thumbnail","6":"product_cat-9000-puff-vapes","7":"product_cat-apple-flavor-disposable-vapes","8":"product_cat-bang","9":"product_cat-blueberry-flavor-disposable-vapes","10":"product_cat-bulk-buy-disposable-vapes-in-austria","11":"product_cat-bulk-buy-disposable-vapes-in-belgium","12":"product_cat-bulk-buy-disposable-vapes-in-europe","13":"product_cat-bulk-buy-disposable-vapes-in-france","14":"product_cat-bulk-buy-disposable-vapes-in-germany","15":"product_cat-bulk-buy-disposable-vapes-in-italy","16":"product_cat-bulk-buy-disposable-vapes-in-netherlands","17":"product_cat-bulk-buy-disposable-vapes-in-norway","18":"product_cat-bulk-buy-disposable-vapes-in-poland","19":"product_cat-bulk-buy-disposable-vapes-in-portugal","20":"product_cat-bulk-buy-disposable-vapes-in-spain","21":"product_cat-bulk-buy-disposable-vapes-in-sweden","22":"product_cat-bulk-buy-disposable-vapes-in-switzerland","23":"product_cat-buy-best-disposable-vape-flavors","24":"product_cat-disposable-vapes-series","25":"product_cat-grape-flavor-disposable-vapes","26":"product_cat-guava-flavor-disposable-vapes","27":"product_cat-ice-flavor-disposable-vapes","28":"product_cat-kiwi-flavor-disposable-vapes","29":"product_cat-lower-nicotine-vapes","30":"product_cat-mango-flavor-disposable-vapes","31":"product_cat-mint-flavor-disposable-vapes","32":"product_cat-passion-fruit-flavor-disposable-vapes","33":"product_cat-peach-flavor-disposable-vapes","34":"product_cat-rechargeable-vapes","35":"product_cat-strawberry-flavor-disposable-vapes","36":"product_cat-vape-shop-by-puffs","37":"product_cat-watermelon-flavor-disposable-vapes","39":"first","40":"outofstock","41":"shipping-taxable","42":"purchasable","43":"product-type-simple"},"jetpack_sharing_enabled":true,"tiered_pricing_type":"fixed","tiered_pricing_fixed_rules":[],"tiered_pricing_product_settings":{"layout":"default","base_unit_name":{"singular":null,"plural":null},"default_variation":null},"tiered_pricing_minimum_quantity":null,"tiered_pricing_roles_data":[],"tiered_pricing_percentage_rules":[],"tiered_pricing_maximum_quantity":null,"tiered_pricing_quantity_step":null,"_links":{"self":[{"href":"https:\/\/vapexyz.com\/fi\/wp-json\/wp\/v2\/product\/17044","targetHints":{"allow":["GET"]}}],"collection":[{"href":"https:\/\/vapexyz.com\/fi\/wp-json\/wp\/v2\/product"}],"about":[{"href":"https:\/\/vapexyz.com\/fi\/wp-json\/wp\/v2\/types\/product"}],"replies":[{"embeddable":true,"href":"https:\/\/vapexyz.com\/fi\/wp-json\/wp\/v2\/comments?post=17044"}],"wp:featuredmedia":[{"embeddable":true,"href":"https:\/\/vapexyz.com\/fi\/wp-json\/wp\/v2\/media\/17043"}],"wp:attachment":[{"href":"https:\/\/vapexyz.com\/fi\/wp-json\/wp\/v2\/media?parent=17044"}],"wp:term":[{"taxonomy":"product_brand","embeddable":true,"href":"https:\/\/vapexyz.com\/fi\/wp-json\/wp\/v2\/product_brand?post=17044"},{"taxonomy":"product_cat","embeddable":true,"href":"https:\/\/vapexyz.com\/fi\/wp-json\/wp\/v2\/product_cat?post=17044"},{"taxonomy":"product_tag","embeddable":true,"href":"https:\/\/vapexyz.com\/fi\/wp-json\/wp\/v2\/product_tag?post=17044"}],"curies":[{"name":"wp","href":"https:\/\/api.w.org\/{rel}","templated":true}]}}