{"id":15903,"date":"2024-03-03T08:01:57","date_gmt":"2024-03-03T08:01:57","guid":{"rendered":"https:\/\/vapexyz.com\/?page_id=15903"},"modified":"2024-05-16T12:23:14","modified_gmt":"2024-05-16T12:23:14","slug":"ikapolitiikka","status":"publish","type":"page","link":"https:\/\/vapexyz.com\/fi\/age-policy\/","title":{"rendered":"Ik\u00e4politiikka"},"content":{"rendered":"<h2 dir=\"auto\">Ik\u00e4politiikka<\/h2>\n<h3 dir=\"auto\"><strong>VapeXYZ:n ik\u00e4politiikka<\/strong><\/h3>\n<ol>\n<li>\n<p dir=\"auto\"><strong>Laillinen ik\u00e4vaatimus:<\/strong>\u00a0Asiakkaiden on oltava v\u00e4hint\u00e4\u00e4n 21-vuotiaita Yhdysvaltain s\u00e4\u00e4nn\u00f6sten mukaisesti voidakseen ostaa s\u00e4hk\u00f6savukkeita VapeXYZ:lt\u00e4.<\/p>\n<\/li>\n<li>\n<p dir=\"auto\"><strong>I\u00e4n v\u00e4\u00e4rent\u00e4minen:<\/strong>\u00a0On laitonta antaa v\u00e4\u00e4ri\u00e4 tietoja i\u00e4st\u00e4 tuotteiden ostamista varten, ja t\u00e4llaiset toimet voivat johtaa oikeudellisiin seurauksiin.<\/p>\n<\/li>\n<li>\n<p dir=\"auto\"><strong>Ostamiskielto alaik\u00e4isille:<\/strong>\u00a0Tuotteiden ostaminen alaik\u00e4isten puolesta on ehdottomasti kielletty\u00e4 ja voi johtaa oikeudellisiin seuraamuksiin.<\/p>\n<\/li>\n<li>\n<p dir=\"auto\"><strong>I\u00e4n vahvistusprosessi:<\/strong>\u00a0VapeXYZ k\u00e4ytt\u00e4\u00e4 vankkaa i\u00e4n varmistusprosessia. Asiakkaiden tulee toimittaa henkil\u00f6tiedot, kuten nimi, osoite, syntym\u00e4aika ja sosiaaliturvatunnuksen nelj\u00e4 viimeist\u00e4 numeroa. N\u00e4m\u00e4 tiedot tarkistetaan julkisista tiedoista asiakkaan i\u00e4n varmistamiseksi. Jos sosiaaliturvatunnusta ei anneta, asiakkaiden on ladattava viranomaisten my\u00f6nt\u00e4m\u00e4 henkil\u00f6llisyystodistus vahvistusta varten.<\/p>\n<\/li>\n<li>\n<p dir=\"auto\"><strong>Tilauksen ep\u00e4\u00e4minen:<\/strong>\u00a0VapeXYZ pid\u00e4tt\u00e4\u00e4 oikeuden ev\u00e4t\u00e4 tai peruuttaa tilauksen, jos asianmukaista henkil\u00f6llisyytt\u00e4 ei toimiteta viipym\u00e4tt\u00e4.<\/p>\n<\/li>\n<li>\n<p dir=\"auto\"><strong>Sitoumus nuorten ehk\u00e4isyyn:<\/strong>\u00a0VapeXYZ on sitoutunut est\u00e4m\u00e4\u00e4n alaik\u00e4isten myynnin tiukan i\u00e4nvarmistusj\u00e4rjestelm\u00e4n avulla.<\/p>\n<\/li>\n<li>\n<p dir=\"auto\"><strong>Palvelun kielt\u00e4minen tai rajoitus:<\/strong>\u00a0Verkkomyyntiymp\u00e4rist\u00f6n vuoksi VapeXYZ pid\u00e4tt\u00e4\u00e4 itsell\u00e4\u00e4n oikeuden kielt\u00e4\u00e4 palvelu yksityishenkil\u00f6ilt\u00e4. Asiakas voi ottaa yhteytt\u00e4 asiakaspalveluun, jos uskoo kielt\u00e4ytymisens\u00e4 aiheettomana.<\/p>\n<\/li>\n<li>\n<p dir=\"auto\"><strong>Sivuston sis\u00e4lt\u00f6varoitus:<\/strong>\u00a0Sivustolla on n\u00e4kyv\u00e4sti esill\u00e4 s\u00e4hk\u00f6savukkeita koskeva varoitus, jossa korostetaan lainmukaista tupakoinnin ik\u00e4vaatimusta 21+ Yhdysvalloissa ostosten tekemiselle.<\/p>\n<\/li>\n<\/ol>\n<p dir=\"auto\">\u00a0 \u00a0 Toteuttamalla n\u00e4it\u00e4 toimenpiteit\u00e4 VapeXYZ pyrkii noudattamaan laillisia ik\u00e4rajoituksia, edist\u00e4m\u00e4\u00e4n vastuullisia h\u00f6yrystysk\u00e4yt\u00e4nt\u00f6j\u00e4 ja suojelemaan alaik\u00e4isi\u00e4 p\u00e4\u00e4sem\u00e4st\u00e4 ik\u00e4rajoitettujen tuotteiden k\u00e4ytt\u00f6\u00f6n alustalla.<\/p>","protected":false},"excerpt":{"rendered":"<p>Age Policy Age Policy at VapeXYZ Legal Age Requirement:\u00a0Customers must be at least 21 years old, as per U.S. regulations, to purchase electronic cigarette products from VapeXYZ. Age Falsification:\u00a0It is illegal to provide false information about one&#8217;s age to buy products, and such actions can lead to legal repercussions. Prohibition on Purchasing for Minors:\u00a0Buying products [&#8230;]\n","protected":false},"author":1,"featured_media":0,"parent":0,"menu_order":0,"comment_status":"closed","ping_status":"closed","template":"","meta":{"_lmt_disableupdate":"","_lmt_disable":"","footnotes":""},"class_list":["post-15903","page","type-page","status-publish","hentry"],"jetpack_sharing_enabled":true,"_links":{"self":[{"href":"https:\/\/vapexyz.com\/fi\/wp-json\/wp\/v2\/pages\/15903","targetHints":{"allow":["GET"]}}],"collection":[{"href":"https:\/\/vapexyz.com\/fi\/wp-json\/wp\/v2\/pages"}],"about":[{"href":"https:\/\/vapexyz.com\/fi\/wp-json\/wp\/v2\/types\/page"}],"author":[{"embeddable":true,"href":"https:\/\/vapexyz.com\/fi\/wp-json\/wp\/v2\/users\/1"}],"replies":[{"embeddable":true,"href":"https:\/\/vapexyz.com\/fi\/wp-json\/wp\/v2\/comments?post=15903"}],"version-history":[{"count":0,"href":"https:\/\/vapexyz.com\/fi\/wp-json\/wp\/v2\/pages\/15903\/revisions"}],"wp:attachment":[{"href":"https:\/\/vapexyz.com\/fi\/wp-json\/wp\/v2\/media?parent=15903"}],"curies":[{"name":"wp","href":"https:\/\/api.w.org\/{rel}","templated":true}]}}