{"id":69406,"date":"2026-03-13T09:03:56","date_gmt":"2026-03-13T09:03:56","guid":{"rendered":"https:\/\/vapexyz.com\/?post_type=product&#038;p=69406"},"modified":"2026-03-15T14:42:30","modified_gmt":"2026-03-15T14:42:30","slug":"bang-blaze-200k-dsk069-uhekordsed-veipamid-hulgimuuk-200000-tommet-6-uhes-lulitatava-kahe-vorguga","status":"publish","type":"product","link":"https:\/\/vapexyz.com\/et\/product\/bang-blaze-200k-dsk069-disposable-vapes-wholesale-bulk-buy-200000-puffs-6-in-1-switchable-dual-mesh\/","title":{"rendered":"BANG BLAZE 200K DSK069 \u00dchekordsed Vapes Hulgim\u00fc\u00fck Suur Ost 200000 Puhkumist 6 \u00dches Vahetatava Dual Meshiga"},"content":{"rendered":"<article>\n<h2 style=\"color: #2c3e50;text-align: center\"><a href=\"https:\/\/vapexyz.com\/et\/tootekategooria\/pauk\/\">PANG PLAHVATUS<\/a> 200K DSK069: \u00dclim Hiiglane \u00dchekordselt Kasutatavates Aurustites<\/h2>\n<p>Kas olete valmis vape-kogemuseks, mis lihtsalt ei l\u00f5pe? BANG BLAZE 200K DSK069 on siin, et k\u00f5ike muuta! Sellel on h\u00e4mmastav 200 000 t\u00f5mbe maht, see seade on ehitatud pikaajaliseks l\u00f5buks. See on v\u00e4rviline, nutikas ja t\u00e4iuslik k\u00f5igile, kes soovivad usaldusv\u00e4\u00e4rset \u00fchekordselt kasutatavat vape, mis j\u00e4\u00e4b nende k\u00f5rvale n\u00e4dalateks.<\/p>\n<p>VapeXYZ-is oleme teie usaldusv\u00e4\u00e4rne Euroopa hulgim\u00fc\u00fcgikodu nende uskumatute \u00fchekordselt kasutatavate veipide jaoks. Olenemata sellest, kas ostate endale v\u00f5i oma kauplusele, tagame teile parimad hulgihinnad selles valdkonnas!<\/p>\n<div style=\"margin: 20px 0;font-family: sans-serif;line-height: 1.6;color: #444\">\n<h3 style=\"color: #2980b9;margin-bottom: 12px\">Miks BANG BLAZE 200K on m\u00e4ngumuutuja \ud83d\udc8e<\/h3>\n<p style=\"font-size: 1em;margin: 0\">Koge veipimise tulevikku BANG BLAZE 200K-ga. Konstrueeritud \u00fclimaks vastupidavuseks, see seade pakub t\u00f6\u00f6stusharu juhtivat \u00fcle 200 000 puffs'i, tagades, et teie seade kestab nii kaua kui teie elustiil n\u00f5uab. Olge t\u00e4ielikus kontrollis integreeritud nutika LED-ekraaniga, mis j\u00e4lgib reaalajas aku ja seadme olekut, samas kui meie t\u00e4iustatud Dual Mesh tehnoloogia tagab pidevalt sujuva, tasakaalustatud ja maitsva t\u00f5mbe esimesest puffs'ist viimaseni.<\/p>\n<\/div>\n<h3 style=\"color: #2c3e50\">Avasta oma 6-\u00fches valikud<\/h3>\n<p>Iga seade on nagu aarekapp, mille sees on 6 erinevat sorti! Vaadake \u00fcle suure ostu jaoks saadaval olevad h\u00e4mmastavad valikud:<\/p>\n<table style=\"width: 100%;border-collapse: collapse;margin: 20px 0;border: 1px solid #ddd;font-family: Arial, sans-serif\">\n<thead>\n<tr style=\"background-color: #34495e;color: white;text-align: left\">\n<th style=\"padding: 12px;border: 1px solid #ddd;width: 30%\">Valiku nimi<\/th>\n<th style=\"padding: 12px;border: 1px solid #ddd\">Kaasas Varieties (6 \u00fches)<\/th>\n<\/tr>\n<\/thead>\n<tbody>\n<tr>\n<td style=\"padding: 10px;border: 1px solid #ddd;font-weight: bold;color: #e67e22\">1. P\u00e4ikeseline segu<\/td>\n<td style=\"padding: 10px;border: 1px solid #ddd\">Virsik j\u00e4\u00e4, Sidrun Loomaaed, Maasika Arbuus, Vaarikas Viinamarja, Maasika Mamba, Kirss Granaat\u00f5un<\/td>\n<\/tr>\n<tr style=\"background-color: #f9f9f9\">\n<td style=\"padding: 10px;border: 1px solid #ddd;font-weight: bold;color: #e67e22\">2. Troopiline viljaaed<\/td>\n<td style=\"padding: 10px;border: 1px solid #ddd\">Arbuusi j\u00e4\u00e4, \u00d5una viinamarja, Mustika vaarikas, Mango virsik, Ananassi apelsin, Mustika virsik<\/td>\n<\/tr>\n<tr>\n<td style=\"padding: 10px;border: 1px solid #ddd;font-weight: bold;color: #e67e22\">3. Lahe seiklus<\/td>\n<td style=\"padding: 10px;border: 1px solid #ddd\">Viinamarja j\u00e4\u00e4, Vaarikas sidrun, Mustika Red Bull, Ananass kookos, Maasika liit, Must draakon j\u00e4\u00e4<\/td>\n<\/tr>\n<tr style=\"background-color: #f9f9f9\">\n<td style=\"padding: 10px;border: 1px solid #ddd;font-weight: bold;color: #e67e22\">4. Marjaaiad<\/td>\n<td style=\"padding: 10px;border: 1px solid #ddd\">Mustika j\u00e4\u00e4, Vaarikasarbika, Aloe vera viinamarja, Maasika banaan, Armastus 66, Mustika kirss<\/td>\n<\/tr>\n<tr>\n<td style=\"padding: 10px;border: 1px solid #ddd;font-weight: bold;color: #e67e22\">Magusad maiustused<\/td>\n<td style=\"padding: 10px;border: 1px solid #ddd\">\u00d5un J\u00e4\u00e4, Segatud Marjad, Arbuusi Mesi, Mustika Arbuus, Maasika Mango, Aloe Mango Cantaloup<\/td>\n<\/tr>\n<tr style=\"background-color: #f9f9f9\">\n<td style=\"padding: 10px;border: 1px solid #ddd;font-weight: bold;color: #e67e22\">6. Saareriik Partei<\/td>\n<td style=\"padding: 10px;border: 1px solid #ddd\">Ananassi j\u00e4\u00e4tis, Kiivi P\u00e4ssionifruut Guava, Kummikaru, Arbuusi Draakonifruut, Peedi Mango Arbuus, Mustika j\u00f5hvikas kirss<\/td>\n<\/tr>\n<tr>\n<td style=\"padding: 10px;border: 1px solid #ddd;font-weight: bold;color: #e67e22\">7. Puhta Puuvilja R\u00f5\u00f5m<\/td>\n<td style=\"padding: 10px;border: 1px solid #ddd\">Maasika, Musts\u00f5stra, Ananassi j\u00e4\u00e4tis, Troopilised puuviljad, Viinamarja n\u00e4rimiskumm, Mustika viinamarja, Mango Passion viljad<\/td>\n<\/tr>\n<tr style=\"background-color: #f9f9f9\">\n<td style=\"padding: 10px;border: 1px solid #ddd;font-weight: bold;color: #e67e22\">8. Kuldne Saak<\/td>\n<td style=\"padding: 10px;border: 1px solid #ddd\">Kolmik Mango, Viinamarja-Persikas, Maasika J\u00e4\u00e4tis, Maasika-Kiivi, Viinamarja Energia, Punane Kola<\/td>\n<\/tr>\n<tr>\n<td style=\"padding: 10px;border: 1px solid #ddd;font-weight: bold;color: #e67e22\">9. V\u00e4rskendav tuul<\/td>\n<td style=\"padding: 10px;border: 1px solid #ddd\">Banaani j\u00e4\u00e4, Aloe Vera \u00f5un, Passioonivilja greip, Maasika kookos, Maasika arbuusi n\u00e4rimiskumm, Arbuusi laimi j\u00e4\u00e4<\/td>\n<\/tr>\n<tr style=\"background-color: #f9f9f9\">\n<td style=\"padding: 10px;border: 1px solid #ddd;font-weight: bold;color: #e67e22\">10. Kreemjas &amp; Hapu<\/td>\n<td style=\"padding: 10px;border: 1px solid #ddd\">Kirsi j\u00e4\u00e4, Roosa sidrun, Mustika piparm\u00fcnt, Banaani j\u00e4\u00e4tis, Passioonivilja ananassi j\u00e4\u00e4, Roheline \u00f5un kiivi<\/td>\n<\/tr>\n<tr>\n<td style=\"padding: 10px;border: 1px solid #ddd;font-weight: bold;color: #e67e22\">11. Magusad Unen\u00e4od<\/td>\n<td style=\"padding: 10px;border: 1px solid #ddd\">Vikerkaarekommid, Peedi-P\u00e4\u00e4ri j\u00e4\u00e4, Kaput\u0161iino, V\u00e4rsked piparm\u00fcndi mojito, Maasika Mango Musts\u00f5star, Kohev vahukomm<\/td>\n<\/tr>\n<tr style=\"background-color: #f9f9f9\">\n<td style=\"padding: 10px;border: 1px solid #ddd;font-weight: bold;color: #e67e22\">12. Super Marja Plahvatus<\/td>\n<td style=\"padding: 10px;border: 1px solid #ddd\">Musts\u00f5star, Kolmik Melon, Maasikas Vaarikas, Super Marjad, Mustika Murakas Maasikas, Virsik Limonaad Vesi<\/td>\n<\/tr>\n<\/tbody>\n<\/table>\n<div style=\"background-color: #e8f6f3;border-left: 10px solid #1abc9c;padding: 20px;margin: 30px 0;border-radius: 5px\">\n<h3 style=\"color: #16a085;margin-top: 0\">\ud83d\udca1 Teadmiste kast: nutikas viis aurutada<\/h3>\n<p>BANG BLAZE 200K on loodud kasutajas\u00f5bralikuks. Selle asemel, et kanda paljusid v\u00e4ikseid \u00fchekordselt kasutatavaid vape-seadmeid, asendab see \u00fcks seade need k\u00f5ik. Sellel on taaslaetav 600mAh aku, nii et saate seda lihtsalt Type-C kaabliga \u00fchendada ja j\u00e4tkata kuni viimase t\u00f5mbeni. See on taskukohane ja parem meie \u00fcmber oleva maailma jaoks!<\/p>\n<\/div>\n<h3 style=\"color: #2c3e50\">Tehnilised faktid<\/h3>\n<table style=\"width: 100%;border-collapse: collapse;margin-bottom: 20px\">\n<thead>\n<tr style=\"background-color: #2c3e50;color: white\">\n<th style=\"padding: 12px;border: 1px solid #ddd\">Spetsifikatsioon<\/th>\n<th style=\"padding: 12px;border: 1px solid #ddd\">\u00dcksikasjad<\/th>\n<\/tr>\n<\/thead>\n<tbody>\n<tr>\n<td style=\"padding: 10px;border: 1px solid #ddd;font-weight: bold\">Puff Count<\/td>\n<td style=\"padding: 10px;border: 1px solid #ddd\">200 000 Puhkumist<\/td>\n<\/tr>\n<tr>\n<td style=\"padding: 10px;border: 1px solid #ddd;font-weight: bold\">Aku<\/td>\n<td style=\"padding: 10px;border: 1px solid #ddd\">600mAh (t\u00fc\u00fcp-C laaditav)<\/td>\n<\/tr>\n<tr>\n<td style=\"padding: 10px;border: 1px solid #ddd;font-weight: bold\">M\u00e4hiss\u00fcsteem<\/td>\n<td style=\"padding: 10px;border: 1px solid #ddd\">1,2\u03a9 Duaalv\u00f5ru m\u00e4his<\/td>\n<\/tr>\n<tr>\n<td style=\"padding: 10px;border: 1px solid #ddd;font-weight: bold\">Ekraan<\/td>\n<td style=\"padding: 10px;border: 1px solid #ddd\">Digitaalne nutimonitor<\/td>\n<\/tr>\n<tr>\n<td style=\"padding: 10px;border: 1px solid #ddd;font-weight: bold\">Kogemused<\/td>\n<td style=\"padding: 10px;border: 1px solid #ddd\">6-\u00fches vahetatavad valikud<\/td>\n<\/tr>\n<\/tbody>\n<\/table>\n<div style=\"background-color: #fff9e6;border: 2px dashed #f39c12;border-radius: 15px;padding: 25px;margin-top: 30px\">\n<h3 style=\"color: #d35400;margin-top: 0;text-align: center\">Korduma kippuvad k\u00fcsimused (KKK)<\/h3>\n<div style=\"margin-bottom: 15px\">\n<p style=\"font-weight: bold;color: #2980b9;margin-bottom: 5px\">Kuidas ma saan oma BANG BLAZE laadida?<\/p>\n<p style=\"margin-top: 0;color: #444\">Kasutage lihtsalt Type-C kaablit (nagu enamik kaasaegseid telefone) ja \u00fchendage see seadme p\u00f5hja k\u00fclge. Nutikas ekraan n\u00e4itab teile aku olekut!<\/p>\n<\/div>\n<hr style=\"border: 0;border-top: 1px solid #f39c12;margin: 15px 0\" \/>\n<div style=\"margin-bottom: 15px\">\n<p style=\"font-weight: bold;color: #2980b9;margin-bottom: 5px\">Kas ma saan neid osta suurtes kogustes oma poe jaoks?<\/p>\n<p style=\"margin-top: 0;color: #444\">Jah! VapeXYZ on juhtiv hulgim\u00fc\u00fcgiplatvorm. Me spetsialiseerume Euroopa suurtele tellimustele \u00fchekordselt kasutatavate veipide osas, pakkudes k\u00f5ige konkurentsiv\u00f5imelisemaid hindu.<\/p>\n<\/div>\n<hr style=\"border: 0;border-top: 1px solid #f39c12;margin: 15px 0\" \/>\n<div style=\"margin-bottom: 0\">\n<p style=\"font-weight: bold;color: #2980b9;margin-bottom: 5px\">Kui palju valikuid on \u00fches seadmes?<\/p>\n<p style=\"margin-top: 0;color: #444\">Iga BANG BLAZE 200K seade on varustatud \u201c6-\u00fches\u201d seadistusega, mis t\u00e4hendab, et iga seadme abil saad 6 erinevat elamust!<\/p>\n<\/div>\n<\/div>\n<p><img loading=\"lazy\" decoding=\"async\" class=\"size-full wp-image-69550 aligncenter\" src=\"https:\/\/vapexyz.com\/wp-content\/uploads\/2026\/03\/BANG-BLAZE-200K-DSK069-Disposable-Vapes-Wholesale-Bulk-Buy-200000-Puffs-6-In-1-Switchable-Dual-Mesh-scaled.webp\" alt=\"BANG BLAZE 200K DSK069 \u00dchekordsed Vapes Hulgim\u00fc\u00fck Suur Ost 200000 Puhkumist 6 \u00dches Vahetatava Dual Meshiga\" width=\"1129\" height=\"2560\" title=\"\" srcset=\"https:\/\/vapexyz.com\/wp-content\/uploads\/2026\/03\/BANG-BLAZE-200K-DSK069-Disposable-Vapes-Wholesale-Bulk-Buy-200000-Puffs-6-In-1-Switchable-Dual-Mesh-scaled.webp 1129w, https:\/\/vapexyz.com\/wp-content\/uploads\/2026\/03\/BANG-BLAZE-200K-DSK069-Disposable-Vapes-Wholesale-Bulk-Buy-200000-Puffs-6-In-1-Switchable-Dual-Mesh-221x500.webp 221w, https:\/\/vapexyz.com\/wp-content\/uploads\/2026\/03\/BANG-BLAZE-200K-DSK069-Disposable-Vapes-Wholesale-Bulk-Buy-200000-Puffs-6-In-1-Switchable-Dual-Mesh-452x1024.webp 452w, https:\/\/vapexyz.com\/wp-content\/uploads\/2026\/03\/BANG-BLAZE-200K-DSK069-Disposable-Vapes-Wholesale-Bulk-Buy-200000-Puffs-6-In-1-Switchable-Dual-Mesh-768x1741.webp 768w, https:\/\/vapexyz.com\/wp-content\/uploads\/2026\/03\/BANG-BLAZE-200K-DSK069-Disposable-Vapes-Wholesale-Bulk-Buy-200000-Puffs-6-In-1-Switchable-Dual-Mesh-677x1536.webp 677w, https:\/\/vapexyz.com\/wp-content\/uploads\/2026\/03\/BANG-BLAZE-200K-DSK069-Disposable-Vapes-Wholesale-Bulk-Buy-200000-Puffs-6-In-1-Switchable-Dual-Mesh-903x2048.webp 903w, https:\/\/vapexyz.com\/wp-content\/uploads\/2026\/03\/BANG-BLAZE-200K-DSK069-Disposable-Vapes-Wholesale-Bulk-Buy-200000-Puffs-6-In-1-Switchable-Dual-Mesh-5x12.webp 5w, https:\/\/vapexyz.com\/wp-content\/uploads\/2026\/03\/BANG-BLAZE-200K-DSK069-Disposable-Vapes-Wholesale-Bulk-Buy-200000-Puffs-6-In-1-Switchable-Dual-Mesh-510x1156.webp 510w\" sizes=\"auto, (max-width: 1129px) 100vw, 1129px\" \/><\/p>\n<p style=\"text-align: center;margin-top: 40px;font-size: 1.3em;color: #2ecc71;font-weight: bold\">\u2728 Valmis kogema \u00fclimat puff'i? K\u00fclastage <a href=\"https:\/\/vapexyz.com\/et\/\">VapeXYZ<\/a> ja saada oma BANG BLAZE 200K juba t\u00e4na!<\/p>\n<\/article>","protected":false},"excerpt":{"rendered":"<div id=\"model-response-message-contentr_001ec7cad91754b3\" class=\"markdown markdown-main-panel tutor-markdown-rendering stronger enable-updated-hr-color\" dir=\"ltr\" aria-live=\"polite\">\n<p data-path-to-node=\"0\">T\u00f5stke oma inventuur uuele tasemele BANG BLAZE 200K DSK069-ga, v\u00f5imsa \u00fchekordselt kasutatava veipiga, millel on uskumatud 200 000 t\u00f5mmet, nutikas ekraantehnoloogia ja mitmek\u00fclgsed 6-\u00fches valikud, saadaval hulgiostu jaoks eksklusiivselt VapeXYZ-is.<\/p>\n<\/div>","protected":false},"featured_media":69552,"comment_status":"open","ping_status":"closed","template":"","meta":{"_lmt_disableupdate":"no","_lmt_disable":""},"product_brand":[],"product_cat":[821,1106,947,935,934,927,929,928,930,933,939,932,938,931,936,937,1017,949,946,950,951,953,1105,987],"product_tag":[],"class_list":{"0":"post-69406","1":"product","2":"type-product","3":"status-publish","4":"has-post-thumbnail","6":"product_cat-bang","7":"product_cat-200000-puffs-vapes","8":"product_cat-big-puffs-vapes","9":"product_cat-bulk-buy-disposable-vapes-in-austria","10":"product_cat-bulk-buy-disposable-vapes-in-belgium","11":"product_cat-bulk-buy-disposable-vapes-in-europe","12":"product_cat-bulk-buy-disposable-vapes-in-france","13":"product_cat-bulk-buy-disposable-vapes-in-germany","14":"product_cat-bulk-buy-disposable-vapes-in-italy","15":"product_cat-bulk-buy-disposable-vapes-in-netherlands","16":"product_cat-bulk-buy-disposable-vapes-in-norway","17":"product_cat-bulk-buy-disposable-vapes-in-poland","18":"product_cat-bulk-buy-disposable-vapes-in-portugal","19":"product_cat-bulk-buy-disposable-vapes-in-spain","20":"product_cat-bulk-buy-disposable-vapes-in-sweden","21":"product_cat-bulk-buy-disposable-vapes-in-switzerland","22":"product_cat-buy-best-disposable-vape-flavors","23":"product_cat-digital-box-vapes","24":"product_cat-disposable-vapes-series","25":"product_cat-dual-mesh-vapes","26":"product_cat-lower-nicotine-vapes","27":"product_cat-rechargeable-vapes","28":"product_cat-six-flavor-vapes","29":"product_cat-vape-shop-by-puffs","31":"first","32":"instock","33":"shipping-taxable","34":"purchasable","35":"product-type-variable","36":"has-default-attributes"},"jetpack_sharing_enabled":true,"tiered_pricing_type":"fixed","tiered_pricing_fixed_rules":[],"tiered_pricing_product_settings":{"layout":"default","base_unit_name":{"singular":null,"plural":null},"default_variation":null},"tiered_pricing_minimum_quantity":null,"tiered_pricing_roles_data":[],"tiered_pricing_percentage_rules":[],"tiered_pricing_maximum_quantity":null,"tiered_pricing_quantity_step":null,"_links":{"self":[{"href":"https:\/\/vapexyz.com\/et\/wp-json\/wp\/v2\/product\/69406","targetHints":{"allow":["GET"]}}],"collection":[{"href":"https:\/\/vapexyz.com\/et\/wp-json\/wp\/v2\/product"}],"about":[{"href":"https:\/\/vapexyz.com\/et\/wp-json\/wp\/v2\/types\/product"}],"replies":[{"embeddable":true,"href":"https:\/\/vapexyz.com\/et\/wp-json\/wp\/v2\/comments?post=69406"}],"wp:featuredmedia":[{"embeddable":true,"href":"https:\/\/vapexyz.com\/et\/wp-json\/wp\/v2\/media\/69552"}],"wp:attachment":[{"href":"https:\/\/vapexyz.com\/et\/wp-json\/wp\/v2\/media?parent=69406"}],"wp:term":[{"taxonomy":"product_brand","embeddable":true,"href":"https:\/\/vapexyz.com\/et\/wp-json\/wp\/v2\/product_brand?post=69406"},{"taxonomy":"product_cat","embeddable":true,"href":"https:\/\/vapexyz.com\/et\/wp-json\/wp\/v2\/product_cat?post=69406"},{"taxonomy":"product_tag","embeddable":true,"href":"https:\/\/vapexyz.com\/et\/wp-json\/wp\/v2\/product_tag?post=69406"}],"curies":[{"name":"wp","href":"https:\/\/api.w.org\/{rel}","templated":true}]}}