{"id":62961,"date":"2026-01-16T09:17:44","date_gmt":"2026-01-16T09:17:44","guid":{"rendered":"https:\/\/vapexyz.com\/?post_type=product&#038;p=62961"},"modified":"2026-01-16T09:17:44","modified_gmt":"2026-01-16T09:17:44","slug":"bang-box-200000-tommet-8in1-200k-uhekordselt-kasutatav-vape-8-maitse-valikut-lcd-ekraan-hulgimuuk-suur-ost","status":"publish","type":"product","link":"https:\/\/vapexyz.com\/et\/product\/bang-box-200000-puffs-8in1-200k-disposable-vapes-8-taste-options-lcd-screen-wholesale-bulk-buy\/","title":{"rendered":"BANG BOX 200000 Puhffi 8IN1 200K \u00dchekordselt kasutatav Vape 8 Maitsevalikut LCD ekraan Hulgim\u00fc\u00fck Suur Ostmine"},"content":{"rendered":"<article>\n<h2 style=\"color: #2c3e50; text-align: center;\">Tere tulemast Hiiglaslikku Maailma <a href=\"https:\/\/vapexyz.com\/et\/tootekategooria\/pauk\/\">BANG BOX<\/a> 200 000 Puhffi 8IN1!<\/h2>\n<p>Kas otsite midagi t\u00f5eliselt suurt ja p\u00f5nevat? Tutvuge BANG BOX 200000 Puffs 8IN1, \u00fchekordselt kasutatava vape 20maailma superkangelasega! See pole lihtsalt tavaline seade; see on tohutu j\u00f5uallikas, mis on loodud kestma v\u00e4ga pikka aega. H\u00e4mmastavate 200 000 t\u00f5mbe ja erilise 8-\u00fches disainiga saate rohkem valikuid ja rohkem l\u00f5bu kui kunagi varem.<\/p>\n<p>VapeXYZ-is oleme uhked, et oleme teie <a href=\"https:\/\/vapexyz.com\/et\/\">Lemmik Euroopa hulgim\u00fc\u00fcja \u00fchekordselt kasutatavatele veipidele<\/a>. Toome parimad tooted otse teie juurde, et saaksite nautida k\u00f5rget kvaliteeti ja suurt v\u00e4\u00e4rtust \u00fches kohas!<\/p>\n<div style=\"background-color: #eef9ff; border-left: 6px solid #3498db; padding: 20px; border-radius: 8px; margin: 20px 0;\">\n<h3 style=\"margin-top: 0; color: #2980b9;\">\ud83c\udf1f Miks on BANG BOX 200000 nii eriline?<\/h3>\n<p>Kuvutage endale kaheksa erinevat maitseelamust \u00fchesainsas \u00fchekordselt kasutatavas vape'is! See seade sisaldab nutikat s\u00fcsteemi, kus saate vahetada erinevate valikute vahel igal ajal, kui soovite. Sellel on ka nutikas LCD-ekraan, mis n\u00e4itab teile t\u00e4pselt, kui palju akut ja mahtu on j\u00e4\u00e4nud. Pole enam oletamist!<\/p>\n<\/div>\n<div style=\"width: 720px;\" class=\"wp-video\"><video class=\"wp-video-shortcode\" id=\"video-62961-1\" width=\"720\" height=\"1280\" preload=\"metadata\" controls=\"controls\"><source type=\"video\/mp4\" src=\"https:\/\/vapexyz.com\/wp-content\/uploads\/2026\/01\/BANG-BOX-200000-PPuffs-8IN1-200K-Disposable-Vapes-8-Taste-Options-LCD-screen-Wholesale-Bulk-Buy-1.mp4?_=1\" \/><a href=\"https:\/\/vapexyz.com\/wp-content\/uploads\/2026\/01\/BANG-BOX-200000-PPuffs-8IN1-200K-Disposable-Vapes-8-Taste-Options-LCD-screen-Wholesale-Bulk-Buy-1.mp4\">https:\/\/vapexyz.com\/wp-content\/uploads\/2026\/01\/BANG-BOX-200000-PPuffs-8IN1-200K-Disposable-Vapes-8-Taste-Options-LCD-screen-Wholesale-Bulk-Buy-1.mp4<\/a><\/video><\/div>\n<h2 style=\"color: #2c3e50;\">Lahedad Funktsioonid, Mida Sa Armastad<\/h2>\n<ul style=\"line-height: 1.8; color: #444;\">\n<li>Mega maht: see mahutab kokku 100ml (4 x 25ml), tagades teie pikaajalise rahulolu.<\/li>\n<li>Nutikas ekraan: Hele LCD-ekraan n\u00e4itab teie aku taset ja kui palju v\u00f5imsust on veel j\u00e4\u00e4nud.<\/li>\n<li>Kiirlaadimine: Varustatud Type-C pordiga, seega laadib kiiresti ja on alati valmis tegutsemiseks.<\/li>\n<li>Tugev aku: K\u00f5rgekvaliteetne 850mAh puhas koobaltaku tagab, et iga t\u00f5mme on tugev ja \u00fchtlane.<\/li>\n<li>T\u00e4iustatud v\u00f5rguspiraal: Kasutab 4-spiraalilist s\u00fcsteemi parima v\u00f5imaliku kogemuse jaoks, olenemata sellest, kas eelistate \u00fchekordset v\u00f5i kahekordset t\u00f5mmet.<\/li>\n<\/ul>\n<h2 style=\"color: #2c3e50;\">Tehniline rike<\/h2>\n<table style=\"width: 100%; border-collapse: collapse; margin: 20px 0; font-family: sans-serif;\">\n<thead>\n<tr style=\"background-color: #3498db; color: white; text-align: left;\">\n<th style=\"padding: 12px; border: 1px solid #ddd;\">Tunnusjoon<\/th>\n<th style=\"padding: 12px; border: 1px solid #ddd;\">\u00dcksikasjad<\/th>\n<\/tr>\n<\/thead>\n<tbody>\n<tr>\n<td style=\"padding: 12px; border: 1px solid #ddd; background-color: #f9f9f9;\">Puff Count<\/td>\n<td style=\"padding: 12px; border: 1px solid #ddd; background-color: #f9f9f9;\">Kuni 200 000 Puhkumist<\/td>\n<\/tr>\n<tr>\n<td style=\"padding: 12px; border: 1px solid #ddd;\">Aku t\u00fc\u00fcp<\/td>\n<td style=\"padding: 12px; border: 1px solid #ddd;\">17350-850mAh (Puhta koobalt)<\/td>\n<\/tr>\n<tr>\n<td style=\"padding: 12px; border: 1px solid #ddd; background-color: #f9f9f9;\">Kogu v\u00f5imsus<\/td>\n<td style=\"padding: 12px; border: 1px solid #ddd; background-color: #f9f9f9;\">100ml (4 * 25ml) \n\n t\u00f5lge \nei ole vajalik,  se on number ja m\u00f5\u00f5t\u00fchik \n Sama : 100ml (4 * 25ml)<\/td>\n<\/tr>\n<tr>\n<td style=\"padding: 12px; border: 1px solid #ddd;\">Laadimisport<\/td>\n<td style=\"padding: 12px; border: 1px solid #ddd;\">C-t\u00fc\u00fcpi kiirlaadimine<\/td>\n<\/tr>\n<tr>\n<td style=\"padding: 12px; border: 1px solid #ddd; background-color: #f9f9f9;\">M\u00e4hise takistus<\/td>\n<td style=\"padding: 12px; border: 1px solid #ddd; background-color: #f9f9f9;\">0,4 oomi (duaalselt) \/ 0,8 oomi (\u00fcksi)<\/td>\n<\/tr>\n<\/tbody>\n<\/table>\n<h2 style=\"color: #2c3e50;\">P\u00f5nevad mitmevalikulised pakid<\/h2>\n<p>Iga seade tuleb ainulaadse valikute kombinatsiooniga. Siin on 10 h\u00e4mmastavat komplekti, mille seast valida:<\/p>\n<ol style=\"line-height: 1.8; color: #444;\">\n<li>Mustika j\u00e4\u00e4 &amp; Mustika Arbuus \/ Mustika Arbuus &amp; Vaarikas \/ Vaarikas &amp; Sidruni Laim \/ Sidruni Laim &amp; Mustika j\u00e4\u00e4<\/li>\n<li>Arbuusi j\u00e4\u00e4 &amp; Arbuusi n\u00e4rimiskumm \/ Arbuusi n\u00e4rimiskumm &amp; Kirsi j\u00e4\u00e4 \/ &amp; Kirsi j\u00e4\u00e4 n\u00e4rimiskumm \/ Kirsi j\u00e4\u00e4 n\u00e4rimiskumm &amp; Arbuusi j\u00e4\u00e4<\/li>\n<li>M\u00fcnti J\u00e4\u00e4 &amp; Mustika Vaarika J\u00e4\u00e4 \/ Mustika Vaarika J\u00e4\u00e4 &amp; Viinamarja J\u00e4\u00e4 \/ Viinamarja J\u00e4\u00e4 &amp; Nerdz Kommid \/ Nerdz Kommid &amp; M\u00fcnti J\u00e4\u00e4<\/li>\n<li>Kolmik Honeydew &amp; LOVE 66 &amp; Passioonivili \/ LOVE 66 &amp; Passioonivili \/ Passioonivili &amp; Ananass Kookosj\u00e4\u00e4tis \/ Ananass Kookosj\u00e4\u00e4tis &amp; Kolmik Honeydew<\/li>\n<li>Kahekordne \u00d5un &amp; Hapuk\u00e4pp \u00d5un Vaarikas \/ Hapuk\u00e4pp \u00d5un Vaarikas &amp; Mustika J\u00e4\u00e4 \/ Mustika J\u00e4\u00e4 &amp; Ananass Virsik \/ Ananass Virsik &amp; Kahekordne \u00d5un<\/li>\n<li>Maasika j\u00e4\u00e4 &amp; Maasika Kiivi \/ Maasika Kiivi &amp; Sinine Vaarikas j\u00e4\u00e4 \/ Sinine Vaarikas j\u00e4\u00e4 &amp; Roosa Sidrunimahl \/ Roosa Sidrunimahl &amp; Maasika j\u00e4\u00e4<\/li>\n<li>Kirsi Koola &amp; Mustika Kirs \/ Mustika Kirs &amp; J\u00f5hvikas \/ J\u00f5hvikas &amp; Maasika Vaarikas \/ Maasika Vaarikas &amp; Kirsi Koola<\/li>\n<li>Ananassi j\u00e4\u00e4 &amp; Hapukas Mango Ananass \/ Hapukas Mango Ananass &amp; Virsiku j\u00e4\u00e4 \/ Virsiku j\u00e4\u00e4 &amp; Ananassi limonaad \/ Ananassi limonaad &amp; Ananassi j\u00e4\u00e4<\/li>\n<li>Must Draakon J\u00e4\u00e4 &amp; Maasika Pitaya \/ Maasika Pitaya &amp; Kolmik Marja \/ Kolmik Marja &amp; Kirsi j\u00f5hvikas \/ Kirsi j\u00f5hvikas &amp; Must Draakon J\u00e4\u00e4<\/li>\n<li>Kolmik Mango &amp; Mango Passioonivili \/ Mango Passioonivili &amp; Ananassi j\u00e4\u00e4tis \/ Ananassi j\u00e4\u00e4tis &amp; Maasika Mango \/ Maasika Mango &amp; Kolmik Mango<\/li>\n<\/ol>\n<h2 style=\"color: #2c3e50;\">V\u00f5rdluse P\u00f5hipunktid<\/h2>\n<div style=\"flex-wrap: wrap; gap: 20px; margin: 20px 0;\">\n<div style=\"flex: 1; min-width: 250px; background-color: #fff3cd; border: 2px solid #ffeeba; padding: 15px; border-radius: 10px; text-align: center;\">\n<h4 style=\"margin-top: 0; color: #856404;\">Standard Vapes<\/h4>\n<p>V\u00e4ike puffide arv<\/p>\n<p>Ainult 1 valik seadme kohta<\/p>\n<p>Olekuekraani puudub<\/p>\n<\/div>\n<div style=\"flex: 1; min-width: 250px; background-color: #d4edda; border: 2px solid #c3e6cb; padding: 15px; border-radius: 10px; text-align: center;\">\n<h4 style=\"margin-top: 0; color: #155724;\">BANG BOX 200000 Puhffi<\/h4>\n<p>Suured 200 000 puffi<\/p>\n<p>8 valikut 1 seadmes<\/p>\n<p>Nutikas LCD olekuekraan<\/p>\n<\/div>\n<\/div>\n<div style=\"background-color: #f8f9fa; border: 1px solid #ddd; padding: 20px; border-radius: 10px; margin: 20px 0;\">\n<h2 style=\"color: #2c3e50; margin-top: 0;\">Korduma kippuvad k\u00fcsimused (KKK)<\/h2>\n<div style=\"margin-bottom: 15px;\">\n<p style=\"font-weight: bold; color: #2980b9;\">K: Kui palju puffs ma tegelikult saan?<\/p>\n<p style=\"margin-left: 10px;\">A: BANG BOX 200000 Puffs on kujundatud kuni 200 000 t\u00f5mbe jaoks, muutes selle \u00fcheks k\u00f5ige kauem kestvaks \u00fchekordselt kasutatavaks veipiks!<\/p>\n<\/div>\n<div style=\"margin-bottom: 15px;\">\n<p style=\"font-weight: bold; color: #2980b9;\">K: Kuidas ma seadme laadida saan?<\/p>\n<p style=\"margin-left: 10px;\">A: Kasutage lihtsalt Type-C kaablit, et selle sisse \u00fchendada. See on nagu telefoni laadimine!<\/p>\n<\/div>\n<div style=\"margin-bottom: 15px;\">\n<p style=\"font-weight: bold; color: #2980b9;\">K: Kas ma saan n\u00e4ha, kui palju v\u00f5imsust on veel alles?<\/p>\n<p style=\"margin-left: 10px;\">A: Jah! Sisseehitatud LCD-ekraan n\u00e4itab teile v\u00f5imsuse taset ja aku kasutusaega, nii et teate alati, millal on aeg laadida v\u00f5i uus aku v\u00f5tta.<\/p>\n<\/div>\n<div style=\"margin-bottom: 0;\">\n<p style=\"font-weight: bold; color: #2980b9;\">K: Kus ma saan seda hulgi osta?<\/p>\n<p style=\"margin-left: 10px;\">A: BANG BOX 200000 Puffs ja paljusid teisi \u00fchekordselt kasutatavaid vape-sid saate osta siit VapeXYZ-is. Me spetsialiseerume Euroopa turu hulgim\u00fc\u00fcgile!<\/p>\n<\/div>\n<\/div>\n<p style=\"text-align: center; font-size: 1.1em; color: #2c3e50; font-weight: bold; margin-top: 30px;\">Valmis oma kasutuskogemust t\u00e4iendama? K\u00fclastage VapeXYZ t\u00e4na parimate pakkumiste jaoks \u00fchekordselt kasutatavate aurustite osas!<\/p>\n<p><img loading=\"lazy\" decoding=\"async\" class=\"aligncenter wp-image-62971 size-full\" src=\"https:\/\/vapexyz.com\/wp-content\/uploads\/2026\/01\/BANG-BOX-200000-PPuffs-8IN1-200K-Disposable-Vapes-8-Taste-Options-LCD-screen-Wholesale-Bulk-Buy-9.webp\" alt=\"BANG BOX 200000 Puhffi 8IN1 200K \u00dchekordselt kasutatav Vape 8 Maitsevalikut LCD ekraan Hulgim\u00fc\u00fck Suur Ostmine\" width=\"1600\" height=\"897\" title=\"\" srcset=\"https:\/\/vapexyz.com\/wp-content\/uploads\/2026\/01\/BANG-BOX-200000-PPuffs-8IN1-200K-Disposable-Vapes-8-Taste-Options-LCD-screen-Wholesale-Bulk-Buy-9.webp 1600w, https:\/\/vapexyz.com\/wp-content\/uploads\/2026\/01\/BANG-BOX-200000-PPuffs-8IN1-200K-Disposable-Vapes-8-Taste-Options-LCD-screen-Wholesale-Bulk-Buy-9-510x286.webp 510w, https:\/\/vapexyz.com\/wp-content\/uploads\/2026\/01\/BANG-BOX-200000-PPuffs-8IN1-200K-Disposable-Vapes-8-Taste-Options-LCD-screen-Wholesale-Bulk-Buy-9-500x280.webp 500w, https:\/\/vapexyz.com\/wp-content\/uploads\/2026\/01\/BANG-BOX-200000-PPuffs-8IN1-200K-Disposable-Vapes-8-Taste-Options-LCD-screen-Wholesale-Bulk-Buy-9-1024x574.webp 1024w, https:\/\/vapexyz.com\/wp-content\/uploads\/2026\/01\/BANG-BOX-200000-PPuffs-8IN1-200K-Disposable-Vapes-8-Taste-Options-LCD-screen-Wholesale-Bulk-Buy-9-768x431.webp 768w, https:\/\/vapexyz.com\/wp-content\/uploads\/2026\/01\/BANG-BOX-200000-PPuffs-8IN1-200K-Disposable-Vapes-8-Taste-Options-LCD-screen-Wholesale-Bulk-Buy-9-1536x861.webp 1536w, https:\/\/vapexyz.com\/wp-content\/uploads\/2026\/01\/BANG-BOX-200000-PPuffs-8IN1-200K-Disposable-Vapes-8-Taste-Options-LCD-screen-Wholesale-Bulk-Buy-9-18x10.webp 18w\" sizes=\"auto, (max-width: 1600px) 100vw, 1600px\" \/><\/p>\n<\/article>","protected":false},"excerpt":{"rendered":"<div id=\"model-response-message-contentr_05f29aae46e90886\" class=\"markdown markdown-main-panel tutor-markdown-rendering stronger enable-updated-hr-color\" dir=\"ltr\" aria-live=\"polite\">\n<p data-path-to-node=\"0\">BANG BOX 200000 Puffs 8IN1 on revolutsiooniline \u00fchekordselt kasutatav vape, mis on saadaval VapeXYZ-is  ja pakub uskumatult 200 000 t\u00f5mmet, nutikat LCD-ekraani ja v\u00f5imalust l\u00fclituda kaheksa erineva valiku vahel, et saada l\u00f5plikult pikaajaline kogemus.<\/p>\n<\/div>","protected":false},"featured_media":62963,"comment_status":"open","ping_status":"closed","template":"","meta":{"_lmt_disableupdate":"no","_lmt_disable":""},"product_brand":[],"product_cat":[821,1106,947,935,934,927,929,928,930,933,939,932,938,931,936,937,1017,948,949,946,950,951,953,987],"product_tag":[],"class_list":{"0":"post-62961","1":"product","2":"type-product","3":"status-publish","4":"has-post-thumbnail","6":"product_cat-bang","7":"product_cat-200000-puffs-vapes","8":"product_cat-big-puffs-vapes","9":"product_cat-bulk-buy-disposable-vapes-in-austria","10":"product_cat-bulk-buy-disposable-vapes-in-belgium","11":"product_cat-bulk-buy-disposable-vapes-in-europe","12":"product_cat-bulk-buy-disposable-vapes-in-france","13":"product_cat-bulk-buy-disposable-vapes-in-germany","14":"product_cat-bulk-buy-disposable-vapes-in-italy","15":"product_cat-bulk-buy-disposable-vapes-in-netherlands","16":"product_cat-bulk-buy-disposable-vapes-in-norway","17":"product_cat-bulk-buy-disposable-vapes-in-poland","18":"product_cat-bulk-buy-disposable-vapes-in-portugal","19":"product_cat-bulk-buy-disposable-vapes-in-spain","20":"product_cat-bulk-buy-disposable-vapes-in-sweden","21":"product_cat-bulk-buy-disposable-vapes-in-switzerland","22":"product_cat-buy-best-disposable-vape-flavors","23":"product_cat-crystal-vapes","24":"product_cat-digital-box-vapes","25":"product_cat-disposable-vapes-series","26":"product_cat-dual-mesh-vapes","27":"product_cat-lower-nicotine-vapes","28":"product_cat-rechargeable-vapes","29":"product_cat-vape-shop-by-puffs","31":"first","32":"instock","33":"shipping-taxable","34":"purchasable","35":"product-type-variable","36":"has-default-attributes"},"jetpack_sharing_enabled":true,"tiered_pricing_type":"fixed","tiered_pricing_fixed_rules":[],"tiered_pricing_product_settings":{"layout":"default","base_unit_name":{"singular":null,"plural":null},"default_variation":null},"tiered_pricing_minimum_quantity":null,"tiered_pricing_roles_data":[],"tiered_pricing_percentage_rules":[],"tiered_pricing_maximum_quantity":null,"tiered_pricing_quantity_step":null,"_links":{"self":[{"href":"https:\/\/vapexyz.com\/et\/wp-json\/wp\/v2\/product\/62961","targetHints":{"allow":["GET"]}}],"collection":[{"href":"https:\/\/vapexyz.com\/et\/wp-json\/wp\/v2\/product"}],"about":[{"href":"https:\/\/vapexyz.com\/et\/wp-json\/wp\/v2\/types\/product"}],"replies":[{"embeddable":true,"href":"https:\/\/vapexyz.com\/et\/wp-json\/wp\/v2\/comments?post=62961"}],"wp:featuredmedia":[{"embeddable":true,"href":"https:\/\/vapexyz.com\/et\/wp-json\/wp\/v2\/media\/62963"}],"wp:attachment":[{"href":"https:\/\/vapexyz.com\/et\/wp-json\/wp\/v2\/media?parent=62961"}],"wp:term":[{"taxonomy":"product_brand","embeddable":true,"href":"https:\/\/vapexyz.com\/et\/wp-json\/wp\/v2\/product_brand?post=62961"},{"taxonomy":"product_cat","embeddable":true,"href":"https:\/\/vapexyz.com\/et\/wp-json\/wp\/v2\/product_cat?post=62961"},{"taxonomy":"product_tag","embeddable":true,"href":"https:\/\/vapexyz.com\/et\/wp-json\/wp\/v2\/product_tag?post=62961"}],"curies":[{"name":"wp","href":"https:\/\/api.w.org\/{rel}","templated":true}]}}