{"id":61082,"date":"2025-12-23T09:40:56","date_gmt":"2025-12-23T09:40:56","guid":{"rendered":"https:\/\/vapexyz.com\/?post_type=product&#038;p=61082"},"modified":"2026-03-04T13:44:01","modified_gmt":"2026-03-04T13:44:01","slug":"vopk-btc-35k-35000-puffs-duaalvore-mahis-uhekordselt-kasutatav-vape-hulgimuuk-reguleeritav-ohuvoolu-kontroll","status":"publish","type":"product","link":"https:\/\/vapexyz.com\/et\/product\/vopk-btc-35k-35000-puffs-dual-mesh-coil-disposable-vape-wholesale-adjustable-airflow-control\/","title":{"rendered":"VOPK BTC 35K 35000 Puffs Duaalv\u00f5re Coil \u00dchekordselt Kasutatav Vape Hulgim\u00fc\u00fck Reguleeritav \u00d5huvoolu Juhtimine"},"content":{"rendered":"<article style=\"font-family: 'Segoe UI', Roboto, Helvetica, Arial, sans-serif; line-height: 1.6; color: #333; max-width: 100%; margin: auto; padding: 20px; background-color: #f9f9f9; border-radius: 10px; border: 1px solid #e0e0e0;\">\n<h2 style=\"color: #2c3e50; text-align: center; font-size: 2.2em; margin-bottom: 25px; border-bottom: 2px solid #3498db; padding-bottom: 15px;\"><a href=\"https:\/\/vapexyz.com\/et\/tootekategooria\/vopk\/\">VOPK<\/a> BTC 35K: K\u00f5rgekvaliteedilise \u00dchekordselt Kasutatava Vape Tehnoloogia Tipp<\/h2>\n<p style=\"font-size: 1.1em; text-align: justify; margin-bottom: 20px;\">Kiiresti muutuvas veipimisseadmete maastikus kerkib VOPK BTC 35K esile kui turuliider, mis on spetsiaalselt konstrueeritud vastama kaasaegsete tarbijate n\u00f5udlikele n\u00f5udmistele. Saadaval VapeXYZ-i kaudu, Euroopa juhtiva hulgim\u00fc\u00fcja kaudu, kujutab see seade endast m\u00e4rkimisv\u00e4\u00e4rset h\u00fcpet \u00fchekordselt kasutatavate veipimisseadmete inseneriteaduses. Erinevalt traditsioonilistest mudelitest, mis pakuvad piiratud vastupidavust, on VOPK BTC 35K konstrueeritud pakkuma enneolematult 35 000 t\u00f5mmet, seades uue etaloni vastupidavuse ja t\u00f6\u00f6kindluse osas selles sektoris.<\/p>\n<p style=\"font-size: 1.1em; text-align: justify; margin-bottom: 30px;\">Jaem\u00fc\u00fcjatele ja hulgitarbijatele t\u00e4hendab VOPK BTC 35K varustamine kvaliteedi ja innovatsiooni p\u00fchendumust. See seade pole mitte ainult tarbitav kaup; see on keerukas riistvara, millel on suur, integreeritud k\u00f5rglahutusega ekraan, kahekordne v\u00f5rguspiraali tehnoloogia ja tugev \u00f5huvoolu kontroll. Esteetilise atraktiivsuse \u00fchendamisel t\u00f6\u00f6stusliku taseme j\u00f5udlusega on VOPK loonud \u00fchekordselt kasutatava vape'i, mis meeldib nii algajatele kasutajatele kui ka kogenud entusiastidele, kes otsivad j\u00e4rjepidevust. VapeXYZ-is tagame, et teie laos on need k\u00f5rge j\u00f5udlusega seadmed, mida toetab meie ulatuslik logistikav\u00f5rk ja p\u00fchendumus hulgim\u00fc\u00fcgi tipptasemele.<\/p>\n<div style=\"background-color: #fff; padding: 30px; border-radius: 15px; margin-bottom: 40px;\">\n<h3 style=\"color: #2980b9; font-size: 1.8em; margin-top: 0; margin-bottom: 20px;\">Insenertehnika tipptase: Duaalne v\u00f5rgusilmus\u00fcsteem<\/h3>\n<p style=\"margin-bottom: 15px;\">VOPK BTC 35K s\u00fcdames asub selle t\u00e4iustatud k\u00fctteelement: 0,8 \u03a9 kahe v\u00f5rgu m\u00e4his. \u00dchekordselt kasutatavate aurustite valdkonnas on m\u00e4hise terviklikkus \u00fclimalt t\u00e4htis. Standardm\u00e4hised, mis koosnevad \u00fchest traadist, kannatavad sageli eba\u00fchtlase kuumutamise all, mis p\u00f5hjustab enneaegset p\u00f5lemist ja maitse ebakonsistentset edastamist. Kahe v\u00f5rgu arhitektuur lahendab selle probleemi, suurendades reservuaarmaterjaliga kokkupuutuvat pinda.<\/p>\n<p>See tehniline konfiguratsioon v\u00f5imaldab kiiremat ja \u00fchtlasemat t\u00f6\u00f6le j\u00f5udmise aega. Kasutajad saavad l\u00fclituda t\u00f6\u00f6re\u017eiimide vahel, kasutades t\u00f5husalt duaalkoile kasutusperioodi maksimeerimiseks v\u00f5i auruv\u00e4ljundi tiheduse suurendamiseks. See \u201cduaalse re\u017eiimi\u201d v\u00f5ime tagab, et seade s\u00e4ilitab oma j\u00f5udluse terviklikkuse esimesest t\u00f5mbest kuni 35 000 t\u00f5mbeni, pakkudes siledat, tihedat ja rahuldavat t\u00f5mmet ilma halvemate \u00fchekordselt kasutatavate aurusti mudelite korral esineva degradeerumiseta.<\/p>\n<\/div>\n<p><img loading=\"lazy\" decoding=\"async\" class=\"aligncenter wp-image-61108 size-large\" src=\"https:\/\/vapexyz.com\/wp-content\/uploads\/2025\/12\/VOPK-BTC-35K-35000-Puffs-Dual-Mesh-Coil-Disposable-Vape-Wholesale-Adjustable-Airflow-Control-1024x1024.webp\" alt=\"VOPK BTC 35K 35000 Puffs Duaalv\u00f5re Coil \u00dchekordselt Kasutatav Vape Hulgim\u00fc\u00fck Reguleeritav \u00d5huvoolu Juhtimine\" width=\"1020\" height=\"1020\" title=\"\" srcset=\"https:\/\/vapexyz.com\/wp-content\/uploads\/2025\/12\/VOPK-BTC-35K-35000-Puffs-Dual-Mesh-Coil-Disposable-Vape-Wholesale-Adjustable-Airflow-Control-1024x1024.webp 1024w, https:\/\/vapexyz.com\/wp-content\/uploads\/2025\/12\/VOPK-BTC-35K-35000-Puffs-Dual-Mesh-Coil-Disposable-Vape-Wholesale-Adjustable-Airflow-Control-500x500.webp 500w, https:\/\/vapexyz.com\/wp-content\/uploads\/2025\/12\/VOPK-BTC-35K-35000-Puffs-Dual-Mesh-Coil-Disposable-Vape-Wholesale-Adjustable-Airflow-Control-300x300.webp 300w, https:\/\/vapexyz.com\/wp-content\/uploads\/2025\/12\/VOPK-BTC-35K-35000-Puffs-Dual-Mesh-Coil-Disposable-Vape-Wholesale-Adjustable-Airflow-Control-768x768.webp 768w, https:\/\/vapexyz.com\/wp-content\/uploads\/2025\/12\/VOPK-BTC-35K-35000-Puffs-Dual-Mesh-Coil-Disposable-Vape-Wholesale-Adjustable-Airflow-Control-12x12.webp 12w, https:\/\/vapexyz.com\/wp-content\/uploads\/2025\/12\/VOPK-BTC-35K-35000-Puffs-Dual-Mesh-Coil-Disposable-Vape-Wholesale-Adjustable-Airflow-Control-247x247.webp 247w, https:\/\/vapexyz.com\/wp-content\/uploads\/2025\/12\/VOPK-BTC-35K-35000-Puffs-Dual-Mesh-Coil-Disposable-Vape-Wholesale-Adjustable-Airflow-Control-510x510.webp 510w, https:\/\/vapexyz.com\/wp-content\/uploads\/2025\/12\/VOPK-BTC-35K-35000-Puffs-Dual-Mesh-Coil-Disposable-Vape-Wholesale-Adjustable-Airflow-Control-100x100.webp 100w, https:\/\/vapexyz.com\/wp-content\/uploads\/2025\/12\/VOPK-BTC-35K-35000-Puffs-Dual-Mesh-Coil-Disposable-Vape-Wholesale-Adjustable-Airflow-Control.webp 1500w\" sizes=\"auto, (max-width: 1020px) 100vw, 1020px\" \/><\/p>\n<h2 style=\"color: #2c3e50; text-align: center; font-size: 2em; margin-bottom: 30px;\">T\u00e4iustatud kasutajaliides ja toitehaldus<\/h2>\n<div style=\"flex-wrap: wrap; gap: 25px; margin-bottom: 40px;\">\n<div style=\"flex: 1; min-width: 300px; background: #ffffff; padding: 25px; border-radius: 15px; border-left: 5px solid #27ae60;\">\n<h3 style=\"color: #27ae60; margin-top: 0;\">Nutikuvari integreerimine<\/h3>\n<p>VOPK BTC 35K eristub silmatorkava, k\u00f5rge resolutsiooniga digitaalse ekraaniga. See \u201ctelevisiooni stiilis\u201d ekraan k\u00f5rvaldab \u00e4raarvamise, mis on tavaliselt seotud \u00fchekordselt kasutatavate aurustitega. See pakub reaalajas andmeid kahe kriitilise n\u00e4itaja kohta: olemasolev aku t\u00f6\u00f6iga ja \u00fclej\u00e4\u00e4nud reservuaari maht. See l\u00e4bipaistvus v\u00f5imaldab kasutajatel oma kasutamist t\u00f5husalt hallata, tagades, et nad ei j\u00e4\u00e4 kunagi \u00fcllatuseks t\u00fchja aku v\u00f5i t\u00fchja seadme t\u00f5ttu.<\/p>\n<\/div>\n<div style=\"flex: 1; min-width: 300px; background: #ffffff; padding: 25px; border-radius: 15px; border-left: 5px solid #8e44ad;\">\n<h3 style=\"color: #8e44ad; margin-top: 0;\">850 mAh laetav aku<\/h3>\n<p>Selle suure mahutavusega seadme toiteks on vastupidav 850mAh aku. Vastupidavuseks konstrueeritud see toiteelement toetab seadme pikendatud kasutusiga. \u00dchekordselt kasutatavate patareide, mis aitavad kaasa j\u00e4\u00e4tmetele, vastandina on see s\u00fcsteem taaslaetav t\u00e4nap\u00e4evase Type-C pordi kaudu. See tagab, et 22ml reservuaari iga tilk on \u00e4ra kasutatud, pakkudes maksimum v\u00e4\u00e4rtust ja v\u00e4hendades keskkonnajalaj\u00e4lge v\u00f5rreldes v\u00e4iksema mahutavusega \u00fchekordselt kasutatavate aurustitega.<\/p>\n<\/div>\n<\/div>\n<div style=\"background-color: #eaf2f8; padding: 25px; border-radius: 15px; border: 1px solid #d6eaf8; margin-bottom: 40px;\">\n<h3 style=\"color: #2c3e50; margin-top: 0;\">T\u00e4pne \u00d5huvoolu Kontroll<\/h3>\n<p>Kohandamine on kaasaegse veipimise kogemuse v\u00f5ti. VOPK BTC 35K sisaldab rafineeritud reguleeritavat \u00f5huvoolumekanismi, mis asub seadme p\u00f5hjas. See liugur v\u00f5imaldab kasutajatel peenh\u00e4\u00e4lestada t\u00f5mbe takistust, liikudes sujuvalt kitsast, piiratud t\u00f5mbest lahtise, \u00f5hulise sissehingamiseni. See kohanemisv\u00f5ime muudab seadme sobivaks laiaks valikuks eelistustele, tagades, et olenemata sellest, kas kasutaja eelistab tihedat pilve v\u00f5i peent v\u00e4ljundit, siis VOPK BTC 35K tarnib seda.<\/p>\n<\/div>\n<h2 style=\"color: #2c3e50; text-align: center; font-size: 2em; margin-bottom: 30px;\">Kureeritud Aroomiprofiilid<\/h2>\n<p style=\"text-align: center; margin-bottom: 30px; font-size: 1.05em;\">VOPK BTC 35K pakub mitmekesist valikut k\u00fcmnest erinevast sensoorsest profiilist. Iga valik on hoolikalt v\u00e4lja t\u00f6\u00f6tatud, et tagada stabiilsus ja rikkus kogu seadme eluts\u00fckli jooksul.<\/p>\n<div style=\"grid-template-columns: repeat(auto-fill, minmax(280px, 1fr)); gap: 20px; margin-bottom: 50px;\">\n<div style=\"background: white; padding: 20px; border-radius: 10px; border: 1px solid #eee;\">\n<p>1. Arbuusij\u00e4\u00e4<\/p>\n<p style=\"font-size: 0.9em; margin: 0;\">K\u00fclm ja v\u00e4rskendav profiil, mis tabab jahutatud suvemelonite olemust, pakkudes jahutavat l\u00f5hna.<\/p>\n<\/div>\n<div style=\"background: white; padding: 20px; border-radius: 10px; border: 1px solid #eee;\">\n<p>2. Blue Razz Ice<\/p>\n<p style=\"font-size: 0.9em; margin: 0;\">Populaarne segu, millel on terav sinise vaarika noot, mis on tasakaalus k\u00fclma mentooli aistinguga.<\/p>\n<\/div>\n<div style=\"background: white; padding: 20px; border-radius: 10px; border: 1px solid #eee;\">\n<p>3. Maasika Plahvatus<\/p>\n<p style=\"font-size: 0.9em; margin: 0;\">Ehtne ja magus profiil, mis meenutab k\u00fcpseid maasikaid, pakkudes sileda ja puuviljast l\u00f5hna.<\/p>\n<\/div>\n<div style=\"background: white; padding: 20px; border-radius: 10px; border: 1px solid #eee;\">\n<p>4. Georgia Peach<\/p>\n<p style=\"font-size: 0.9em; margin: 0;\">L\u00f5unamaa viljapuuaedade eeskujul inspireerituna pakub see variant rikast, nektarilaolist virsiku maitset, mis on nii pehme kui ka magus.<\/p>\n<\/div>\n<div style=\"background: white; padding: 20px; border-radius: 10px; border: 1px solid #eee;\">\n<p>5. Passion Kiwi<\/p>\n<p style=\"font-size: 0.9em; margin: 0;\">Eksootiline kombinatsioon, mis \u00fchendab kiivi hapruse passionfruudi magusa, troopilise noodiga.<\/p>\n<\/div>\n<div style=\"background: white; padding: 20px; border-radius: 10px; border: 1px solid #eee;\">\n<p>6. Apelsini j\u00f5hvikate laimi j\u00e4\u00e4<\/p>\n<p style=\"font-size: 0.9em; margin: 0;\">Kompleksne tsitrusviljade segu, mis \u00fchendab endas hapuka laimi ja apelsini ning j\u00f5hvikas hapu maitse, l\u00f5petatud j\u00e4\u00e4ga.<\/p>\n<\/div>\n<div style=\"background: white; padding: 20px; border-radius: 10px; border: 1px solid #eee;\">\n<p>7. Jahe M\u00fcnd<\/p>\n<p style=\"font-size: 0.9em; margin: 0;\">Klassikaline, sirgjooneline piparm\u00fcndi profiil, mis pakub puhast, v\u00e4rskendavat ja j\u00e4ist elamust.<\/p>\n<\/div>\n<div style=\"background: white; padding: 20px; border-radius: 10px; border: 1px solid #eee;\">\n<p>8. Hapukasmango Ananass<\/p>\n<p style=\"font-size: 0.9em; margin: 0;\">Troopiline j\u00f5uallikas, mis \u00fchendab ananassi magususe hapuka mango terava l\u00f6\u00f6giga.<\/p>\n<\/div>\n<div style=\"background: white; padding: 20px; border-radius: 10px; border: 1px solid #eee;\">\n<p>9. Valge virsik vaarikas<\/p>\n<p style=\"font-size: 0.9em; margin: 0;\">\u00d5rn kombinatsioon \u00f5itsvast valgest virsist ja hapukast vaarikaist, luues keeruka ja tasakaalustatud profiili.<\/p>\n<\/div>\n<div style=\"background: white; padding: 20px; border-radius: 10px; border: 1px solid #eee;\">\n<p>10. Banaani Taffy Freeze<\/p>\n<p style=\"font-size: 0.9em; margin: 0;\">K\u00fclmalt meenutav, kreemjas ja nostalgiline profiil, mis j\u00e4ljendab magusaid banaanikompvekke v\u00e4rskendava jaheda alatooniga.<\/p>\n<\/div>\n<\/div>\n<h2 style=\"color: #2c3e50; margin-top: 50px; text-align: center;\">Tehnilised andmed ja turuandmed<\/h2>\n<div style=\"margin-bottom: 50px;\">\n<table style=\"width: 100%; border-collapse: collapse; background: white; border-radius: 10px; overflow: hidden;\">\n<thead>\n<tr style=\"background-color: #34495e; color: white;\">\n<th style=\"padding: 15px; text-align: left; font-weight: 600;\">Spetsifikatsiooni kategooria<\/th>\n<th style=\"padding: 15px; text-align: left; font-weight: 600;\">Tehnilised \u00fcksikasjad<\/th>\n<\/tr>\n<\/thead>\n<tbody>\n<tr style=\"border-bottom: 1px solid #eee;\">\n<td style=\"padding: 15px; color: #555;\">Puhumis hinnang<\/td>\n<td style=\"padding: 15px; color: #333;\">Umbes 35 000 Puffs<\/td>\n<\/tr>\n<tr style=\"background-color: #f9f9f9; border-bottom: 1px solid #eee;\">\n<td style=\"padding: 15px; color: #555;\">Mahtuvus veehoidlas<\/td>\n<td style=\"padding: 15px; color: #333;\">22ml eel t\u00e4idetud kamber<\/td>\n<\/tr>\n<tr style=\"border-bottom: 1px solid #eee;\">\n<td style=\"padding: 15px; color: #555;\">M\u00e4hise konfiguratsioon<\/td>\n<td style=\"padding: 15px; color: #333;\">0,8\u03a9 Duaalv\u00f5rgutehnoloogia<\/td>\n<\/tr>\n<tr style=\"background-color: #f9f9f9; border-bottom: 1px solid #eee;\">\n<td style=\"padding: 15px; color: #555;\">Aku spetsifikatsioonid<\/td>\n<td style=\"padding: 15px; color: #333;\">850mAh, Type-C taaslaetav<\/td>\n<\/tr>\n<tr style=\"border-bottom: 1px solid #eee;\">\n<td style=\"padding: 15px; color: #555;\">Kuvamisliides<\/td>\n<td style=\"padding: 15px; color: #333;\">K\u00f5rglahutusega digitaalne ekraan ( aku ja helitugevus )<\/td>\n<\/tr>\n<tr style=\"background-color: #f9f9f9;\">\n<td style=\"padding: 15px; color: #555;\">Hulgim\u00fc\u00fcgi k\u00e4ttesaadavus<\/td>\n<td style=\"padding: 15px; color: #333;\">Saadaval VapeXYZ kaudu (\u00dclemaailmne kohaletoimetamine)<\/td>\n<\/tr>\n<\/tbody>\n<\/table>\n<\/div>\n<h2 style=\"color: #2c3e50; text-align: center; margin-bottom: 30px;\">Korduma kippuvad k\u00fcsimused (KKK)<\/h2>\n<div style=\"margin-bottom: 40px;\">\n<div style=\"margin-bottom: 20px; background: #fff; border: 1px solid #ddd; border-radius: 8px; overflow: hidden;\">\n<h3 style=\"background-color: #f4f6f7; color: #2c3e50; padding: 15px; margin: 0; font-size: 1.1em; border-bottom: 1px solid #ddd;\">Miks peetakse VOPK BTC 35K jaem\u00fc\u00fcjate seas paremaks valikuks?<\/h3>\n<div style=\"padding: 20px; color: #555;\">\n<p style=\"margin: 0;\">Jaem\u00fc\u00fcjad eelistavad VOPK BTC 35K selle k\u00f5rge k\u00e4ibepotentsiaali ja klientide rahulolu t\u00f5ttu. 35 000 puffi arvestus \u00fcletab m\u00e4rkimisv\u00e4\u00e4rselt standardseid konkurente, pakkudes l\u00f5pptarbijale paremat v\u00e4\u00e4rtust. Lisaks digitaalse ekraani ja reguleeritava \u00f5huvoolu lisamine annab tootele premium-tunde ilma keelava hinnata, muutes selle atraktiivseks valikuks riiulil kuvamiseks. VapeXYZ-st hankimine tagab autentsed tooted ja usaldusv\u00e4\u00e4rse tarneahela juhtimise.<\/p>\n<\/div>\n<\/div>\n<div style=\"margin-bottom: 20px; background: #fff; border: 1px solid #ddd; border-radius: 8px; overflow: hidden;\">\n<h3 style=\"background-color: #f4f6f7; color: #2c3e50; padding: 15px; margin: 0; font-size: 1.1em; border-bottom: 1px solid #ddd;\">Kuidas duaalne v\u00f5rguspiraal t\u00e4iustab aurustamiskogemust?<\/h3>\n<div style=\"padding: 20px; color: #555;\">\n<p style=\"margin: 0;\">Kahekordne v\u00f5rguspiraals\u00fcsteem on loodud selleks, et tagada \u00fchtlane kuumutuspinna pindala. See takistab kuumade laikude tekkimist, mis v\u00f5ivad rikkuda maitseprofiili. Kahe v\u00f5rgukihi kasutamisega saab seade sisu t\u00f5husamalt aurutada, mille tulemuseks on tihedam pilv ja puhas, v\u00f5ltsimata maitse esimesest t\u00f5mbest viimaseni. See pakub ka \u00fcleliigsust; kui v\u00f5rgu \u00fcks osa on pingestatud, s\u00e4ilitab kogu s\u00fcsteem j\u00f5udluse.<\/p>\n<\/div>\n<\/div>\n<div style=\"margin-bottom: 20px; background: #fff; border: 1px solid #ddd; border-radius: 8px; overflow: hidden;\">\n<h3 style=\"background-color: #f4f6f7; color: #2c3e50; padding: 15px; margin: 0; font-size: 1.1em; border-bottom: 1px solid #ddd;\">Mis on hulgi tellimuste saatmise logistika VapeXYZ kaudu?<\/h3>\n<div style=\"padding: 20px; color: #555;\">\n<p style=\"margin: 0;\">VapeXYZ spetsialiseerub sujuvatele logistikalahendustele hulgim\u00fc\u00fcgi \u00fchekordselt kasutatavate veipide jaoks. Me t\u00f6\u00f6tame madala minimaalse tellimuskogusega (MOQ) vaid 10 tk, mis muudab k\u00f5ikide suuruste ettev\u00f5tete jaoks lihtsaks varude t\u00e4iendamise. Meie levitamisv\u00f5rk on optimeeritud Euroopa turu jaoks, tagades kiire ja tollireegleid j\u00e4rgiva kohaletoimetamise. Me eelistame turvalist pakendamist, et v\u00e4ltida kahjustusi transpordi ajal, tagades, et teie varud saabuvad jaem\u00fc\u00fcgi jaoks valmis olekus.<\/p>\n<\/div>\n<\/div>\n<div style=\"margin-bottom: 20px; background: #fff; border: 1px solid #ddd; border-radius: 8px; overflow: hidden;\">\n<h3 style=\"background-color: #f4f6f7; color: #2c3e50; padding: 15px; margin: 0; font-size: 1.1em; border-bottom: 1px solid #ddd;\">Kuidas ma saan digitaalsel ekraanil andmeid t\u00f5lgendada?<\/h3>\n<div style=\"padding: 20px; color: #555;\">\n<p style=\"margin: 0;\">VOPK BTC 35K digitaalne liides on intuitiivne. See kuvab aku t\u00f6\u00f6ea ja \u00fclej\u00e4\u00e4nud mahu protsentuaalseid n\u00e4itajaid. See k\u00f5rvaldab l\u00e4bipaistmatute \u00fchekordselt kasutatavate aurustite puhul levinud \u201ckuiva l\u00f6\u00f6gi\u201d \u00e4revuse. Kui aku n\u00e4itaja on madal, laadige see lihtsalt Type-C kaudu uuesti. Kui mahu n\u00e4itaja l\u00e4heneb nullile, toimib see \u00f5igeaegse meeldetuletusena varude t\u00e4iendamiseks, tagades sujuva \u00fclemineku uuele seadmele.<\/p>\n<\/div>\n<\/div>\n<\/div>\n<div style=\"background-color: #34495e; color: white; padding: 30px; text-align: center; border-radius: 15px; margin-top: 40px;\">\n<h3 style=\"color: #fff; margin-top: 0;\">Valmis oma inventari uuendama?<\/h3>\n<p style=\"font-size: 1.1em; margin-bottom: 20px;\">Partneriga<a href=\"https:\/\/vapexyz.com\/et\/\"> VapeXYZ<\/a> T\u00e4na p\u00e4\u00e4semaks ligi VOPK BTC 35K ja teistele premium \u00fchekordselt kasutatavatele aurustitele konkurentsiv\u00f5imeliste hulgim\u00fc\u00fcgihindadega.<\/p>\n<\/div>\n<p><img loading=\"lazy\" decoding=\"async\" class=\"aligncenter wp-image-61130 size-full\" src=\"https:\/\/vapexyz.com\/wp-content\/uploads\/2025\/12\/VOPK-BTC-35K-35000-Puffs-Dual-Mesh-Coil-Disposable-Vape-Wholesale-Adjustable-Airflow-Control.jpg\" alt=\"VOPK BTC 35K 35000 Puffs Duaalv\u00f5re Coil \u00dchekordselt Kasutatav Vape Hulgim\u00fc\u00fck Reguleeritav \u00d5huvoolu Juhtimine\" width=\"1200\" height=\"686\" title=\"\" srcset=\"https:\/\/vapexyz.com\/wp-content\/uploads\/2025\/12\/VOPK-BTC-35K-35000-Puffs-Dual-Mesh-Coil-Disposable-Vape-Wholesale-Adjustable-Airflow-Control.jpg 1200w, https:\/\/vapexyz.com\/wp-content\/uploads\/2025\/12\/VOPK-BTC-35K-35000-Puffs-Dual-Mesh-Coil-Disposable-Vape-Wholesale-Adjustable-Airflow-Control-510x292.jpg 510w, https:\/\/vapexyz.com\/wp-content\/uploads\/2025\/12\/VOPK-BTC-35K-35000-Puffs-Dual-Mesh-Coil-Disposable-Vape-Wholesale-Adjustable-Airflow-Control-500x286.jpg 500w, https:\/\/vapexyz.com\/wp-content\/uploads\/2025\/12\/VOPK-BTC-35K-35000-Puffs-Dual-Mesh-Coil-Disposable-Vape-Wholesale-Adjustable-Airflow-Control-1024x585.jpg 1024w, https:\/\/vapexyz.com\/wp-content\/uploads\/2025\/12\/VOPK-BTC-35K-35000-Puffs-Dual-Mesh-Coil-Disposable-Vape-Wholesale-Adjustable-Airflow-Control-768x439.jpg 768w, https:\/\/vapexyz.com\/wp-content\/uploads\/2025\/12\/VOPK-BTC-35K-35000-Puffs-Dual-Mesh-Coil-Disposable-Vape-Wholesale-Adjustable-Airflow-Control-18x10.jpg 18w\" sizes=\"auto, (max-width: 1200px) 100vw, 1200px\" \/><\/p>\n<p>\u201c`<\/p>\n<\/article>","protected":false},"excerpt":{"rendered":"<p>VOPK BTC 35K on tipptasemel \u00fchekordselt kasutatav vape, millel on elav nutikas ekraan ja reguleeritav kahe v\u00f5rgu v\u00f5imsus 35 000 t\u00f5mbe jaoks kohandatud naudingu saamiseks, saadaval n\u00fc\u00fcd VapeXYZ-is parimate hulgim\u00fc\u00fcgi hindadega hulgiostjatele \u00fcle Euroopa.<\/p>","protected":false},"featured_media":61105,"comment_status":"open","ping_status":"closed","template":"","meta":{"_lmt_disableupdate":"no","_lmt_disable":""},"product_brand":[],"product_cat":[853,1042,947,935,934,927,929,928,930,933,939,932,938,931,936,937,1017,948,949,946,950,1016,951,953,820,987],"product_tag":[],"class_list":{"0":"post-61082","1":"product","2":"type-product","3":"status-publish","4":"has-post-thumbnail","6":"product_cat-vopk","7":"product_cat-35000-puff-vapes","8":"product_cat-big-puffs-vapes","9":"product_cat-bulk-buy-disposable-vapes-in-austria","10":"product_cat-bulk-buy-disposable-vapes-in-belgium","11":"product_cat-bulk-buy-disposable-vapes-in-europe","12":"product_cat-bulk-buy-disposable-vapes-in-france","13":"product_cat-bulk-buy-disposable-vapes-in-germany","14":"product_cat-bulk-buy-disposable-vapes-in-italy","15":"product_cat-bulk-buy-disposable-vapes-in-netherlands","16":"product_cat-bulk-buy-disposable-vapes-in-norway","17":"product_cat-bulk-buy-disposable-vapes-in-poland","18":"product_cat-bulk-buy-disposable-vapes-in-portugal","19":"product_cat-bulk-buy-disposable-vapes-in-spain","20":"product_cat-bulk-buy-disposable-vapes-in-sweden","21":"product_cat-bulk-buy-disposable-vapes-in-switzerland","22":"product_cat-buy-best-disposable-vape-flavors","23":"product_cat-crystal-vapes","24":"product_cat-digital-box-vapes","25":"product_cat-disposable-vapes-series","26":"product_cat-dual-mesh-vapes","27":"product_cat-european-vape-warehouse","28":"product_cat-lower-nicotine-vapes","29":"product_cat-rechargeable-vapes","30":"product_cat-vape","31":"product_cat-vape-shop-by-puffs","33":"first","34":"instock","35":"shipping-taxable","36":"purchasable","37":"product-type-variable","38":"has-default-attributes"},"jetpack_sharing_enabled":true,"tiered_pricing_type":"fixed","tiered_pricing_fixed_rules":[],"tiered_pricing_product_settings":{"layout":"default","base_unit_name":{"singular":null,"plural":null},"default_variation":null},"tiered_pricing_minimum_quantity":null,"tiered_pricing_roles_data":[],"tiered_pricing_percentage_rules":[],"tiered_pricing_maximum_quantity":null,"tiered_pricing_quantity_step":null,"_links":{"self":[{"href":"https:\/\/vapexyz.com\/et\/wp-json\/wp\/v2\/product\/61082","targetHints":{"allow":["GET"]}}],"collection":[{"href":"https:\/\/vapexyz.com\/et\/wp-json\/wp\/v2\/product"}],"about":[{"href":"https:\/\/vapexyz.com\/et\/wp-json\/wp\/v2\/types\/product"}],"replies":[{"embeddable":true,"href":"https:\/\/vapexyz.com\/et\/wp-json\/wp\/v2\/comments?post=61082"}],"wp:featuredmedia":[{"embeddable":true,"href":"https:\/\/vapexyz.com\/et\/wp-json\/wp\/v2\/media\/61105"}],"wp:attachment":[{"href":"https:\/\/vapexyz.com\/et\/wp-json\/wp\/v2\/media?parent=61082"}],"wp:term":[{"taxonomy":"product_brand","embeddable":true,"href":"https:\/\/vapexyz.com\/et\/wp-json\/wp\/v2\/product_brand?post=61082"},{"taxonomy":"product_cat","embeddable":true,"href":"https:\/\/vapexyz.com\/et\/wp-json\/wp\/v2\/product_cat?post=61082"},{"taxonomy":"product_tag","embeddable":true,"href":"https:\/\/vapexyz.com\/et\/wp-json\/wp\/v2\/product_tag?post=61082"}],"curies":[{"name":"wp","href":"https:\/\/api.w.org\/{rel}","templated":true}]}}