{"id":58135,"date":"2025-10-23T07:48:53","date_gmt":"2025-10-23T07:48:53","guid":{"rendered":"https:\/\/vapexyz.com\/?post_type=product&#038;p=58135"},"modified":"2026-03-07T03:42:03","modified_gmt":"2026-03-07T03:42:03","slug":"fihp-36000-36k-puffs-double-flavor-disposable-vape-dual-mesh-coil-full-led-display-wholesale-tolge-pole-vajalik-originaaltekst-fihp-36000-36k-puffs-double-flavor-disposable-vape-dual-mesh-coil-ful","status":"publish","type":"product","link":"https:\/\/vapexyz.com\/et\/product\/fihp-36000-36k-puffs-double-flavor-disposable-vape-dual-mesh-coil-full-led-display-wholesale\/","title":{"rendered":"FIHP 36000 36K Puffs Double Tastes \u00dchekordselt kasutatav Vape Duaalne V\u00f5re Coil T\u00e4ielik LED Ekraan Hulgi"},"content":{"rendered":"<article style=\"font-family: 'Segoe UI', Roboto, Helvetica, Arial, sans-serif; line-height: 1.8; color: #2c3e50; max-width: 100%; margin: 0 auto; padding: 20px; background-color: #ffffff;\">\n<div style=\"text-align: center; margin-bottom: 40px;\"><img loading=\"lazy\" decoding=\"async\" class=\"alignnone size-full wp-image-58148\" style=\"max-width: 100%; height: auto; border-radius: 12px;\" src=\"https:\/\/vapexyz.com\/wp-content\/uploads\/2025\/10\/FIHP-36000-36K-Puffs-Double-Flavor-Disposable-Vape-Dual-Mesh-Coil-LED-Display-Wholesale0.webp\" alt=\"FIHP 36000 36K Puffs Double Maitse Profiil \u00dchekordselt Kasutatav Vape Duaalne V\u00f5re Coil LED Ekraan Hulgim\u00fc\u00fck\" width=\"1600\" height=\"1600\" title=\"\" srcset=\"https:\/\/vapexyz.com\/wp-content\/uploads\/2025\/10\/FIHP-36000-36K-Puffs-Double-Flavor-Disposable-Vape-Dual-Mesh-Coil-LED-Display-Wholesale0.webp 1600w, https:\/\/vapexyz.com\/wp-content\/uploads\/2025\/10\/FIHP-36000-36K-Puffs-Double-Flavor-Disposable-Vape-Dual-Mesh-Coil-LED-Display-Wholesale0-500x500.webp 500w, https:\/\/vapexyz.com\/wp-content\/uploads\/2025\/10\/FIHP-36000-36K-Puffs-Double-Flavor-Disposable-Vape-Dual-Mesh-Coil-LED-Display-Wholesale0-1024x1024.webp 1024w, https:\/\/vapexyz.com\/wp-content\/uploads\/2025\/10\/FIHP-36000-36K-Puffs-Double-Flavor-Disposable-Vape-Dual-Mesh-Coil-LED-Display-Wholesale0-300x300.webp 300w, https:\/\/vapexyz.com\/wp-content\/uploads\/2025\/10\/FIHP-36000-36K-Puffs-Double-Flavor-Disposable-Vape-Dual-Mesh-Coil-LED-Display-Wholesale0-768x768.webp 768w, https:\/\/vapexyz.com\/wp-content\/uploads\/2025\/10\/FIHP-36000-36K-Puffs-Double-Flavor-Disposable-Vape-Dual-Mesh-Coil-LED-Display-Wholesale0-1536x1536.webp 1536w, https:\/\/vapexyz.com\/wp-content\/uploads\/2025\/10\/FIHP-36000-36K-Puffs-Double-Flavor-Disposable-Vape-Dual-Mesh-Coil-LED-Display-Wholesale0-12x12.webp 12w, https:\/\/vapexyz.com\/wp-content\/uploads\/2025\/10\/FIHP-36000-36K-Puffs-Double-Flavor-Disposable-Vape-Dual-Mesh-Coil-LED-Display-Wholesale0-247x247.webp 247w, https:\/\/vapexyz.com\/wp-content\/uploads\/2025\/10\/FIHP-36000-36K-Puffs-Double-Flavor-Disposable-Vape-Dual-Mesh-Coil-LED-Display-Wholesale0-510x510.webp 510w, https:\/\/vapexyz.com\/wp-content\/uploads\/2025\/10\/FIHP-36000-36K-Puffs-Double-Flavor-Disposable-Vape-Dual-Mesh-Coil-LED-Display-Wholesale0-100x100.webp 100w\" sizes=\"auto, (max-width: 1600px) 100vw, 1600px\" \/><\/div>\n<h2 style=\"font-size: 2.2em; color: #1a252f; border-bottom: 3px solid #3498db; padding-bottom: 10px; margin-bottom: 25px;\">P\u00f5hjalik insenertehniline \u00fclevaade: FIHP 36000 \u00fchekordselt kasutatav vape<\/h2>\n<p style=\"font-size: 1.1em; color: #444; margin-bottom: 20px;\">Tutvustame FIHP 36000 Double Taste Profile \u00fchekordselt kasutatavat veip-seadet - premium-klassi, k\u00f5rge saagisega, taaslaetavat seadet, mis on konstrueeritud pakkuma enneolematut t\u00f6\u00f6 pikaealisust ja arenenud sensoorset mitmek\u00fclgsust. Seade on disainitud hoolika t\u00e4helepanuga termod\u00fcnaamilisele j\u00f5udlusele ja materjali ohutusele, see \u00fchendab k\u00f5rgete n\u00f5udmistega tarbijate ootused ja range t\u00f6\u00f6kindluse n\u00f5uded rahvusvahelisele hulgim\u00fc\u00fcgile. Kahe kambri tehnoloogia, tugev energia tarnimise s\u00fcsteem ja intelligentne telemetria integreerides \u00fchte, ergonoomilisse korpusesse, loob see \u00fchekordselt kasutatav veip-seade uue etaloni k\u00f5rge mahutavusega riistvara jaoks. VapeXYZ-il, Euroopa autoriteetne B2B platvorm premium-veipide jaoks, jaem\u00fc\u00fcjad ja hulgim\u00fc\u00fcjad saavad kindlustada suuri koguseid neid rangelt testitud seadmeid koos t\u00e4ieliku usaldusega nende t\u00f5estatud vastavuses ja struktuurse terviklikkuses.<\/p>\n<h2 style=\"font-size: 1.8em; color: #1a252f; margin-top: 40px; margin-bottom: 20px;\">T\u00e4iustatud riistvara arhitektuur ja termod\u00fcnaamiline efektiivsus<\/h2>\n<p style=\"margin-bottom: 15px;\">FIHP 36000 sisemine arhitektuur tugineb t\u00f6\u00f6stuslikule kvaliteedile vastavatele komponentidele, mis on konstrueeritud aurustamise t\u00f5hususe maksimeerimiseks, s\u00e4ilitades samal ajal ohutud ja kontrollitud soojusparameetrid. K\u00fctte mehhanismi tuumaks on t\u00e4pselt kalibreeritud <strong>1,0 \u03a9 Duaalv\u00f5ru m\u00e4his<\/strong>. Erinevalt standardsetest spiraaljuhtmetest suurendab v\u00f5rgukonfiguratsioon oluliselt k\u00fctteelemendi pindala ja mahu suhet. See struktuuriline eelis v\u00f5imaldab \u00fcli\u00fchtlast soojusenergia jaotumist l\u00e4bi imava materjali. Kohalike kuumuskontsentratsioonide (kuumad kohad) k\u00f5rvaldamisel tagab v\u00f5rguspiraal, et sisemine koostis aurustub sujuvalt ja \u00fchtlaselt, \u00e4rahoides keeruliste maitseprofiilide lagunemist ja v\u00e4ltides lahuse termilist lagunemist.<\/p>\n<p style=\"margin-bottom: 15px;\">Selle termod\u00fcnaamilise mootori j\u00f5uallikaks on integreeritud <strong>850 mAh taaslaetav liitium-ioon v\u00f5imsuselement<\/strong>. Stabiilse t\u00fchjenemisk\u00f5vera j\u00e4rgi valitud see konkreetne aku keemia tagab, et pinge v\u00e4ljund j\u00e4\u00e4b tugevaks ka siis, kui aku l\u00e4heneb t\u00fchjenemisele, tagades, et l\u00f5plik aktiveerimine on sama rahuldav kui esimene. Type-C pordi integreerimine kaasab kaasaegseid toite edastamise (PD) protokolle, h\u00f5lbustades kiiret energia t\u00e4iendamist ja v\u00e4hendades m\u00e4rkimisv\u00e4\u00e4rselt seadme seisakuaega - see on kriitiline tegur k\u00f5rgsageduslike kasutajate jaoks.<\/p>\n<p style=\"margin-bottom: 25px;\">Seade v\u00f5ib kiidelda tohutu <strong>32 mL preparaatide mahutavus<\/strong>, meditsiinilise kvaliteediga PCTG-st (pol\u00fcts\u00fckloheks\u00fcleendimet\u00fcleen tereftalaat gl\u00fckool) valmistatud \u0161assiisse, mis tagab turvalise kaitse. See t\u00e4iustatud pol\u00fcmeer on valitud oma suurep\u00e4rase keemilise vastupidavuse, termilise stabiilsuse ja BPA-vaba omaduste t\u00f5ttu. PCTG kasutamisega tagab tootja, et reservuaari struktuurne terviklikkus j\u00e4\u00e4b kompromissituks, v\u00e4ltides mikroplastide leostumist aurulahusesse ja s\u00e4ilitades absoluutse puhtuse esimesest kuni 36 000. aktiveerimiseni.<\/p>\n<div style=\"background-color: #f0f8ff; border-left: 6px solid #2980b9; padding: 20px; margin: 30px 0; border-radius: 0 8px 8px 0;\">\n<h3 style=\"margin-top: 0; color: #2980b9; font-size: 1.4em;\">Teadmepunkt: Kahekambrilise disaini teadus<\/h3>\n<p style=\"margin-bottom: 0; font-size: 0.95em; color: #333;\">FIHP 36000 kahekambriline s\u00fcsteem on inseneriteaduse triumf, mis v\u00f5imaldab \u00fches \u00fchekordselt kasutatavas aurustis majutada kahte t\u00e4iesti eraldi 16 mL formulatsiooni reservuaari. Isoleeritud mikrofluidilise l\u00fclitusmehhanismi abil juhituna saavad kasutajad vahelduda kahe erineva sensoorsete profiili vahel ilma ristkontaminatsiooni riskita. See tugineb t\u00e4pselt tolerantsetele silikoonist tihenduskinnastele ja iga profiili jaoks eraldatud kapillaar kanalitele, tagades, et botaanilised ekstraktid ja aroom\u00fchendid j\u00e4\u00e4vad t\u00e4iesti eraldi kuni aurustamise hetkeni.<\/p>\n<\/div>\n<h2 style=\"font-size: 1.8em; color: #1a252f; margin-top: 40px; margin-bottom: 20px;\">Empiiriline testimine ja laboris valideeritud j\u00f5udlus<\/h2>\n<p style=\"margin-bottom: 15px;\">V\u00e4idetud spetsifikatsioon \u201c36 000 aktiveerimist\u201d tuleneb rangetest, standardiseeritud laboratoorsetest katsetusprotokollidest, mitte teoreetilistest hinnangutest. Tootmise kvaliteedi tagamise meeskonnad kasutavad automatiseeritud pneumaatilisi sissehingamissimulaatoreid seadme eluts\u00fckli kaardistamiseks. Need automatiseeritud testimisseadmed on kalibreeritud aurut v\u00e4lja t\u00f5mbama standardiseeritud 2,0-sekundiliste intervallidega, millele j\u00e4rgneb 10-sekundiline jahutusperiood, j\u00e4ljendades t\u00e4iuslikult realistlikke inimkasutusmustreid. Nende kontrollitud, empiiriliste parameetrite alusel 32 mL maht koos 1,0 \u03a9 m\u00e4hise optimaalse takistusega edukalt s\u00e4ilitab t\u00f6\u00f6 kuni 36K l\u00e4vini.<\/p>\n<p style=\"margin-bottom: 25px;\">Lisaks l\u00e4bib 850 mAh aku ranget ts\u00fckli-eluea testi. S\u00f5ltumatud hinnangud kinnitavad, et li-ion aku s\u00e4ilitab \u00fcle 80% oma algse laadimisv\u00f5imsusest isegi p\u00e4rast 300 t\u00e4ielikku laadimis-t\u00fchjendus-ts\u00fcklit, tagades, et toiteallikas kestab h\u00f5lpsasti kauem kui sisemine aurulahus.<\/p>\n<h2 style=\"font-size: 1.8em; color: #1a252f; margin-top: 40px; margin-bottom: 20px;\">Tarkvaraline telemetria ja kasutajaliides<\/h2>\n<p style=\"margin-bottom: 25px;\">\u00dchekordselt kasutatavate aurustite standardi t\u00f5stmine, FIHP 36000 integreerib k\u00f5rge kontrastsusega LED-ekraani, mida toiteb sisemine mikrokontrolleri \u00fchik (MCU). See keerukas akuhalduss\u00fcsteem (BMS) pakub kasutajale reaalajas empiirilisi andmeid. Ekraan kuvab t\u00e4pselt kahte kriitilist m\u00f5\u00f5dikut: praegune aku laetusprotsent ja hinnanguline \u00fclej\u00e4\u00e4nud koostise tase. Madalvoolu dioodtehnoloogiat kasutades pakub ekraan olulist diagnostilist teavet ilma p\u00f5hiakuule parasiitset t\u00fchjenemist tekitamata. See l\u00e4bipaistvus on \u00fclioluline analoogseadmetega seotud kuivp\u00f5letuste v\u00e4ltimiseks, millel puuduvad vedelikutaseme andurid.<\/p>\n<h2 style=\"font-size: 1.8em; color: #1a252f; margin-top: 40px; margin-bottom: 20px;\">Tehniliste Spetsifikatsioonide Maatriks<\/h2>\n<table style=\"width: 100%; border-collapse: collapse; font-family: 'Segoe UI', sans-serif; margin-bottom: 30px; border-radius: 8px; overflow: hidden;\">\n<thead>\n<tr>\n<th style=\"background-color: #2c3e50; color: #ffffff; padding: 16px; text-align: left; font-weight: 600; border-bottom: 2px solid #1a252f; width: 35%;\">Parameeter<\/th>\n<th style=\"background-color: #2c3e50; color: #ffffff; padding: 16px; text-align: left; font-weight: 600; border-bottom: 2px solid #1a252f;\">Kinnitatud spetsifikatsioon<\/th>\n<\/tr>\n<\/thead>\n<tbody>\n<tr style=\"background-color: #ffffff; border-bottom: 1px solid #e0e0e0;\">\n<td style=\"padding: 14px 16px; font-weight: 500; color: #34495e;\">Maksimaalsed aktiveerimised (puffid)<\/td>\n<td style=\"padding: 14px 16px; color: #555;\">Kuni 36 000 (Laboratoorselt testitud pneumaatilise simulatsiooni abil)<\/td>\n<\/tr>\n<tr style=\"background-color: #f9fbfd; border-bottom: 1px solid #e0e0e0;\">\n<td style=\"padding: 14px 16px; font-weight: 500; color: #34495e;\">Mahuti maht<\/td>\n<td style=\"padding: 14px 16px; color: #555;\">32 ml (Kogu maht kahe kambri ulatuses)<\/td>\n<\/tr>\n<tr style=\"background-color: #ffffff; border-bottom: 1px solid #e0e0e0;\">\n<td style=\"padding: 14px 16px; font-weight: 500; color: #34495e;\">Kontsentratsiooni tugevused<\/td>\n<td style=\"padding: 14px 16px; color: #555;\">Saadaval 2% ja 5% konfiguratsioonides<\/td>\n<\/tr>\n<tr style=\"background-color: #f9fbfd; border-bottom: 1px solid #e0e0e0;\">\n<td style=\"padding: 14px 16px; font-weight: 500; color: #34495e;\">K\u00fctteelement<\/td>\n<td style=\"padding: 14px 16px; color: #555;\">Duaalne v\u00f5rgustiku arhitektuur, 1,0 \u03a9 takistus<\/td>\n<\/tr>\n<tr style=\"background-color: #ffffff; border-bottom: 1px solid #e0e0e0;\">\n<td style=\"padding: 14px 16px; font-weight: 500; color: #34495e;\">Power Architecture \nei t\u00f5lgi, seega:\nPower Architecture<\/td>\n<td style=\"padding: 14px 16px; color: #555;\">850 mAh liitium-ioon, Type-C kiire laadimine<\/td>\n<\/tr>\n<tr style=\"background-color: #f9fbfd; border-bottom: 1px solid #e0e0e0;\">\n<td style=\"padding: 14px 16px; font-weight: 500; color: #34495e;\">Diagnostika liides<\/td>\n<td style=\"padding: 14px 16px; color: #555;\">K\u00f5rge kontrastsusega digitaalne LED-ekraan<\/td>\n<\/tr>\n<tr style=\"background-color: #ffffff;\">\n<td style=\"padding: 14px 16px; font-weight: 500; color: #34495e;\">Hulgilogistika<\/td>\n<td style=\"padding: 14px 16px; color: #555;\">Karton m\u00f5\u00f5tmed: 520 \u00d7 340 \u00d7 300 mm | Kaal: ~20,95 kg (160 \u00fchikut)<\/td>\n<\/tr>\n<\/tbody>\n<\/table>\n<h2 style=\"font-size: 1.8em; color: #1a252f; margin-top: 40px; margin-bottom: 20px;\">Kureeritud kahekordsed maitseprofiilid<\/h2>\n<p style=\"margin-bottom: 15px;\">FIHP 36000 sisaldab hoolikalt formuleeritud valikut sensoorsetest segudest. \u00dches seadmes t\u00e4iendavate ja kontrastsete nootide paaritamisega kogevad kasutajad d\u00fcnaamilisi ja mitmetahulisi seansse. Iga kahe profiiliga on s\u00fcnteesitud premium-klassi, toidukvaliteediga aromaatseid \u00fchendeid, et tagada seadme t\u00f6\u00f6ea jooksul struktuurne stabiilsus ja maitse t\u00e4psus.<\/p>\n<div style=\"grid-template-columns: repeat(auto-fit, minmax(300px, 1fr)); gap: 15px; margin-bottom: 30px;\">\n<div style=\"background-color: #fcfcfc; border: 1px solid #eaeaea; padding: 12px; border-radius: 6px;\">Vesimelonij\u00e4\u00e4 \/ Topelt \u00d5unaj\u00e4\u00e4<\/div>\n<div style=\"background-color: #fcfcfc; border: 1px solid #eaeaea; padding: 12px; border-radius: 6px;\">Maasika Arbuus \/ Maasika Mango<\/div>\n<div style=\"background-color: #fcfcfc; border: 1px solid #eaeaea; padding: 12px; border-radius: 6px;\">Cherry Ice \/ Mustika Vaarikas<\/div>\n<div style=\"background-color: #fcfcfc; border: 1px solid #eaeaea; padding: 12px; border-radius: 6px;\">Maasika Red Bull \/ Maasika Kiivi<\/div>\n<div style=\"background-color: #fcfcfc; border: 1px solid #eaeaea; padding: 12px; border-radius: 6px;\">Viinamarja j\u00e4\u00e4 \/ Segatud marjad<\/div>\n<div style=\"background-color: #fcfcfc; border: 1px solid #eaeaea; padding: 12px; border-radius: 6px;\">Pehme j\u00e4\u00e4tis \/ Maasika Banaani<\/div>\n<div style=\"background-color: #fcfcfc; border: 1px solid #eaeaea; padding: 12px; border-radius: 6px;\">Mustika j\u00e4\u00e4 \/ Maasika Vaarika Kirs<\/div>\n<div style=\"background-color: #fcfcfc; border: 1px solid #eaeaea; padding: 12px; border-radius: 6px;\">Vesimelon Mango Virsik \/ Virsik Maasikas<\/div>\n<div style=\"background-color: #fcfcfc; border: 1px solid #eaeaea; padding: 12px; border-radius: 6px;\">Mustika Vaarika Sidrunimahl \/ Sidrun Limi<\/div>\n<div style=\"background-color: #fcfcfc; border: 1px solid #eaeaea; padding: 12px; border-radius: 6px;\">Vesimelonikumm \/ Maasika j\u00e4\u00e4<\/div>\n<div style=\"background-color: #fcfcfc; border: 1px solid #eaeaea; padding: 12px; border-radius: 6px;\">Cherry Cola Ice \/ Blue Razz<\/div>\n<div style=\"background-color: #fcfcfc; border: 1px solid #eaeaea; padding: 12px; border-radius: 6px;\">Red Bull Ice \/ Maasika Kirs<\/div>\n<\/div>\n<h2 style=\"font-size: 1.8em; color: #1a252f; margin-top: 40px; margin-bottom: 20px;\">Regulatiivne vastavus ja tootmisvolitus<\/h2>\n<p style=\"margin-bottom: 25px;\">Ohutus ja vastavus on \u00fclimalt t\u00e4htsad, kui valite isiklikuks kasutamiseks v\u00f5i jaem\u00fc\u00fcgiks m\u00f5eldud veipide valimisel. FIHP 36000 toodetakse tipptasemel tootmisrajatistes, mis j\u00e4rgivad ISO 9001 kvaliteedijuhtimiss\u00fcsteeme. Sisemine elektroonika ja mikrokontrollerid vastavad rangelt CE (Conformit\u00e9 Europ\u00e9enne) ja RoHS (ohtlike ainete kasutamise piiramine) direktiividele, tagades, et riistvara on vaba ohtlikest raskmetallidest, nagu pliiv ja kaadmium. Lisaks l\u00e4bib integreeritud aku elemendi standardne IEC 62133 ohutustestimine kaasaskantavate suletud sekundaarrakkude jaoks, mis kontrollib tugevat sisemist kaitset \u00fclelaadimise, s\u00fcgava t\u00fchjenemise ja termilise l\u00fchise eest.<\/p>\n<h2 style=\"font-size: 1.8em; color: #1a252f; margin-top: 40px; margin-bottom: 20px;\">Strateegiline hankimine ja levitamine koos VapeXYZiga<\/h2>\n<p style=\"margin-bottom: 25px;\">Juhtiva professionaalse hulgim\u00fc\u00fcjana, kellel on \u00fcle 8 aasta spetsialiseeritud t\u00f6\u00f6stuskogemust, esindab VapeXYZ kuldstandardit B2B tarneahela juhtimises \u00fchekordselt kasutatavate veipide jaoks. Me v\u00e4ldime volatiilseid vaheturge, hankides otse tehasest, tagades t\u00e4ieliku autentsuse ja range kvaliteedikontrolli igal kaubaalusel. Meie infrastruktuur toetab v\u00e4ga paindlikke ostuv\u00f5imalusi, pakkudes t\u00f6\u00f6stuse madalat minimaalset tellimuskogust (MOQ) vaid 10 t\u00fckki, demokratiseerides hulgim\u00fc\u00fcgi hindu nii butiikm\u00fc\u00fcjatele kui ka suurte jaotuspunktidele. Kui Euroopa m\u00fc\u00fcjad varuvad FIHP 36000 seeriat VapeXYZ kaudu, saavad nad kontrollitava tooteandmed, turvalise rahvusvahelise transiitlogistika ja usaldusv\u00e4\u00e4rsed kliimakontrollitud ladustamislahendused, mis kaitsevad aurulahuste terviklikkust transiidi ajal.<\/p>\n<h2 style=\"font-size: 1.8em; color: #1a252f; margin-top: 40px; margin-bottom: 25px;\">Olulised punktid ja korduma kippuvad k\u00fcsimused (KKK)<\/h2>\n<div style=\"flex-direction: column; gap: 15px;\">\n<div style=\"border: 1px solid #dfe6e9; border-radius: 8px; padding: 20px; background-color: #fafbfc;\">\n<h4 style=\"margin-top: 0; margin-bottom: 10px; color: #2c3e50; font-size: 1.1em; align-items: center;\"><span style=\"background-color: #3498db; color: white; padding: 4px 8px; border-radius: 4px; font-size: 0.8em; margin-right: 10px;\">Q<\/span>Kuidas integreeritud LED diagnostikas\u00fcsteem s\u00e4ilitab aku t\u00f6\u00f6iga?<\/h4>\n<p style=\"margin-bottom: 0; color: #555; line-height: 1.6;\"><span style=\"font-weight: bold; color: #3498db; margin-right: 5px;\">V:<\/span> Sisemine mikrokontrolleri \u00fcksus (MCU) reguleerib ekraani nii, et see t\u00f5mbaks minimaalselt voolu. LED-ekraan kasutab automaatselt uinaku funktsiooni, valgustades ainult aktiivse joonistamise v\u00f5i laadimise ajal, tagades, et 850 mAh aku ressursid on rangelt p\u00fchendatud k\u00fctteelementidele.<\/p>\n<\/div>\n<div style=\"border: 1px solid #dfe6e9; border-radius: 8px; padding: 20px; background-color: #fafbfc;\">\n<h4 style=\"margin-top: 0; margin-bottom: 10px; color: #2c3e50; font-size: 1.1em; align-items: center;\"><span style=\"background-color: #3498db; color: white; padding: 4px 8px; border-radius: 4px; font-size: 0.8em; margin-right: 10px;\">Q<\/span>Kas sisemised formuleerimiskambrid on f\u00fc\u00fcsiliselt eraldatud?<\/h4>\n<p style=\"margin-bottom: 0; color: #555; line-height: 1.6;\"><span style=\"font-weight: bold; color: #3498db; margin-right: 5px;\">V:<\/span> Jah. 32 mL kogumaht on paigutatud jagatud PCTG \u0161assiisse. K\u00f5rge tolerantsega silikoonbarj\u00e4\u00e4rid tagavad absoluutse vedelikisolatsiooni kahe kambri vahel, mis t\u00e4hendab, et \u00fche profiili aromaatilised \u00fchendid ei satu kunagi teise v\u00f5i interakteeru sellega.<\/p>\n<\/div>\n<div style=\"border: 1px solid #dfe6e9; border-radius: 8px; padding: 20px; background-color: #fafbfc;\">\n<h4 style=\"margin-top: 0; margin-bottom: 10px; color: #2c3e50; font-size: 1.1em; align-items: center;\"><span style=\"background-color: #3498db; color: white; padding: 4px 8px; border-radius: 4px; font-size: 0.8em; margin-right: 10px;\">Q<\/span>Kas VapeXYZ pakub hulgiimportimise vastavusdokumentatsiooni?<\/h4>\n<p style=\"margin-bottom: 0; color: #555; line-height: 1.6;\"><span style=\"font-weight: bold; color: #3498db; margin-right: 5px;\">V:<\/span> Absoluutselt. Juhtiva k\u00f5rgekvaliteediliste veipide turustajana saame pakkuda oma hulgitarbijatele vajalikke tehase vastavussertifikaate (nagu CE ja RoHS deklaratsioonid), h\u00f5lbustades sujuvat tolliprotsessi Euroopa B2B tehingute jaoks.<\/p>\n<\/div>\n<div style=\"border: 1px solid #dfe6e9; border-radius: 8px; padding: 20px; background-color: #fafbfc;\">\n<h4 style=\"margin-top: 0; margin-bottom: 10px; color: #2c3e50; font-size: 1.1em; align-items: center;\"><span style=\"background-color: #3498db; color: white; padding: 4px 8px; border-radius: 4px; font-size: 0.8em; margin-right: 10px;\">Q<\/span>Millised ohutusmehhanismid on integreeritud laadimisahelasse?<\/h4>\n<p style=\"margin-bottom: 0; color: #555; line-height: 1.6;\"><span style=\"font-weight: bold; color: #3498db; margin-right: 5px;\">V:<\/span> P\u00f5hjalik akuhalduss\u00fcsteem sisaldab automaatselt toimivat \u00fclepingekaitset, mis katkestab t\u00f5husalt Type-C pordi toitevarustuse, kui liitium-ioon aku j\u00f5uab oma maksimaalse optimaalse pingepiiri, takistades seel\u00e4bi soojusk\u00e4igu tekkimist.<\/p>\n<\/div>\n<\/div>\n<\/article>","protected":false},"excerpt":{"rendered":"<p>FIHP 36000 pakub kuni 36 000 sissehingamist koos kahe v\u00f5rgutraadi m\u00e4hisega, rikkaliku topeltmaitse ja taaslaetava disainiga pikaajalise ja sujuva aurustamiskogemuse jaoks.<\/p>","protected":false},"featured_media":69334,"comment_status":"open","ping_status":"closed","template":"","meta":{"_lmt_disableupdate":"no","_lmt_disable":""},"product_brand":[],"product_cat":[860,1059,947,935,934,927,929,928,930,933,939,932,938,931,936,937,1017,949,946,1083,950,951,953,987],"product_tag":[],"class_list":{"0":"post-58135","1":"product","2":"type-product","3":"status-publish","4":"has-post-thumbnail","6":"product_cat-fihp","7":"product_cat-36000-puff-vapes","8":"product_cat-big-puffs-vapes","9":"product_cat-bulk-buy-disposable-vapes-in-austria","10":"product_cat-bulk-buy-disposable-vapes-in-belgium","11":"product_cat-bulk-buy-disposable-vapes-in-europe","12":"product_cat-bulk-buy-disposable-vapes-in-france","13":"product_cat-bulk-buy-disposable-vapes-in-germany","14":"product_cat-bulk-buy-disposable-vapes-in-italy","15":"product_cat-bulk-buy-disposable-vapes-in-netherlands","16":"product_cat-bulk-buy-disposable-vapes-in-norway","17":"product_cat-bulk-buy-disposable-vapes-in-poland","18":"product_cat-bulk-buy-disposable-vapes-in-portugal","19":"product_cat-bulk-buy-disposable-vapes-in-spain","20":"product_cat-bulk-buy-disposable-vapes-in-sweden","21":"product_cat-bulk-buy-disposable-vapes-in-switzerland","22":"product_cat-buy-best-disposable-vape-flavors","23":"product_cat-digital-box-vapes","24":"product_cat-disposable-vapes-series","25":"product_cat-double-flavor-vapes","26":"product_cat-dual-mesh-vapes","27":"product_cat-lower-nicotine-vapes","28":"product_cat-rechargeable-vapes","29":"product_cat-vape-shop-by-puffs","31":"first","32":"instock","33":"shipping-taxable","34":"purchasable","35":"product-type-variable","36":"has-default-attributes"},"jetpack_sharing_enabled":true,"tiered_pricing_type":"fixed","tiered_pricing_fixed_rules":[],"tiered_pricing_product_settings":{"layout":"default","base_unit_name":{"singular":null,"plural":null},"default_variation":null},"tiered_pricing_minimum_quantity":null,"tiered_pricing_roles_data":[],"tiered_pricing_percentage_rules":[],"tiered_pricing_maximum_quantity":null,"tiered_pricing_quantity_step":null,"_links":{"self":[{"href":"https:\/\/vapexyz.com\/et\/wp-json\/wp\/v2\/product\/58135","targetHints":{"allow":["GET"]}}],"collection":[{"href":"https:\/\/vapexyz.com\/et\/wp-json\/wp\/v2\/product"}],"about":[{"href":"https:\/\/vapexyz.com\/et\/wp-json\/wp\/v2\/types\/product"}],"replies":[{"embeddable":true,"href":"https:\/\/vapexyz.com\/et\/wp-json\/wp\/v2\/comments?post=58135"}],"wp:featuredmedia":[{"embeddable":true,"href":"https:\/\/vapexyz.com\/et\/wp-json\/wp\/v2\/media\/69334"}],"wp:attachment":[{"href":"https:\/\/vapexyz.com\/et\/wp-json\/wp\/v2\/media?parent=58135"}],"wp:term":[{"taxonomy":"product_brand","embeddable":true,"href":"https:\/\/vapexyz.com\/et\/wp-json\/wp\/v2\/product_brand?post=58135"},{"taxonomy":"product_cat","embeddable":true,"href":"https:\/\/vapexyz.com\/et\/wp-json\/wp\/v2\/product_cat?post=58135"},{"taxonomy":"product_tag","embeddable":true,"href":"https:\/\/vapexyz.com\/et\/wp-json\/wp\/v2\/product_tag?post=58135"}],"curies":[{"name":"wp","href":"https:\/\/api.w.org\/{rel}","templated":true}]}}