{"id":55435,"date":"2025-09-01T09:48:55","date_gmt":"2025-09-01T09:48:55","guid":{"rendered":"https:\/\/vapexyz.com\/?post_type=product&#038;p=55435"},"modified":"2026-03-05T03:54:55","modified_gmt":"2026-03-05T03:54:55","slug":"ohumez-mars-20000-tommet-madal-nikotiin-hulgimuuk-originaal-laaditav-uhekordselt-kasutatav-vape-hulgi-euroopa-ladu","status":"publish","type":"product","link":"https:\/\/vapexyz.com\/et\/product\/airmez-mars-20000-puffs-low-nicotine-bulk-buy-original-rechargeable-disposable-vapes-wholesale-european-warehouse\/","title":{"rendered":"AIRMEZ MARS 20000 Puffs \u00dchekordsed Vapes"},"content":{"rendered":"<article>\n<h2 style=\"font-family: Arial, sans-serif; color: #333; text-align: center;\">H\u00fcvasti AIRMEZ MARS 20000 Puffs, Tere Tere <a href=\"https:\/\/vapexyz.com\/et\/toode\/bimo-turbo-20000-puffs-full-screen-0-2-5-low-nicotine-original-factory-bulk-buy-rechargeable-disposable-vapes-pen-wholesale\/\">BIMO Turbo 20000 Puffs<\/a>!<\/h2>\n<p style=\"font-family: Arial, sans-serif; font-size: 16px; line-height: 1.6; color: #555; text-align: center;\">Tere s\u00f5brad! Meil on uudiseid. Meie vana s\u00f5ber, AIRMEZ MARS 20000 Puffs, on l\u00e4inud pika puhkusele ega naase enam. \ud83d\ude22 Kuid \u00e4rge muretsege! Oleme leidnud teile uue h\u00e4mmastava s\u00f5bra, keda me arvame, et te veel rohkem armastate. Tutvuge super-duper BIMO Turbo 20000 Puffs! See on uus, see on lahe ja see on valmis olema teie lemmik. Vaatame, miks see nii suurep\u00e4rane on!<\/p>\n<h3 style=\"font-family: Arial, sans-serif; color: #333; text-align: center; margin-top: 40px;\">Tutvume Meie Aurustitega!<\/h3>\n<div style=\"display: flex; justify-content: space-around; flex-wrap: wrap; gap: 20px; font-family: Arial, sans-serif;\">\n<p><!-- Original Product Card --><\/p>\n<div style=\"border: 2px solid #ddd; border-radius: 10px; padding: 20px; width: 40%; min-width: 300px; box-shadow: 0 4px 8px rgba(0,0,0,0.1); background-color: #f9f9f9;\">\n<h4 style=\"color: #d9534f; text-align: center; margin-top: 0;\">Mida Sa Armastasid: AIRMEZ MARS 20000 Puffs<\/h4>\n<p style=\"font-size: 15px; color: #666;\">See oli suurep\u00e4rane vape! Sellel oli lahe \u00fcmmargune ekraan ja kaks re\u017eiimi puhumiseks. See andis sulle palju maitset ja oli pikka aega ustav s\u00f5ber. Me igatseme seda!<\/p>\n<ul style=\"list-style-type: '\ud83d\udc94'; padding-left: 20px;\">\n<li style=\"margin-bottom: 10px;\">Lahe 360\u00b0 LED ekraan.<\/li>\n<li style=\"margin-bottom: 10px;\">Kaks re\u017eiimi: normaalne v\u00f5i Mars.<\/li>\n<li style=\"margin-bottom: 10px;\">\u00dcks nikotiinivalik (5%).<\/li>\n<\/ul>\n<\/div>\n<p><!-- Replacement Product Card --><\/p>\n<div style=\"border: 2px solid #28a745; border-radius: 10px; padding: 20px; width: 40%; min-width: 300px; box-shadow: 0 4px 8px rgba(0,0,0,0.1); background-color: #f0fff4;\">\n<h4 style=\"color: #28a745; text-align: center; margin-top: 0;\">Teie Uus Parim S\u00f5ber: BIMO Turbo 20000 Puffs<\/h4>\n<p style=\"font-size: 15px; color: #333;\">Olge valmis uuenduseks! BIMO Turbo on nagu superkangelane. See v\u00f5imaldab TEIL valida oma nikotiini, v\u00f5imsuse ja \u00f5huvoolu. See on k\u00f5ik sellest, mida TE soovite! See on targem ja annab teile rohkem kontrolli. Kui lahe see on?!<\/p>\n<ul style=\"list-style-type: '\ud83d\udc96'; padding-left: 20px;\">\n<li style=\"margin-bottom: 10px;\">Nutikuv n\u00e4itab k\u00f5ike.<\/li>\n<li style=\"margin-bottom: 10px;\">Saate valida oma nikotiini (0%, 2% v\u00f5i 5%).<\/li>\n<li style=\"margin-bottom: 10px;\">Saate muuta \u00f5huvoolu ja v\u00f5imsust!<\/li>\n<\/ul>\n<\/div>\n<\/div>\n<h3 style=\"font-family: Arial, sans-serif; color: #333; text-align: center; margin-top: 50px;\">AIRMEZ MARS vs. BIMO Turbo: l\u00f5bus v\u00f5rdlus!<\/h3>\n<table style=\"width: 100%; max-width: 800px; margin: 20px auto; border-collapse: collapse; font-family: Arial, sans-serif; box-shadow: 0 4px 8px rgba(0,0,0,0.1);\">\n<thead>\n<tr style=\"background-color: #4caf50; color: white;\">\n<th style=\"padding: 12px; border: 1px solid #ddd; text-align: left;\">Tunnusjoon<\/th>\n<th style=\"padding: 12px; border: 1px solid #ddd; text-align: center;\">AIRMEZ MARS 20000 Puffs<\/th>\n<th style=\"padding: 12px; border: 1px solid #ddd; text-align: center;\">BIMO Turbo 20000 Puffs<\/th>\n<\/tr>\n<\/thead>\n<tbody>\n<tr>\n<td style=\"padding: 12px; border: 1px solid #ddd; font-weight: bold;\">Puhkumiste arv \u2601\ufe0f<\/td>\n<td style=\"padding: 12px; border: 1px solid #ddd; text-align: center;\">Kuni 20 000 pahvi<\/td>\n<td style=\"padding: 12px; border: 1px solid #ddd; text-align: center; background-color: #e8f5e9;\">Kuni 20 000 pahvi<\/td>\n<\/tr>\n<tr>\n<td style=\"padding: 12px; border: 1px solid #ddd; font-weight: bold;\">Nikotiinivalikud<\/td>\n<td style=\"padding: 12px; border: 1px solid #ddd; text-align: center;\">Ainult 5%<\/td>\n<td style=\"padding: 12px; border: 1px solid #ddd; text-align: center; background-color: #e8f5e9;\">Vali ise! 0%, 2% v\u00f5i 5%<\/td>\n<\/tr>\n<tr>\n<td style=\"padding: 12px; border: 1px solid #ddd; font-weight: bold;\">Ekraan<\/td>\n<td style=\"padding: 12px; border: 1px solid #ddd; text-align: center;\">Lahe animeeritud ekraan<\/td>\n<td style=\"padding: 12px; border: 1px solid #ddd; text-align: center; background-color: #e8f5e9;\">Nutikas ekraan n\u00e4itab akut ja vedelikku<\/td>\n<\/tr>\n<tr>\n<td style=\"padding: 12px; border: 1px solid #ddd; font-weight: bold;\">Vedelik sees<\/td>\n<td style=\"padding: 12px; border: 1px solid #ddd; text-align: center;\">20 mL<\/td>\n<td style=\"padding: 12px; border: 1px solid #ddd; text-align: center; background-color: #e8f5e9;\">18 mL<\/td>\n<\/tr>\n<tr>\n<td style=\"padding: 12px; border: 1px solid #ddd; font-weight: bold;\">Aku v\u00f5imsus<\/td>\n<td style=\"padding: 12px; border: 1px solid #ddd; text-align: center;\">800 mAh<\/td>\n<td style=\"padding: 12px; border: 1px solid #ddd; text-align: center; background-color: #e8f5e9;\">600 mAh (lihtne Type-C laadimine)<\/td>\n<\/tr>\n<tr>\n<td style=\"padding: 12px; border: 1px solid #ddd; font-weight: bold;\">Erilised V\u00f5imed<\/td>\n<td style=\"padding: 12px; border: 1px solid #ddd; text-align: center;\">Kaks puhumisre\u017eiimi<\/td>\n<td style=\"padding: 12px; border: 1px solid #ddd; text-align: center; background-color: #e8f5e9;\">Saab muuta \u00f5huvoolu JA v\u00f5imsust!<\/td>\n<\/tr>\n<\/tbody>\n<\/table>\n<p style=\"font-family: Arial, sans-serif; font-size: 16px; line-height: 1.6; color: #555; text-align: center; font-weight: bold;\">Nagu n\u00e4ha, annab BIMO Turbo sulle palju rohkem valikuid, et muuta oma vape just sulle sobivaks!<\/p>\n<h3 style=\"font-family: Arial, sans-serif; color: #333; text-align: center; margin-top: 50px;\">Miks BIMO Turbo on teie uus parim valik! \ud83c\udfc6<\/h3>\n<div style=\"font-family: Arial, sans-serif; margin: 0 auto; max-width: 800px;\">\n<div style=\"background-color: #eef7ff; border-left: 5px solid #2196F3; padding: 15px; margin-bottom: 15px; box-shadow: 2px 2px 5px rgba(0,0,0,0.05);\">\n<h4 style=\"margin-top: 0; color: #1976d2;\">Rohkem Valikuid Teie Jaoks!<\/h4>\n<p style=\"margin-bottom: 0;\">BIMO Turbo puhul olete teie boss! Kui te ei soovi nikotiini, v\u00f5ite valida 0%. Kui soovite veidi, v\u00f5ite valida 2%. Kui soovite rohkem, v\u00f5ite valida 5%. AIRMEZ MARSil oli ainult \u00fcks valik. BIMO Turbo on seotud sellega, mis teile meeldib!<\/p>\n<\/div>\n<div style=\"background-color: #fff8e1; border-left: 5px solid #FFC107; padding: 15px; margin-bottom: 15px; box-shadow: 2px 2px 5px rgba(0,0,0,0.05);\">\n<h4 style=\"margin-top: 0; color: #ffa000;\">Kontrolli Oma Pilvi!<\/h4>\n<p style=\"margin-bottom: 0;\">Kas sulle meeldib v\u00e4ike, vaikne pilv? V\u00f5i suur, udune \u00fcks? BIMO Turbo abil saad muuta \u00f5huvoolu ja v\u00f5imsust, et saada iga kord t\u00e4iuslik pilv. See on nagu paljude aurustite omamine \u00fches seadmes!<\/p>\n<\/div>\n<div style=\"background-color: #e8f5e9; border-left: 5px solid #4CAF50; padding: 15px; margin-bottom: 15px; box-shadow: 2px 2px 5px rgba(0,0,0,0.05);\">\n<h4 style=\"margin-top: 0; color: #388e3c;\">Alati Tea, Mis On J\u00e4\u00e4nud!<\/h4>\n<p style=\"margin-bottom: 0;\">BIMO Turbo nutikuv on \u00fclimalt abivalmis. See n\u00e4itab t\u00e4pselt, kui palju akut ja energiat alles on. Pole enam vaja arvata, millal see t\u00fchjaks saab. Oled alati valmis!<\/p>\n<\/div>\n<\/div>\n<h3 style=\"font-family: Arial, sans-serif; color: #333; text-align: center; margin-top: 50px;\">Kas teil on veel k\u00fcsimusi? Meil on vastused!<\/h3>\n<div style=\"font-family: Arial, sans-serif; max-width: 800px; margin: 0 auto;\">\n<div style=\"background: #f9f9f9; border-radius: 8px; padding: 20px; margin-bottom: 15px; box-shadow: 0 2px 4px rgba(0,0,0,0.08);\">\n<h4 style=\"margin: 0 0 10px 0; color: #333;\">\u2753 Miks ma ei saa enam AIRMEZ MARS osta?<\/h4>\n<p style=\"margin: 0; color: #666;\">Inimesed, kes valmistavad AIRMEZ MARS-i, on l\u00f5petanud selle tootmise. Me olime samuti kurvad, kuid see andis meile v\u00f5imaluse leida midagi veel paremat teie jaoks, ja see on BIMO Turbo!<\/p>\n<\/div>\n<div style=\"background: #f9f9f9; border-radius: 8px; padding: 20px; margin-bottom: 15px; box-shadow: 0 2px 4px rgba(0,0,0,0.08);\">\n<h4 style=\"margin: 0 0 10px 0; color: #333;\">\u2753 Kas BIMO Turbo on sama hea kui AIRMEZ MARS?<\/h4>\n<p style=\"margin: 0; color: #666;\">Me arvame, et see on palju parem! \ud83d\ude04 See annab teile sama palju t\u00f5mbeid, kuid v\u00f5imaldab teil valida oma nikotiini ja kuidas te aurutate. See paneb teid kontrolli alla, mis on palju l\u00f5busam!<\/p>\n<\/div>\n<div style=\"background: #f9f9f9; border-radius: 8px; padding: 20px; margin-bottom: 15px; box-shadow: 0 2px 4px rgba(0,0,0,0.08);\">\n<h4 style=\"margin: 0 0 10px 0; color: #333;\">Kas maitsed on maitsvad?<\/h4>\n<p style=\"margin: 0; color: #666;\">Jah, super maitsev! BIMO Turbo pakub palju maitsvaid maitseid, nagu Cool Mint, Strawberry Ice ja Mango Peach. Iga\u00fchele on leidumas maitse, mida nautida.<\/p>\n<\/div>\n<\/div>\n<\/article>","protected":false},"excerpt":{"rendered":"<div class=\"custom-product\" style=\"border: 1px solid #eee; text-align: center; max-width: 100%; margin: 0 auto; font-family: Arial, sans-serif; box-sizing: border-box;\">\n        <!-- Product image - full width -->\n        <a href=\"https:\/\/vapexyz.com\/et\/product\/bimo-turbo-20000-puffs-full-screen-0-2-5-low-nicotine-original-factory-bulk-buy-rechargeable-disposable-vapes-pen-wholesale\/\" style=\"display: block; margin-bottom: 15px;\">\n            <img decoding=\"async\" src=\"https:\/\/vapexyz.com\/wp-content\/uploads\/2024\/11\/BIMO-TURBO-20000-Puffs-Full-Screen-Low-Nicotine-Original-Factory-3.webp\" alt=\"BIMO TURBO 20000 Puffs T\u00e4isekraan Hulgiost T\u00e4iendatav \u00dchekordselt Kasutatav Vape Hulgim\u00fc\u00fck\" style=\"width: 100%; height: auto; display: block;\">        <\/a>\n        \n        <!-- Product name -->\n        <h3 style=\"margin: 10px 0; font-size: 1.2em; line-height: 1.4; color: #333;\">\n            BIMO TURBO 20000 Puffs T\u00e4isekraan Hulgiost T\u00e4iendatav \u00dchekordselt Kasutatav Vape Hulgim\u00fc\u00fck        <\/h3>\n        \n        <!-- Product price -->\n        <div class=\"price\" style=\"color: #ff0000; font-weight: bold; font-size: 1.4em; margin: 10px 0;\">\n            \t\t<span class=\"tiered-pricing-dynamic-price-wrapper tiered-pricing-dynamic-price-wrapper--variable\"\n\t\t\t  data-display-context=\"shop-loop\"\n\t\t\t  data-price-type=\"dynamic\"\n\t\t\t  data-product-id=\"37826\"\n\t\t\t  data-parent-id=\"37826\">\n\t\t\t<span class=\"woocommerce-Price-amount amount\"><bdi><span class=\"woocommerce-Price-currencySymbol\">\u20ac<\/span>6.54<\/bdi><\/span><\/span>        <\/div>\n        \n        <!-- Product rating -->\n        <div class=\"rating\" style=\"margin: 15px 0; min-height: 25px;\">\n            <div class=\"star-rating\">Hinnanguid veel pole<\/div>        <\/div>\n        \n        <!-- Buy Now button -->\n        <div class=\"buy-now-button\" style=\"margin-top: 20px;\">\n            <a href=\"https:\/\/vapexyz.com\/et\/product\/bimo-turbo-20000-puffs-full-screen-0-2-5-low-nicotine-original-factory-bulk-buy-rechargeable-disposable-vapes-pen-wholesale\/\" \n               class=\"buy-now-btn\" \n               style=\"display: inline-block; background-color: #4CAF50; color: white !important; padding: 12px 24px; text-align: center; text-decoration: none; font-weight: bold; border-radius: 4px; transition: all 0.3s; border: none; cursor: pointer; font-size: 1em;\">\n                Osta kohe            <\/a>\n        <\/div>\n    <\/div>","protected":false},"featured_media":55436,"comment_status":"open","ping_status":"closed","template":"","meta":{"_lmt_disableupdate":"no","_lmt_disable":""},"product_brand":[],"product_cat":[1086,1002,947,935,934,927,929,928,930,933,939,932,938,931,936,937,1017,949,946,950,951,953,987],"product_tag":[],"class_list":{"0":"post-55435","1":"product","2":"type-product","3":"status-publish","4":"has-post-thumbnail","6":"product_cat-airmez-disposable-vapes","7":"product_cat-20000-puff-vapes","8":"product_cat-big-puffs-vapes","9":"product_cat-bulk-buy-disposable-vapes-in-austria","10":"product_cat-bulk-buy-disposable-vapes-in-belgium","11":"product_cat-bulk-buy-disposable-vapes-in-europe","12":"product_cat-bulk-buy-disposable-vapes-in-france","13":"product_cat-bulk-buy-disposable-vapes-in-germany","14":"product_cat-bulk-buy-disposable-vapes-in-italy","15":"product_cat-bulk-buy-disposable-vapes-in-netherlands","16":"product_cat-bulk-buy-disposable-vapes-in-norway","17":"product_cat-bulk-buy-disposable-vapes-in-poland","18":"product_cat-bulk-buy-disposable-vapes-in-portugal","19":"product_cat-bulk-buy-disposable-vapes-in-spain","20":"product_cat-bulk-buy-disposable-vapes-in-sweden","21":"product_cat-bulk-buy-disposable-vapes-in-switzerland","22":"product_cat-buy-best-disposable-vape-flavors","23":"product_cat-digital-box-vapes","24":"product_cat-disposable-vapes-series","25":"product_cat-dual-mesh-vapes","26":"product_cat-lower-nicotine-vapes","27":"product_cat-rechargeable-vapes","28":"product_cat-vape-shop-by-puffs","30":"first","31":"outofstock","32":"shipping-taxable","33":"purchasable","34":"product-type-variable","35":"has-default-attributes"},"jetpack_sharing_enabled":true,"tiered_pricing_type":"fixed","tiered_pricing_fixed_rules":[],"tiered_pricing_product_settings":{"layout":"default","base_unit_name":{"singular":null,"plural":null},"default_variation":null},"tiered_pricing_minimum_quantity":null,"tiered_pricing_roles_data":[],"tiered_pricing_percentage_rules":[],"tiered_pricing_maximum_quantity":null,"tiered_pricing_quantity_step":null,"_links":{"self":[{"href":"https:\/\/vapexyz.com\/et\/wp-json\/wp\/v2\/product\/55435","targetHints":{"allow":["GET"]}}],"collection":[{"href":"https:\/\/vapexyz.com\/et\/wp-json\/wp\/v2\/product"}],"about":[{"href":"https:\/\/vapexyz.com\/et\/wp-json\/wp\/v2\/types\/product"}],"replies":[{"embeddable":true,"href":"https:\/\/vapexyz.com\/et\/wp-json\/wp\/v2\/comments?post=55435"}],"wp:featuredmedia":[{"embeddable":true,"href":"https:\/\/vapexyz.com\/et\/wp-json\/wp\/v2\/media\/55436"}],"wp:attachment":[{"href":"https:\/\/vapexyz.com\/et\/wp-json\/wp\/v2\/media?parent=55435"}],"wp:term":[{"taxonomy":"product_brand","embeddable":true,"href":"https:\/\/vapexyz.com\/et\/wp-json\/wp\/v2\/product_brand?post=55435"},{"taxonomy":"product_cat","embeddable":true,"href":"https:\/\/vapexyz.com\/et\/wp-json\/wp\/v2\/product_cat?post=55435"},{"taxonomy":"product_tag","embeddable":true,"href":"https:\/\/vapexyz.com\/et\/wp-json\/wp\/v2\/product_tag?post=55435"}],"curies":[{"name":"wp","href":"https:\/\/api.w.org\/{rel}","templated":true}]}}