{"id":53426,"date":"2025-08-01T03:30:35","date_gmt":"2025-08-01T03:30:35","guid":{"rendered":"https:\/\/vapexyz.com\/?post_type=product&#038;p=53426"},"modified":"2026-03-02T09:07:14","modified_gmt":"2026-03-02T09:07:14","slug":"vasy-chris-brown-15000-puffs-madal-nikotiin-hulgimuuk-originaal-laetav-uhekordselt-kasutatav-vape-hulgimuuk","status":"publish","type":"product","link":"https:\/\/vapexyz.com\/et\/product\/vasy-chris-brown-15000-puffs-low-nicotine-bulk-buy-original-rechargeable-disposable-vapes-wholesale\/","title":{"rendered":"VASY CHRIS BROWN 15000 Puffs Hulgiost Rechargeable \u00dchekordselt Kasutatavad Vapes Hulgim\u00fc\u00fck"},"content":{"rendered":"<article style=\"font-family: Arial, sans-serif;line-height: 1.6;color: #333333;max-width: 100%;margin: 0 auto;padding: 20px\">\n<h2 style=\"color: #2c3e50;font-size: 28px;border-bottom: 2px solid #3498db;padding-bottom: 10px;margin-top: 30px\">Hulgim\u00fc\u00fck Originaal \u00dchekordsed Vapes: VASY CHRIS BROWN 15000 Puhkumist<\/h2>\n<p style=\"font-size: 16px;margin-bottom: 20px\">Avastage VASY CHRIS BROWN 15000 Puffs-i taga peituv inseneriteaduse tipptase, keerukas ja v\u00e4ga vastupidav \u00fchekordselt kasutatav vape, mis on konstrueeritud pikaajalise j\u00f5udluse ja kaasaegse mugavuse tagamiseks. Iseloomustades muljetavaldava 15 000 puffi mahutavusega, \u00fchendab see riistvara tipptasemel termod\u00fcnaamilise j\u00f5udluse, hoolikalt kujundatud sensoorsed profiilid ja ergonoomilise disaini \u00fchte kompaktse \u0161assiisse. See on hoolikalt valmistatud nii t\u00e4iskasvanud tarbijate ranged n\u00f5udmised rahuldamaks, kes otsivad j\u00e4rjepidevust, kui ka kommertsbulk-ostjaid, kes vajavad usaldusv\u00e4\u00e4rset laoseisu. Olenemata sellest, kas te suurendate oma jaem\u00fc\u00fcgi pakkumisi v\u00f5i otsite premium personaalset seadet, seab VASY CHRIS BROWN \u00fchekordselt kasutatav vape uue etaloni kvaliteedi tagamisele ja auru tootmisele konkurentsiv\u00f5imelisel globaalsel turul.<\/p>\n<div style=\"background-color: #f8f9fa;border-left: 5px solid #3498db;padding: 15px;margin: 25px 0\">\n<p style=\"margin: 0;font-size: 15px;color: #555\">T\u00f6\u00f6stuse \u00fclevaade: K\u00f5rge mahutavusega \u00fchekordselt kasutatavate veipide suundumus n\u00e4itab kasvavat tarbijan\u00f5udlust seadmete j\u00e4rele, mis minimeerivad elektroonilist j\u00e4\u00e4tmeid, suurendades samal ajal kasutusperioodi. Kaasaegsed \u00fchekordselt kasutatavad veibid, mis integreerivad taaslaetavaid toitelemente suur mahutavusega lahuse reservuaaridega, v\u00e4hendavad m\u00e4rkimisv\u00e4\u00e4rselt seadmete utiliseerimise sagedust, mis vastab laiematele j\u00e4tkusuutlikkuse eesm\u00e4rkidele tarbeelektroonika sektoris.<\/p>\n<\/div>\n<h3 style=\"color: #2980b9;font-size: 24px;margin-top: 40px;margin-bottom: 15px\">Tehnilised spetsifikatsioonid ja tehniline ekspertiis<\/h3>\n<p style=\"font-size: 16px;margin-bottom: 20px\">Selle \u00fchekordselt kasutatava vape'i suurep\u00e4rase funktsionaalsuse m\u00f5istmiseks tuleb uurida selle p\u00f5hitehnilisi spetsifikatsioone. Seade ei ole lihtsalt aurutatava lahuse anum; see on peenelt h\u00e4\u00e4lestatud elektrooniline instrument. Allpool on p\u00f5hjalik jaotus riistvaraspetsifikatsioonidest, mis teevad VASY CHRIS BROWN-ist k\u00f5rgetasemeliste \u00fchekordselt kasutatavate vape'ide seas juhtiva valiku.<\/p>\n<table style=\"width: 100%;border-collapse: collapse;margin-bottom: 30px;font-size: 15px\">\n<thead>\n<tr style=\"background-color: #2c3e50;color: #ffffff;text-align: left\">\n<th style=\"padding: 12px 15px;border: 1px solid #ddd\">Spetsifikatsiooni parameeter<\/th>\n<th style=\"padding: 12px 15px;border: 1px solid #ddd\">Tehnilised \u00fcksikasjad ja insenertehniline v\u00e4\u00e4rtus<\/th>\n<\/tr>\n<\/thead>\n<tbody>\n<tr style=\"background-color: #ffffff;border-bottom: 1px solid #eeeeee\">\n<td style=\"padding: 12px 15px;font-weight: bold;border-right: 1px solid #eeeeee\">F\u00fc\u00fcsikalised m\u00f5\u00f5tmed<\/td>\n<td style=\"padding: 12px 15px\">101 \u00d7 43,8 \u00d7 17,0 mm. Optimeeritud taskusuuruse jaoks, s\u00e4ilitades piisava sisemise mahu aku ja reservuaari jaoks.<\/td>\n<\/tr>\n<tr style=\"background-color: #f9f9f9;border-bottom: 1px solid #eeeeee\">\n<td style=\"padding: 12px 15px;font-weight: bold;border-right: 1px solid #eeeeee\">Mahtuvus veehoidlas<\/td>\n<td style=\"padding: 12px 15px\">12 ml premium aurustatavat valemit. T\u00e4pse tihendiga, et v\u00e4ltida \u00fcmbritseva keskkonna oks\u00fcdeerumist ja s\u00e4ilitada struktuurne terviklikkus.<\/td>\n<\/tr>\n<tr style=\"background-color: #ffffff;border-bottom: 1px solid #eeeeee\">\n<td style=\"padding: 12px 15px;font-weight: bold;border-right: 1px solid #eeeeee\">Toiteallikas<\/td>\n<td style=\"padding: 12px 15px\">600mAh A-klassi liitium-ioon aku. Omab stabiilset t\u00fchjenemisk\u00f5verat \u00fchtlase soojuse v\u00e4ljundiga kogu oma kasutusaja jooksul.<\/td>\n<\/tr>\n<tr style=\"background-color: #f9f9f9;border-bottom: 1px solid #eeeeee\">\n<td style=\"padding: 12px 15px;font-weight: bold;border-right: 1px solid #eeeeee\">K\u00fctteelement<\/td>\n<td style=\"padding: 12px 15px\">1,2\u03a9 v\u00f5rgustiku arhitektuur. Maksimeerib sisemise kapillaar materjaliga kokkupuute pinna, et saavutada kiire ja \u00fchtlane pihustamine.<\/td>\n<\/tr>\n<tr style=\"background-color: #ffffff;border-bottom: 1px solid #eeeeee\">\n<td style=\"padding: 12px 15px;font-weight: bold;border-right: 1px solid #eeeeee\">Laadimisprotokoll<\/td>\n<td style=\"padding: 12px 15px\">Traadita induktsiooniga \u00fchilduv. V\u00e4hendab f\u00fc\u00fcsiliste portide mehaanilist kulumist ja kaitseb sisemist PCB niiskuse sissetungi eest.<\/td>\n<\/tr>\n<tr style=\"background-color: #f9f9f9;border-bottom: 1px solid #eeeeee\">\n<td style=\"padding: 12px 15px;font-weight: bold;border-right: 1px solid #eeeeee\">\u0160assii materjal<\/td>\n<td style=\"padding: 12px 15px\">T\u00f6\u00f6stusliku kvaliteediga plastik, millel on k\u00f5rge eraldusv\u00f5imega 3D-printimine ja elektrokeemiliselt plaaditud aktsendid konstruktsiooni j\u00e4ikuse ja esteetilise v\u00e4limuse tagamiseks.<\/td>\n<\/tr>\n<tr style=\"background-color: #ffffff;border-bottom: 1px solid #eeeeee\">\n<td style=\"padding: 12px 15px;font-weight: bold;border-right: 1px solid #eeeeee\">Kasutajaliides<\/td>\n<td style=\"padding: 12px 15px\">Integreeritud digitaalne ekraan. Pakub reaalajas empiirilisi andmeid \u00fclej\u00e4\u00e4nud aku pinge ja ligikaudse vedeliku mahu kohta.<\/td>\n<\/tr>\n<tr style=\"background-color: #f9f9f9;border-bottom: 1px solid #eeeeee\">\n<td style=\"padding: 12px 15px;font-weight: bold;border-right: 1px solid #eeeeee\">\u00d5huvoolu mehaanika<\/td>\n<td style=\"padding: 12px 15px\">Reguleeritav sisemine vaheseinas\u00fcsteem, mis v\u00f5imaldab kasutajatel reguleerida t\u00f5mbe vastupanu kitsast MTL (suust kopsu) \u00f5hulise t\u00f5mbeni.<\/td>\n<\/tr>\n<\/tbody>\n<\/table>\n<h3 style=\"color: #2980b9;font-size: 24px;margin-top: 40px;margin-bottom: 15px\">Empiiriline testimine ja j\u00f5udluse valideerimine<\/h3>\n<p style=\"font-size: 16px;margin-bottom: 15px\">V\u00e4ite 15 000 puffs suuruse kohta ei ole pelgalt turundusm\u00f5\u00f5dik; see on rangelt empiirilise valideerimise kaudu kinnitatud. Uurimis- ja arendusfaasis allutatakse need \u00fchekordselt kasutatavad veip\u2019id standarditega sarnase automaatse t\u00f5mbekatsega, kasutades elektrooniliste aurustoodete puhul CORESTA (Teadusuuringute koost\u00f6\u00f6 keskus tubakaga seotud k\u00fcsimustes) metoodikat.<\/p>\n<p style=\"font-size: 16px;margin-bottom: 15px\">Kontrolitud laboratoorsetes tingimustes rakendavad testimismasinad suuotsikule j\u00e4rjepidevat vaakumit, mis on tavaliselt kalibreeritud 3-sekundilise t\u00f5mbeaja ja sellele j\u00e4rgneva 30-sekundilise puhkeintervalli jaoks. See empiiriline protsess m\u00f5\u00f5dab \u00fche t\u00f5mbe kohta tekkiva aerosooli massi, tagades, et 12ml reservuaar t\u00fchjeneb t\u00f5husalt ilma niiskusmaterjali liigse kuumutamiseta, mis v\u00f5iks halvendada auru kvaliteeti. Lisaks l\u00e4bib 600mAh aku range ts\u00fcklilise testimise. Laadimis- ja t\u00fchjendus-ts\u00fcklite anal\u00fc\u00fcsimisel kinnitavad insenerid, et aku s\u00e4ilitab optimaalse pinge v\u00e4ljundi, mis on vajalik 1,2\u03a9 v\u00f5rguk\u00fctteelemendi pidevaks toitmiseks kuni seadme reservuaari t\u00e4ieliku t\u00fchjenemiseni.<\/p>\n<p style=\"font-size: 16px;margin-bottom: 20px\">Seadme integreeritud digitaalse ekraani kaudu reaalajas j\u00e4lgimist on samuti ristkontrollitud laboratoorsete multimeetrite ja vedeliku nihkestestidega, tagades, et l\u00f5ppkasutajale esitatud andmed kajastavad seadme tegelikku f\u00fc\u00fcsilist seisundit t\u00e4pselt. See l\u00e4bipaistvuse tase annab t\u00e4iskasvanud kasutajatele enneolematu kontrolli nende aurukogemuse \u00fcle.<\/p>\n<div style=\"background-color: #e8f4f8;border: 1px solid #bce8f1;border-radius: 8px;padding: 20px;margin: 30px 0\">\n<h4 style=\"margin-top: 0;color: #31708f;font-size: 20px;border-bottom: 1px solid #bce8f1;padding-bottom: 10px\">Teadmepunkt: 1.2\u03a9 v\u00f5rguarhitektuuri termod\u00fcnaamika<\/h4>\n<p style=\"font-size: 15px;color: #333;margin-bottom: 10px\">Tavalised traadist k\u00fctteelemendid kannatavad sageli eba\u00fchtlase soojuse jaotumise all, tekitades \u201ckuumi kohti\u201d, mis v\u00f5ivad rikkuda imemismaterjali ja negatiivselt m\u00f5jutada auru maitseprofiili. VASY CHRIS BROWN kasutab t\u00e4pselt 1,2 \u03a9 takistusega konstrueeritud t\u00e4iustatud v\u00f5rguarhitektuuri.<\/p>\n<p style=\"font-size: 15px;color: #333;margin-bottom: 0\">V\u00f5rkkesta pakub p\u00f5him\u00f5tteliselt suuremat pinda ruutmillimeetri kohta v\u00f5rreldes traditsiooniliste spiraalpoolidega. Kui 600mAh aku annab sellele v\u00f5rgule voolu, siis soojus hajub kiiresti ja \u00fchtlaselt kogu v\u00f5rgu ulatuses. See termod\u00fcnaamiline efektiivsus t\u00e4hendab, et aurustatav lahus on aatomiseeritud optimaalsel, madalamal temperatuuril, s\u00e4ilitades keerulised aromaatsed molekulid, samal ajal kui toodetakse tihedaid, rahuldavaid pilvi. 1,2\u03a9 reiting on spetsiaalselt kalibreeritud aku s\u00e4\u00e4stmiseks optimaalse aerosoolmassi tootmisega tasakaalustamiseks.<\/p>\n<\/div>\n<h3 style=\"color: #2980b9;font-size: 24px;margin-top: 40px;margin-bottom: 15px\">Sensoorikaprofiilid ja aroomivalik<\/h3>\n<p style=\"font-size: 16px;margin-bottom: 20px\">Maksimaalse turu atraktiivsuse ja tarbija rahulolu tagamiseks pakub see \u00fchekordselt kasutatavate veipide rida p\u00f5hjalikku kataloogi t\u00e4pselt valmistatud sensoorsete segude valikust. Iga profiil on v\u00e4lja t\u00f6\u00f6tatud ekspertide aromaterapeutide ja keemikute poolt, et pakkuda j\u00e4rjepidevat ja isu\u00e4ratavat kogemust esimesest t\u00f5mbest kuni l\u00f5pliku aktiveerimiseni. Saadaval olevad valikud h\u00f5lmavad:<\/p>\n<ul style=\"list-style-type: none;padding: 0;flex-wrap: wrap;gap: 15px;margin-bottom: 30px\">\n<li style=\"background-color: #ffffff;border: 1px solid #e0e0e0;border-radius: 20px;padding: 10px 20px;font-size: 15px;flex: 1 1 calc(33.333% - 15px);text-align: center\">Maasikas arbuus<\/li>\n<li style=\"background-color: #ffffff;border: 1px solid #e0e0e0;border-radius: 20px;padding: 10px 20px;font-size: 15px;flex: 1 1 calc(33.333% - 15px);text-align: center\">Draakonivilja limonaad<\/li>\n<li style=\"background-color: #ffffff;border: 1px solid #e0e0e0;border-radius: 20px;padding: 10px 20px;font-size: 15px;flex: 1 1 calc(33.333% - 15px);text-align: center\">Maasika banaan<\/li>\n<li style=\"background-color: #ffffff;border: 1px solid #e0e0e0;border-radius: 20px;padding: 10px 20px;font-size: 15px;flex: 1 1 calc(33.333% - 15px);text-align: center\">Gruusia virsik<\/li>\n<li style=\"background-color: #ffffff;border: 1px solid #e0e0e0;border-radius: 20px;padding: 10px 20px;font-size: 15px;flex: 1 1 calc(33.333% - 15px);text-align: center\">P\u00e4\u00e4stikusin Ananass<\/li>\n<li style=\"background-color: #ffffff;border: 1px solid #e0e0e0;border-radius: 20px;padding: 10px 20px;font-size: 15px;flex: 1 1 calc(33.333% - 15px);text-align: center\">Mustikas arbuus<\/li>\n<li style=\"background-color: #ffffff;border: 1px solid #e0e0e0;border-radius: 20px;padding: 10px 20px;font-size: 15px;flex: 1 1 calc(33.333% - 15px);text-align: center\">Blue Razz Ice<\/li>\n<li style=\"background-color: #ffffff;border: 1px solid #e0e0e0;border-radius: 20px;padding: 10px 20px;font-size: 15px;flex: 1 1 calc(33.333% - 15px);text-align: center\">Maasika kiivi<\/li>\n<li style=\"background-color: #ffffff;border: 1px solid #e0e0e0;border-radius: 20px;padding: 10px 20px;font-size: 15px;flex: 1 1 calc(33.333% - 15px);text-align: center\">Hapu \u00f5un vaarikas<\/li>\n<li style=\"background-color: #ffffff;border: 1px solid #e0e0e0;border-radius: 20px;padding: 10px 20px;font-size: 15px;flex: 1 1 calc(33.333% - 15px);text-align: center\">Pina Colada<\/li>\n<li style=\"background-color: #ffffff;border: 1px solid #e0e0e0;border-radius: 20px;padding: 10px 20px;font-size: 15px;flex: 1 1 calc(33.333% - 15px);text-align: center\">Grape Razz<\/li>\n<li style=\"background-color: #ffffff;border: 1px solid #e0e0e0;border-radius: 20px;padding: 10px 20px;font-size: 15px;flex: 1 1 calc(33.333% - 15px);text-align: center\">Miami Mint<\/li>\n<\/ul>\n<h3 style=\"color: #2980b9;font-size: 24px;margin-top: 40px;margin-bottom: 15px\">Volitus, Vastavus ja Kvaliteedi Tagamine<\/h3>\n<p style=\"font-size: 16px;margin-bottom: 15px\">Kuna oleme rahvusvahelise aurusektori juhtiv tarnija, siis me eelistame selliste seadmete levitamist, mis vastavad rangetele \u00fclemaailmsetele tootmisstandarditele. VASY CHRIS BROWN tootmisega tegelevad rajatised t\u00f6\u00f6tavad ISO 9001 sertifitseerimise juhiste alusel, tagades, et igas tootmispartii rakendatakse j\u00e4rjepidevaid kvaliteedikontrolli meetodeid.<\/p>\n<p style=\"font-size: 16px;margin-bottom: 15px\">Kaubanduslike levitajate ja jaem\u00fc\u00fcjate jaoks on regulatiivne vastavus \u00fclimalt oluline. Need \u00fchekordsed veipimise seadmed on konstrueeritud vastavuses CE (Conformit\u00e9 Europ\u00e9enne) ja RoHS (ohtlike ainete kasutamise piiramine) direktiividega. See t\u00e4hendab, et sisemine elektroonika vastab k\u00f5rgetele ohutus-, tervise- ja keskkonnakaitse n\u00f5uetele ning elektriahel on t\u00e4ielikult vaba piiratud materjalidest, nagu pliiv, elavh\u00f5be ja kaadmium.<\/p>\n<p style=\"font-size: 16px;margin-bottom: 30px\">Lisaks on integreeritud 600mAh liitium-ioonakud vastavalt UN38.3 testimisprotokollidele. See on kriitiline s\u00f5ltumatu valideerimisstandard liitiumakude ohutuks transportimiseks kogu maailmas, tagades, et riistvara talub muutusi k\u00f5rguses, termilisi k\u00f5ikumisi, vibratsiooni ja mehaanilist l\u00f6\u00f6ki suuremahulise rahvusvahelise saatmise ajal ilma p\u00f5lemisohtu kujutamata.<\/p>\n<h3 style=\"color: #2c3e50;font-size: 24px;margin-top: 40px;margin-bottom: 20px;border-bottom: 2px solid #ecf0f1;padding-bottom: 10px\">Korduma kippuvad k\u00fcsimused (KKK) turustajatele ja kasutajatele<\/h3>\n<div style=\"margin-bottom: 30px\">\n<div style=\"border: 1px solid #e0e0e0;border-radius: 8px;padding: 18px;margin-bottom: 15px;background-color: #ffffff\">\n<h4 style=\"margin: 0 0 10px 0;color: #2c3e50;font-size: 18px\">Kuidas m\u00e4\u00e4ratakse 15 000 puffi hinnang empiiriliselt?<\/h4>\n<p style=\"margin: 0;font-size: 15px;color: #555\">15 000 puffi m\u00f5\u00f5dik m\u00e4\u00e4ratakse kindlaks kontrollitud masinatestide abil laboratoorsetes tingimustes. Automaatsed seadmed t\u00f5mbavad auru standardiseeritud 3-sekundiliste intervallidega, et arvutada 12 ml reservuaari maksimaalne v\u00e4ljund optimaalsetes termilistes tingimustes. Individuaalsed kasutajatulemused v\u00f5ivad erineda s\u00f5ltuvalt isiklikust sissehingamise kestusest ja kasutatud reguleeritavatest \u00f5huvoolu seadistustest.<\/p>\n<\/div>\n<div style=\"border: 1px solid #e0e0e0;border-radius: 8px;padding: 18px;margin-bottom: 15px;background-color: #ffffff\">\n<h4 style=\"margin: 0 0 10px 0;color: #2c3e50;font-size: 18px\">Millised ohutusfunktsioonid on seadme tr\u00fckkplaadi sisse ehitatud?<\/h4>\n<p style=\"margin: 0;font-size: 15px;color: #555\">Sisemine tr\u00fckkplaat (PCB) on konstrueeritud mitme tarbijaelektroonika jaoks h\u00e4davajaliku turvafunktsiooniga. Nende hulka kuuluvad \u00fclelaadimise kaitse (voolu sissev\u00f5tmise peatamine, kui aku j\u00f5uab 100% t\u00e4is), \u00fcle- t\u00fchjenemiskaitse (seadme v\u00e4ljal\u00fclitamine enne aku elementide halvenemist kriitiliselt madalast pingest) ja l\u00fchisekaitse \u00e4kiliste elektri t\u00f5usude leevendamiseks.<\/p>\n<\/div>\n<div style=\"border: 1px solid #e0e0e0;border-radius: 8px;padding: 18px;margin-bottom: 15px;background-color: #ffffff\">\n<h4 style=\"margin: 0 0 10px 0;color: #2c3e50;font-size: 18px\">Kuidas toimib juhtmevaba laadimise funktsioon \u00fchekordselt kasutataval e-sigaretil?<\/h4>\n<p style=\"margin: 0;font-size: 15px;color: #555\">Seade sisaldab elektromagnetilise induktsiooni m\u00e4hist oma p\u00f5hjas. Kui see asetatakse \u00fchilduvale juhtmevabale laadimisplaadile, genereerib vahelduv magnetv\u00e4li elektrivoolu sisemises vastuv\u00f5tjas, laadides sujuvalt 600mAh akut. See kaasaegne mugavus v\u00e4ldib f\u00fc\u00fcsilist kulumist \u0161assiil ja piirab tolmu v\u00f5i atmosf\u00e4\u00e4ri niiskuse sisenemispunkte.<\/p>\n<\/div>\n<div style=\"border: 1px solid #e0e0e0;border-radius: 8px;padding: 18px;margin-bottom: 15px;background-color: #ffffff\">\n<h4 style=\"margin: 0 0 10px 0;color: #2c3e50;font-size: 18px\">Millised on optimaalsed ladustamistingimused suure hulga inventari jaoks?<\/h4>\n<p style=\"margin: 0;font-size: 15px;color: #555\">Aurustuva valemi terviklikkuse ja liitium-ioon aku elementide stabiilsuse s\u00e4ilitamiseks tuleks hulgilaoseid hoida kliimakontrollitud keskkonnas. Ideaalne \u00fcmbritsev temperatuur on vahemikus 15\u00b0C kuni 25\u00b0C (59\u00b0F \u2013 77\u00b0F) m\u00f5\u00f5duka niiskusega. Riistvara tuleks hoida eemal otsesest ultraviolettkiirgusest (UV) ja lokaliseeritud soojusallikatest.<\/p>\n<\/div>\n<\/div>\n<hr style=\"border: 0;height: 1px;background-color: #e0e0e0;margin: 40px 0\" \/>\n<h3 style=\"color: #2c3e50;font-size: 24px;margin-bottom: 15px\">Strateegiline hulgim\u00fc\u00fcgiallikas<\/h3>\n<p style=\"font-size: 16px;margin-bottom: 20px\">VASY CHRIS BROWN 15000 Puffs on praegu hulgim\u00fc\u00fcgiks saadaval. Jaem\u00fc\u00fcjatele ja levitamisv\u00f5rkudele tagab toote autentsuse ja katkematu tarneahela kindlustamise l\u00e4bi v\u00e4ljakujunenud, k\u00f5rge autoriteediga tarnijate. K\u00f5igi skaalade ettev\u00f5tted saavad oma laoseisu optimeerida k\u00f5rge j\u00f5udlusega \u00fchekordselt kasutatavate veipidega, alustades v\u00e4ga taskukohastest miinimumtellimuse kogustest.<\/p>\n<p style=\"font-size: 16px;margin-bottom: 30px\">T\u00e4iendage oma tooteportfelli k\u00f5rgelt kavandatud, optimeeritud v\u00e4ljundiga \u00fchekordselt kasutatavate veipidega, mis j\u00e4rjepidevalt vastavad rangetele tarbijate ootustele. Kasutage meie sujuvamaks tehtud hulgim\u00fc\u00fcgi logistikat ja kindlustage konkurentsieelise oma piirkondlikul turul juba t\u00e4na.<\/p>\n<div style=\"text-align: center;margin: 40px 0\"><img loading=\"lazy\" decoding=\"async\" class=\"alignnone wp-image-53484 size-full\" style=\"max-width: 100%;height: auto;border-radius: 10px\" src=\"https:\/\/vapexyz.com\/wp-content\/uploads\/2025\/07\/Vasy-Chris-Brown-15000-Puffs-Low-Nicotine-Bulk-Buy-Original-Rechargeable-Disposable-Vapes-Wholesale-7.jpg\" alt=\"Vasy Chris Brown 15000 Puffs Hulgiost Original \u00dchekordselt Kasutatavad Laetavad Vapes Hulgim\u00fc\u00fck\" width=\"2400\" height=\"1000\" title=\"\" srcset=\"https:\/\/vapexyz.com\/wp-content\/uploads\/2025\/07\/Vasy-Chris-Brown-15000-Puffs-Low-Nicotine-Bulk-Buy-Original-Rechargeable-Disposable-Vapes-Wholesale-7.jpg 2400w, https:\/\/vapexyz.com\/wp-content\/uploads\/2025\/07\/Vasy-Chris-Brown-15000-Puffs-Low-Nicotine-Bulk-Buy-Original-Rechargeable-Disposable-Vapes-Wholesale-7-500x208.jpg 500w, https:\/\/vapexyz.com\/wp-content\/uploads\/2025\/07\/Vasy-Chris-Brown-15000-Puffs-Low-Nicotine-Bulk-Buy-Original-Rechargeable-Disposable-Vapes-Wholesale-7-1024x427.jpg 1024w, https:\/\/vapexyz.com\/wp-content\/uploads\/2025\/07\/Vasy-Chris-Brown-15000-Puffs-Low-Nicotine-Bulk-Buy-Original-Rechargeable-Disposable-Vapes-Wholesale-7-768x320.jpg 768w, https:\/\/vapexyz.com\/wp-content\/uploads\/2025\/07\/Vasy-Chris-Brown-15000-Puffs-Low-Nicotine-Bulk-Buy-Original-Rechargeable-Disposable-Vapes-Wholesale-7-1536x640.jpg 1536w, https:\/\/vapexyz.com\/wp-content\/uploads\/2025\/07\/Vasy-Chris-Brown-15000-Puffs-Low-Nicotine-Bulk-Buy-Original-Rechargeable-Disposable-Vapes-Wholesale-7-2048x853.jpg 2048w, https:\/\/vapexyz.com\/wp-content\/uploads\/2025\/07\/Vasy-Chris-Brown-15000-Puffs-Low-Nicotine-Bulk-Buy-Original-Rechargeable-Disposable-Vapes-Wholesale-7-18x8.jpg 18w, https:\/\/vapexyz.com\/wp-content\/uploads\/2025\/07\/Vasy-Chris-Brown-15000-Puffs-Low-Nicotine-Bulk-Buy-Original-Rechargeable-Disposable-Vapes-Wholesale-7-510x213.jpg 510w\" sizes=\"auto, (max-width: 2400px) 100vw, 2400px\" \/><\/div>\n<\/article>","protected":false},"excerpt":{"rendered":"<p>VASY CHRIS BROWN 15000 Puffs on taaslaetav \u00fchekordselt kasutatav vape, millel on digitaalne ekraan, reguleeritav \u00f5huvool, juhtmevaba laadimine ja 12 rikast maitset \u2013 ideaalne hulgi m\u00fc\u00fcgiks VapeXYZ-is.<\/p>","protected":false},"featured_media":53478,"comment_status":"open","ping_status":"closed","template":"","meta":{"_lmt_disableupdate":"no","_lmt_disable":""},"product_brand":[],"product_cat":[925,998,947,935,934,927,929,928,930,933,939,932,938,931,936,937,1017,949,946,951,953,987],"product_tag":[],"class_list":{"0":"post-53426","1":"product","2":"type-product","3":"status-publish","4":"has-post-thumbnail","6":"product_cat-vasy","7":"product_cat-15000-puff-vapes","8":"product_cat-big-puffs-vapes","9":"product_cat-bulk-buy-disposable-vapes-in-austria","10":"product_cat-bulk-buy-disposable-vapes-in-belgium","11":"product_cat-bulk-buy-disposable-vapes-in-europe","12":"product_cat-bulk-buy-disposable-vapes-in-france","13":"product_cat-bulk-buy-disposable-vapes-in-germany","14":"product_cat-bulk-buy-disposable-vapes-in-italy","15":"product_cat-bulk-buy-disposable-vapes-in-netherlands","16":"product_cat-bulk-buy-disposable-vapes-in-norway","17":"product_cat-bulk-buy-disposable-vapes-in-poland","18":"product_cat-bulk-buy-disposable-vapes-in-portugal","19":"product_cat-bulk-buy-disposable-vapes-in-spain","20":"product_cat-bulk-buy-disposable-vapes-in-sweden","21":"product_cat-bulk-buy-disposable-vapes-in-switzerland","22":"product_cat-buy-best-disposable-vape-flavors","23":"product_cat-digital-box-vapes","24":"product_cat-disposable-vapes-series","25":"product_cat-lower-nicotine-vapes","26":"product_cat-rechargeable-vapes","27":"product_cat-vape-shop-by-puffs","29":"first","30":"instock","31":"shipping-taxable","32":"purchasable","33":"product-type-variable","34":"has-default-attributes"},"jetpack_sharing_enabled":true,"tiered_pricing_type":"fixed","tiered_pricing_fixed_rules":[],"tiered_pricing_product_settings":{"layout":"default","base_unit_name":{"singular":null,"plural":null},"default_variation":null},"tiered_pricing_minimum_quantity":null,"tiered_pricing_roles_data":[],"tiered_pricing_percentage_rules":[],"tiered_pricing_maximum_quantity":null,"tiered_pricing_quantity_step":null,"_links":{"self":[{"href":"https:\/\/vapexyz.com\/et\/wp-json\/wp\/v2\/product\/53426","targetHints":{"allow":["GET"]}}],"collection":[{"href":"https:\/\/vapexyz.com\/et\/wp-json\/wp\/v2\/product"}],"about":[{"href":"https:\/\/vapexyz.com\/et\/wp-json\/wp\/v2\/types\/product"}],"replies":[{"embeddable":true,"href":"https:\/\/vapexyz.com\/et\/wp-json\/wp\/v2\/comments?post=53426"}],"wp:featuredmedia":[{"embeddable":true,"href":"https:\/\/vapexyz.com\/et\/wp-json\/wp\/v2\/media\/53478"}],"wp:attachment":[{"href":"https:\/\/vapexyz.com\/et\/wp-json\/wp\/v2\/media?parent=53426"}],"wp:term":[{"taxonomy":"product_brand","embeddable":true,"href":"https:\/\/vapexyz.com\/et\/wp-json\/wp\/v2\/product_brand?post=53426"},{"taxonomy":"product_cat","embeddable":true,"href":"https:\/\/vapexyz.com\/et\/wp-json\/wp\/v2\/product_cat?post=53426"},{"taxonomy":"product_tag","embeddable":true,"href":"https:\/\/vapexyz.com\/et\/wp-json\/wp\/v2\/product_tag?post=53426"}],"curies":[{"name":"wp","href":"https:\/\/api.w.org\/{rel}","templated":true}]}}