{"id":49529,"date":"2025-06-22T12:33:39","date_gmt":"2025-06-22T12:33:39","guid":{"rendered":"https:\/\/vapexyz.com\/?post_type=product&#038;p=49529"},"modified":"2026-03-06T06:38:44","modified_gmt":"2026-03-06T06:38:44","slug":"rahdm-tornaado-50-000-pooret-professionaalne-hulgimuuja-uhekordselt-kasutatav-vape-madala-nikotiinisisaldusega-hulgiostmine","status":"publish","type":"product","link":"https:\/\/vapexyz.com\/et\/product\/rahdm-tornado-50000-puffs-professional-wholesalers-disposable-vape-with-low-nicotine-bulk-buy\/","title":{"rendered":"RAHDM Tornado 50000 Puffs Professionaalsete Hulgim\u00fc\u00fcjate \u00dchekordsed Vape Suur Ostukogus"},"content":{"rendered":"<article style=\"font-family: 'Segoe UI', Tahoma, Geneva, Verdana, sans-serif; line-height: 1.6; color: #333; max-width: 100%; margin: 0 auto; padding: 20px;\">\n<section style=\"margin-bottom: 40px;\">\n<h2 style=\"color: #2c3e50; border-bottom: 2px solid #3498db; padding-bottom: 10px; font-size: 28px;\">Strateegiline tooteoptimeerimine: RANDM FUMOT Tornado 20000 t\u00e4iustamine<\/h2>\n<p style=\"font-size: 16px; margin-bottom: 15px;\">Tere tulemast VapeXYZ-i, teie peamisse rahvusvahelisse jaotuspunkti premium \u00fchekordselt kasutatavate veipide jaoks. \u00dcle kaheksa aasta p\u00fchendatud kogemusega globaalses jaotusketis oleme end t\u00f5estanud kui autoriteetne partner hulgim\u00fc\u00fcjate ja jaem\u00fc\u00fcjate jaoks. Meie ulatuslik portfell sisaldab t\u00f6\u00f6stuse juhtivaid tootjaid nagu BANG BOX, WASPE, UWIN, BIMO, RandM, BANG, VOZOL, Elf Box ja MYDE. Spetsialiseerunud B2B ja B2C turustajana hoiame uskumatult madalat minimaalset tellimuskogust (MOQ) vaid 10 \u00fchikut, v\u00f5imaldades k\u00f5ikidele ettev\u00f5tetele juurdep\u00e4\u00e4su hulgim\u00fc\u00fcgi hinnamudelitele turvaliselt ja t\u00f5husalt.<\/p>\n<p style=\"font-size: 16px; margin-bottom: 15px;\">Meie pidevas kohustuses empiirilise kvaliteedi tagamise ja jaem\u00fc\u00fcgi tipptaseme suhtes j\u00e4lgime aktiivselt tulemuslikkuse n\u00e4itajaid, riistvara t\u00f6\u00f6kindlust ja klientide rahulolu m\u00e4\u00e4rasid kogu meie \u00fchekordselt kasutatavate aurustite koguvaru ulatuses. Hiljutised RAHDM Tornado 50000 aktiveerimisseadme anal\u00fc\u00fctilised \u00fclevaated n\u00e4itasid kriitilisi erinevusi komponendi pikaealisuses ja termilises vastupidavuses. Selleks, et tagada meie partnerid ja tarbijad saavad ainult k\u00f5rgeima taseme riistvara t\u00f6\u00f6kindlust, oleme ametlikult muutnud meie esmase soovituse struktuurselt paremaks mudeliks: <a style=\"color: #3498db; text-decoration: none; font-weight: bold;\" href=\"https:\/\/vapexyz.com\/et\/toode\/randm-fumot-tornado-20000-puffs-digital-ekraan-0-2-3-5-madal-nikotiini-originaalne-tehase-hulgimuuk\/\">RANDM FUMOT Tornado 20000 Puffs<\/a>.<\/p>\n<\/section>\n<section style=\"margin-bottom: 40px;\">\n<h3 style=\"color: #2c3e50; font-size: 24px; margin-bottom: 15px;\">Empiiriline anal\u00fc\u00fcs: Miks \u00fcleminek 50 000-lt 20 000 aktiveerimisele?<\/h3>\n<p style=\"font-size: 16px; margin-bottom: 15px;\">\u00dchekordselt kasutatavate aurustite kiiresti arenevas sektoris on nimeline aktiveerimiste arv (hingamised) sageli kasutatud peamiste turundusm\u00f5\u00f5dikutena. Empiirilised testimismeetodid n\u00e4itavad aga, et \u00e4\u00e4rmuslikud aktiveerimisn\u00f5uded, nagu 50 000 t\u00f5mmet, \u00fcletavad sageli standardse sisemise aatomiseerimisseadme f\u00fc\u00fcsilised piirangud. Kui m\u00e4his on pidevalt termilise ts\u00fckliga koormatud k\u00fcmnete tuhandete aktiveerimiste jooksul, tekib paratamatult struktuurne degradeerumine imemismaterjali ja k\u00fctteselementide oks\u00fcdeerumine. See tulemuseks eba\u00fchtlasest aurutootmisest ja v\u00e4henenud sensoorsest kogemusest seadme eluts\u00fckli teisel poolel.<\/p>\n<p style=\"font-size: 16px; margin-bottom: 15px;\">Meie sisemised kvaliteedi hindamise protokollid h\u00f5lmavad automatiseeritud pneumaatilisi testimisseadmeid, mis simuleerivad standardseid kasutaja t\u00f5mbamise kestusi (t\u00fc\u00fcpiliselt 3 sekundit) kontrollitud puhkeintervallidega. Nende rangete hindamiste p\u00f5hjal n\u00e4itas RAHDM Tornado 50000 m\u00e4rkimisv\u00e4\u00e4rset termilist v\u00e4simust ja v\u00e4ljundi varieeruvust p\u00e4rast oma kasutusaja keskpunkti. Seevastu RANDM FUMOT Tornado 20000 on konstrueeritud v\u00e4ga kalibreeritud riistvaraga, mis on spetsiaalselt loodud optimaalse oomilise takistuse ja \u00fchtlase aerosoolimise s\u00e4ilitamiseks kogu garanteeritud kasutusaja jooksul. Inflatsiooniliste m\u00f5\u00f5dikute asemel riistvara stabiilsusele prioriteedi andmisega pakub see kaasaegne vape empiiriliselt \u00fclimat ja v\u00e4ga usaldusv\u00e4\u00e4rset kasutajakogemust alates esimesest aktiveerimisest kuni v\u00e4ga viimase aktiveerimiseni.<\/p>\n<div style=\"background-color: #f4f6f9; border-left: 5px solid #2980b9; padding: 20px; margin: 25px 0; border-radius: 0 8px 8px 0;\">\n<h4 style=\"margin-top: 0; color: #2980b9; font-size: 18px;\">Teadmiste punkt t\u00f6\u00f6stuses: Termiline lagunemine suure mahutavusega seadmetes<\/h4>\n<p style=\"margin-bottom: 0; font-size: 15px;\">Iga veipri j\u00f5udlus s\u00f5ltub suuresti selle k\u00fcttemaatriksi terviklikkusest. Kui \u00fchekordsed veibid \u00fcritavad saavutada liiga k\u00f5rget aktiveerimisarvu, suurendamata k\u00fctteelemendi f\u00fc\u00fcsilisi m\u00f5\u00f5tmeid, p\u00f5hjustavad pidevad kuumutus- ja jahutus ts\u00fcklid s\u00fcsiniku kogunemist ja sulamv\u00f5rgu struktuurilise n\u00f5rgenemise. RANDM FUMOT Tornado 20000 lahendab selle probleemi, kasutades optimeeritud kahe v\u00f5rguga arhitektuuri, mis jaotab soojuskoormuse \u00fchtlaselt, v\u00e4ltides enneaegset komponentide rikke ja tagades standardse t\u00f6\u00f6 efektiivsuse kogu 20 mL reservuaari tarbimise jooksul.<\/p>\n<\/div>\n<\/section>\n<section style=\"margin-bottom: 40px;\">\n<h2 style=\"color: #2c3e50; border-bottom: 2px solid #3498db; padding-bottom: 10px; font-size: 28px;\">Tehniliste Spetsifikatsioonide Maatriks: Riistvara V\u00f5rdlus<\/h2>\n<p style=\"font-size: 16px; margin-bottom: 20px;\">Meie jaem\u00fc\u00fcgi partneritele ning tarbijatele l\u00e4bipaistva ja autoriteetse teabe pakkumiseks oleme koostanud p\u00f5hjaliku tehnilise v\u00f5rdluse, mis vastandab vananenud RAHDM seadme v\u00e4ga soovitatava RANDM FUMOT Tornado 20000 seadmega. Need andmed peegeldavad standardseid insenertehnilisi spetsifikatsioone ja s\u00f5ltumatuid riistvarauuringuid.<\/p>\n<div>\n<table style=\"width: 100%; border-collapse: collapse; margin-bottom: 20px; font-family: 'Segoe UI', sans-serif; border-radius: 8px; overflow: hidden;\">\n<thead>\n<tr style=\"background-color: #2c3e50; color: #ffffff; text-align: left;\">\n<th style=\"padding: 15px; font-weight: 600; text-transform: uppercase; font-size: 14px; letter-spacing: 0.5px;\">Tehniline funktsioon<\/th>\n<th style=\"padding: 15px; font-weight: 600; text-transform: uppercase; font-size: 14px; letter-spacing: 0.5px;\">P\u00e4randmudel (RAHDM 50000)<\/th>\n<th style=\"padding: 15px; font-weight: 600; text-transform: uppercase; font-size: 14px; letter-spacing: 0.5px; background-color: #34495e;\">Optimeeritud standard (RANDM FUMOT 20000)<\/th>\n<\/tr>\n<\/thead>\n<tbody>\n<tr style=\"border-bottom: 1px solid #e0e0e0; background-color: #ffffff;\">\n<td style=\"padding: 15px; font-weight: 600; color: #2c3e50;\">Aktiveerimise saagis<\/td>\n<td style=\"padding: 15px; color: #555;\">Kuni 50 000 (S\u00f5ltub k\u00f5rgest termilisest varieeruvusest)<\/td>\n<td style=\"padding: 15px; color: #27ae60; font-weight: 600; background-color: #f7fcfa;\">20 000 (Empiiriliselt valideeritud j\u00e4rjepidevus)<\/td>\n<\/tr>\n<tr style=\"border-bottom: 1px solid #e0e0e0; background-color: #f9f9f9;\">\n<td style=\"padding: 15px; font-weight: 600; color: #2c3e50;\">Toiteelemendi arhitektuur<\/td>\n<td style=\"padding: 15px; color: #555;\">650mAh standardne liitium-ioonaku<\/td>\n<td style=\"padding: 15px; color: #27ae60; font-weight: 600; background-color: #f7fcfa;\">850mAh k\u00f5rge t\u00fchjenemiskiirusega liitium-ioon aku<\/td>\n<\/tr>\n<tr style=\"border-bottom: 1px solid #e0e0e0; background-color: #ffffff;\">\n<td style=\"padding: 15px; font-weight: 600; color: #2c3e50;\">Laadimisprotokoll<\/td>\n<td style=\"padding: 15px; color: #555;\">Mitte standardiseeritud<\/td>\n<td style=\"padding: 15px; color: #27ae60; font-weight: 600; background-color: #f7fcfa;\">USB Type-C (5V\/1A kiirendatud sisend)<\/td>\n<\/tr>\n<tr style=\"border-bottom: 1px solid #e0e0e0; background-color: #f9f9f9;\">\n<td style=\"padding: 15px; font-weight: 600; color: #2c3e50;\">Sisemine reservuaari maht<\/td>\n<td style=\"padding: 15px; color: #555;\">15 mL maht<\/td>\n<td style=\"padding: 15px; color: #27ae60; font-weight: 600; background-color: #f7fcfa;\">20 mL laiendatud maht<\/td>\n<\/tr>\n<tr style=\"border-bottom: 1px solid #e0e0e0; background-color: #ffffff;\">\n<td style=\"padding: 15px; font-weight: 600; color: #2c3e50;\">Digitaalne telemetria<\/td>\n<td style=\"padding: 15px; color: #555;\">P\u00f5hilised V\u00f5imsuse ja Helitugevuse N\u00e4idikud<\/td>\n<td style=\"padding: 15px; color: #27ae60; font-weight: 600; background-color: #f7fcfa;\">T\u00e4psusv\u00f5imsuse ja t\u00f5mbamise loendusliides<\/td>\n<\/tr>\n<tr style=\"border-bottom: 1px solid #e0e0e0; background-color: #f9f9f9;\">\n<td style=\"padding: 15px; font-weight: 600; color: #2c3e50;\">Meelelised segud<\/td>\n<td style=\"padding: 15px; color: #555;\">10 Standardprofiili<\/td>\n<td style=\"padding: 15px; color: #27ae60; font-weight: 600; background-color: #f7fcfa;\">40+ Eksperti poolt s\u00f5nastatud aromaatsed profiilid<\/td>\n<\/tr>\n<tr style=\"background-color: #ffffff;\">\n<td style=\"padding: 15px; font-weight: 600; color: #2c3e50;\">Aatomimistehnoloogia<\/td>\n<td style=\"padding: 15px; color: #555;\">\u00dchejuhtmeline m\u00e4his<\/td>\n<td style=\"padding: 15px; color: #27ae60; font-weight: 600; background-color: #f7fcfa;\">T\u00e4iustatud kahe v\u00f5rguga k\u00fcttearhitektuur<\/td>\n<\/tr>\n<\/tbody>\n<\/table>\n<\/div>\n<\/section>\n<section style=\"margin-bottom: 40px;\">\n<h2 style=\"color: #2c3e50; border-bottom: 2px solid #3498db; padding-bottom: 10px; font-size: 28px;\">RANDM FUMOT Tornado 20000 insenertehniline tipptase<\/h2>\n<h3 style=\"color: #2c3e50; font-size: 22px; margin-bottom: 15px; margin-top: 25px;\">T\u00e4pne telemetria ja digitaalne liides<\/h3>\n<p style=\"font-size: 16px; margin-bottom: 15px;\">\u00dcks olulisemaid tehnoloogilisi edusamme kaasaegsetes \u00fchekordselt kasutatavates vape-des on k\u00f5rge eraldusv\u00f5imega digitaaltelemetria integreerimine. RANDM FUMOT seeria sisaldab t\u00e4iustatud mikrokontrolleri \u00fcksust (MCU), mis j\u00e4lgib t\u00e4pselt nii 850mAh suure v\u00f5imsusega aku \u00fclej\u00e4\u00e4nud laengut kui ka t\u00e4pset joonistus ts\u00fcklite arvu, mis veel j\u00e4\u00e4nud on. See arvutuslik t\u00e4psus k\u00f5rvaldab tarbija oletamise, v\u00f5imaldades t\u00e4pset kasutamise j\u00e4lgimist. Lisaks pakub 850mAh toiteelement v\u00f5rreldes eelnevate 650mAh versioonidega paremat pinge stabiilsust koormuse all, tagades, et aerosoolide teke j\u00e4\u00e4b tihedaks ja t\u00e4ielikult k\u00fcllastunuks isegi siis, kui aku hakkab t\u00fchjaks saama.<\/p>\n<h3 style=\"color: #2c3e50; font-size: 22px; margin-bottom: 15px; margin-top: 25px;\">Laiendatud Aroomilised Profiilid ja Koostised<\/h3>\n<p style=\"font-size: 16px; margin-bottom: 15px;\">Erinevus ja t\u00e4psus sensoorses kohaletoimetamises on kasutaja rahulolu jaoks \u00fclimalt olulised. Kui vanemad mudelid piirasid kasutajaid kitsa k\u00fcmne v\u00f5imaluse spektriga, siis meie soovitatud t\u00e4iendatud seade laiendab seda silmaringi dramaatiliselt. K\u00f5rge rafineeritusega botaanilisi ekstrakte ja keerukaid segamistehnikaid kasutades on seade saadaval \u00fcle 40 erineva aroomiprofiiliga. Alates teravatest, jahutavatest sensoorsetest kogemustest, mis meenutavad talviseid puuvilju, kuni keerukate, mitmekihiliste botaaniliste segudeni - see ulatuslik kataloog tagab, et jaem\u00fc\u00fcjad saavad rahuldada iga m\u00f5eldava tarbija eelistusi. Suurenenud 20mL reservuaar tagab, et need premium-preparaadid on turvaliselt ja t\u00f5husalt majutatud, pakkudes pikemat ja erakordset sensoorset teekonda.<\/p>\n<h3 style=\"color: #2c3e50; font-size: 22px; margin-bottom: 15px; margin-top: 25px;\">T\u00e4iustatud kahe v\u00f5rgu aatomiseerimisprotokoll<\/h3>\n<p style=\"font-size: 16px; margin-bottom: 15px;\">Selle seadme \u00fclemise funktsionaalsuse tuumaks on selle keerukas kahe v\u00f5rguga k\u00fcttearhitektuur. Erinevalt traditsioonilistest \u00fcksikkeerulistest traatidest, maksimeerib kahe v\u00f5rguga s\u00fcsteem metallilise pinnaga kokkupuutuvat k\u00fcllastunud viksitava materjali. See insenertehniline valik saavutab kaks elut\u00e4htsat eesm\u00e4rki: esiteks kiirendab see kiiresti aatomiseerimisprotsessi, pakkudes kohest aerosoolide tootmist t\u00f5mbamise alguses; teiseks v\u00e4hendab see drastiliselt lokaliseeritud soojuskontsentratsioone (sageli nimetatakse \u201ckuumadeks punktideks\u201d), mis on peamiselt vastutavad sisemise keskkonna degradeerumise eest. Tulemuseks on v\u00e4ga t\u00f5hus termod\u00fcnaamiline protsess, mis garanteerib, et iga 20 000 aktiveerimist on sama tugev ja t\u00e4pne kui esimene.<\/p>\n<div style=\"background-color: #f4f6f9; border-left: 5px solid #8e44ad; padding: 20px; margin: 25px 0; border-radius: 0 8px 8px 0;\">\n<h4 style=\"margin-top: 0; color: #8e44ad; font-size: 18px;\">Vastavus- ja Tootmisasutus<\/h4>\n<p style=\"margin-bottom: 0; font-size: 15px;\">Usaldus toote vastu p\u00e4rineb t\u00f5estatud tootmistavade j\u00e4rgi. VapeXYZ levitamisv\u00f5rgu kaudu tarnitavad seadmed on kokku pandud rangelt reguleeritud, ISO-sertifitseeritud rajatistes. RANDM FUMOT Tornado seeria vastab rangetele rahvusvahelistele ohutusstandarditele, sealhulgas CE m\u00e4rgistus Euroopa turu vastavuse ja RoHS vastavuse jaoks, mis tagab elektriseadmetes ohtlike ainete kasutamise piiramise. Lisaks, kui keskkonnateadlik levitaja, propageerime me tugevalt k\u00f5igi sisemiste liitium-ioon aku elementide vastutustundlikku ringlussev\u00f5ttu vastavalt kohalikele elektroonikaj\u00e4\u00e4tmete (WEEE) direktiividele.<\/p>\n<\/div>\n<\/section>\n<section style=\"margin-bottom: 40px;\">\n<h2 style=\"color: #2c3e50; border-bottom: 2px solid #3498db; padding-bottom: 10px; font-size: 28px;\">VapeXYZ hulgim\u00fc\u00fcgi eelis<\/h2>\n<p style=\"font-size: 16px; margin-bottom: 15px;\">\u00d5ige levitamispartneri valimine on sama kriitiline kui \u00f5ige riistvara valimine. VapeXYZ on tegutsenud \u00fcle kaheksa aasta rahvusvahelise \u00fchekordselt kasutatavate veipide logistika v\u00f5rgustiku esirinnas. Me m\u00f5istame spetsiifilisi h\u00f5\u00f5rdumispunkte, millega jaem\u00fc\u00fcgiettev\u00f5tted kokku puutuvad seoses tarneahela stabiilsuse, autentse toote t\u00f5endamise ja hulgituru hinnak\u00e4ttesaadavusega.<\/p>\n<p style=\"font-size: 16px; margin-bottom: 15px;\">M\u00e4\u00e4rates uskumatult madala minimaalse tellimuskoguse (MOQ) vaid 10 t\u00fckki, oleme demokratiseerinud juurdep\u00e4\u00e4su k\u00f5rgtasemel hulgim\u00fc\u00fcgi hindadele. See strateegiline poliitika v\u00f5imaldab butiikm\u00fc\u00fcjatel testida uusi turusuundumusi - nagu RANDM FUMOT Tornado 20000 integreerimine oma laoseisu - ilma suuremate kapitalikulude kohustusteta alguses. Olenemata sellest, kas olete s\u00f5ltumatu pood, kes soovib mitmekesistada oma aromaatsete profiilide pakkumisi, v\u00f5i suur ettev\u00f5te, kes vajab pidevat, suurmahulist saatmislogistikat, pakub VapeXYZ skaleeritavat, turvalist ja k\u00f5rgelt kommunikatiivset B2B partnerlust.<\/p>\n<\/section>\n<section style=\"margin-bottom: 40px;\">\n<h2 style=\"color: #2c3e50; border-bottom: 2px solid #3498db; padding-bottom: 10px; font-size: 28px;\">Eksperdi teadmistebaas: korduma kippuvad k\u00fcsimused<\/h2>\n<p style=\"font-size: 16px; margin-bottom: 20px;\">Meie klientide ja \u00e4ripartnerite edasiseks abistamiseks on meie tehnilise toe osakond koostanud k\u00f5ige asjakohasemad p\u00e4ringud RANDM FUMOT Tornado 20000 \u00fchekordselt kasutatava vape riistvara kasutuselev\u00f5tu kohta.<\/p>\n<div style=\"flex-direction: column; gap: 15px;\">\n<details style=\"background-color: #ffffff; border: 1px solid #dcdde1; border-radius: 8px; padding: 15px; cursor: pointer;\">\n<summary style=\"font-weight: 600; font-size: 16px; color: #2c3e50;\">Kuidas 850mAh aku m\u00f5jutab seadme \u00fcldist j\u00f5udlust?<\/summary>\n<p style=\"margin-top: 15px; color: #555; font-size: 15px; line-height: 1.5; padding-left: 20px; border-left: 3px solid #3498db;\">T\u00e4iendatud 850mAh suure v\u00f5imsusega liitium-ioon aku pakub k\u00f5rgemat pidevat t\u00fchjenduskiirust. See t\u00e4hendab, et duaalse v\u00f5rguspiraali jaoks tarnitav pinge j\u00e4\u00e4b v\u00e4ga stabiilseks, v\u00e4ltides aatomiseerimisv\u00f5imsuse langusi ja tagades \u00fchtse sensoorsed kogemuse isegi pikaajaliste kasutamisperioodide korral. See v\u00e4hendab p\u00f5him\u00f5tteliselt n\u00f5utavate laadimists\u00fcklite sagedust Type-C pordi kaudu.<\/p>\n<\/details>\n<details style=\"background-color: #ffffff; border: 1px solid #dcdde1; border-radius: 8px; padding: 15px; cursor: pointer;\">\n<summary style=\"font-weight: 600; font-size: 16px; color: #2c3e50;\">Miks peetakse 20 000 toimingu arvu usaldusv\u00e4\u00e4rsemaks kui 50 000 mudel?<\/summary>\n<p style=\"margin-top: 15px; color: #555; font-size: 15px; line-height: 1.5; padding-left: 20px; border-left: 3px solid #3498db;\">Empiiriline testimine n\u00e4itab, et k\u00fcttekeermete konstruktsiooni terviklikkuse s\u00e4ilitamine \u00fcle 25 000 ts\u00fckli on mehaaniliselt keeruline ilma seadme suuruse eksponentsiaalse suurendamiseta. Reguleerides reservuaari (20 mL) ja toiteelementi spetsiaalselt 20 000 aktiveerimise jaoks, tagab tootja kogu t\u00f6\u00f6ea jooksul null komponendi degradeerumist, k\u00f5rvaldades \u00fcha v\u00e4henevad tagastused, mis on t\u00e4heldatud 50 000 ts\u00fckliga \u00fcksustes.<\/p>\n<\/details>\n<details style=\"background-color: #ffffff; border: 1px solid #dcdde1; border-radius: 8px; padding: 15px; cursor: pointer;\">\n<summary style=\"font-weight: 600; font-size: 16px; color: #2c3e50;\">Kas v\u00e4ikesed jaem\u00fc\u00fcjad saavad realistlikult kasu VapeXYZ hulgim\u00fc\u00fcgiplatvormist?<\/summary>\n<p style=\"margin-top: 15px; color: #555; font-size: 15px; line-height: 1.5; padding-left: 20px; border-left: 3px solid #3498db;\">Absoluutselt. S\u00e4ilitades erakordselt madala minimaalse tellimuskoguse vaid 10 tk, eemaldab VapeXYZ t\u00f5husalt rahvusvaheliste hulgim\u00fc\u00fcjate jaoks tavaliselt kehtiva k\u00f5rge sisenemist\u00f5kke. V\u00e4ikesed ettev\u00f5tted saavad hankida ehtsaid, k\u00f5rgekvaliteedilisi \u00fchekordselt kasutatavaid veipitooteid hulgiturul, v\u00f5imaldades neil j\u00e4\u00e4da konkurentsiv\u00f5imeliseks agressiivsetes jaem\u00fc\u00fcgiturudes, optimeerides samal ajal oma kasumimarginaale.<\/p>\n<\/details>\n<details style=\"background-color: #ffffff; border: 1px solid #dcdde1; border-radius: 8px; padding: 15px; cursor: pointer;\">\n<summary style=\"font-weight: 600; font-size: 16px; color: #2c3e50;\">Mis on duaalse v\u00f5rguga aatomimiss\u00fcsteemi t\u00e4htsus?<\/summary>\n<p style=\"margin-top: 15px; color: #555; font-size: 15px; line-height: 1.5; padding-left: 20px; border-left: 3px solid #3498db;\">Traditsioonilised \u00fchekeerulised spiraalid v\u00f5ivad p\u00f5hjustada lokaliseeritud \u00fclekuumenemist. Kahe v\u00f5rguga seadistus p\u00f5imib k\u00fcttesulami, luues palju suurema ja \u00fchtlasema pinnapiirkonna. See arhitektuur aurustab sisemise koostise palju \u00fchtlasemalt ja t\u00f5husamalt, mis t\u00f5lkeb otse tihedamaks aerosoolv\u00e4ljundiks ja puhtamaks, m\u00e4rgatavamaks aroomiprofiiliks ilma ohu materjali k\u00f5rvetamata.<\/p>\n<\/details>\n<details style=\"background-color: #ffffff; border: 1px solid #dcdde1; border-radius: 8px; padding: 15px; cursor: pointer;\">\n<summary style=\"font-weight: 600; font-size: 16px; color: #2c3e50;\">Kui t\u00e4pne on RANDM FUMOT seeria digitaalne liides?<\/summary>\n<p style=\"margin-top: 15px; color: #555; font-size: 15px; line-height: 1.5; padding-left: 20px; border-left: 3px solid #3498db;\">Sisseehitatud mikrokontroller tagab nii aku v\u00e4ljundpinge kui ka aktiveerimiste arvu suure t\u00e4psusega j\u00e4lgimise. Kuigi \u00fcksikud t\u00f5mbe pikkused v\u00f5ivad p\u00f5hjustada v\u00e4ikseid k\u00f5ikumisi, on s\u00fcsteem kalibreeritud standardiseeritud 3-sekundilise t\u00f5mbe algoritmide abil, pakkudes v\u00e4ga usaldusv\u00e4\u00e4rset reaalajas telemetriat, nii et kasutajad ei j\u00e4\u00e4 kunagi \u00fcllatama t\u00fchja seadme t\u00f5ttu.<\/p>\n<\/details>\n<\/div>\n<\/section>\n<section style=\"margin-top: 40px; text-align: center; padding: 30px; background-color: #2c3e50; color: #ffffff; border-radius: 8px;\">\n<h3 style=\"color: #ffffff; font-size: 24px; margin-bottom: 15px;\">Optimeerige oma inventaar t\u00e4na<\/h3>\n<p style=\"font-size: 16px; margin-bottom: 20px; color: #ecf0f1;\">Navigeerige turul inseneriteaduse \u00fclimuslikkuse ja empiirilise t\u00f6\u00f6kindlusega. Partnerige VapeXYZ-ga, et kindlustada oma premium \u00fchekordselt kasutatavate aurustite tarnimine ja t\u00f5sta oma \u00e4ritegevuse efektiivsust.<\/p>\n<\/section>\n<\/article>","protected":false},"excerpt":{"rendered":"<div class=\"custom-product\" style=\"border: 1px solid #eee; text-align: center; max-width: 100%; margin: 0 auto; font-family: Arial, sans-serif; box-sizing: border-box;\">\n        <!-- Product image - full width -->\n        <a href=\"https:\/\/vapexyz.com\/et\/product\/randm-fumot-tornado-20000-puffs-digital-screen-0-2-3-5-low-nicotine-original-factory-bulk-buy-rechargeable-disposable-vapes-pen-wholesale\/\" style=\"display: block; margin-bottom: 15px;\">\n            <img decoding=\"async\" src=\"https:\/\/vapexyz.com\/wp-content\/uploads\/2025\/01\/Randm-Fumot-Tornado-20000-Puffs-Digital-Screen-0-2-3-5-Low-Nicotine-Original-Factory-29.webp\" alt=\"RandM FUMOT TORNADO 20000 Puhkumist Digitaalne Ekraan Hulgiost Rechargeable \u00dchekordsed Vapes Hulgim\u00fc\u00fck\" style=\"width: 100%; height: auto; display: block;\">        <\/a>\n        \n        <!-- Product name -->\n        <h3 style=\"margin: 10px 0; font-size: 1.2em; line-height: 1.4; color: #333;\">\n            RandM FUMOT TORNADO 20000 Puhkumist Digitaalne Ekraan Hulgiost Rechargeable \u00dchekordsed Vapes Hulgim\u00fc\u00fck        <\/h3>\n        \n        <!-- Product price -->\n        <div class=\"price\" style=\"color: #ff0000; font-weight: bold; font-size: 1.4em; margin: 10px 0;\">\n            \t\t<span class=\"tiered-pricing-dynamic-price-wrapper tiered-pricing-dynamic-price-wrapper--variable\"\n\t\t\t  data-display-context=\"shop-loop\"\n\t\t\t  data-price-type=\"dynamic\"\n\t\t\t  data-product-id=\"40999\"\n\t\t\t  data-parent-id=\"40999\">\n\t\t\t<span class=\"woocommerce-Price-amount amount\"><bdi><span class=\"woocommerce-Price-currencySymbol\">\u20ac<\/span>7.03<\/bdi><\/span><\/span>        <\/div>\n        \n        <!-- Product rating -->\n        <div class=\"rating\" style=\"margin: 15px 0; min-height: 25px;\">\n            <div class=\"star-rating\" role=\"img\" aria-label=\"Hinnatud 5,00 5-st\"><span style=\"width:100%\">Hinnatud <strong class=\"rating\">5.00<\/strong> 5-st<\/span><\/div>        <\/div>\n        \n        <!-- Buy Now button -->\n        <div class=\"buy-now-button\" style=\"margin-top: 20px;\">\n            <a href=\"https:\/\/vapexyz.com\/et\/product\/randm-fumot-tornado-20000-puffs-digital-screen-0-2-3-5-low-nicotine-original-factory-bulk-buy-rechargeable-disposable-vapes-pen-wholesale\/\" \n               class=\"buy-now-btn\" \n               style=\"display: inline-block; background-color: #4CAF50; color: white !important; padding: 12px 24px; text-align: center; text-decoration: none; font-weight: bold; border-radius: 4px; transition: all 0.3s; border: none; cursor: pointer; font-size: 1em;\">\n                Osta kohe            <\/a>\n        <\/div>\n    <\/div>","protected":false},"featured_media":49535,"comment_status":"open","ping_status":"closed","template":"","meta":{"_lmt_disableupdate":"no","_lmt_disable":""},"product_brand":[],"product_cat":[968,1012,947,935,934,927,929,928,930,933,939,932,938,931,936,937,949,946,951,953,955,987],"product_tag":[],"class_list":{"0":"post-49529","1":"product","2":"type-product","3":"status-publish","4":"has-post-thumbnail","6":"product_cat-rahdm-disposable-vapes","7":"product_cat-50000-puff-vapes","8":"product_cat-big-puffs-vapes","9":"product_cat-bulk-buy-disposable-vapes-in-austria","10":"product_cat-bulk-buy-disposable-vapes-in-belgium","11":"product_cat-bulk-buy-disposable-vapes-in-europe","12":"product_cat-bulk-buy-disposable-vapes-in-france","13":"product_cat-bulk-buy-disposable-vapes-in-germany","14":"product_cat-bulk-buy-disposable-vapes-in-italy","15":"product_cat-bulk-buy-disposable-vapes-in-netherlands","16":"product_cat-bulk-buy-disposable-vapes-in-norway","17":"product_cat-bulk-buy-disposable-vapes-in-poland","18":"product_cat-bulk-buy-disposable-vapes-in-portugal","19":"product_cat-bulk-buy-disposable-vapes-in-spain","20":"product_cat-bulk-buy-disposable-vapes-in-sweden","21":"product_cat-bulk-buy-disposable-vapes-in-switzerland","22":"product_cat-digital-box-vapes","23":"product_cat-disposable-vapes-series","24":"product_cat-lower-nicotine-vapes","25":"product_cat-rechargeable-vapes","26":"product_cat-tornado-vapes","27":"product_cat-vape-shop-by-puffs","29":"first","30":"outofstock","31":"shipping-taxable","32":"purchasable","33":"product-type-variable","34":"has-default-attributes"},"jetpack_sharing_enabled":true,"tiered_pricing_type":"fixed","tiered_pricing_fixed_rules":[],"tiered_pricing_product_settings":{"layout":"default","base_unit_name":{"singular":null,"plural":null},"default_variation":null},"tiered_pricing_minimum_quantity":null,"tiered_pricing_roles_data":[],"tiered_pricing_percentage_rules":[],"tiered_pricing_maximum_quantity":null,"tiered_pricing_quantity_step":null,"_links":{"self":[{"href":"https:\/\/vapexyz.com\/et\/wp-json\/wp\/v2\/product\/49529","targetHints":{"allow":["GET"]}}],"collection":[{"href":"https:\/\/vapexyz.com\/et\/wp-json\/wp\/v2\/product"}],"about":[{"href":"https:\/\/vapexyz.com\/et\/wp-json\/wp\/v2\/types\/product"}],"replies":[{"embeddable":true,"href":"https:\/\/vapexyz.com\/et\/wp-json\/wp\/v2\/comments?post=49529"}],"wp:featuredmedia":[{"embeddable":true,"href":"https:\/\/vapexyz.com\/et\/wp-json\/wp\/v2\/media\/49535"}],"wp:attachment":[{"href":"https:\/\/vapexyz.com\/et\/wp-json\/wp\/v2\/media?parent=49529"}],"wp:term":[{"taxonomy":"product_brand","embeddable":true,"href":"https:\/\/vapexyz.com\/et\/wp-json\/wp\/v2\/product_brand?post=49529"},{"taxonomy":"product_cat","embeddable":true,"href":"https:\/\/vapexyz.com\/et\/wp-json\/wp\/v2\/product_cat?post=49529"},{"taxonomy":"product_tag","embeddable":true,"href":"https:\/\/vapexyz.com\/et\/wp-json\/wp\/v2\/product_tag?post=49529"}],"curies":[{"name":"wp","href":"https:\/\/api.w.org\/{rel}","templated":true}]}}