{"id":46083,"date":"2025-05-13T08:20:14","date_gmt":"2025-05-13T08:20:14","guid":{"rendered":"https:\/\/vapexyz.com\/?post_type=product&#038;p=46083"},"modified":"2026-03-06T07:50:18","modified_gmt":"2026-03-06T07:50:18","slug":"vozol-rave-40000-puffs-dual-mesh-dual-mode-digital-display-5-low-nicotine-original-factory-bulk-buy-rechargeable-disposable-vapes-pen-wholesale","status":"publish","type":"product","link":"https:\/\/vapexyz.com\/et\/product\/vozol-rave-40000-puffs-dual-mesh-dual-mode-digital-display-5-low-nicotine-original-factory-bulk-buy-rechargeable-disposable-vapes-pen-wholesale\/","title":{"rendered":"VOZOL RAVE 40000 Puhffi Duaalne Mesh Duaalne Re\u017eiim Digitaalne Ekraan Hulgim\u00fc\u00fck 40K Taaslaetav \u00dchekordselt Kasutatav Vape Hulgiostmine"},"content":{"rendered":"<article style=\"font-family: 'Segoe UI', Roboto, Helvetica, Arial, sans-serif; color: #2b2b2b; line-height: 1.8; padding: 30px; max-width: 100%; margin: 0 auto; background-color: #ffffff;\">\n<section style=\"margin-bottom: 40px;\">\n<h2 style=\"color: #1a365d; font-size: 2.2em; border-bottom: 2px solid #e2e8f0; padding-bottom: 10px; margin-bottom: 20px;\">VOZOL RAVE 40000 Puffs: \u00dchekordselt kasutatavate veipide arhitektuuri edendamine<\/h2>\n<p style=\"font-size: 1.1em; margin-bottom: 15px;\">Tere tulemast kaasaegse sissehingamistehnoloogia esirinda. VapeXYZ-is oleme teie l\u00f5plik online-keskus ja esmane hulgim\u00fc\u00fcja premium \u00fchekordselt kasutatavatele vapidele. \u00dcle kaheksa aasta kestnud range empiirilise andmeanal\u00fc\u00fcsi, tarneahela juhtimise ja t\u00f6\u00f6stuse ekspertteadmiste p\u00f5hjal oleme end t\u00f5estanud kui autoriteetne allikas k\u00f5rge j\u00f5udlusega riistvara jaoks. Meie portfell sisaldab ainult rangelt kontrollitud kaubam\u00e4rke nagu BANG BOX, WASPE, UWIN, BIMO, RandM, BANG, VOZOL, Elf Box ja MYDE.<\/p>\n<p style=\"font-size: 1.1em; margin-bottom: 15px;\">M\u00f5istame, et nii kommertsostu kui ka \u00fcksikisikute entusiastid n\u00f5uavad t\u00f6\u00f6kindlust, ohutust ja j\u00f5udlust. Professionaalse hulgim\u00fc\u00fcjana, kes tegutseb laialdaselt Madalmaades, Saksamaal, Belgias ja Hispaanias, pakume optimeeritud ostuteed. S\u00e4ilitades minimaalse tellimuskoguse (MOQ) vaid 10 t\u00fckki, demokratiseerime juurdep\u00e4\u00e4su k\u00f5rgekvaliteedilistele \u00fchekordselt kasutatavatele aurustitele, v\u00f5imaldades nii v\u00e4ikese ja keskmise suurusega ettev\u00f5tetel kui ka p\u00fchendunud tarbijatel kasu saada otse hulgim\u00fc\u00fcgi hinnamudelitest ilma kvaliteedi tagamisele j\u00e4releandmisi tegemata.<\/p>\n<p style=\"font-size: 1.1em; margin-bottom: 15px;\">Meie tehnoloogiliselt k\u00f5ige keerukamate pakkumiste hulgas on VOZOL RAVE 40000 Puffs. See seade ei ole mitte ainult k\u00f5rge mahutavusega valik; see on insenertehniliselt suurep\u00e4rane toode, mis on loodud pikaajaliseks t\u00f6\u00f6ks, t\u00e4pseks termoregulatsiooniks ja j\u00e4rjepidevaks sensoorseks kohaletoimetamiseks. Allpool kirjeldame empiirilist testimist, tehnilisi andmeid ja t\u00e4iustatud struktuurseid kujundusi, mis teevad selle seadme oma kategoorias liidriks.<\/p>\n<\/section>\n<section style=\"margin-bottom: 40px;\">\n<h2 style=\"color: #1a365d; font-size: 2em; border-bottom: 2px solid #e2e8f0; padding-bottom: 10px; margin-bottom: 20px;\">Tehniline Autoriteet: Inseneriteadus ja P\u00f5hifunktsioonid<\/h2>\n<p style=\"font-size: 1.1em; margin-bottom: 15px;\">Tavaliste \u00fchekordselt kasutatavate veipide ja t\u00e4iustatud riistvara erinevus seisneb sisemises insenerit\u00f6\u00f6s. VOZOL RAVE integreerib mitmeid patenteeritud s\u00fcsteeme, mis l\u00e4bivad range kvaliteedikontrolli protokollid, et tagada vastavus rahvusvahelistele elektroonilise ohutuse standarditele.<\/p>\n<h3 style=\"color: #2c5282; font-size: 1.5em; margin-top: 25px; margin-bottom: 15px;\">Kahe v\u00f5rgu m\u00e4hise tehnoloogia termod\u00fcnaamika<\/h3>\n<p style=\"font-size: 1.1em; margin-bottom: 15px;\">Traditsioonilised \u00fcksikud k\u00fctteelemendid kannatavad sageli eba\u00fchtlase soojusjaotuse all, mis p\u00f5hjustab kuumadest punktidest ja lahuse halvenemisest aja jooksul. VOZOL RAVE kasutab t\u00e4iustatud Dual Mesh Coil arhitektuuri. T\u00e4pselt etsitavate metallv\u00f5rkude kasutuselev\u00f5tuga suurendab see tehnoloogia eksponentsiaalselt auru\u00fclekande materjaliga kokkupuutuva pinna pindala. Meie empiirilised testid n\u00e4itavad, et see laiendatud pindala v\u00f5imaldab madalamat soojusvoo n\u00f5uet, mis t\u00f5lkub t\u00f5husamaks ja \u00fchtsemaks aurustumisprotsessiks. Tulemuseks on v\u00e4ga stabiilne aerosoolne v\u00e4ljund ja aromaatse profiili esmaklassiline s\u00e4ilimine esimesest aktiveerimisest viimaseni.<\/p>\n<h3 style=\"color: #2c5282; font-size: 1.5em; margin-top: 25px; margin-bottom: 15px;\">D\u00fcnaamilised v\u00e4ljundkonfiguratsioonid: normaalne vs. eriti tugev re\u017eiim<\/h3>\n<p style=\"font-size: 1.1em; margin-bottom: 15px;\">Erinevate kasutaja eelistuste ja keskkonnatingimuste kohandamiseks v\u00f5imaldab VOZOL RAVE sisemine mikroprotsessor l\u00fclituda kahe erineva v\u00f5imsuse v\u00e4ljundre\u017eiimi vahel:<\/p>\n<ul style=\"list-style-type: disc; margin-left: 30px; margin-bottom: 15px; font-size: 1.1em;\">\n<li style=\"margin-bottom: 10px;\"><strong>Tavaline re\u017eiim (kuni 40 000 aktiveerimist):<\/strong> See seadistus optimeerib elektritakistust ja v\u00f5imsust v\u00e4ljundit maksimaalse pikaealisuse saavutamiseks, s\u00e4ilitades aku t\u00f6\u00f6ea ja sisemise lahuse reservuaari.<\/li>\n<li style=\"margin-bottom: 10px;\"><strong>Eriti tugev re\u017eiim (kuni 25 000 aktiveerimist):<\/strong> Muutes v\u00f5imsuse kohaletoimetamise k\u00f5verat ja \u00fchendades duaalsed v\u00f5rgusilma samaaegselt k\u00f5rgema v\u00f5imsusega, suurendab see re\u017eiim iga t\u00f5mbe kohta toodetud aerosooli tihedust ja mahtu, pakkudes tugevamat sensoorset kogemust \u00fcldise pikaealisuse arvelt.<\/li>\n<\/ul>\n<h3 style=\"color: #2c5282; font-size: 1.5em; margin-top: 25px; margin-bottom: 15px;\">Aerod\u00fcnaamiline juhtimine: Reguleeritavad \u00f5huvoolus\u00fcsteemid<\/h3>\n<p style=\"font-size: 1.1em; margin-bottom: 15px;\">Reguleeritava \u00f5huvooluventiili kaasamine v\u00f5imaldab kasutajatel manipuleerida t\u00f5mbe f\u00fc\u00fcsikaliste d\u00fcnaamikatega. Bernoulli p\u00f5him\u00f5ttel t\u00f6\u00f6tades suurendab sisselaskeklapi piiramine \u00f5hu kiirust, v\u00e4hendades r\u00f5hku, mille tulemuseks on tihedam t\u00f5mme ja soojem aerosoolne v\u00e4ljund. Vastupidi, ventiili t\u00e4ielik avamine toob sisse maksimaalse \u00fcmbritseva \u00f5hu, jahutades k\u00fctteseadet kiiremini ja andes jahedama, suure mahuga pilve tootmise.<\/p>\n<\/section>\n<div style=\"background-color: #f0f7ff; border-left: 6px solid #3182ce; padding: 25px; margin: 40px 0; border-radius: 0 8px 8px 0;\">\n<h3 style=\"margin-top: 0; color: #2b6cb0; font-size: 1.4em;\">Ekspertiis: Aku Keemia ja Kiirlaadimise Protokollid<\/h3>\n<p style=\"font-size: 1.1em; margin-bottom: 0;\">Selle seadme sees oleva 1000mAh liitium-ioonpol\u00fcmeeraku \u00fcmber olevad empiirilised andmed r\u00f5hutavad erakordset v\u00f5imsuse juhtimist. Tavap\u00e4rased \u00fchekordsed veip-seadmed kannatavad sageli pinge languse all, kui aku t\u00fchjeneb. VOZOL RAVE aga s\u00e4ilitab reguleeritud pinge v\u00e4ljundi. Lisaks kasutab USB-C laadimisliides t\u00e4iustatud v\u00f5imsuse kohaletoimetamise protokolle. 80% laadimisv\u00f5imsuse (umbes 800mAh) saavutamine vaid 20 minutiga n\u00f5uab pidevat k\u00f5rge voolutugevusega sisendit, mida ohutult juhib sisemine \u00fclelaadimise kaitseahel. See vastab standardsetele aku ohutusprotokollidele, leevendades termilise p\u00f5genemise riske ja tagades pikaajalise t\u00f6\u00f6 stabiilsuse.<\/p>\n<\/div>\n<section style=\"margin-bottom: 40px;\">\n<h2 style=\"color: #1a365d; font-size: 2em; border-bottom: 2px solid #e2e8f0; padding-bottom: 10px; margin-bottom: 20px;\">Mehhatroonika: Aroomilised Profiilid<\/h2>\n<p style=\"font-size: 1.1em; margin-bottom: 15px;\">Sisemine 5% aktiivne koostis segatakse premium-klassi, toidukvaliteediga estritega, et luua v\u00e4ga stabiilseid sensoorsed kogemused. Need valikud on konstrueeritud nii, et need taluvad keemilist lagunemist kuumuse m\u00f5jul, tagades, et profiil j\u00e4\u00e4b kogu riistvara kasutusaja jooksul t\u00e4pseks. Saadaval on j\u00e4rgmised aromaatilised profiilid:<\/p>\n<div style=\"flex-wrap: wrap; gap: 10px; margin-top: 20px;\"><span style=\"background-color: #edf2f7; border: 1px solid #cbd5e0; padding: 8px 15px; border-radius: 20px; font-size: 1em; color: #4a5568;\">Arbuusi j\u00e4\u00e4<\/span><br \/>\n<span style=\"background-color: #edf2f7; border: 1px solid #cbd5e0; padding: 8px 15px; border-radius: 20px; font-size: 1em; color: #4a5568;\">Viinamarjaj\u00e4\u00e4<\/span><br \/>\n<span style=\"background-color: #edf2f7; border: 1px solid #cbd5e0; padding: 8px 15px; border-radius: 20px; font-size: 1em; color: #4a5568;\">Mango j\u00e4\u00e4<\/span><br \/>\n<span style=\"background-color: #edf2f7; border: 1px solid #cbd5e0; padding: 8px 15px; border-radius: 20px; font-size: 1em; color: #4a5568;\">Maasikaj\u00e4\u00e4<\/span><br \/>\n<span style=\"background-color: #edf2f7; border: 1px solid #cbd5e0; padding: 8px 15px; border-radius: 20px; font-size: 1em; color: #4a5568;\">Mustika j\u00e4\u00e4<\/span><br \/>\n<span style=\"background-color: #edf2f7; border: 1px solid #cbd5e0; padding: 8px 15px; border-radius: 20px; font-size: 1em; color: #4a5568;\">Mustikas arbuus<\/span><br \/>\n<span style=\"background-color: #edf2f7; border: 1px solid #cbd5e0; padding: 8px 15px; border-radius: 20px; font-size: 1em; color: #4a5568;\">Mango virsik<\/span><br \/>\n<span style=\"background-color: #edf2f7; border: 1px solid #cbd5e0; padding: 8px 15px; border-radius: 20px; font-size: 1em; color: #4a5568;\">Maasikas arbuus<\/span><br \/>\n<span style=\"background-color: #edf2f7; border: 1px solid #cbd5e0; padding: 8px 15px; border-radius: 20px; font-size: 1em; color: #4a5568;\">Lahe piparm\u00fcnt<\/span><br \/>\n<span style=\"background-color: #edf2f7; border: 1px solid #cbd5e0; padding: 8px 15px; border-radius: 20px; font-size: 1em; color: #4a5568;\">Blue Razz Ice<\/span><br \/>\n<span style=\"background-color: #edf2f7; border: 1px solid #cbd5e0; padding: 8px 15px; border-radius: 20px; font-size: 1em; color: #4a5568;\">Virsikuj\u00e4\u00e4<\/span><br \/>\n<span style=\"background-color: #edf2f7; border: 1px solid #cbd5e0; padding: 8px 15px; border-radius: 20px; font-size: 1em; color: #4a5568;\">Maasika mango<\/span><br \/>\n<span style=\"background-color: #edf2f7; border: 1px solid #cbd5e0; padding: 8px 15px; border-radius: 20px; font-size: 1em; color: #4a5568;\">Maasika kiivi<\/span><br \/>\n<span style=\"background-color: #edf2f7; border: 1px solid #cbd5e0; padding: 8px 15px; border-radius: 20px; font-size: 1em; color: #4a5568;\">Topelt\u00f5un<\/span><br \/>\n<span style=\"background-color: #edf2f7; border: 1px solid #cbd5e0; padding: 8px 15px; border-radius: 20px; font-size: 1em; color: #4a5568;\">Arbuus Bubblegum<\/span><br \/>\n<span style=\"background-color: #edf2f7; border: 1px solid #cbd5e0; padding: 8px 15px; border-radius: 20px; font-size: 1em; color: #4a5568;\">Strawmelon Peach<\/span><br \/>\n<span style=\"background-color: #edf2f7; border: 1px solid #cbd5e0; padding: 8px 15px; border-radius: 20px; font-size: 1em; color: #4a5568;\">Virsik vaarik limonaad<\/span><br \/>\n<span style=\"background-color: #edf2f7; border: 1px solid #cbd5e0; padding: 8px 15px; border-radius: 20px; font-size: 1em; color: #4a5568;\">Arbu Watermelon Razz Rancher<\/span><br \/>\n<span style=\"background-color: #edf2f7; border: 1px solid #cbd5e0; padding: 8px 15px; border-radius: 20px; font-size: 1em; color: #4a5568;\">Kirsi Maasika<\/span><br \/>\n<span style=\"background-color: #edf2f7; border: 1px solid #cbd5e0; padding: 8px 15px; border-radius: 20px; font-size: 1em; color: #4a5568;\">Armastus 777<\/span><\/div>\n<\/section>\n<div style=\"text-align: center; margin: 40px 0;\"><img loading=\"lazy\" decoding=\"async\" class=\"alignnone wp-image-46148 size-full\" style=\"max-width: 100%; height: auto; border-radius: 12px;\" src=\"https:\/\/vapexyz.com\/wp-content\/uploads\/2025\/05\/Vozol-Rave-40000-Puffs-Dual-Mesh-Dual-Mode-Digital-Display-5-Low-Nicotine-Original-Factory-44.webp\" alt=\"\" width=\"672\" height=\"859\" title=\"\" srcset=\"https:\/\/vapexyz.com\/wp-content\/uploads\/2025\/05\/Vozol-Rave-40000-Puffs-Dual-Mesh-Dual-Mode-Digital-Display-5-Low-Nicotine-Original-Factory-44.webp 672w, https:\/\/vapexyz.com\/wp-content\/uploads\/2025\/05\/Vozol-Rave-40000-Puffs-Dual-Mesh-Dual-Mode-Digital-Display-5-Low-Nicotine-Original-Factory-44-391x500.webp 391w, https:\/\/vapexyz.com\/wp-content\/uploads\/2025\/05\/Vozol-Rave-40000-Puffs-Dual-Mesh-Dual-Mode-Digital-Display-5-Low-Nicotine-Original-Factory-44-9x12.webp 9w, https:\/\/vapexyz.com\/wp-content\/uploads\/2025\/05\/Vozol-Rave-40000-Puffs-Dual-Mesh-Dual-Mode-Digital-Display-5-Low-Nicotine-Original-Factory-44-510x652.webp 510w\" sizes=\"auto, (max-width: 672px) 100vw, 672px\" \/><\/div>\n<section style=\"margin-bottom: 40px;\">\n<h2 style=\"color: #1a365d; font-size: 2em; border-bottom: 2px solid #e2e8f0; padding-bottom: 10px; margin-bottom: 20px;\">Kasutajaliides ja optiline tagasiside<\/h2>\n<p style=\"font-size: 1.1em; margin-bottom: 15px;\">Lisaks lihtsale toite edastamisele on sellel seadmel kondensaatoriga LED-ekraan, mis toimib reaalajas telemetrias\u00fcsteemina. See pakub t\u00e4pseid n\u00e4itu \u00fclej\u00e4\u00e4nud aku protsentidest ja reservuaari staatusest, v\u00e4hendades traditsiooniliselt tavaliste \u00fchekordselt kasutatavate aurustitega seotud oletamist\u00f6\u00f6d. Lisaks kasutab akustiliselt reageeriv muusika valguss\u00fcsteem mikroskoopilist sisemist mikrofoni, et t\u00f5lkida \u00fcmbritsevad detsibelli tasemed s\u00fcnkroniseeritud visuaalseks maatriksiks, mis esindab meelelahutustehnoloogia ainulaadset integreerimist kaasaskantavasse riistvara.<\/p>\n<\/section>\n<section style=\"margin-bottom: 40px;\">\n<h2 style=\"color: #1a365d; font-size: 2em; border-bottom: 2px solid #e2e8f0; padding-bottom: 10px; margin-bottom: 20px;\">P\u00f5hjalikud tehnilised spetsifikatsioonid<\/h2>\n<table style=\"width: 100%; border-collapse: collapse; margin: 25px 0; font-size: 1.05em; text-align: left; border-radius: 8px; overflow: hidden;\">\n<thead style=\"background-color: #2c5282; color: #ffffff;\">\n<tr>\n<th style=\"padding: 15px 20px; border-bottom: 2px solid #1a365d; width: 40%;\">Parameeter<\/th>\n<th style=\"padding: 15px 20px; border-bottom: 2px solid #1a365d; width: 60%;\">Empiirilised andmed ja valideerimine<\/th>\n<\/tr>\n<\/thead>\n<tbody style=\"background-color: #ffffff;\">\n<tr style=\"border-bottom: 1px solid #e2e8f0;\">\n<td style=\"padding: 15px 20px; font-weight: bold; color: #4a5568;\">Tootja<\/td>\n<td style=\"padding: 15px 20px; color: #2d3748;\">Vozol<\/td>\n<\/tr>\n<tr style=\"border-bottom: 1px solid #e2e8f0; background-color: #f7fafc;\">\n<td style=\"padding: 15px 20px; font-weight: bold; color: #4a5568;\">Operatiivne eluiga<\/td>\n<td style=\"padding: 15px 20px; color: #2d3748;\">40 000 ts\u00fcklit (normaalre\u017eiim) \/ 25 000 ts\u00fcklit (tugev re\u017eiim)<\/td>\n<\/tr>\n<tr style=\"border-bottom: 1px solid #e2e8f0;\">\n<td style=\"padding: 15px 20px; font-weight: bold; color: #4a5568;\">Aktiivne koostisosa tugevus<\/td>\n<td style=\"padding: 15px 20px; color: #2d3748;\">5% kontsentratsioon<\/td>\n<\/tr>\n<tr style=\"border-bottom: 1px solid #e2e8f0; background-color: #f7fafc;\">\n<td style=\"padding: 15px 20px; font-weight: bold; color: #4a5568;\">K\u00fctteelementide arhitektuur<\/td>\n<td style=\"padding: 15px 20px; color: #2d3748;\">Omap\u00e4rane kahe v\u00f5rgu spiraals\u00fcsteem<\/td>\n<\/tr>\n<tr style=\"border-bottom: 1px solid #e2e8f0;\">\n<td style=\"padding: 15px 20px; font-weight: bold; color: #4a5568;\">Aku mahtuvus ja keemia<\/td>\n<td style=\"padding: 15px 20px; color: #2d3748;\">1000mAh liitium-ioonpol\u00fcmeer<\/td>\n<\/tr>\n<tr style=\"border-bottom: 1px solid #e2e8f0; background-color: #f7fafc;\">\n<td style=\"padding: 15px 20px; font-weight: bold; color: #4a5568;\">V\u00f5imsuse T\u00e4iendamine<\/td>\n<td style=\"padding: 15px 20px; color: #2d3748;\">USB-C PD liides (80% taastumine 20 minuti jooksul)<\/td>\n<\/tr>\n<tr>\n<td style=\"padding: 15px 20px; font-weight: bold; color: #4a5568;\">M\u00f5\u00f5tmeline jalaj\u00e4lg<\/td>\n<td style=\"padding: 15px 20px; color: #2d3748;\">55,7mm x 25,4mm x 107mm<\/td>\n<\/tr>\n<\/tbody>\n<\/table>\n<\/section>\n<section style=\"margin-bottom: 40px;\">\n<h2 style=\"color: #1a365d; font-size: 2em; border-bottom: 2px solid #e2e8f0; padding-bottom: 10px; margin-bottom: 20px;\">Miks hankida VapeXYZ kaudu?<\/h2>\n<p style=\"font-size: 1.1em; margin-bottom: 15px;\">Kaasaegne hankemaastik n\u00f5uab ranget kvaliteedi ja tarneahela l\u00e4bipaistvuse j\u00e4rgimist.  K\u00f5rgekvaliteetse \u00fchekordselt kasutatavate aurustite keskuse, VapeXYZ,  kui esmaklassiline keskus, viib l\u00e4bi p\u00f5hjalikke sekundaarseid kontrolle meie laovarude \u00fcle. Meie kaheksa-aastane tegevus on v\u00f5imaldanud meil t\u00e4iustada oma logistikat, tagades, et hulgi tellimused, mis j\u00f5uavad Hollandisse, Saksamaale, Belgiasse ja Hispaaniasse, k\u00e4sitletakse optimaalse hoolega, s\u00e4ilitades sisemiste elektrooniliste komponentide ja siselahuse terviklikkuse.<\/p>\n<p style=\"font-size: 1.1em; margin-bottom: 15px;\">T\u00f6\u00f6tades rangelt \u00fclemaailmselt tunnustatud kaubam\u00e4rkidega, nagu Vozol, Elf Box ja RandM, ning pakkudes uskumatult taskukohast minimaalset tellimuskogust 10 \u00fchikut, pakume nii kommertsmastaapi kui ka jaotustasandi paindlikkust. Meie tegevus p\u00f5hineb faktilisel l\u00e4bipaistvusel, tagades, et teie tellimus vastab t\u00e4pselt lubatud insenertehnilistele spetsifikatsioonidele.<\/p>\n<\/section>\n<section style=\"margin-bottom: 40px;\">\n<h2 style=\"color: #1a365d; font-size: 2em; border-bottom: 2px solid #e2e8f0; padding-bottom: 10px; margin-bottom: 20px;\">Korduma kippuvad k\u00fcsimused (Olulisemad punktid)<\/h2>\n<div style=\"border: 1px solid #e2e8f0; border-radius: 8px; margin-bottom: 15px; overflow: hidden;\">\n<div style=\"background-color: #f8fafc; padding: 18px 20px; font-weight: 600; font-size: 1.1em; border-bottom: 1px solid #e2e8f0; color: #2d3748;\">K: Kuidas Dual Mesh tehnoloogia empiiriliselt parandab j\u00f5udlust v\u00f5rreldes standardsete \u00fchepooliliste m\u00e4histega?<\/div>\n<div style=\"padding: 18px 20px; background-color: #ffffff; color: #4a5568; font-size: 1.05em; line-height: 1.6;\">A: Standardseadmed \u00fche spiraaliga peavad saavutama k\u00f5rgema kontsentreeritud temperatuuri, et tekitada auru, mis v\u00f5ib aromaatseid \u00fchendeid degradeerida. Duaalsed v\u00f5rgus\u00fcsteemid jaotavad elektrilise koormuse palju suuremale pinnale. See v\u00e4hendab lokaliseeritud soojusvoogu, mis t\u00e4hendab, et lahus aurustub t\u00f5husamalt ja \u00fchtlasemalt, s\u00e4ilitades aktiivse formuleeringu terviklikkuse ja tagades j\u00e4rjepideva v\u00e4ljundi esimesest ts\u00fcklist kuni 40 000. ts\u00fcklini.<\/div>\n<\/div>\n<div style=\"border: 1px solid #e2e8f0; border-radius: 8px; margin-bottom: 15px; overflow: hidden;\">\n<div style=\"background-color: #f8fafc; padding: 18px 20px; font-weight: 600; font-size: 1.1em; border-bottom: 1px solid #e2e8f0; color: #2d3748;\">K: Millised on konkreetsed erinevused Normaalse ja Extra Strong v\u00e4ljundire\u017eiimi vahel?<\/div>\n<div style=\"padding: 18px 20px; background-color: #ffffff; color: #4a5568; font-size: 1.05em; line-height: 1.6;\">A: Normaalses re\u017eiimis reguleeritakse sisemist kiibikomplekti v\u00e4ljundv\u00f5imsuse v\u00e4hendamiseks, optimeerides reservuaari kestma kuni 40 000 aktiveerimist. Extra Strong re\u017eiim suurendab v\u00f5imsust ja aktiveerib k\u00fctteselemente agressiivsemalt. See tekitab m\u00e4rkimisv\u00e4\u00e4rselt tihedama aerosoolpilve iga t\u00f5mbe kohta, kuid loomulikult t\u00fchjendab sisemist lahust kiiremini, v\u00e4hendades t\u00f6\u00f6ea umbes 25 000 aktiveerimiseni.<\/div>\n<\/div>\n<div style=\"border: 1px solid #e2e8f0; border-radius: 8px; margin-bottom: 15px; overflow: hidden;\">\n<div style=\"background-color: #f8fafc; padding: 18px 20px; font-weight: 600; font-size: 1.1em; border-bottom: 1px solid #e2e8f0; color: #2d3748;\">K: Kas kiire laadimise funktsioon m\u00f5jutab 1000mAh aku pikaealisust?<\/div>\n<div style=\"padding: 18px 20px; background-color: #ffffff; color: #4a5568; font-size: 1.05em; line-height: 1.6;\">Seade kasutab reguleeritud USB-C Power Delivery (PD) liidest koos sisseehitatud \u00fclelaadimise ja termilise kaitse ahelatega. Kui see ohutult surub piisavalt voolu, et saavutada 80% laadimine vaid 20 minutiga, siis mikroprotsessor v\u00e4hendab voolu, kui see l\u00e4heneb t\u00e4isv\u00f5imsusele, et kaitsta liitium-ioon-pol\u00fcmeerkeemiat, tagades, et aku kestab sisemise lahuse reservuaari ohutult \u00fcle.<\/div>\n<\/div>\n<div style=\"border: 1px solid #e2e8f0; border-radius: 8px; margin-bottom: 15px; overflow: hidden;\">\n<div style=\"background-color: #f8fafc; padding: 18px 20px; font-weight: 600; font-size: 1.1em; border-bottom: 1px solid #e2e8f0; color: #2d3748;\">K: Miks peetakse VapeXYZ-i usaldusv\u00e4\u00e4rseks allikaks hulgim\u00fc\u00fcgi jaotamiseks EL-is?<\/div>\n<div style=\"padding: 18px 20px; background-color: #ffffff; color: #4a5568; font-size: 1.05em; line-height: 1.6;\">A: \u00dcle kaheksa aasta dokumenteeritud t\u00f6\u00f6stuskogemusega s\u00e4ilitab VapeXYZ otseseid tehaste suhteid ja rangeid kvaliteedikontrolli kontrollpunkte. Me garanteerime, et k\u00f5ik jaotatud veipitooted, sealhulgas meie ulatuslik \u00fchekordselt kasutatavate veipitoodete nimekiri, vastavad oodatud j\u00f5udlusstandarditele. Meie kohalikud t\u00e4itmis keskused tagavad kiire ja usaldusv\u00e4\u00e4rse kohaletoimetamise peamistes Euroopa turgudes.<\/div>\n<\/div>\n<\/section>\n<\/article>","protected":false},"excerpt":{"rendered":"<p>VOZOL RAVE 40000 Puffs \u00fchekordselt kasutatav vape on k\u00f5rge j\u00f5udlusega, taaslaetav vape, millel on duaalsed v\u00f5rguk\u00fcljed, 270\u00b0 l\u00f6\u00f6gitajuva LED-ekraan ja kuni 40 000 puffi 5% aurustugevusega, pakkudes laia valikut v\u00e4rskendavaid maitseid ja kohandatavaid aurustamisre\u017eiime t\u00e4iustatud kogemuse jaoks.<\/p>","protected":false},"featured_media":46128,"comment_status":"open","ping_status":"closed","template":"","meta":{"_lmt_disableupdate":"no","_lmt_disable":""},"product_brand":[],"product_cat":[1046,989,947,935,934,927,929,928,930,933,939,932,938,931,936,937,1017,949,946,950,1016,951,953,987],"product_tag":[],"class_list":{"0":"post-46083","1":"product","2":"type-product","3":"status-publish","4":"has-post-thumbnail","6":"product_cat-vozol-disposable-vapes","7":"product_cat-40000-puff-vapes","8":"product_cat-big-puffs-vapes","9":"product_cat-bulk-buy-disposable-vapes-in-austria","10":"product_cat-bulk-buy-disposable-vapes-in-belgium","11":"product_cat-bulk-buy-disposable-vapes-in-europe","12":"product_cat-bulk-buy-disposable-vapes-in-france","13":"product_cat-bulk-buy-disposable-vapes-in-germany","14":"product_cat-bulk-buy-disposable-vapes-in-italy","15":"product_cat-bulk-buy-disposable-vapes-in-netherlands","16":"product_cat-bulk-buy-disposable-vapes-in-norway","17":"product_cat-bulk-buy-disposable-vapes-in-poland","18":"product_cat-bulk-buy-disposable-vapes-in-portugal","19":"product_cat-bulk-buy-disposable-vapes-in-spain","20":"product_cat-bulk-buy-disposable-vapes-in-sweden","21":"product_cat-bulk-buy-disposable-vapes-in-switzerland","22":"product_cat-buy-best-disposable-vape-flavors","23":"product_cat-digital-box-vapes","24":"product_cat-disposable-vapes-series","25":"product_cat-dual-mesh-vapes","26":"product_cat-european-vape-warehouse","27":"product_cat-lower-nicotine-vapes","28":"product_cat-rechargeable-vapes","29":"product_cat-vape-shop-by-puffs","31":"first","32":"instock","33":"shipping-taxable","34":"purchasable","35":"product-type-variable","36":"has-default-attributes"},"jetpack_sharing_enabled":true,"tiered_pricing_type":"fixed","tiered_pricing_fixed_rules":[],"tiered_pricing_product_settings":{"layout":"default","base_unit_name":{"singular":null,"plural":null},"default_variation":null},"tiered_pricing_minimum_quantity":null,"tiered_pricing_roles_data":[],"tiered_pricing_percentage_rules":[],"tiered_pricing_maximum_quantity":null,"tiered_pricing_quantity_step":null,"_links":{"self":[{"href":"https:\/\/vapexyz.com\/et\/wp-json\/wp\/v2\/product\/46083","targetHints":{"allow":["GET"]}}],"collection":[{"href":"https:\/\/vapexyz.com\/et\/wp-json\/wp\/v2\/product"}],"about":[{"href":"https:\/\/vapexyz.com\/et\/wp-json\/wp\/v2\/types\/product"}],"replies":[{"embeddable":true,"href":"https:\/\/vapexyz.com\/et\/wp-json\/wp\/v2\/comments?post=46083"}],"wp:featuredmedia":[{"embeddable":true,"href":"https:\/\/vapexyz.com\/et\/wp-json\/wp\/v2\/media\/46128"}],"wp:attachment":[{"href":"https:\/\/vapexyz.com\/et\/wp-json\/wp\/v2\/media?parent=46083"}],"wp:term":[{"taxonomy":"product_brand","embeddable":true,"href":"https:\/\/vapexyz.com\/et\/wp-json\/wp\/v2\/product_brand?post=46083"},{"taxonomy":"product_cat","embeddable":true,"href":"https:\/\/vapexyz.com\/et\/wp-json\/wp\/v2\/product_cat?post=46083"},{"taxonomy":"product_tag","embeddable":true,"href":"https:\/\/vapexyz.com\/et\/wp-json\/wp\/v2\/product_tag?post=46083"}],"curies":[{"name":"wp","href":"https:\/\/api.w.org\/{rel}","templated":true}]}}