{"id":35493,"date":"2024-10-23T12:15:34","date_gmt":"2024-10-23T12:15:34","guid":{"rendered":"https:\/\/vapexyz.com\/?post_type=product&#038;p=35493"},"modified":"2026-02-28T20:38:47","modified_gmt":"2026-02-28T20:38:47","slug":"rahdm-tornaado-15000-puffs-led-ekraan-2-madala-nikotiinisisaldusega-originaal-tehase-hulgi-osta-laetav-uhekordne-vapes-pliiats-hulgimuuk","status":"publish","type":"product","link":"https:\/\/vapexyz.com\/et\/product\/rahdm-tornado-15000-puffs-led-display-2-low-nicotine-original-factory-bulk-buy-rechargeable-disposable-vapes-pen-wholesale\/","title":{"rendered":"RahdM Tornado 15000 Puffs LED Ekraan Hulgiost Rechargeable \u00dchekordselt Kasutatavad Vapes Hulgim\u00fc\u00fck"},"content":{"rendered":"<article style=\"font-family: Arial, sans-serif; line-height: 1.6; color: #333; max-width: 100%; margin: 0 auto; padding: 20px;\">\n<h2 style=\"color: #2c3e50; border-bottom: 2px solid #3498db; padding-bottom: 10px; margin-top: 30px;\">RahdM Tornado 15000 Puffs: P\u00f5hjalikud Tehnilised Andmed ja Hulgim\u00fc\u00fcgi Anal\u00fc\u00fcs<\/h2>\n<p style=\"text-align: justify; margin-bottom: 20px;\">Elektrooniliste aerosooliseadmete maastik on m\u00e4rkimisv\u00e4\u00e4rselt edenenud, n\u00f5udes ranget insenerit\u00f6\u00f6 standardit, l\u00e4bipaistvaid j\u00f5udlusn\u00e4itajaid ja usaldusv\u00e4\u00e4rseid levitamisv\u00f5rke. RahdM Tornado 15000 Puffs esindab kaasaegse riistvara kategooria etaloni, mis on spetsiaalselt konstrueeritud kasutajatele, kes otsivad pikendatud t\u00f6\u00f6eluiga ilma sagedaste laadimise v\u00f5i reservuaari t\u00e4iendamise katkestusteta. VapeXYZ-is, kasutades \u00fcle kaheksa aasta rahvusvahelist hulgim\u00fc\u00fcgi kogemust, pakume p\u00f5hjalikku, empiiriliselt t\u00f5estatud anal\u00fc\u00fcsi selle riistvara kohta. Meie eesm\u00e4rk on varustada hulgim\u00fc\u00fcgi partnereid ja l\u00f5ppkasutajaid faktide, t\u00f5estatavate andmetega seadme arhitektuuri, ohutusn\u00f5uete ja j\u00f5udlusv\u00f5imaluste kohta.<\/p>\n<h3 style=\"color: #2980b9; margin-top: 25px;\">Insenerteadmiste Ekspertiis: Seadme Arhitektuur ja P\u00f5hikomponendid<\/h3>\n<p style=\"text-align: justify; margin-bottom: 20px;\">P\u00f5hjalik uurimine <a style=\"color: #e74c3c; text-decoration: none; font-weight: bold;\" href=\"https:\/\/vapexyz.com\/et\/tootekategooria\/rahdm-uhekordsed-vapid\/\">RahdM Tornado \u00fchekordselt kasutatav Vapes<\/a> avaldab keeruka sisemise struktuuri, mis on loodud j\u00e4rjepidevaks termiliseks d\u00fcnaamikaks ja aerosoolide kohaletoimetamiseks. Erinevalt tavalistest, algtaseme \u00fchekordselt kasutavatest aurustitest, integreerib see konkreetne mudel arenenud mikroelektroonikat j\u00f5udluse j\u00e4lgimiseks ja reguleerimiseks.<\/p>\n<ul style=\"list-style-type: square; margin-left: 20px; margin-bottom: 20px;\">\n<li style=\"margin-bottom: 10px;\">Reservuaari maht: Seade sisaldab hoolikalt suletud 25ml mahutavusega kambrit. See suure mahutavusega reservuaar majutab spetsiaalselt valmistatud aurulahust, mis on formuleeritud 2% tugevuskontsentratsiooniga, ning on konstrueeritud sujuvaks ja \u00fchtlaseks sissehingamiskogemuseks esimesest aktiveerimisest kuni viimaseni.<\/li>\n<li style=\"margin-bottom: 10px;\">Toiteelemendi spetsifikatsioonid: Seadme toiteallikaks on vastupidav 850mAh k\u00f5rge t\u00fchjenemiskiirusega liitium-ioon aku, mida saab uuesti laadida. USB-C standardi laadimisprotokollide integreerimine tagab kiire energia taastamise, v\u00f5imaldades riistvaral s\u00e4ilitada optimaalset pinge v\u00e4ljundit kogu oma t\u00f6\u00f6ea jooksul.<\/li>\n<li style=\"margin-bottom: 10px;\">Telemetria ja kuva: Selle mudeli m\u00e4\u00e4ravaks tunnuseks on integreeritud LED digitaalne ekraan. See mikrokontrolleriga juhitav kuva pakub kasutajale reaalajas empiirilisi andmeid, j\u00e4lgides nii \u00fclej\u00e4\u00e4nud aku pinge protsentit kui ka hinnangulist sissehingamiste arvu. See l\u00e4bipaistvus k\u00f5rvaldab \u00e4raarvamise, mis on traditsiooniliselt seotud tavaliste \u00fchekordselt kasutatavate vape-seadmetega.<\/li>\n<li style=\"margin-bottom: 10px;\">K\u00fctteelementide tehnoloogia: Kasutades patenteeritud v\u00f5rgusilmuse arhitektuuri, suurendab seade aurustusformuleeringuga kokkupuutuvat pindala. See insenertehniline valik tagab \u00fchtlase kuumutamise, v\u00e4ltides lokaalset termilist lagunemist ja tagades, et aromaatne profiil j\u00e4\u00e4b stabiilseks kogu seadme t\u00f6\u00f6ea jooksul.<\/li>\n<\/ul>\n<h3 style=\"color: #2980b9; margin-top: 25px;\">Empiiriline j\u00f5udlus: testimismetoodika ja v\u00e4ljundm\u00f5\u00f5dikud<\/h3>\n<p style=\"text-align: justify; margin-bottom: 20px;\">Riistvara pikaealisusega seotud v\u00e4ited peavad olema t\u00f5endatud standardiseeritud testimismeetoditega. RahdM Tornado \u201c15 000 puffi\u201d hinnang on tuletatud kontrollitud pneumaatilistest laborikeskkonnast. Automaatsed testimisseadmed simuleerivad inimese sissehingamismustreid, kasutades standardiseeritud 1,5 sekundi kestvat t\u00f5mbamisaega koos 30 sekundi pikkuse puhkeintervalliga, et v\u00e4ltida termilist drosseldamist. Nende konkreetsete tingimuste korral on 25 ml reservuaar ja 850 mAh v\u00f5imsusega elemendi ts\u00fckli efektiivsus joondatud, et saavutada maksimaalne hinnanguline v\u00e4ljund.<\/p>\n<p style=\"text-align: justify; margin-bottom: 20px;\">Lisaks kontrollitakse tootmisprotsessi k\u00e4igus rangelt f\u00fc\u00fcsikalisi spetsifikatsioone. Iga \u00fcksikut \u00fcksust allutatakse rangele kvaliteedikontrolli kaalumiseks, mis registreerib j\u00e4rjepidevalt t\u00e4pse 108,56 grammi. See t\u00e4pne kaalum\u00f5\u00f5t toimib esmase kontrollpunktina kvaliteedi tagamiseks, tagades, et 25 ml vedelikumahutavus ja aku on \u00f5igesti paigaldatud enne l\u00f5pliku hermeetilise tihendi pealekandmist. Meisterkarbid on \u00fchtlaselt pakitud 200 \u00fchikuga, optimeerides mahukaalu rahvusvaheliste transpordiarvutuste jaoks.<\/p>\n<h3 style=\"color: #2980b9; margin-top: 25px;\">Turun\u00f5ukogu: VapeXYZ-i hulgim\u00fc\u00fcgi \u00f6kos\u00fcsteem<\/h3>\n<p style=\"text-align: justify; margin-bottom: 20px;\">K\u00fcmme aastat kestnud p\u00fchendunud tegevustaj\u00e4rkel on VapeXYZ end kehtestanud kui juhtiv hulgim\u00fc\u00fcja, kellel on turvaline ja vastavusn\u00f5uetele vastav tarneahel. Meie autoriteet \u00fchekordselt kasutatavate vape-toodete turul p\u00f5hineb usaldusv\u00e4\u00e4rsetel B2B-partnerslustel ja range vastavus rahvusvahelistele kaubanduse standarditele. Me tarnime aktiivselt RahdM Tornado hulgikorraldusi v\u00e4ljakujunenud jaem\u00fc\u00fcgi v\u00f5rkudele peamistes Euroopa jurisdiktsioonides, keskendudes peamiselt Hollandile, Saksamaale, Belgiale ja Hispaaniale.<\/p>\n<ul style=\"list-style-type: square; margin-left: 20px; margin-bottom: 20px;\">\n<li style=\"margin-bottom: 10px;\">Skaleeritav logistika: Me kohandume erinevate \u00e4rimudelitega, s\u00e4ilitades k\u00f5rgelt ligip\u00e4\u00e4setava minimaalse tellimuskoguse (MOQ) vaid 10 t\u00fckki. Kuid meie hinnamaatriks s\u00f5ltub suuresti mahust; teie tellimuskoguse suurendamine v\u00e4hendab otse \u00fche \u00fchiku hankimiskulu, maksimeerides jaem\u00fc\u00fcgi kasumimarginaale.<\/li>\n<li style=\"margin-bottom: 10px;\">Valge silt Customization: Tunnustades konkurentsiv\u00f5imeliste turgude kaubam\u00e4rgi identiteedi t\u00e4htsust, pakume p\u00f5hjalikke originaalseadmete tootja (OEM) teenuseid. Hulgitarbijad saavad valida oma patenteeritud ettev\u00f5tte logode integreerimise v\u00e4limisele pakendile, h\u00f5lbustades lokaliseeritud kaubam\u00e4rgi tuntust, kasutades samal ajal t\u00f5estatud riistvara.<\/li>\n<li style=\"margin-bottom: 10px;\">Kvaliteedi tagamine: Iga meistrikartong, mis meie t\u00e4itmis keskustest v\u00e4lja saadetakse, l\u00e4bib sekundaarse kontrolli protokollid. See tagab, et meie partnerid saavad ainult k\u00f5rgekvaliteedilisi \u00fchekordselt kasutatavaid veipe, minimeerides defektide m\u00e4\u00e4ra ja kaitstes l\u00f5ppkasutaja kogemust.<\/li>\n<\/ul>\n<h3 style=\"color: #2980b9; margin-top: 25px;\">Aroomilised valikud ja sensoorsed profiilid<\/h3>\n<p style=\"text-align: justify; margin-bottom: 20px;\">RahdM Tornado seeria taga olevad formuleerimisspetsialistid on v\u00e4lja t\u00f6\u00f6tanud mitmek\u00fclgse sensoorsete profiilide portfelli. Need segud on s\u00fcnteesitud k\u00f5rge puhtusega aromaatsete \u00fchendite abil, mis on konstrueeritud keemiliselt stabiilseks j\u00e4\u00e4ma v\u00f5rguspiraals\u00fcsteemi kuumutuspinge all. Saadaval on j\u00e4rgmised valikud:<\/p>\n<div style=\"display: grid; grid-template-columns: repeat(auto-fit, minmax(250px, 1fr)); gap: 10px; margin-bottom: 30px;\">\n<div style=\"background-color: #f4f6f7; padding: 10px; border-radius: 5px; text-align: center; border: 1px solid #dcdde1;\">Kiivi Passion Fruit Guajaav<\/div>\n<div style=\"background-color: #f4f6f7; padding: 10px; border-radius: 5px; text-align: center; border: 1px solid #dcdde1;\">Mustika granaat\u00f5un<\/div>\n<div style=\"background-color: #f4f6f7; padding: 10px; border-radius: 5px; text-align: center; border: 1px solid #dcdde1;\">Marjasegu<\/div>\n<div style=\"background-color: #f4f6f7; padding: 10px; border-radius: 5px; text-align: center; border: 1px solid #dcdde1;\">Mustikas vaarikas<\/div>\n<div style=\"background-color: #f4f6f7; padding: 10px; border-radius: 5px; text-align: center; border: 1px solid #dcdde1;\">Roosa limonaad<\/div>\n<div style=\"background-color: #f4f6f7; padding: 10px; border-radius: 5px; text-align: center; border: 1px solid #dcdde1;\">Maasika viinamari<\/div>\n<div style=\"background-color: #f4f6f7; padding: 10px; border-radius: 5px; text-align: center; border: 1px solid #dcdde1;\">Kolmekordne marja<\/div>\n<div style=\"background-color: #f4f6f7; padding: 10px; border-radius: 5px; text-align: center; border: 1px solid #dcdde1;\">Mustikas j\u00e4\u00e4l<\/div>\n<div style=\"background-color: #f4f6f7; padding: 10px; border-radius: 5px; text-align: center; border: 1px solid #dcdde1;\">Virsiku mango<\/div>\n<div style=\"background-color: #f4f6f7; padding: 10px; border-radius: 5px; text-align: center; border: 1px solid #dcdde1;\">Sinine Razz Cherry<\/div>\n<\/div>\n<h3 style=\"color: #2980b9; margin-top: 25px;\">Tehniliste Spetsifikatsioonide Maatriks<\/h3>\n<table style=\"width: 100%; border-collapse: collapse; margin-bottom: 30px; font-size: 15px; box-shadow: 0 4px 6px rgba(0,0,0,0.05);\">\n<thead>\n<tr style=\"background-color: #34495e; color: #ffffff; text-align: left;\">\n<th style=\"padding: 12px 15px; border: 1px solid #2c3e50;\">Spetsifikatsiooni parameeter<\/th>\n<th style=\"padding: 12px 15px; border: 1px solid #2c3e50;\">M\u00f5\u00f5detud v\u00e4\u00e4rtus \/ \u00dcksikasjad<\/th>\n<\/tr>\n<\/thead>\n<tbody>\n<tr style=\"background-color: #f8f9fa;\">\n<td style=\"padding: 12px 15px; border: 1px solid #dcdde1; font-weight: bold;\">Maksimaalne aktiveerimiss\u00fcsteemi v\u00e4ljund<\/td>\n<td style=\"padding: 12px 15px; border: 1px solid #dcdde1;\">Kuni 15 000 spetsiifilist t\u00f5mbeintervalli (laboratoorselt testitud)<\/td>\n<\/tr>\n<tr style=\"background-color: #ffffff;\">\n<td style=\"padding: 12px 15px; border: 1px solid #dcdde1; font-weight: bold;\">Mahuti maht<\/td>\n<td style=\"padding: 12px 15px; border: 1px solid #dcdde1;\">25 ml sisemine maht<\/td>\n<\/tr>\n<tr style=\"background-color: #f8f9fa;\">\n<td style=\"padding: 12px 15px; border: 1px solid #dcdde1; font-weight: bold;\">Aku arhitektuur<\/td>\n<td style=\"padding: 12px 15px; border: 1px solid #dcdde1;\">850mAh Liitium-ioon (Taastuv)<\/td>\n<\/tr>\n<tr style=\"background-color: #ffffff;\">\n<td style=\"padding: 12px 15px; border: 1px solid #dcdde1; font-weight: bold;\">Laadimisprotokoll<\/td>\n<td style=\"padding: 12px 15px; border: 1px solid #dcdde1;\">Standardiseeritud USB-C terminal<\/td>\n<\/tr>\n<tr style=\"background-color: #f8f9fa;\">\n<td style=\"padding: 12px 15px; border: 1px solid #dcdde1; font-weight: bold;\">Aktiivne tugevuse formuleering<\/td>\n<td style=\"padding: 12px 15px; border: 1px solid #dcdde1;\">2% standardkontsentratsioon<\/td>\n<\/tr>\n<tr style=\"background-color: #ffffff;\">\n<td style=\"padding: 12px 15px; border: 1px solid #dcdde1; font-weight: bold;\">\u00dchiku kaal<\/td>\n<td style=\"padding: 12px 15px; border: 1px solid #dcdde1;\">108,56 grammi (kalibreeritud keskmine)<\/td>\n<\/tr>\n<tr style=\"background-color: #f8f9fa;\">\n<td style=\"padding: 12px 15px; border: 1px solid #dcdde1; font-weight: bold;\">Wholesale Packaging<\/td>\n<td style=\"padding: 12px 15px; border: 1px solid #dcdde1;\">200 \u00fchikut \u00fche saatmiskartoni kohta<\/td>\n<\/tr>\n<\/tbody>\n<\/table>\n<div style=\"background-color: #e8f4f8; border-left: 5px solid #3498db; padding: 20px; margin-bottom: 30px; border-radius: 0 8px 8px 0;\">\n<h4 style=\"color: #2c3e50; margin-top: 0; margin-bottom: 10px; font-size: 18px;\">Teadmiste punkt t\u00f6\u00f6stuses: akuhaldus suur mahutavusega \u00fchekordselt kasutatavates aurustites<\/h4>\n<p style=\"margin: 0; font-size: 15px; text-align: justify;\">Kaasaegsete \u00fchekordselt kasutatavate veipide pikaealisus ei ole enam \u00fcksnes piiratud aku suuruse, vaid pigem pardal oleva akuhalduss\u00fcsteemi (BMS) t\u00f5hususe poolt. Sellistes seadmetes nagu RahdM Tornado on 850mAh aku \u00fchendatud USB-C liidesega ja spetsiaalse mikrokontrolleriga. See kontroller takistab pinge \u00fclelaadimist, mis v\u00f5ib halvendada liitium-ioon keemiat, ja kaitseb \u00fclelaadimise eest, kui see on \u00fchendatud suure v\u00f5imsusega seinakontaktidega. Integreeritud LED-ekraan loeb otse selle BMS-i v\u00e4ljundit, pakkudes empiirilist, reaalajas teavet aku \u00fclej\u00e4\u00e4nud eluea kohta. Tagades, et aku s\u00e4ilitab stabiilse pinge v\u00e4ljundi, saab k\u00fctteme\u0161\u53d7\u3051 \u00fchtlast v\u00f5imsust, mille tulemuseks on \u00fchtlane aerosoolide tootmine ilma termiliste t\u00f5keteta, mis v\u00f5iksid muuta seadme sensoorse profiili.<\/p>\n<\/div>\n<h3 style=\"color: #2980b9; margin-top: 25px;\">Korduma kippuvad k\u00fcsimused (KKK) \u2013 Hulgim\u00fc\u00fck ja Tehniline<\/h3>\n<div style=\"background-color: #ffffff; border: 1px solid #e0e0e0; border-radius: 8px; padding: 20px; box-shadow: 0 2px 8px rgba(0,0,0,0.06); margin-bottom: 30px;\">\n<h4 style=\"color: #333; margin-top: 0; margin-bottom: 10px;\">K: Kuidas LED-ekraan arvutab \u00fclej\u00e4\u00e4nud t\u00f6\u00f6ea?<\/h4>\n<p style=\"margin-bottom: 15px; font-size: 15px; text-align: justify;\">A: Integreeritud mikrokontroller j\u00e4lgib aktiveerimissensorit ja sisemist taimerit. See arvutab kasutuse iga t\u00f5mbe keskmise pikkuse p\u00f5hjal ja kontrollib seda 850mAh aku \u00fclej\u00e4\u00e4nud pingega, projitseerides digitaalsele ekraanile t\u00e4pse visuaalse indikaatori, et takistada kasutajal t\u00fchja reservuaari t\u00f5mmet kogemast.<\/p>\n<h4 style=\"color: #333; margin-top: 0; margin-bottom: 10px;\">K: Kas RahdM Tornado \u00fchekordselt kasutatavad veipitooted on sertifitseeritud m\u00fc\u00fcgiks Euroopa turgudel?<\/h4>\n<p style=\"margin-bottom: 15px; font-size: 15px; text-align: justify;\">A: Jah, meie tarneahel tagab, et sisemised elektroonikakomponendid ja akuelemendid vastavad p\u00f5hjalikele elektroonilise ohutuse standarditele (nagu CE ja RoHS sisemise vooluringi jaoks). Me navigeerime edukalt keerulistes tolliprotseduurides, et tarnida suuremates kogustes usaldusv\u00e4\u00e4rselt Hollandisse, Saksamaale, Belgiasse, Hispaaniasse ja teistesse suurematesse Euroopa keskustesse.<\/p>\n<h4 style=\"color: #333; margin-top: 0; margin-bottom: 10px;\">K: Kui kaua v\u00f5tab aega kohandatud logoga hulgim\u00fc\u00fcgi tellimuse t\u00f6\u00f6tlemine?<\/h4>\n<p style=\"margin-bottom: 0; font-size: 15px; text-align: justify;\">A: Standardtellised hulgikorraldused, mille minimaalne kogus on 10 tk, t\u00f6\u00f6deldakse ja saadetakse kiiresti meie kesklaost. Tellimused, mis n\u00f5uavad OEM-valgepakendi v\u00f5i kohandatud logo pealekandmist, n\u00f5uavad t\u00e4iendavaid tootmisviivitusi. Soovitame konsulteerida otse meie B2B-logistika meeskonnaga VapeXYZ portaali kaudu, et saada t\u00e4pseid ajakavasid vastavalt teie konkreetsetele mahun\u00f5uetele.<\/p>\n<\/div>\n<h3 style=\"color: #2980b9; margin-top: 25px;\">Hankimine ja tellimuse algatamine<\/h3>\n<p style=\"text-align: justify; margin-bottom: 20px;\">Ettev\u00f5tte ostjate ja s\u00f5ltumatute jaem\u00fc\u00fcjate jaoks, kes soovivad optimeerida oma laoseisu k\u00f5rge j\u00f5udluse ja pikaealiste seadmetega, on RahdM Tornado \u00fchekordselt kasutatavad veipeseadmed teaduslikult p\u00f5hjendatud ja usaldusv\u00e4\u00e4rne investeering. Toetudes VapeXYZ-i tugevasse kvaliteedikontrolli ja kiire jaotusv\u00f5rku, tagab teie laoseisu kindlustamine, et j\u00e4\u00e4te konkurentsiv\u00f5imeliseks kiiresti muutuvas turus. Siit saate liikuda meie hulgim\u00fc\u00fcgiportaali juurde, et alustada oma hulgiostu.<\/p>\n<h2 style=\"text-align: center; margin-top: 40px;\"><img loading=\"lazy\" decoding=\"async\" class=\"alignnone wp-image-35516 size-full\" style=\"color: #333333; font-size: 16px; max-width: 100%; height: auto; border-radius: 8px; box-shadow: 0 4px 12px rgba(0,0,0,0.1);\" src=\"https:\/\/vapexyz.com\/wp-content\/uploads\/2024\/10\/RahdM-Tornado-15000-Puffs-LED-Display-2-Low-Nicotine-Original-Factory-12.webp\" alt=\"RahdM Tornado 15000 Puffs LED Ekraan 2% Madal Tugevus Originaal Tehase Hulgiost Rechargeable \u00dchekordselt Kasutatavad Vape Pen Hulgi m\u00fc\u00fck\" width=\"2560\" height=\"1366\" title=\"\" srcset=\"https:\/\/vapexyz.com\/wp-content\/uploads\/2024\/10\/RahdM-Tornado-15000-Puffs-LED-Display-2-Low-Nicotine-Original-Factory-12.webp 2560w, https:\/\/vapexyz.com\/wp-content\/uploads\/2024\/10\/RahdM-Tornado-15000-Puffs-LED-Display-2-Low-Nicotine-Original-Factory-12-500x267.webp 500w, https:\/\/vapexyz.com\/wp-content\/uploads\/2024\/10\/RahdM-Tornado-15000-Puffs-LED-Display-2-Low-Nicotine-Original-Factory-12-1024x546.webp 1024w, https:\/\/vapexyz.com\/wp-content\/uploads\/2024\/10\/RahdM-Tornado-15000-Puffs-LED-Display-2-Low-Nicotine-Original-Factory-12-768x410.webp 768w, https:\/\/vapexyz.com\/wp-content\/uploads\/2024\/10\/RahdM-Tornado-15000-Puffs-LED-Display-2-Low-Nicotine-Original-Factory-12-1536x820.webp 1536w, https:\/\/vapexyz.com\/wp-content\/uploads\/2024\/10\/RahdM-Tornado-15000-Puffs-LED-Display-2-Low-Nicotine-Original-Factory-12-2048x1093.webp 2048w, https:\/\/vapexyz.com\/wp-content\/uploads\/2024\/10\/RahdM-Tornado-15000-Puffs-LED-Display-2-Low-Nicotine-Original-Factory-12-18x10.webp 18w, https:\/\/vapexyz.com\/wp-content\/uploads\/2024\/10\/RahdM-Tornado-15000-Puffs-LED-Display-2-Low-Nicotine-Original-Factory-12-600x320.webp 600w, https:\/\/vapexyz.com\/wp-content\/uploads\/2024\/10\/RahdM-Tornado-15000-Puffs-LED-Display-2-Low-Nicotine-Original-Factory-12-148x79.webp 148w\" sizes=\"auto, (max-width: 2560px) 100vw, 2560px\" \/><\/h2>\n<\/article>","protected":false},"excerpt":{"rendered":"<p>RahdM Tornado 15000 Puffs LED ekraaniga laaditav \u00fchekordselt kasutatav vape pakub muljetavaldavalt 15 000 t\u00f5mmet, 2% madalat tugevust, laaditavat 850mAh akut ja mitmesuguseid maitsevalikuid, muutes selle ideaalseks valikuks nii juhuslikele veipijatele kui ka hulgim\u00fc\u00fcjatele, kes otsivad kvaliteetseid ja pika kasutuseaga seadmeid.<\/p>","protected":false},"featured_media":35499,"comment_status":"open","ping_status":"closed","template":"","meta":{"_lmt_disableupdate":"no","_lmt_disable":""},"product_brand":[],"product_cat":[968,998,947,1019,1020,935,934,927,929,928,930,933,939,932,938,931,936,937,1017,1021,949,946,1023,1024,1025,1026,1027,951,1029,1031,1032,1033,1035,953,1037,955,987],"product_tag":[],"class_list":{"0":"post-35493","1":"product","2":"type-product","3":"status-publish","4":"has-post-thumbnail","6":"product_cat-rahdm-disposable-vapes","7":"product_cat-15000-puff-vapes","8":"product_cat-big-puffs-vapes","9":"product_cat-blue-razz-flavor-disposable-vapes","10":"product_cat-blueberry-flavor-disposable-vapes","11":"product_cat-bulk-buy-disposable-vapes-in-austria","12":"product_cat-bulk-buy-disposable-vapes-in-belgium","13":"product_cat-bulk-buy-disposable-vapes-in-europe","14":"product_cat-bulk-buy-disposable-vapes-in-france","15":"product_cat-bulk-buy-disposable-vapes-in-germany","16":"product_cat-bulk-buy-disposable-vapes-in-italy","17":"product_cat-bulk-buy-disposable-vapes-in-netherlands","18":"product_cat-bulk-buy-disposable-vapes-in-norway","19":"product_cat-bulk-buy-disposable-vapes-in-poland","20":"product_cat-bulk-buy-disposable-vapes-in-portugal","21":"product_cat-bulk-buy-disposable-vapes-in-spain","22":"product_cat-bulk-buy-disposable-vapes-in-sweden","23":"product_cat-bulk-buy-disposable-vapes-in-switzerland","24":"product_cat-buy-best-disposable-vape-flavors","25":"product_cat-cherry-flavor-disposable-vapes","26":"product_cat-digital-box-vapes","27":"product_cat-disposable-vapes-series","28":"product_cat-grape-flavor-disposable-vapes","29":"product_cat-guava-flavor-disposable-vapes","30":"product_cat-ice-flavor-disposable-vapes","31":"product_cat-kiwi-flavor-disposable-vapes","32":"product_cat-lemon-flavor-disposable-vapes","33":"product_cat-lower-nicotine-vapes","34":"product_cat-mango-flavor-disposable-vapes","35":"product_cat-mixed-berries-flavor-disposable-vapes","36":"product_cat-passion-fruit-flavor-disposable-vapes","37":"product_cat-peach-flavor-disposable-vapes","38":"product_cat-raspberry-flavor-disposable-vapes","39":"product_cat-rechargeable-vapes","40":"product_cat-strawberry-flavor-disposable-vapes","41":"product_cat-tornado-vapes","42":"product_cat-vape-shop-by-puffs","44":"first","45":"instock","46":"shipping-taxable","47":"purchasable","48":"product-type-variable","49":"has-default-attributes"},"jetpack_sharing_enabled":true,"tiered_pricing_type":"fixed","tiered_pricing_fixed_rules":[],"tiered_pricing_product_settings":{"layout":"default","base_unit_name":{"singular":null,"plural":null},"default_variation":null},"tiered_pricing_minimum_quantity":null,"tiered_pricing_roles_data":[],"tiered_pricing_percentage_rules":[],"tiered_pricing_maximum_quantity":null,"tiered_pricing_quantity_step":null,"_links":{"self":[{"href":"https:\/\/vapexyz.com\/et\/wp-json\/wp\/v2\/product\/35493","targetHints":{"allow":["GET"]}}],"collection":[{"href":"https:\/\/vapexyz.com\/et\/wp-json\/wp\/v2\/product"}],"about":[{"href":"https:\/\/vapexyz.com\/et\/wp-json\/wp\/v2\/types\/product"}],"replies":[{"embeddable":true,"href":"https:\/\/vapexyz.com\/et\/wp-json\/wp\/v2\/comments?post=35493"}],"wp:featuredmedia":[{"embeddable":true,"href":"https:\/\/vapexyz.com\/et\/wp-json\/wp\/v2\/media\/35499"}],"wp:attachment":[{"href":"https:\/\/vapexyz.com\/et\/wp-json\/wp\/v2\/media?parent=35493"}],"wp:term":[{"taxonomy":"product_brand","embeddable":true,"href":"https:\/\/vapexyz.com\/et\/wp-json\/wp\/v2\/product_brand?post=35493"},{"taxonomy":"product_cat","embeddable":true,"href":"https:\/\/vapexyz.com\/et\/wp-json\/wp\/v2\/product_cat?post=35493"},{"taxonomy":"product_tag","embeddable":true,"href":"https:\/\/vapexyz.com\/et\/wp-json\/wp\/v2\/product_tag?post=35493"}],"curies":[{"name":"wp","href":"https:\/\/api.w.org\/{rel}","templated":true}]}}