{"id":31465,"date":"2024-08-21T14:08:39","date_gmt":"2024-08-21T14:08:39","guid":{"rendered":"https:\/\/vapexyz.com\/?post_type=product&#038;p=31465"},"modified":"2026-03-03T03:46:01","modified_gmt":"2026-03-03T03:46:01","slug":"aivono-sihtpustol-7000-pahvi-0-2-3-5-hulgiost-madala-nikotiinisisaldusega-laetav-uhekordne-vapes-pliiats-hulgimuuk","status":"publish","type":"product","link":"https:\/\/vapexyz.com\/et\/product\/aivono-aim-gun-7000-puffs-0-2-3-5-bulk-buy-low-nicotine-rechargeable-disposable-vapes-pen-wholesale\/","title":{"rendered":"AIVONO AIM RELV 7000 Puhffi Laaditav \u00dchekordselt Kasutatav Vape Hulgi"},"content":{"rendered":"<article style=\"font-family: 'Helvetica Neue', Helvetica, Arial, sans-serif; line-height: 1.8; color: #2c3e50; padding: 20px; max-width: 100%; margin: 0 auto;\"><div style=\"width: 1020px;\" class=\"wp-video\"><video class=\"wp-video-shortcode\" id=\"video-31465-1\" width=\"1020\" height=\"574\" preload=\"metadata\" controls=\"controls\"><source type=\"video\/mp4\" src=\"https:\/\/vapexyz.com\/wp-content\/uploads\/2024\/08\/AIVONO-AIM-GUN-7000-Puff-2.mp4?_=1\" \/><a href=\"https:\/\/vapexyz.com\/wp-content\/uploads\/2024\/08\/AIVONO-AIM-GUN-7000-Puff-2.mp4\">https:\/\/vapexyz.com\/wp-content\/uploads\/2024\/08\/AIVONO-AIM-GUN-7000-Puff-2.mp4<\/a><\/video><\/div>\n<h2 style=\"color: #1a252f; border-bottom: 2px solid #3498db; padding-bottom: 10px; margin-top: 30px;\">AIVONO AIM RELV 7000 Puhkumist: J\u00e4rgmis p\u00f5lvkonna Aurustamise Tehnoloogia<\/h2>\n<p style=\"font-size: 16px;\">Tere tulemast AIVONO AIM GUN 7000 Puffs-i, keeruka \u00fchekordselt kasutatava vape'i juurde, mis on loodud optimaalse j\u00f5udluse ja j\u00e4rjepidevuse tagamiseks. See \u00fchekordselt kasutatav vape on loodud nii algajatele kui ka kogenud entusiastidele, integreerides suure mahutavusega funktsionaalsuse ergonoomilise vormiga. Saadaval ainult VapeXYZ-i kaudu, usaldusv\u00e4\u00e4rse levitaja, kellel on \u00fcle kaheksa aasta dokumenteeritud tarneahela tipptaset, see seade esindab usaldusv\u00e4\u00e4rse riistvara ja t\u00e4iustatud sensoorsete kohaletoimetamise \u00fchendust.<\/p>\n<h3 style=\"color: #2980b9; margin-top: 25px;\">Miks valida AIVONO \u00fchekordselt kasutatavad veipid?<\/h3>\n<p style=\"font-size: 16px;\">AIVONO AIM GUN seeria t\u00f5stab \u00fchekordselt kasutatavate veipide standardid p\u00f5him\u00f5tteliselt uuele tasemele. T\u00e4pselt inseneritud komponente kasutades tagab see seade pikaealisuse, v\u00f5imaldades kasutajatel teha kuni 7000 t\u00f5mmet enne t\u00fchjenemist. Sellel on tugev 12ml eel t\u00e4idetud reservuaar, mis maksimeerib seadme t\u00f6\u00f6ea ilma sagedaste asendamisteta. Toiteallikaks on k\u00f5rge efektiivsusega 600mAh liitium-ioon aku ja seda toetab kaasaegne Type-C laadimisprotokoll, mis tagab, et seadme seisakuaeg on viidud absoluutselt minimaalseks. Vaatamata oma muljetavaldavale mahule j\u00e4\u00e4b \u0161assii v\u00e4ga kompaktseks, m\u00f5\u00f5tes t\u00e4pselt 31 x 25 x 100 mm, mis teeb sellest ideaalse, taskusuuruse kaaslase liikvel olevatele kasutajatele.<\/p>\n<h3 style=\"color: #2980b9; margin-top: 25px;\">Empiiriline testimine ja kvaliteedi tagamine<\/h3>\n<p style=\"font-size: 16px;\">Erinevalt \u00fcldistest turu alternatiividest on AIVONO AIM GUN-i j\u00f5udlusm\u00f5\u00f5dikud tagatud rangete empiiriliste testimismeetoditega. S\u00f5ltumatud laborikeskkonnad kasutavad automatiseeritud pneumaatilisi simulaatormasinaid 7000-puffi reitingu kinnitamiseks, kalibreerides need m\u00f5\u00f5tmised standardiseeritud 1,5 sekundi pikkuse sissehingamise alusel. Lisaks m\u00f5\u00f5detakse t\u00f5mbe takistust t\u00e4pselt veesammastes (mmH2O), et tagada sujuv, \u00fchtlane suust-kopsu (MTL) tunne. Aku halvenemist j\u00e4lgitakse rangelt mitme laadimists\u00fckli jooksul, tagades, et v\u00f5imsuse v\u00e4ljund j\u00e4\u00e4b stabiilseks optimaalsel pingel, et v\u00e4ltida j\u00f5udluse langust aku eluts\u00fckli l\u00f5puni 5%-ni.<\/p>\n<h3 style=\"color: #2980b9; margin-top: 25px;\">T\u00e4psustatud tehnilised andmed<\/h3>\n<p style=\"font-size: 16px;\">Aurusti s\u00fcdamik kasutab t\u00e4iustatud 1,2\u03a9 v\u00f5rguk\u00fctte elementi. K\u00fctteelemendi pindala suurendades paranevad seadme termod\u00fcnaamika drastiliselt, mille tulemuseks on v\u00e4ga t\u00f5hus aurustamine ja \u00fchtlane temperatuurijaotus. Kasutajad saavad valida laia tugevuskontsentratsioonide valiku hulgast, sealhulgas 0%, 2%, 3% ja 5% koostised, pakkudes mitmek\u00fclgseid valikuid, mis on kohandatud vastavalt individuaalsetele eelistustele.<\/p>\n<table style=\"width: 100%; border-collapse: collapse; margin: 30px 0; font-family: sans-serif; box-shadow: 0 4px 8px rgba(0,0,0,0.05); background-color: #fff;\">\n<thead>\n<tr>\n<th style=\"background-color: #f4f6f7; border: 1px solid #dcdde1; padding: 15px; text-align: left; font-weight: bold; color: #2c3e50; width: 30%;\">Spetsifikatsiooni komponent<\/th>\n<th style=\"background-color: #f4f6f7; border: 1px solid #dcdde1; padding: 15px; text-align: left; font-weight: bold; color: #2c3e50;\">Insenertehniline detail &amp; valideerimine<\/th>\n<\/tr>\n<\/thead>\n<tbody>\n<tr>\n<td style=\"border: 1px solid #dcdde1; padding: 15px; color: #555; font-weight: bold;\">Maksimaalne v\u00e4ljundv\u00f5imsus<\/td>\n<td style=\"border: 1px solid #dcdde1; padding: 15px; color: #555;\">7000 t\u00f5mbet ( valideeritud automaatse pneumaatilise testimisseadmega)<\/td>\n<\/tr>\n<tr>\n<td style=\"border: 1px solid #dcdde1; padding: 15px; color: #555; font-weight: bold;\">Mahuti maht<\/td>\n<td style=\"border: 1px solid #dcdde1; padding: 15px; color: #555;\">12 ml isoleeritud hoiukamber<\/td>\n<\/tr>\n<tr>\n<td style=\"border: 1px solid #dcdde1; padding: 15px; color: #555; font-weight: bold;\">Toiteelemendi tehnilised andmed<\/td>\n<td style=\"border: 1px solid #dcdde1; padding: 15px; color: #555;\">600mAh taaslaetav liitium-ioonkern (UN38.3 ohutusn\u00f5uetele vastav)<\/td>\n<\/tr>\n<tr>\n<td style=\"border: 1px solid #dcdde1; padding: 15px; color: #555; font-weight: bold;\">K\u00fcttetehnoloogia<\/td>\n<td style=\"border: 1px solid #dcdde1; padding: 15px; color: #555;\">1,2\u03a9 keerukas v\u00f5rgustikumaatriks<\/td>\n<\/tr>\n<tr>\n<td style=\"border: 1px solid #dcdde1; padding: 15px; color: #555; font-weight: bold;\">Laadimisliides<\/td>\n<td style=\"border: 1px solid #dcdde1; padding: 15px; color: #555;\">Type-C port (5V\/1A standardne sisend)<\/td>\n<\/tr>\n<tr>\n<td style=\"border: 1px solid #dcdde1; padding: 15px; color: #555; font-weight: bold;\">Tugevuse valikud<\/td>\n<td style=\"border: 1px solid #dcdde1; padding: 15px; color: #555;\">0%, 2%, 3%, 5% kontsentratsioonid saadaval<\/td>\n<\/tr>\n<tr>\n<td style=\"border: 1px solid #dcdde1; padding: 15px; color: #555; font-weight: bold;\">F\u00fc\u00fcsikalised m\u00f5\u00f5tmed<\/td>\n<td style=\"border: 1px solid #dcdde1; padding: 15px; color: #555;\">31 x 25 x 100 mm (Ergonoomiline konstruktsiooniline disain)<\/td>\n<\/tr>\n<\/tbody>\n<\/table>\n<h3 style=\"color: #2980b9; margin-top: 25px;\">Materjali ohutus ja regulatiivne vastavus<\/h3>\n<p style=\"font-size: 16px;\">VapeXYZ seab riistvara autoriteedi ja l\u00f5ppkasutaja usalduse esmaseks prioriteediks. AIVONO AIM GUN-i v\u00e4limine \u0161assii on valmistatud toidukvaliteediga PCTG (pol\u00fcts\u00fckloheks\u00fclendimet\u00fcleen tereftalaat gl\u00fckool) pol\u00fcmeeridest. See t\u00f6\u00f6stuslik materjal on s\u00f5ltumatult t\u00f5estatud erakordse termilise stabiilsuse ja k\u00f5rge l\u00f6\u00f6gikindlusega, tagades, et seade j\u00e4\u00e4b ohutuks k\u00e4sitsemiseks isegi pikaajaliste t\u00f6\u00f6perioodide jooksul. Lisaks vastab sisemine toiteallikas rangetele UN38.3 transpordi- ja akuohutuse standarditele, samas kui \u00fcldised tootmisprotsessid viiakse l\u00e4bi ISO 9001 sertifitseeritud rajatistes. Vastavuses rahvusvaheliste CE ja RoHS direktiividega piirab riistvara ohtlikke aineid, kinnitades oma positsiooni kui vastav, usaldusv\u00e4\u00e4rne valik globaalsel \u00fchekordselt kasutatavate vape-de turul.<\/p>\n<h3 style=\"color: #2980b9; margin-top: 25px;\">Kureeritud Aroomiprofiilid<\/h3>\n<p style=\"font-size: 16px;\">Meie ekspertidest mikserid on v\u00e4lja t\u00f6\u00f6tanud AIVONO AIM GUN 7000 Puffsi jaoks exquisite valiku maitseprofiile. Iga koostis on s\u00fcnteesitud premium ekstraktide abil, et pakkuda mitmekihilist sensoorset kogemust ilma seadme eluea jooksul degradeerumata:<\/p>\n<ul style=\"list-style-type: none; padding-left: 0; font-size: 16px;\">\n<li style=\"margin-bottom: 10px; padding: 10px; background-color: #f9f9f9; border-left: 4px solid #3498db;\">Ananassi-kokosj\u00e4\u00e4tis: Troopiline segu, mis pakub kreemjat, v\u00e4rsket ja magusat saareinspiratsiooni maitset.<\/li>\n<li style=\"margin-bottom: 10px; padding: 10px; background-color: #f9f9f9; border-left: 4px solid #3498db;\">Maasikaj\u00e4\u00e4tis: Luksuslik magustoit, mida iseloomustavad rikkalikud, siledad ja magusad botaanilised noodid.<\/li>\n<li style=\"margin-bottom: 10px; padding: 10px; background-color: #f9f9f9; border-left: 4px solid #3498db;\">Maasika Arbuusi Virsiku: Kompleksne, kolmekihiline botaaniline segu, mis pakub suveviljade harmoonilist tasakaalu.<\/li>\n<li style=\"margin-bottom: 10px; padding: 10px; background-color: #f9f9f9; border-left: 4px solid #3498db;\">Mustika Vaarikasemon: Hapu, kr\u00f5be ja v\u00e4ga v\u00e4rskendav tsitruseline koor koos metsiku marja alatoonidega.<\/li>\n<li style=\"margin-bottom: 10px; padding: 10px; background-color: #f9f9f9; border-left: 4px solid #3498db;\">Arbuusi j\u00e4\u00e4tis: Jahutav, elustav profiil, mis oskuslikult j\u00e4ljendab jahutatud suveelisi meloneid.<\/li>\n<li style=\"margin-bottom: 10px; padding: 10px; background-color: #f9f9f9; border-left: 4px solid #3498db;\">Segatud marjad: T\u00e4pselt tasakaalustatud magus ja hapu aia segu, sisaldades tugevat valikut tumedaid marju.<\/li>\n<li style=\"margin-bottom: 10px; padding: 10px; background-color: #f9f9f9; border-left: 4px solid #3498db;\">Mustika j\u00e4\u00e4tis: Rikkalik, s\u00fcgav botaaniline profiil, l\u00f5petatud kr\u00f5beda, jahutava v\u00e4ljahingamisega.<\/li>\n<li style=\"margin-bottom: 10px; padding: 10px; background-color: #f9f9f9; border-left: 4px solid #3498db;\">Virsikuk\u00fclm: Velorne, sile tunne, mis \u00fchendab puuviljaaia k\u00fcpseid noote k\u00fclma viimistlusega.<\/li>\n<li style=\"margin-bottom: 10px; padding: 10px; background-color: #f9f9f9; border-left: 4px solid #3498db;\">Viinamarja-j\u00e4\u00e4tis: Julge, viinapuus k\u00fcpsetatud essents, mida t\u00e4iendab erip\u00e4raselt k\u00fclm ja v\u00e4rskendav j\u00e4relmait.<\/li>\n<li style=\"margin-bottom: 10px; padding: 10px; background-color: #f9f9f9; border-left: 4px solid #3498db;\">Maasika Banaan: Klassikaline, t\u00e4iuslikult segatud kombinatsioon, mis tagab pidevalt sileda ja magusa maitse.<\/li>\n<\/ul>\n<h3 style=\"color: #2980b9; margin-top: 25px;\">Aurustite hulgim\u00fc\u00fcgitoimingud: ideaalne jaem\u00fc\u00fcjatele<\/h3>\n<p style=\"font-size: 16px;\">Jaem\u00fc\u00fcjate ja s\u00f5ltumatute turustajate jaoks n\u00f5uab hulgim\u00fc\u00fcgi tarneahela navigeerimine autoriteetset partnerit. VapeXYZ kasutab \u00fcle kaheksa aasta kestnud t\u00f6\u00f6stuse ekspertiziisi, et pakkuda sujuvat B2B logistikat. Seades v\u00e4ga ligip\u00e4\u00e4setava minimaalse tellimuskoguse (MOQ) vaid 10 t\u00fckki, v\u00f5imaldame v\u00e4ikestel ja keskmistel ettev\u00f5tetel varuda AIVONO \u00fchekordselt kasutatavaid veipe v\u00e4ga konkurentsiv\u00f5imeliste hulgitariifidega. Meie logistiline raamistik tagab kiire saatmise, range tollidokumentatsiooni vastavuse ja turvalise rahvusvahelise saatmise, kinnitades meid kui k\u00f5rgtasemelise k\u00f5rge j\u00f5udlusega veipide turustaja \u00fclemaailmselt.<\/p>\n<div style=\"background-color: #eaf2f8; border-left: 6px solid #2980b9; padding: 20px; margin: 30px 0; border-radius: 4px; box-shadow: 0 2px 4px rgba(0,0,0,0.1);\">\n<h4 style=\"margin-top: 0; color: #154360; font-size: 18px;\">T\u00f6\u00f6stuse teadmiste punktid<\/h4>\n<p style=\"margin-bottom: 10px; font-size: 15px;\">V\u00f5rgustruktuuri termod\u00fcnaamika: Traditsioonilised spiraaljuhtmed kuumenevad eba\u00fchtlaselt, mis v\u00f5ib p\u00f5hjustada sisemise s\u00fcttimismaterjali enneaegset p\u00f5lemist. AIVONO 1,2\u03a9 v\u00f5rgustruktuur t\u00f6\u00f6tab kui v\u00f5rk, suurendades oluliselt k\u00fcttetava pinna pindala. See tulemus tagab kohese kuumenemise ja tagab, et sisemine koostis aurustub t\u00f5husalt ilma kahjulike termiliste k\u00f5rvalproduktide tekkimiseta.<\/p>\n<p style=\"margin-bottom: 0; font-size: 15px;\">Liitium-iooni hooldus: 600mAh sisemise aku t\u00f6\u00f6ea maksimeerimiseks peaksid kasutajad seadet laadima spetsifitseeritud 5V\/1A parameetrite abil. K\u00f5rgepingeliste kiirlaadijate (nagu s\u00fclearvuti laadijad) kasutamine v\u00f5ib p\u00f5hjustada v\u00f5imsuse elemendil termilist pinget, kiirendades keemilist lagunemist ja v\u00e4hendades kogu kasutusv\u00f5imalike v\u00e4ljundts\u00fcklite arvu.<\/p>\n<\/div>\n<h3 style=\"color: #2980b9; margin-top: 30px;\">Peamised punktid KKK<\/h3>\n<div style=\"margin-bottom: 15px; border: 1px solid #e1e1e1; border-radius: 6px; padding: 18px; background-color: #ffffff; box-shadow: 0 2px 5px rgba(0,0,0,0.03);\">\n<h4 style=\"margin: 0 0 10px 0; color: #2c3e50;\">1. Kuidas on 7000 puffi arvu empiiriliselt valideeritud?<\/h4>\n<p style=\"margin: 0; color: #555; font-size: 15px;\">V\u00e4ide 7000 t\u00f5mbe kohta valideeritakse rangetes laboratoorsetes keskkondades robotiseeritud sissehingamismehanismide abil. Need masinad on kalibreeritud seadmest t\u00f5mbamiseks t\u00e4pselt 1,5 sekundit iga aktiveerimise kohta. Individuaalse kasutamise erinevused - nagu s\u00fcgavamad, pikemad t\u00f5mbed - m\u00f5jutavad loomulikult tegelikus maailmas stsenarjumides saavutatavat koguv\u00e4ljundit.<\/p>\n<\/div>\n<div style=\"margin-bottom: 15px; border: 1px solid #e1e1e1; border-radius: 6px; padding: 18px; background-color: #ffffff; box-shadow: 0 2px 5px rgba(0,0,0,0.03);\">\n<h4 style=\"margin: 0 0 10px 0; color: #2c3e50;\">2. Millised sertifikaadid tagavad, et see \u00fchekordselt kasutatav vape on ohutu kasutada?<\/h4>\n<p style=\"margin: 0; color: #555; font-size: 15px;\">AIVONO AIM GUN vastab p\u00f5hilistele rahvusvahelistele direktiividele, sealhulgas CE (Conformit\u00e9 Europ\u00e9enne) ja RoHS (ohtlike ainete kasutamise piirang). Lisaks on sisemine liitium-ioon aku l\u00e4binud UN38.3 testi, mis t\u00f5endab selle ohutust termilise \u00fclejooksu vastu transportimisel ja igap\u00e4evasel kasutamisel.<\/p>\n<\/div>\n<div style=\"margin-bottom: 15px; border: 1px solid #e1e1e1; border-radius: 6px; padding: 18px; background-color: #ffffff; box-shadow: 0 2px 5px rgba(0,0,0,0.03);\">\n<h4 style=\"margin: 0 0 10px 0; color: #2c3e50;\">3. Kuidas k\u00e4sitleb VapeXYZ hulgisaadetiste logistikat?<\/h4>\n<p style=\"margin: 0; color: #555; font-size: 15px;\">\u00dcle kaheksa aasta kestnud \u00fclemaailmse levitamise kogemusega VapeXYZ t\u00f6\u00f6tleb hulgim\u00fc\u00fcgi tellimusi sujuvakujulise logistikav\u00f5rgu abil. K\u00f5igest 10 kauni minimaalse tellimuskogusega jaem\u00fc\u00fcjad saavad kasu l\u00e4bipaistvast hinnakujundusest, tollivaba transiidi marsruutidest ning t\u00e4ielikult j\u00e4lgitavast saatmisest, et tagada inventari turvaline kohaletoimetamine.<\/p>\n<\/div>\n<div style=\"margin-bottom: 15px; border: 1px solid #e1e1e1; border-radius: 6px; padding: 18px; background-color: #ffffff; box-shadow: 0 2px 5px rgba(0,0,0,0.03);\">\n<h4 style=\"margin: 0 0 10px 0; color: #2c3e50;\">4. Kas riistvara on taaskasutatav?<\/h4>\n<p style=\"margin: 0; color: #555; font-size: 15px;\">Jah. Kuna seade sisaldab taaslaetavat liitium-ioonakut ja sisemist elektroonilist vooluringi, kuulub see WEEE (j\u00e4\u00e4tmetest elektri- ja elektroonikaseadmete) direktiivi alla. Me soovitame tungivalt kasutajatel ja jaem\u00fc\u00fcjatel t\u00fchjendada veipimisseadmeid etten\u00e4htud elektroonikaj\u00e4\u00e4tmete ringlussev\u00f5tu kohtades, mitte tavalises olmej\u00e4\u00e4tmete hulgas.<\/p>\n<\/div>\n<p style=\"font-size: 16px; margin-top: 30px;\">Telli AIVONO AIM GUN 7000 Puffs VapeXYZ-ist t\u00e4na ja t\u00f5sta oma sortimenti usaldusv\u00e4\u00e4rse, k\u00f5rgelt konstrueeritud \u00fchekordselt kasutatava veipiga, mis tagab \u00fchtlase kvaliteedi esimesest t\u00f5mbest viimaseni.<\/p>\n<div style=\"text-align: center; margin-top: 40px;\"><img loading=\"lazy\" decoding=\"async\" class=\"wp-image-31522 size-full aligncenter\" style=\"max-width: 100%; height: auto; border-radius: 8px; box-shadow: 0 6px 15px rgba(0,0,0,0.15);\" src=\"https:\/\/vapexyz.com\/wp-content\/uploads\/2024\/08\/AIVONO-AIM-GUN-7000-Puff-16.webp\" alt=\"AIVONO AIM RELV 7000 Pahvi 0% 2% 3% 5% Hulgiosta Madal Tugevus Laetav \u00dchekordselt Kasutatav Vape Pen Hulgim\u00fc\u00fck\" width=\"1060\" height=\"847\" title=\"\" srcset=\"https:\/\/vapexyz.com\/wp-content\/uploads\/2024\/08\/AIVONO-AIM-GUN-7000-Puff-16.webp 1060w, https:\/\/vapexyz.com\/wp-content\/uploads\/2024\/08\/AIVONO-AIM-GUN-7000-Puff-16-500x400.webp 500w, https:\/\/vapexyz.com\/wp-content\/uploads\/2024\/08\/AIVONO-AIM-GUN-7000-Puff-16-1024x818.webp 1024w, https:\/\/vapexyz.com\/wp-content\/uploads\/2024\/08\/AIVONO-AIM-GUN-7000-Puff-16-768x614.webp 768w, https:\/\/vapexyz.com\/wp-content\/uploads\/2024\/08\/AIVONO-AIM-GUN-7000-Puff-16-15x12.webp 15w, https:\/\/vapexyz.com\/wp-content\/uploads\/2024\/08\/AIVONO-AIM-GUN-7000-Puff-16-600x479.webp 600w\" sizes=\"auto, (max-width: 1060px) 100vw, 1060px\" \/><\/div>\n<\/article>","protected":false},"excerpt":{"rendered":"<p>AIVONO AIM GUN 7000 Puffs, mis on saadaval Vapexyz-is, on k\u00f5rge mahutavusega, taaslaetav \u00fchekordselt kasutatav vape, mis pakub kuni 7000 t\u00f5mmet mitmekesiste maitsevalikute ja kohandatavate aurustamis tugevustega, mis on ideaalne premium aurustamiskogemuse jaoks.<\/p>","protected":false},"featured_media":31521,"comment_status":"open","ping_status":"closed","template":"","meta":{"_lmt_disableupdate":"no","_lmt_disable":""},"product_brand":[],"product_cat":[944,1010,1018,1020,935,934,927,929,928,930,933,939,932,938,931,936,937,1017,946,1023,1025,1027,951,1031,1033,1034,953,1037,820,987,1038],"product_tag":[],"class_list":{"0":"post-31465","1":"product","2":"type-product","3":"status-publish","4":"has-post-thumbnail","6":"product_cat-aivono","7":"product_cat-7000-puff-vapes","8":"product_cat-apple-flavor-disposable-vapes","9":"product_cat-blueberry-flavor-disposable-vapes","10":"product_cat-bulk-buy-disposable-vapes-in-austria","11":"product_cat-bulk-buy-disposable-vapes-in-belgium","12":"product_cat-bulk-buy-disposable-vapes-in-europe","13":"product_cat-bulk-buy-disposable-vapes-in-france","14":"product_cat-bulk-buy-disposable-vapes-in-germany","15":"product_cat-bulk-buy-disposable-vapes-in-italy","16":"product_cat-bulk-buy-disposable-vapes-in-netherlands","17":"product_cat-bulk-buy-disposable-vapes-in-norway","18":"product_cat-bulk-buy-disposable-vapes-in-poland","19":"product_cat-bulk-buy-disposable-vapes-in-portugal","20":"product_cat-bulk-buy-disposable-vapes-in-spain","21":"product_cat-bulk-buy-disposable-vapes-in-sweden","22":"product_cat-bulk-buy-disposable-vapes-in-switzerland","23":"product_cat-buy-best-disposable-vape-flavors","24":"product_cat-disposable-vapes-series","25":"product_cat-grape-flavor-disposable-vapes","26":"product_cat-ice-flavor-disposable-vapes","27":"product_cat-lemon-flavor-disposable-vapes","28":"product_cat-lower-nicotine-vapes","29":"product_cat-mixed-berries-flavor-disposable-vapes","30":"product_cat-peach-flavor-disposable-vapes","31":"product_cat-pineapple-flavor-disposable-vapes","32":"product_cat-rechargeable-vapes","33":"product_cat-strawberry-flavor-disposable-vapes","34":"product_cat-vape","35":"product_cat-vape-shop-by-puffs","36":"product_cat-watermelon-flavor-disposable-vapes","38":"first","39":"outofstock","40":"shipping-taxable","41":"purchasable","42":"product-type-variable","43":"has-default-attributes"},"jetpack_sharing_enabled":true,"tiered_pricing_type":"fixed","tiered_pricing_fixed_rules":[],"tiered_pricing_product_settings":{"layout":"default","base_unit_name":{"singular":null,"plural":null},"default_variation":null},"tiered_pricing_minimum_quantity":null,"tiered_pricing_roles_data":[],"tiered_pricing_percentage_rules":[],"tiered_pricing_maximum_quantity":null,"tiered_pricing_quantity_step":null,"_links":{"self":[{"href":"https:\/\/vapexyz.com\/et\/wp-json\/wp\/v2\/product\/31465","targetHints":{"allow":["GET"]}}],"collection":[{"href":"https:\/\/vapexyz.com\/et\/wp-json\/wp\/v2\/product"}],"about":[{"href":"https:\/\/vapexyz.com\/et\/wp-json\/wp\/v2\/types\/product"}],"replies":[{"embeddable":true,"href":"https:\/\/vapexyz.com\/et\/wp-json\/wp\/v2\/comments?post=31465"}],"wp:featuredmedia":[{"embeddable":true,"href":"https:\/\/vapexyz.com\/et\/wp-json\/wp\/v2\/media\/31521"}],"wp:attachment":[{"href":"https:\/\/vapexyz.com\/et\/wp-json\/wp\/v2\/media?parent=31465"}],"wp:term":[{"taxonomy":"product_brand","embeddable":true,"href":"https:\/\/vapexyz.com\/et\/wp-json\/wp\/v2\/product_brand?post=31465"},{"taxonomy":"product_cat","embeddable":true,"href":"https:\/\/vapexyz.com\/et\/wp-json\/wp\/v2\/product_cat?post=31465"},{"taxonomy":"product_tag","embeddable":true,"href":"https:\/\/vapexyz.com\/et\/wp-json\/wp\/v2\/product_tag?post=31465"}],"curies":[{"name":"wp","href":"https:\/\/api.w.org\/{rel}","templated":true}]}}