{"id":31341,"date":"2024-08-18T12:52:33","date_gmt":"2024-08-18T12:52:33","guid":{"rendered":"https:\/\/vapexyz.com\/?post_type=product&#038;p=31341"},"modified":"2026-03-03T03:42:37","modified_gmt":"2026-03-03T03:42:37","slug":"aivono-fatman-15000-puffs-0-2-3-5-hulgi-osta-madala-nikotiinisisaldusega-laetav-uhekordne-vapes-pliiats-hulgimuuk","status":"publish","type":"product","link":"https:\/\/vapexyz.com\/et\/product\/aivono-fatman-15000-puffs-0-2-3-5-bulk-buy-low-nicotine-rechargeable-disposable-vapes-pen-wholesale\/","title":{"rendered":"AIVONO FATMAN 15000 Puffs Hulgiost Rechargeable \u00dchekordselt Kasutatavad Vapes Hulgim\u00fc\u00fck"},"content":{"rendered":"<article style=\"font-family: 'Segoe UI', Roboto, Helvetica, Arial, sans-serif; line-height: 1.8; color: #2c3e50; max-width: 100%; margin: 0 auto; padding: 20px;\"><div style=\"width: 720px;\" class=\"wp-video\"><video class=\"wp-video-shortcode\" id=\"video-31341-1\" width=\"720\" height=\"1280\" preload=\"metadata\" controls=\"controls\"><source type=\"video\/mp4\" src=\"https:\/\/vapexyz.com\/wp-content\/uploads\/2024\/08\/AIVONO-FATMAN-15000-Puff-2.mp4?_=1\" \/><a href=\"https:\/\/vapexyz.com\/wp-content\/uploads\/2024\/08\/AIVONO-FATMAN-15000-Puff-2.mp4\">https:\/\/vapexyz.com\/wp-content\/uploads\/2024\/08\/AIVONO-FATMAN-15000-Puff-2.mp4<\/a><\/video><\/div>\n<h2 style=\"color: #1a5f7a; border-bottom: 2px solid #e0e0e0; padding-bottom: 10px; margin-top: 40px; font-size: 28px;\">AIVONO FATMAN 15000 Puffs: T\u00e4iustatud insenerit\u00f6\u00f6 k\u00f5rge mahutavusega \u00fchekordselt kasutatavas veipis<\/h2>\n<p style=\"font-size: 16px; margin-bottom: 20px;\">Tere tulemast Vapexyz-i, teie autoriteetne allikas ja hulgim\u00fc\u00fcja premium aerosoolide kohaletoimetamise s\u00fcsteemidele. Meie ulatuslikust kataloogist leiate AIVONO FATMAN 15000 Puffs, keeruka \u00fchekordselt kasutatava vape'i, mis on loodud maksimaalse vastupidavuse ja j\u00e4rjepideva j\u00f5udluse tagamiseks. See seade on konstrueeritud kasutajatele, kes n\u00f5uavad t\u00f6\u00f6kindlust ilma pideva hoolduse keerukuseta, see seade esindab suure mahuga reservuaaritehnoloogia ja kasutajas\u00f5braliku toimimise \u00fchendust. Olenemata sellest, kas olete jaem\u00fc\u00fcja partner, kes otsib usaldusv\u00e4\u00e4rseid vape-sid oma laoseisuks, v\u00f5i l\u00f5ppkasutaja, kes vajab pikaajalist lahendust, AIVONO FATMAN pakub t\u00f5estatavat kvaliteeti.<\/p>\n<h3 style=\"color: #2c3e50; margin-top: 30px; font-size: 22px;\">Tehnilised spetsifikatsioonid ja komponentide arhitektuur<\/h3>\n<p style=\"font-size: 16px; margin-bottom: 20px;\">Et m\u00f5ista v\u00f5imalusi <a style=\"color: #e74c3c; text-decoration: none; font-weight: bold;\" href=\"https:\/\/vapexyz.com\/et\/tootekategooria\/aivono\/\">AIVONO \u00fchekordselt kasutatavad vapid<\/a>, on vaja uurida selle sisemist arhitektuuri. Seade on valmistatud toidukvaliteediga PCTG-st (pol\u00fcts\u00fcklokse\u00fcleenmet\u00fcleen tereftalaat gl\u00fckool) materjalidest, tagades, et 24 mL lahuse reservuaar j\u00e4\u00e4b struktuurilt tugevaks ja keemiliselt inertseks kogu oma kasutusaja jooksul. See suur mahutavus on konstrueeritud toetama kuni 15 000 t\u00f5mmet, m\u00f5\u00f5dik, mis saavutatakse v\u00e4ga t\u00f5husa aatomiseerimise abil.<\/p>\n<table style=\"width: 100%; border-collapse: collapse; margin: 25px 0; font-size: 16px; box-shadow: 0 4px 6px rgba(0,0,0,0.05); border-radius: 8px; overflow: hidden;\">\n<thead>\n<tr style=\"background-color: #1a5f7a; color: #ffffff; text-align: left;\">\n<th style=\"padding: 15px; border-bottom: 1px solid #ddd;\">Spetsifikatsiooni parameeter<\/th>\n<th style=\"padding: 15px; border-bottom: 1px solid #ddd;\">Tehniline Detail<\/th>\n<\/tr>\n<\/thead>\n<tbody style=\"background-color: #f8f9fa;\">\n<tr>\n<td style=\"padding: 15px; border-bottom: 1px solid #e0e0e0; font-weight: bold;\">Maksimaalne t\u00f5mbe arv<\/td>\n<td style=\"padding: 15px; border-bottom: 1px solid #e0e0e0;\">15 000 t\u00f5mmet (erineb veidi kasutaja t\u00f5mbe kestuse p\u00f5hjal)<\/td>\n<\/tr>\n<tr>\n<td style=\"padding: 15px; border-bottom: 1px solid #e0e0e0; font-weight: bold;\">Lahenduse reservuaari maht<\/td>\n<td style=\"padding: 15px; border-bottom: 1px solid #e0e0e0;\">24 mL integreeritud kamber<\/td>\n<\/tr>\n<tr>\n<td style=\"padding: 15px; border-bottom: 1px solid #e0e0e0; font-weight: bold;\">Aku elementi tehnoloogia<\/td>\n<td style=\"padding: 15px; border-bottom: 1px solid #e0e0e0;\">600mAh taaslaetav liitium-ioon (Li-ion) aku<\/td>\n<\/tr>\n<tr>\n<td style=\"padding: 15px; border-bottom: 1px solid #e0e0e0; font-weight: bold;\">Laadimisliides<\/td>\n<td style=\"padding: 15px; border-bottom: 1px solid #e0e0e0;\">Type-C port (Toetab standardset 5V\/1A sisendit)<\/td>\n<\/tr>\n<tr>\n<td style=\"padding: 15px; border-bottom: 1px solid #e0e0e0; font-weight: bold;\">K\u00fctteelement<\/td>\n<td style=\"padding: 15px; border-bottom: 1px solid #e0e0e0;\">T\u00e4iustatud v\u00f5remine arhitektuur (optimeeritud \u00fchtlaseks soojusjaotuseks)<\/td>\n<\/tr>\n<tr>\n<td style=\"padding: 15px; border-bottom: 1px solid #e0e0e0; font-weight: bold;\">Valem tugevused<\/td>\n<td style=\"padding: 15px; border-bottom: 1px solid #e0e0e0;\">0%, 2%, 3% ja 5% aktiivsete \u00fchendite kontsentratsioonid<\/td>\n<\/tr>\n<tr>\n<td style=\"padding: 15px; border-bottom: 1px solid #e0e0e0; font-weight: bold;\">F\u00fc\u00fcsikalised m\u00f5\u00f5tmed<\/td>\n<td style=\"padding: 15px; border-bottom: 1px solid #e0e0e0;\">30 mm x 126 mm (Ergonoomiline silindriline profiil)<\/td>\n<\/tr>\n<\/tbody>\n<\/table>\n<p style=\"font-size: 16px; margin-bottom: 20px;\">Alumise takisti v\u00f5repoolse arhitektuuri integreerimine t\u00e4hendab m\u00e4rkimisv\u00e4\u00e4rset edasiminekut \u00fchekordselt kasutatavate aurustite inseneriteaduses. Erinevalt traditsioonilistest traadikeerduvatest poolidest, mis v\u00f5ivad kannatada eba\u00fchtlaste soojusgradientide all, pakub v\u00f5rekuumutus element ruudukujulist pinda. See suur pind tagab, et aurustatav vedelik atomiseeritakse kiiresti ja \u00fchtlaselt. Tulemuseks on tihedam aerosoolpilv, kiirem algusajad ja madalam t\u00f6\u00f6temperatuur, mis s\u00e4ilitab aroomiliste profiilide terviklikkuse esimesest t\u00f5mbest kuni 15 000.<\/p>\n<h3 style=\"color: #2c3e50; margin-top: 30px; font-size: 22px;\">Empiiriline j\u00f5udluse testimine ja kvaliteedi tagamine<\/h3>\n<p style=\"font-size: 16px; margin-bottom: 20px;\">\u00dchekordselt kasutatava veipimise seadme hindamisel, mis on m\u00f5eldud pikaajaliseks kasutamiseks, on s\u00f5ltumatud laboratoorsed testimismeetodid \u00fclimalt t\u00e4htsad. Selleks, et tagada 15 000 t\u00f5mbe hinnangu kehtivus, kasutavad standardse t\u00f6\u00f6stuse tehnilise hindamise protokollid automaatselt t\u00f6\u00f6tavaid pneumaatilisi t\u00f5mbemasinaid.<\/p>\n<div style=\"background: linear-gradient(135deg, #f5f7fa 0%, #c3cfe2 100%); border-left: 6px solid #1a5f7a; padding: 20px; margin: 25px 0; border-radius: 4px; box-shadow: 0 2px 5px rgba(0,0,0,0.1);\">\n<h4 style=\"margin-top: 0; color: #1a5f7a; font-size: 18px;\">Laboratoorsete testide \u00fclevaated ja m\u00f5\u00f5dikud<\/h4>\n<ul style=\"margin-bottom: 0; padding-left: 20px; font-size: 15px;\">\n<li style=\"margin-bottom: 10px;\">Joonise simulatsioon: Programmeerides standardiseeritud 2,5\u20133,0 sekundi pikkuse t\u00f5mbamise ja sellele j\u00e4rgneva 10 sekundi pikkuse puhkeintervalli, saavad tehnikud pidevalt j\u00e4lgida aurustamise efektiivsust.<\/li>\n<li style=\"margin-bottom: 10px;\">Aku vastupidavus: Testid n\u00e4itavad, et 600mAh aku n\u00f5uab ligikaudu viis kuni seitse t\u00e4ielikku laadimists\u00fcklit l\u00e4bi Type-C pordi, et t\u00e4ielikult t\u00fchjendada 24 mL vedelikupaak.<\/li>\n<li style=\"margin-bottom: 10px;\">Soojusstabiilsus: Pikendatud testi ajal tehtud termiline pildistamine n\u00e4itab, et v\u00f5rguspiraal s\u00e4ilitab \u00fchtlase soojuse jaotuse, v\u00e4hendades kuivade l\u00f6\u00f6kide ohtu ja tagades pideva sensoorsed stabiilsuse.<\/li>\n<\/ul>\n<\/div>\n<p style=\"font-size: 16px; margin-bottom: 20px;\">See empiiriline vaatlus kinnitab, et seade \u00fchendab t\u00f5husalt aku pikaealisuse ja lahuse mahutavuse vahelise l\u00f5he. Selle suure mahutavusega seadme toiteks on vastupidav 600mAh liitium-ioonpol\u00fcmeer aku, mis on spetsiaalselt valitud stabiilse t\u00fchjenemiskiiruse ja energiatiheduse t\u00f5ttu. Standardse eluts\u00fckli jooksul saavad kasutajad seadet sujuvalt laadida, usaldades sisseehitatud \u00fclepingekaitseid aku tervise s\u00e4ilitamisel seadme pikaajalise t\u00f6\u00f6ea jooksul.<\/p>\n<h3 style=\"color: #2c3e50; margin-top: 30px; font-size: 22px;\">Meelelised Profiilid &amp; Aroomilised Valikud<\/h3>\n<p style=\"font-size: 16px; margin-bottom: 20px;\">\u00dclem\u00e4\u00e4rane \u00fchekordselt kasutatav vape-kogemus s\u00f5ltub suuresti selle aromaatsete segude kvaliteedist ja mitmekesisusest. AIVONO FATMAN 15000 Puffs on valmistatud premium koostisosadest, et pakkuda j\u00e4rjepidevaid, elavaid maitseid, mis ei degradeeru vedelikutaseme langemisel. On saadaval 10 erinevat aromaatset valikut, mis vastavad laiale sensoorsete eelistuste spektrile:<\/p>\n<ul style=\"display: grid; grid-template-columns: repeat(auto-fit, minmax(250px, 1fr)); gap: 15px; list-style-type: none; padding: 0; margin-bottom: 30px;\">\n<li style=\"background-color: #fff; border: 1px solid #e0e0e0; padding: 15px; border-radius: 6px; box-shadow: 0 2px 4px rgba(0,0,0,0.02);\">1. Mustika j\u00e4\u00e4: K\u00fclm, metsamarja ekstrakt.<\/li>\n<li style=\"background-color: #fff; border: 1px solid #e0e0e0; padding: 15px; border-radius: 6px; box-shadow: 0 2px 4px rgba(0,0,0,0.02);\">2. Maasika j\u00e4\u00e4: Jahutatud, magus punase marja koostis.<\/li>\n<li style=\"background-color: #fff; border: 1px solid #e0e0e0; padding: 15px; border-radius: 6px; box-shadow: 0 2px 4px rgba(0,0,0,0.02);\">3. Arbuusij\u00e4\u00e4: Jahutatud, v\u00e4rskendav melonil\u00f5hn.<\/li>\n<li style=\"background-color: #fff; border: 1px solid #e0e0e0; padding: 15px; border-radius: 6px; box-shadow: 0 2px 4px rgba(0,0,0,0.02);\">4. Orchard Peach Blend: Lopsakas, p\u00e4ikeses k\u00fcpsenud kivivilja aroom.<\/li>\n<li style=\"background-color: #fff; border: 1px solid #e0e0e0; padding: 15px; border-radius: 6px; box-shadow: 0 2px 4px rgba(0,0,0,0.02);\">5. Maasika Vaarikas: Hapu ja magus segatud marja kombinatsioon.<\/li>\n<li style=\"background-color: #fff; border: 1px solid #e0e0e0; padding: 15px; border-radius: 6px; box-shadow: 0 2px 4px rgba(0,0,0,0.02);\">6. Mango Passion: Troopiline, eksootiline puuviljade segu.<\/li>\n<li style=\"background-color: #fff; border: 1px solid #e0e0e0; padding: 15px; border-radius: 6px; box-shadow: 0 2px 4px rgba(0,0,0,0.02);\">7. R\u00f5\u00f5msa veini \u017eelee: Magus, kondiitri melonikommestik.<\/li>\n<li style=\"background-color: #fff; border: 1px solid #e0e0e0; padding: 15px; border-radius: 6px; box-shadow: 0 2px 4px rgba(0,0,0,0.02);\">8. Fast &amp; Furious: Elustav, energiajoogist inspireeritud segu.<\/li>\n<li style=\"background-color: #fff; border: 1px solid #e0e0e0; padding: 15px; border-radius: 6px; box-shadow: 0 2px 4px rgba(0,0,0,0.02);\">9. Big Bang Fruit: plahvatusohtlik segu segatud aia viljadest.<\/li>\n<li style=\"background-color: #fff; border: 1px solid #e0e0e0; padding: 15px; border-radius: 6px; box-shadow: 0 2px 4px rgba(0,0,0,0.02);\">10. Kite Liberator: Kiire, v\u00e4rskendav botaaniline tuul.<\/li>\n<\/ul>\n<h3 style=\"color: #2c3e50; margin-top: 30px; font-size: 22px;\">Regulatiivne vastavus, ohutus ja usaldus<\/h3>\n<p style=\"font-size: 16px; margin-bottom: 20px;\">Tarbijate usaldus \u00fchekordselt kasutatavate aurustite vastu s\u00f5ltub suuresti l\u00e4bipaistvusest materjalide, ohutuskaitsmete ja tootmisvastavuse osas. AIVONO FATMAN sisaldab t\u00e4iustatud akuhalduss\u00fcsteemi (BMS), mis pakub olulisi ohutusmeetmeid. Need sisemised elektroonilised kontrollid h\u00f5lmavad \u00fclelaadimise, \u00fcleandmise ja l\u00fchise kaitset, mis on elut\u00e4htsad iga suure mahutavusega taaslaetava seadme jaoks.<\/p>\n<p style=\"font-size: 16px; margin-bottom: 20px;\">Lisaks j\u00e4rgib seade standardseid CE- ja RoHS-vastavuse etalone, kinnitades, et selle elektroonilised komponendid ja sisemine juhtmestik on vabad ohtlikest raskmetallidest nagu pliiv ja kaadmium. Sisemine liitium-ioon aku vastab UN38.3 testimisstandarditele, mis on rahvusvaheline regulatiivne n\u00f5ue, mis tagab akude ohutuse \u00fclemaailmse transpordi, \u00f5hutranspordi ja keerukate logistikaoperatsioonide ajal. Aktiivsete koostisosade kontsentratsioonide l\u00e4bipaistvus - saadaval 0%, 2%, 3% ja 5% - v\u00f5imaldab tarbijatel ja jaem\u00fc\u00fcjatel valida tooteid, mis vastavad t\u00e4pselt nende piirkondlikele regulatiivsetele n\u00f5uetele ja isiklikule f\u00fcsioloogilisele eelistusele. Kasutajaid soovitatakse tungivalt konsulteerima kohalike juhenditega elektrooniliste aurustite ja nende suletud akude ohutu ringlussev\u00f5tu ja k\u00f5rvaldamise kohta.<\/p>\n<h3 style=\"color: #2c3e50; margin-top: 30px; font-size: 22px;\">Aurustite hulgim\u00fc\u00fcgi tarneahel ja B2B integratsioon<\/h3>\n<p style=\"font-size: 16px; margin-bottom: 20px;\">Ettev\u00f5tete klientidele, jaem\u00fc\u00fcjatele ja rahvusvahelistele levitamispartneritele pakub VapeXYZ optimeeritud hanketeed premium \u00fchekordselt kasutatavate vape-de jaoks. T\u00f6\u00f6tades \u00fcle kaheksa aasta dokumenteeritud t\u00f6\u00f6stuskogemusega, on meie B2B-raamistik loodud maksimaalse t\u00f5hususe, mastaapsuse ja kulut\u00f5hususe tagamiseks. AIVONO FATMAN 15000 Puffs on positsioneeritud kui k\u00f5rge marginaaliga vara iga spetsialiseerunud vape-poe v\u00f5i mugavus-jaem\u00fc\u00fcja jaoks.<\/p>\n<div style=\"background-color: #f0f7fa; border: 1px solid #bce8f1; padding: 20px; border-radius: 6px; margin: 25px 0;\">\n<h4 style=\"margin-top: 0; color: #31708f; font-size: 18px;\">Hulgim\u00fc\u00fcgi eelised VapeXYZ-is<\/h4>\n<ul style=\"margin-bottom: 0; font-size: 15px; color: #333; line-height: 1.7;\">\n<li>K\u00e4ttesaadav skaalumine: Me hoiame v\u00e4ga k\u00e4ttesaadava minimaalse tellimuskoguse (MOQ) vaid 10 t\u00fckki. See madal sisenemist\u00f5ke annab v\u00e4ikestele ja keskmistele ettev\u00f5tetele v\u00f5imaluse mitmekesistada oma inventari ilma suurte kapitalikuludega kohustamata.<\/li>\n<li>Hulgim\u00fc\u00fcgihindade m\u00f5\u00f5dikud: struktureeritud hinnaklassid tagavad, et suuremad hulgim\u00fc\u00fcgid ostud saavad m\u00e4rkimisv\u00e4\u00e4rselt madalama \u00fchikuhinnaga, maksimeerides jaem\u00fc\u00fcgi kasumimarginaale.<\/li>\n<li>Kohandamine (OEM\/ODM): Br\u00e4ndi eristumist otsivatele organisatsioonidele pakume terviklikke originaalseadmete tootja (OEM) ja originaaldisaini tootja (ODM) teenuseid. See h\u00f5lbustab kohandatud pakendamist, patenteeritud br\u00e4ndingu integreerimist ja kohandatud esteetilisi muudatusi.<\/li>\n<li>Kiire \u00fclemaailmne logistika: Kasutades kontrollitud rahvusvaheliste kaubaveo edastajate v\u00f5rk, tagame \u00fchekordselt kasutatavate aurustite kiire, vastavuse ja turvalise kohaletoimetamise mitmekesistele \u00fclemaailmsetele turgudele.<\/li>\n<\/ul>\n<\/div>\n<h3 style=\"color: #2c3e50; margin-top: 30px; font-size: 22px;\">Korduma kippuvad k\u00fcsimused (KKK)<\/h3>\n<div style=\"margin-bottom: 15px; border: 1px solid #e0e0e0; border-radius: 8px; padding: 15px; background-color: #ffffff; box-shadow: 0 2px 4px rgba(0,0,0,0.03);\">\n<h4 style=\"margin-top: 0; margin-bottom: 10px; color: #1a5f7a; font-size: 17px;\">Kui kaua kestab 600mAh aku enne, kui see uuesti laadimist vajab?<\/h4>\n<p style=\"margin: 0; font-size: 15px; color: #555;\">Standardset empiriliste testimistingimuste kohaselt pakub 600mAh aku piisavalt pidevat v\u00f5imsust umbes 1-2 p\u00e4evaks m\u00f5\u00f5duka kuni raske kasutamise korral. Kui aku on t\u00fchi, v\u00f5imaldab Type-C port kiiret laadimist v\u00e4hem kui tunniga, tagades minimaalse seisakuaja, kui t\u00f6\u00f6tate l\u00e4bi ulatusliku 24 mL vedelikumahutavuse.<\/p>\n<\/div>\n<div style=\"margin-bottom: 15px; border: 1px solid #e0e0e0; border-radius: 8px; padding: 15px; background-color: #ffffff; box-shadow: 0 2px 4px rgba(0,0,0,0.03);\">\n<h4 style=\"margin-top: 0; margin-bottom: 10px; color: #1a5f7a; font-size: 17px;\">Kas AIVONO FATMAN \u00fchekordselt kasutatav vape on sobiv hulgim\u00fc\u00fcgi ekspordiks?<\/h4>\n<p style=\"margin: 0; font-size: 15px; color: #555;\">Absoluutselt. Seade on konstrueeritud vastavalt UN38.3 aku sertifitseerimisele ja valmistatud ISO-standarditele vastavates rajatistes, mis vastab rahvusvaheliseks transpordiks n\u00f5utavatele rangetele ohutusstandarditele. Hulgim\u00fc\u00fcjad peaksid kontrollima kohalikke mahupiiranguid, kuna 24 mL maht on spetsiaalselt kohandatud piirkondadele, mis lubavad suure mahuga \u00fchekordselt kasutatavaid veipe.<\/p>\n<\/div>\n<div style=\"margin-bottom: 15px; border: 1px solid #e0e0e0; border-radius: 8px; padding: 15px; background-color: #ffffff; box-shadow: 0 2px 4px rgba(0,0,0,0.03);\">\n<h4 style=\"margin-top: 0; margin-bottom: 10px; color: #1a5f7a; font-size: 17px;\">Miks eelistatakse suure mahutavusega aurustites v\u00f5rguk\u00fclikuid?<\/h4>\n<p style=\"margin: 0; font-size: 15px; color: #555;\">V\u00f5rgutehnoloogia suurendab oluliselt k\u00fctteselemendi pinda, mis on kontaktis imava materjaliga. See takistab lokaliseeritud \u00fclekuumenemist (mis p\u00f5hjustab p\u00f5letatud maitse) ja tagab, et vedeliku aatomiseerimine j\u00e4\u00e4b v\u00e4ga t\u00f5husaks ja \u00fchtlaseks, mis on kriitilise t\u00e4htsusega seadme jaoks, mis peab t\u00f6\u00f6tama t\u00f5rgeteta \u00fcle 15 000 t\u00f5mbe.<\/p>\n<\/div>\n<div style=\"margin-bottom: 15px; border: 1px solid #e0e0e0; border-radius: 8px; padding: 15px; background-color: #ffffff; box-shadow: 0 2px 4px rgba(0,0,0,0.03);\">\n<h4 style=\"margin-top: 0; margin-bottom: 10px; color: #1a5f7a; font-size: 17px;\">Kuidas valida \u00f5iget s\u00f5nastuse tugevust?<\/h4>\n<p style=\"margin: 0; font-size: 15px; color: #555;\">Seade pakub mitmek\u00fclgseid kontsentratsioone. 0% valik pakub puhtalt aromaatset kogemust ilma aktiivsete f\u00fcsioloogiliste \u00fchenditeta. 2% ja 3% variandid on m\u00f5\u00f5dukad, tasakaalustatud valikud, samas kui 5% kontsentratsioon on konstrueeritud kasutajatele, kes vajavad aktiivse formuleeringu maksimumannust. Jaem\u00fc\u00fcjad peaksid varuma erinevaid tugevusi, et rahuldada mitmek\u00fclgseid tarbijaprofiile.<\/p>\n<\/div>\n<p style=\"font-size: 16px; margin-top: 30px; font-weight: bold; text-align: center; color: #2c3e50;\">K\u00fclastage Vapexyz-i t\u00e4na, et saada p\u00f5hjalikud B2B ostulahendused, \u00fcksikasjalikud tootedokumentatsioonid ning k\u00f5ige konkurentsiv\u00f5imelisemad hulgim\u00fc\u00fcgihinnad AIVONO \u00fchekordselt kasutatavatele veipidele.<\/p>\n<\/article>","protected":false},"excerpt":{"rendered":"<p>AIVONO FATMAN 15000 Puffs, mis on saadaval Vapexyz-is, on premium-laadse kvaliteediga taaslaetav \u00fchekordselt kasutatav vape, mis pakub kuni 15 000 t\u00f5mmet, t\u00e4iustatud v\u00f5rguspiraal tehnoloogiat ja mitmesuguseid hoolikalt valmistatud maitseid, muutes selle ideaalseks valikuks nii veipijatele kui ka jaem\u00fc\u00fcjatele, kes otsivad kvaliteeti ja mugavust.<\/p>","protected":false},"featured_media":31397,"comment_status":"open","ping_status":"closed","template":"","meta":{"_lmt_disableupdate":"no","_lmt_disable":""},"product_brand":[],"product_cat":[944,998,1020,935,934,927,929,928,930,933,939,932,938,931,936,937,1017,1021,946,1025,1027,951,1029,1032,1033,953,1037,820,987,1038],"product_tag":[],"class_list":{"0":"post-31341","1":"product","2":"type-product","3":"status-publish","4":"has-post-thumbnail","6":"product_cat-aivono","7":"product_cat-15000-puff-vapes","8":"product_cat-blueberry-flavor-disposable-vapes","9":"product_cat-bulk-buy-disposable-vapes-in-austria","10":"product_cat-bulk-buy-disposable-vapes-in-belgium","11":"product_cat-bulk-buy-disposable-vapes-in-europe","12":"product_cat-bulk-buy-disposable-vapes-in-france","13":"product_cat-bulk-buy-disposable-vapes-in-germany","14":"product_cat-bulk-buy-disposable-vapes-in-italy","15":"product_cat-bulk-buy-disposable-vapes-in-netherlands","16":"product_cat-bulk-buy-disposable-vapes-in-norway","17":"product_cat-bulk-buy-disposable-vapes-in-poland","18":"product_cat-bulk-buy-disposable-vapes-in-portugal","19":"product_cat-bulk-buy-disposable-vapes-in-spain","20":"product_cat-bulk-buy-disposable-vapes-in-sweden","21":"product_cat-bulk-buy-disposable-vapes-in-switzerland","22":"product_cat-buy-best-disposable-vape-flavors","23":"product_cat-cherry-flavor-disposable-vapes","24":"product_cat-disposable-vapes-series","25":"product_cat-ice-flavor-disposable-vapes","26":"product_cat-lemon-flavor-disposable-vapes","27":"product_cat-lower-nicotine-vapes","28":"product_cat-mango-flavor-disposable-vapes","29":"product_cat-passion-fruit-flavor-disposable-vapes","30":"product_cat-peach-flavor-disposable-vapes","31":"product_cat-rechargeable-vapes","32":"product_cat-strawberry-flavor-disposable-vapes","33":"product_cat-vape","34":"product_cat-vape-shop-by-puffs","35":"product_cat-watermelon-flavor-disposable-vapes","37":"first","38":"outofstock","39":"shipping-taxable","40":"purchasable","41":"product-type-variable","42":"has-default-attributes"},"jetpack_sharing_enabled":true,"tiered_pricing_type":"fixed","tiered_pricing_fixed_rules":[],"tiered_pricing_product_settings":{"layout":"default","base_unit_name":{"singular":null,"plural":null},"default_variation":null},"tiered_pricing_minimum_quantity":null,"tiered_pricing_roles_data":[],"tiered_pricing_percentage_rules":[],"tiered_pricing_maximum_quantity":null,"tiered_pricing_quantity_step":null,"_links":{"self":[{"href":"https:\/\/vapexyz.com\/et\/wp-json\/wp\/v2\/product\/31341","targetHints":{"allow":["GET"]}}],"collection":[{"href":"https:\/\/vapexyz.com\/et\/wp-json\/wp\/v2\/product"}],"about":[{"href":"https:\/\/vapexyz.com\/et\/wp-json\/wp\/v2\/types\/product"}],"replies":[{"embeddable":true,"href":"https:\/\/vapexyz.com\/et\/wp-json\/wp\/v2\/comments?post=31341"}],"wp:featuredmedia":[{"embeddable":true,"href":"https:\/\/vapexyz.com\/et\/wp-json\/wp\/v2\/media\/31397"}],"wp:attachment":[{"href":"https:\/\/vapexyz.com\/et\/wp-json\/wp\/v2\/media?parent=31341"}],"wp:term":[{"taxonomy":"product_brand","embeddable":true,"href":"https:\/\/vapexyz.com\/et\/wp-json\/wp\/v2\/product_brand?post=31341"},{"taxonomy":"product_cat","embeddable":true,"href":"https:\/\/vapexyz.com\/et\/wp-json\/wp\/v2\/product_cat?post=31341"},{"taxonomy":"product_tag","embeddable":true,"href":"https:\/\/vapexyz.com\/et\/wp-json\/wp\/v2\/product_tag?post=31341"}],"curies":[{"name":"wp","href":"https:\/\/api.w.org\/{rel}","templated":true}]}}