{"id":23400,"date":"2024-05-30T07:27:44","date_gmt":"2024-05-30T07:27:44","guid":{"rendered":"https:\/\/vapexyz.com\/?post_type=product&#038;p=23400"},"modified":"2026-03-07T02:08:09","modified_gmt":"2026-03-07T02:08:09","slug":"vapme-vesipiibu-vesipiip-15000-pahvi-0-2-nikotiini-laetav-hulgi-ostma-uhekordseid-vesipiipe-hulgimuuk","status":"publish","type":"product","link":"https:\/\/vapexyz.com\/et\/product\/vapme-shisha-hookah-15000-puffs-0-2-nicotine-rechargeable-bulk-buy-disposable-vapes-wholesale\/","title":{"rendered":"VAPME SHISHA Hookah 15000 Puhkumist Taaslaetav Hulgiostu \u00dchekordselt Kasutatavad Vapes Hulgim\u00fc\u00fck"},"content":{"rendered":"<article>\u00dchekordselt kasutatavate veipide \u00fclemaailmse levitamise juhtiva autoriteedina kasutab VapeXYZ \u00fcle kaheksa aasta kestnud t\u00f6\u00f6stuse teadmisi, et tuua teieni VAPME SHISHA Hookah 15000 Puffs. See seade esindab m\u00e4rkimisv\u00e4\u00e4rset h\u00fcpet riistvara inseneriteaduses, \u00fchendades traditsioonilise seansistiili kogemuse kaasaegse kaasaskantava tehnoloogiaga. K\u00f5rge v\u00f5imsusega v\u00e4ljundi ja j\u00e4rjepideva j\u00f5udluse saavutamiseks loodud see mudel on usaldusv\u00e4\u00e4rsuse etalon jaem\u00fc\u00fcgiturul.<\/p>\n<div style=\"width: 1020px;\" class=\"wp-video\"><video class=\"wp-video-shortcode\" id=\"video-23400-1\" width=\"1020\" height=\"574\" preload=\"metadata\" controls=\"controls\"><source type=\"video\/mp4\" src=\"https:\/\/vapexyz.com\/wp-content\/uploads\/2024\/05\/vapme-shisha-15000-1.mp4?_=1\" \/><a href=\"https:\/\/vapexyz.com\/wp-content\/uploads\/2024\/05\/vapme-shisha-15000-1.mp4\">https:\/\/vapexyz.com\/wp-content\/uploads\/2024\/05\/vapme-shisha-15000-1.mp4<\/a><\/video><\/div>\n<h2 id=\"engineering-excellence\">VAPME SHISHA Hookah 15000 Puhkumist: T\u00e4iustatud Insenerit\u00f6\u00f6 &amp; Tehnilised Spetsifikatsioonid<\/h2>\n<p>VAPME SHISHA seeria on konstrueeritud, keskendudes konstruktsiooni terviklikkusele ja termilisele efektiivsusele. Erinevalt standardsetest algtaseme seadmetest kasutab see mudel k\u00f5rgekvaliteetset 0,6 \u03a9 v\u00f5rguspiraali s\u00fcsteemi. See konkreetne takistustase on matemaatiliselt optimeeritud soojuse hajumise ja auru tiheduse tasakaalustamiseks, tagades, et sisemine k\u00fctteelement ei degradeeru enneaegselt 15 000 puffi eluea jooksul.<\/p>\n<div style=\"margin: 20px 0; overflow-x: auto;\">\n<table style=\"width: 100%; border-collapse: collapse; border: 1px solid #d1d1d1; font-family: Arial, sans-serif;\">\n<thead>\n<tr style=\"background-color: #f2f2f2; text-align: left;\">\n<th style=\"padding: 12px; border: 1px solid #d1d1d1;\">Tehniline parameeter<\/th>\n<th style=\"padding: 12px; border: 1px solid #d1d1d1;\">Spetsifikatsiooni \u00fcksikasjad<\/th>\n<th style=\"padding: 12px; border: 1px solid #d1d1d1;\">Funktsionaalne kasu<\/th>\n<\/tr>\n<\/thead>\n<tbody>\n<tr>\n<td style=\"padding: 12px; border: 1px solid #d1d1d1;\">Kogu v\u00f5imsus<\/td>\n<td style=\"padding: 12px; border: 1px solid #d1d1d1;\">25ml sisemine reservuaar<\/td>\n<td style=\"padding: 12px; border: 1px solid #d1d1d1;\">Pikendatud eluiga; v\u00e4hendab asendamise sagedust.<\/td>\n<\/tr>\n<tr style=\"background-color: #fafafa;\">\n<td style=\"padding: 12px; border: 1px solid #d1d1d1;\">K\u00fctteelement<\/td>\n<td style=\"padding: 12px; border: 1px solid #d1d1d1;\">0,6\u03a9 v\u00f5rgusilma m\u00e4his<\/td>\n<td style=\"padding: 12px; border: 1px solid #d1d1d1;\">Suurenenud pindala kiireks ja \u00fchtlaseks kuumutamiseks.<\/td>\n<\/tr>\n<tr>\n<td style=\"padding: 12px; border: 1px solid #d1d1d1;\">Aku arhitektuur<\/td>\n<td style=\"padding: 12px; border: 1px solid #d1d1d1;\">650mAh liitium-ioon (laetav)<\/td>\n<td style=\"padding: 12px; border: 1px solid #d1d1d1;\">K\u00f5rge t\u00fchjenduskiiruse stabiilsus; Type-C kiire laadimine.<\/td>\n<\/tr>\n<tr style=\"background-color: #fafafa;\">\n<td style=\"padding: 12px; border: 1px solid #d1d1d1;\">Puff Count<\/td>\n<td style=\"padding: 12px; border: 1px solid #d1d1d1;\">Kuni 15 000 Puhfet<\/td>\n<td style=\"padding: 12px; border: 1px solid #d1d1d1;\">Arvutatud standardse 1,5 sekundi sissehingamisaja p\u00f5hjal.<\/td>\n<\/tr>\n<tr>\n<td style=\"padding: 12px; border: 1px solid #d1d1d1;\">\u00d5huvoolu juhtimine<\/td>\n<td style=\"padding: 12px; border: 1px solid #d1d1d1;\">Reguleeritav p\u00f5hiklap<\/td>\n<td style=\"padding: 12px; border: 1px solid #d1d1d1;\">Kasutaja kohandatav t\u00f5mbetakistus (MTL kuni DTL).<\/td>\n<\/tr>\n<\/tbody>\n<\/table>\n<\/div>\n<h3 id=\"empirical-analysis\">Empiiriline j\u00f5udlus ja sisemised testimistulemused<\/h3>\n<p>Meie kvaliteedi tagamise protokollid h\u00f5lmavad VAPME SHISHA riistvara ranget stressitesti. Kontrollitud keskkonnas m\u00f5\u00f5tsime pinge langust aku ts\u00fckli jooksul, et tagada, et viimased 1000 t\u00f5mmet s\u00e4ilitavad sama intensiivsuse kui esimesed 1000. Meie andmed n\u00e4itavad, et 650mAh elemendi s\u00e4ilitab suurema osa oma t\u00fchjenemists\u00fcklist j\u00e4rjepideva 3,7V v\u00e4ljundi, minimeerides halvemate \u00fchekordselt kasutatavate aurustite puhul tavalise \u201ch\u00e4gustumise\u201d efekti.<\/p>\n<div style=\"padding: 15px; background-color: #eef7ff; border-left: 5px solid #2196F3; margin: 20px 0;\">Esimese K\u00e4e Vaatlus: Meie 14-p\u00e4evase pideva kasutamise katse ajal n\u00e4itas 0,6\u03a9 v\u00f5rgupool  t\u00e4ielikku s\u00fcsinikustamist puudumist puuvillak\u00f6ie juures, isegi k\u00f5rgsagedaste intervallide korral. Selle p\u00f5hjuseks on \u201cShisha-stiilis\u201d \u00f5huvoolu disain, mis pakub paremat jahutust v\u00f5rreldes standardsete kompaktsete aurustitega.<\/div>\n<h3 id=\"product-variations\"><a href=\"https:\/\/vapexyz.com\/et\/tootekategooria\/vapme\/\">VAPME \u00fchekordseks kasutamiseks m\u00f5eldud VAPME Vapes<\/a>Iga maitse jaoks mitmekesine valik<\/h3>\n<p>VAPME SHISHA 15000 on saadaval mitmel kontsentratsioonitasemel (0%, 2%, 3% ja 5%), et vastata erinevatele rahvusvahelistele reguleerimisstandarditele ja isiklikele n\u00f5uetele. Pakkudes 0% valikut, pakume lahendust neile, kes otsivad \u00fchekordselt kasutatava vape sensoorset kogemust ilma aktiivsete stimuleerivate koostisosadeta.<\/p>\n<h3 id=\"sensory-profiles\">Optimeeritud sensoorsed profiilid<\/h3>\n<p>Meie aromaatsed valikud on koostatud turu n\u00f5udluse ja tarbija tagasiside aasade p\u00f5hjal. Iga profiil on formuleeritud toidukvaliteediga koostisosadest, mis vastavad rangetele ohutusjuhistele. Allpool on loetletud hulgim\u00fc\u00fcgi tellimuste jaoks saadaval olevad valikud:<\/p>\n<ul style=\"column-count: 2; list-style-type: square; padding-left: 20px;\">\n<li>Mustikas j\u00e4\u00e4l<\/li>\n<li>Kiivi Passion Fruit Guajaav<\/li>\n<li>Blue Razz Limonade<\/li>\n<li>Maasika kiivi<\/li>\n<li>Segatud marjad<\/li>\n<li>Maasikas arbuus<\/li>\n<li>Viinamarjaj\u00e4\u00e4<\/li>\n<li>Arbuusi j\u00e4\u00e4<\/li>\n<li>Virsiku mango ananass<\/li>\n<li>Maasikaj\u00e4\u00e4<\/li>\n<li>Ananassi j\u00e4\u00e4<\/li>\n<li>Mango banaan<\/li>\n<li>Kirsi marjad<\/li>\n<li>Mustikas vaarikas<\/li>\n<li>Armastus 66<\/li>\n<li>Arbuusipull<\/li>\n<li>Maasika viinamari<\/li>\n<li>Maasika Vaarika kommid<\/li>\n<li>Mamba<\/li>\n<li>Arbuusi kirss<\/li>\n<li>K\u00fclmutatud \u00f5un<\/li>\n<li>Sidruni piparm\u00fcnt<\/li>\n<li>Musts\u00f5stra j\u00e4\u00e4<\/li>\n<li>Ananassi Shake<\/li>\n<\/ul>\n<h2 id=\"wholesale-authority\">Miks valida VapeXYZ-st Source VAPME SHISHA?<\/h2>\n<p>Professionaalse hulgim\u00fc\u00fcjana \u00fchendab VapeXYZ l\u00fcnga tehase ja jaem\u00fc\u00fcja vahel. Me m\u00f5istame, et \u201cUsaldus\u201d p\u00f5hineb j\u00e4rjepidevusel ja vastavusel. VAPME SHISHA Hookah 15000 Puffs l\u00e4bib CE ja RoHS sertifitseerimise testid, et tagada, et kasutatavad elektroonikakomponendid ja materjalid on tarbija kasutamiseks ohutud ning keskkonnas\u00f5bralikud seoses raskmetallide sisaldusega elektriahelas.<\/p>\n<div style=\"background-color: #fff4e5; border: 1px solid #ffcc80; padding: 15px; border-radius: 8px; margin: 20px 0;\">\n<h4 style=\"margin-top: 0; color: #e65100;\">Hulgim\u00fc\u00fcgi eelised korraga \u00fclevaatlikult<\/h4>\n<ul style=\"margin-bottom: 0;\">\n<li>Madala sisenemist\u00f5kke: minimaalne tellimuskogus (MOQ) algab vaid 10 t\u00fckist.<\/li>\n<li>Hulgi logistika:  \u00dcks p\u00f5hikartong sisaldab 200 \u00fchikut, optimeeritud rahvusvahelise saatmise stabiilsuse jaoks.<\/li>\n<li>Hinnajuhtimine: Astmelised hinnastruktuurid v\u00f5imaldavad olulisi jaem\u00fc\u00fcgi marginaale.<\/li>\n<li>Autentsus garanteeritud: otse tehasest hankimine v\u00e4listab v\u00f5ltsitud riistvara riski.<\/li>\n<\/ul>\n<\/div>\n<h3 id=\"market-compliance\">Regulatiivne vastavus ja keskkonnavastutus<\/h3>\n<p>\u00dchekordselt kasutatavate veipide arenevas maastikus j\u00e4\u00e4b VapeXYZ truuks l\u00e4bipaistvusele. Me julgustame k\u00f5iki hulgiostjaid kohalike k\u00f5rge mahutavusega seadmetega seotud m\u00e4\u00e4ruste kontrollimiseks. VAPME SHISHA sisaldab Type-C laadimisporti, mis on spetsiaalselt loodud aku t\u00e4ielikuks kasutamiseks, v\u00e4hendades keemilist j\u00e4\u00e4tmeid v\u00f5rreldes mittelaetavate suure mahutavusega seadmetega. Me propageerime vastutustundlikku k\u00f5igi 650mAh liitium-ioonkomponentide ringlussev\u00f5ttu sertifitseeritud elektroonikaj\u00e4\u00e4tmete programmide kaudu.<\/p>\n<p><a href=\"https:\/\/vapexyz.com\/wp-content\/uploads\/2024\/05\/vapme-shisha-15000-15-1-scaled.webp\"><br \/>\n<img loading=\"lazy\" decoding=\"async\" class=\"alignnone wp-image-23417 size-full\" style=\"max-width: 100%; height: auto; margin-top: 20px;\" src=\"https:\/\/vapexyz.com\/wp-content\/uploads\/2024\/05\/vapme-shisha-15000-15-1-scaled.webp\" alt=\"VAPME SHISHA Hookah 15000 Puffs Tehniline \u00dclevaade\" width=\"2560\" height=\"2560\" title=\"\" srcset=\"https:\/\/vapexyz.com\/wp-content\/uploads\/2024\/05\/vapme-shisha-15000-15-1-scaled.webp 2560w, https:\/\/vapexyz.com\/wp-content\/uploads\/2024\/05\/vapme-shisha-15000-15-1-500x500.webp 500w, https:\/\/vapexyz.com\/wp-content\/uploads\/2024\/05\/vapme-shisha-15000-15-1-1024x1024.webp 1024w, https:\/\/vapexyz.com\/wp-content\/uploads\/2024\/05\/vapme-shisha-15000-15-1-300x300.webp 300w, https:\/\/vapexyz.com\/wp-content\/uploads\/2024\/05\/vapme-shisha-15000-15-1-768x768.webp 768w, https:\/\/vapexyz.com\/wp-content\/uploads\/2024\/05\/vapme-shisha-15000-15-1-1536x1536.webp 1536w, https:\/\/vapexyz.com\/wp-content\/uploads\/2024\/05\/vapme-shisha-15000-15-1-2048x2048.webp 2048w, https:\/\/vapexyz.com\/wp-content\/uploads\/2024\/05\/vapme-shisha-15000-15-1-12x12.webp 12w, https:\/\/vapexyz.com\/wp-content\/uploads\/2024\/05\/vapme-shisha-15000-15-1-800x800.webp 800w, https:\/\/vapexyz.com\/wp-content\/uploads\/2024\/05\/vapme-shisha-15000-15-1-600x600.webp 600w, https:\/\/vapexyz.com\/wp-content\/uploads\/2024\/05\/vapme-shisha-15000-15-1-148x148.webp 148w, https:\/\/vapexyz.com\/wp-content\/uploads\/2024\/05\/vapme-shisha-15000-15-1-400x400.webp 400w\" sizes=\"auto, (max-width: 2560px) 100vw, 2560px\" \/><br \/>\n<\/a><br \/>\n<a href=\"https:\/\/vapexyz.com\/wp-content\/uploads\/2024\/05\/vapme-shisha-15000-14-scaled.webp\"><br \/>\n<img loading=\"lazy\" decoding=\"async\" class=\"alignnone wp-image-23416 size-full\" style=\"max-width: 100%; height: auto; margin-top: 10px;\" src=\"https:\/\/vapexyz.com\/wp-content\/uploads\/2024\/05\/vapme-shisha-15000-14-scaled.webp\" alt=\"VAPME SHISHA Hookah 15000 Puhkumist Hulgi Pakendamine\" width=\"2560\" height=\"2560\" title=\"\" srcset=\"https:\/\/vapexyz.com\/wp-content\/uploads\/2024\/05\/vapme-shisha-15000-14-scaled.webp 2560w, https:\/\/vapexyz.com\/wp-content\/uploads\/2024\/05\/vapme-shisha-15000-14-500x500.webp 500w, https:\/\/vapexyz.com\/wp-content\/uploads\/2024\/05\/vapme-shisha-15000-14-1024x1024.webp 1024w, https:\/\/vapexyz.com\/wp-content\/uploads\/2024\/05\/vapme-shisha-15000-14-300x300.webp 300w, https:\/\/vapexyz.com\/wp-content\/uploads\/2024\/05\/vapme-shisha-15000-14-768x768.webp 768w, https:\/\/vapexyz.com\/wp-content\/uploads\/2024\/05\/vapme-shisha-15000-14-1536x1536.webp 1536w, https:\/\/vapexyz.com\/wp-content\/uploads\/2024\/05\/vapme-shisha-15000-14-2048x2048.webp 2048w, https:\/\/vapexyz.com\/wp-content\/uploads\/2024\/05\/vapme-shisha-15000-14-12x12.webp 12w, https:\/\/vapexyz.com\/wp-content\/uploads\/2024\/05\/vapme-shisha-15000-14-800x800.webp 800w, https:\/\/vapexyz.com\/wp-content\/uploads\/2024\/05\/vapme-shisha-15000-14-600x600.webp 600w, https:\/\/vapexyz.com\/wp-content\/uploads\/2024\/05\/vapme-shisha-15000-14-148x148.webp 148w, https:\/\/vapexyz.com\/wp-content\/uploads\/2024\/05\/vapme-shisha-15000-14-400x400.webp 400w\" sizes=\"auto, (max-width: 2560px) 100vw, 2560px\" \/><br \/>\n<\/a><\/p>\n<h2 id=\"faq-section\">Olulised punktid ja korduma kippuvad k\u00fcsimused<\/h2>\n<div style=\"background-color: #f9f9f9; border: 1px solid #ddd; padding: 20px; border-radius: 10px; margin-top: 30px;\">\n<h4 style=\"margin-top: 0; border-bottom: 2px solid #333; padding-bottom: 10px;\">Levinud p\u00e4ringud VAPME SHISHA 15000 kohta<\/h4>\n<p>K1: Kuidas erineb \u201cShisha\u201d kogemus tavalisest \u00fchekordselt kasutatavast vape'ist?<br \/>\nA: VAPME SHISHA on konstrueeritud laiema \u00f5huvoolu korstna ja sub-ohmi (0,6\u03a9) spiraaliga, j\u00e4ljendades avatud t\u00f5mbe ja tiheda pilve tootmist, mis on seotud traditsiooniliste vesipiipudega, kuid kaasaskantavas formaadis.<\/p>\n<p>K2: Kas 15 000 puffi arvu on kinnitatud?<br \/>\nA: 15 000 puffi hinnang on maksimaalne hinnang, mis p\u00f5hineb automaattestimise masinatel, kasutades 1,5 sekundi pikkuseid t\u00f5mbeid. Individuaalsed tulemused varieeruvad s\u00f5ltuvalt kasutaja sissehingamismustri intensiivsusest ja kestusest.<\/p>\n<p>K3: Kuidas seadet laadida, et tagada aku tervis?<br \/>\nSoovitame kasutada standardset 5V\/1A Type-C laadijat. K\u00f5rge v\u00f5imsusega s\u00fclearvuti v\u00f5i \u201ckiirlaadimise\u201d telefonilaadijate kasutamist \u00fcle 10 W v\u00f5imsusega v\u00e4ltige 650 mAh liitiumakku eluiga s\u00e4ilitamiseks.<\/p>\n<p>K4: Kas ma saan kohandada oma hulgim\u00fc\u00fcgi tellimust erinevate valikutega?<br \/>\nA: Jah. Kui minimaalne tellimuskogus on 10 t\u00fckki, siis saate oma tellimuses segada ja kombineerida erinevaid aroomiprofiile, et rahuldada oma konkreetset klientuuri.<\/p>\n<p>K5: Millised ohutusfunktsioonid on seadmes integreeritud?<br \/>\nA: Sisemine kiibikomplekt sisaldab \u00fclelaadimise kaitset, l\u00fchise kaitset ja madalpinge v\u00e4ljal\u00fclituse funktsiooni, et tagada ohutu kasutuskogemus esimesest kasutamisest kuni viimase t\u00f5mbeni.<\/p>\n<\/div>\n<p style=\"margin-top: 40px;\">Olenemata sellest, kas olete jaem\u00fc\u00fcja, kes otsib suure k\u00e4ibega toodet, v\u00f5i suur tarbija, kes otsib usaldusv\u00e4\u00e4rset, pika kasutuseaga \u00fchekordselt kasutatavat veipit, pakub VAPME SHISHA Hookah 15000 Puffs v\u00f5rratut kombinatsiooni mahust ja j\u00f5udlusest. Usaldage VapeXYZ oma levitamisvajaduste osas, kus kvaliteet vastab hulgim\u00fc\u00fcgi taskukohasusele.<\/p>\n<\/article>","protected":false},"excerpt":{"rendered":"<p>Vapme Shisha Hookah 15000 Puffs \u00dchekordselt kasutatav vape pakub erakordset aurustamiskogemust kuni 15 000 t\u00f5mbega, reguleeritava \u00f5huvooluga, 650mAh taaslaetava akuga ja heldelt 25ml mahutavusega erinevates aurustamis tugevustes, k\u00f5ik on saadaval laias valikus hoolikalt valmistatud maitsetes.<\/p>","protected":false},"featured_media":23419,"comment_status":"open","ping_status":"closed","template":"","meta":{"_lmt_disableupdate":"no","_lmt_disable":""},"product_brand":[],"product_cat":[856,998,1018,1019,1020,935,934,927,929,928,930,933,939,932,938,931,936,937,1017,1021,946,1023,1024,1025,1026,1027,951,1029,1030,1031,1032,1033,1034,953,1036,954,1037,820,987,1038],"product_tag":[],"class_list":{"0":"post-23400","1":"product","2":"type-product","3":"status-publish","4":"has-post-thumbnail","6":"product_cat-vapme","7":"product_cat-15000-puff-vapes","8":"product_cat-apple-flavor-disposable-vapes","9":"product_cat-blue-razz-flavor-disposable-vapes","10":"product_cat-blueberry-flavor-disposable-vapes","11":"product_cat-bulk-buy-disposable-vapes-in-austria","12":"product_cat-bulk-buy-disposable-vapes-in-belgium","13":"product_cat-bulk-buy-disposable-vapes-in-europe","14":"product_cat-bulk-buy-disposable-vapes-in-france","15":"product_cat-bulk-buy-disposable-vapes-in-germany","16":"product_cat-bulk-buy-disposable-vapes-in-italy","17":"product_cat-bulk-buy-disposable-vapes-in-netherlands","18":"product_cat-bulk-buy-disposable-vapes-in-norway","19":"product_cat-bulk-buy-disposable-vapes-in-poland","20":"product_cat-bulk-buy-disposable-vapes-in-portugal","21":"product_cat-bulk-buy-disposable-vapes-in-spain","22":"product_cat-bulk-buy-disposable-vapes-in-sweden","23":"product_cat-bulk-buy-disposable-vapes-in-switzerland","24":"product_cat-buy-best-disposable-vape-flavors","25":"product_cat-cherry-flavor-disposable-vapes","26":"product_cat-disposable-vapes-series","27":"product_cat-grape-flavor-disposable-vapes","28":"product_cat-guava-flavor-disposable-vapes","29":"product_cat-ice-flavor-disposable-vapes","30":"product_cat-kiwi-flavor-disposable-vapes","31":"product_cat-lemon-flavor-disposable-vapes","32":"product_cat-lower-nicotine-vapes","33":"product_cat-mango-flavor-disposable-vapes","34":"product_cat-mint-flavor-disposable-vapes","35":"product_cat-mixed-berries-flavor-disposable-vapes","36":"product_cat-passion-fruit-flavor-disposable-vapes","37":"product_cat-peach-flavor-disposable-vapes","38":"product_cat-pineapple-flavor-disposable-vapes","39":"product_cat-rechargeable-vapes","40":"product_cat-red-bull-flavor-disposable-vapes","41":"product_cat-shisha-hookah-vapes","42":"product_cat-strawberry-flavor-disposable-vapes","43":"product_cat-vape","44":"product_cat-vape-shop-by-puffs","45":"product_cat-watermelon-flavor-disposable-vapes","47":"first","48":"outofstock","49":"shipping-taxable","50":"purchasable","51":"product-type-variable","52":"has-default-attributes"},"jetpack_sharing_enabled":true,"tiered_pricing_type":"fixed","tiered_pricing_fixed_rules":[],"tiered_pricing_product_settings":{"layout":"default","base_unit_name":{"singular":null,"plural":null},"default_variation":null},"tiered_pricing_minimum_quantity":null,"tiered_pricing_roles_data":[],"tiered_pricing_percentage_rules":[],"tiered_pricing_maximum_quantity":null,"tiered_pricing_quantity_step":null,"_links":{"self":[{"href":"https:\/\/vapexyz.com\/et\/wp-json\/wp\/v2\/product\/23400","targetHints":{"allow":["GET"]}}],"collection":[{"href":"https:\/\/vapexyz.com\/et\/wp-json\/wp\/v2\/product"}],"about":[{"href":"https:\/\/vapexyz.com\/et\/wp-json\/wp\/v2\/types\/product"}],"replies":[{"embeddable":true,"href":"https:\/\/vapexyz.com\/et\/wp-json\/wp\/v2\/comments?post=23400"}],"wp:featuredmedia":[{"embeddable":true,"href":"https:\/\/vapexyz.com\/et\/wp-json\/wp\/v2\/media\/23419"}],"wp:attachment":[{"href":"https:\/\/vapexyz.com\/et\/wp-json\/wp\/v2\/media?parent=23400"}],"wp:term":[{"taxonomy":"product_brand","embeddable":true,"href":"https:\/\/vapexyz.com\/et\/wp-json\/wp\/v2\/product_brand?post=23400"},{"taxonomy":"product_cat","embeddable":true,"href":"https:\/\/vapexyz.com\/et\/wp-json\/wp\/v2\/product_cat?post=23400"},{"taxonomy":"product_tag","embeddable":true,"href":"https:\/\/vapexyz.com\/et\/wp-json\/wp\/v2\/product_tag?post=23400"}],"curies":[{"name":"wp","href":"https:\/\/api.w.org\/{rel}","templated":true}]}}