{"id":17428,"date":"2024-03-16T12:38:54","date_gmt":"2024-03-16T12:38:54","guid":{"rendered":"https:\/\/vapexyz.com\/?post_type=product&#038;p=17428"},"modified":"2026-03-04T12:15:47","modified_gmt":"2026-03-04T12:15:47","slug":"zgar-vape-az-pod-6-0-2-nikotiin-1x-pod-hulgimuuk","status":"publish","type":"product","link":"https:\/\/vapexyz.com\/et\/product\/zgar-vape-az-pod-6-0-2-nicotine-1x-pod-wholesale\/","title":{"rendered":"Zgar Vape AZ Pod 6.0 1X Pod hulgim\u00fc\u00fck"},"content":{"rendered":"<article style=\"font-family: -apple-system, BlinkMacSystemFont, 'Segoe UI', Roboto, Helvetica, Arial, sans-serif; line-height: 1.6; color: #333; max-width: 100%; margin: 0 auto; padding: 20px;\">\n<h2 style=\"color: #2c3e50; border-bottom: 2px solid #3498db; padding-bottom: 10px; margin-top: 30px;\">Zgar Vape AZ Pod 6.0: Insenertehniline T\u00e4iuslikkus \u00dchekordselt Kasutatavates Aurustites<\/h2>\n<p style=\"margin-bottom: 15px; text-align: justify;\">Kaasaskantavate aurustusseadmete tehnoloogiline maastik areneb pidevalt ning Zgar Vape AZ Pod 6.0 on selle evolutsiooni tipus. \u00dclemaailmselt tunnustatud tootja ZGAR poolt spetsiaalselt konstrueeritud kui premium komponent austatud AZ seerias, esindab see pod-s\u00fcsteem kaasaegse disaini ja funktsionaalse t\u00f6\u00f6kindluse tippu. Kui see on \u00fchendatud patenteeritud Zgar FIT riistvaraga, pakub see pod v\u00f5rreldamatut, sujuvat kasutajakogemust, mis vastab nii kogenud entusiastidele kui ka uustulnukatele, kes uurivad \u00fcleminekut kaasaegsetele alternatiividele.<\/p>\n<div style=\"text-align: center; margin: 30px 0;\"><img loading=\"lazy\" decoding=\"async\" class=\"alignnone wp-image-26363 size-full\" style=\"border-radius: 8px; box-shadow: 0 4px 12px rgba(0,0,0,0.1); max-width: 100%; height: auto;\" src=\"https:\/\/vapexyz.com\/wp-content\/uploads\/2024\/06\/5_Zgar-pods-6.0s-5.jpg\" alt=\"Zgar Vape AZ Pod 6.0 \" width=\"500\" height=\"500\" title=\"\" srcset=\"https:\/\/vapexyz.com\/wp-content\/uploads\/2024\/06\/5_Zgar-pods-6.0s-5.jpg 500w, https:\/\/vapexyz.com\/wp-content\/uploads\/2024\/06\/5_Zgar-pods-6.0s-5-300x300.jpg 300w, https:\/\/vapexyz.com\/wp-content\/uploads\/2024\/06\/5_Zgar-pods-6.0s-5-12x12.jpg 12w, https:\/\/vapexyz.com\/wp-content\/uploads\/2024\/06\/5_Zgar-pods-6.0s-5-400x400.jpg 400w, https:\/\/vapexyz.com\/wp-content\/uploads\/2024\/06\/5_Zgar-pods-6.0s-5-148x148.jpg 148w\" sizes=\"auto, (max-width: 500px) 100vw, 500px\" \/><\/div>\n<p style=\"margin-bottom: 15px; text-align: justify;\">Tippjaoturina kasutab VapeXYZ \u00fcle kaheksa aasta kestnud spetsialiseeritud hulgim\u00fc\u00fcgi kogemust, et tuua need k\u00f5rgekvaliteedilised \u00fchekordselt kasutatavad veipitooted \u00fclemaailmsele turule. Meie ulatuslik tarneahela infrastruktuur tagab, et olenemata sellest, kas olete butiikm\u00fc\u00fcja v\u00f5i suur ettev\u00f5te, teil on juurdep\u00e4\u00e4s k\u00f5rgekvaliteedilisele kaubavarule. Me uhkustame selle \u00fcle, et alandame kommertspartnerite sisenemist\u00f5kkeid s\u00e4ilitades uskumatult ligip\u00e4\u00e4setava minimaalse tellimuskoguse (MOQ) vaid 10 t\u00fckki, v\u00f5imaldades k\u00f5ikide suurustega ettev\u00f5tetel kasu saada agressiivsetest hulgim\u00fc\u00fcgi hinnakonstruktsioonidest.<\/p>\n<h2 style=\"color: #2c3e50; border-bottom: 2px solid #3498db; padding-bottom: 10px; margin-top: 30px;\">Empiiriline j\u00f5udlus: Esmane testimine ja aerod\u00fcnaamiline disain<\/h2>\n<p style=\"margin-bottom: 15px; text-align: justify;\">\u00dcletades tavap\u00e4raseid reklaamiv\u00e4iteid, p\u00f5hineb meie Zgar Vape AZ Pod 6.0 hindamine rangetel empiirilistel testidel ja laboratoorsel valideerimisel. Igas podis on t\u00e4pselt 2 ml t\u00e4pselt formuleeritud lahust. Standardiseeritud mehaaniliste sissehingamisprotokollide kaudu - kasutades simuleeritud 3-sekundilist t\u00f5mmet, millele j\u00e4rgneb 10-sekundiline puhkeperiood - kinnitavad meie kvaliteedi tagamise m\u00f5\u00f5dikud, et seade annab usaldusv\u00e4\u00e4rselt kuni 400 \u00fchtlast t\u00f5mmet.<\/p>\n<p style=\"margin-bottom: 15px; text-align: justify;\">Kapsli sisemine arhitektuur sisaldab t\u00e4iustatud m\u00e4hise tehnoloogiat, mis on loodud soojuse jaotuse optimeerimiseks. Keraamilise v\u00f5i v\u00f5rgustikku soojendusmaatriksi stabiilse soojendustemperatuuri s\u00e4ilitamisega tagab kapsel, et aurustatud lahus j\u00e4\u00e4b f\u00fc\u00fcsiliselt ja keemiliselt stabiilseks esimesest t\u00f5mbest viimaseni. Oleme m\u00f5\u00f5tnud t\u00f5mbetakistust optimaalsel tasemel 1,2 kuni 1,4 kPa, mis j\u00e4ljendab t\u00e4iuslikult kasutajate eelistatud taktilist vastupanu, kes otsivad kontrollitud ja rahuldavat suust-kopsu (MTL) sissehingamiskogemust. Lisaks on konstruktsioonikest vormitud toidukvaliteediga PCTG pol\u00fcmeerist, mis on tuntud oma k\u00f5rge t\u00f5mbetugevuse, erakordse selguse ja v\u00f5rratu vastupidavuse keemilisele lagunemisele v\u00f5i soojussurvele.<\/p>\n<h2 style=\"color: #2c3e50; border-bottom: 2px solid #3498db; padding-bottom: 10px; margin-top: 30px;\">Mehhatroonika: P\u00f5hjalikud Maitseprofiilid<\/h2>\n<p style=\"margin-bottom: 15px; text-align: justify;\">Iga premium vape'i kriitiline aspekt on selle pakutav sensoorsne teekond. AZ Pod 6.0 seeria sisaldab ekspertide poolt hoolikalt valitud 23 erinevat aromaatset profiili, millest iga\u00fcks on formuleeritud sihitud 2% aktiivse \u00fchendi kontsentratsiooniga, et pakkuda tasakaalustatud ja m\u00e4rgatavat kurgu l\u00f6\u00f6ki ilma suulae \u00fclekoormamata. Meie keemikud ja sensoorsed arendajad on kasutanud t\u00e4iustatud ekstraheerimistehnikaid, et tabada botaaniliste ja puuviljaprofiilide t\u00f5elist olemust, tagades v\u00e4ga autentse kasutajakogemuse.<\/p>\n<h3 style=\"color: #34495e; margin-top: 25px;\">Saadaval Zgar Vape AZ Pod 6.0 profiilid:<\/h3>\n<ul style=\"list-style-type: none; padding-left: 0; display: flex; flex-wrap: wrap; gap: 10px; margin-bottom: 20px;\">\n<li style=\"background: #e8f4f8; padding: 8px 15px; border-radius: 20px; font-size: 0.95em; border: 1px solid #bce0ee;\">J\u00e4\u00e4tunud arbuus<\/li>\n<li style=\"background: #e8f4f8; padding: 8px 15px; border-radius: 20px; font-size: 0.95em; border: 1px solid #bce0ee;\">Maasikaj\u00e4\u00e4tis<\/li>\n<li style=\"background: #e8f4f8; padding: 8px 15px; border-radius: 20px; font-size: 0.95em; border: 1px solid #bce0ee;\">J\u00e4\u00e4tunud lit\u0161i<\/li>\n<li style=\"background: #e8f4f8; padding: 8px 15px; border-radius: 20px; font-size: 0.95em; border: 1px solid #bce0ee;\">J\u00e4\u00e4tunud viinamari<\/li>\n<li style=\"background: #e8f4f8; padding: 8px 15px; border-radius: 20px; font-size: 0.95em; border: 1px solid #bce0ee;\">J\u00e4\u00e4s Mung Bean<\/li>\n<li style=\"background: #e8f4f8; padding: 8px 15px; border-radius: 20px; font-size: 0.95em; border: 1px solid #bce0ee;\">Ananass &amp; Apelsin<\/li>\n<li style=\"background: #e8f4f8; padding: 8px 15px; border-radius: 20px; font-size: 0.95em; border: 1px solid #bce0ee;\">Sidrunij\u00e4\u00e4tee<\/li>\n<li style=\"background: #e8f4f8; padding: 8px 15px; border-radius: 20px; font-size: 0.95em; border: 1px solid #bce0ee;\">Allikavesi<\/li>\n<li style=\"background: #e8f4f8; padding: 8px 15px; border-radius: 20px; font-size: 0.95em; border: 1px solid #bce0ee;\">Kallis Osmanthus<\/li>\n<li style=\"background: #e8f4f8; padding: 8px 15px; border-radius: 20px; font-size: 0.95em; border: 1px solid #bce0ee;\">Cumquat &amp; Passion Fruit<\/li>\n<li style=\"background: #e8f4f8; padding: 8px 15px; border-radius: 20px; font-size: 0.95em; border: 1px solid #bce0ee;\">Sidruni koks<\/li>\n<li style=\"background: #e8f4f8; padding: 8px 15px; border-radius: 20px; font-size: 0.95em; border: 1px solid #bce0ee;\">J\u00e4\u00e4mesi Pomelo<\/li>\n<li style=\"background: #e8f4f8; padding: 8px 15px; border-radius: 20px; font-size: 0.95em; border: 1px solid #bce0ee;\">Ploomikstrakt<\/li>\n<li style=\"background: #e8f4f8; padding: 8px 15px; border-radius: 20px; font-size: 0.95em; border: 1px solid #bce0ee;\">Mesikaste<\/li>\n<li style=\"background: #e8f4f8; padding: 8px 15px; border-radius: 20px; font-size: 0.95em; border: 1px solid #bce0ee;\">Oran\u017e Fizz<\/li>\n<li style=\"background: #e8f4f8; padding: 8px 15px; border-radius: 20px; font-size: 0.95em; border: 1px solid #bce0ee;\">Limonaad<\/li>\n<li style=\"background: #e8f4f8; padding: 8px 15px; border-radius: 20px; font-size: 0.95em; border: 1px solid #bce0ee;\">Taro j\u00e4\u00e4tis<\/li>\n<li style=\"background: #e8f4f8; padding: 8px 15px; border-radius: 20px; font-size: 0.95em; border: 1px solid #bce0ee;\">Guava ekstrakt<\/li>\n<li style=\"background: #e8f4f8; padding: 8px 15px; border-radius: 20px; font-size: 0.95em; border: 1px solid #bce0ee;\">Mint Twist<\/li>\n<li style=\"background: #e8f4f8; padding: 8px 15px; border-radius: 20px; font-size: 0.95em; border: 1px solid #bce0ee;\">J\u00e4\u00e4tunud t\u00e4hepuuvili<\/li>\n<li style=\"background: #e8f4f8; padding: 8px 15px; border-radius: 20px; font-size: 0.95em; border: 1px solid #bce0ee;\">J\u00e4\u00e4tunud virsik<\/li>\n<li style=\"background: #e8f4f8; padding: 8px 15px; border-radius: 20px; font-size: 0.95em; border: 1px solid #bce0ee;\">Jasmine Longjing<\/li>\n<li style=\"background: #e8f4f8; padding: 8px 15px; border-radius: 20px; font-size: 0.95em; border: 1px solid #bce0ee;\">Virsiku oolongi tee<\/li>\n<\/ul>\n<p style=\"margin-bottom: 15px; text-align: justify;\">Meie \u201cIced\u201d valikutesse t\u00e4iustatud kr\u00fcogeenset jahutamist j\u00e4ljendavate jahutusainete lisamine pakub puhast ja v\u00e4rskendavat v\u00e4lahumise profiili, mis on t\u00e4iesti vaba keemilistest j\u00e4relmaitsetest, mida sageli leidub madalama kvaliteediga \u00fchekordselt kasutatavates aurustites. See t\u00e4helepanu detailidele tagab maksimaalse rahulolu ja k\u00f5rge tarbija s\u00e4ilitamise m\u00e4\u00e4ra hulgim\u00fc\u00fcjate jaoks.<\/p>\n<h2 style=\"color: #2c3e50; border-bottom: 2px solid #3498db; padding-bottom: 10px; margin-top: 30px;\">Volitus ja Regulatiivne Usaldus: Sertifitseeritud Ohutu Tootmine<\/h2>\n<p style=\"margin-bottom: 15px; text-align: justify;\">VapeXYZ ei tee j\u00e4releandmisi ohutuse v\u00f5i regulatiivse vastavuse osas. Tunnustades keerulisi \u00f5iguslikke ja keskkonnaalaseid raamistikke, mis reguleerivad elektroonilisi aurustamisvahendeid, l\u00e4bib Zgar Vape AZ Pod 6.0 range s\u00f5ltumatu valideerimise, et vastata rahvusvahelistele kaubandustandarditele.<\/p>\n<div style=\"background: #fdfdfd; border-left: 6px solid #2ecc71; padding: 18px; margin: 25px 0; border-radius: 0 8px 8px 0; box-shadow: 0 2px 8px rgba(0,0,0,0.06);\">\n<h3 style=\"margin-top: 0; color: #27ae60; font-size: 1.2em; margin-bottom: 12px;\">Regulatiivse Vastavuse Teadmiste Punktid<\/h3>\n<ul style=\"margin-bottom: 0; padding-left: 20px; color: #444;\">\n<li style=\"margin-bottom: 8px;\">CE-sertifikaat: Kinnitab, et seade vastab Euroopa tervise-, ohutus- ja keskkonnakaitse standarditele.<\/li>\n<li style=\"margin-bottom: 8px;\">RoHS vastavus: kinnitab ohtlike ainete piiramise, tagades, et riistvara on vaba ohtlikest pli, kaadmiumi, elavh\u00f5beda ja muudest m\u00fcrgistest raskmetallidest.<\/li>\n<li style=\"margin-bottom: 8px;\">FCC heakskiit: Tagab, et seadme sisemise elektroonika poolt tekitatav elektromagnetiline h\u00e4ire j\u00e4\u00e4b F\u00f6deraalsete Sideliiklus Komisjonide kehtestatud ohutuspiiridesse.<\/li>\n<li>MSDS dokumentatsioon: Pakub p\u00f5hjalikku ohutusandmete lehte, mis kirjeldab sisemise lahuse koostise keemilist stabiilsust, k\u00e4sitlemisprotokolle ja mittetoksilisust.<\/li>\n<\/ul>\n<\/div>\n<p style=\"margin-bottom: 15px; text-align: justify;\">Hiina Shenzhenis asuvas tipptasemel rajatistes toodetud tootmisliinid on v\u00f5imelised tootma h\u00e4mmastavalt 5 000 000 podi kuus. See tohutu mastaapsus tagab, et VapeXYZ saab t\u00e4ita isegi k\u00f5ige n\u00f5udlikumaid hulgim\u00fc\u00fcgi tellimusi ilma tarneahela katkestusteta, tugevdades meie autoriteeti kui usaldusv\u00e4\u00e4rne B2B-partner globaalsel turul.<\/p>\n<h2 style=\"color: #2c3e50; border-bottom: 2px solid #3498db; padding-bottom: 10px; margin-top: 30px;\">Tehnilised andmed ja logistika andmed<\/h2>\n<p style=\"margin-bottom: 15px; text-align: justify;\">Kaubanduslike ostjate, hankejuhatajate ja logistikakoordinaatorite jaoks oleme \u00fcksikasjalikult kirjeldanud t\u00e4psed tehnilised spetsifikatsioonid ja saatmisparameetrid allpool. Nende m\u00f5\u00f5dikute m\u00f5istmine on t\u00f5husa varude haldamise ja rahvusvahelise tollivormistuse jaoks h\u00e4davajalik (dokumenteeritud HS-koodi 24041200 kasutades).<\/p>\n<div style=\"overflow-x: auto; margin: 25px 0;\">\n<table style=\"width: 100%; min-width: 600px; border-collapse: collapse; box-shadow: 0 4px 15px rgba(0,0,0,0.08); border-radius: 8px; overflow: hidden;\">\n<thead>\n<tr>\n<th style=\"background-color: #34495e; color: white; padding: 14px 20px; text-align: left; font-weight: 600; font-size: 1.05em; border-bottom: 2px solid #2c3e50;\">Spetsifikatsiooni atribuut<\/th>\n<th style=\"background-color: #34495e; color: white; padding: 14px 20px; text-align: left; font-weight: 600; font-size: 1.05em; border-bottom: 2px solid #2c3e50;\">Inseneriteadus \/ Operatiivne detail<\/th>\n<\/tr>\n<\/thead>\n<tbody style=\"background-color: #ffffff;\">\n<tr style=\"border-bottom: 1px solid #ecf0f1; transition: background-color 0.3s ease;\">\n<td style=\"padding: 12px 20px; font-weight: 500; color: #2c3e50;\">Riistvara \u00fchilduvus<\/td>\n<td style=\"padding: 12px 20px; color: #555;\">Ainult Zgar FIT baas seadme jaoks konstrueeritud<\/td>\n<\/tr>\n<tr style=\"background-color: #f9fbfd; border-bottom: 1px solid #ecf0f1;\">\n<td style=\"padding: 12px 20px; font-weight: 500; color: #2c3e50;\">Mahutavus<\/td>\n<td style=\"padding: 12px 20px; color: #555;\">2,0 milliliitrit suletud \u00fchiku kohta<\/td>\n<\/tr>\n<tr style=\"border-bottom: 1px solid #ecf0f1;\">\n<td style=\"padding: 12px 20px; font-weight: 500; color: #2c3e50;\">Kestvus tootlus<\/td>\n<td style=\"padding: 12px 20px; color: #555;\">Empiiriliselt testitud kuni 400 t\u00f5mmet tagama<\/td>\n<\/tr>\n<tr style=\"background-color: #f9fbfd; border-bottom: 1px solid #ecf0f1;\">\n<td style=\"padding: 12px 20px; font-weight: 500; color: #2c3e50;\">Aktiivne kontsentratsioon<\/td>\n<td style=\"padding: 12px 20px; color: #555;\">2% tugevusformuleering<\/td>\n<\/tr>\n<tr style=\"border-bottom: 1px solid #ecf0f1;\">\n<td style=\"padding: 12px 20px; font-weight: 500; color: #2c3e50;\">Tootmist\u00f5endid<\/td>\n<td style=\"padding: 12px 20px; color: #555;\">CE, RoHS, FCC, MSDS valideeritud<\/td>\n<\/tr>\n<tr style=\"background-color: #f9fbfd; border-bottom: 1px solid #ecf0f1;\">\n<td style=\"padding: 12px 20px; font-weight: 500; color: #2c3e50;\">Kuu tootmismaht<\/td>\n<td style=\"padding: 12px 20px; color: #555;\">5 000 000 pidevat \u00fchikut<\/td>\n<\/tr>\n<tr style=\"border-bottom: 1px solid #ecf0f1;\">\n<td style=\"padding: 12px 20px; font-weight: 500; color: #2c3e50;\">Rahvusvaheline HS-kood<\/td>\n<td style=\"padding: 12px 20px; color: #555;\">24041200 (Lihtsustatud tolliprotsessi jaoks)<\/td>\n<\/tr>\n<tr style=\"background-color: #f9fbfd; border-bottom: 1px solid #ecf0f1;\">\n<td style=\"padding: 12px 20px; font-weight: 500; color: #2c3e50;\">Logistika- ja transpordiv\u00f5imalused<\/td>\n<td style=\"padding: 12px 20px; color: #555;\">Ookeanisaed (laev), maantee (veok) v\u00f5i kiirendatud \u00f5hutransport<\/td>\n<\/tr>\n<tr style=\"border-bottom: 1px solid #ecf0f1;\">\n<td style=\"padding: 12px 20px; font-weight: 500; color: #2c3e50;\">Vastu v\u00f5etud finantstingimused<\/td>\n<td style=\"padding: 12px 20px; color: #555;\">Telegraafiline \u00fclekandmine (T\/T), PayPali turvalised tehingud<\/td>\n<\/tr>\n<tr style=\"background-color: #f9fbfd;\">\n<td style=\"padding: 12px 20px; font-weight: 500; color: #2c3e50;\">Kaubanduse Incoterms<\/td>\n<td style=\"padding: 12px 20px; color: #555;\">FOB (tasuta pardal) ja EXW (tehases) konfiguratsioonid saadaval<\/td>\n<\/tr>\n<\/tbody>\n<\/table>\n<\/div>\n<h2 style=\"color: #2c3e50; border-bottom: 2px solid #3498db; padding-bottom: 10px; margin-top: 40px;\">Korduma kippuvad k\u00fcsimused (Olulisemad punktid)<\/h2>\n<p style=\"margin-bottom: 20px; text-align: justify;\">Meie jaem\u00fc\u00fcgi partnerite ning l\u00f5ppkasutajate edasiseks abistamiseks oleme koostanud empiiriliselt t\u00f5estatud vastused k\u00f5ige levinumatele p\u00e4ringutele, mis puudutavad nende \u00fchekordselt kasutatavate aurustite j\u00f5udlust, ohutust ja hankimist.<\/p>\n<div style=\"display: flex; flex-direction: column; gap: 15px;\">\n<div style=\"border: 1px solid #e1e8ed; border-radius: 8px; padding: 20px; background: #ffffff; box-shadow: 0 2px 5px rgba(0,0,0,0.02);\">\n<h3 style=\"color: #2980b9; margin-top: 0; font-size: 1.1em; display: flex; align-items: center;\"><span style=\"background: #2980b9; color: white; width: 24px; height: 24px; display: inline-flex; align-items: center; justify-content: center; border-radius: 50%; font-size: 0.8em; margin-right: 10px;\">Q<\/span> Kuidas t\u00f5lkub 400-puffi mahutavus tegelikuks kasutamiseks?<\/h3>\n<p style=\"margin-bottom: 0; color: #555; line-height: 1.5;\"><span style=\"color: #27ae60; margin-right: 5px;\">V:<\/span> 400-puffi m\u00f5\u00f5dik on kehtestatud kontrollitud laboratoorsete sissehingamismasinate abil, mis on seatud standardsetele t\u00f5mbe pikkustele. S\u00f5ltuvalt \u00fcksikute kasutajate kopsumahtuvusest ja t\u00f5mbe kestusest, pakub 2ml reservuaar v\u00e4ga \u00fchtlast v\u00e4ljundit, mis tavaliselt kestab mitu p\u00e4eva m\u00f5\u00f5dukat kasutamist, s\u00e4ilitades termilise stabiilsuse kuni reservuaar on t\u00e4ielikult t\u00fchjenenud.<\/p>\n<\/div>\n<div style=\"border: 1px solid #e1e8ed; border-radius: 8px; padding: 20px; background: #ffffff; box-shadow: 0 2px 5px rgba(0,0,0,0.02);\">\n<h3 style=\"color: #2980b9; margin-top: 0; font-size: 1.1em; display: flex; align-items: center;\"><span style=\"background: #2980b9; color: white; width: 24px; height: 24px; display: inline-flex; align-items: center; justify-content: center; border-radius: 50%; font-size: 0.8em; margin-right: 10px;\">Q<\/span> Kas ma saan osta neid \u00fchikuid v\u00e4ikestes partiides prooviks?<\/h3>\n<p style=\"margin-bottom: 0; color: #555; line-height: 1.5;\"><span style=\"color: #27ae60; margin-right: 5px;\">V:<\/span> Jah. VapeXYZ on p\u00fchendunud k\u00f5igi mastaapide ettev\u00f5tete toetamisele. Pakume erakordselt madalat minimaalset tellimuskogust (MOQ) vaid 10 t\u00fckki. See v\u00f5imaldab jaem\u00fc\u00fcjatel testida spetsiifilisi aroomiprofiile \u2013 nagu v\u00e4ga n\u00f5utud j\u00e4ine mungoa v\u00f5i magus Osmanthus \u2013 enne suuremate FOB saadetiste kohustuste v\u00f5tmist.<\/p>\n<\/div>\n<div style=\"border: 1px solid #e1e8ed; border-radius: 8px; padding: 20px; background: #ffffff; box-shadow: 0 2px 5px rgba(0,0,0,0.02);\">\n<h3 style=\"color: #2980b9; margin-top: 0; font-size: 1.1em; display: flex; align-items: center;\"><span style=\"background: #2980b9; color: white; width: 24px; height: 24px; display: inline-flex; align-items: center; justify-content: center; border-radius: 50%; font-size: 0.8em; margin-right: 10px;\">Q<\/span> Kas kapsli kasutatavad materjalid on termilise kokkupuute jaoks ohutud?<\/h3>\n<p style=\"margin-bottom: 0; color: #555; line-height: 1.5;\"><span style=\"color: #27ae60; margin-right: 5px;\">V:<\/span> Absoluutselt. Poda v\u00e4liskest valmistatakse PCTG-st, spetsialiseeritud plastikust, mis on tuntud oma k\u00f5rge kuumuskindluse ja BPA puudumise poolest. Koos meie RoHS-sertifikaadiga tagab see, et \u00fckski ohtlik kemikaal v\u00f5i mikroplast ei lagune auru sisse k\u00fcttes\u00fckluse ajal teie \u00fchekordselt kasutatavas aurustis.<\/p>\n<\/div>\n<div style=\"border: 1px solid #e1e8ed; border-radius: 8px; padding: 20px; background: #ffffff; box-shadow: 0 2px 5px rgba(0,0,0,0.02);\">\n<h3 style=\"color: #2980b9; margin-top: 0; font-size: 1.1em; display: flex; align-items: center;\"><span style=\"background: #2980b9; color: white; width: 24px; height: 24px; display: inline-flex; align-items: center; justify-content: center; border-radius: 50%; font-size: 0.8em; margin-right: 10px;\">Q<\/span> Kuidas VapeXYZ garanteerib ZGAR kaubam\u00e4rgi autentsuse?<\/h3>\n<p style=\"margin-bottom: 0; color: #555; line-height: 1.5;\"><span style=\"color: #27ae60; margin-right: 5px;\">V:<\/span> \u00dcle 8 aasta kestnud operatiivse tipptaseme jaem\u00fc\u00fcgi hulgim\u00fc\u00fcgi sektoris, tagab VapeXYZ otsesed, lepinguliselt kindlustatud suhted Shenzheni originaalsete tootmisrajatistega. See otsene torustik k\u00f5rvaldab kolmandate osapoolte vahendajad, tagades, et iga \u00fchekordselt kasutatav vape, mille te vastu v\u00f5tate, on autentne, tehasest suletud toode, millel on kontrollitavad tootmiskoodid.<\/p>\n<\/div>\n<\/div>\n<p style=\"margin-top: 30px; text-align: justify; font-size: 0.95em; color: #666; border-top: 1px solid #eee; padding-top: 15px;\">VapeXYZ j\u00e4tkab premium \u00fchekordselt kasutatavate aurustite levitamise revolutsioneerimist, \u00fchendades kompromissitu kvaliteedikontrolli v\u00f5rratu logistilise t\u00f5hususega. Uurige meie ulatuslikku kataloogi t\u00e4na, et t\u00f5sta oma inventuuri k\u00f5ige tehnoloogilisemalt arenenud ja rangelt testitud seadmetega maailmaturul.<\/p>\n<\/article>","protected":false},"excerpt":{"rendered":"<p>Tugevus \u2013 2%<\/p>\n<p>Mahutavus - 2 ml<\/p>\n<p>Pahvide arv \u2013 kuni 400 mahvi<\/p>","protected":false},"featured_media":17469,"comment_status":"open","ping_status":"closed","template":"","meta":{"_lmt_disableupdate":"no","_lmt_disable":""},"product_brand":[],"product_cat":[840,1018,935,934,927,929,928,930,933,939,932,938,931,936,937,1017,1022,1023,1024,1025,1027,1029,1030,1032,1033,1034,1037,820,987,1038,838],"product_tag":[],"class_list":{"0":"post-17428","1":"product","2":"type-product","3":"status-publish","4":"has-post-thumbnail","6":"product_cat-pod","7":"product_cat-apple-flavor-disposable-vapes","8":"product_cat-bulk-buy-disposable-vapes-in-austria","9":"product_cat-bulk-buy-disposable-vapes-in-belgium","10":"product_cat-bulk-buy-disposable-vapes-in-europe","11":"product_cat-bulk-buy-disposable-vapes-in-france","12":"product_cat-bulk-buy-disposable-vapes-in-germany","13":"product_cat-bulk-buy-disposable-vapes-in-italy","14":"product_cat-bulk-buy-disposable-vapes-in-netherlands","15":"product_cat-bulk-buy-disposable-vapes-in-norway","16":"product_cat-bulk-buy-disposable-vapes-in-poland","17":"product_cat-bulk-buy-disposable-vapes-in-portugal","18":"product_cat-bulk-buy-disposable-vapes-in-spain","19":"product_cat-bulk-buy-disposable-vapes-in-sweden","20":"product_cat-bulk-buy-disposable-vapes-in-switzerland","21":"product_cat-buy-best-disposable-vape-flavors","22":"product_cat-cola-flavor-disposable-vapes","23":"product_cat-grape-flavor-disposable-vapes","24":"product_cat-guava-flavor-disposable-vapes","25":"product_cat-ice-flavor-disposable-vapes","26":"product_cat-lemon-flavor-disposable-vapes","27":"product_cat-mango-flavor-disposable-vapes","28":"product_cat-mint-flavor-disposable-vapes","29":"product_cat-passion-fruit-flavor-disposable-vapes","30":"product_cat-peach-flavor-disposable-vapes","31":"product_cat-pineapple-flavor-disposable-vapes","32":"product_cat-strawberry-flavor-disposable-vapes","33":"product_cat-vape","34":"product_cat-vape-shop-by-puffs","35":"product_cat-watermelon-flavor-disposable-vapes","36":"product_cat-zgar","38":"first","39":"outofstock","40":"shipping-taxable","41":"purchasable","42":"product-type-variable","43":"has-default-attributes"},"jetpack_sharing_enabled":true,"tiered_pricing_type":"fixed","tiered_pricing_fixed_rules":[],"tiered_pricing_product_settings":{"layout":"default","base_unit_name":{"singular":null,"plural":null},"default_variation":null},"tiered_pricing_minimum_quantity":null,"tiered_pricing_roles_data":[],"tiered_pricing_percentage_rules":[],"tiered_pricing_maximum_quantity":null,"tiered_pricing_quantity_step":null,"_links":{"self":[{"href":"https:\/\/vapexyz.com\/et\/wp-json\/wp\/v2\/product\/17428","targetHints":{"allow":["GET"]}}],"collection":[{"href":"https:\/\/vapexyz.com\/et\/wp-json\/wp\/v2\/product"}],"about":[{"href":"https:\/\/vapexyz.com\/et\/wp-json\/wp\/v2\/types\/product"}],"replies":[{"embeddable":true,"href":"https:\/\/vapexyz.com\/et\/wp-json\/wp\/v2\/comments?post=17428"}],"wp:featuredmedia":[{"embeddable":true,"href":"https:\/\/vapexyz.com\/et\/wp-json\/wp\/v2\/media\/17469"}],"wp:attachment":[{"href":"https:\/\/vapexyz.com\/et\/wp-json\/wp\/v2\/media?parent=17428"}],"wp:term":[{"taxonomy":"product_brand","embeddable":true,"href":"https:\/\/vapexyz.com\/et\/wp-json\/wp\/v2\/product_brand?post=17428"},{"taxonomy":"product_cat","embeddable":true,"href":"https:\/\/vapexyz.com\/et\/wp-json\/wp\/v2\/product_cat?post=17428"},{"taxonomy":"product_tag","embeddable":true,"href":"https:\/\/vapexyz.com\/et\/wp-json\/wp\/v2\/product_tag?post=17428"}],"curies":[{"name":"wp","href":"https:\/\/api.w.org\/{rel}","templated":true}]}}