{"id":17044,"date":"2024-03-09T09:55:31","date_gmt":"2024-03-09T09:55:31","guid":{"rendered":"https:\/\/vapexyz.com\/product\/bang-king-9000-puffs-vape-original-e-cigarette\/"},"modified":"2025-04-16T03:52:47","modified_gmt":"2025-04-16T03:52:47","slug":"bang-king-9000-pahviga-vape-originaal-e-sigaret","status":"publish","type":"product","link":"https:\/\/vapexyz.com\/et\/product\/bang-king-9000-puffs-vape-original-e-cigarette\/","title":{"rendered":"Bang King 9000 Puffs Vape originaal E sigareti hulgiost"},"content":{"rendered":"<h6><span style=\"vertical-align: inherit;\">Saatmiskulud arvutatakse automaatselt, kui valite kassatapi k\u00e4igus saatmiskoha.<\/span><\/h6>\n<p>The? Bang King 9000 on Bang Br\u00e4ndi k\u00e4ivitatud uusim moes kasutatav vape. Vape on pakitud spordielemendiga - spordi veekarikaga, mis muudab vaperi selle toote kasutamisel sportlikumaks ja moodsamaks. Kui kannate juhuslikku spordir\u00f5ivaid, hoides seda <a href=\"https:\/\/vapexyz.com\/et\/tootekategooria\/pauk\/\">Pauk<\/a> King 9000 toode teie k\u00e4es, see muutub kohe t\u00e4helepanu keskpunkti ja sobitamine on v\u00e4ga hea.<\/p>\n<h3>Tunnusjoon<\/h3>\n<p>Pahvid: kuni 9000<br \/>\nMahutavus: 20 ml<br \/>\nNikotiin: 0% \/ 2% \/ 3% \/ 5%<br \/>\nAku: 800mah laetav aku<br \/>\nKaal: 90g\/tk<br \/>\nKogus\/karp: 200 tk\/karp<br \/>\nT\u00e4iskaal: 18 KG\/kast<\/p>\n<h3>Maitsete nimekiri<\/h3>\n<p>01.Maasika banaan<br \/>\n02.Mustika vaarikaj\u00e4\u00e4<br \/>\n03.Mango virsik<br \/>\n04.Arbuus Stawberry<br \/>\n05.Stawberry Mango<br \/>\n06.Arbuusij\u00e4\u00e4<br \/>\n07.Marjasegu<br \/>\n08.Viinamarjaj\u00e4\u00e4<br \/>\n09.Hapu \u00f5un<br \/>\n10.Stawberry j\u00e4\u00e4<br \/>\n11.Stawberry Kiwi<br \/>\n12.Kiivi Passion Fruit Guajaav<br \/>\n13. Virsikuj\u00e4\u00e4<br \/>\n14.H\u00e4rra Sinine<br \/>\n15.Tiigriveri<br \/>\n16.Piparm\u00fcnt<\/p>\n<h3>Saatmisviisid<\/h3>\n<p>Teeme koost\u00f6\u00f6d UPS-i\/DHL-i\/FEDEX-i\/DPD-ga jne. Valime s\u00f5ltuvalt tarneriigist sobiva tarneviisi, et tagada oma toodete v\u00f5imalikult kiire k\u00e4ttesaamine.<\/p>\n<p>Saatmine Ameerika \u00dchendriikidesse v\u00f5tab tavaliselt 10 p\u00e4eva. Euroopa riikidesse tarnimine v\u00f5tab tavaliselt 12-15 p\u00e4eva ja me uuendame logistikainfot reaalajas.<\/p>\n<p>Kinnitame teile probleemideta kogemuse, kuna hoolitseme tollivormistusprotsessi eest ja sellega ei kaasne mingeid maksusid. Garanteerime, et 100% meie toodetest l\u00e4bib tollivormistuse.<\/p>\n<p><img loading=\"lazy\" decoding=\"async\" class=\"alignnone wp-image-33966 size-large\" src=\"https:\/\/vapexyz.com\/wp-content\/uploads\/2024\/10\/Original-Bang-King-9000-Puff-Bar-Disposable-Vape-Pen-16-Flavors-20ml-E-Juice-Rechargeable-E-Cigarette-Wholesale-I-Vape-1024x637.webp\" alt=\"Bang King 9000 Puffs Vape originaal E sigareti hulgiost\" width=\"1024\" height=\"637\" title=\"\" srcset=\"https:\/\/vapexyz.com\/wp-content\/uploads\/2024\/10\/Original-Bang-King-9000-Puff-Bar-Disposable-Vape-Pen-16-Flavors-20ml-E-Juice-Rechargeable-E-Cigarette-Wholesale-I-Vape-1024x637.webp 1024w, https:\/\/vapexyz.com\/wp-content\/uploads\/2024\/10\/Original-Bang-King-9000-Puff-Bar-Disposable-Vape-Pen-16-Flavors-20ml-E-Juice-Rechargeable-E-Cigarette-Wholesale-I-Vape-500x311.webp 500w, https:\/\/vapexyz.com\/wp-content\/uploads\/2024\/10\/Original-Bang-King-9000-Puff-Bar-Disposable-Vape-Pen-16-Flavors-20ml-E-Juice-Rechargeable-E-Cigarette-Wholesale-I-Vape-768x478.webp 768w, https:\/\/vapexyz.com\/wp-content\/uploads\/2024\/10\/Original-Bang-King-9000-Puff-Bar-Disposable-Vape-Pen-16-Flavors-20ml-E-Juice-Rechargeable-E-Cigarette-Wholesale-I-Vape-18x12.webp 18w, https:\/\/vapexyz.com\/wp-content\/uploads\/2024\/10\/Original-Bang-King-9000-Puff-Bar-Disposable-Vape-Pen-16-Flavors-20ml-E-Juice-Rechargeable-E-Cigarette-Wholesale-I-Vape-510x317.webp 510w, https:\/\/vapexyz.com\/wp-content\/uploads\/2024\/10\/Original-Bang-King-9000-Puff-Bar-Disposable-Vape-Pen-16-Flavors-20ml-E-Juice-Rechargeable-E-Cigarette-Wholesale-I-Vape.webp 1194w\" sizes=\"auto, (max-width: 1024px) 100vw, 1024px\" \/><\/p>","protected":false},"excerpt":{"rendered":"<p><strong>\ud83d\udc4b<span style=\"color: #ed1c24;\">Vabandame, see toode on l\u00e4bi m\u00fc\u00fcdud. Palun kontrollige<\/span>\u00a0<span style=\"color: #0000ff;\"><a style=\"color: #0000ff;\" href=\"https:\/\/vapexyz.com\/et\/toode\/paugukarp-30000-pahvi-topeltmaitseline-0-2-3-5-madala-nikotiinisisaldusega-originaal-tehase-hulgi-osta-laetav-uhekordne-vapes-pliiats-hulgimuuk\/\">uued tooted<\/a><\/span>.<\/strong><\/p>\n<p>Bang King 9000 Puffs on Bangi kaubam\u00e4rgi uusim mood \u00fchekordselt kasutatav vape.<\/p>","protected":false},"featured_media":17043,"comment_status":"open","ping_status":"closed","template":"","meta":{"_lmt_disableupdate":"no","_lmt_disable":""},"product_brand":[],"product_cat":[1009,1018,821,1020,935,934,927,929,928,930,933,939,932,938,931,936,937,1017,946,1023,1024,1025,1026,951,1029,1030,1032,1033,953,1037,987,1038],"product_tag":[],"class_list":{"0":"post-17044","1":"product","2":"type-product","3":"status-publish","4":"has-post-thumbnail","6":"product_cat-9000-puff-vapes","7":"product_cat-apple-flavor-disposable-vapes","8":"product_cat-bang","9":"product_cat-blueberry-flavor-disposable-vapes","10":"product_cat-bulk-buy-disposable-vapes-in-austria","11":"product_cat-bulk-buy-disposable-vapes-in-belgium","12":"product_cat-bulk-buy-disposable-vapes-in-europe","13":"product_cat-bulk-buy-disposable-vapes-in-france","14":"product_cat-bulk-buy-disposable-vapes-in-germany","15":"product_cat-bulk-buy-disposable-vapes-in-italy","16":"product_cat-bulk-buy-disposable-vapes-in-netherlands","17":"product_cat-bulk-buy-disposable-vapes-in-norway","18":"product_cat-bulk-buy-disposable-vapes-in-poland","19":"product_cat-bulk-buy-disposable-vapes-in-portugal","20":"product_cat-bulk-buy-disposable-vapes-in-spain","21":"product_cat-bulk-buy-disposable-vapes-in-sweden","22":"product_cat-bulk-buy-disposable-vapes-in-switzerland","23":"product_cat-buy-best-disposable-vape-flavors","24":"product_cat-disposable-vapes-series","25":"product_cat-grape-flavor-disposable-vapes","26":"product_cat-guava-flavor-disposable-vapes","27":"product_cat-ice-flavor-disposable-vapes","28":"product_cat-kiwi-flavor-disposable-vapes","29":"product_cat-lower-nicotine-vapes","30":"product_cat-mango-flavor-disposable-vapes","31":"product_cat-mint-flavor-disposable-vapes","32":"product_cat-passion-fruit-flavor-disposable-vapes","33":"product_cat-peach-flavor-disposable-vapes","34":"product_cat-rechargeable-vapes","35":"product_cat-strawberry-flavor-disposable-vapes","36":"product_cat-vape-shop-by-puffs","37":"product_cat-watermelon-flavor-disposable-vapes","39":"first","40":"outofstock","41":"shipping-taxable","42":"purchasable","43":"product-type-simple"},"jetpack_sharing_enabled":true,"tiered_pricing_type":"fixed","tiered_pricing_fixed_rules":[],"tiered_pricing_product_settings":{"layout":"default","base_unit_name":{"singular":null,"plural":null},"default_variation":null},"tiered_pricing_minimum_quantity":null,"tiered_pricing_roles_data":[],"tiered_pricing_percentage_rules":[],"tiered_pricing_maximum_quantity":null,"tiered_pricing_quantity_step":null,"_links":{"self":[{"href":"https:\/\/vapexyz.com\/et\/wp-json\/wp\/v2\/product\/17044","targetHints":{"allow":["GET"]}}],"collection":[{"href":"https:\/\/vapexyz.com\/et\/wp-json\/wp\/v2\/product"}],"about":[{"href":"https:\/\/vapexyz.com\/et\/wp-json\/wp\/v2\/types\/product"}],"replies":[{"embeddable":true,"href":"https:\/\/vapexyz.com\/et\/wp-json\/wp\/v2\/comments?post=17044"}],"wp:featuredmedia":[{"embeddable":true,"href":"https:\/\/vapexyz.com\/et\/wp-json\/wp\/v2\/media\/17043"}],"wp:attachment":[{"href":"https:\/\/vapexyz.com\/et\/wp-json\/wp\/v2\/media?parent=17044"}],"wp:term":[{"taxonomy":"product_brand","embeddable":true,"href":"https:\/\/vapexyz.com\/et\/wp-json\/wp\/v2\/product_brand?post=17044"},{"taxonomy":"product_cat","embeddable":true,"href":"https:\/\/vapexyz.com\/et\/wp-json\/wp\/v2\/product_cat?post=17044"},{"taxonomy":"product_tag","embeddable":true,"href":"https:\/\/vapexyz.com\/et\/wp-json\/wp\/v2\/product_tag?post=17044"}],"curies":[{"name":"wp","href":"https:\/\/api.w.org\/{rel}","templated":true}]}}