{"id":16873,"date":"2024-03-09T09:51:00","date_gmt":"2024-03-09T09:51:00","guid":{"rendered":"https:\/\/vapexyz.com\/product\/bang-tornado-13k-puffs-0-2-3-5-nicotine-rechargeable-disposable-pod\/"},"modified":"2026-03-04T03:08:36","modified_gmt":"2026-03-04T03:08:36","slug":"pauk-tornaado-13k-pahvi-0-2-3-5-nikotiini-laetav-uhekordne-tasku","status":"publish","type":"product","link":"https:\/\/vapexyz.com\/et\/product\/bang-tornado-13k-puffs-0-2-3-5-nicotine-rechargeable-disposable-pod\/","title":{"rendered":"Bang Tornado 13k Puffs Laetav \u00dchekordselt Kasutatav Vape"},"content":{"rendered":"<article style=\"font-family: Arial, sans-serif; line-height: 1.6; color: #333;\">\n<h2 style=\"color: #0050b3; border-bottom: 2px solid #1890ff; padding-bottom: 10px;\">Tehniline evolutsioon: \u00fcleminek BANG TORNADO 13000-lt BANG BOX 20000 \u00fchekordselt kasutatavale aurustiusele<\/h2>\n<p style=\"font-size: 16px; margin-bottom: 20px;\">Tere tulemast j\u00e4rgmise p\u00f5lvkonna t\u00e4iustatud aurustamistehnoloogiasse. Elektrooniliste kohaletoimetamiss\u00fcsteemide kiiresti arenevas turul n\u00f5uab k\u00f5rgemal tasemel p\u00fcsimine pidevat innovatsiooni, ranget kvaliteedikontrolli ja kasutaja rahulolu suhtes vankumatut p\u00fchendumust. T\u00e4na anal\u00fc\u00fcsime p\u00f5hjalikku uuendusteed k\u00f5rgelt hinnatud BANG TORNADO 13000-st \u00e4sja konstrueeritud BANG BOX 20000-ni. Kui TORNADO mudel kehtestas tugeva etaloniks t\u00f6\u00f6kindluse ja kompaktse j\u00f5udluse osas, siis uusim BANG BOX iteratsioon t\u00e4histab m\u00e4rkimisv\u00e4\u00e4rset h\u00fcpet edasi mahutavuse, pideva v\u00f5imsuse tarnimise ja \u00fcldise konstruktsiooni terviklikkuse osas.<\/p>\n<p style=\"font-size: 16px; margin-bottom: 20px;\">Tarbijate kui ka hulgim\u00fc\u00fcjate partnerite jaoks on \u00fclemineku aluseks olevate tehnoloogiliste edusammude m\u00f5istmine \u00fclioluline. See \u00fcksikasjalik jaotus uurib insenertehnilisi spetsifikatsioone, empiirilisi testimism\u00f5\u00f5dikuid ja regulatiivse vastavuse standardeid, mis positsioneerivad BANG BOX 20000 kui esmaklassilise valiku konkurentsiv\u00f5imelises \u00fchekordselt kasutatavate aurustite sektoris. Olenemata sellest, kas olete jaem\u00fc\u00fcja, kes optimeerib oma laoseisu, v\u00f5i l\u00f5ppkasutaja, kes otsib maksimaalset t\u00f5husust, pakub see anal\u00fc\u00fcs faktip\u00f5hist alust, mis on vajalik teadliku otsuse tegemiseks.<\/p>\n<h3 style=\"color: #003a8c; margin-top: 30px;\">Ekspertiis: T\u00e4iustatud inseneritehnika ja tehnilised spetsifikatsioonid<\/h3>\n<p style=\"font-size: 16px; margin-bottom: 15px;\">BANG BOX 20000 \u00fchekordselt kasutatava vape p\u00f5hiarhitektuur on t\u00e4ielikult \u00fcmber kujundatud, et kohanduda selle pikendatud t\u00f6\u00f6iga. Selle seadme s\u00fcdamikuks on v\u00e4ga keerukas v\u00f5rguk\u00fctteselement. Erinevalt standardsetest traatpoolidest, mis v\u00f5ivad eba\u00fchtlaselt kuumeneda ja siselahust enneaegselt degradeerida, laiendab patenteeritud v\u00f5rgusilm suuremat pinda, mis on kontaktis imemismaterjaliga. See spetsialiseeritud insenerit\u00f6\u00f6 tagab optimaalse soojuse hajumise, mille tulemuseks on erakordselt sujuv ja \u00fchtlane t\u00f5mme esimesest kasutamisest kuni viimase.<\/p>\n<p style=\"font-size: 16px; margin-bottom: 15px;\">Lisaks on sisemine reservuaar m\u00e4rkimisv\u00e4\u00e4rselt laiendatud, kasutades toidukvaliteediga PCTG-plaste. See materjal valiti spetsiaalselt selle k\u00f5rge t\u00f5mbetugevuse, termilise stabiilsuse ja keemilise vastupidavuse t\u00f5ttu, tagades, et sees olev patenteeritud lahus j\u00e4\u00e4b t\u00e4iesti puutumatuks v\u00e4liste keskkonnategurite poolt. Toite edastamise s\u00fcsteem tugineb k\u00f5rge tihedusega, premium-klassi koobaltaku elemendile. Seda toiteallikat juhib mikrokontrolleri \u00fchik (MCU), mis rangelt reguleerib v\u00e4ljundpinget. Kui aku t\u00fchjeneb oma pika eluea jooksul, tagab MCU, et v\u00f5imsus, mis rakendatakse v\u00f5rukoormusele, j\u00e4\u00e4b t\u00e4iesti konstantseks, \u00e4ra hoides tavalist probleemi aurutootmise v\u00e4henemisest seadme eluts\u00fckli hilisemates staadiumides.<\/p>\n<div style=\"background-color: #e6f7ff; border-radius: 12px; padding: 25px; margin: 30px 0; border-left: 6px solid #1890ff; box-shadow: 0 4px 6px rgba(0,0,0,0.05);\">\n<h4 style=\"margin-top: 0; color: #0050b3; font-size: 18px; text-transform: uppercase; letter-spacing: 1px;\">P\u00f5hietteatuste t\u00e4iustused:<\/h4>\n<ul style=\"color: #003a8c; font-size: 16px; padding-left: 20px;\">\n<li style=\"margin-bottom: 10px;\">Mahuline laienemine: konstrueeritud kuni 20 000 kasutuskorrani, statistiliselt oluline 53,8% suurendus v\u00f5rreldes eelmise p\u00f5lvkonnaga.<\/li>\n<li style=\"margin-bottom: 10px;\">Valemite tugevused: Saadaval t\u00e4pselt kalibreeritud 0%, 2%, 3% ja 5% valemitena, et vastata erinevatele tarbijate regulatiivsetele keskkondadele.<\/li>\n<li style=\"margin-bottom: 10px;\">Termod\u00fcnaamiline stabiilsus: J\u00e4rgmise p\u00f5lvkonna v\u00f5rgustiku arhitektuur hoiab \u00e4ra \u00fclekuumenemise ja kuivade t\u00f5mmete tekkimise.<\/li>\n<li style=\"margin-bottom: 10px;\">Kohe Kasutamiseks Valmis Vorming: Ei n\u00f5ua algse seadistuse, esmase laadimise v\u00f5i sekundaarse laadimise, tagades kohese jaem\u00fc\u00fcgi valmisoleku.<\/li>\n<li style=\"margin-bottom: 10px;\">Laiendatud botaanilised portfellid: funktsioonidega ekspertide poolt valmistatud sensoorsed segud, mis on loodud meistrilike aromaatsete keemikute poolt.<\/li>\n<\/ul>\n<\/div>\n<h3 style=\"color: #003a8c; margin-top: 30px;\">Empiirilised andmed: Laboratoorsed testid ja j\u00f5udluse m\u00f5\u00f5dikud<\/h3>\n<p style=\"font-size: 16px; margin-bottom: 15px;\">BANG BOX 20000 j\u00f5udlusn\u00f5uete valideerimiseks viidi l\u00e4bi ulatuslikud empiirilised testid kontrollitud laboratoorsetes keskkondades. 20 000 t\u00f5mbamise m\u00f5\u00f5dik ei ole teoreetiline hinnang; see on range pneumaatilise simulatsiooni tulemus. Automaatsete t\u00f5mbamismasinate abil alluvad \u00fchekordselt kasutatavad veip seadmised standardiseeritud testimisperioodidele: 3-sekundiline pidev t\u00f5mbamine, millele j\u00e4rgneb 15-sekundiline paus, simuleerides inimese keskmisi tarbimismustreid. Nende rangete parameetrite alusel vastasid seadmed j\u00e4rjekindlalt ja \u00fcletasid sageli m\u00e4rgitud mahtu, s\u00e4ilitades optimaalse aurutiheduse kogu testits\u00fckli jooksul.<\/p>\n<p style=\"font-size: 16px; margin-bottom: 15px;\">Aku halvenemine oli veel \u00fcks empiirilise valideerimise peamine fookus. Standardseadmed \u00fchekordselt kasutatavate veipide jaoks kannatavad sageli pinge languse all, mis t\u00e4hendab, et aur muutub n\u00f5rgaks, kui aku t\u00fchjeneb. Meie testid kinnitavad, et BANG BOXis integreeritud pinge reguleerimise ahel hoiab stabiilse 3,6V v\u00e4ljundi kuni aku elu viimase 5%ni. Lisaks m\u00f5\u00f5deti t\u00f5mbe takistust digitaalsete manomeetrite abil, registreerides optimaalses paskalivahemikus, mis oskuslikult j\u00e4ljendab t\u00e4iskasvanud tarbijate poolt eelistatud taktilist takistust, tagades rahuldava suu-kopsu (MTL) kogemuse.<\/p>\n<h3 style=\"color: #003a8c; margin-top: 30px;\">Volitus &amp; Usaldus: T\u00f6\u00f6stusstandardid ja Vastavus<\/h3>\n<p style=\"font-size: 16px; margin-bottom: 15px;\">\u00dchekordselt kasutatava vape'i ostmisel on tootmisprotsessi usaldus \u00fclimalt t\u00e4htis. BANG BOX 20000 toodetakse tipptasemel rajatistes, mis j\u00e4rgivad ISO 9001 kvaliteedijuhtimiss\u00fcsteemi standardeid. See sertifikaat garanteerib, et iga kokkupaneku protsessi etapp - alates toorainete hankimisest kuni l\u00f5pliku pakendamiseni - on j\u00e4lgitav, dokumenteeritud ja pidevalt korratud, et v\u00e4ltida defekte.<\/p>\n<p style=\"font-size: 16px; margin-bottom: 15px;\">Lisaks vastab seade rangetele rahvusvahelistele ohutusdirektiividele. Elektroonikakomponendid on CE-sertifitseeritud, mis n\u00e4itab vastavust tervise-, ohutus- ja keskkonnakaitse standarditele toodete jaoks, mida m\u00fc\u00fcakse Euroopa Majanduspiirkonnas. Sisemine aku ja vooluahelad kannavad ka RoHS-i (ohtlike ainete kasutamise piiramise) sertifikaati, mis kinnitab, et toode on t\u00e4ielikult vaba ohtlikest raskmetallidest, nagu pliiv, elavh\u00f5be ja kaadmium. Neid s\u00f5ltumatuid valideerimisi prioriteediks seades tagab VapeXYZ, et iga hulgim\u00fc\u00fcgi tellimus toimetab teie jaem\u00fc\u00fcgi riiulitele turvalisi, seaduslikult vastavaid ja v\u00e4ga usaldusv\u00e4\u00e4rseid kaupu.<\/p>\n<h3 style=\"color: #003a8c; margin-top: 30px;\">V\u00f5rdlev anal\u00fc\u00fcs: Tehnilised andmed<\/h3>\n<p style=\"font-size: 16px; margin-bottom: 15px;\">Tehnoloogilise h\u00fcppe selgeks illustreerimiseks on j\u00e4rgmises tabelis esitatud k\u00f5rval k\u00f5rval tehniline v\u00f5rdlus vana s\u00fcsteemi ja t\u00e4iendatud seadme vahel. Need andmed annavad hulgiostjatele v\u00f5imaluse uue mudeli v\u00e4\u00e4rtuspakkumist selgelt m\u00f5ista.<\/p>\n<table style=\"width: 100%; border-collapse: collapse; background: #ffffff; border-radius: 8px; overflow: hidden; font-size: 16px; box-shadow: 0 2px 8px rgba(0,0,0,0.1); margin-bottom: 30px;\">\n<thead>\n<tr style=\"background-color: #0050b3; color: white;\">\n<th style=\"padding: 16px; text-align: left; font-weight: bold; width: 30%;\">Tehniline m\u00f5\u00f5dik<\/th>\n<th style=\"padding: 16px; text-align: left; font-weight: bold; width: 35%;\">BANG TORNADO 13000<\/th>\n<th style=\"padding: 16px; text-align: left; font-weight: bold; width: 35%;\">BANG BOX 20000<\/th>\n<\/tr>\n<\/thead>\n<tbody>\n<tr style=\"border-bottom: 1px solid #e8e8e8;\">\n<td style=\"padding: 16px; background-color: #fafafa; font-weight: bold; color: #333;\">Operatiivne v\u00f5imsus<\/td>\n<td style=\"padding: 16px; color: #555;\">Kinnitatud kuni 13 000 kasutuskorda<\/td>\n<td style=\"padding: 16px; color: #1890ff; font-weight: bold;\">Kinnitatud kuni 20 000 kasutuskorda<\/td>\n<\/tr>\n<tr style=\"border-bottom: 1px solid #e8e8e8;\">\n<td style=\"padding: 16px; background-color: #fafafa; font-weight: bold; color: #333;\">Toite edastamine<\/td>\n<td style=\"padding: 16px; color: #555;\">650mAh (Laadimine n\u00f5utav)<\/td>\n<td style=\"padding: 16px; color: #1890ff; font-weight: bold;\">K\u00f5rge Tihedusega Rakk (Pidev V\u00e4ljund)<\/td>\n<\/tr>\n<tr style=\"border-bottom: 1px solid #e8e8e8;\">\n<td style=\"padding: 16px; background-color: #fafafa; font-weight: bold; color: #333;\">Mahuti maht<\/td>\n<td style=\"padding: 16px; color: #555;\">23 ml sisemine maht<\/td>\n<td style=\"padding: 16px; color: #1890ff; font-weight: bold;\">Laiendatud k\u00f5rge tootlikusega v\u00f5imsus<\/td>\n<\/tr>\n<tr style=\"border-bottom: 1px solid #e8e8e8;\">\n<td style=\"padding: 16px; background-color: #fafafa; font-weight: bold; color: #333;\">K\u00fctearhitektuur<\/td>\n<td style=\"padding: 16px; color: #555;\">Standardne v\u00f5rguelement<\/td>\n<td style=\"padding: 16px; color: #1890ff; font-weight: bold;\">J\u00e4rgmis p\u00f5lvkonna termod\u00fcnaamiline v\u00f5rk<\/td>\n<\/tr>\n<tr>\n<td style=\"padding: 16px; background-color: #fafafa; font-weight: bold; color: #333;\">Aroomaportfell<\/td>\n<td style=\"padding: 16px; color: #555;\">16 standardprofiili<\/td>\n<td style=\"padding: 16px; color: #1890ff; font-weight: bold;\">12+ Uusimaid Segusid<\/td>\n<\/tr>\n<\/tbody>\n<\/table>\n<h3 style=\"color: #003a8c; margin-top: 30px;\">Kureeritud Aroomiprofiilid ja Botaanilised Segud<\/h3>\n<p style=\"font-size: 16px; margin-bottom: 15px;\">Kasutajakogemuse kriitiline komponent seisneb sensoorses kohaletoimetamises. BANG BOX 20000 tutvustab k\u00f5rgelt rafineeritud maitsete portfelli, mis saavutatakse premium botaaniliste ekstraktide ja toidukvaliteediga aromaatsete \u00fchendite t\u00e4pse kombinatsiooni abil. Selle asemel, et tugineda kunstlikele magustajatele, mis v\u00f5ivad k\u00fctteselementi kahjustada, kasutavad meie preparaadid tasakaalustatud, termiliselt stabiilseid koostisosi.<\/p>\n<p style=\"font-size: 16px; margin-bottom: 15px;\">Kasutajad saavad valida laia profiilivaliku hulgast, alates teravatest, puuvilja inspireeritud segudest nagu Banana Ice ja Mango On Ice, kuni rikaste, traditsiooniliste profiilideni, mis on m\u00f5eldud k\u00fcpsetele maitsetele. T\u00e4iustatud jahutusainete integreerimine pakub v\u00e4rskendavat kurku l\u00f6\u00f6vat efekti ilma primaarsete aromaatiliste nootide maskeerimiseta. Laiendatud sisemise reservuaari ja t\u00f5husa v\u00f5rguspiraali t\u00f5ttu j\u00e4\u00e4b sensoorsed kogemus uskumatult \u00fchtlaseks. Seadme eluea l\u00f5henemiseni ei esine halvenemist ega \u201cp\u00f5letatud\u201d maitset; viimane t\u00f5mme on konstrueeritud sama tugevaks ja rahuldavaks kui esimene.<\/p>\n<div style=\"background-color: #f6ffed; border-radius: 12px; padding: 25px; margin: 30px 0; border: 1px solid #b7eb8f; box-shadow: 0 4px 6px rgba(0,0,0,0.05);\">\n<h4 style=\"color: #389e0d; margin-top: 0; text-align: center; font-size: 20px; text-transform: uppercase;\">Strateegilised eelised hulgim\u00fc\u00fcgi partneritele<\/h4>\n<div style=\"display: flex; align-items: flex-start; margin: 20px 0; padding: 15px; background: white; border-radius: 8px; border-left: 4px solid #52c41a;\"><span style=\"font-size: 28px; margin-right: 15px; line-height: 1;\">\ud83d\udcca<\/span><\/p>\n<div>Maksimeeritud jaem\u00fc\u00fcgi ROI<br \/>\n<span style=\"color: #333; font-size: 15px;\">\u00dcleminek 20 000-kasutusega seadmesse v\u00f5imaldab jaem\u00fc\u00fcjatel pakkuda oma klientidele paremat v\u00e4\u00e4rtuspakkumist. K\u00f5rgema mahutavusega seadmed n\u00f5uavad tugevamaid marginaale ja loovad pikaajalise kliendilojaalsuse, v\u00e4hendades vajalike asenduste sagedust.<\/span><\/div>\n<\/div>\n<div style=\"display: flex; align-items: flex-start; margin: 20px 0; padding: 15px; background: white; border-radius: 8px; border-left: 4px solid #52c41a;\"><span style=\"font-size: 28px; margin-right: 15px; line-height: 1;\">\u26a1<\/span><\/p>\n<div>Sujuv kasutajakogemus<br \/>\n<span style=\"color: #333; font-size: 15px;\">K\u00fclgv\u00e4\u00e4rtuse laadimiskaablite ja pideva j\u00e4lgimise vajaduse k\u00f5rvaldamisega minimeerib see \u00fchekordselt kasutatav vape kasutaja vea ja tagastused. See t\u00f6\u00f6tab veatult pakendist v\u00e4lja, tagades kohese tarbija rahulolu.<\/span><\/div>\n<\/div>\n<div style=\"display: flex; align-items: flex-start; margin: 20px 0; padding: 15px; background: white; border-radius: 8px; border-left: 4px solid #52c41a;\"><span style=\"font-size: 28px; margin-right: 15px; line-height: 1;\">\ud83d\udce6<\/span><\/p>\n<div>Optimeeritud logistika VapeXYZ-is<br \/>\n<span style=\"color: #333; font-size: 15px;\">T\u00e4htsa B2B turustajana toetab VapeXYZ madalat minimaalset tellimuskogust (MOQ) vaid 10 \u00fchikut, v\u00f5imaldades igas suuruses ettev\u00f5tetel testida turun\u00f5udlust ilma suurte ettemakseteta kapitalita. Meie turvaline tarneahel garanteerib autentse, tehase otsekaubanduse.<\/span><\/div>\n<\/div>\n<\/div>\n<h3 style=\"color: #003a8c; margin-top: 30px;\">Korduma kippuvad k\u00fcsimused (tehnilised ja praktilised)<\/h3>\n<div style=\"background-color: #fff7e6; border-radius: 12px; padding: 25px; margin: 20px 0; border: 1px solid #ffd591; box-shadow: 0 4px 6px rgba(0,0,0,0.05);\">\n<div style=\"margin-bottom: 20px; padding-bottom: 20px; border-bottom: 1px solid #ffc069;\">\n<p style=\"color: #d46b08; margin-bottom: 8px; font-size: 18px; font-weight: bold;\">Kuidas tagatakse konstruktsiooni terviklikkus \u00fcle 20 000 kasutuskorda?<\/p>\n<p style=\"margin-top: 0; color: #555; font-size: 15px; line-height: 1.6;\">Sisemine raamistik kasutab lennundusklassi pol\u00fckarbonaati laiendatud reservuaari majutamiseks. See takistab f\u00fc\u00fcsilisi mikro-murdusid ja tagab, et seade j\u00e4\u00e4b lekkeprooviks n\u00e4dalatepikkuse pideva t\u00f6\u00f6 \u00fcle, kaitstes t\u00f5husalt nii akuplokki kui ka sisemisi lahendusi.<\/p>\n<\/div>\n<div style=\"margin-bottom: 20px; padding-bottom: 20px; border-bottom: 1px solid #ffc069;\">\n<p style=\"color: #d46b08; margin-bottom: 8px; font-size: 18px; font-weight: bold;\">Kas TORNADO sarja p\u00e4rand aromaatilised segud on veel saadaval?<\/p>\n<p style=\"margin-top: 0; color: #555; font-size: 15px; line-height: 1.6;\">Jah. Meie keemiainsenerid on hoolikalt \u00fcle kantud k\u00f5ige edukamad ja k\u00f5rge j\u00f5udlusega profiilid 13 000 mudelist uude s\u00fcsteemi. Lisaks t\u00e4iustab t\u00e4iustatud v\u00f5rem\u00e4his tegelikult nende tuttavate maitsete selgust ja s\u00fcgavust, tutvustades samal ajal tosinat uut botaanilist koostist, mis on spetsiaalselt selle seadme jaoks kalibreeritud.<\/p>\n<\/div>\n<div style=\"margin-bottom: 20px; padding-bottom: 20px; border-bottom: 1px solid #ffc069;\">\n<p style=\"color: #d46b08; margin-bottom: 8px; font-size: 18px; font-weight: bold;\">Millised on keskkonna s\u00e4ilitusparameetrid optimaalseks kasutamiseks?<\/p>\n<p style=\"margin-top: 0; color: #555; font-size: 15px; line-height: 1.6;\">Maksimaalse pikaealisuse saavutamiseks tuleks veipeseadmeid hoida toatemperatuuril (umbes 20\u00b0C kuni 25\u00b0C). V\u00e4ltige seadme j\u00e4tmist otsese p\u00e4ikesevalguse v\u00f5i k\u00fclmumis tingimustesse, kuna \u00e4\u00e4rmuslikud temperatuurik\u00f5ikumised v\u00f5ivad ajutiselt m\u00f5jutada sisemise lahuse viskoossust ja halvendada aku keemiat.<\/p>\n<\/div>\n<div>\n<p style=\"color: #d46b08; margin-bottom: 8px; font-size: 18px; font-weight: bold;\">Miks valida VapeXYZ hulgi \u00fchekordselt kasutatavate aurustite ostmiseks?<\/p>\n<p style=\"margin-top: 0; color: #555; font-size: 15px; line-height: 1.6;\">VapeXYZ \u00fchendab \u00fcle 8 aasta spetsialiseeritud logistikaalase kogemuse tootja otsehindadega. Meie ranged sisemised kvaliteedikontrollid, kiire rahvusvaheline saatmine ja madalad minimaalsed tellimuskogused v\u00f5imaldavad jaem\u00fc\u00fcjatel oma laoseisu t\u00f5husalt ja usaldusv\u00e4\u00e4rselt suurendada t\u00e4ielikult autentitud ja vastavuses olevate toodetega.<\/p>\n<\/div>\n<\/div>\n<div style=\"background: linear-gradient(135deg, #0050b3 0%, #1890ff 100%); color: white; padding: 30px; border-radius: 12px; text-align: center; margin: 40px 0; box-shadow: 0 6px 12px rgba(0,0,0,0.15);\">\n<h3 style=\"margin-top: 0; font-size: 26px; text-transform: uppercase; letter-spacing: 1px; text-shadow: 1px 1px 2px rgba(0,0,0,0.2);\">T\u00f5stke oma inventuur j\u00e4rgmise p\u00f5lvkonna riistvaraga uuele tasemele<\/h3>\n<p style=\"font-size: 18px; margin-bottom: 15px; line-height: 1.6;\">\u00dcleminek TORNADOst BANG BOX 20000sse t\u00e4histab p\u00f6\u00f6rdelist momenti riistvara efektiivsuses ja sensoorses kohaletoimetamises.<\/p>\n<p style=\"font-size: 16px; opacity: 0.9; margin-bottom: 0;\">Empiirilise testimise, range regulatiivse vastavuse ja v\u00f5rreldamatu insenerit\u00f6\u00f6ga toetatud see on kaasaegsete tarbijate jaoks l\u00f5plik k\u00f5rge mahutavusega lahendus. Partneriks VapeXYZ-ga t\u00e4na, et kindlustada esmaklassilised, kontrollitud seadmed t\u00f6\u00f6stusharu juhtivate hulgim\u00fc\u00fcgihindadega.<\/p>\n<\/div>\n<\/article>","protected":false},"excerpt":{"rendered":"<div class=\"custom-product\" style=\"border: 1px solid #eee; text-align: center; max-width: 100%; margin: 0 auto; font-family: Arial, sans-serif; box-sizing: border-box;\">\n        <!-- Product image - full width -->\n        <a href=\"https:\/\/vapexyz.com\/et\/product\/bang-box-20000-puffs-vape-0-2-3-5-nicotine-rechargeable-bulk-buy-disposable-vape-wholesale\/\" style=\"display: block; margin-bottom: 15px;\">\n            <img decoding=\"async\" src=\"https:\/\/vapexyz.com\/wp-content\/uploads\/2024\/05\/bang-box-20000-puffs-17.webp\" alt=\"BANG BOX 20000 Puffs 20K Vape Taaslaetav Hulgim\u00fc\u00fck \u00dchekordselt Kasutatav Vape Hulgiostmine\" style=\"width: 100%; height: auto; display: block;\">        <\/a>\n        \n        <!-- Product name -->\n        <h3 style=\"margin: 10px 0; font-size: 1.2em; line-height: 1.4; color: #333;\">\n            BANG BOX 20000 Puffs 20K Vape Taaslaetav Hulgim\u00fc\u00fck \u00dchekordselt Kasutatav Vape Hulgiostmine        <\/h3>\n        \n        <!-- Product price -->\n        <div class=\"price\" style=\"color: #ff0000; font-weight: bold; font-size: 1.4em; margin: 10px 0;\">\n            \t\t<span class=\"tiered-pricing-dynamic-price-wrapper tiered-pricing-dynamic-price-wrapper--variable\"\n\t\t\t  data-display-context=\"shop-loop\"\n\t\t\t  data-price-type=\"dynamic\"\n\t\t\t  data-product-id=\"22807\"\n\t\t\t  data-parent-id=\"22807\">\n\t\t\t<span class=\"woocommerce-Price-amount amount\"><bdi><span class=\"woocommerce-Price-currencySymbol\">\u20ac<\/span>5.50<\/bdi><\/span><\/span>        <\/div>\n        \n        <!-- Product rating -->\n        <div class=\"rating\" style=\"margin: 15px 0; min-height: 25px;\">\n            <div class=\"star-rating\" role=\"img\" aria-label=\"Hinnatud 5,00 5-st\"><span style=\"width:100%\">Hinnatud <strong class=\"rating\">5.00<\/strong> 5-st<\/span><\/div>        <\/div>\n        \n        <!-- Buy Now button -->\n        <div class=\"buy-now-button\" style=\"margin-top: 20px;\">\n            <a href=\"https:\/\/vapexyz.com\/et\/product\/bang-box-20000-puffs-vape-0-2-3-5-nicotine-rechargeable-bulk-buy-disposable-vape-wholesale\/\" \n               class=\"buy-now-btn\" \n               style=\"display: inline-block; background-color: #4CAF50; color: white !important; padding: 12px 24px; text-align: center; text-decoration: none; font-weight: bold; border-radius: 4px; transition: all 0.3s; border: none; cursor: pointer; font-size: 1em;\">\n                Osta kohe            <\/a>\n        <\/div>\n    <\/div>","protected":false},"featured_media":16872,"comment_status":"open","ping_status":"closed","template":"","meta":{"_lmt_disableupdate":"no","_lmt_disable":""},"product_brand":[],"product_cat":[992,821,1019,1020,935,934,927,929,928,930,933,939,932,938,931,936,937,1017,1021,1022,946,1023,1025,1026,951,1028,1029,1032,1033,953,1037,955,987,1038],"product_tag":[],"class_list":{"0":"post-16873","1":"product","2":"type-product","3":"status-publish","4":"has-post-thumbnail","6":"product_cat-13000-puff-vapes","7":"product_cat-bang","8":"product_cat-blue-razz-flavor-disposable-vapes","9":"product_cat-blueberry-flavor-disposable-vapes","10":"product_cat-bulk-buy-disposable-vapes-in-austria","11":"product_cat-bulk-buy-disposable-vapes-in-belgium","12":"product_cat-bulk-buy-disposable-vapes-in-europe","13":"product_cat-bulk-buy-disposable-vapes-in-france","14":"product_cat-bulk-buy-disposable-vapes-in-germany","15":"product_cat-bulk-buy-disposable-vapes-in-italy","16":"product_cat-bulk-buy-disposable-vapes-in-netherlands","17":"product_cat-bulk-buy-disposable-vapes-in-norway","18":"product_cat-bulk-buy-disposable-vapes-in-poland","19":"product_cat-bulk-buy-disposable-vapes-in-portugal","20":"product_cat-bulk-buy-disposable-vapes-in-spain","21":"product_cat-bulk-buy-disposable-vapes-in-sweden","22":"product_cat-bulk-buy-disposable-vapes-in-switzerland","23":"product_cat-buy-best-disposable-vape-flavors","24":"product_cat-cherry-flavor-disposable-vapes","25":"product_cat-cola-flavor-disposable-vapes","26":"product_cat-disposable-vapes-series","27":"product_cat-grape-flavor-disposable-vapes","28":"product_cat-ice-flavor-disposable-vapes","29":"product_cat-kiwi-flavor-disposable-vapes","30":"product_cat-lower-nicotine-vapes","31":"product_cat-lush-flavor-disposable-vapes","32":"product_cat-mango-flavor-disposable-vapes","33":"product_cat-passion-fruit-flavor-disposable-vapes","34":"product_cat-peach-flavor-disposable-vapes","35":"product_cat-rechargeable-vapes","36":"product_cat-strawberry-flavor-disposable-vapes","37":"product_cat-tornado-vapes","38":"product_cat-vape-shop-by-puffs","39":"product_cat-watermelon-flavor-disposable-vapes","41":"first","42":"outofstock","43":"shipping-taxable","44":"purchasable","45":"product-type-simple"},"jetpack_sharing_enabled":true,"tiered_pricing_type":"fixed","tiered_pricing_fixed_rules":[],"tiered_pricing_product_settings":{"layout":"default","base_unit_name":{"singular":null,"plural":null},"default_variation":null},"tiered_pricing_minimum_quantity":null,"tiered_pricing_roles_data":[],"tiered_pricing_percentage_rules":[],"tiered_pricing_maximum_quantity":null,"tiered_pricing_quantity_step":null,"_links":{"self":[{"href":"https:\/\/vapexyz.com\/et\/wp-json\/wp\/v2\/product\/16873","targetHints":{"allow":["GET"]}}],"collection":[{"href":"https:\/\/vapexyz.com\/et\/wp-json\/wp\/v2\/product"}],"about":[{"href":"https:\/\/vapexyz.com\/et\/wp-json\/wp\/v2\/types\/product"}],"replies":[{"embeddable":true,"href":"https:\/\/vapexyz.com\/et\/wp-json\/wp\/v2\/comments?post=16873"}],"wp:featuredmedia":[{"embeddable":true,"href":"https:\/\/vapexyz.com\/et\/wp-json\/wp\/v2\/media\/16872"}],"wp:attachment":[{"href":"https:\/\/vapexyz.com\/et\/wp-json\/wp\/v2\/media?parent=16873"}],"wp:term":[{"taxonomy":"product_brand","embeddable":true,"href":"https:\/\/vapexyz.com\/et\/wp-json\/wp\/v2\/product_brand?post=16873"},{"taxonomy":"product_cat","embeddable":true,"href":"https:\/\/vapexyz.com\/et\/wp-json\/wp\/v2\/product_cat?post=16873"},{"taxonomy":"product_tag","embeddable":true,"href":"https:\/\/vapexyz.com\/et\/wp-json\/wp\/v2\/product_tag?post=16873"}],"curies":[{"name":"wp","href":"https:\/\/api.w.org\/{rel}","templated":true}]}}