{"id":16864,"date":"2024-03-09T09:50:49","date_gmt":"2024-03-09T09:50:49","guid":{"rendered":"https:\/\/vapexyz.com\/product\/bang-de-rechargeable-disposable-kit-8500-puffs-20ml\/"},"modified":"2026-02-06T02:11:10","modified_gmt":"2026-02-06T02:11:10","slug":"bang-de-laetav-uhekordne-komplekt-8500-pahvi-20ml","status":"publish","type":"product","link":"https:\/\/vapexyz.com\/et\/product\/bang-de-rechargeable-disposable-kit-8500-puffs-20ml\/","title":{"rendered":"Bang DE laetav \u00fchekordselt kasutatav komplekt 8500 pihustit 20ml"},"content":{"rendered":"<article>\n<h2>Suurep\u00e4rased uudised BANG DE 8500 Puffsi kohta ja <a href=\"https:\/\/vapexyz.com\/et\/toode\/bang-king-smartscreen-15000-pahvi-0-2-3-5-nikotiiniga-laetav-uhekordne-vape-hulgimuuk\/\">BANG KING 15000<\/a> Puhmad!<\/h2>\n<p>Tere s\u00f5brad! Meil on teiega jagada oluline uudis. Meie populaarne BANG DE 8500 Puffs on olnud paljudele teistest usaldusv\u00e4\u00e4rne s\u00f5ber. Aga m\u00f5nikord, isegi head s\u00f5brad peavad h\u00fcvasti j\u00e4tma\u2026<\/p>\n<p>Aga oota! Meil on sulle k\u00f5ige imelisem \u00fcllatus!<\/p>\n<p>Tutvustagem teile h\u00e4mmastavat BANG KING 15000 Puffs! See on nagu BANG DE oleks \u00f5ppinud m\u00f5ned uskumatud uued trikid ja muutunud veelgi lahedamaks!<\/p>\n<h3>Teie Vapingukogemus On N\u00fc\u00fcd Veel Parem!<\/h3>\n<p>Kujutage ette, et teie lemmikm\u00e4nguasi saab maagilise uuenduse, mis muudab selle kaks korda l\u00f5busamaks! T\u00e4pselt seda juhtuski BANG KINGiga!<\/p>\n<div style=\"background-color: #e8f5e8;border-radius: 12px;padding: 18px;margin: 20px 0;border-left: 5px solid #4CAF50\">\n<h4 style=\"margin-top: 0;color: #2e7d32;text-align: center\">Mis teeb BANG KINGi nii eriliseks:<\/h4>\n<ul style=\"color: #1b5e20\">\n<li>Peaaegu topelt nii palju puffs! 8 500-st 15 000-ni!<\/li>\n<li>Samad nikotiinivalikud, mida sa armastad: 0%, 2%, 3% v\u00f5i 5%<\/li>\n<li>Maagiline ekraan, mis n\u00e4itab k\u00f5ike!<\/li>\n<li>Suurem aku, mis kestab kauem!<\/li>\n<li>Vedelikum rohkem t\u00e4hendab l\u00f5busamat aega!<\/li>\n<\/ul>\n<\/div>\n<h3>Vaadakem, kuidas nad v\u00f5rdlevad! \ud83d\udd0d<\/h3>\n<table style=\"width: 100%;border-collapse: collapse;background: #f9f9f9;border-radius: 8px;overflow: hidden;font-size: 16px\">\n<tbody>\n<tr style=\"background-color: #4caf50;color: white\">\n<th style=\"padding: 14px;text-align: left\">Funktsioonid<\/th>\n<th style=\"padding: 14px;text-align: left\">BANG DE 8500<\/th>\n<th style=\"padding: 14px;text-align: left\">BANG KING 15000<\/th>\n<\/tr>\n<tr style=\"border-bottom: 1px solid #ddd\">\n<td style=\"padding: 14px;background-color: #f1f8e9\">Puhke kokku<\/td>\n<td style=\"padding: 14px\">8500 pahvi<\/td>\n<td style=\"padding: 14px;color: #4caf50\">15 000 pahvi<\/td>\n<\/tr>\n<tr style=\"border-bottom: 1px solid #ddd\">\n<td style=\"padding: 14px;background-color: #f1f8e9\">Aku suurus<\/td>\n<td style=\"padding: 14px\">550 mAh<\/td>\n<td style=\"padding: 14px;color: #4caf50\">650 mAh<\/td>\n<\/tr>\n<tr style=\"border-bottom: 1px solid #ddd\">\n<td style=\"padding: 14px;background-color: #f1f8e9\">Vedelikukogus<\/td>\n<td style=\"padding: 14px\">18 ml<\/td>\n<td style=\"padding: 14px;color: #4caf50\">25 ml<\/td>\n<\/tr>\n<tr style=\"border-bottom: 1px solid #ddd\">\n<td style=\"padding: 14px;background-color: #f1f8e9\">Ekraanikuva<\/td>\n<td style=\"padding: 14px\">Ekraani pole<\/td>\n<td style=\"padding: 14px;color: #4caf50\">Nutiekraan kaasa arvatud<\/td>\n<\/tr>\n<tr>\n<td style=\"padding: 14px;background-color: #f1f8e9\">Flavor Choices<\/td>\n<td style=\"padding: 14px\">12 maitset<\/td>\n<td style=\"padding: 14px;color: #4caf50\">12 uut maitset<\/td>\n<\/tr>\n<\/tbody>\n<\/table>\n<h3>BANG KINGi nutikate funktsioonide v\u00f5lu!<\/h3>\n<div style=\"background-color: #fff3e0;border-radius: 10px;padding: 20px;margin: 20px 0;border: 2px solid #ffb74d\">\n<h4 style=\"color: #e65100;margin-top: 0;text-align: center\">Mida te armastate uuenduse juures:<\/h4>\n<div style=\"align-items: center;margin: 12px 0;padding: 10px;background: white;border-radius: 8px\">\n<p><span style=\"font-size: 28px;margin-right: 12px\">\ud83d\udc41\ufe0f<\/span><\/p>\n<div><span style=\"color: #5d4037\">N\u00e4e k\u00f5ike selgelt: nutikas ekraan n\u00e4itab aku ja vedeliku taset, nii et sa ei j\u00e4\u00e4 kunagi \u00fcllatuseks!<\/span><\/div>\n<\/div>\n<div style=\"align-items: center;margin: 12px 0;padding: 10px;background: white;border-radius: 8px\">\n<p><span style=\"font-size: 28px;margin-right: 12px\">\u26a1<\/span><\/p>\n<div><span style=\"color: #5d4037\">Kahekordistage seiklust: 15 000 t\u00f5mmet t\u00e4hendab kaks korda rohkem l\u00f5bu ja naudingut!<\/span><\/div>\n<\/div>\n<div style=\"align-items: center;margin: 12px 0;padding: 10px;background: white;border-radius: 8px\">\n<p><span style=\"font-size: 28px;margin-right: 12px\">\ud83d\udd0b<\/span><\/p>\n<div><span style=\"color: #5d4037\">V\u00f5imsus, mis kestab: suurem aku t\u00e4hendab rohkem aega laadimiste vahel!<\/span><\/div>\n<\/div>\n<\/div>\n<h3>K\u00fcsimused, Mida Teil V\u00f5ib-Olla<\/h3>\n<div style=\"background-color: #e3f2fd;border-radius: 10px;padding: 18px;margin: 20px 0\">\n<div style=\"margin-bottom: 16px;padding-bottom: 16px;border-bottom: 1px solid #90CAF9\">\n<p style=\"color: #1565c0;margin-bottom: 6px;font-size: 17px\">Kas mulle meeldib uus maitse?<\/p>\n<p style=\"margin-top: 0;color: #0d47a1\">BANG KING toob turule p\u00f5nevaid uusi maitseid nagu Blue Freeze, Berry Blast ja Strawberry Lychee! See on nagu avastada oma uusi lemmikkommikuid!<\/p>\n<\/div>\n<div style=\"margin-bottom: 16px;padding-bottom: 16px;border-bottom: 1px solid #90CAF9\">\n<p style=\"color: #1565c0;margin-bottom: 6px;font-size: 17px\">Kas ekraan on t\u00f5esti abiks?<\/p>\n<p style=\"margin-top: 0;color: #0d47a1\">Oh jah! See on nagu maagiline aken, mis n\u00e4itab t\u00e4pselt, kui palju energiat ja vedelikku sul veel alles on! Pole enam \u00e4raarvamism\u00e4nge!<\/p>\n<\/div>\n<div>\n<p style=\"color: #1565c0;margin-bottom: 6px;font-size: 17px\">Mis laadimisaegade kohta?<\/p>\n<p style=\"margin-top: 0;color: #0d47a1\">Kasutab endiselt sama h\u00f5lpsat Type-C laadimist, kuid n\u00fc\u00fcd t\u00e4hendab suurem aku, et peate seda harvemini laadima!<\/p>\n<\/div>\n<\/div>\n<div style=\"background-color: #4caf50;color: white;padding: 22px;border-radius: 15px;text-align: center;margin: 25px 0\">\n<h3 style=\"margin-top: 0;font-size: 22px\">Valmis Oma T\u00e4iendamise Seikluseks?<\/h3>\n<p style=\"font-size: 18px;margin-bottom: 12px\">M\u00f5tle sellele mitte kui h\u00fcvasti j\u00e4tmisele, vaid kui p\u00f5neva uue teekonna algusele veelgi parema kaaslasega!<\/p>\n<p style=\"font-size: 19px\">Rohkem puffs'e, nutikad funktsioonid, sama suurep\u00e4rane kogemus \u2013 teie veipimine on just uuele tasemele j\u00f5udnud!<\/p>\n<\/div>\n<\/article>","protected":false},"excerpt":{"rendered":"<div class=\"custom-product\" style=\"border: 1px solid #eee; text-align: center; max-width: 100%; margin: 0 auto; font-family: Arial, sans-serif; box-sizing: border-box;\">\n        <!-- Product image - full width -->\n        <a href=\"https:\/\/vapexyz.com\/et\/product\/bang-king-smartscreen-15000-puffs-0-2-3-5-nicotine-rechargeable-disposable-vape-wholesale\/\" style=\"display: block; margin-bottom: 15px;\">\n            <img decoding=\"async\" src=\"https:\/\/vapexyz.com\/wp-content\/uploads\/2024\/03\/bang-king-15000.webp\" alt=\"BANG KING SmartScreen 15000 Puffi Laetav \u00dchekordselt Kasutatav Vape Hulgim\u00fc\u00fck\" style=\"width: 100%; height: auto; display: block;\">        <\/a>\n        \n        <!-- Product name -->\n        <h3 style=\"margin: 10px 0; font-size: 1.2em; line-height: 1.4; color: #333;\">\n            BANG KING SmartScreen 15000 Puffi Laetav \u00dchekordselt Kasutatav Vape Hulgim\u00fc\u00fck        <\/h3>\n        \n        <!-- Product price -->\n        <div class=\"price\" style=\"color: #ff0000; font-weight: bold; font-size: 1.4em; margin: 10px 0;\">\n            \t\t<span class=\"tiered-pricing-dynamic-price-wrapper tiered-pricing-dynamic-price-wrapper--variable\"\n\t\t\t  data-display-context=\"shop-loop\"\n\t\t\t  data-price-type=\"dynamic\"\n\t\t\t  data-product-id=\"16941\"\n\t\t\t  data-parent-id=\"16941\">\n\t\t\tAlates <span class=\"woocommerce-Price-amount amount\"><bdi><span class=\"woocommerce-Price-currencySymbol\">\u20ac<\/span>5.09<\/bdi><\/span><\/span>        <\/div>\n        \n        <!-- Product rating -->\n        <div class=\"rating\" style=\"margin: 15px 0; min-height: 25px;\">\n            <div class=\"star-rating\" role=\"img\" aria-label=\"Hinnatud 5,00 5-st\"><span style=\"width:100%\">Hinnatud <strong class=\"rating\">5.00<\/strong> 5-st<\/span><\/div>        <\/div>\n        \n        <!-- Buy Now button -->\n        <div class=\"buy-now-button\" style=\"margin-top: 20px;\">\n            <a href=\"https:\/\/vapexyz.com\/et\/product\/bang-king-smartscreen-15000-puffs-0-2-3-5-nicotine-rechargeable-disposable-vape-wholesale\/\" \n               class=\"buy-now-btn\" \n               style=\"display: inline-block; background-color: #4CAF50; color: white !important; padding: 12px 24px; text-align: center; text-decoration: none; font-weight: bold; border-radius: 4px; transition: all 0.3s; border: none; cursor: pointer; font-size: 1em;\">\n                Osta kohe            <\/a>\n        <\/div>\n    <\/div>","protected":false},"featured_media":16863,"comment_status":"open","ping_status":"closed","template":"","meta":{"_lmt_disableupdate":"no","_lmt_disable":""},"product_brand":[],"product_cat":[1018,821,1020,935,934,927,929,928,930,933,939,932,938,931,936,937,1017,1022,946,1023,1025,1026,951,1029,1030,1031,1033,953,1037,987,1038],"product_tag":[],"class_list":{"0":"post-16864","1":"product","2":"type-product","3":"status-publish","4":"has-post-thumbnail","6":"product_cat-apple-flavor-disposable-vapes","7":"product_cat-bang","8":"product_cat-blueberry-flavor-disposable-vapes","9":"product_cat-bulk-buy-disposable-vapes-in-austria","10":"product_cat-bulk-buy-disposable-vapes-in-belgium","11":"product_cat-bulk-buy-disposable-vapes-in-europe","12":"product_cat-bulk-buy-disposable-vapes-in-france","13":"product_cat-bulk-buy-disposable-vapes-in-germany","14":"product_cat-bulk-buy-disposable-vapes-in-italy","15":"product_cat-bulk-buy-disposable-vapes-in-netherlands","16":"product_cat-bulk-buy-disposable-vapes-in-norway","17":"product_cat-bulk-buy-disposable-vapes-in-poland","18":"product_cat-bulk-buy-disposable-vapes-in-portugal","19":"product_cat-bulk-buy-disposable-vapes-in-spain","20":"product_cat-bulk-buy-disposable-vapes-in-sweden","21":"product_cat-bulk-buy-disposable-vapes-in-switzerland","22":"product_cat-buy-best-disposable-vape-flavors","23":"product_cat-cola-flavor-disposable-vapes","24":"product_cat-disposable-vapes-series","25":"product_cat-grape-flavor-disposable-vapes","26":"product_cat-ice-flavor-disposable-vapes","27":"product_cat-kiwi-flavor-disposable-vapes","28":"product_cat-lower-nicotine-vapes","29":"product_cat-mango-flavor-disposable-vapes","30":"product_cat-mint-flavor-disposable-vapes","31":"product_cat-mixed-berries-flavor-disposable-vapes","32":"product_cat-peach-flavor-disposable-vapes","33":"product_cat-rechargeable-vapes","34":"product_cat-strawberry-flavor-disposable-vapes","35":"product_cat-vape-shop-by-puffs","36":"product_cat-watermelon-flavor-disposable-vapes","38":"first","39":"outofstock","40":"shipping-taxable","41":"purchasable","42":"product-type-simple"},"jetpack_sharing_enabled":true,"tiered_pricing_type":"fixed","tiered_pricing_fixed_rules":[],"tiered_pricing_product_settings":{"layout":"default","base_unit_name":{"singular":null,"plural":null},"default_variation":null},"tiered_pricing_minimum_quantity":null,"tiered_pricing_roles_data":[],"tiered_pricing_percentage_rules":[],"tiered_pricing_maximum_quantity":null,"tiered_pricing_quantity_step":null,"_links":{"self":[{"href":"https:\/\/vapexyz.com\/et\/wp-json\/wp\/v2\/product\/16864","targetHints":{"allow":["GET"]}}],"collection":[{"href":"https:\/\/vapexyz.com\/et\/wp-json\/wp\/v2\/product"}],"about":[{"href":"https:\/\/vapexyz.com\/et\/wp-json\/wp\/v2\/types\/product"}],"replies":[{"embeddable":true,"href":"https:\/\/vapexyz.com\/et\/wp-json\/wp\/v2\/comments?post=16864"}],"wp:featuredmedia":[{"embeddable":true,"href":"https:\/\/vapexyz.com\/et\/wp-json\/wp\/v2\/media\/16863"}],"wp:attachment":[{"href":"https:\/\/vapexyz.com\/et\/wp-json\/wp\/v2\/media?parent=16864"}],"wp:term":[{"taxonomy":"product_brand","embeddable":true,"href":"https:\/\/vapexyz.com\/et\/wp-json\/wp\/v2\/product_brand?post=16864"},{"taxonomy":"product_cat","embeddable":true,"href":"https:\/\/vapexyz.com\/et\/wp-json\/wp\/v2\/product_cat?post=16864"},{"taxonomy":"product_tag","embeddable":true,"href":"https:\/\/vapexyz.com\/et\/wp-json\/wp\/v2\/product_tag?post=16864"}],"curies":[{"name":"wp","href":"https:\/\/api.w.org\/{rel}","templated":true}]}}