{"id":4439,"date":"2021-10-12T16:27:24","date_gmt":"2021-10-12T16:27:24","guid":{"rendered":"http:\/\/dummy.xtemos.com\/woodmart2\/elementor\/?page_id=4439"},"modified":"2026-03-07T07:08:45","modified_gmt":"2026-03-07T07:08:45","slug":"vota-meiega-uhendust","status":"publish","type":"page","link":"https:\/\/vapexyz.com\/et\/contact-us\/","title":{"rendered":"V\u00f5ta meiega \u00fchendust"},"content":{"rendered":"<h4>K\u00dcSIMUSTEGA V\u00d5TKE MEIEGA \u00dcHENDUST<\/h4>\n<p>Enne meiega \u00fchenduse v\u00f5tmist kontrollige allolevat KKK jaotist, et n\u00e4ha, kas teie k\u00fcsimusele on juba vastatud. Kui te vastust ei leia, kasutage julgelt kontaktivormi ja me v\u00f5tame teiega t\u00f6\u00f6ajal vastu.<\/p>\n<p><strong>E-post:<\/strong>\u00a0info@vapexyz.com<\/p>\n<p><strong>Ettev\u00f5te:<\/strong>\u00a0CYBERGEN TECH O\u00dc<\/p>\n<p><strong>Aadress:<\/strong>\u00a0Ruum A516, 5\/k, Yee Fat t\u00f6\u00f6stushoone, 35 Tai Yau t\u00e4nav, San Po Kong, Kowloon, Hongkong<\/p>\n\n\t<section class=\"section\" id=\"section_145423888\">\n\t\t<div class=\"section-bg fill\" >\n\t\t\t\t\t\t\t\t\t\n\t\t\t\n\n\t\t<\/div>\n\n\t\t\n\n\t\t<div class=\"section-content relative\">\n\t\t\t\n<div class=\"row\"  id=\"row-927597275\">\n\n\t<div id=\"col-461786971\" class=\"col medium-6 small-12 large-6\"  >\n\t\t\t\t<div class=\"col-inner\"  >\n\t\t\t\n\t\t\t\n<h3 class=\"accordion_title\">KORDUMA KIPPUVAD K\u00dcSIMUSED<\/h3><div class=\"accordion\">\n\t<div id=\"accordion-1889728674\" class=\"accordion-item\">\n\t\t<a id=\"accordion-1889728674-label\" class=\"accordion-title plain\" href=\"#accordion-item-what-is-the-timeframe-for-receiving-a-refund?\" aria-expanded=\"false\" aria-controls=\"accordion-1889728674-content\" >\n\t\t\t<button class=\"toggle\" aria-label=\"L\u00fcliti\"><i class=\"icon-angle-down\"><\/i><\/button>\n\t\t\t<span>Mis on tagasimakse saamise t\u00e4htaeg?<\/span>\n\t\t<\/a>\n\t\t<div id=\"accordion-1889728674-content\" class=\"accordion-inner\" aria-labelledby=\"accordion-1889728674-label\" >\n\t\t\t\n<p>Tavaliselt t\u00f6\u00f6deldakse tagasimakseid otse teie pangakaardile ja selleks v\u00f5ib kuluda umbes 3\u201315 p\u00e4eva. T\u00e4pne kestus s\u00f5ltub peamiselt teie kohaliku panga t\u00f6\u00f6tlemisajast.<\/p>\n\t\t<\/div>\n\t<\/div>\n\t\n\t<div id=\"accordion-2494408410\" class=\"accordion-item\">\n\t\t<a id=\"accordion-2494408410-label\" class=\"accordion-title plain\" href=\"#accordion-item-how-can-i-track-my-order?\" aria-expanded=\"false\" aria-controls=\"accordion-2494408410-content\" >\n\t\t\t<button class=\"toggle\" aria-label=\"L\u00fcliti\"><i class=\"icon-angle-down\"><\/i><\/button>\n\t\t\t<span>Kuidas ma saan oma tellimust j\u00e4lgida?<\/span>\n\t\t<\/a>\n\t\t<div id=\"accordion-2494408410-content\" class=\"accordion-inner\" aria-labelledby=\"accordion-2494408410-label\" >\n\t\t\t\n<p>Tellimuse j\u00e4lgimiseks k\u00fclastage tellimuse lehte aadressil https:\/\/vapexyz.com\/my-account\/orders\/. Lisaks saadetakse teile e-posti teel j\u00e4lgimisnumber. Saate seda j\u00e4lgimisnumbrit kasutada oma tellimuse oleku j\u00e4lgimiseks aadressil https:\/\/www.17track.net.<\/p>\n<p>Enne tellimuse v\u00e4ljasaatmist kulub t\u00f6\u00f6tlemiseks ja tootmiseks 1\u20135 t\u00f6\u00f6p\u00e4eva.<\/p>\n\t\t<\/div>\n\t<\/div>\n\t\n\t<div id=\"accordion-1359194266\" class=\"accordion-item\">\n\t\t<a id=\"accordion-1359194266-label\" class=\"accordion-title plain\" href=\"#accordion-item-which-payment-methods-do-you-accept?\" aria-expanded=\"false\" aria-controls=\"accordion-1359194266-content\" >\n\t\t\t<button class=\"toggle\" aria-label=\"L\u00fcliti\"><i class=\"icon-angle-down\"><\/i><\/button>\n\t\t\t<span>Milliseid makseviise aktsepteerite?<\/span>\n\t\t<\/a>\n\t\t<div id=\"accordion-1359194266-content\" class=\"accordion-inner\" aria-labelledby=\"accordion-1359194266-label\" >\n\t\t\t\n<p>Aktsepteerime makseid krediitkaartide (Visa, Mastercard), otsepanga\u00fclekannete ja kr\u00fcptorahakoti kaudu. Me ei aktsepteeri sularahamakseid.<\/p>\n\t\t<\/div>\n\t<\/div>\n\t\n\t<div id=\"accordion-946236302\" class=\"accordion-item\">\n\t\t<a id=\"accordion-946236302-label\" class=\"accordion-title plain\" href=\"#accordion-item-are-customs-duties-and-taxes-included-in-the-price?\" aria-expanded=\"false\" aria-controls=\"accordion-946236302-content\" >\n\t\t\t<button class=\"toggle\" aria-label=\"L\u00fcliti\"><i class=\"icon-angle-down\"><\/i><\/button>\n\t\t\t<span>Kas tollimaksud ja maksud on hinnas sisalduvad?<\/span>\n\t\t<\/a>\n\t\t<div id=\"accordion-946236302-content\" class=\"accordion-inner\" aria-labelledby=\"accordion-946236302-label\" >\n\t\t\t\n<p>Riikides, mis on sobilikud DDP (makstud kohaletoimetamismakse) meetodi kasutamiseks, ei ole tollivormistus vajalik ja teil ei ole mingeid tollimakse (v\u00e4lja arvatud Kanada). Teie tellimused toimetatakse teile turvaliselt kohale.<\/p>\n<p>Tellimuste hinnad sisaldavad k\u00f5iki makse, sh tollimakse (v.a Kanada).<\/p>\n\t\t<\/div>\n\t<\/div>\n\t\n\t<div id=\"accordion-48062356\" class=\"accordion-item\">\n\t\t<a id=\"accordion-48062356-label\" class=\"accordion-title plain\" href=\"#accordion-item-how-can-i-initiate-a-return-for-my-purchase?\" aria-expanded=\"false\" aria-controls=\"accordion-48062356-content\" >\n\t\t\t<button class=\"toggle\" aria-label=\"L\u00fcliti\"><i class=\"icon-angle-down\"><\/i><\/button>\n\t\t\t<span>Kuidas saan algatada oma ostu tagastamise?<\/span>\n\t\t<\/a>\n\t\t<div id=\"accordion-48062356-content\" class=\"accordion-inner\" aria-labelledby=\"accordion-48062356-label\" >\n\t\t\t\n<p>Ostu tagastamise protsessi alustamiseks v\u00f5tke meiega \u00fchendust k\u00f5igi tagastamisp\u00e4ringute korral aadressil info@vapexyz.com<\/p>\n\t\t<\/div>\n\t<\/div>\n\t\n\t<div id=\"accordion-3604081387\" class=\"accordion-item\">\n\t\t<a id=\"accordion-3604081387-label\" class=\"accordion-title plain\" href=\"#accordion-item-what-is-the-process-for-canceling-or-modifying-my-order?\" aria-expanded=\"false\" aria-controls=\"accordion-3604081387-content\" >\n\t\t\t<button class=\"toggle\" aria-label=\"L\u00fcliti\"><i class=\"icon-angle-down\"><\/i><\/button>\n\t\t\t<span>Milline on minu tellimuse t\u00fchistamise v\u00f5i muutmise protsess?<\/span>\n\t\t<\/a>\n\t\t<div id=\"accordion-3604081387-content\" class=\"accordion-inner\" aria-labelledby=\"accordion-3604081387-label\" >\n\t\t\t\n<p>Saate oma tellimust muuta kuni kella 23:00ni (PDT.-7 GMT) samal p\u00e4eval, kui see esitati. Muudatuste taotlemiseks v\u00f5tke meiega \u00fchendust aadressil <a href=\"mailto:info@vapexyz.com\" target=\"_blank\" rel=\"noopener\">info@vapexyz.com<\/a>. Mis tahes p\u00e4ringu v\u00f5i abi saamiseks v\u00f5ite meiega \u00fchendust v\u00f5tta ka e-posti v\u00f5i WhatsAppi kaudu ja me k\u00e4sitleme teie muresid viivitamatult.<\/p>\n\t\t<\/div>\n\t<\/div>\n\t\n\t<div id=\"accordion-3455293172\" class=\"accordion-item\">\n\t\t<a id=\"accordion-3455293172-label\" class=\"accordion-title plain\" href=\"#accordion-item-what&#039;s-the-shipping-policy?\" aria-expanded=\"false\" aria-controls=\"accordion-3455293172-content\" >\n\t\t\t<button class=\"toggle\" aria-label=\"L\u00fcliti\"><i class=\"icon-angle-down\"><\/i><\/button>\n\t\t\t<span>Mis on saatmispoliitika?<\/span>\n\t\t<\/a>\n\t\t<div id=\"accordion-3455293172-content\" class=\"accordion-inner\" aria-labelledby=\"accordion-3455293172-label\" >\n\t\t\t\n<p>Tasuta kohaletoimetamine on saadaval tellimustele Ameerika \u00dchendriikides ja Austraalias. Valitud riikide jaoks pakume DDP (Delivery Duty Paid) meetodit, mis v\u00e4listab vajaduse tollivormistuse ja tollimaksude j\u00e4rele.<\/p>\n<p>Saatmisviisid:<\/p>\n<ul>\n<li>USA: UPS Express (v.a Alaska ja Hawaii)<\/li>\n<li>\u00dchendkuningriik: kohalik DPD Express<\/li>\n<li>Euroopa: UPS Express \/ DPD Express \/ DHL Express<\/li>\n<li>Euroopa riigid, millel on \u00f5igus DDP meetodile: Saksamaa, Belgia, Luksemburg, Holland, T\u0161ehhi Vabariik, Poola, Horvaatia, Slovakkia, Sloveenia, Soome, Taani, Rootsi, Austria, Prantsusmaa, Itaalia, Ungari, Bulgaaria, Leedu, Eesti, L\u00e4ti, Kreeka, Iirimaa, Portugal, Hispaania.<\/li>\n<\/ul>\n<p>M\u00e4rkus: saadetised Euroopa riikidesse, v\u00e4lja arvatud \u00dchendkuningriik, vormistatakse Saksamaal ja saadetakse sealt edasi teistesse Euroopa sihtkohtadesse.<\/p>\n<p>Pakume ka saatmist:<\/p>\n<ul>\n<li>A\u00dcE (ainult Dubai)<\/li>\n<li>L\u00f5una-Aafrika<\/li>\n<li>Vietnam<\/li>\n<li>L\u00e4\u00e4ne-Malaisia \u200b\u200b(v.a Kalimantani saar)<\/li>\n<\/ul>\n<table>\n<tbody>\n<tr>\n<td>Riik<\/td>\n<td>Saatmisviis<\/td>\n<td>Tarneaeg<\/td>\n<\/tr>\n<tr>\n<td>USA<\/td>\n<td>Kohalik UPS-i maandus<\/td>\n<td>10-15 p\u00e4eva<\/td>\n<\/tr>\n<tr>\n<td>\u00dchendkuningriik<\/td>\n<td>Kohalik DPD Express<\/td>\n<td>7-12 p\u00e4eva<\/td>\n<\/tr>\n<tr>\n<td>Saksamaa<\/td>\n<td>UPS\/DPD\/DHL Saksamaa<\/td>\n<td>8-15 p\u00e4eva<\/td>\n<\/tr>\n<tr>\n<td>Prantsusmaa<\/td>\n<td>UPS\/DPD\/DHL Saksamaa<\/td>\n<td>10-15 p\u00e4eva<\/td>\n<\/tr>\n<tr>\n<td>Belgia<\/td>\n<td>UPS\/DPD\/DHL Saksamaa<\/td>\n<td>10-15 p\u00e4eva<\/td>\n<\/tr>\n<tr>\n<td>Luksemburg<\/td>\n<td>UPS\/DPD\/DHL Saksamaa<\/td>\n<td>10-15 p\u00e4eva<\/td>\n<\/tr>\n<tr>\n<td>Holland<\/td>\n<td>UPS\/DPD\/DHL Saksamaa<\/td>\n<td>10-15 p\u00e4eva<\/td>\n<\/tr>\n<tr>\n<td>T\u0161ehhi Vabariik<\/td>\n<td>UPS\/DPD\/DHL Saksamaa<\/td>\n<td>10-15 p\u00e4eva<\/td>\n<\/tr>\n<tr>\n<td>Poola<\/td>\n<td>UPS\/DPD\/DHL Saksamaa<\/td>\n<td>10-15 p\u00e4eva<\/td>\n<\/tr>\n<tr>\n<td>Horvaatia<\/td>\n<td>UPS\/DPD\/DHL Saksamaa<\/td>\n<td>10-15 p\u00e4eva<\/td>\n<\/tr>\n<tr>\n<td>Slovakkia<\/td>\n<td>UPS\/DPD\/DHL Saksamaa<\/td>\n<td>10-15 p\u00e4eva<\/td>\n<\/tr>\n<tr>\n<td>Sloveenia<\/td>\n<td>UPS\/DPD\/DHL Saksamaa<\/td>\n<td>10-15 p\u00e4eva<\/td>\n<\/tr>\n<tr>\n<td>Soome<\/td>\n<td>UPS\/DPD\/DHL Saksamaa<\/td>\n<td>10-15 p\u00e4eva<\/td>\n<\/tr>\n<tr>\n<td>Taani<\/td>\n<td>UPS\/DPD\/DHL Saksamaa<\/td>\n<td>10-15 p\u00e4eva<\/td>\n<\/tr>\n<tr>\n<td>Rootsi<\/td>\n<td>UPS\/DPD\/DHL Saksamaa<\/td>\n<td>10-15 p\u00e4eva<\/td>\n<\/tr>\n<tr>\n<td>Austria<\/td>\n<td>UPS\/DPD\/DHL Saksamaa<\/td>\n<td>10-15 p\u00e4eva<\/td>\n<\/tr>\n<tr>\n<td>Itaalia<\/td>\n<td>UPS\/DPD\/DHL Saksamaa<\/td>\n<td>10-15 p\u00e4eva<\/td>\n<\/tr>\n<tr>\n<td>Ungari<\/td>\n<td>UPS\/DPD\/DHL Saksamaa<\/td>\n<td>10-15 p\u00e4eva<\/td>\n<\/tr>\n<tr>\n<td>Leedu<\/td>\n<td>UPS\/DPD\/DHL Saksamaa<\/td>\n<td>10-15 p\u00e4eva<\/td>\n<\/tr>\n<tr>\n<td>Eesti<\/td>\n<td>UPS\/DPD\/DHL Saksamaa<\/td>\n<td>10-15 p\u00e4eva<\/td>\n<\/tr>\n<tr>\n<td>L\u00e4ti<\/td>\n<td>UPS\/DPD\/DHL Saksamaa<\/td>\n<td>10-15 p\u00e4eva<\/td>\n<\/tr>\n<tr>\n<td>Kreeka<\/td>\n<td>UPS\/DPD\/DHL Saksamaa<\/td>\n<td>10-15 p\u00e4eva<\/td>\n<\/tr>\n<tr>\n<td>Iirimaa<\/td>\n<td>UPS\/DPD\/DHL Saksamaa<\/td>\n<td>10-15 p\u00e4eva<\/td>\n<\/tr>\n<tr>\n<td>Portugal<\/td>\n<td>UPS\/DPD\/DHL Saksamaa<\/td>\n<td>10-15 p\u00e4eva<\/td>\n<\/tr>\n<tr>\n<td>Hispaania<\/td>\n<td>UPS\/DPD\/DHL Saksamaa<\/td>\n<td>10-15 p\u00e4eva<\/td>\n<\/tr>\n<tr>\n<td>A\u00dcE (ainult Dubai)<\/td>\n<td>Dubai spetsiaalne liin<\/td>\n<td>12-18 p\u00e4eva<\/td>\n<\/tr>\n<tr>\n<td>L\u00f5una-Aafrika<\/td>\n<td>L\u00f5una-Aafrikale p\u00fchendatud liin<\/td>\n<td>15-25 p\u00e4eva<\/td>\n<\/tr>\n<tr>\n<td>Vietnam<\/td>\n<td>Vietnamile p\u00fchendatud liin<\/td>\n<td>3-5 p\u00e4eva<\/td>\n<\/tr>\n<tr>\n<td>L\u00e4\u00e4ne-Malaisia<\/td>\n<td>Malaisia \u200b\u200bspetsiaalne liin<\/td>\n<td>4-8 p\u00e4eva<\/td>\n<\/tr>\n<\/tbody>\n<\/table>\n<p>Teised riigid<\/p>\n<p>Varem nimetamata riikide puhul on tollivormistus ja tollimaksu tasumine vajalik teie paki saabumisel. T\u00e4pse maksusumma kindlaksm\u00e4\u00e4ramiseks on soovitatav konkreetse teabe saamiseks p\u00f6\u00f6rduda kohalike tolliasutuste poole. Lisaks v\u00f5ib teie tolliosakond n\u00f5uda \u00e4rilitsentsi, kui see on asjakohane.<\/p>\n\t\t<\/div>\n\t<\/div>\n\t\n\t<div id=\"accordion-184161376\" class=\"accordion-item\">\n\t\t<a id=\"accordion-184161376-label\" class=\"accordion-title plain\" href=\"#accordion-item-in-case-of-a-lost-or-delayed-package,-what-steps-should-i-take?\" aria-expanded=\"false\" aria-controls=\"accordion-184161376-content\" >\n\t\t\t<button class=\"toggle\" aria-label=\"L\u00fcliti\"><i class=\"icon-angle-down\"><\/i><\/button>\n\t\t\t<span>Mida peaksin tegema, kui pakk on kadunud v\u00f5i hilinenud?<\/span>\n\t\t<\/a>\n\t\t<div id=\"accordion-184161376-content\" class=\"accordion-inner\" aria-labelledby=\"accordion-184161376-label\" >\n\t\t\t\n<p>Kui teie pakett l\u00e4heb kaduma v\u00f5i esineb olulisi viivitusi, v\u00f5tke palun \u00fchendust meie klienditoe meeskonnaga. Viime l\u00e4bi uurimise ja aitame asja lahendamisel.<\/p>\n\t\t<\/div>\n\t<\/div>\n\t\n\t<div id=\"accordion-1918523641\" class=\"accordion-item\">\n\t\t<a id=\"accordion-1918523641-label\" class=\"accordion-title plain\" href=\"#accordion-item-what-is-the-approximate-shipping-timeframe?\" aria-expanded=\"false\" aria-controls=\"accordion-1918523641-content\" >\n\t\t\t<button class=\"toggle\" aria-label=\"L\u00fcliti\"><i class=\"icon-angle-down\"><\/i><\/button>\n\t\t\t<span>Mis on ligikaudne tarneaeg?<\/span>\n\t\t<\/a>\n\t\t<div id=\"accordion-1918523641-content\" class=\"accordion-inner\" aria-labelledby=\"accordion-1918523641-label\" >\n\t\t\t\n<p>Laoaeg on vahemikus 1 kuni 5 p\u00e4eva, samas kui tarneaeg j\u00e4\u00e4b tavaliselt 7 ja 15 p\u00e4eva vahele, olenevalt tootest.<\/p>\n\t\t<\/div>\n\t<\/div>\n\t\n<\/div>\n\t\t<\/div>\n\t\t\t\t\t<\/div>\n\n\t\n\n\t<div id=\"col-1904381140\" class=\"col medium-6 small-12 large-6\"  >\n\t\t\t\t<div class=\"col-inner\"  >\n\t\t\t\n\t\t\t\n<h2>SAADA MEILE IGAL AJAL S\u00d5NUM<\/h2>\n\n<div class=\"wpcf7 no-js\" id=\"wpcf7-f14-o1\" lang=\"en-US\" dir=\"ltr\" data-wpcf7-id=\"14\">\n<div class=\"screen-reader-response\"><p role=\"status\" aria-live=\"polite\" aria-atomic=\"true\"><\/p> <ul><\/ul><\/div>\n<form action=\"\/et\/wp-json\/wp\/v2\/pages\/4439#wpcf7-f14-o1\" method=\"post\" class=\"wpcf7-form init\" aria-label=\"Kontaktivorm\" novalidate=\"novalidate\" data-status=\"init\" data-trp-original-action=\"\/et\/wp-json\/wp\/v2\/pages\/4439#wpcf7-f14-o1\">\n<fieldset class=\"hidden-fields-container\"><input type=\"hidden\" name=\"_wpcf7\" value=\"14\" \/><input type=\"hidden\" name=\"_wpcf7_version\" value=\"6.1.5\" \/><input type=\"hidden\" name=\"_wpcf7_locale\" value=\"en_US\" \/><input type=\"hidden\" name=\"_wpcf7_unit_tag\" value=\"wpcf7-f14-o1\" \/><input type=\"hidden\" name=\"_wpcf7_container_post\" value=\"0\" \/><input type=\"hidden\" name=\"_wpcf7_posted_data_hash\" value=\"\" \/>\n<\/fieldset>\n<p><label> Sinu nimi<br \/>\n<span class=\"wpcf7-form-control-wrap\" data-name=\"your-name\"><input size=\"40\" maxlength=\"400\" class=\"wpcf7-form-control wpcf7-text wpcf7-validates-as-required\" autocomplete=\"name\" aria-required=\"true\" aria-invalid=\"false\" value=\"\" type=\"text\" name=\"your-name\" \/><\/span> <\/label>\n<\/p>\n<p><label> Sinu email<br \/>\n<span class=\"wpcf7-form-control-wrap\" data-name=\"your-email\"><input size=\"40\" maxlength=\"400\" class=\"wpcf7-form-control wpcf7-email wpcf7-validates-as-required wpcf7-text wpcf7-validates-as-email\" autocomplete=\"email\" aria-required=\"true\" aria-invalid=\"false\" value=\"\" type=\"email\" name=\"your-email\" \/><\/span> <\/label>\n<\/p>\n<p><label> Teema<br \/>\n<span class=\"wpcf7-form-control-wrap\" data-name=\"your-subject\"><input size=\"40\" maxlength=\"400\" class=\"wpcf7-form-control wpcf7-text wpcf7-validates-as-required\" aria-required=\"true\" aria-invalid=\"false\" value=\"\" type=\"text\" name=\"your-subject\" \/><\/span> <\/label>\n<\/p>\n<p><label> Sinu s\u00f5num<br \/>\n<span class=\"wpcf7-form-control-wrap\" data-name=\"your-message\"><textarea cols=\"40\" rows=\"10\" maxlength=\"2000\" class=\"wpcf7-form-control wpcf7-textarea wpcf7-validates-as-required\" aria-required=\"true\" aria-invalid=\"false\" name=\"your-message\"><\/textarea><\/span> <\/label><br \/>\n<div class=\"cf7-cf-turnstile\" style=\"margin-top: 0px; margin-bottom: -15px;\"> <div id=\"cf-turnstile-cf7-3256523404\" class=\"cf-turnstile\" data-sitekey=\"0x4AAAAAABilaR2d5jCp8eH3\" data-theme=\"light\" data-language=\"auto\" data-size=\"normal\" data-retry=\"auto\" data-retry-interval=\"1000\" data-refresh-expired=\"auto\" data-refresh-timeout=\"auto\" data-action=\"contact-form-7\" data-callback=\"turnstileCF7Callback\" data-appearance=\"always\"><\/div> <script>document.addEventListener(\"DOMContentLoaded\", function() { setTimeout(function(){ var e=document.getElementById(\"cf-turnstile-cf7-3256523404\"); if(e&&!e.innerHTML.trim()){turnstile.render(e, {sitekey:\"0x4AAAAAABilaR2d5jCp8eH3\"});} }, 200); });<\/script> <br class=\"cf-turnstile-br cf-turnstile-br-cf7-3256523404\"> <style>#cf-turnstile-cf7-3256523404 { margin-left: -15px; }<\/style> <script>document.addEventListener(\"DOMContentLoaded\",function(){document.querySelectorAll('.wpcf7-form').forEach(function(e){e.addEventListener('submit',function(){if(document.getElementById('cf-turnstile-cf7-3256523404')){setTimeout(function(){turnstile.reset('#cf-turnstile-cf7-3256523404');},1000)}})})});<\/script> <\/div><br\/><input class=\"wpcf7-form-control wpcf7-submit has-spinner\" type=\"submit\" value=\"Esita\" \/>\n<\/p><div class=\"wpcf7-response-output\" aria-hidden=\"true\"><\/div>\n<input type=\"hidden\" name=\"trp-form-language\" value=\"et\"\/><\/form>\n<\/div>\n\n\t\t<\/div>\n\t\t\t\t\t<\/div>\n\n\t\n<\/div>\n\t\t<\/div>\n\n\t\t\n<style>\n#section_145423888 {\n  padding-top: 10px;\n  padding-bottom: 10px;\n}\n<\/style>\n\t<\/section>","protected":false},"excerpt":{"rendered":"<p>CONTACT US FOR ANY QUESTIONS Before contacting us, please check the FAQ section below to see if your question has already been answered. If you can\u2019t find the answer, feel free to use the contact form and we will get back to you during business hours. Email:\u00a0info@vapexyz.com Company:\u00a0CYBERGEN TECH LIMITED Address:\u00a0Room A516, 5\/F, Yee Fat [&#8230;]\n","protected":false},"author":1,"featured_media":0,"parent":0,"menu_order":0,"comment_status":"closed","ping_status":"closed","template":"page-blank-title-center.php","meta":{"_lmt_disableupdate":"no","_lmt_disable":"","footnotes":""},"class_list":["post-4439","page","type-page","status-publish","hentry"],"jetpack_sharing_enabled":true,"_links":{"self":[{"href":"https:\/\/vapexyz.com\/et\/wp-json\/wp\/v2\/pages\/4439","targetHints":{"allow":["GET"]}}],"collection":[{"href":"https:\/\/vapexyz.com\/et\/wp-json\/wp\/v2\/pages"}],"about":[{"href":"https:\/\/vapexyz.com\/et\/wp-json\/wp\/v2\/types\/page"}],"author":[{"embeddable":true,"href":"https:\/\/vapexyz.com\/et\/wp-json\/wp\/v2\/users\/1"}],"replies":[{"embeddable":true,"href":"https:\/\/vapexyz.com\/et\/wp-json\/wp\/v2\/comments?post=4439"}],"version-history":[{"count":0,"href":"https:\/\/vapexyz.com\/et\/wp-json\/wp\/v2\/pages\/4439\/revisions"}],"wp:attachment":[{"href":"https:\/\/vapexyz.com\/et\/wp-json\/wp\/v2\/media?parent=4439"}],"curies":[{"name":"wp","href":"https:\/\/api.w.org\/{rel}","templated":true}]}}