{"id":3,"date":"2024-01-24T18:23:43","date_gmt":"2024-01-24T18:23:43","guid":{"rendered":"http:\/\/vapexyz.com\/?page_id=3"},"modified":"2026-03-07T07:50:49","modified_gmt":"2026-03-07T07:50:49","slug":"politica-de-privacidad","status":"publish","type":"page","link":"https:\/\/vapexyz.com\/es\/privacy-policy\/","title":{"rendered":"pol\u00edtica de privacidad"},"content":{"rendered":"<h2 class=\"wp-block-heading\" dir=\"auto\"><strong>pol\u00edtica de privacidad<\/strong><\/h2>\r\n<p dir=\"auto\">Esta Pol\u00edtica de Privacidad describe c\u00f3mo VapeXYZ (denominado \u201cel Sitio\u201d o \u201cnosotros\u201d) recopila, utiliza y divulga su Informaci\u00f3n Personal cuando visita o realiza compras en nuestro sitio web.<\/p>\r\n<h3 dir=\"auto\"><strong>Contacto:<\/strong><\/h3>\r\n<p dir=\"auto\">Si tiene alguna pregunta, necesita informaci\u00f3n adicional sobre nuestras pr\u00e1cticas de privacidad o desea presentar una queja, comun\u00edquese con nosotros por correo electr\u00f3nico a\u00a0<a href=\"mailto:info@vapexyz.com\" target=\"_blank\" rel=\"noopener\">info@vapexyz.com<\/a>\u00a0despu\u00e9s de revisar esta pol\u00edtica.<\/p>\r\n<h3 dir=\"auto\"><strong>Recopilaci\u00f3n de informaci\u00f3n personal:<\/strong><\/h3>\r\n<p dir=\"auto\">Cuando visita nuestro Sitio, recopilamos informaci\u00f3n espec\u00edfica sobre su dispositivo, interacciones con el Sitio y detalles necesarios para procesar sus compras. Adem\u00e1s, si se comunica con nosotros para obtener atenci\u00f3n al cliente, podemos recopilar m\u00e1s informaci\u00f3n. En esta pol\u00edtica, cualquier dato relacionado con una persona identificable se denomina &quot;Informaci\u00f3n personal&quot;. Consulte a continuaci\u00f3n para obtener detalles sobre la informaci\u00f3n personal que recopilamos y los motivos detr\u00e1s de ella:<\/p>\r\n<ul>\r\n<li>\r\n<h4 dir=\"auto\"><strong>Informaci\u00f3n del dispositivo:<\/strong><\/h4>\r\n<ul>\r\n<li><strong>Objetivo:<\/strong>\u00a0Para cargar con precisi\u00f3n el Sitio por usted y realizar an\u00e1lisis para optimizar el Sitio.<\/li>\r\n<li><strong>Fuente:<\/strong>\u00a0Recopilados autom\u00e1ticamente a trav\u00e9s de cookies, archivos de registro, balizas web, etiquetas o p\u00edxeles al acceder a nuestro Sitio.<\/li>\r\n<li><strong>Informaci\u00f3n personal recopilada:<\/strong>\u00a0Versi\u00f3n del navegador web, direcci\u00f3n IP, zona horaria, detalles de cookies, sitios o productos vistos, t\u00e9rminos de b\u00fasqueda e interacci\u00f3n con el sitio.<\/li>\r\n<\/ul>\r\n<\/li>\r\n<li>\r\n<h4 dir=\"auto\"><strong>Informaci\u00f3n del pedido:<\/strong><\/h4>\r\n<ul>\r\n<li><strong>Objetivo:<\/strong>\u00a0Para proporcionar productos\/servicios, procesar pagos, organizar env\u00edos, emitir facturas\/confirmaciones, comunicarnos con usted, detectar pedidos en busca de riesgo\/fraude y enviar informaci\u00f3n o publicidad relacionada con productos\/servicios seg\u00fan sus preferencias.<\/li>\r\n<li><strong>Fuente:<\/strong>\u00a0Recogido directamente de usted.<\/li>\r\n<li><strong>Informaci\u00f3n personal recopilada:<\/strong>\u00a0Nombre, direcci\u00f3n de facturaci\u00f3n, direcci\u00f3n de env\u00edo, detalles de pago (incluidos n\u00fameros de tarjetas de cr\u00e9dito), direcci\u00f3n de correo electr\u00f3nico y n\u00famero de tel\u00e9fono.<\/li>\r\n<\/ul>\r\n<\/li>\r\n<li>\r\n<h4 dir=\"auto\"><strong>Informaci\u00f3n de atenci\u00f3n al cliente:<\/strong><\/h4>\r\n<ul>\r\n<li><strong>Objetivo:<\/strong>\u00a0Optimizar el uso del Sitio y brindar atenci\u00f3n al cliente.<\/li>\r\n<li><strong>Fuente:<\/strong>\u00a0Recopilado autom\u00e1ticamente al acceder a nuestro Sitio.<\/li>\r\n<li><strong>Objetivo:<\/strong>\u00a0Ofrecer soporte al cliente.<\/li>\r\n<li><strong>Fuente:<\/strong>\u00a0Recogido directamente de usted.<\/li>\r\n<\/ul>\r\n<\/li>\r\n<\/ul>\r\n<h3 dir=\"auto\"><strong>Menores:<\/strong><\/h3>\r\n<p dir=\"auto\">Nuestro Sitio no est\u00e1 destinado a personas menores de 21 a\u00f1os. No recopilamos conscientemente Informaci\u00f3n personal de ni\u00f1os. Si cree que su hijo nos ha proporcionado informaci\u00f3n personal, comun\u00edquese con nosotros para eliminarla.<\/p>\r\n<h3 dir=\"auto\"><strong>Compartir informaci\u00f3n personal:<\/strong><\/h3>\r\n<p dir=\"auto\">Compartimos su informaci\u00f3n personal con proveedores de servicios para ayudarlo a ofrecer servicios y cumplir contratos con usted. Esto puede incluir compartir informaci\u00f3n para cumplir con las leyes, responder a solicitudes legales o salvaguardar nuestros derechos.<\/p>\r\n<h3 dir=\"auto\"><strong>Publicidad comportamental:<\/strong><\/h3>\r\n<p dir=\"auto\">Utilizamos su informaci\u00f3n personal para anuncios espec\u00edficos o comunicaciones de marketing que creemos que pueden interesarle. Esto incluye compartir informaci\u00f3n con socios publicitarios. Puede optar por no recibir ciertos servicios a trav\u00e9s de los enlaces proporcionados.<\/p>\r\n<h3 dir=\"auto\"><strong>Uso de informaci\u00f3n personal:<\/strong><\/h3>\r\n<p dir=\"auto\">Utilizamos su informaci\u00f3n personal para brindar servicios como venta de productos, procesamiento de pagos, cumplimiento de pedidos y mantenerlo informado sobre nuevos productos, servicios y ofertas.<\/p>\r\n<h3 dir=\"auto\"><strong>Base legal:<\/strong><\/h3>\r\n<p dir=\"auto\">Seg\u00fan el RGPD, si reside en el EEE, procesamos su informaci\u00f3n personal con base en varias bases legales descritas en la regulaci\u00f3n.<\/p>\r\n<h3 dir=\"auto\"><strong>Retenci\u00f3n:<\/strong><\/h3>\r\n<p dir=\"auto\">Conservamos su informaci\u00f3n personal para nuestros registros a menos que solicite su eliminaci\u00f3n.<\/p>\r\n<h3 dir=\"auto\"><strong>Toma de decisiones autom\u00e1tica:<\/strong><\/h3>\r\n<p dir=\"auto\">No participamos en procesos de toma de decisiones totalmente automatizados con efectos legales utilizando los datos de los clientes.<\/p>\r\n<h3 dir=\"auto\"><strong>Venta de informaci\u00f3n personal:<\/strong><\/h3>\r\n<p dir=\"auto\">Nuestro sitio vende informaci\u00f3n personal seg\u00fan lo define la CCPA. Los detalles sobre las categor\u00edas vendidas y las instrucciones para darse de baja est\u00e1n disponibles.<\/p>\r\n<h3 dir=\"auto\"><strong>Tus derechos:<\/strong><\/h3>\r\n<p dir=\"auto\">Los residentes del EEE y California tienen derecho a acceder, corregir, actualizar o borrar su informaci\u00f3n personal. Se proporcionan instrucciones para ejercer estos derechos.<\/p>\r\n<h3 dir=\"auto\"><strong>Galletas:<\/strong><\/h3>\r\n<p dir=\"auto\">Utilizamos cookies para mejorar su experiencia de navegaci\u00f3n. Puedes controlar y gestionar las cookies a trav\u00e9s de la configuraci\u00f3n de tu navegador.<\/p>\r\n<h3 dir=\"auto\"><strong>No realizar seguimiento:<\/strong><\/h3>\r\n<p dir=\"auto\">No modificamos nuestras pr\u00e1cticas de datos en funci\u00f3n de las se\u00f1ales de &quot;No rastrear&quot; de los navegadores.<\/p>\r\n<h3 dir=\"auto\"><strong>Cambios:<\/strong><\/h3>\r\n<p dir=\"auto\">Podemos actualizar esta Pol\u00edtica de Privacidad peri\u00f3dicamente para reflejar cambios operativos, legales o regulatorios.<\/p>\r\n<h3 dir=\"auto\"><strong>Quejas:<\/strong><\/h3>\r\n<p dir=\"auto\">Para quejas, comun\u00edquese con nosotros por correo electr\u00f3nico o correo postal utilizando los detalles proporcionados en &quot;Contacto&quot;.<\/p>\r\n<p dir=\"auto\">Gracias por revisar nuestra Pol\u00edtica de Privacidad en VapeXYZ.<\/p>","protected":false},"excerpt":{"rendered":"<p>Privacy Policy This Privacy Policy outlines how VapeXYZ (referred to as &#8220;the Site&#8221; or &#8220;we&#8221;) collects, uses, and discloses your Personal Information when you visit or make purchases on our website. Contact: If you have any questions, require additional information about our privacy practices, or wish to file a complaint, please reach out to us [&#8230;]\n","protected":false},"author":1,"featured_media":0,"parent":0,"menu_order":0,"comment_status":"closed","ping_status":"closed","template":"page-blank-title-center.php","meta":{"_lmt_disableupdate":"no","_lmt_disable":"","footnotes":""},"class_list":["post-3","page","type-page","status-publish","hentry"],"jetpack_sharing_enabled":true,"_links":{"self":[{"href":"https:\/\/vapexyz.com\/es\/wp-json\/wp\/v2\/pages\/3","targetHints":{"allow":["GET"]}}],"collection":[{"href":"https:\/\/vapexyz.com\/es\/wp-json\/wp\/v2\/pages"}],"about":[{"href":"https:\/\/vapexyz.com\/es\/wp-json\/wp\/v2\/types\/page"}],"author":[{"embeddable":true,"href":"https:\/\/vapexyz.com\/es\/wp-json\/wp\/v2\/users\/1"}],"replies":[{"embeddable":true,"href":"https:\/\/vapexyz.com\/es\/wp-json\/wp\/v2\/comments?post=3"}],"version-history":[{"count":0,"href":"https:\/\/vapexyz.com\/es\/wp-json\/wp\/v2\/pages\/3\/revisions"}],"wp:attachment":[{"href":"https:\/\/vapexyz.com\/es\/wp-json\/wp\/v2\/media?parent=3"}],"curies":[{"name":"wp","href":"https:\/\/api.w.org\/{rel}","templated":true}]}}