{"id":15872,"date":"2024-02-26T09:59:38","date_gmt":"2024-02-26T09:59:38","guid":{"rendered":"https:\/\/vapexyz.com\/?page_id=15872"},"modified":"2025-09-08T07:50:37","modified_gmt":"2025-09-08T07:50:37","slug":"preguntas-frecuentes","status":"publish","type":"page","link":"https:\/\/vapexyz.com\/es\/faqs\/","title":{"rendered":"Preguntas frecuentes"},"content":{"rendered":"<div class=\"row\"  id=\"row-1530056084\">\n\n\t<div id=\"col-233728178\" class=\"col small-12 large-12\"  >\n\t\t\t\t<div class=\"col-inner\"  >\n\t\t\t\n\t\t\t\n<div class=\"container section-title-container\" ><h3 class=\"section-title section-title-normal\"><b><\/b><span class=\"section-title-main\" >Pago<\/span><b><\/b><\/h3><\/div>\n<div class=\"accordion\">\n\t<div id=\"accordion-1841484426\" class=\"accordion-item\">\n\t\t<a id=\"accordion-1841484426-label\" class=\"accordion-title plain\" href=\"#accordion-item-what-payment-methods-are-accepted?\" aria-expanded=\"false\" aria-controls=\"accordion-1841484426-content\" >\n\t\t\t<button class=\"toggle\" aria-label=\"Alternar\"><i class=\"icon-angle-down\"><\/i><\/button>\n\t\t\t<span>\u00bfQu\u00e9 m\u00e9todos de pago se aceptan?<\/span>\n\t\t<\/a>\n\t\t<div id=\"accordion-1841484426-content\" class=\"accordion-inner\" aria-labelledby=\"accordion-1841484426-label\" >\n\t\t\t\n<p>Aceptamos una variedad de m\u00e9todos de pago, como tarjetas de cr\u00e9dito, tarjetas de d\u00e9bito, criptomonedas y otros. Puede ver las opciones de pago disponibles en la p\u00e1gina de pago.<\/p>\n\t\t<\/div>\n\t<\/div>\n\t\n\t<div id=\"accordion-3239893627\" class=\"accordion-item\">\n\t\t<a id=\"accordion-3239893627-label\" class=\"accordion-title plain\" href=\"#accordion-item-why-my-payment-have-been-declined?\" aria-expanded=\"false\" aria-controls=\"accordion-3239893627-content\" >\n\t\t\t<button class=\"toggle\" aria-label=\"Alternar\"><i class=\"icon-angle-down\"><\/i><\/button>\n\t\t\t<span>\u00bfPor qu\u00e9 mi pago ha sido rechazado?<\/span>\n\t\t<\/a>\n\t\t<div id=\"accordion-3239893627-content\" class=\"accordion-inner\" aria-labelledby=\"accordion-3239893627-label\" >\n\t\t\t\n<p>Los pagos pueden rechazarse por motivos como datos inexactos de la tarjeta de cr\u00e9dito, fondos insuficientes o problemas con el proveedor de servicios de pago. Para solucionar este problema, verifique la exactitud de su informaci\u00f3n de pago o comun\u00edquese con su proveedor de pagos para obtener ayuda.<\/p>\n\t\t<\/div>\n\t<\/div>\n\t\n\t<div id=\"accordion-29171421\" class=\"accordion-item\">\n\t\t<a id=\"accordion-29171421-label\" class=\"accordion-title plain\" href=\"#accordion-item-do-you-provide-a-cash-on-delivery-(cod)-payment-option?\" aria-expanded=\"false\" aria-controls=\"accordion-29171421-content\" >\n\t\t\t<button class=\"toggle\" aria-label=\"Alternar\"><i class=\"icon-angle-down\"><\/i><\/button>\n\t\t\t<span>\u00bfOfrecen una opci\u00f3n de pago contra reembolso (COD)?<\/span>\n\t\t<\/a>\n\t\t<div id=\"accordion-29171421-content\" class=\"accordion-inner\" aria-labelledby=\"accordion-29171421-label\" >\n\t\t\t\n<p>No ofrecemos pago contra reembolso. Debe utilizar m\u00e9todos de pago en l\u00ednea al realizar una compra.<\/p>\n\t\t<\/div>\n\t<\/div>\n\t\n\t<div id=\"accordion-1150129499\" class=\"accordion-item\">\n\t\t<a id=\"accordion-1150129499-label\" class=\"accordion-title plain\" href=\"#accordion-item-can-i-apply-a-discount-code-or-gift-card-during-checkout?\" aria-expanded=\"false\" aria-controls=\"accordion-1150129499-content\" >\n\t\t\t<button class=\"toggle\" aria-label=\"Alternar\"><i class=\"icon-angle-down\"><\/i><\/button>\n\t\t\t<span>\u00bfPuedo aplicar un c\u00f3digo de descuento o una tarjeta de regalo durante el pago?<\/span>\n\t\t<\/a>\n\t\t<div id=\"accordion-1150129499-content\" class=\"accordion-inner\" aria-labelledby=\"accordion-1150129499-label\" >\n\t\t\t\n<p>S\u00ed, puede ingresar un c\u00f3digo de descuento o los detalles de una tarjeta de regalo en la p\u00e1gina de pago para aprovechar los descuentos.<\/p>\n\t\t<\/div>\n\t<\/div>\n\t\n\t<div id=\"accordion-818885939\" class=\"accordion-item\">\n\t\t<a id=\"accordion-818885939-label\" class=\"accordion-title plain\" href=\"#accordion-item-is-payment-secure-on-your-website?\" aria-expanded=\"false\" aria-controls=\"accordion-818885939-content\" >\n\t\t\t<button class=\"toggle\" aria-label=\"Alternar\"><i class=\"icon-angle-down\"><\/i><\/button>\n\t\t\t<span>\u00bfEl pago es seguro en su sitio web?<\/span>\n\t\t<\/a>\n\t\t<div id=\"accordion-818885939-content\" class=\"accordion-inner\" aria-labelledby=\"accordion-818885939-label\" >\n\t\t\t\n<p>S\u00ed, implementamos varias medidas de seguridad, como tecnolog\u00eda de cifrado y procesamiento de pagos compatible con PCI. Nuestro sitio web cuenta con la certificaci\u00f3n McAfee SECURE y est\u00e1 reconocido por Google Safe Browsing para mayor seguridad.<\/p>\n\t\t<\/div>\n\t<\/div>\n\t\n\t<div id=\"accordion-1744348534\" class=\"accordion-item\">\n\t\t<a id=\"accordion-1744348534-label\" class=\"accordion-title plain\" href=\"#accordion-item-how-will-i-know-that-my-payment-was-successful-and-that-my-order-has-been-confirmed?\" aria-expanded=\"false\" aria-controls=\"accordion-1744348534-content\" >\n\t\t\t<button class=\"toggle\" aria-label=\"Alternar\"><i class=\"icon-angle-down\"><\/i><\/button>\n\t\t\t<span>\u00bfC\u00f3mo sabr\u00e9 que mi pago fue exitoso y que mi pedido ha sido confirmado?<\/span>\n\t\t<\/a>\n\t\t<div id=\"accordion-1744348534-content\" class=\"accordion-inner\" aria-labelledby=\"accordion-1744348534-label\" >\n\t\t\t\n<p>Recibir\u00e1 un correo electr\u00f3nico de confirmaci\u00f3n del pedido inmediatamente despu\u00e9s de realizar un pago exitoso. Este correo electr\u00f3nico contendr\u00e1 informaci\u00f3n detallada sobre su pedido.<\/p>\n\t\t<\/div>\n\t<\/div>\n\t\n\t<div id=\"accordion-4043216357\" class=\"accordion-item\">\n\t\t<a id=\"accordion-4043216357-label\" class=\"accordion-title plain\" href=\"#accordion-item-how-can-i-request-a-refund?\" aria-expanded=\"false\" aria-controls=\"accordion-4043216357-content\" >\n\t\t\t<button class=\"toggle\" aria-label=\"Alternar\"><i class=\"icon-angle-down\"><\/i><\/button>\n\t\t\t<span>\u00bfC\u00f3mo puedo solicitar un reembolso?<\/span>\n\t\t<\/a>\n\t\t<div id=\"accordion-4043216357-content\" class=\"accordion-inner\" aria-labelledby=\"accordion-4043216357-label\" >\n\t\t\t\n<p>Si necesita un reembolso, comun\u00edquese con nuestro equipo de atenci\u00f3n al cliente con los detalles de su pedido. Le ayudaremos con el proceso de reembolso siguiendo nuestra pol\u00edtica de reembolso.<\/p>\n\t\t<\/div>\n\t<\/div>\n\t\n\t<div id=\"accordion-1361042429\" class=\"accordion-item\">\n\t\t<a id=\"accordion-1361042429-label\" class=\"accordion-title plain\" href=\"#accordion-item-how-can-i-access-my-order-history-after-completing-a-payment?\" aria-expanded=\"false\" aria-controls=\"accordion-1361042429-content\" >\n\t\t\t<button class=\"toggle\" aria-label=\"Alternar\"><i class=\"icon-angle-down\"><\/i><\/button>\n\t\t\t<span>\u00bfC\u00f3mo puedo acceder a mi historial de pedidos despu\u00e9s de completar un pago?<\/span>\n\t\t<\/a>\n\t\t<div id=\"accordion-1361042429-content\" class=\"accordion-inner\" aria-labelledby=\"accordion-1361042429-label\" >\n\t\t\t\n<p>Para acceder a su historial de pedidos despu\u00e9s de realizar un pago, inicie sesi\u00f3n en su cuenta y navegue hasta la p\u00e1gina \u201cMi Cuenta\u201d. Dentro de la secci\u00f3n de historial de pedidos, puede revisar los detalles del pago y verificar el estado de sus pedidos anteriores.<\/p>\n\t\t<\/div>\n\t<\/div>\n\t\n<\/div>\n\t\t<\/div>\n\t\t\t\t\t<\/div>\n\n\t\n\n\t<div id=\"col-420670132\" class=\"col large-12\"  >\n\t\t\t\t<div class=\"col-inner\"  >\n\t\t\t\n\t\t\t\n<div class=\"container section-title-container\" ><h3 class=\"section-title section-title-normal\"><b><\/b><span class=\"section-title-main\" >Env\u00edo<\/span><b><\/b><\/h3><\/div>\n<div class=\"accordion\">\n\t<div id=\"accordion-199899395\" class=\"accordion-item\">\n\t\t<a id=\"accordion-199899395-label\" class=\"accordion-title plain\" href=\"#accordion-item-what\u2019s-the-shipping-policy?\" aria-expanded=\"false\" aria-controls=\"accordion-199899395-content\" >\n\t\t\t<button class=\"toggle\" aria-label=\"Alternar\"><i class=\"icon-angle-down\"><\/i><\/button>\n\t\t\t<span>\u00bfCu\u00e1l es la pol\u00edtica de env\u00edo?<\/span>\n\t\t<\/a>\n\t\t<div id=\"accordion-199899395-content\" class=\"accordion-inner\" aria-labelledby=\"accordion-199899395-label\" >\n\t\t\t\n<p>El env\u00edo gratuito est\u00e1 disponible para pedidos dentro de los Estados Unidos y Australia. Para pa\u00edses seleccionados, ofrecemos el m\u00e9todo DDP (Entrega con derechos pagados), lo que elimina la necesidad de despacho de aduanas y aranceles por su parte.<\/p>\n<p>M\u00e9todos de env\u00edo:<\/p>\n<p>EE. UU.: UPS Express (excepto Alaska y Haw\u00e1i)<br \/>\nReino Unido: DPD Express local<br \/>\nEuropa: UPS Express\/ DPD Express\/ DHL Express<br \/>\nPa\u00edses europeos elegibles para el m\u00e9todo DDP: Alemania, B\u00e9lgica, Luxemburgo, Pa\u00edses Bajos, Rep\u00fablica Checa, Polonia, Croacia, Eslovaquia, Eslovenia, Finlandia, Dinamarca, Suecia, Austria, Francia, Italia, Hungr\u00eda, Bulgaria, Lituania, Estonia, Letonia, Grecia. Irlanda, Portugal, Espa\u00f1a.<br \/>\nNota: Los env\u00edos a pa\u00edses europeos, excepto el Reino Unido, se despachar\u00e1n en Alemania y luego se enviar\u00e1n a otros destinos europeos desde all\u00ed.<\/p>\n<p>Tambi\u00e9n ofrecemos env\u00edo a:<\/p>\n<p>Emiratos \u00c1rabes Unidos (solo Dubai)<br \/>\nSud\u00e1frica<br \/>\nVietnam<br \/>\nMalasia occidental (excluida la isla de Kalimantan)<br \/>\nPa\u00eds\tM\u00e9todo de Env\u00edo\tTiempo de Env\u00edo<br \/>\nEE. UU.\tUPS Terrestre Local\t10~15 D\u00edas<br \/>\nReino Unido\tLocal DPD Express\t7~12 D\u00edas<br \/>\nAlemania\tUPS\/DPD\/DHL Alemania\t8~15 D\u00edas<br \/>\nFrancia\tUPS\/DPD\/DHL Alemania\t10~15 D\u00edas<br \/>\nB\u00e9lgica\tUPS\/DPD\/DHL Alemania\t10~15 D\u00edas<br \/>\nLuxemburgo\tUPS\/DPD\/DHL Alemania\t10~15 D\u00edas<br \/>\nHolanda\tUPS\/DPD\/DHL Alemania\t10~15 D\u00edas<br \/>\nRep\u00fablica Checa\tUPS\/DPD\/DHL Alemania\t10~15 D\u00edas<br \/>\nPolonia\tUPS\/DPD\/DHL Alemania\t10~15 D\u00edas<br \/>\nCroacia\tUPS\/DPD\/DHL Alemania\t10~15 D\u00edas<br \/>\nEslovaquia\tUPS\/DPD\/DHL Alemania\t10~15 D\u00edas<br \/>\nEslovenia\tUPS\/DPD\/DHL Alemania\t10~15 D\u00edas<br \/>\nFinlandia\tUPS\/DPD\/DHL Alemania\t10~15 D\u00edas<br \/>\nDinamarca\tUPS\/DPD\/DHL Alemania\t10~15 D\u00edas<br \/>\nSuecia\tUPS\/DPD\/DHL Alemania\t10~15 D\u00edas<br \/>\nAustria\tUPS\/DPD\/DHL Alemania\t10~15 D\u00edas<br \/>\nItalia\tUPS\/DPD\/DHL Alemania\t10~15 D\u00edas<br \/>\nHungr\u00eda\tUPS\/DPD\/DHL Alemania\t10~15 D\u00edas<br \/>\nLituania\tUPS\/DPD\/DHL Alemania\t10~15 D\u00edas<br \/>\nEstonia\tUPS\/DPD\/DHL Alemania\t10~15 D\u00edas<br \/>\nLetonia\tUPS\/DPD\/DHL Alemania\t10~15 D\u00edas<br \/>\nGrecia\tUPS\/DPD\/DHL Alemania\t10~15 D\u00edas<br \/>\nIrlanda\tUPS\/DPD\/DHL Alemania\t10~15 D\u00edas<br \/>\nPortugal\tUPS\/DPD\/DHL Alemania\t10~15 D\u00edas<br \/>\nEspa\u00f1a\tUPS\/DPD\/DHL Alemania\t10~15 D\u00edas<br \/>\nEmiratos \u00c1rabes Unidos (solo Dub\u00e1i)\tL\u00ednea dedicada a Dub\u00e1i\t12~18 D\u00edas<br \/>\nSud\u00e1frica\tL\u00ednea dedicada de Sud\u00e1frica\t15~25 D\u00edas<br \/>\nVietnam\tL\u00ednea dedicada de Vietnam\t3~5 D\u00edas<br \/>\nMalasia Occidental\tL\u00ednea dedicada de Malasia\t4~8 D\u00edas<br \/>\nOtros paises<\/p>\n<p>Para los pa\u00edses no mencionados anteriormente, el despacho de aduanas y el pago de derechos son necesarios a la llegada de su paquete. Para determinar el monto exacto del impuesto, es recomendable comunicarse con las autoridades aduaneras locales para obtener informaci\u00f3n espec\u00edfica. Adem\u00e1s, su departamento de aduanas podr\u00eda solicitar una licencia comercial, si corresponde.<\/p>\n\t\t<\/div>\n\t<\/div>\n\t\n\t<div id=\"accordion-3875914184\" class=\"accordion-item\">\n\t\t<a id=\"accordion-3875914184-label\" class=\"accordion-title plain\" href=\"#accordion-item-what-factors-are-considered-when-calculating-shipping-costs?\" aria-expanded=\"false\" aria-controls=\"accordion-3875914184-content\" >\n\t\t\t<button class=\"toggle\" aria-label=\"Alternar\"><i class=\"icon-angle-down\"><\/i><\/button>\n\t\t\t<span>\u00bfQu\u00e9 factores se consideran al calcular los costos de env\u00edo?<\/span>\n\t\t<\/a>\n\t\t<div id=\"accordion-3875914184-content\" class=\"accordion-inner\" aria-labelledby=\"accordion-3875914184-label\" >\n\t\t\t\n<p>Los costos de env\u00edo se determinan en funci\u00f3n del peso de los art\u00edculos, el destino del env\u00edo y el m\u00e9todo de env\u00edo elegido. El costo total de env\u00edo generalmente se muestra durante el proceso de pago.<\/p>\n\t\t<\/div>\n\t<\/div>\n\t\n\t<div id=\"accordion-4136018080\" class=\"accordion-item\">\n\t\t<a id=\"accordion-4136018080-label\" class=\"accordion-title plain\" href=\"#accordion-item-in-case-of-a-lost-or-delayed-package,-what-steps-should-i-take?\" aria-expanded=\"false\" aria-controls=\"accordion-4136018080-content\" >\n\t\t\t<button class=\"toggle\" aria-label=\"Alternar\"><i class=\"icon-angle-down\"><\/i><\/button>\n\t\t\t<span>En caso de p\u00e9rdida o retraso de un paquete, \u00bfqu\u00e9 pasos debo seguir?<\/span>\n\t\t<\/a>\n\t\t<div id=\"accordion-4136018080-content\" class=\"accordion-inner\" aria-labelledby=\"accordion-4136018080-label\" >\n\t\t\t\n<p>Si su paquete se pierde o experimenta retrasos importantes, comun\u00edquese con nuestro equipo de atenci\u00f3n al cliente. Llevaremos a cabo una investigaci\u00f3n y brindaremos asistencia para resolver el asunto.<\/p>\n\t\t<\/div>\n\t<\/div>\n\t\n\t<div id=\"accordion-1598633537\" class=\"accordion-item\">\n\t\t<a id=\"accordion-1598633537-label\" class=\"accordion-title plain\" href=\"#accordion-item-what-are-the-methods-available-for-tracking-my-order?\" aria-expanded=\"false\" aria-controls=\"accordion-1598633537-content\" >\n\t\t\t<button class=\"toggle\" aria-label=\"Alternar\"><i class=\"icon-angle-down\"><\/i><\/button>\n\t\t\t<span>\u00bfCu\u00e1les son los m\u00e9todos disponibles para rastrear mi pedido?<\/span>\n\t\t<\/a>\n\t\t<div id=\"accordion-1598633537-content\" class=\"accordion-inner\" aria-labelledby=\"accordion-1598633537-label\" >\n\t\t\t\n<p>Para rastrear su pedido, puede iniciar sesi\u00f3n en su cuenta y navegar a la secci\u00f3n \"Historial de pedidos\". Adem\u00e1s, le enviamos los detalles de seguimiento del pedido a trav\u00e9s de correo electr\u00f3nico.<\/p>\n\t\t<\/div>\n\t<\/div>\n\t\n\t<div id=\"accordion-2668800644\" class=\"accordion-item\">\n\t\t<a id=\"accordion-2668800644-label\" class=\"accordion-title plain\" href=\"#accordion-item-are-customs-duties-necessary-for-my-purchase?\" aria-expanded=\"false\" aria-controls=\"accordion-2668800644-content\" >\n\t\t\t<button class=\"toggle\" aria-label=\"Alternar\"><i class=\"icon-angle-down\"><\/i><\/button>\n\t\t\t<span>\u00bfSon necesarios derechos de aduana para mi compra?<\/span>\n\t\t<\/a>\n\t\t<div id=\"accordion-2668800644-content\" class=\"accordion-inner\" aria-labelledby=\"accordion-2668800644-label\" >\n\t\t\t\n<p>Actualmente, no se exigen derechos de aduana, a excepci\u00f3n de Canad\u00e1 y Dinamarca.<\/p>\n\t\t<\/div>\n\t<\/div>\n\t\n\t<div id=\"accordion-2492328464\" class=\"accordion-item\">\n\t\t<a id=\"accordion-2492328464-label\" class=\"accordion-title plain\" href=\"#accordion-item-what-is-the-approximate-shipping-timeframe?\" aria-expanded=\"false\" aria-controls=\"accordion-2492328464-content\" >\n\t\t\t<button class=\"toggle\" aria-label=\"Alternar\"><i class=\"icon-angle-down\"><\/i><\/button>\n\t\t\t<span>\u00bfCu\u00e1l es el plazo aproximado de env\u00edo?<\/span>\n\t\t<\/a>\n\t\t<div id=\"accordion-2492328464-content\" class=\"accordion-inner\" aria-labelledby=\"accordion-2492328464-label\" >\n\t\t\t\n<p>El tiempo de almacenamiento var\u00eda de 1 a 5 d\u00edas, mientras que el tiempo de env\u00edo suele ser de entre 7 y 15 d\u00edas, y var\u00eda seg\u00fan el producto.<\/p>\n\t\t<\/div>\n\t<\/div>\n\t\n<\/div>\n\t\t<\/div>\n\t\t\t\t\t<\/div>\n\n\t\n\n\t<div id=\"col-630187393\" class=\"col large-12\"  >\n\t\t\t\t<div class=\"col-inner\"  >\n\t\t\t\n\t\t\t\n<div class=\"container section-title-container\" ><h3 class=\"section-title section-title-normal\"><b><\/b><span class=\"section-title-main\" >Seguridad<\/span><b><\/b><\/h3><\/div>\n<div class=\"accordion\">\n\t<div id=\"accordion-2477382424\" class=\"accordion-item\">\n\t\t<a id=\"accordion-2477382424-label\" class=\"accordion-title plain\" href=\"#accordion-item-how-is-the-security-of-a-website-maintained?\" aria-expanded=\"false\" aria-controls=\"accordion-2477382424-content\" >\n\t\t\t<button class=\"toggle\" aria-label=\"Alternar\"><i class=\"icon-angle-down\"><\/i><\/button>\n\t\t\t<span>\u00bfC\u00f3mo se mantiene la seguridad de un sitio web?<\/span>\n\t\t<\/a>\n\t\t<div id=\"accordion-2477382424-content\" class=\"accordion-inner\" aria-labelledby=\"accordion-2477382424-label\" >\n\t\t\t\n<p>Se implementan varias medidas de seguridad para salvaguardar sus datos y transacciones en el sitio web, como cifrado de datos, firewalls y evaluaciones de seguridad de rutina.<\/p>\n\t\t<\/div>\n\t<\/div>\n\t\n\t<div id=\"accordion-598933639\" class=\"accordion-item\">\n\t\t<a id=\"accordion-598933639-label\" class=\"accordion-title plain\" href=\"#accordion-item-how-is-the-protection-of-my-personal-information-guaranteed?\" aria-expanded=\"false\" aria-controls=\"accordion-598933639-content\" >\n\t\t\t<button class=\"toggle\" aria-label=\"Alternar\"><i class=\"icon-angle-down\"><\/i><\/button>\n\t\t\t<span>\u00bfC\u00f3mo se garantiza la protecci\u00f3n de mis datos personales?<\/span>\n\t\t<\/a>\n\t\t<div id=\"accordion-598933639-content\" class=\"accordion-inner\" aria-labelledby=\"accordion-598933639-label\" >\n\t\t\t\n<p>Mantenemos nuestra pol\u00edtica de privacidad rigurosamente, asegurando que su informaci\u00f3n personal no se comparta ni se venda. Sus datos se utilizan exclusivamente para el procesamiento de pedidos y con fines de asistencia al cliente.<\/p>\n\t\t<\/div>\n\t<\/div>\n\t\n\t<div id=\"accordion-1318048432\" class=\"accordion-item\">\n\t\t<a id=\"accordion-1318048432-label\" class=\"accordion-title plain\" href=\"#accordion-item-is-the-payment-information-kept-secure?\" aria-expanded=\"false\" aria-controls=\"accordion-1318048432-content\" >\n\t\t\t<button class=\"toggle\" aria-label=\"Alternar\"><i class=\"icon-angle-down\"><\/i><\/button>\n\t\t\t<span>\u00bfSe mantiene segura la informaci\u00f3n de pago?<\/span>\n\t\t<\/a>\n\t\t<div id=\"accordion-1318048432-content\" class=\"accordion-inner\" aria-labelledby=\"accordion-1318048432-label\" >\n\t\t\t\n<p>Utilizamos un sistema de procesamiento de pagos seguro que cumple con los est\u00e1ndares PCI para salvaguardar la seguridad de sus datos de pago.<\/p>\n\t\t<\/div>\n\t<\/div>\n\t\n\t<div id=\"accordion-3315762251\" class=\"accordion-item\">\n\t\t<a id=\"accordion-3315762251-label\" class=\"accordion-title plain\" href=\"#accordion-item-what-steps-can-i-take-to-generate-a-robust-password?\" aria-expanded=\"false\" aria-controls=\"accordion-3315762251-content\" >\n\t\t\t<button class=\"toggle\" aria-label=\"Alternar\"><i class=\"icon-angle-down\"><\/i><\/button>\n\t\t\t<span>\u00bfQu\u00e9 pasos puedo seguir para generar una contrase\u00f1a robusta?<\/span>\n\t\t<\/a>\n\t\t<div id=\"accordion-3315762251-content\" class=\"accordion-inner\" aria-labelledby=\"accordion-3315762251-label\" >\n\t\t\t\n<p>Crear una contrase\u00f1a segura implica incorporar una combinaci\u00f3n de letras, n\u00fameros y caracteres especiales, evitando detalles f\u00e1ciles de adivinar, como los cumplea\u00f1os. Cambiar peri\u00f3dicamente su contrase\u00f1a refuerza a\u00fan m\u00e1s la seguridad.<\/p>\n\t\t<\/div>\n\t<\/div>\n\t\n\t<div id=\"accordion-3883444736\" class=\"accordion-item\">\n\t\t<a id=\"accordion-3883444736-label\" class=\"accordion-title plain\" href=\"#accordion-item-what-methods-can-i-employ-to-confirm-the-legitimacy-of-a-website?\" aria-expanded=\"false\" aria-controls=\"accordion-3883444736-content\" >\n\t\t\t<button class=\"toggle\" aria-label=\"Alternar\"><i class=\"icon-angle-down\"><\/i><\/button>\n\t\t\t<span>\u00bfQu\u00e9 m\u00e9todos puedo emplear para confirmar la legitimidad de un sitio web?<\/span>\n\t\t<\/a>\n\t\t<div id=\"accordion-3883444736-content\" class=\"accordion-inner\" aria-labelledby=\"accordion-3883444736-label\" >\n\t\t\t\n<p>Verifique la autenticidad de un sitio web confirmando que su URL coincida con el sitio web oficial. Adem\u00e1s, verifique la presencia de un certificado SSL, lo que significa que el sitio es seguro.<\/p>\n\t\t<\/div>\n\t<\/div>\n\t\n\t<div id=\"accordion-2987211773\" class=\"accordion-item\">\n\t\t<a id=\"accordion-2987211773-label\" class=\"accordion-title plain\" href=\"#accordion-item-what-should-i-do-if-i-come-across-suspicious-activity?\" aria-expanded=\"false\" aria-controls=\"accordion-2987211773-content\" >\n\t\t\t<button class=\"toggle\" aria-label=\"Alternar\"><i class=\"icon-angle-down\"><\/i><\/button>\n\t\t\t<span>\u00bfQu\u00e9 debo hacer si encuentro actividad sospechosa?<\/span>\n\t\t<\/a>\n\t\t<div id=\"accordion-2987211773-content\" class=\"accordion-inner\" aria-labelledby=\"accordion-2987211773-label\" >\n\t\t\t\n<p>Si encuentra alguna actividad sospechosa o problemas de seguridad, comun\u00edquese con nuestro servicio de atenci\u00f3n al cliente de inmediato. Investigaremos el asunto y tomaremos las medidas apropiadas.<\/p>\n\t\t<\/div>\n\t<\/div>\n\t\n\t<div id=\"accordion-2247645393\" class=\"accordion-item\">\n\t\t<a id=\"accordion-2247645393-label\" class=\"accordion-title plain\" href=\"#accordion-item-do-you-have-any-measures-in-place-to-prevent-phishing?\" aria-expanded=\"false\" aria-controls=\"accordion-2247645393-content\" >\n\t\t\t<button class=\"toggle\" aria-label=\"Alternar\"><i class=\"icon-angle-down\"><\/i><\/button>\n\t\t\t<span>\u00bfTiene alguna medida implementada para prevenir el phishing?<\/span>\n\t\t<\/a>\n\t\t<div id=\"accordion-2247645393-content\" class=\"accordion-inner\" aria-labelledby=\"accordion-2247645393-label\" >\n\t\t\t\n<p>S\u00ed, hemos implementado medidas antiphishing para mitigar las actividades fraudulentas en sitios web y correos electr\u00f3nicos maliciosos.<\/p>\n\t\t<\/div>\n\t<\/div>\n\t\n<\/div>\n\t\t<\/div>\n\t\t\t\t\t<\/div>\n\n\t\n\n\t<div id=\"col-200800109\" class=\"col large-12\"  >\n\t\t\t\t<div class=\"col-inner\"  >\n\t\t\t\n\t\t\t\n<div class=\"container section-title-container\" ><h3 class=\"section-title section-title-normal\"><b><\/b><span class=\"section-title-main\" >Devoluciones<\/span><b><\/b><\/h3><\/div>\n<div class=\"accordion\">\n\t<div id=\"accordion-1959518607\" class=\"accordion-item\">\n\t\t<a id=\"accordion-1959518607-label\" class=\"accordion-title plain\" href=\"#accordion-item-how-can-i-modify-the-items-in-my-order?\" aria-expanded=\"false\" aria-controls=\"accordion-1959518607-content\" >\n\t\t\t<button class=\"toggle\" aria-label=\"Alternar\"><i class=\"icon-angle-down\"><\/i><\/button>\n\t\t\t<span>\u00bfC\u00f3mo puedo modificar los art\u00edculos de mi pedido?<\/span>\n\t\t<\/a>\n\t\t<div id=\"accordion-1959518607-content\" class=\"accordion-inner\" aria-labelledby=\"accordion-1959518607-label\" >\n\t\t\t\n<p>Para realizar cambios en su pedido, puede hacerlo hasta las 11:00 p.m. (PDT -7 GMT) del mismo d\u00eda en que se realiz\u00f3 el pedido. Por favor, cont\u00e1ctenos a info@vapexyz.com para solicitar cualquier modificaci\u00f3n.<\/p>\n\t\t<\/div>\n\t<\/div>\n\t\n\t<div id=\"accordion-1745438689\" class=\"accordion-item\">\n\t\t<a id=\"accordion-1745438689-label\" class=\"accordion-title plain\" href=\"#accordion-item-what-is-the-process-for-returning-a-product?\" aria-expanded=\"false\" aria-controls=\"accordion-1745438689-content\" >\n\t\t\t<button class=\"toggle\" aria-label=\"Alternar\"><i class=\"icon-angle-down\"><\/i><\/button>\n\t\t\t<span>\u00bfCu\u00e1l es el proceso para devolver un producto?<\/span>\n\t\t<\/a>\n\t\t<div id=\"accordion-1745438689-content\" class=\"accordion-inner\" aria-labelledby=\"accordion-1745438689-label\" >\n\t\t\t\n<p>Nuestra pol\u00edtica de devoluciones permite devoluciones dentro de los 15 d\u00edas posteriores a la recepci\u00f3n de su art\u00edculo. Para calificar para una devoluci\u00f3n, aseg\u00farese de que el art\u00edculo est\u00e9 en su estado original, sin usar o sin usar, con etiquetas y en el embalaje original. Tambi\u00e9n necesitar\u00e1s el recibo o comprobante de compra.<\/p>\n<p>Para iniciar una devoluci\u00f3n, cont\u00e1ctenos en info@vapexyz.com. Si su devoluci\u00f3n es aprobada, proporcionaremos una etiqueta de env\u00edo de devoluci\u00f3n e instrucciones sobre c\u00f3mo y d\u00f3nde enviar el paquete. Tenga en cuenta que los art\u00edculos devueltos sin autorizaci\u00f3n previa no ser\u00e1n aceptados. Para cualquier consulta adicional sobre devoluciones, no dude en hac\u00e9rselo saber en info@vapexyz.com.<\/p>\n\t\t<\/div>\n\t<\/div>\n\t\n<\/div>\n\t\t<\/div>\n\t\t\t\t\t<\/div>\n\n\t\n<\/div>","protected":false},"excerpt":{"rendered":"","protected":false},"author":1,"featured_media":0,"parent":0,"menu_order":0,"comment_status":"closed","ping_status":"closed","template":"page-blank-title-center.php","meta":{"_lmt_disableupdate":"no","_lmt_disable":"","footnotes":""},"class_list":["post-15872","page","type-page","status-publish","hentry"],"jetpack_sharing_enabled":true,"_links":{"self":[{"href":"https:\/\/vapexyz.com\/es\/wp-json\/wp\/v2\/pages\/15872","targetHints":{"allow":["GET"]}}],"collection":[{"href":"https:\/\/vapexyz.com\/es\/wp-json\/wp\/v2\/pages"}],"about":[{"href":"https:\/\/vapexyz.com\/es\/wp-json\/wp\/v2\/types\/page"}],"author":[{"embeddable":true,"href":"https:\/\/vapexyz.com\/es\/wp-json\/wp\/v2\/users\/1"}],"replies":[{"embeddable":true,"href":"https:\/\/vapexyz.com\/es\/wp-json\/wp\/v2\/comments?post=15872"}],"version-history":[{"count":0,"href":"https:\/\/vapexyz.com\/es\/wp-json\/wp\/v2\/pages\/15872\/revisions"}],"wp:attachment":[{"href":"https:\/\/vapexyz.com\/es\/wp-json\/wp\/v2\/media?parent=15872"}],"curies":[{"name":"wp","href":"https:\/\/api.w.org\/{rel}","templated":true}]}}