{"id":69406,"date":"2026-03-13T09:03:56","date_gmt":"2026-03-13T09:03:56","guid":{"rendered":"https:\/\/vapexyz.com\/?post_type=product&#038;p=69406"},"modified":"2026-03-15T14:42:30","modified_gmt":"2026-03-15T14:42:30","slug":"bang-blaze-200k-dsk069-einweg-vapes-groshandel-massenbestellung-200000-zuge-6-in-1-umschaltbare-doppelmessung","status":"publish","type":"product","link":"https:\/\/vapexyz.com\/de\/product\/bang-blaze-200k-dsk069-disposable-vapes-wholesale-bulk-buy-200000-puffs-6-in-1-switchable-dual-mesh\/","title":{"rendered":"BANG BLAZE 200K DSK069 Einweg-Vapes Gro\u00dfhandel Massen Kauf 200000 Puffs 6 In 1 Umschaltbare Doppelmaske"},"content":{"rendered":"<article>\n<h2 style=\"color: #2c3e50;text-align: center\"><a href=\"https:\/\/vapexyz.com\/de\/produktkategorie\/knall\/\">BANG BLAZE<\/a> 200K DSK069: Der ultimative Riese unter den Einweg-Vapes<\/h2>\n<p>Are you ready for a vape experience that just keeps going? The BANG BLAZE 200K DSK069 is here to change everything! With a mind-blowing capacity of 200,000 puffs, this device is built for long-lasting fun. It\u2019s colorful, smart, and perfect for anyone who wants a reliable disposable vape that stays by their side for weeks.<\/p>\n<p>At VapeXYZ, we are your go-to European wholesale home for these incredible disposable vapes. Whether you are buying for yourself or your shop, we make sure you get the best bulk prices in the business!<\/p>\n<div style=\"margin: 20px 0;font-family: sans-serif;line-height: 1.6;color: #444\">\n<h3 style=\"color: #2980b9;margin-bottom: 12px\">Why the BANG BLAZE 200K is a Game Changer \ud83d\udc8e<\/h3>\n<p style=\"font-size: 1em;margin: 0\">Experience the future of vaping with the BANG BLAZE 200K.Engineered for ultimate longevity, it delivers an industry-leading 200,000+ puffs,ensuring your device lasts as long as your lifestyle demands. Stay in total control with theintegrated Smart LED display for real-time battery and\u00a0 monitoring,while our advanced Dual Mesh Tech guarantees a consistently smooth,balanced, and flavorful draw from the first puff to the last.<\/p>\n<\/div>\n<h3 style=\"color: #2c3e50\">Entdecken Sie Ihre 6-in-1-Optionen<\/h3>\n<p>Jedes Ger\u00e4t ist wie eine Schatztruhe mit 6 verschiedenen Sorten drin! \u00dcberpr\u00fcfen Sie die erstaunlichen Optionen, die f\u00fcr den Gro\u00dfkauf verf\u00fcgbar sind:<\/p>\n<table style=\"width: 100%;border-collapse: collapse;margin: 20px 0;border: 1px solid #ddd;font-family: Arial, sans-serif\">\n<thead>\n<tr style=\"background-color: #34495e;color: white;text-align: left\">\n<th style=\"padding: 12px;border: 1px solid #ddd;width: 30%\">Option Name<\/th>\n<th style=\"padding: 12px;border: 1px solid #ddd\">Enthaltene Sorten (6-in-1)<\/th>\n<\/tr>\n<\/thead>\n<tbody>\n<tr>\n<td style=\"padding: 10px;border: 1px solid #ddd;font-weight: bold;color: #e67e22\">1. Sonnige Mischung<\/td>\n<td style=\"padding: 10px;border: 1px solid #ddd\">Pfirsich-Eis, Zitrone-Limetten, Erdbeere-Wassermelone, Himbeere-Traube, Erdbeere-Mamba, Kirsche-Granatapfel<\/td>\n<\/tr>\n<tr style=\"background-color: #f9f9f9\">\n<td style=\"padding: 10px;border: 1px solid #ddd;font-weight: bold;color: #e67e22\">2. Tropischer Obstgarten<\/td>\n<td style=\"padding: 10px;border: 1px solid #ddd\">Wassermelonen-Eis, Apfel Traube, Blaubeere Himbeere, Mango Pfirsich, Ananas Orange, Blaubeere Pfirsich<\/td>\n<\/tr>\n<tr>\n<td style=\"padding: 10px;border: 1px solid #ddd;font-weight: bold;color: #e67e22\">3. Coole Abenteuer<\/td>\n<td style=\"padding: 10px;border: 1px solid #ddd\">Trauben-Eis, Himbeere Zitrone, Blaubeere Red Bull, Ananas Kokos, Erdbeere Lychee, Schwarzer Drache Eis<\/td>\n<\/tr>\n<tr style=\"background-color: #f9f9f9\">\n<td style=\"padding: 10px;border: 1px solid #ddd;font-weight: bold;color: #e67e22\">4. Beergarten<\/td>\n<td style=\"padding: 10px;border: 1px solid #ddd\">Blaubeer-Eis, Himbeere Wassermelone, Aloe Vera Traube, Erdbeere Banane, Love 66, Blaubeere Kirsche<\/td>\n<\/tr>\n<tr>\n<td style=\"padding: 10px;border: 1px solid #ddd;font-weight: bold;color: #e67e22\">5. S\u00fc\u00dfe Leckereien<\/td>\n<td style=\"padding: 10px;border: 1px solid #ddd\">Apfel Eis, gemischte Beeren, Wassermelonen-Blasenkaugummi, Blaubeer-Wassermelone, Erdbeere-Mango, Aloe-Mango-Honigmelone<\/td>\n<\/tr>\n<tr style=\"background-color: #f9f9f9\">\n<td style=\"padding: 10px;border: 1px solid #ddd;font-weight: bold;color: #e67e22\">6. Inselparty<\/td>\n<td style=\"padding: 10px;border: 1px solid #ddd\">Ananas-Eis, Kiwi-Passionsfrucht-Guava, Gummib\u00e4rchen, Wassermelone-Dragon Fruit, Pfirsich-Mango-Wassermelone, Blaubeer-Preiselbeer-Kirsche<\/td>\n<\/tr>\n<tr>\n<td style=\"padding: 10px;border: 1px solid #ddd;font-weight: bold;color: #e67e22\">7. Reine Frucht Freude<\/td>\n<td style=\"padding: 10px;border: 1px solid #ddd\">Erdbeere, Schwarze Johannisbeere Ananas-Eis, Tropische Fr\u00fcchte, Trauben-Bubblegum, Blaubeere Traube, Mango Passionsfrucht<\/td>\n<\/tr>\n<tr style=\"background-color: #f9f9f9\">\n<td style=\"padding: 10px;border: 1px solid #ddd;font-weight: bold;color: #e67e22\">8. Goldene Ernte<\/td>\n<td style=\"padding: 10px;border: 1px solid #ddd\">Dreifach Mango, Traube Pfirsich, Erdbeer-Eiscreme, Erdbeer-Kiwi, Traube Energy, Rote Cola<\/td>\n<\/tr>\n<tr>\n<td style=\"padding: 10px;border: 1px solid #ddd;font-weight: bold;color: #e67e22\">9. Erfrischender Wind<\/td>\n<td style=\"padding: 10px;border: 1px solid #ddd\">Banane Eis, Aloe Vera Apfel, Passionsfrucht Grapefruit, Erdbeere Kokos, Erdbeere Wassermelone Kaugummi, Wassermelone Limette Eis<\/td>\n<\/tr>\n<tr style=\"background-color: #f9f9f9\">\n<td style=\"padding: 10px;border: 1px solid #ddd;font-weight: bold;color: #e67e22\">10. Cremig &amp; S\u00e4uerlich<\/td>\n<td style=\"padding: 10px;border: 1px solid #ddd\">Kirsch Eis, Rosa Zitrone, Blaubeer Minze, Bananen Eiscreme, Passionsfrucht Ananas Eis, Gr\u00fcner Apfel Kiwi<\/td>\n<\/tr>\n<tr>\n<td style=\"padding: 10px;border: 1px solid #ddd;font-weight: bold;color: #e67e22\">11. S\u00fc\u00dfe Tr\u00e4ume<\/td>\n<td style=\"padding: 10px;border: 1px solid #ddd\">Rainbow-Candy, Pfirsich-Birnen-Eis, Cappuccino, Frischer Minz-Mojito, Erdbeere-Mango-Johannisbeere, Flauschige Marshmallow<\/td>\n<\/tr>\n<tr style=\"background-color: #f9f9f9\">\n<td style=\"padding: 10px;border: 1px solid #ddd;font-weight: bold;color: #e67e22\">12. Super-Beeren-Explosion<\/td>\n<td style=\"padding: 10px;border: 1px solid #ddd\">Schwarze Johannisbeere, Triple Melone, Erdbeere Himbeere, Super Beere, Blaubeere Brombeere Erdbeere, Pfirsich Zitrone Wasser<\/td>\n<\/tr>\n<\/tbody>\n<\/table>\n<div style=\"background-color: #e8f6f3;border-left: 10px solid #1abc9c;padding: 20px;margin: 30px 0;border-radius: 5px\">\n<h3 style=\"color: #16a085;margin-top: 0\">\ud83d\udca1 Wissensbox: Der intelligente Weg zum Dampfen<\/h3>\n<p>The BANG BLAZE 200K is designed to be user-friendly. Instead of carrying many small disposable vapes, this one device replaces them all. It features a rechargeable 600mAh battery, so you can just plug it in with a Type-C cable and keep going until the very last puff. It&#8217;s smart for your pocket and better for the world around us!<\/p>\n<\/div>\n<h3 style=\"color: #2c3e50\">Technische Fakten<\/h3>\n<table style=\"width: 100%;border-collapse: collapse;margin-bottom: 20px\">\n<thead>\n<tr style=\"background-color: #2c3e50;color: white\">\n<th style=\"padding: 12px;border: 1px solid #ddd\">Spezifikation<\/th>\n<th style=\"padding: 12px;border: 1px solid #ddd\">Einzelheiten<\/th>\n<\/tr>\n<\/thead>\n<tbody>\n<tr>\n<td style=\"padding: 10px;border: 1px solid #ddd;font-weight: bold\">Puff Count<\/td>\n<td style=\"padding: 10px;border: 1px solid #ddd\">200.000 Puffs<\/td>\n<\/tr>\n<tr>\n<td style=\"padding: 10px;border: 1px solid #ddd;font-weight: bold\">Batterie<\/td>\n<td style=\"padding: 10px;border: 1px solid #ddd\">600mAh (Typ-C aufladbar)<\/td>\n<\/tr>\n<tr>\n<td style=\"padding: 10px;border: 1px solid #ddd;font-weight: bold\">Spulensystem<\/td>\n<td style=\"padding: 10px;border: 1px solid #ddd\">1,2\u03a9 Dual Mesh Coil<\/td>\n<\/tr>\n<tr>\n<td style=\"padding: 10px;border: 1px solid #ddd;font-weight: bold\">Bildschirm<\/td>\n<td style=\"padding: 10px;border: 1px solid #ddd\">Digitaler Smart-Monitor<\/td>\n<\/tr>\n<tr>\n<td style=\"padding: 10px;border: 1px solid #ddd;font-weight: bold\">Erfahrung<\/td>\n<td style=\"padding: 10px;border: 1px solid #ddd\">6-in-1 Umschaltbare Optionen<\/td>\n<\/tr>\n<\/tbody>\n<\/table>\n<div style=\"background-color: #fff9e6;border: 2px dashed #f39c12;border-radius: 15px;padding: 25px;margin-top: 30px\">\n<h3 style=\"color: #d35400;margin-top: 0;text-align: center\">H\u00e4ufig gestellte Fragen (FAQ)<\/h3>\n<div style=\"margin-bottom: 15px\">\n<p style=\"font-weight: bold;color: #2980b9;margin-bottom: 5px\">Wie lade ich meinen BANG BLAZE auf?<\/p>\n<p style=\"margin-top: 0;color: #444\">Verwenden Sie einfach ein Typ-C-Kabel (wie bei den meisten modernen Handys) und stecken Sie es in die Unterseite des Ger\u00e4ts. Der intelligente Bildschirm zeigt Ihnen den Batteriestatus an!<\/p>\n<\/div>\n<hr style=\"border: 0;border-top: 1px solid #f39c12;margin: 15px 0\" \/>\n<div style=\"margin-bottom: 15px\">\n<p style=\"font-weight: bold;color: #2980b9;margin-bottom: 5px\">Kann ich diese in gro\u00dfen Mengen f\u00fcr meinen Laden kaufen?<\/p>\n<p style=\"margin-top: 0;color: #444\">Yes! VapeXYZ is a leading wholesale platform. We specialize in bulk buy orders for disposable vapes across Europe, offering the most competitive prices.<\/p>\n<\/div>\n<hr style=\"border: 0;border-top: 1px solid #f39c12;margin: 15px 0\" \/>\n<div style=\"margin-bottom: 0\">\n<p style=\"font-weight: bold;color: #2980b9;margin-bottom: 5px\">Wie viele Optionen sind in einem Ger\u00e4t?<\/p>\n<p style=\"margin-top: 0;color: #444\">Jedes BANG BLAZE 200K-Ger\u00e4t wird mit einem \u201c6-in-1\u201d-Setup geliefert, was bedeutet, dass Sie mit jedem einzelnen Ger\u00e4t eine Vielzahl von 6 verschiedenen Erfahrungen erhalten!<\/p>\n<\/div>\n<\/div>\n<p><img loading=\"lazy\" decoding=\"async\" class=\"size-full wp-image-69550 aligncenter\" src=\"https:\/\/vapexyz.com\/wp-content\/uploads\/2026\/03\/BANG-BLAZE-200K-DSK069-Disposable-Vapes-Wholesale-Bulk-Buy-200000-Puffs-6-In-1-Switchable-Dual-Mesh-scaled.webp\" alt=\"BANG BLAZE 200K DSK069 Einweg-Vapes Gro\u00dfhandel Massen Kauf 200000 Puffs 6 In 1 Umschaltbare Doppelmaske\" width=\"1129\" height=\"2560\" title=\"\" srcset=\"https:\/\/vapexyz.com\/wp-content\/uploads\/2026\/03\/BANG-BLAZE-200K-DSK069-Disposable-Vapes-Wholesale-Bulk-Buy-200000-Puffs-6-In-1-Switchable-Dual-Mesh-scaled.webp 1129w, https:\/\/vapexyz.com\/wp-content\/uploads\/2026\/03\/BANG-BLAZE-200K-DSK069-Disposable-Vapes-Wholesale-Bulk-Buy-200000-Puffs-6-In-1-Switchable-Dual-Mesh-221x500.webp 221w, https:\/\/vapexyz.com\/wp-content\/uploads\/2026\/03\/BANG-BLAZE-200K-DSK069-Disposable-Vapes-Wholesale-Bulk-Buy-200000-Puffs-6-In-1-Switchable-Dual-Mesh-452x1024.webp 452w, https:\/\/vapexyz.com\/wp-content\/uploads\/2026\/03\/BANG-BLAZE-200K-DSK069-Disposable-Vapes-Wholesale-Bulk-Buy-200000-Puffs-6-In-1-Switchable-Dual-Mesh-768x1741.webp 768w, https:\/\/vapexyz.com\/wp-content\/uploads\/2026\/03\/BANG-BLAZE-200K-DSK069-Disposable-Vapes-Wholesale-Bulk-Buy-200000-Puffs-6-In-1-Switchable-Dual-Mesh-677x1536.webp 677w, https:\/\/vapexyz.com\/wp-content\/uploads\/2026\/03\/BANG-BLAZE-200K-DSK069-Disposable-Vapes-Wholesale-Bulk-Buy-200000-Puffs-6-In-1-Switchable-Dual-Mesh-903x2048.webp 903w, https:\/\/vapexyz.com\/wp-content\/uploads\/2026\/03\/BANG-BLAZE-200K-DSK069-Disposable-Vapes-Wholesale-Bulk-Buy-200000-Puffs-6-In-1-Switchable-Dual-Mesh-5x12.webp 5w, https:\/\/vapexyz.com\/wp-content\/uploads\/2026\/03\/BANG-BLAZE-200K-DSK069-Disposable-Vapes-Wholesale-Bulk-Buy-200000-Puffs-6-In-1-Switchable-Dual-Mesh-510x1156.webp 510w\" sizes=\"auto, (max-width: 1129px) 100vw, 1129px\" \/><\/p>\n<p style=\"text-align: center;margin-top: 40px;font-size: 1.3em;color: #2ecc71;font-weight: bold\">\u2728 Bereit, das ultimative Puff-Erlebnis zu erleben? Besuche <a href=\"https:\/\/vapexyz.com\/de\/\">VapeXYZ<\/a> Und bekomme deinen BANG BLAZE 200K noch heute!<\/p>\n<\/article>","protected":false},"excerpt":{"rendered":"<div id=\"model-response-message-contentr_001ec7cad91754b3\" class=\"markdown markdown-main-panel tutor-markdown-rendering stronger enable-updated-hr-color\" dir=\"ltr\" aria-live=\"polite\">\n<p data-path-to-node=\"0\">Heben Sie Ihr Inventar mit der BANG BLAZE 200K DSK069 auf, einer leistungsstarken Einweg-E-Zigarette mit unglaublichen 200.000 Z\u00fcgen, intelligenter Bildschirmtechnologie und vielseitigen 6-in-1-Optionen, erh\u00e4ltlich f\u00fcr Gro\u00dfhandel und Massenbestellung exklusiv bei VapeXYZ.<\/p>\n<\/div>","protected":false},"featured_media":69552,"comment_status":"open","ping_status":"closed","template":"","meta":{"_lmt_disableupdate":"no","_lmt_disable":""},"product_brand":[],"product_cat":[821,1106,947,935,934,927,929,928,930,933,939,932,938,931,936,937,1017,949,946,950,951,953,1105,987],"product_tag":[],"class_list":{"0":"post-69406","1":"product","2":"type-product","3":"status-publish","4":"has-post-thumbnail","6":"product_cat-bang","7":"product_cat-200000-puffs-vapes","8":"product_cat-big-puffs-vapes","9":"product_cat-bulk-buy-disposable-vapes-in-austria","10":"product_cat-bulk-buy-disposable-vapes-in-belgium","11":"product_cat-bulk-buy-disposable-vapes-in-europe","12":"product_cat-bulk-buy-disposable-vapes-in-france","13":"product_cat-bulk-buy-disposable-vapes-in-germany","14":"product_cat-bulk-buy-disposable-vapes-in-italy","15":"product_cat-bulk-buy-disposable-vapes-in-netherlands","16":"product_cat-bulk-buy-disposable-vapes-in-norway","17":"product_cat-bulk-buy-disposable-vapes-in-poland","18":"product_cat-bulk-buy-disposable-vapes-in-portugal","19":"product_cat-bulk-buy-disposable-vapes-in-spain","20":"product_cat-bulk-buy-disposable-vapes-in-sweden","21":"product_cat-bulk-buy-disposable-vapes-in-switzerland","22":"product_cat-buy-best-disposable-vape-flavors","23":"product_cat-digital-box-vapes","24":"product_cat-disposable-vapes-series","25":"product_cat-dual-mesh-vapes","26":"product_cat-lower-nicotine-vapes","27":"product_cat-rechargeable-vapes","28":"product_cat-six-flavor-vapes","29":"product_cat-vape-shop-by-puffs","31":"first","32":"instock","33":"shipping-taxable","34":"purchasable","35":"product-type-variable","36":"has-default-attributes"},"jetpack_sharing_enabled":true,"tiered_pricing_type":"fixed","tiered_pricing_fixed_rules":[],"tiered_pricing_product_settings":{"layout":"default","base_unit_name":{"singular":null,"plural":null},"default_variation":null},"tiered_pricing_minimum_quantity":null,"tiered_pricing_roles_data":[],"tiered_pricing_percentage_rules":[],"tiered_pricing_maximum_quantity":null,"tiered_pricing_quantity_step":null,"_links":{"self":[{"href":"https:\/\/vapexyz.com\/de\/wp-json\/wp\/v2\/product\/69406","targetHints":{"allow":["GET"]}}],"collection":[{"href":"https:\/\/vapexyz.com\/de\/wp-json\/wp\/v2\/product"}],"about":[{"href":"https:\/\/vapexyz.com\/de\/wp-json\/wp\/v2\/types\/product"}],"replies":[{"embeddable":true,"href":"https:\/\/vapexyz.com\/de\/wp-json\/wp\/v2\/comments?post=69406"}],"wp:featuredmedia":[{"embeddable":true,"href":"https:\/\/vapexyz.com\/de\/wp-json\/wp\/v2\/media\/69552"}],"wp:attachment":[{"href":"https:\/\/vapexyz.com\/de\/wp-json\/wp\/v2\/media?parent=69406"}],"wp:term":[{"taxonomy":"product_brand","embeddable":true,"href":"https:\/\/vapexyz.com\/de\/wp-json\/wp\/v2\/product_brand?post=69406"},{"taxonomy":"product_cat","embeddable":true,"href":"https:\/\/vapexyz.com\/de\/wp-json\/wp\/v2\/product_cat?post=69406"},{"taxonomy":"product_tag","embeddable":true,"href":"https:\/\/vapexyz.com\/de\/wp-json\/wp\/v2\/product_tag?post=69406"}],"curies":[{"name":"wp","href":"https:\/\/api.w.org\/{rel}","templated":true}]}}