{"id":60021,"date":"2025-12-02T08:58:28","date_gmt":"2025-12-02T08:58:28","guid":{"rendered":"https:\/\/vapexyz.com\/?post_type=product&#038;p=60021"},"modified":"2026-03-05T03:54:48","modified_gmt":"2026-03-05T03:54:48","slug":"razz-bar-60k-60000-puffs-kristall-vape-aufladbar-groshandel-massenbestellung-mesh-spule-europaisches-lager","status":"publish","type":"product","link":"https:\/\/vapexyz.com\/de\/product\/razz-bar-60k-60000-puffs-crystal-vape-rechargeable-wholesale-bulk-buy-mesh-coil-european-warehouse\/","title":{"rendered":"RAZZ BAR 60K 60000 Puffs Crystal Vape Aufladbar Gro\u00dfhandel Massen Kauf Mesh Coil Europ\u00e4ische Lager"},"content":{"rendered":"<article>\n<h2 style=\"font-size: 24px; color: #333; margin-bottom: 20px;\">\ud83c\udf08<a href=\"https:\/\/vapexyz.com\/de\/produktkategorie\/razz-bar-einweg-vapes\/\"> RAZZ BAR<\/a> 60k Crystal Einweg-Vapes Gro\u00dfhandelsf\u00fchrer<\/h2>\n<p>Hallo! \ud83d\ude0a Willkommen in unserem super coolen Leitfaden \u00fcber die erstaunlichen RAZZ BAR 60k Crystal Einweg-Vapes! Diese sind perfekt f\u00fcr jeden, der farbenfrohe, benutzerfreundliche Einweg-Vapes liebt, die extrem lange halten. Wir sind VapeXYZ, Ihre bevorzugte Online-Plattform in Europa f\u00fcr Gro\u00dfhandel-Einweg-Vapes. Lassen Sie uns eintauchen!<\/p>\n<h3 style=\"color: #6a5acd; border-left: 5px solid #9370DB; padding-left: 10px;\">\u2728 Was macht RAZZ BAR 60k Crystal so besonders?<\/h3>\n<p>Diese Einweg-Vapes sind wie ein magischer S\u00fc\u00dfigkeiten-Glas \ud83c\udf6c - hell, gl\u00e4nzend und voller \u00dcberraschungen! Sie sind daf\u00fcr konzipiert, Ihnen bis zu 60.000 Z\u00fcge zu bieten, was bedeutet, dass sie Sie f\u00fcr lange Zeit gl\u00fccklich machen werden. Mit einem aufladbaren Akku und einer Mesh-Spule ist jeder Zug glatt und gleichm\u00e4\u00dfig. Au\u00dferdem gibt es sie in 16 verschiedenen Optionen, die Ihnen ein unglaubliches Erlebnis bieten!<\/p>\n<h3 style=\"color: #ffa500; border-left: 5px solid #FFD700; padding-left: 10px;\">\u2b50\ufe0f Hauptmerkmale von RAZZ BAR 60k Einweg-Vapes<\/h3>\n<ul style=\"list-style-type: none; padding: 0;\">\n<li style=\"margin-bottom: 8px;\">\u2705 <span style=\"color: #ff69b4;\">Lang anhaltender Spa\u00df<\/span>: Bis zu 60.000 Puffs! Das ist wie eine nie endende Party!<\/li>\n<li style=\"margin-bottom: 8px;\">\u2705 <span style=\"color: #ff69b4;\">Aufladbare Leistung<\/span>: Ein 650mAh-Akku mit Type-C-Ladeger\u00e4t, damit du ihn schnell aufladen kannst.<\/li>\n<li style=\"margin-bottom: 8px;\">\u2705 <span style=\"color: #ff69b4;\">Glatte Puffs<\/span>Dank der Maschendrahtspirale f\u00fchlt sich jeder Atemzug weich und gleichm\u00e4\u00dfig an.<\/li>\n<li style=\"margin-bottom: 8px;\">\u2705 <span style=\"color: #ff69b4;\">Bulk-freundlich<\/span>Jede Karton enth\u00e4lt 200 St\u00fcck mit einem Gewicht von 25,2 kg - perfekt f\u00fcr gro\u00dfe Bestellungen!<\/li>\n<li style=\"margin-bottom: 8px;\">\u2705 <span style=\"color: #ff69b4;\">16 verschiedene Optionen<\/span>: Von fruchtig bis s\u00fc\u00df, ist f\u00fcr jeden etwas dabei.<\/li>\n<\/ul>\n<h3 style=\"color: #32cd32; border-left: 5px solid #90EE90; padding-left: 10px;\">\ud83c\udf4e Liste Distinkter Optionen (Alle 16 Optionen!)<\/h3>\n<p>Sieh dir diese aufregenden Optionen an, aufgelistet in Reihenfolge. Jede einzelne ist ein kleiner Gl\u00fccksschub!<\/p>\n<div style=\"background: #F0F8FF; padding: 15px; border-radius: 10px; border: 2px dashed #ADD8E6;\">\n<p>Erdbeere Banane<\/p>\n<p>Pfirsich-Eis<\/p>\n<p>Coco Loco<\/p>\n<p>Blaubeer Sauer Himbeere<\/p>\n<p>Baumwollbonbons<\/p>\n<p>Gummib\u00e4rchen<\/p>\n<p>Blaubeere Wassermelone<\/p>\n<p>Zitrone Pfirsich Passionsfrucht<\/p>\n<p>Schwarze Eisschlangenfrucht Erdbeere \ud83d\udda4\u2744\ufe0f\ud83d\udc09\ud83c\udf53<\/p>\n<p>Gemischte Beeren<\/p>\n<p>Liebe 66 \ud83d\udc9666<\/p>\n<p>Erdbeere Kiwi<\/p>\n<p>Tropische Fr\u00fcchte<\/p>\n<p>Erdbeer-Vanille-Coke<\/p>\n<p>Zitrone Limette<\/p>\n<p>Sommer-Traum<\/p>\n<\/div>\n<h3 style=\"color: #ff4500; border-left: 5px solid #FF6347; padding-left: 10px;\">\ud83d\udcca Schnelle Vergleichstabelle: RAZZ BAR 60k vs. Andere<\/h3>\n<table style=\"width: 100%; border-collapse: collapse; background: #FFF5EE; border-radius: 10px; overflow: hidden;\">\n<tbody>\n<tr style=\"background: #FFB6C1;\">\n<th style=\"padding: 12px; text-align: left; border: 1px solid #FF69B4;\">Besonderheit<\/th>\n<th style=\"padding: 12px; text-align: left; border: 1px solid #FF69B4;\">RAZZ BAR 60k<\/th>\n<th style=\"padding: 12px; text-align: left; border: 1px solid #FF69B4;\">Andere Einweg-Vapes<\/th>\n<\/tr>\n<tr style=\"background: #FFF0F5;\">\n<td style=\"padding: 12px; border: 1px solid #FFB6C1;\">Total Puffs<\/td>\n<td style=\"padding: 12px; border: 1px solid #FFB6C1;\">Bis zu 60.000<\/td>\n<td style=\"padding: 12px; border: 1px solid #FFB6C1;\">Normalerweise weniger, wie 5.000-10.000<\/td>\n<\/tr>\n<tr style=\"background: #FFF0F5;\">\n<td style=\"padding: 12px; border: 1px solid #FFB6C1;\">Batterie<\/td>\n<td style=\"padding: 12px; border: 1px solid #FFB6C1;\">650mAh, aufladbar<\/td>\n<td style=\"padding: 12px; border: 1px solid #FFB6C1;\">Oft nicht wiederaufladbar<\/td>\n<\/tr>\n<tr style=\"background: #FFF0F5;\">\n<td style=\"padding: 12px; border: 1px solid #FFB6C1;\">Verf\u00fcgbare Optionen<\/td>\n<td style=\"padding: 12px; border: 1px solid #FFB6C1;\">16 verschiedene Auswahlm\u00f6glichkeiten<\/td>\n<td style=\"padding: 12px; border: 1px solid #FFB6C1;\">Weniger Optionen, vielleicht 5-10<\/td>\n<\/tr>\n<tr style=\"background: #FFF0F5;\">\n<td style=\"padding: 12px; border: 1px solid #FFB6C1;\">Massenbestellungen<\/td>\n<td style=\"padding: 12px; border: 1px solid #FFB6C1;\">200 pro Karton, gro\u00dfartig f\u00fcr den Gro\u00dfhandel \ud83d\udce6<\/td>\n<td style=\"padding: 12px; border: 1px solid #FFB6C1;\">Kleinere Packungen<\/td>\n<\/tr>\n<\/tbody>\n<\/table>\n<h3 style=\"color: #8a2be2; border-left: 5px solid #DA70D6; padding-left: 10px;\">\u2753 H\u00e4ufig gestellte Fragen zum RAZZ BAR 60k Einweg-Vaporizer<\/h3>\n<div style=\"background: #E6E6FA; padding: 15px; border-radius: 10px; border: 2px solid #DDA0DD;\">\n<p>F: Wie lange h\u00e4lt eine RAZZ BAR 60k Einweg-E-Zigarette?<br \/>\nA: Mit bis zu 60.000 Puffs kann es je nach Nutzung wochen- oder sogar monatelang halten! Es ist wie ein treuer Freund, der dich nie verl\u00e4sst.<\/p>\n<p>F: Kann ich diesen Einweg-Vape aufladen?<br \/>\nA: Ja! Es hat eine 650mAh Batterie und verwendet Typ-C Aufladung, sodass du es schnell und einfach aufladen kannst. Keine Sorgen, dass dir der Spa\u00df ausgeht!<\/p>\n<p>Gibt es viele Auswahlm\u00f6glichkeiten?<br \/>\nA: Absolut! Es gibt 16 aufregende Optionen, von fruchtigen Mischungen bis hin zu s\u00fc\u00dfen Leckereien. Du wirst nie Langeweile bekommen!<\/p>\n<p>Wo kann ich diese im Gro\u00dfhandel kaufen?<br \/>\nHier bei VapeXYZ! Wir sind Ihre f\u00fchrende Online-Plattform in Europa f\u00fcr Gro\u00dfhandel mit Einweg-Vapes. Besuchen Sie einfach unsere Website, um Ihre Bestellung aufzugeben.<\/p>\n<\/div>\n<h3 style=\"color: #ff69b4; border-left: 5px solid #FF1493; padding-left: 10px;\">\ud83c\udf89 Warum bei uns kaufen <a href=\"https:\/\/vapexyz.com\/de\/\">VapeXYZ<\/a>?<\/h3>\n<p>Bei VapeXYZ machen wir den Kauf von Einweg-Vapes einfach und Spa\u00df! Wir bieten gro\u00dfartige Preise f\u00fcr Gro\u00dfbestellungen, schnelle Lieferung in ganz Europa und super freundlichen Service. Ob Sie ein Unternehmen gr\u00fcnden oder einfach nur gerne diese mit Freunden teilen, wir haben Ihren R\u00fccken. \ud83d\ude0a Besuchen Sie heute unsere Website, um Ihre RAZZ BAR 60k Crystal Einweg-Vapes zu kaufen - lasst uns die Freude gemeinsam verbreiten!<\/p>\n<p style=\"text-align: center; font-size: 1.2em; color: #ff6b88; margin-top: 20px;\">Vielen Dank f\u00fcr das Lesen, und wir freuen uns darauf, Ihnen bei Ihren Bed\u00fcrfnissen f\u00fcr Einweg-Vapes zu helfen!<\/p>\n<\/article>\n<p><strong><img loading=\"lazy\" decoding=\"async\" class=\"aligncenter wp-image-60064 size-large\" src=\"https:\/\/vapexyz.com\/wp-content\/uploads\/2025\/11\/RAZZ-BAR-60k-60000-Puffs-Crystal-Vape-Wholesale-Bulk-Buy-Orders-Mesh-Coil-1-777x1024.webp\" alt=\"RAZZ BAR 60k 60000 Puffs Crystal Vape Gro\u00dfhandel Massenbestellungen Mesh-Coil \" width=\"777\" height=\"1024\" title=\"\" srcset=\"https:\/\/vapexyz.com\/wp-content\/uploads\/2025\/11\/RAZZ-BAR-60k-60000-Puffs-Crystal-Vape-Wholesale-Bulk-Buy-Orders-Mesh-Coil-1-777x1024.webp 777w, https:\/\/vapexyz.com\/wp-content\/uploads\/2025\/11\/RAZZ-BAR-60k-60000-Puffs-Crystal-Vape-Wholesale-Bulk-Buy-Orders-Mesh-Coil-1-scaled-510x672.webp 510w, https:\/\/vapexyz.com\/wp-content\/uploads\/2025\/11\/RAZZ-BAR-60k-60000-Puffs-Crystal-Vape-Wholesale-Bulk-Buy-Orders-Mesh-Coil-1-379x500.webp 379w, https:\/\/vapexyz.com\/wp-content\/uploads\/2025\/11\/RAZZ-BAR-60k-60000-Puffs-Crystal-Vape-Wholesale-Bulk-Buy-Orders-Mesh-Coil-1-768x1012.webp 768w, https:\/\/vapexyz.com\/wp-content\/uploads\/2025\/11\/RAZZ-BAR-60k-60000-Puffs-Crystal-Vape-Wholesale-Bulk-Buy-Orders-Mesh-Coil-1-1165x1536.webp 1165w, https:\/\/vapexyz.com\/wp-content\/uploads\/2025\/11\/RAZZ-BAR-60k-60000-Puffs-Crystal-Vape-Wholesale-Bulk-Buy-Orders-Mesh-Coil-1-1554x2048.webp 1554w, https:\/\/vapexyz.com\/wp-content\/uploads\/2025\/11\/RAZZ-BAR-60k-60000-Puffs-Crystal-Vape-Wholesale-Bulk-Buy-Orders-Mesh-Coil-1-9x12.webp 9w, https:\/\/vapexyz.com\/wp-content\/uploads\/2025\/11\/RAZZ-BAR-60k-60000-Puffs-Crystal-Vape-Wholesale-Bulk-Buy-Orders-Mesh-Coil-1-scaled.webp 1942w\" sizes=\"auto, (max-width: 777px) 100vw, 777px\" \/><\/strong><\/p>","protected":false},"excerpt":{"rendered":"<p><span class=\"ng-star-inserted\">Dieser farbenfrohe und unterhaltsame Leitfaden erkl\u00e4rt, warum die RAZZ BAR 60k Einweg-Vapes mit ihrer langen Lebensdauer und vielen\u00a0<\/span><span class=\"ng-star-inserted\">aufregend<\/span><span class=\"ng-star-inserted\"> Die Optionen sind perfekt f\u00fcr den Gro\u00dfhandel und laden Sie ein, sie auf unserer Website, VapeXYZ, zu kaufen.<\/span><\/p>","protected":false},"featured_media":60063,"comment_status":"open","ping_status":"closed","template":"","meta":{"_lmt_disableupdate":"no","_lmt_disable":""},"product_brand":[],"product_cat":[1077,1072,947,935,934,927,929,928,930,933,939,932,938,931,936,937,1017,948,946,950,1016,951,953,954,987],"product_tag":[],"class_list":{"0":"post-60021","1":"product","2":"type-product","3":"status-publish","4":"has-post-thumbnail","6":"product_cat-razz-bar-disposable-vapes","7":"product_cat-60000-puff-vapes","8":"product_cat-big-puffs-vapes","9":"product_cat-bulk-buy-disposable-vapes-in-austria","10":"product_cat-bulk-buy-disposable-vapes-in-belgium","11":"product_cat-bulk-buy-disposable-vapes-in-europe","12":"product_cat-bulk-buy-disposable-vapes-in-france","13":"product_cat-bulk-buy-disposable-vapes-in-germany","14":"product_cat-bulk-buy-disposable-vapes-in-italy","15":"product_cat-bulk-buy-disposable-vapes-in-netherlands","16":"product_cat-bulk-buy-disposable-vapes-in-norway","17":"product_cat-bulk-buy-disposable-vapes-in-poland","18":"product_cat-bulk-buy-disposable-vapes-in-portugal","19":"product_cat-bulk-buy-disposable-vapes-in-spain","20":"product_cat-bulk-buy-disposable-vapes-in-sweden","21":"product_cat-bulk-buy-disposable-vapes-in-switzerland","22":"product_cat-buy-best-disposable-vape-flavors","23":"product_cat-crystal-vapes","24":"product_cat-disposable-vapes-series","25":"product_cat-dual-mesh-vapes","26":"product_cat-european-vape-warehouse","27":"product_cat-lower-nicotine-vapes","28":"product_cat-rechargeable-vapes","29":"product_cat-shisha-hookah-vapes","30":"product_cat-vape-shop-by-puffs","32":"first","33":"outofstock","34":"shipping-taxable","35":"purchasable","36":"product-type-variable","37":"has-default-attributes"},"jetpack_sharing_enabled":true,"tiered_pricing_type":"fixed","tiered_pricing_fixed_rules":[],"tiered_pricing_product_settings":{"layout":"default","base_unit_name":{"singular":null,"plural":null},"default_variation":null},"tiered_pricing_minimum_quantity":null,"tiered_pricing_roles_data":[],"tiered_pricing_percentage_rules":[],"tiered_pricing_maximum_quantity":null,"tiered_pricing_quantity_step":null,"_links":{"self":[{"href":"https:\/\/vapexyz.com\/de\/wp-json\/wp\/v2\/product\/60021","targetHints":{"allow":["GET"]}}],"collection":[{"href":"https:\/\/vapexyz.com\/de\/wp-json\/wp\/v2\/product"}],"about":[{"href":"https:\/\/vapexyz.com\/de\/wp-json\/wp\/v2\/types\/product"}],"replies":[{"embeddable":true,"href":"https:\/\/vapexyz.com\/de\/wp-json\/wp\/v2\/comments?post=60021"}],"wp:featuredmedia":[{"embeddable":true,"href":"https:\/\/vapexyz.com\/de\/wp-json\/wp\/v2\/media\/60063"}],"wp:attachment":[{"href":"https:\/\/vapexyz.com\/de\/wp-json\/wp\/v2\/media?parent=60021"}],"wp:term":[{"taxonomy":"product_brand","embeddable":true,"href":"https:\/\/vapexyz.com\/de\/wp-json\/wp\/v2\/product_brand?post=60021"},{"taxonomy":"product_cat","embeddable":true,"href":"https:\/\/vapexyz.com\/de\/wp-json\/wp\/v2\/product_cat?post=60021"},{"taxonomy":"product_tag","embeddable":true,"href":"https:\/\/vapexyz.com\/de\/wp-json\/wp\/v2\/product_tag?post=60021"}],"curies":[{"name":"wp","href":"https:\/\/api.w.org\/{rel}","templated":true}]}}