{"id":53816,"date":"2025-08-04T03:43:44","date_gmt":"2025-08-04T03:43:44","guid":{"rendered":"https:\/\/vapexyz.com\/?post_type=product&#038;p=53816"},"modified":"2026-03-02T10:12:10","modified_gmt":"2026-03-02T10:12:10","slug":"bimo-kaugummi-niedriger-nikotingehalt-schnelle-linderung-groser-geschmack-groshandel-kauf","status":"publish","type":"product","link":"https:\/\/vapexyz.com\/de\/product\/bimo-chewing-gum-low-nicotine-fast-relief-great-flavor-bulk-buy\/","title":{"rendered":"BIMO KAUGUMMI Gro\u00dfkauf"},"content":{"rendered":"<article style=\"font-family: 'Segoe UI', Tahoma, Geneva, Verdana, sans-serif;line-height: 1.7;color: #333333;max-width: 100%;margin: 0 auto;padding: 30px;background-color: #ffffff\">\n<h2 style=\"color: #2c3e50;border-bottom: 3px solid #3498db;padding-bottom: 10px;margin-top: 0;font-size: 2.2em;font-weight: bold\">BIMO-Kaugummi: Umfassende Technische und Kommerzielle \u00dcbersicht<\/h2>\n<p style=\"font-size: 1.1em;color: #555555;margin-bottom: 20px\">Willkommen zum speziellen Produkt-Spezifikations- und Vertriebsportal bei VapeXYZ. Mit \u00fcber acht Jahren dokumentierter operativer Exzellenz im Gro\u00dfhandelssektor hat sich VapeXYZ als autoritative Plattform f\u00fcr Einzelh\u00e4ndler und Gro\u00dfabnehmer etabliert, die nach Premium-Produkten suchen, die den Vorschriften entsprechen. W\u00e4hrend unser grundlegender Ruf auf der Belieferung des globalen Marktes mit fortschrittlichen elektronischen Lieferungssystemen, einschlie\u00dflich einer breiten Palette von Verdampfern, basierte, beobachten wir kontinuierlich die Trends im Verbraucherverhalten und die sich ver\u00e4ndernden regulatorischen Landschaften.<\/p>\n<p style=\"font-size: 1.1em;color: #555555;margin-bottom: 20px\">Empirische Marktdaten zeigen, dass Benutzer von Einweg-Vapes h\u00e4ufig \u00dcbergangsprodukte ben\u00f6tigen, die in Umgebungen verwendet werden k\u00f6nnen, in denen die Dampfentwicklung streng verboten ist - wie z.B. bei kommerziellen Flugtransiten, Unternehmensanlagen und regulierten \u00f6ffentlichen R\u00e4umen. Um diese betriebliche L\u00fccke zu schlie\u00dfen, bieten wir das BIMO-Kaugummi an, eine hochentwickelte, nicht brennbare orale Alternative. Es bietet ein diskretes, dampffreies Erlebnis, das es den Benutzern erm\u00f6glicht, ihre t\u00e4glichen Routinen mit ununterbrochener Zufriedenheit zu bew\u00e4ltigen. Durch die Integration dieser kompakten oralen L\u00f6sung in Ihr Einzelhandelsportfolio neben traditionellen Einweg-Vapes bieten Sie Ihrer Kundschaft ein umfassendes, anpassungsf\u00e4higes Produkt\u00f6kosystem.<\/p>\n<div style=\"text-align: center;margin: 40px 0\"><img loading=\"lazy\" decoding=\"async\" class=\"alignnone wp-image-53810 size-full\" style=\"max-width: 100%;height: auto;border-radius: 12px\" src=\"https:\/\/vapexyz.com\/wp-content\/uploads\/2025\/08\/BIMO-Chewing-Gum-Wholesale-Low-Nicotine-Bulk-Buy11.webp\" alt=\"BIMO Kaugummi Schnelle Linderung Gro\u00dfhandelskauf\" width=\"2338\" height=\"1653\" title=\"\" srcset=\"https:\/\/vapexyz.com\/wp-content\/uploads\/2025\/08\/BIMO-Chewing-Gum-Wholesale-Low-Nicotine-Bulk-Buy11.webp 2338w, https:\/\/vapexyz.com\/wp-content\/uploads\/2025\/08\/BIMO-Chewing-Gum-Wholesale-Low-Nicotine-Bulk-Buy11-500x354.webp 500w, https:\/\/vapexyz.com\/wp-content\/uploads\/2025\/08\/BIMO-Chewing-Gum-Wholesale-Low-Nicotine-Bulk-Buy11-1024x724.webp 1024w, https:\/\/vapexyz.com\/wp-content\/uploads\/2025\/08\/BIMO-Chewing-Gum-Wholesale-Low-Nicotine-Bulk-Buy11-768x543.webp 768w, https:\/\/vapexyz.com\/wp-content\/uploads\/2025\/08\/BIMO-Chewing-Gum-Wholesale-Low-Nicotine-Bulk-Buy11-1536x1086.webp 1536w, https:\/\/vapexyz.com\/wp-content\/uploads\/2025\/08\/BIMO-Chewing-Gum-Wholesale-Low-Nicotine-Bulk-Buy11-2048x1448.webp 2048w, https:\/\/vapexyz.com\/wp-content\/uploads\/2025\/08\/BIMO-Chewing-Gum-Wholesale-Low-Nicotine-Bulk-Buy11-18x12.webp 18w, https:\/\/vapexyz.com\/wp-content\/uploads\/2025\/08\/BIMO-Chewing-Gum-Wholesale-Low-Nicotine-Bulk-Buy11-510x361.webp 510w\" sizes=\"auto, (max-width: 2338px) 100vw, 2338px\" \/><\/div>\n<h2 style=\"color: #2c3e50;border-bottom: 3px solid #3498db;padding-bottom: 10px;margin-top: 40px;font-size: 1.8em;font-weight: 600\">Ingenieurwesen: Pr\u00e4zision und Materialspezifikationen<\/h2>\n<p style=\"margin-bottom: 20px\">Das BIMO-Kaugummi wird unter Verwendung fortschrittlicher Extrusionstechnologie und pharmazeutischer Grundstoffe hergestellt, wodurch es sich deutlich von standardm\u00e4\u00dfigen Verbraucher-Konfektwaren unterscheidet. Das Produkt ist in einem pr\u00e4zisionsgeformten Beh\u00e4lter untergebracht, der auf die exakten physikalischen Abmessungen von D59*H18mm konstruiert wurde. Dieser spezifische zylindrische Formfaktor wurde mathematisch berechnet, um die ergonomische Portabilit\u00e4t zu maximieren, sodass der Beh\u00e4lter b\u00fcndig in standardm\u00e4\u00dfigen Kleidungsbeuteln oder kleinen Reiseaccessoires neben einem standardm\u00e4\u00dfigen Vape untergebracht werden kann, ohne dass er auff\u00e4llige Masse oder Unbehagen f\u00fcr den Benutzer verursacht.<\/p>\n<p style=\"margin-bottom: 20px\">W\u00e4hrend des Herstellungsprozesses durchl\u00e4uft die rohe Elastomerbasis eine Hochscher-Mischphase, in der die aromatischen Elemente und Wirkstoffe homogen dispergiert werden. Dieser kritische Schritt stellt sicher, dass es keine lokalisierten Bereiche mit hoher Konzentration innerhalb eines einzelnen St\u00fccks gibt, wodurch eine gleichm\u00e4\u00dfige Erfahrung vom ersten bis zum letzten St\u00fcck gew\u00e4hrleistet wird. Die Pr\u00e4zisionsverpackung wird aus spritzgegossenem Polyethylenterephthalat (PET) hergestellt, das speziell aufgrund seiner \u00fcberlegenen Feuchtigkeitsbarriere-Eigenschaften und au\u00dfergew\u00f6hnlichen Zugfestigkeit ausgew\u00e4hlt wurde. Diese strukturelle Integrit\u00e4t verhindert, dass die Umgebungsfeuchtigkeit die Inneninhalte beeintr\u00e4chtigt, die streng auf ein Nettogewicht von 8 g kalibriert sind.<\/p>\n<table style=\"width: 100%;border-collapse: collapse;margin: 35px 0;background-color: #ffffff;border-radius: 10px;overflow: hidden;font-size: 0.95em\">\n<thead>\n<tr>\n<th style=\"background-color: #2c3e50;color: #ffffff;padding: 18px;text-align: left;font-weight: 600;text-transform: uppercase;letter-spacing: 0.5px\">Technischer Parameter<\/th>\n<th style=\"background-color: #2c3e50;color: #ffffff;padding: 18px;text-align: left;font-weight: 600;text-transform: uppercase;letter-spacing: 0.5px\">Technische Spezifikation<\/th>\n<th style=\"background-color: #2c3e50;color: #ffffff;padding: 18px;text-align: left;font-weight: 600;text-transform: uppercase;letter-spacing: 0.5px\">Validierungsmethodik<\/th>\n<\/tr>\n<\/thead>\n<tbody>\n<tr style=\"background-color: #f8f9fa\">\n<td style=\"padding: 16px;border-bottom: 1px solid #e9ecef;font-weight: 500\">Beh\u00e4lterabmessungen<\/td>\n<td style=\"padding: 16px;border-bottom: 1px solid #e9ecef;color: #555\">D59*H18mm<\/td>\n<td style=\"padding: 16px;border-bottom: 1px solid #e9ecef;color: #555\">Digitale Messschieber-Profilierung (ISO-Normen)<\/td>\n<\/tr>\n<tr>\n<td style=\"padding: 16px;border-bottom: 1px solid #e9ecef;font-weight: 500\">Reines Produktgewicht<\/td>\n<td style=\"padding: 16px;border-bottom: 1px solid #e9ecef;color: #555\">8g<\/td>\n<td style=\"padding: 16px;border-bottom: 1px solid #e9ecef;color: #555\">Pr\u00e4zisions-Analysenwaage (\u00b10,05g Abweichung)<\/td>\n<\/tr>\n<tr style=\"background-color: #f8f9fa\">\n<td style=\"padding: 16px;border-bottom: 1px solid #e9ecef;font-weight: 500\">Beh\u00e4ltermaterial<\/td>\n<td style=\"padding: 16px;border-bottom: 1px solid #e9ecef;color: #555\">Sto\u00dffestes PET-Polymer<\/td>\n<td style=\"padding: 16px;border-bottom: 1px solid #e9ecef;color: #555\">Mechanische Beanspruchung &amp; Druckfestigkeitspr\u00fcfung<\/td>\n<\/tr>\n<tr>\n<td style=\"padding: 16px;border-bottom: 1px solid #e9ecef;font-weight: 500\">Basismatrix<\/td>\n<td style=\"padding: 16px;border-bottom: 1px solid #e9ecef;color: #555\">Viskoelastisches Elastomer-Gemisch<\/td>\n<td style=\"padding: 16px;border-bottom: 1px solid #e9ecef;color: #555\">Rheologische Analyse &amp; Texturprofilierung<\/td>\n<\/tr>\n<tr style=\"background-color: #f8f9fa\">\n<td style=\"padding: 16px;font-weight: 500\">Lagestabilit\u00e4t<\/td>\n<td style=\"padding: 16px;color: #555\">24 Monate<\/td>\n<td style=\"padding: 16px;color: #555\">Beschleunigte Umweltkammer-Tests<\/td>\n<\/tr>\n<\/tbody>\n<\/table>\n<h2 style=\"color: #2c3e50;border-bottom: 3px solid #3498db;padding-bottom: 10px;margin-top: 40px;font-size: 1.8em;font-weight: 600\">Empirische Testverfahren und Protokolle zur Qualit\u00e4tssicherung<\/h2>\n<p style=\"margin-bottom: 20px\">Bei VapeXYZ distanzieren wir unsere Gro\u00dfhandelsoperationen von unbegr\u00fcndeten Werbeversprechungen, indem wir uns ausschlie\u00dflich auf strenge, empirische Protokolle zur Qualit\u00e4tssicherung st\u00fctzen. Bevor eine Charge der BIMO oral L\u00f6sung f\u00fcr den Vertrieb neben unserem Hauptbestand an Einweg-Vapes autorisiert wird, muss sie eine Reihe von hoch \u00fcberpr\u00fcfbaren, standardisierten Tests bestehen. Dar\u00fcber hinaus wird das Nettogewicht von 8g w\u00e4hrend der Verpackungsphase durch automatisierte Inline- Kontrollwaagen kontinuierlich \u00fcberpr\u00fcft. Jede einzelne Einheit, die au\u00dferhalb der strengen Toleranz von \u00b10,05g liegt, wird sofort aus der kommerziellen Lieferkette ausgeschlossen, um sicherzustellen, dass Gro\u00dfabnehmer genau das Volumen des Produkts erhalten, das sie gekauft haben.<\/p>\n<div style=\"background: linear-gradient(135deg, #f0f7ff 0%, #e6f0fa 100%);border-left: 6px solid #2980b9;padding: 25px;margin: 35px 0;border-radius: 6px\">\n<h3 style=\"margin-top: 0;color: #2c3e50;align-items: center;font-size: 1.3em;margin-bottom: 15px\"><span style=\"background-color: #2980b9;color: #ffffff;padding: 5px 12px;border-radius: 4px;margin-right: 15px;font-size: 0.75em;text-transform: uppercase;letter-spacing: 1px\">Empirische Daten<\/span><br \/>\nMastikations-Freisetzungskinetik<\/h3>\n<p style=\"margin-bottom: 0;color: #444444;line-height: 1.8\">Um eine konsistente Freisetzung der Wirkstoffe sicherzustellen, wird das Produkt einer rigorosen mechanischen Masticationssimulation unterzogen. Labor-Texturanalysatoren ahmen den menschlichen Kau-Mechanismus pr\u00e4zise nach, indem sie standardisierte Scherkr\u00e4fte und thermische Bedingungen (bei 37\u00b0C gehalten) auf die Elastomermatrix anwenden. Anschlie\u00dfend wird die Hochleistungs-Fl\u00fcssigkeitschromatographie (HPLC) in vorbestimmten chronologischen Intervallen eingesetzt, um die Freisetzungsrate der aromatischen Verbindungen und Wirkstoffe zu messen. Die resultierenden empirischen Daten best\u00e4tigen ein steady-state-Freisetzungsprofil, das innerhalb der ersten 12 Minuten der aktiven Nutzung seinen H\u00f6chstwert erreicht, gefolgt von einem anhaltenden Plateau, das die sensorische Beteiligung f\u00fcr eine durchschnittliche Dauer von \u00fcber 45 Minuten aufrechterh\u00e4lt. Diese intelligent konstruierte Freisetzungskurve verhindert abrupte physiologische Spitzen und bietet eine reibungslose, hochkontrollierte Benutzererfahrung.<\/p>\n<\/div>\n<h2 style=\"color: #2c3e50;border-bottom: 3px solid #3498db;padding-bottom: 10px;margin-top: 40px;font-size: 1.8em;font-weight: 600\">Kurierte sensorische Profile und organoleptische Validierung<\/h2>\n<p style=\"margin-bottom: 20px\">Sensorische Zufriedenheit ist eine entscheidende Messgr\u00f6\u00dfe f\u00fcr die langfristige Kundenbindung. Die aromatischen Auswahlm\u00f6glichkeiten in der BIMO-Linie werden nicht willk\u00fcrlich entwickelt; sie sind das direkte Ergebnis umfangreicher organoleptischer Paneltests und Gaschromatographie-Massenspektrometrie-Analysen (GC-MS). Durch die Verwendung von hochreinen, lebensmitteltauglichen botanischen Extrakten und pr\u00e4zise synthetisierten Estern bietet die Produktlinie deutliche, stabilisierte Geschmackserfahrungen, die w\u00e4hrend des gesamten Lebenszyklus des Produkts konsistent bleiben.<\/p>\n<ul style=\"list-style-type: none;padding: 0;margin: 25px 0\">\n<li style=\"background-color: #fdfdfd;border: 1px solid #eeeeee;padding: 20px;margin-bottom: 15px;border-radius: 8px\"><strong style=\"color: #8e44ad;font-size: 1.2em;margin-bottom: 8px\">Blaubeere<\/strong><br \/>\n<span style=\"color: #555555\">Dieses Profil ist konstruiert unter Verwendung spezifischer Anthocyanin-inspirierter Verbindungen, um eine robuste, dunkle Beeren-aromatische Signatur zu liefern. Es ist sorgf\u00e4ltig ausbalanciert mit einem berechneten sauren Unterton, der die Speichelproduktion anregt, wodurch das gesamte Mundgef\u00fchl verbessert und die Freisetzung der Wirkstoffe verl\u00e4ngert wird.<\/span><\/li>\n<li style=\"background-color: #fdfdfd;border: 1px solid #eeeeee;padding: 20px;margin-bottom: 15px;border-radius: 8px\"><strong style=\"color: #9b59b6;font-size: 1.2em;margin-bottom: 8px\">Traube<\/strong><br \/>\n<span style=\"color: #555555\">Formuliert mit konzentrierten botanischen Extrakten, die die komplexen, tiefen Noten dunkler vitikultureller Produkte genau nachahmen. Dies bietet ein kr\u00e4ftiges, anhaltendes Gaumenerlebnis, das seine strukturelle Integrit\u00e4t beh\u00e4lt, ohne w\u00e4hrend des verl\u00e4ngerten Kauvorgangs in einen \u00fcberm\u00e4\u00dfig synthetischen Nachgeschmack zu zerfallen.<\/span><\/li>\n<li style=\"background-color: #fdfdfd;border: 1px solid #eeeeee;padding: 20px;margin-bottom: 15px;border-radius: 8px\"><strong style=\"color: #1abc9c;font-size: 1.2em;margin-bottom: 8px\">Minze<\/strong><br \/>\n<span style=\"color: #555555\">Ein hoch technisches Profil, das eine anspruchsvolle Kombination aus synthetischen K\u00fchlmitteln und nat\u00fcrlichen Mentha-Extrakten verwendet. Diese pr\u00e4zise Formulierung sorgt f\u00fcr eine schnelle thermische K\u00fchlwirkung auf der Mundschleimhaut und hinterl\u00e4sst die Mundh\u00f6hle mit einem tiefen Erfrischungsgef\u00fchl, ohne auf \u00fcberm\u00e4\u00dfige, unn\u00f6tige S\u00fc\u00dfe zur\u00fcckzugreifen.<\/span><\/li>\n<li style=\"background-color: #fdfdfd;border: 1px solid #eeeeee;padding: 20px;margin-bottom: 15px;border-radius: 8px\"><strong style=\"color: #e67e22;font-size: 1.2em;margin-bottom: 8px\">Pfirsich<\/strong><br \/>\n<span style=\"color: #555555\">Liefert eine weiche, hochvolatile Steinobst-aromatische Essenz. Sie ist gekennzeichnet durch eine glatte, anhaltende S\u00fc\u00dfe, die das nat\u00fcrliche Zuckermuster von Obstgartenfr\u00fcchten perfekt nachahmt und chemisch stabilisiert ist, um eine vorzeitige Oxidation \u00fcber die 24-monatige Haltbarkeit des Produkts zu verhindern.<\/span><\/li>\n<li style=\"background-color: #fdfdfd;border: 1px solid #eeeeee;padding: 20px;margin-bottom: 15px;border-radius: 8px\"><strong style=\"color: #e74c3c;font-size: 1.2em;margin-bottom: 8px\">Wassermelone<\/strong><br \/>\n<span style=\"color: #555555\">Ein knackiges, komplexes Profil, das darauf ausgelegt ist, die leichten, erfrischenden Noten von Sommermelonen sorgf\u00e4ltig nachzuahmen. Diese spezielle Formulierung verwendet propriet\u00e4re Bindemittel, um sicherzustellen, dass die hochfl\u00fcchtigen aromatischen Verbindungen w\u00e4hrend der Anfangsphase der Verwendung nicht vorzeitig verdunsten.<\/span><\/li>\n<\/ul>\n<h2 style=\"color: #2c3e50;border-bottom: 3px solid #3498db;padding-bottom: 10px;margin-top: 40px;font-size: 1.8em;font-weight: 600\">Vertrauensaufbau: Gro\u00dfhandelslogistik und Marktkonformit\u00e4t<\/h2>\n<p style=\"margin-bottom: 20px\">Die Beschaffung von Inventar \u00fcber VapeXYZ gew\u00e4hrleistet eine Partnerschaft mit einer Unternehmensentit\u00e4t, die die strengen Komplexit\u00e4ten des internationalen B2B-Handels tiefgreifend versteht. Mit einer achtj\u00e4hrigen Betriebshistorie wird unsere Lieferketteninfrastruktur kontinuierlich f\u00fcr absolute Zuverl\u00e4ssigkeit optimiert. Wenn Sie das BIMO-Kaugummi in Ihren Katalog aufnehmen, profitieren Sie direkt von unserer optimierten globalen Logistik. Unsere Mindestbestellmenge (MOQ) ist strategisch auf ein unglaublich zug\u00e4ngliches Niveau von 10 St\u00fcck festgelegt. Diese niedrige Eintrittsbarriere erm\u00f6glicht es unabh\u00e4ngigen Einzelh\u00e4ndlern und Gro\u00dfvertreibern gleicherma\u00dfen, diese orale Alternative sicher zu testen, ohne \u00fcberm\u00e4\u00dfiges Betriebskapital zu binden, was sie zu einem idealen Cross-Selling-Artikel macht, um ihn direkt neben Ihren beliebtesten Einweg-Vapes am Point of Sale zu platzieren.<\/p>\n<p style=\"margin-bottom: 20px\">Aus globaler Compliance-Sicht agieren wir mit absoluter Transparenz. Die Produktionsst\u00e4tten, die mit der Herstellung von BIMO verbunden sind, halten sich an strenge Richtlinien der Good Manufacturing Practice (GMP) und verf\u00fcgen \u00fcber aktive ISO 9001-Zertifizierungen f\u00fcr Qualit\u00e4tsmanagement. Im Gegensatz zu einigen Segmenten der Branche, die sich stark auf undurchsichtige Werbebotschaften verlassen, stellen wir umfassende Handelsrechnungen, detaillierte Sicherheitsdaten f\u00fcr Materialien und alle erforderlichen Konformit\u00e4tserkl\u00e4rungen bereit, die f\u00fcr einen reibungslosen Eintritt in den europ\u00e4ischen und globalen Markt erforderlich sind.<\/p>\n<h3 style=\"color: #34495e;margin-top: 30px;font-size: 1.4em;font-weight: 600\">Empirische Speicherprotokolle f\u00fcr Gro\u00dfhandelspartner<\/h3>\n<p style=\"margin-bottom: 20px\">Um die empirische Baseline beizubehalten, die w\u00e4hrend unserer Qualit\u00e4tssicherungstests festgelegt wurde, m\u00fcssen Gro\u00dfhandelspartner bei der Lagerung dieses Produkts in gro\u00dfen Mengen strenge Umweltkontrollen einhalten. Die optimale Lagerumgebung erfordert eine stabile Umgebungstemperatur zwischen 15 \u00b0C und 25 \u00b0C. Eine l\u00e4ngere Exposition gegen\u00fcber thermischen Extremen \u00fcber 30 \u00b0C kann eine Phasentrennung innerhalb der Elastomermatrix verursachen, wodurch die vorgesehene Freisetzungskinetik der aktiven Verbindungen m\u00f6glicherweise ver\u00e4ndert wird. Dar\u00fcber hinaus sollte die relative Luftfeuchtigkeit (RH) innerhalb der Lagerst\u00e4tte unter 60 % gehalten werden. Obwohl der D59 * H18mm-Beh\u00e4lter mit einem fortschrittlichen Feuchtigkeitssiegel konstruiert ist, kann wiederholtes und starkes thermisches Zyklisieren zu interner Mikro-Kondensation f\u00fchren. Die Implementierung eines strengen First-In-First-Out- (FIFO-)Inventarmanagementsystems wird dringend empfohlen. Da dieses Produkt den schnellen Verkaufszyklus eines Standard-Einweg-Vapes perfekt erg\u00e4nzt, wird die Synchronisierung der Inventarumsatzraten beider Produktkategorien die absolute Frische und die Zufriedenheit des Endbenutzers maximieren.<\/p>\n<h2 style=\"color: #2c3e50;border-bottom: 3px solid #3498db;padding-bottom: 10px;margin-top: 40px;font-size: 1.8em;font-weight: 600\">Wichtige Punkte und H\u00e4ufig gestellte Fragen (FAQ)<\/h2>\n<div style=\"margin-top: 25px\">\n<div style=\"margin-bottom: 20px;border-radius: 8px\">\n<div style=\"background-color: #f8f9fa;border: 1px solid #dee2e6;border-radius: 8px 8px 0 0;padding: 18px\"><strong style=\"color: #2c3e50;font-size: 1.1em;align-items: center\"><br \/>\n<span style=\"background-color: #3498db;color: white;width: 24px;height: 24px;align-items: center;justify-content: center;border-radius: 50%;margin-right: 12px;font-size: 0.8em\">Q<\/span>Wie erg\u00e4nzt dieses Produkt strategisch ein bestehendes Einzelhandelsinventar an Einweg-Vapes?<br \/>\n<\/strong><\/div>\n<div style=\"background-color: #ffffff;border: 1px solid #dee2e6;border-top: none;border-radius: 0 0 8px 8px;padding: 18px\">\n<p style=\"margin: 0;color: #555555;line-height: 1.6\">Einzelh\u00e4ndler profitieren erheblich davon, zuverl\u00e4ssige \u00dcbergangsprodukte anzubieten. Wenn Kunden ein Einweg-Vape kaufen, bietet das proaktive Upselling dieses oralen Produkts ihnen eine praktikable, voll konforme L\u00f6sung f\u00fcr Umgebungen, in denen die Dampfproduktion gesetzlich oder durch Richtlinien eingeschr\u00e4nkt ist. Dies erh\u00f6ht direkt den durchschnittlichen Transaktionswert und l\u00f6st einen echten Schmerzpunkt der Verbraucher.<\/p>\n<\/div>\n<\/div>\n<div style=\"margin-bottom: 20px;border-radius: 8px\">\n<div style=\"background-color: #f8f9fa;border: 1px solid #dee2e6;border-radius: 8px 8px 0 0;padding: 18px\"><strong style=\"color: #2c3e50;font-size: 1.1em;align-items: center\"><br \/>\n<span style=\"background-color: #3498db;color: white;width: 24px;height: 24px;align-items: center;justify-content: center;border-radius: 50%;margin-right: 12px;font-size: 0.8em\">Q<\/span>Sind die angegebenen Produktabmessungen und internen Gewichte empirisch \u00fcberpr\u00fcft?<br \/>\n<\/strong><\/div>\n<div style=\"background-color: #ffffff;border: 1px solid #dee2e6;border-top: none;border-radius: 0 0 8px 8px;padding: 18px\">\n<p style=\"margin: 0;color: #555555;line-height: 1.6\">Absolut. Regelm\u00e4\u00dfige, dokumentierte Betriebsaudits best\u00e4tigen, dass die \u00e4u\u00dferen Verpackungsma\u00dfe strikt bei D59*H18mm bleiben. Dar\u00fcber hinaus werden die aktiven Inneninhalte durch automatisierte Inline-Waagen \u00fcberpr\u00fcft, um genau 8g zu wiegen, wodurch eine strikte Einhaltung internationaler Versandgewichtserkl\u00e4rungen gew\u00e4hrleistet und eine konsistente Verbrauchererfahrung garantiert wird.<\/p>\n<\/div>\n<\/div>\n<div style=\"margin-bottom: 20px;border-radius: 8px\">\n<div style=\"background-color: #f8f9fa;border: 1px solid #dee2e6;border-radius: 8px 8px 0 0;padding: 18px\"><strong style=\"color: #2c3e50;font-size: 1.1em;align-items: center\"><br \/>\n<span style=\"background-color: #3498db;color: white;width: 24px;height: 24px;align-items: center;justify-content: center;border-radius: 50%;margin-right: 12px;font-size: 0.8em\">Q<\/span>Entsteht durch die Entsorgung dieses Produkts Umweltabfall, der mit dem von elektronischen Ger\u00e4ten vergleichbar ist?<br \/>\n<\/strong><\/div>\n<div><\/div>\n<\/div>\n<\/div>\n<\/article>","protected":false},"excerpt":{"rendered":"<p>BIMO KAUGUMMI ist eine Alternative mit niedriger St\u00e4rke und ohne Rauch, die eine schnelle und langanhaltende Linderung von Verlangen mit erfrischenden Fruchtgeschmacksnoten bietet. Kompakt und praktisch, ist es perfekt f\u00fcr den Einsatz zu jeder Zeit. Erh\u00e4ltlich f\u00fcr Gro\u00dfhandel in gro\u00dfen Mengen bei VapeXYZ.<\/p>","protected":false},"featured_media":53813,"comment_status":"open","ping_status":"closed","template":"","meta":{"_lmt_disableupdate":"no","_lmt_disable":""},"product_brand":[],"product_cat":[859,935,934,927,929,928,930,932,938,931,936,937],"product_tag":[],"class_list":{"0":"post-53816","1":"product","2":"type-product","3":"status-publish","4":"has-post-thumbnail","6":"product_cat-bimo","7":"product_cat-bulk-buy-disposable-vapes-in-austria","8":"product_cat-bulk-buy-disposable-vapes-in-belgium","9":"product_cat-bulk-buy-disposable-vapes-in-europe","10":"product_cat-bulk-buy-disposable-vapes-in-france","11":"product_cat-bulk-buy-disposable-vapes-in-germany","12":"product_cat-bulk-buy-disposable-vapes-in-italy","13":"product_cat-bulk-buy-disposable-vapes-in-poland","14":"product_cat-bulk-buy-disposable-vapes-in-portugal","15":"product_cat-bulk-buy-disposable-vapes-in-spain","16":"product_cat-bulk-buy-disposable-vapes-in-sweden","17":"product_cat-bulk-buy-disposable-vapes-in-switzerland","19":"first","20":"instock","21":"shipping-taxable","22":"purchasable","23":"product-type-variable","24":"has-default-attributes"},"jetpack_sharing_enabled":true,"tiered_pricing_type":"fixed","tiered_pricing_fixed_rules":[],"tiered_pricing_product_settings":{"layout":"default","base_unit_name":{"singular":null,"plural":null},"default_variation":null},"tiered_pricing_minimum_quantity":null,"tiered_pricing_roles_data":[],"tiered_pricing_percentage_rules":[],"tiered_pricing_maximum_quantity":null,"tiered_pricing_quantity_step":null,"_links":{"self":[{"href":"https:\/\/vapexyz.com\/de\/wp-json\/wp\/v2\/product\/53816","targetHints":{"allow":["GET"]}}],"collection":[{"href":"https:\/\/vapexyz.com\/de\/wp-json\/wp\/v2\/product"}],"about":[{"href":"https:\/\/vapexyz.com\/de\/wp-json\/wp\/v2\/types\/product"}],"replies":[{"embeddable":true,"href":"https:\/\/vapexyz.com\/de\/wp-json\/wp\/v2\/comments?post=53816"}],"wp:featuredmedia":[{"embeddable":true,"href":"https:\/\/vapexyz.com\/de\/wp-json\/wp\/v2\/media\/53813"}],"wp:attachment":[{"href":"https:\/\/vapexyz.com\/de\/wp-json\/wp\/v2\/media?parent=53816"}],"wp:term":[{"taxonomy":"product_brand","embeddable":true,"href":"https:\/\/vapexyz.com\/de\/wp-json\/wp\/v2\/product_brand?post=53816"},{"taxonomy":"product_cat","embeddable":true,"href":"https:\/\/vapexyz.com\/de\/wp-json\/wp\/v2\/product_cat?post=53816"},{"taxonomy":"product_tag","embeddable":true,"href":"https:\/\/vapexyz.com\/de\/wp-json\/wp\/v2\/product_tag?post=53816"}],"curies":[{"name":"wp","href":"https:\/\/api.w.org\/{rel}","templated":true}]}}