{"id":47531,"date":"2025-06-02T09:19:49","date_gmt":"2025-06-02T09:19:49","guid":{"rendered":"https:\/\/vapexyz.com\/?post_type=product&#038;p=47531"},"modified":"2026-03-05T03:55:23","modified_gmt":"2026-03-05T03:55:23","slug":"kristall-mary-groove-50000-puff-einweg-vape-groshandelspreise-fur-professionelle-vape-vertriebspartner","status":"publish","type":"product","link":"https:\/\/vapexyz.com\/de\/product\/crystal-mary-groove-50000-puff-disposable-vape-wholesale-bulk-pricing-for-professional-vape-distributors\/","title":{"rendered":"CRYSTAL MARY Groove 50000 Puff Einweg-Vape Gro\u00dfhandel Mengenpreise f\u00fcr professionelle Vape-Vertriebspartner"},"content":{"rendered":"<h2><a href=\"https:\/\/vapexyz.com\/de\/produktkategorie\/kristall-mary-einweg-vapes\/\">Kristall Maria<\/a> Groove 50000 Puff <a href=\"https:\/\/vapexyz.com\/de\/\">Einweg-Vape<\/a>: Neu definierende Einweg-Exzellenz f\u00fcr europ\u00e4ische Vape-Distributoren<\/h2>\n<p>Bei VapeXYZ (vapexyz.com) haben wir acht Jahre lang die Kunst des Vertriebs von Einweg-Vapes in ganz Europa perfektioniert. Als f\u00fchrender Online-Shop, der sich auf professionelle Gro\u00dfhandels- und Mengenpreise konzentriert, arbeiten wir mit erstklassigen Marken zusammen - darunter RandM Tornado, FIZZY, FUMOT, Waspe, Vapme und \u00fcber 20 weitere -, um Premium-Produkte zu den wettbewerbsf\u00e4higsten Preisen Europas anzubieten. Unsere Expertise umfasst wichtige M\u00e4rkte wie Deutschland, die Niederlande, Belgien, Spanien, Frankreich und Italien, wo wir uns einen Ruf f\u00fcr Zuverl\u00e4ssigkeit, schnelle, versicherte Lieferung und ma\u00dfgeschneiderte L\u00f6sungen f\u00fcr sowohl Einzelh\u00e4ndler als auch Gro\u00dfabnehmer aufgebaut haben. Ob Sie ein lokaler Vape-Shop, Distributor oder E-Commerce-H\u00e4ndler sind, VapeXYZ ist Ihre One-Stop-Quelle f\u00fcr innovative Einweg-Vapes - beginnend mit unserem herausragenden Angebot: der CRYSTAL MARY Groove 50000 Puff Disposable Vape.<\/p>\n<h2>CRYSTAL MARY Groove 50000 Puff Disposable Vape: Ein Technologisches Meisterwerk f\u00fcr Anspruchsvolle H\u00e4ndler<\/h2>\n<p>Das CRYSTAL MARY Groove 50000 Puff Disposable Vape ist nicht einfach nur ein weiteres Einwegger\u00e4t - es ist ein Zeichen f\u00fcr Innovation, entwickelt, um den Anforderungen europ\u00e4ischer Vaper und Distributoren gerecht zu werden. Pr\u00e4zisionsgefertigt kombiniert dieses Ger\u00e4t au\u00dfergew\u00f6hnliche Langlebigkeit, anpassbare Leistung und eine Vielzahl von begehrenswerten Aromen, um neue Ma\u00dfst\u00e4be in der Einwegkategorie zu setzen. Nachfolgend erl\u00e4utern wir seine definierenden Merkmale:<\/p>\n<h2>Kernfunktionen: F\u00fcr Leistung und Vielseitigkeit konzipiert<\/h2>\n<ul>\n<li><strong>50.000 Z\u00fcge pro Einheit<\/strong>: Mit einer massiven 1000mAh-Batterie und optimierter E-Liquid-Kapazit\u00e4t liefert die CRYSTAL MARY Groove branchenf\u00fchrende 50.000 Z\u00fcge - wodurch die Notwendigkeit h\u00e4ufiger Ersatzteile entf\u00e4llt und ein verl\u00e4ngerter Wert f\u00fcr Endnutzer gew\u00e4hrleistet wird.<\/li>\n<li><strong>Einstellbare Luftstromsteuerung<\/strong>: Eingehen auf vielf\u00e4ltige Vaping-Vorlieben mit einem benutzerfreundlichen Luftstromregler. Ob Kunden enge Mund-zu-Lunge-Z\u00fcge oder lockere Direkt-zu-Lunge-Hits bevorzugen, die CRYSTAL MARY Groove passt sich m\u00fchelos an.<\/li>\n<li><strong>Dual-Mesh-Spule-Technologie (0,6\u03a9 + 1,5\u03a9)<\/strong>: Dieses fortschrittliche Spulensystem balanciert die Intensit\u00e4t des Geschmacks und die Dampfproduktion. Die 0,6\u03a9-Spule verst\u00e4rkt reiche, kr\u00e4ftige Noten, w\u00e4hrend die 1,5\u03a9-Spule f\u00fcr sanfte, gleichm\u00e4\u00dfige Z\u00fcge sorgt \u2013 ideal f\u00fcr den t\u00e4glichen Gebrauch.<\/li>\n<li><strong>Intelligentes Display mit Touchscreen-Schnittstelle<\/strong>: Ein eingebautes hochaufl\u00f6sendes Display liefert Echtzeitdaten, einschlie\u00dflich verbleibender Puffs, Akkulaufzeit und aktueller Nikotin-\/Eis-Einstellungen. Die Anpassung von Vorlieben ist intuitiv: Tippen Sie einfach auf den Bildschirm, um die Nikotinst\u00e4rke (50 mg\/mL Basis) oder die Eisintensit\u00e4t anzupassen, um ein personalisiertes Erlebnis zu gew\u00e4hrleisten.<\/li>\n<li><strong>Typ-C Schnellladung<\/strong>: Kein Warten mehr \u2013 laden Sie die CRYSTAL MARY Groove \u00fcber ihren Type-C-Anschluss in unter 45 Minuten auf, wodurch die Ausfallzeit f\u00fcr Benutzer minimiert und der Umsatz f\u00fcr Distributoren maximiert wird.<\/li>\n<li><strong>Erstklassige Verarbeitungsqualit\u00e4t<\/strong>: Mit einer L\u00e4nge von 96 mm und einem Gewicht von nur 130 g bringt das Ger\u00e4t eine perfekte Balance zwischen Portabilit\u00e4t und Haltbarkeit. Sein schlankes, ergonomisches Design (1 mm x 21,5 mm x 106 mm) liegt bequem in der Hand und verf\u00fcgt \u00fcber eine matte Oberfl\u00e4che, die Fingerabdr\u00fccke und Kratzer widersteht.<\/li>\n<\/ul>\n<h2>Geschmacksportfolio: Eine Symphonie von Empfindungen<\/h2>\n<p>Die CRYSTAL MARY Groove's Attraktivit\u00e4t geht \u00fcber die Performance hinaus - ihre 12+ Signatur-Aromen sind sorgf\u00e4ltig entwickelt, um selbst die anspruchsvollsten Gaumen zu erfreuen. Jede Mischung wird streng getestet, um Konsistenz, Authentizit\u00e4t und Balance zu gew\u00e4hrleisten:<\/p>\n<ul>\n<li><strong>Blaues Razz-Eis<\/strong>: Eine lebendige Mischung aus s\u00fc\u00dfen Blaubeeren und s\u00e4uerlichen Himbeeren, verfeinert mit einem knackigen, k\u00fchlenden Minzton, der auf der Zunge nachwirkt.<\/li>\n<li><strong>Miami Mint<\/strong>: Transportiere die Benutzer in das sonnige Miami mit frischem, gartenausgewachsenem Minze, das \u00fcber subtile Ankl\u00e4nge von tropischem Mango und Kokosnuss geschichtet ist - erfrischend, ohne zu \u00fcberw\u00e4ltigen.<\/li>\n<li><strong>Wassermeloneneis<\/strong>: Saftige, reife Wassermelone steht im Mittelpunkt, erg\u00e4nzt durch eine glatte, eisige Brise, die die Empfindung des Abbei\u00dfens in eine gek\u00fchlte Sommerfrucht nachahmt.<\/li>\n<li><strong>Saures Apfeleis<\/strong>: Eine pikante Variante von gr\u00fcnem Apfel, mit einer sauren S\u00e4ure, die durch eine milde S\u00fc\u00dfe und eine frost\u00e4hnliche K\u00fchle ausgeglichen wird, die die Sinne belebt.<\/li>\n<li><strong>Strawberry B-Pop<\/strong>: \u00dcberquillend von reifen Erdbeeren und einem Hauch von cremigem Vanille, beschw\u00f6rt dieses Aroma die Nostalgie klassischer Lutscher hervor - s\u00fc\u00df, befriedigend und v\u00f6llig s\u00fcchtig machend.<\/li>\n<li><strong>Saure Mango Ananas<\/strong>Tropisch trifft auf herb in dieser kr\u00e4ftigen Mischung: reife Mango und sonnengereifte Ananas werden durch einen prickelnden, sauren Kick aufgehellt und erzeugen ein Aromaprofil, das zu gleichen Teilen exotisch und belebend ist.<\/li>\n<li><strong>Lemon Heads<\/strong>Eine R\u00fcckbesinnung auf die Kindheits-S\u00fc\u00dfigkeiten, mit scharfem, zitrusartigem Zitrone, das durch eine zuckerige S\u00fc\u00dfe ausgeglichen wird - erinnernd an die ikonischen Zitronen-harten S\u00fc\u00dfigkeiten.<\/li>\n<li><strong>Banana-Taffy-Freeze<\/strong>: Cremige Bananen-Taffy wird durch einen zarten Gefriereffekt weich gemacht, was zu einem glatten, dessert\u00e4hnlichen Erlebnis f\u00fchrt, das reichhaltig ist, ohne jedoch aufdringlich zu sein.<\/li>\n<li><strong>Erdbeer-Kiwi-Erfrischer<\/strong>Eine frische, fruchtige Fusion aus reifen Erdbeeren und lebendiger Kiwi, mit einem knackigen Abgang, der den Gaumen sauber und erfrischt zur\u00fcckl\u00e4sst.<\/li>\n<\/ul>\n<h2>Warum <a href=\"https:\/\/vapexyz.com\/de\/\">VapeXYZ<\/a> F\u00fcr CRYSTAL MARY Groove Gro\u00dfhandel?<\/h2>\n<p>F\u00fcr europ\u00e4ische Distributoren bedeutet die Partnerschaft mit VapeXYZ den Zugang zu unvergleichlichem Wert, Zuverl\u00e4ssigkeit und Support:<\/p>\n<ul>\n<li><strong>Mengenrabatte &amp; Niedrigster-Preis-Garantie<\/strong>: Wir bieten gestaffelte Rabatte f\u00fcr Gro\u00dfbestellungen (100+ Einheiten), um sicherzustellen, dass Ihre Margen wettbewerbsf\u00e4hig bleiben. Unser Preisabgleichsversprechen garantiert, dass Sie niemals mehr als den EU-Marktkurs zahlen.<\/li>\n<li><strong>Schneller, versicherter Versand<\/strong>: Alle Bestellungen nach Deutschland, den Niederlanden, Belgien, Spanien, Frankreich, Italien und dar\u00fcber hinaus werden innerhalb von 48 Stunden versendet, mit Tracking und Versicherung inklusive, um Ihre Investition zu sch\u00fctzen.<\/li>\n<li><strong>Vielf\u00e4ltige Zahlungsm\u00f6glichkeiten<\/strong>: Wir ber\u00fccksichtigen europ\u00e4ische Vorlieben mit flexiblen Zahlungsmethoden: PayPal, Kreditkarten, iDEAL (Niederlande), Bancontact (Belgien) und SEPA-\u00dcberweisungen - Vereinfachung von Transaktionen f\u00fcr Unternehmen in der gesamten Region.<\/li>\n<li><strong>Markenvertrauen &amp; Expertenunterst\u00fctzung<\/strong>: Mit acht Jahren Erfahrung in der Branche verstehen wir die Nuancen des Vertriebs von Einweg-E-Zigaretten. Unser Team bietet Vorverkaufsberatung, Marketingunterst\u00fctzung und Nachverkaufsassistenz, um Ihnen bei der Skalierung Ihres Unternehmens zu helfen.<\/li>\n<\/ul>\n<h2>Erfassen Sie Ihr Inventar mit CRYSTAL MARY Groove 50000 Puff Einwegartikeln<\/h2>\n<p>Der CRYSTAL MARY Groove 50000 Puff Disposable Vape ist mehr als ein Produkt \u2013 er ist ein Umsatztreiber f\u00fcr Ihr Unternehmen. Mit seiner unvergleichlichen Leistung, anpassbaren Funktionen und unwiderstehlichen Aromen ist er bereit, ein Bestseller in europ\u00e4ischen Vape-Shops zu werden. Bei VapeXYZ liefern wir nicht nur Produkte; wir bieten Partnerschaften, die auf Vertrauen, Innovation und gegenseitigem Erfolg basieren.<\/p>\n<p>Bereit, die Gro\u00dfhandelspreise f\u00fcr die CRYSTAL MARY Groove 50000 freizuschalten? Besuchen Sie vapexyz.com noch heute, durchst\u00f6bern Sie unseren vollst\u00e4ndigen Katalog der Top-Marken und lassen Sie uns Ihr Gesch\u00e4ft gemeinsam wachsen - einen Zug auf einmal.<\/p>\n<p><em>vapexyz.com: Europas f\u00fchrender Gro\u00dfh\u00e4ndler f\u00fcr Einweg-Vapes. Gro\u00df kaufen, viel sparen.<\/em><\/p>\n<p><img loading=\"lazy\" decoding=\"async\" class=\"alignnone size-full wp-image-47582\" src=\"https:\/\/vapexyz.com\/wp-content\/uploads\/2025\/05\/M-Groove-50000-Puffs-Disposable-Vape-Adjustable-Airflow-Dual-Mesh-Coi-9.webp\" alt=\"M-Groove 50000 Puff Disposable Vape Gro\u00dfhandelspreise f\u00fcr professionelle Vape-Distributoren\" width=\"1000\" height=\"1000\" title=\"\" srcset=\"https:\/\/vapexyz.com\/wp-content\/uploads\/2025\/05\/M-Groove-50000-Puffs-Disposable-Vape-Adjustable-Airflow-Dual-Mesh-Coi-9.webp 1000w, https:\/\/vapexyz.com\/wp-content\/uploads\/2025\/05\/M-Groove-50000-Puffs-Disposable-Vape-Adjustable-Airflow-Dual-Mesh-Coi-9-500x500.webp 500w, https:\/\/vapexyz.com\/wp-content\/uploads\/2025\/05\/M-Groove-50000-Puffs-Disposable-Vape-Adjustable-Airflow-Dual-Mesh-Coi-9-300x300.webp 300w, https:\/\/vapexyz.com\/wp-content\/uploads\/2025\/05\/M-Groove-50000-Puffs-Disposable-Vape-Adjustable-Airflow-Dual-Mesh-Coi-9-768x768.webp 768w, https:\/\/vapexyz.com\/wp-content\/uploads\/2025\/05\/M-Groove-50000-Puffs-Disposable-Vape-Adjustable-Airflow-Dual-Mesh-Coi-9-12x12.webp 12w, https:\/\/vapexyz.com\/wp-content\/uploads\/2025\/05\/M-Groove-50000-Puffs-Disposable-Vape-Adjustable-Airflow-Dual-Mesh-Coi-9-247x247.webp 247w, https:\/\/vapexyz.com\/wp-content\/uploads\/2025\/05\/M-Groove-50000-Puffs-Disposable-Vape-Adjustable-Airflow-Dual-Mesh-Coi-9-510x510.webp 510w, https:\/\/vapexyz.com\/wp-content\/uploads\/2025\/05\/M-Groove-50000-Puffs-Disposable-Vape-Adjustable-Airflow-Dual-Mesh-Coi-9-100x100.webp 100w\" sizes=\"auto, (max-width: 1000px) 100vw, 1000px\" \/><\/p>","protected":false},"excerpt":{"rendered":"<p>Der CRYSTAL MARY Groove 50000 Puff Disposable Vape - ein wegweisendes Einwegger\u00e4t mit 50.000 Z\u00fcgen, einstellbarer Luftstromregelung, Dual-Mesh-Spultechnologie, einem intelligenten Touchscreen-Display, Typ-C-Schnellladung, premium ergonomischem Design und 12+ Signatur-Aromen - definiert Exzellenz f\u00fcr europ\u00e4ische Vape-Gro\u00dfh\u00e4ndler, die nach leistungsstarken, vielseitigen Gro\u00dfhandelsl\u00f6sungen suchen.<\/p>","protected":false},"featured_media":47580,"comment_status":"open","ping_status":"closed","template":"","meta":{"_lmt_disableupdate":"no","_lmt_disable":""},"product_brand":[],"product_cat":[1074,947,949,946,950,951,953,820],"product_tag":[],"class_list":{"0":"post-47531","1":"product","2":"type-product","3":"status-publish","4":"has-post-thumbnail","6":"product_cat-crystal-mary-disposable-vapes","7":"product_cat-big-puffs-vapes","8":"product_cat-digital-box-vapes","9":"product_cat-disposable-vapes-series","10":"product_cat-dual-mesh-vapes","11":"product_cat-lower-nicotine-vapes","12":"product_cat-rechargeable-vapes","13":"product_cat-vape","15":"first","16":"outofstock","17":"shipping-taxable","18":"purchasable","19":"product-type-variable","20":"has-default-attributes"},"jetpack_sharing_enabled":true,"tiered_pricing_type":"fixed","tiered_pricing_fixed_rules":[],"tiered_pricing_product_settings":{"layout":"default","base_unit_name":{"singular":null,"plural":null},"default_variation":null},"tiered_pricing_minimum_quantity":null,"tiered_pricing_roles_data":[],"tiered_pricing_percentage_rules":[],"tiered_pricing_maximum_quantity":null,"tiered_pricing_quantity_step":null,"_links":{"self":[{"href":"https:\/\/vapexyz.com\/de\/wp-json\/wp\/v2\/product\/47531","targetHints":{"allow":["GET"]}}],"collection":[{"href":"https:\/\/vapexyz.com\/de\/wp-json\/wp\/v2\/product"}],"about":[{"href":"https:\/\/vapexyz.com\/de\/wp-json\/wp\/v2\/types\/product"}],"replies":[{"embeddable":true,"href":"https:\/\/vapexyz.com\/de\/wp-json\/wp\/v2\/comments?post=47531"}],"wp:featuredmedia":[{"embeddable":true,"href":"https:\/\/vapexyz.com\/de\/wp-json\/wp\/v2\/media\/47580"}],"wp:attachment":[{"href":"https:\/\/vapexyz.com\/de\/wp-json\/wp\/v2\/media?parent=47531"}],"wp:term":[{"taxonomy":"product_brand","embeddable":true,"href":"https:\/\/vapexyz.com\/de\/wp-json\/wp\/v2\/product_brand?post=47531"},{"taxonomy":"product_cat","embeddable":true,"href":"https:\/\/vapexyz.com\/de\/wp-json\/wp\/v2\/product_cat?post=47531"},{"taxonomy":"product_tag","embeddable":true,"href":"https:\/\/vapexyz.com\/de\/wp-json\/wp\/v2\/product_tag?post=47531"}],"curies":[{"name":"wp","href":"https:\/\/api.w.org\/{rel}","templated":true}]}}