{"id":35522,"date":"2024-10-23T12:49:21","date_gmt":"2024-10-23T12:49:21","guid":{"rendered":"https:\/\/vapexyz.com\/?post_type=product&#038;p=35522"},"modified":"2026-03-03T00:39:32","modified_gmt":"2026-03-03T00:39:32","slug":"al-fakhar-crown-bar-8000-puffs-big-cloud-dtl-2-mit-niedrigem-nikotingehalt-originalfabrik-massenkauf-wiederaufladbarer-einweg-vapes-stifte-im-groshandel","status":"publish","type":"product","link":"https:\/\/vapexyz.com\/de\/product\/al-fakhar-crown-bar-8000-puffs-big-cloud-dtl-2-low-nicotine-original-factory-bulk-buy-rechargeable-disposable-vapes-pen-wholesale\/","title":{"rendered":"Al Fakhar Crown Bar 8000 Puffs Big Cloud DTL Gro\u00dfhandel Kauf Aufladbare Einweg-Vapes Gro\u00dfhandel"},"content":{"rendered":"<article style=\"font-family: 'Segoe UI', Roboto, Helvetica, Arial, sans-serif; line-height: 1.8; color: #2c3e50; max-width: 100%; margin: 0 auto; padding: 30px; background-color: #ffffff;\">\n<h2 style=\"color: #1a5276; border-bottom: 2px solid #1a5276; padding-bottom: 10px; margin-top: 0;\">Die Entwicklung der Al Fakhar Crown Bar 8000 Puffs: Eine Meisterklasse in Direct-to-Lung (DTL)-Performance<\/h2>\n<div style=\"text-align: center; margin: 30px 0;\"><img loading=\"lazy\" decoding=\"async\" class=\"alignnone wp-image-35534 size-full\" style=\"color: #333333; font-size: 16px; max-width: 100%; height: auto; border-radius: 8px; box-shadow: 0 4px 15px rgba(0,0,0,0.1);\" src=\"https:\/\/vapexyz.com\/wp-content\/uploads\/2024\/10\/Al-Fakhar-Crown-Bar-8000-Puffs-Big-Cloud-DTL-2-Low-Nicotine-Original-Factory-1.webp\" alt=\"Al Fakhar Crown Bar 8000 Puffs Big Cloud DTL 2% Low Nicotine Original Factory Bulk Kaufen Sie wiederaufladbare Einweg-Vapes Pen im Gro\u00dfhandel\" width=\"1326\" height=\"829\" title=\"\" srcset=\"https:\/\/vapexyz.com\/wp-content\/uploads\/2024\/10\/Al-Fakhar-Crown-Bar-8000-Puffs-Big-Cloud-DTL-2-Low-Nicotine-Original-Factory-1.webp 1326w, https:\/\/vapexyz.com\/wp-content\/uploads\/2024\/10\/Al-Fakhar-Crown-Bar-8000-Puffs-Big-Cloud-DTL-2-Low-Nicotine-Original-Factory-1-500x313.webp 500w, https:\/\/vapexyz.com\/wp-content\/uploads\/2024\/10\/Al-Fakhar-Crown-Bar-8000-Puffs-Big-Cloud-DTL-2-Low-Nicotine-Original-Factory-1-1024x640.webp 1024w, https:\/\/vapexyz.com\/wp-content\/uploads\/2024\/10\/Al-Fakhar-Crown-Bar-8000-Puffs-Big-Cloud-DTL-2-Low-Nicotine-Original-Factory-1-768x480.webp 768w, https:\/\/vapexyz.com\/wp-content\/uploads\/2024\/10\/Al-Fakhar-Crown-Bar-8000-Puffs-Big-Cloud-DTL-2-Low-Nicotine-Original-Factory-1-18x12.webp 18w, https:\/\/vapexyz.com\/wp-content\/uploads\/2024\/10\/Al-Fakhar-Crown-Bar-8000-Puffs-Big-Cloud-DTL-2-Low-Nicotine-Original-Factory-1-510x319.webp 510w\" sizes=\"auto, (max-width: 1326px) 100vw, 1326px\" \/><\/div>\n<p style=\"margin-bottom: 20px; font-size: 16px;\">Willkommen bei Vapexyz, Ihrem f\u00fchrenden internationalen B2B-Gro\u00dfhandelsdistributor und dem ultimativen digitalen Zentrum f\u00fcr hochleistungsf\u00e4hige Einweg-Vapes. Mit \u00fcber acht Jahren dokumentierter operativer Exzellenz und Supply-Chain-Management in der Branche haben wir uns als vertrauensw\u00fcrdige, autoritative Quelle f\u00fcr den Gro\u00dfhandelsvertrieb etabliert. Wir schlie\u00dfen die L\u00fccke zwischen weltklasse Herstellungsanlagen und globalen Einzelhandelsm\u00e4rkten. Heute pr\u00e4sentieren wir einen umfassenden technischen \u00dcberblick \u00fcber eines der robustesten Ger\u00e4te in unserem Katalog: das <strong>Al Fakhar Crown Bar 8000 Puffs<\/strong>. Dieser spezielle Einweg-Vaporizer stellt einen bedeutenden Fortschritt in der Direct-to-Lung (DTL)-Technologie dar, die speziell f\u00fcr Benutzer entwickelt wurde, die eine maximale Wolkenproduktion, eine lange Batterielebensdauer und ein hochwertiges Sinneserlebnis priorisieren.<\/p>\n<p style=\"margin-bottom: 20px; font-size: 16px;\">Im Gegensatz zu Standard-Verbraucherger\u00e4ten, die sich auf eingeschr\u00e4nkte Z\u00fcge konzentrieren, ist dieser Einweg-Vape-Stift pr\u00e4zisionsgefertigt, um einen hochvolumigen Luftstrom zu erm\u00f6glichen. Ob Sie einen stark frequentierten Einzelhandelsstandort best\u00fccken oder Ihr regionales Vertriebsnetz erweitern, das Verst\u00e4ndnis der empirischen Leistungsmetriken, technischen Spezifikationen und Logistik der Lieferkette der Al Fakhar Crown Bar ist unerl\u00e4sslich. Als vertrauensw\u00fcrdiger Gro\u00dfhandelspartner stellt Vapexyz sicher, dass jede Einheit, die in den Niederlanden, Deutschland, Belgien und Spanien vertrieben wird, strengen internationalen Compliance-Standards entspricht und eine beispiellose Zuverl\u00e4ssigkeit f\u00fcr Ihr Unternehmen bietet.<\/p>\n<h3 style=\"color: #2980b9; margin-top: 40px;\">Technische Spezifikationen &amp; Ingenieurwesen-Expertise<\/h3>\n<p style=\"margin-bottom: 20px; font-size: 16px;\">Die Architektur eines leistungsstarken, wegwerfbaren Vape-Ger\u00e4ts beruht stark auf der Synergie zwischen seiner internen Stromquelle, seinem Heizelement und seinem Formulierungsreservoir. Die Al Fakhar Crown Bar integriert ein anspruchsvolles 0,6\u03a9-Mesh-Heizelement. Aus ingenieurwissenschaftlicher Sicht nutzen Mesh-Coils eine breitere Oberfl\u00e4che im Vergleich zu traditionellen helikalen Drahtcoils. Diese erweiterte Oberfl\u00e4che erm\u00f6glicht eine hoch effiziente, gleichm\u00e4\u00dfige thermodynamische W\u00e4rmeverteilung. Wenn die 600mAh-Lithium-Ionen-Batterie elektrischen Strom in das 0,6\u03a9-Mesh entl\u00e4dt, sorgt die schnelle Aufw\u00e4rmzeit daf\u00fcr, dass die interne L\u00f6sung sofort verdampft wird, was zu einer dichten, volumin\u00f6sen Ausgabe f\u00fchrt, die charakteristisch f\u00fcr authentische DTL-Vapes ist.<\/p>\n<p style=\"margin-bottom: 20px; font-size: 16px;\">Dar\u00fcber hinaus gew\u00e4hrleistet die Integration eines Type-C-Ladeanschlusses, dass die interne 600mAh-Zelle schnell und sicher aufgeladen werden kann. Die interne Power Management Integrated Circuit (PMIC) sch\u00fctzt vor \u00dcberladung, Kurzschl\u00fcssen und Spannungsabf\u00e4llen, um sicherzustellen, dass die endg\u00fcltige Bet\u00e4tigung des Ger\u00e4ts genauso konsistent ist wie die allererste. Mit einer gro\u00dfz\u00fcgigen Reservoirkapazit\u00e4t von 18 ml bleiben die physischen Abmessungen bemerkenswert ergonomisch und wiegen nur 91,22 Gramm, was sehr portabel ist.<\/p>\n<table style=\"width: 100%; border-collapse: collapse; margin-bottom: 30px; background-color: #fcfcfc; box-shadow: 0 2px 8px rgba(0,0,0,0.05); font-size: 15px;\">\n<thead>\n<tr style=\"background-color: #2980b9; color: #ffffff; text-align: left;\">\n<th style=\"padding: 15px; border: 1px solid #ddd;\">Technischer Parameter<\/th>\n<th style=\"padding: 15px; border: 1px solid #ddd;\">Spezifikationsdaten<\/th>\n<th style=\"padding: 15px; border: 1px solid #ddd;\">Ingenieurwesen-Vorteil<\/th>\n<\/tr>\n<\/thead>\n<tbody>\n<tr>\n<td style=\"padding: 12px 15px; border: 1px solid #ddd; font-weight: bold;\">Maximale Bet\u00e4tigungen<\/td>\n<td style=\"padding: 12px 15px; border: 1px solid #ddd;\">Bis zu 8000 Puffs<\/td>\n<td style=\"padding: 12px 15px; border: 1px solid #ddd;\">Verl\u00e4ngerte Lebensdauer; reduziert die H\u00e4ufigkeit von Ersatzk\u00e4ufen im Einzelhandel.<\/td>\n<\/tr>\n<tr style=\"background-color: #f9f9f9;\">\n<td style=\"padding: 12px 15px; border: 1px solid #ddd; font-weight: bold;\">Speichervolumen<\/td>\n<td style=\"padding: 12px 15px; border: 1px solid #ddd;\">18 ml Fassungsverm\u00f6gen<\/td>\n<td style=\"padding: 12px 15px; border: 1px solid #ddd;\">Hochvolumige Speicherung, perfekt kalibriert f\u00fcr die Lebensdauer des Ger\u00e4ts.<\/td>\n<\/tr>\n<tr>\n<td style=\"padding: 12px 15px; border: 1px solid #ddd; font-weight: bold;\">Energiezelle<\/td>\n<td style=\"padding: 12px 15px; border: 1px solid #ddd;\">600mAh Lithium-Ionen (Typ-C)<\/td>\n<td style=\"padding: 12px 15px; border: 1px solid #ddd;\">Stabile Spannungsausgabe mit schnellen, standardisierten Wiederaufladefunktionen.<\/td>\n<\/tr>\n<tr style=\"background-color: #f9f9f9;\">\n<td style=\"padding: 12px 15px; border: 1px solid #ddd; font-weight: bold;\">Heizk\u00f6rper<\/td>\n<td style=\"padding: 12px 15px; border: 1px solid #ddd;\">0,6 \u03a9 Mesh-Spule<\/td>\n<td style=\"padding: 12px 15px; border: 1px solid #ddd;\">Niedriger elektrischer Widerstand, optimiert f\u00fcr DTL-Luftstrom und dichte Wolkenproduktion.<\/td>\n<\/tr>\n<tr>\n<td style=\"padding: 12px 15px; border: 1px solid #ddd; font-weight: bold;\">Aktive St\u00e4rke<\/td>\n<td style=\"padding: 12px 15px; border: 1px solid #ddd;\">5% Konzentration (Niedrig)<\/td>\n<td style=\"padding: 12px 15px; border: 1px solid #ddd;\">Bietet eine befriedigende, robuste Wirkung, die von erwachsenen Verbrauchern bevorzugt wird.<\/td>\n<\/tr>\n<tr style=\"background-color: #f9f9f9;\">\n<td style=\"padding: 12px 15px; border: 1px solid #ddd; font-weight: bold;\">Ger\u00e4tegewicht<\/td>\n<td style=\"padding: 12px 15px; border: 1px solid #ddd;\">91,22 Gramm<\/td>\n<td style=\"padding: 12px 15px; border: 1px solid #ddd;\">Leichtes externes Chassis aus haltbaren, hochdichten Polymeren.<\/td>\n<\/tr>\n<\/tbody>\n<\/table>\n<h3 style=\"color: #2980b9; margin-top: 40px;\">Empirische Leistungs- und Labortestprotokolle<\/h3>\n<p style=\"margin-bottom: 20px; font-size: 16px;\">Auf dem heutigen Hardware-Markt m\u00fcssen Werbeaussagen durch strenge empirische Daten untermauert werden. Der beworbene Benchmark von \u201c8000 Puffs\u201d ist keine willk\u00fcrliche Zahl; er wurde durch kontrollierte Labortests unter Verwendung standardisierter automatisierter Inhalationsmaschinen abgeleitet. W\u00e4hrend dieser empirischen Testphase werden die Einweg-Vapes konsistenten Umweltkontrollen unterzogen, einschlie\u00dflich einer Umgebungstemperatur von 22\u00b0C (\u00b12\u00b0C) und einer relativen Luftfeuchtigkeit von 60%.<\/p>\n<p style=\"margin-bottom: 20px; font-size: 16px;\">Das Testprotokoll beinhaltet, dass die Maschine einen pr\u00e4zisen Zug von 2,5 bis 3,0 Sekunden nimmt, gefolgt von einer angemessenen Ruheperiode, um die Kapillarwirkung des internen Wicking-Materials vollst\u00e4ndig wieder zu s\u00e4ttigen. Durch kontinuierliche Messung der Abnahmerate des 18-ml-Reservoirs gegen\u00fcber den Entladungszyklen der 600-mAh-Batterie k\u00f6nnen Ingenieure die Langlebigkeit der Al Fakhar Crown Bar validieren. Dar\u00fcber hinaus best\u00e4tigen unabh\u00e4ngige Qualit\u00e4tskontrollbewertungen, dass die strukturelle Integrit\u00e4t des PCTG-Kunststoffgeh\u00e4uses durch die kontinuierliche thermische Zyklisierung der 0,6 \u03a9-Maschenwicklung nicht beeintr\u00e4chtigt wird, wodurch die Benutzersicherheit und Produktzuverl\u00e4ssigkeit vom ersten bis zum letzten Zug gew\u00e4hrleistet wird.<\/p>\n<div style=\"background-color: #f0f4f8; border-left: 6px solid #2980b9; padding: 20px; margin: 30px 0; border-radius: 0 8px 8px 0; box-shadow: 0 2px 5px rgba(0,0,0,0.05);\">\n<h4 style=\"margin-top: 0; color: #1a5276; font-size: 18px;\">Kernwissenspunkt: Verst\u00e4ndnis der Direct-to-Lung- (DTL-) Mechanik<\/h4>\n<p style=\"margin-bottom: 10px; font-size: 15px;\">Im Gegensatz zu Mouth-to-Lung (MTL)-Ger\u00e4ten, die den engen Zug herk\u00f6mmlicher brennbarer Gegenst\u00e4nde nachahmen, DTL <strong>Vapes<\/strong> sind konstruiert mit breitbohrigen Luftstromkan\u00e4len. Dieses aerodynamische Design erm\u00f6glicht es dem Benutzer, den erzeugten Dampf in einem Zug direkt in die Lungen einzuatmen. Um dies zu erreichen, ohne das Ger\u00e4t zu \u00fcberhitzen, ben\u00f6tigt das System:<\/p>\n<ul style=\"margin-bottom: 0; padding-left: 20px; font-size: 15px;\">\n<li style=\"margin-bottom: 8px;\"><strong>Sub-Ohm-Widerstand:<\/strong> Die 0,6\u03a9-Spule erm\u00f6glicht eine h\u00f6here Wattzahl.<\/li>\n<li style=\"margin-bottom: 8px;\"><strong>Hochvolumen-Luftansaugung:<\/strong> Verhindert, dass das Maschenelement durch schnelle Luftk\u00fchlung die sicheren Betriebstemperaturen \u00fcberschreitet.<\/li>\n<li style=\"margin-bottom: 0;\"><strong>Optimierte Wicking-Eigenschaften:<\/strong> Hochpor\u00f6ser Bio-Baumwolle wird verwendet, um die schnelle Absorptionsrate zu erhalten, die durch die hohe Dampfproduktion erforderlich ist.<\/li>\n<\/ul>\n<\/div>\n<h3 style=\"color: #2980b9; margin-top: 40px;\">Al Fakhar Einweg-Vapes \u2013 Premium-Sensorische und Aroma-Profile<\/h3>\n<p style=\"margin-bottom: 20px; font-size: 16px;\">Ein hochwertiger Einweg-Vape wird nicht nur durch seine elektrotechnische Ausf\u00fchrung definiert, sondern auch durch die Raffinesse seiner aromatischen Ausgabe. Die Formulierungstechniker hinter der Al Fakhar-Serie haben sorgf\u00e4ltig ein Portfolio von Sinneserlebnissen entwickelt, indem sie hochwertige botanische Extrakte und lebensmitteltaugliche aromatische Verbindungen verwenden. Diese Profile sind darauf ausgelegt, w\u00e4hrend des Heizprozesses chemisch stabil zu bleiben, um sicherzustellen, dass der letzte Zug genauso knackig und genau ist wie die anf\u00e4ngliche Aktivierung. W\u00e4hlen Sie aus den folgenden sorgf\u00e4ltig gemischten Profilen, um die vielf\u00e4ltigen Verbraucher-Geschmacksrichtungen zu befriedigen:<\/p>\n<ul style=\"list-style-type: none; padding-left: 0; margin-bottom: 30px; font-size: 16px;\">\n<li style=\"margin-bottom: 15px; padding-left: 25px; position: relative;\"><span style=\"color: #2980b9; position: absolute; left: 0; font-weight: bold;\">\u2713<\/span> <strong>Zwei Apple:<\/strong> Ein komplexes, zweischichtiges Obstgarten-Blend, das ein perfektes Gleichgewicht von knackiger gr\u00fcner S\u00e4ure und s\u00fc\u00dfen roten Apfelaromen bietet.<\/li>\n<li style=\"margin-bottom: 15px; padding-left: 25px; position: relative;\"><span style=\"color: #2980b9; position: absolute; left: 0; font-weight: bold;\">\u2713<\/span> <strong>Traubenminze:<\/strong> Ein robuster, vollmundiger Weinbergsernte-Profil, nahtlos verschmolzen mit einem k\u00fchlenden, botanischen Menthol-Finish.<\/li>\n<li style=\"margin-bottom: 15px; padding-left: 25px; position: relative;\"><span style=\"color: #2980b9; position: absolute; left: 0; font-weight: bold;\">\u2713<\/span> <strong>Blaubeer-Kaugummi:<\/strong> Eine nostalgische, lebendige aromatische Mischung, die s\u00e4uerliche wilde Beeren mit einer s\u00fc\u00dfen, klassischen S\u00fc\u00dfwaren-Note kombiniert.<\/li>\n<li style=\"margin-bottom: 15px; padding-left: 25px; position: relative;\"><span style=\"color: #2980b9; position: absolute; left: 0; font-weight: bold;\">\u2713<\/span> <strong>Erdbeer-Minze:<\/strong> Eine sorgf\u00e4ltig hergestellte Fusion von verschiedenen Waldbeeren, verfeinert durch einen scharfen, erfrischenden Minzextrakt.<\/li>\n<li style=\"margin-bottom: 15px; padding-left: 25px; position: relative;\"><span style=\"color: #2980b9; position: absolute; left: 0; font-weight: bold;\">\u2713<\/span> <strong>Pfirsich-Eiscreme:<\/strong> Ein luxuri\u00f6ses, cremiges sensorisches Profil, das die nat\u00fcrliche S\u00fc\u00dfe von Sommerpfirsichen mit einer glatten, k\u00fchlenden, milch\u00e4hnlichen Reichhaltigkeit ausbalanciert.<\/li>\n<li style=\"margin-bottom: 15px; padding-left: 25px; position: relative;\"><span style=\"color: #2980b9; position: absolute; left: 0; font-weight: bold;\">\u2713<\/span> <strong>Blaue Himbeer-Limonade:<\/strong> Ein dynamisches, s\u00fc\u00df-saures Profil, das den erfrischenden Biss eines gek\u00fchlten Sommergetr\u00e4nks perfekt nachahmt.<\/li>\n<li style=\"margin-bottom: 15px; padding-left: 25px; position: relative;\"><span style=\"color: #2980b9; position: absolute; left: 0; font-weight: bold;\">\u2713<\/span> <strong>Kau-Minz:<\/strong> Ein ultra-erfrischendes, geschmacklich reinigendes Profil, das eine konzentrierte Welle von s\u00fc\u00dfem, k\u00fchlem Pfefferminz liefert.<\/li>\n<li style=\"margin-bottom: 15px; padding-left: 25px; position: relative;\"><span style=\"color: #2980b9; position: absolute; left: 0; font-weight: bold;\">\u2713<\/span> <strong>Mangoeiscreme<\/strong> Ein tropisches Meisterwerk, das die tiefen, reichen Aromen reifer Mangos mit einer samtigen, gek\u00fchlten Unternote verbindet.<\/li>\n<li style=\"margin-bottom: 15px; padding-left: 25px; position: relative;\"><span style=\"color: #2980b9; position: absolute; left: 0; font-weight: bold;\">\u2713<\/span> <strong>Magie der Liebe:<\/strong> Eine propriet\u00e4re, hoch geh\u00fctete Meister-Mischung exotischer Fr\u00fcchte, die eine komplexe und vielschichtige sensorische Reise bietet.<\/li>\n<li style=\"margin-bottom: 15px; padding-left: 25px; position: relative;\"><span style=\"color: #2980b9; position: absolute; left: 0; font-weight: bold;\">\u2713<\/span> <strong>Wassermelonen-Eiscreme:<\/strong> Das quintessenzielle Sommerprofil, das die leichte, feuchtigkeitsspendende Essenz von Wassermelone mit einem dichten, frostigen Finish verbindet.<\/li>\n<\/ul>\n<h3 style=\"color: #2980b9; margin-top: 40px;\">Branchenautorit\u00e4t &amp; Gro\u00dfhandels B2B Vertriebsf\u00fchrung<\/h3>\n<p style=\"margin-bottom: 20px; font-size: 16px;\">Die Beschaffung von Inventar f\u00fcr Einzelhandelsgesch\u00e4fte erfordert absolutes Vertrauen in die Lieferkette. Als f\u00fchrender Gro\u00dfh\u00e4ndler f\u00fcr Einweg-Vapes in gro\u00dfen europ\u00e4ischen M\u00e4rkten - einschlie\u00dflich Niederlande, Deutschland, Belgien und Spanien - operiert Vapexyz mit beispielloser Transparenz und logistischer Effizienz. Unsere ma\u00dfgebliche Stellung auf dem Markt wird durch unser Engagement f\u00fcr die Verteilung von Produkten gest\u00fctzt, die mit strengen internationalen Sicherheitsrichtlinien \u00fcbereinstimmen.<\/p>\n<p style=\"margin-bottom: 20px; font-size: 16px;\">Die Al Fakhar Crown Bar 8000 Puffs wird in ISO-zertifizierten Einrichtungen hergestellt. Die elektronischen Komponenten entsprechen den standardm\u00e4\u00dfigen B2B-Regulierungsrahmen, einschlie\u00dflich Einschr\u00e4nkungen f\u00fcr gef\u00e4hrliche Materialien in elektrischen Ger\u00e4ten. Wenn Sie bei Vapexyz kaufen, kaufen Sie nicht nur ein Produkt; Sie investieren in ein verifiziertes, umsatzstarkes Einzelhandelsverm\u00f6gen. Mit einer hoch zug\u00e4nglichen Mindestbestellmenge (MOQ) von nur 10 St\u00fcck und skalierbaren Gro\u00dfoptionen mit 200 Einheiten pro Master-Karton erm\u00f6glichen wir Unternehmen jeder Gr\u00f6\u00dfe, ihren Bestand aggressiv zu skalieren und dabei gesunde Gewinnmargen aufrechtzuerhalten.<\/p>\n<p style=\"margin-bottom: 30px; font-size: 16px;\">Wir sind stolz darauf, einen schnellen und sicheren regionalen Versand anzubieten, der daf\u00fcr sorgt, dass Ihre Regale stets mit den gefragtesten Einweg-Vape-Ger\u00e4ten auf dem Markt gef\u00fcllt sind. Unsere nahtlose digitale Bestellinfrastruktur minimiert den administrativen Aufwand, sodass Sie sich auf die Erweiterung Ihrer Kundenbasis und die Maximierung der Zufriedenheit Ihrer Kunden konzentrieren k\u00f6nnen.<\/p>\n<h3 style=\"color: #2980b9; margin-top: 40px; border-bottom: 1px solid #e0e0e0; padding-bottom: 10px;\">H\u00e4ufig gestellte Fragen (FAQ) f\u00fcr Gro\u00dfhandelsk\u00e4ufer<\/h3>\n<div style=\"margin-bottom: 30px;\">\n<details style=\"margin-bottom: 12px; background-color: #fcfcfc; border: 1px solid #dcdcdc; border-radius: 6px; padding: 12px; transition: all 0.3s ease;\">\n<summary style=\"font-weight: bold; cursor: pointer; color: #2c3e50; font-size: 16px; outline: none;\">Wie hoch ist die erforderliche Mindestbestellmenge (MOQ) f\u00fcr Gro\u00dfhandelspreise?<\/summary>\n<p style=\"margin-top: 10px; margin-bottom: 0; font-size: 15px; color: #555;\">Bei Vapexyz glauben wir daran, Unternehmen aller Gr\u00f6\u00dfenordnungen zu unterst\u00fctzen. Unsere Mindestbestellmenge (MOQ) liegt bei \u00e4u\u00dferst zug\u00e4nglichen 10 St\u00fcck. F\u00fcr maximale logistische Effizienz und den besten wirtschaftlichen Wert pro Einheit empfehlen wir jedoch dringend, in Meisterkartons zu kaufen, die 200 Einheiten pro Box enthalten.<\/p>\n<\/details>\n<details style=\"margin-bottom: 12px; background-color: #fcfcfc; border: 1px solid #dcdcdc; border-radius: 6px; padding: 12px; transition: all 0.3s ease;\">\n<summary style=\"font-weight: bold; cursor: pointer; color: #2c3e50; font-size: 16px; outline: none;\">Wie sollten die Lithium-Ionen-Akkus in diesen Einweg-E-Zigaretten nach ihrer Ersch\u00f6pfung gehandhabt werden?<\/summary>\n<p style=\"margin-top: 10px; margin-bottom: 0; font-size: 15px; color: #555;\">Umweltverantwortung ist im Hardware-Sektor von entscheidender Bedeutung. Die 600mAh internen Zellen sind vollst\u00e4ndig integriert. Sobald das 18ml-Reservoir aufgebraucht ist, sollte die gesamte Einheit gem\u00e4\u00df den \u00f6rtlichen europ\u00e4ischen WEEE-Richtlinien (Waste Electrical and Electronic Equipment) entsorgt werden. Einzelh\u00e4ndler werden ermutigt, f\u00fcr ihre Kunden ausgewiesene Sammelbeh\u00e4lter f\u00fcr elektronische Abf\u00e4lle bereitzustellen.<\/p>\n<\/details>\n<details style=\"margin-bottom: 12px; background-color: #fcfcfc; border: 1px solid #dcdcdc; border-radius: 6px; padding: 12px; transition: all 0.3s ease;\">\n<summary style=\"font-weight: bold; cursor: pointer; color: #2c3e50; font-size: 16px; outline: none;\">Sind diese Vapes f\u00fcr Benutzer geeignet, die von MTL-Ger\u00e4ten umsteigen?<\/summary>\n<p style=\"margin-top: 10px; margin-bottom: 0; font-size: 15px; color: #555;\">Die Al Fakhar Crown Bar ist speziell f\u00fcr die Direct-to-Lung (DTL)-Anwendung konzipiert und zeichnet sich durch ihre 0,6 \u03a9-Mesh-Spule und einen breiten Luftstrom aus. Obwohl sehr beliebt, sollten Verkaufspersonal verbrauchende Umsteiger darauf hinweisen, dass DTL-Ger\u00e4te deutlich gr\u00f6\u00dfere Dampfwolken erzeugen und im Vergleich zu standardm\u00e4\u00dfigen, restriktiven Mouth-to-Lung (MTL)-Ger\u00e4ten eine tiefere Inhalationstechnik erfordern.<\/p>\n<\/details>\n<details style=\"margin-bottom: 12px; background-color: #fcfcfc; border: 1px solid #dcdcdc; border-radius: 6px; padding: 12px; transition: all 0.3s ease;\">\n<summary style=\"font-weight: bold; cursor: pointer; color: #2c3e50; font-size: 16px; outline: none;\">Welche Ladeparameter gelten f\u00fcr den Typ-C-Anschluss?<\/summary>\n<p style=\"margin-top: 10px; margin-bottom: 0; font-size: 15px; color: #555;\">Um die chemische Stabilit\u00e4t des 600mAh-Akkus \u00fcber seine vorgesehene Lebensdauer zu erhalten, wird empfohlen, das Ger\u00e4t mit einem standardm\u00e4\u00dfigen 5V\/1A-Netzteil \u00fcber die Type-C-Schnittstelle aufzuladen. Schnellladebl\u00f6cke (wie sie f\u00fcr moderne Laptops verwendet werden) sollten vermieden werden, um eine beschleunigte Degradation der internen Stromzelle zu verhindern.<\/p>\n<\/details>\n<\/div>\n<\/article>","protected":false},"excerpt":{"rendered":"<p>Die Al Fakhar Crown Bar 8000 Puffs Big Cloud ist ein wiederaufladbarer, wegwerfbarer Vape-Stift, der bis zu 8000 Z\u00fcge bietet, eine Kapazit\u00e4t von 18 ml hat, eine St\u00e4rke von 5% und eine Mesh-Coil-Technologie f\u00fcr einen verbesserten Geschmack. Er ist f\u00fcr den Gro\u00dfkauf bei Vapexyz erh\u00e4ltlich.<\/p>","protected":false},"featured_media":35526,"comment_status":"open","ping_status":"closed","template":"","meta":{"_lmt_disableupdate":"no","_lmt_disable":""},"product_brand":[],"product_cat":[969,1008,1018,947,1019,1020,935,934,927,929,928,930,933,939,932,938,931,936,937,1017,946,1016,1023,1025,1027,951,1028,1029,1030,1031,1033,1035,953,987,1038],"product_tag":[],"class_list":{"0":"post-35522","1":"product","2":"type-product","3":"status-publish","4":"has-post-thumbnail","6":"product_cat-al-fakhar-disposable-vapes","7":"product_cat-8000-puff-vapes","8":"product_cat-apple-flavor-disposable-vapes","9":"product_cat-big-puffs-vapes","10":"product_cat-blue-razz-flavor-disposable-vapes","11":"product_cat-blueberry-flavor-disposable-vapes","12":"product_cat-bulk-buy-disposable-vapes-in-austria","13":"product_cat-bulk-buy-disposable-vapes-in-belgium","14":"product_cat-bulk-buy-disposable-vapes-in-europe","15":"product_cat-bulk-buy-disposable-vapes-in-france","16":"product_cat-bulk-buy-disposable-vapes-in-germany","17":"product_cat-bulk-buy-disposable-vapes-in-italy","18":"product_cat-bulk-buy-disposable-vapes-in-netherlands","19":"product_cat-bulk-buy-disposable-vapes-in-norway","20":"product_cat-bulk-buy-disposable-vapes-in-poland","21":"product_cat-bulk-buy-disposable-vapes-in-portugal","22":"product_cat-bulk-buy-disposable-vapes-in-spain","23":"product_cat-bulk-buy-disposable-vapes-in-sweden","24":"product_cat-bulk-buy-disposable-vapes-in-switzerland","25":"product_cat-buy-best-disposable-vape-flavors","26":"product_cat-disposable-vapes-series","27":"product_cat-european-vape-warehouse","28":"product_cat-grape-flavor-disposable-vapes","29":"product_cat-ice-flavor-disposable-vapes","30":"product_cat-lemon-flavor-disposable-vapes","31":"product_cat-lower-nicotine-vapes","32":"product_cat-lush-flavor-disposable-vapes","33":"product_cat-mango-flavor-disposable-vapes","34":"product_cat-mint-flavor-disposable-vapes","35":"product_cat-mixed-berries-flavor-disposable-vapes","36":"product_cat-peach-flavor-disposable-vapes","37":"product_cat-raspberry-flavor-disposable-vapes","38":"product_cat-rechargeable-vapes","39":"product_cat-vape-shop-by-puffs","40":"product_cat-watermelon-flavor-disposable-vapes","42":"first","43":"outofstock","44":"shipping-taxable","45":"purchasable","46":"product-type-variable","47":"has-default-attributes"},"jetpack_sharing_enabled":true,"tiered_pricing_type":"fixed","tiered_pricing_fixed_rules":[],"tiered_pricing_product_settings":{"layout":"default","base_unit_name":{"singular":null,"plural":null},"default_variation":null},"tiered_pricing_minimum_quantity":null,"tiered_pricing_roles_data":[],"tiered_pricing_percentage_rules":[],"tiered_pricing_maximum_quantity":null,"tiered_pricing_quantity_step":null,"_links":{"self":[{"href":"https:\/\/vapexyz.com\/de\/wp-json\/wp\/v2\/product\/35522","targetHints":{"allow":["GET"]}}],"collection":[{"href":"https:\/\/vapexyz.com\/de\/wp-json\/wp\/v2\/product"}],"about":[{"href":"https:\/\/vapexyz.com\/de\/wp-json\/wp\/v2\/types\/product"}],"replies":[{"embeddable":true,"href":"https:\/\/vapexyz.com\/de\/wp-json\/wp\/v2\/comments?post=35522"}],"wp:featuredmedia":[{"embeddable":true,"href":"https:\/\/vapexyz.com\/de\/wp-json\/wp\/v2\/media\/35526"}],"wp:attachment":[{"href":"https:\/\/vapexyz.com\/de\/wp-json\/wp\/v2\/media?parent=35522"}],"wp:term":[{"taxonomy":"product_brand","embeddable":true,"href":"https:\/\/vapexyz.com\/de\/wp-json\/wp\/v2\/product_brand?post=35522"},{"taxonomy":"product_cat","embeddable":true,"href":"https:\/\/vapexyz.com\/de\/wp-json\/wp\/v2\/product_cat?post=35522"},{"taxonomy":"product_tag","embeddable":true,"href":"https:\/\/vapexyz.com\/de\/wp-json\/wp\/v2\/product_tag?post=35522"}],"curies":[{"name":"wp","href":"https:\/\/api.w.org\/{rel}","templated":true}]}}