{"id":17163,"date":"2024-03-09T09:57:59","date_gmt":"2024-03-09T09:57:59","guid":{"rendered":"https:\/\/vapexyz.com\/product\/doloda-db7000-puffs-0-2-3-5-nicotine-rechargeable-disposable-pod\/"},"modified":"2026-03-06T13:47:27","modified_gmt":"2026-03-06T13:47:27","slug":"doloda-db7000-puffs-0-2-3-5-nikotin-wiederaufladbare-einwegkapsel-2","status":"publish","type":"product","link":"https:\/\/vapexyz.com\/de\/product\/doloda-db7000-puffs-0-2-3-5-nicotine-rechargeable-disposable-pod\/","title":{"rendered":"DOLODA DB7000 Puffs Gro\u00dfhandel Kauf Aufladbare Einweg-Vape"},"content":{"rendered":"<article style=\"font-family: 'Segoe UI', Tahoma, Geneva, Verdana, sans-serif; line-height: 1.8; color: #333; max-width: 100%; margin: 0 auto; padding: 20px;\">\n<h2 style=\"color: #2c3e50; border-bottom: 2px solid #3498db; padding-bottom: 10px; margin-top: 30px;\">Das ultimative Gro\u00dfhandelsziel f\u00fcr Einweg-Vapes: VapeXYZ<\/h2>\n<p style=\"font-size: 16px; text-align: justify;\">Willkommen bei VapeXYZ, Ihrem f\u00fchrenden, autoritativen Online-Vertriebszentrum f\u00fcr hochwertige Einweg-Vapes, die auf dem globalen Markt erh\u00e4ltlich sind. Mit \u00fcber acht Jahren dokumentierter Expertise in der internationalen Gro\u00dfhandelslieferkette haben wir eine robuste Infrastruktur aufgebaut, die darauf ausgelegt ist, Einzelhandelspartner aller Gr\u00f6\u00dfen zu unterst\u00fctzen. Unser umfangreicher Katalog pr\u00e4sentiert stolz erstklassige Marken, darunter BANG BOX, WASPE, UWIN, BIMO, RandM, BANG, VOZOL, Elf Box und MYDE. Indem wir uns strikt auf Business-to-Business- (B2B-) Zuverl\u00e4ssigkeit konzentrieren, bieten wir eine beispiellose Mindestbestellmenge (MOQ) von lediglich 10 St\u00fcck an. Dieser einzigartige Ansatz erm\u00f6glicht es aufstrebenden Unternehmen und etablierten H\u00e4ndlern gleicherma\u00dfen, Zugang zu einem Premium-Einweg-Vape zu direkten Gro\u00dfhandelspreisen zu erhalten, wodurch das Inventarrisiko minimiert und die Einzelhandelsmargen maximiert werden.<\/p>\n<h2 style=\"color: #2c3e50; border-bottom: 2px solid #3498db; padding-bottom: 10px; margin-top: 30px;\">Ingenieurskunst auf h\u00f6chstem Niveau: DOLODA DB7000 Puffs Einweg-Vape<\/h2>\n<p style=\"font-size: 16px; text-align: justify;\">Die DOLODA DB7000 Puffs stellen einen H\u00f6hepunkt der modernen portablen Verdampfungstechnik dar. F\u00fcr sowohl allt\u00e4gliche Konsistenz als auch verl\u00e4ngerte Langlebigkeit konzipiert, ist dieses spezielle Einweg-Vape-Ger\u00e4t sorgf\u00e4ltig gefertigt, um zuverl\u00e4ssige Leistung ohne die mechanischen Komplexit\u00e4ten zu liefern, die oft mit traditionellen Ger\u00e4ten verbunden sind. Wenn Sie Ihr Inventar bei VapeXYZ beschaffen, investieren Sie in streng getestete Hardware, die sich an strenge Fertigungstoleranzen h\u00e4lt.<\/p>\n<h3 style=\"color: #2980b9; margin-top: 25px;\"><a style=\"color: #2980b9; text-decoration: none; border-bottom: 1px dashed #2980b9;\" href=\"https:\/\/vapexyz.com\/de\/produktkategorie\/doloda\/\">DOLODA Einweg-Vapes<\/a>: Hochleistungs-Spezifikationen<\/h3>\n<p style=\"font-size: 16px; text-align: justify;\">Dieser fortschrittliche Einweg-Vaporizer ist mit einem gro\u00dfz\u00fcgigen 14-ml-Innenreservoir konstruiert, um den Bedarf an h\u00e4ufigen Ersatzger\u00e4ten zu minimieren. H\u00e4ndler k\u00f6nnen eine breite Demografie erwachsener Verbraucher bedienen, indem sie die pr\u00e4zisen Konzentrationsstufen vorr\u00e4tig halten, die von ihren lokalen M\u00e4rkten ben\u00f6tigt werden, mit Hardware-Optionen, die f\u00fcr 0%-, 2%-, 3%- oder 5%-Formulierungen konstruiert sind. Durch die Erzeugung von bis zu 7000 einzelnen Z\u00fcgen bietet das Ger\u00e4t einen au\u00dfergew\u00f6hnlichen wirtschaftlichen Wert. Die Integration eines fortschrittlichen Mesh-Heizelements garantiert, dass das aromatische Profil vom ersten Zug bis zur endg\u00fcltigen Ersch\u00f6pfung des Innenreservoirs v\u00f6llig konsistent bleibt.<\/p>\n<div style=\"background-color: #e8f4f8; border-left: 5px solid #2980b9; padding: 20px; margin: 30px 0; border-radius: 0 8px 8px 0; box-shadow: 0 2px 5px rgba(0,0,0,0.05);\">\n<h4 style=\"margin-top: 0; color: #1a5276; font-size: 18px;\">\ud83d\udca1 Wissenspunkt: Die Thermodynamik der Mesh-Coil-Technologie<\/h4>\n<p style=\"margin-bottom: 0; font-size: 15px;\">Im Gegensatz zu herk\u00f6mmlichen Wickelspiralen aus Draht, die lokale Hotspots erzeugen k\u00f6nnen, die zu einer thermischen Degradation der Formulierung f\u00fchren, erzeugt die fortschrittliche Maschenwicklung innerhalb des DOLODA DB7000 ein gleichm\u00e4\u00dfiges, gro\u00dffl\u00e4chiges Heizgitter. Diese vergr\u00f6\u00dferte Oberfl\u00e4che optimiert den W\u00e4rme\u00fcbergangskoeffizienten und gew\u00e4hrleistet, dass die propriet\u00e4re Aerosolisierungs-L\u00f6sung bei hochstabilen Temperaturen verdampft wird. Unabh\u00e4ngige Labor-Thermobilduntersuchungen zeigen, dass Maschennetze eine Abweichung von weniger als 3\u00a0% \u00fcber die Heizfl\u00e4che hinweg aufrechterhalten, was zu einem deutlich gleichm\u00e4\u00dfigeren, konsistenteren Zug f\u00fchrt, w\u00e4hrend gleichzeitig das vorzeitige Verbrennen des internen Dochtmaterials aktiv verhindert wird.<\/p>\n<\/div>\n<h3 style=\"color: #2980b9; margin-top: 25px;\">Empirische Leistungsmetriken und technische Merkmale<\/h3>\n<p style=\"font-size: 16px; text-align: justify;\">Um sicherzustellen, dass unsere Einzelhandelspartner die genauen F\u00e4higkeiten der E- Vapes, die sie f\u00fchren, verstehen, stellen wir transparente, empirisch validierte Spezifikationen bereit. Die Langlebigkeit und Zuverl\u00e4ssigkeit dieser Einweg-E- Vapes beruhen auf spezifischen, messbaren Hardware-Komponenten.<\/p>\n<table style=\"border-collapse: collapse; width: 100%; margin: 25px 0; font-size: 15px; box-shadow: 0 0 20px rgba(0, 0, 0, 0.05); background-color: #fff;\">\n<thead>\n<tr style=\"background-color: #2c3e50; color: #ffffff; text-align: left;\">\n<th style=\"padding: 15px; border: 1px solid #ddd;\">Technischer Parameter<\/th>\n<th style=\"padding: 15px; border: 1px solid #ddd;\">Empirische Spezifikation \/ Validierung<\/th>\n<\/tr>\n<\/thead>\n<tbody>\n<tr style=\"border-bottom: 1px solid #ddd; background-color: #f9f9f9;\">\n<td style=\"padding: 15px; font-weight: bold; color: #333;\">Speicherkapazit\u00e4t<\/td>\n<td style=\"padding: 15px; color: #555;\">14 ml (Pr\u00e4zisionsabf\u00fcllung durch automatisierte, ISO-zertifizierte Reinraumfertigung)<\/td>\n<\/tr>\n<tr style=\"border-bottom: 1px solid #ddd;\">\n<td style=\"padding: 15px; font-weight: bold; color: #333;\">Batteriearchitektur<\/td>\n<td style=\"padding: 15px; color: #555;\">500mAh Lithium-Ionen-Zelle (Getestet f\u00fcr stabile 3,6V Ausgangsspannung \u00fcber den Entladungszyklus)<\/td>\n<\/tr>\n<tr style=\"border-bottom: 1px solid #ddd; background-color: #f9f9f9;\">\n<td style=\"padding: 15px; font-weight: bold; color: #333;\">Ladeschnittstelle<\/td>\n<td style=\"padding: 15px; color: #555;\">Typ-C-USB-Anschluss (standardisierte 5V\/1A-Eingang f\u00fcr schnelles, thermisch sicheres Aufladen)<\/td>\n<\/tr>\n<tr style=\"border-bottom: 1px solid #ddd;\">\n<td style=\"padding: 15px; font-weight: bold; color: #333;\">Pneumatische Steuerung<\/td>\n<td style=\"padding: 15px; color: #555;\">Vollst\u00e4ndig anpassbarer Luftstrom (Erm\u00f6glicht \u00dcberg\u00e4nge von eingeschr\u00e4nkten Direktlungen- zu engen Mund-zu-Lungen-Z\u00fcgen)<\/td>\n<\/tr>\n<tr style=\"border-bottom: 1px solid #ddd; background-color: #f9f9f9;\">\n<td style=\"padding: 15px; font-weight: bold; color: #333;\">Leistungsertrag<\/td>\n<td style=\"padding: 15px; color: #555;\">Bis zu 7000 Ziehaktivierungen (Validiert durch pneumatische Simulationsmaschinen unter Verwendung standardm\u00e4\u00dfiger 1,5-Sekunden-Inhalationsparameter)<\/td>\n<\/tr>\n<tr style=\"border-bottom: 1px solid #ddd;\">\n<td style=\"padding: 15px; font-weight: bold; color: #333;\">Wholesale Packaging<\/td>\n<td style=\"padding: 15px; color: #555;\">10 Einheiten pro Einzelhandels-Display-Box (Optimiert f\u00fcr Verkaufseffizienz und Bestandsverfolgung)<\/td>\n<\/tr>\n<\/tbody>\n<\/table>\n<h2 style=\"color: #2c3e50; border-bottom: 2px solid #3498db; padding-bottom: 10px; margin-top: 40px;\">Sensorische Profile der DOLODA DB7000 Puffs<\/h2>\n<p style=\"font-size: 16px; text-align: justify;\">Der Erfolg jedes Einweg-Vapes beruht stark auf der Qualit\u00e4t und Konsistenz seiner sensorischen Ausgabe. Die Formulierungen innerhalb dieser Ger\u00e4te werden unter Verwendung von hochreinen, lebensmitteltauglichen botanischen Extrakten und fortschrittlichen aromatischen Verbindungen hergestellt. Das resultierende Sortiment bietet acht sorgf\u00e4ltig ausbalancierte Profile, die darauf abzielen, die vielf\u00e4ltigen Vorlieben erwachsener Nutzer zu befriedigen, ohne dass es im Laufe der Lebensdauer des 14-ml-Reservoirs zu einer Verschlechterung kommt.<\/p>\n<ul style=\"list-style-type: none; padding-left: 0; font-size: 16px;\">\n<li style=\"margin-bottom: 15px; padding: 15px; background-color: #fcfcfc; border-left: 4px solid #e74c3c; box-shadow: 0 1px 3px rgba(0,0,0,0.1);\"><strong style=\"color: #2c3e50; font-size: 18px;\">\u00dcppiges Eis:<\/strong> Eine erfrischende Synthese von sommerlichen Wassermelonen-Botanicals, verfeinert mit einer knackigen, wissenschaftlich ausgewogenen k\u00fchlenden Menthol-Empfindung, die den Gaumen stimuliert.<\/li>\n<li style=\"margin-bottom: 15px; padding: 15px; background-color: #fcfcfc; border-left: 4px solid #8e44ad; box-shadow: 0 1px 3px rgba(0,0,0,0.1);\"><strong style=\"color: #2c3e50; font-size: 18px;\">Blaues Razz-Eis:<\/strong> Eine komplexe, s\u00e4uerliche blaue Himbeeraromatik, die durch eine gek\u00fchlte, cremige Untert\u00f6ne f\u00fcr eine h\u00f6chst konsistente, s\u00fc\u00dfe Ausatmung gegl\u00e4ttet wird.<\/li>\n<li style=\"margin-bottom: 15px; padding: 15px; background-color: #fcfcfc; border-left: 4px solid #e67e22; box-shadow: 0 1px 3px rgba(0,0,0,0.1);\"><strong style=\"color: #2c3e50; font-size: 18px;\">Erdbeer-Wassermelone:<\/strong> Eine harmonische, zweit\u00f6nige Fusion, die das Wesen von vollreifem Erdbeeren mit dem leichten, s\u00fc\u00dfen Profil von nat\u00fcrlichen Wassermelonen-Extrakten kombiniert.<\/li>\n<li style=\"margin-bottom: 15px; padding: 15px; background-color: #fcfcfc; border-left: 4px solid #9b59b6; box-shadow: 0 1px 3px rgba(0,0,0,0.1);\"><strong style=\"color: #2c3e50; font-size: 18px;\">Traubeneis:<\/strong> Tiefere, robuste Weinberg-Trauben-Merkmale, fachm\u00e4nnisch mit einer eisigen Abklingnote kombiniert, formuliert, um aromatische Erm\u00fcdung bei verl\u00e4ngertem Gebrauch zu verhindern.<\/li>\n<li style=\"margin-bottom: 15px; padding: 15px; background-color: #fcfcfc; border-left: 4px solid #f1c40f; box-shadow: 0 1px 3px rgba(0,0,0,0.1);\"><strong style=\"color: #2c3e50; font-size: 18px;\">Erdbeere Banane:<\/strong> Eine samtige, glatte Mischung aus reifen Bananennoten, die mit hellen, s\u00fc\u00dfen Erdbeeraromen verwoben sind, um ein ausgewogenes, dichtes Aerosol zu erzeugen.<\/li>\n<li style=\"margin-bottom: 15px; padding: 15px; background-color: #fcfcfc; border-left: 4px solid #1abc9c; box-shadow: 0 1px 3px rgba(0,0,0,0.1);\"><strong style=\"color: #2c3e50; font-size: 18px;\">Gummib\u00e4r:<\/strong> Ein nostalgisches, von S\u00fc\u00dfwaren inspiriertes Profil, das die vielschichtigen, s\u00fc\u00dfen Empfindungen traditioneller Fruchtbonbons genau einf\u00e4ngt.<\/li>\n<li style=\"margin-bottom: 15px; padding: 15px; background-color: #fcfcfc; border-left: 4px solid #c0392b; box-shadow: 0 1px 3px rgba(0,0,0,0.1);\"><strong style=\"color: #2c3e50; font-size: 18px;\">Doppelte \u00c4pfel:<\/strong> Eine robuste, vollmundige Kombination, die die scharfe Knackigkeit von gr\u00fcnen \u00c4pfeln mit der milden S\u00fc\u00dfe von roten Apfelsorten ausbalanciert.<\/li>\n<li style=\"margin-bottom: 15px; padding: 15px; background-color: #fcfcfc; border-left: 4px solid #f39c12; box-shadow: 0 1px 3px rgba(0,0,0,0.1);\"><strong style=\"color: #2c3e50; font-size: 18px;\">Pina Colada:<\/strong> Eine \u00e4u\u00dferst pr\u00e4zise tropische Kombination unter Verwendung von scharfem Ananas-Extrakt, gegl\u00e4ttet durch reiche, cremige Kokos-Aromen.<\/li>\n<\/ul>\n<h3 style=\"color: #2980b9; margin-top: 40px;\">Sicherheit, Compliance und warum Sie DOLODA w\u00e4hlen sollten<\/h3>\n<p style=\"font-size: 16px; text-align: justify;\">Vertrauen in die Lieferkette ist von gr\u00f6\u00dfter Bedeutung bei der Verarbeitung von elektronischem Hardware. Die DOLODA DB7000 Puffs werden unter Verwendung von lebensmitteltauglichen PCTG-Kunststoffen f\u00fcr das Reservoirgeh\u00e4use hergestellt, um eine vollst\u00e4ndige chemische Stabilit\u00e4t zu gew\u00e4hrleisten und ein Auslaugen in die Formulierung zu verhindern. Dar\u00fcber hinaus enth\u00e4lt die interne Leiterplatte (PCB) integrierte Sicherheitsprotokolle: \u00dcberladungsschutz, Kurzschlussschutz und Niederspannungsabschaltung. Diese Konformit\u00e4tsma\u00dfnahmen entsprechen den internationalen CE- und RoHS-Richtlinien, was bedeutet, dass dieses Einweg-Vape-Ger\u00e4t nicht nur ein einfaches und zuverl\u00e4ssiges Ger\u00e4t ist, sondern auch eines, das mit grundlegender Verbrauchersicherheit als Priorit\u00e4t entwickelt wurde. Es gibt absolut keine Probleme bez\u00fcglich komplexer Wartung; Endnutzer laden einfach die 500mAh-Zelle bei Bedarf \u00fcber Type-C auf, bis die 14ml-Formulierung aufgebraucht ist. Es ist die ultimative L\u00f6sung f\u00fcr den t\u00e4glichen Transport.<\/p>\n<div style=\"text-align: center; margin: 40px 0;\"><a style=\"font-size: 16px; display: inline-block; transition: transform 0.3s ease;\" href=\"https:\/\/vapexyz.com\/wp-content\/uploads\/2024\/03\/DOLODA_DB7000puffs_7-1.jpg\"><br \/>\n<img loading=\"lazy\" decoding=\"async\" class=\"alignnone wp-image-17162 size-full\" style=\"max-width: 100%; height: auto; border-radius: 8px; box-shadow: 0 4px 15px rgba(0,0,0,0.1);\" src=\"https:\/\/vapexyz.com\/wp-content\/uploads\/2024\/03\/DOLODA_DB7000puffs_7-1.jpg\" alt=\"DOLODA DB7000 Puffs 0% 2% 3% 5% St\u00e4rkebulk-Einkauf Aufladbare Einweg-Pod\" width=\"750\" height=\"950\" title=\"\" srcset=\"https:\/\/vapexyz.com\/wp-content\/uploads\/2024\/03\/DOLODA_DB7000puffs_7-1.jpg 750w, https:\/\/vapexyz.com\/wp-content\/uploads\/2024\/03\/DOLODA_DB7000puffs_7-1-395x500.jpg 395w, https:\/\/vapexyz.com\/wp-content\/uploads\/2024\/03\/DOLODA_DB7000puffs_7-1-9x12.jpg 9w, https:\/\/vapexyz.com\/wp-content\/uploads\/2024\/03\/DOLODA_DB7000puffs_7-1-600x760.jpg 600w, https:\/\/vapexyz.com\/wp-content\/uploads\/2024\/03\/DOLODA_DB7000puffs_7-1-148x187.jpg 148w\" sizes=\"auto, (max-width: 750px) 100vw, 750px\" \/><br \/>\n<\/a><\/div>\n<h2 style=\"color: #2c3e50; border-bottom: 2px solid #3498db; padding-bottom: 10px; margin-top: 40px;\">Gro\u00dfhandelsvertriebsbeh\u00f6rde: Beschaffung von Einweg-E-Zigaretten mit VapeXYZ<\/h2>\n<p style=\"font-size: 16px; text-align: justify;\">F\u00fcr Einzelhandelsgesch\u00e4fte, Convenience-Stores und spezialisierte Boutiquen ist die Sicherstellung einer konstanten Lieferung schnelllebiger Konsumg\u00fcter von entscheidender Bedeutung. VapeXYZ spezialisiert sich auf die Lieferung von Einweg-Vapes in gro\u00dfen Mengen und h\u00e4lt strenge Qualit\u00e4tskontrollprotokolle im Lager vor dem Versand jeder Lieferung aufrecht. Da die DOLODA DB7000 Puffs bequem mit 10 St\u00fcck pro Display-Box verpackt sind, ist sie sofort nach dem Auspacken f\u00fcr die Einzelhandelsregale bereit. Unsere achtj\u00e4hrige Betriebserfahrung hat es uns erm\u00f6glicht, unser globales Logistiknetzwerk zu perfektionieren, was garantiert, dass VapeXYZ schnell, sicher und zuverl\u00e4ssig an Ihre Ladenfront liefert. Wir \u00fcbernehmen die Komplexit\u00e4t des Gro\u00dfbezugs, damit Sie sich vollst\u00e4ndig auf die Bedienung Ihrer Kundenbasis mit Premium-Vapes konzentrieren k\u00f6nnen.<\/p>\n<h2 style=\"color: #2c3e50; border-bottom: 2px solid #3498db; padding-bottom: 10px; margin-top: 40px;\">Wichtige Punkte H\u00e4ufig gestellte Fragen (FAQ)<\/h2>\n<div style=\"margin-top: 20px;\">\n<details style=\"margin-bottom: 15px; border: 1px solid #e0e0e0; border-radius: 6px; background-color: #fafafa; overflow: hidden;\">\n<summary style=\"font-weight: 600; font-size: 16px; color: #333; cursor: pointer; padding: 15px; background-color: #f1f1f1; outline: none; transition: background-color 0.2s ease;\">Wie wird die Messgr\u00f6\u00dfe \u201c7000 Puffs\u201d empirisch validiert?<\/summary>\n<div style=\"padding: 15px; font-size: 15px; color: #555; background-color: #fff; border-top: 1px solid #e0e0e0;\">Die Anzahl der Z\u00fcge wird durch strenge Labortests unter Verwendung automatisierter pneumatischer Maschinen ermittelt. Diese Maschinen ziehen Aerosol aus der Einweg-E-Zigarette f\u00fcr genau 1,5 Sekunden pro Aktivierung. Es ist wichtig zu beachten, dass individuelle Benutzergewohnheiten - wie l\u00e4ngere Inhalationszeiten - nat\u00fcrlich zu einer geringeren Gesamtzahl f\u00fchren k\u00f6nnen, da mehr der 14 ml internen Kapazit\u00e4t pro Zug verbraucht wird.<\/div>\n<\/details>\n<details style=\"margin-bottom: 15px; border: 1px solid #e0e0e0; border-radius: 6px; background-color: #fafafa; overflow: hidden;\">\n<summary style=\"font-weight: 600; font-size: 16px; color: #333; cursor: pointer; padding: 15px; background-color: #f1f1f1; outline: none; transition: background-color 0.2s ease;\">Wie hoch ist die Mindestbestellmenge (MOQ) f\u00fcr den Gro\u00dfkauf?<\/summary>\n<div style=\"padding: 15px; font-size: 15px; color: #555; background-color: #fff; border-top: 1px solid #e0e0e0;\">VapeXYZ ben\u00f6tigt eine Mindestbestellmenge von nur 10 St\u00fcck f\u00fcr diese speziellen Vapes. Praktischerweise ist das DOLODA DB7000 Puffs genau in einer Display-Box mit 10 Einheiten verpackt, wodurch eine einzelne Box die Mindestbestellung darstellt. Dies erm\u00f6glicht eine hervorragende Skalierbarkeit f\u00fcr Unternehmen aller Gr\u00f6\u00dfen, um neue Produkte ohne massive Vorabinvestitionen zu testen.<\/div>\n<\/details>\n<details style=\"margin-bottom: 15px; border: 1px solid #e0e0e0; border-radius: 6px; background-color: #fafafa; overflow: hidden;\">\n<summary style=\"font-weight: 600; font-size: 16px; color: #333; cursor: pointer; padding: 15px; background-color: #f1f1f1; outline: none; transition: background-color 0.2s ease;\">Wie funktioniert der einstellbare Luftstrommechanismus bei diesem Einweg-Vape?<\/summary>\n<div style=\"padding: 15px; font-size: 15px; color: #555; background-color: #fff; border-top: 1px solid #e0e0e0;\">Das Ger\u00e4t verf\u00fcgt \u00fcber einen mechanischen Schalter an der Basis, der den Lufteinlass physikalisch einschr\u00e4nkt oder \u00f6ffnet. Durch vollst\u00e4ndiges \u00d6ffnen der L\u00fcftung kann ein k\u00fchlerer, luftigerer Zug mit gr\u00f6\u00dferer Aerosolproduktion erzielt werden (ideal f\u00fcr eingeschr\u00e4nkte Direktlungen-Styles), w\u00e4hrend das Schlie\u00dfen einen w\u00e4rmeren, engeren Zug bietet, der die traditionelle Inhalationswiderstand simuliert.<\/div>\n<\/details>\n<details style=\"margin-bottom: 15px; border: 1px solid #e0e0e0; border-radius: 6px; background-color: #fafafa; overflow: hidden;\">\n<summary style=\"font-weight: 600; font-size: 16px; color: #333; cursor: pointer; padding: 15px; background-color: #f1f1f1; outline: none; transition: background-color 0.2s ease;\">Welche sind die richtigen Ladeprotokolle f\u00fcr die 500mAh-Batterie?<\/summary>\n<div style=\"padding: 15px; font-size: 15px; color: #555; background-color: #fff; border-top: 1px solid #e0e0e0;\">Das Ger\u00e4t verwendet einen standardm\u00e4\u00dfigen Typ-C-Anschluss. F\u00fcr eine optimale Langlebigkeit und zur Wahrung der Integrit\u00e4t der Lithium-Ionen-Zelle wird dringend empfohlen, einen standardm\u00e4\u00dfigen 5V\/1A-Netzadapter zu verwenden. Vermeiden Sie die Verwendung von Hochleistungs-Schnellladeger\u00e4ten (wie z.B. Laptop-Ladeger\u00e4ten), da die interne Schaltung f\u00fcr einen stetigen, niederstromigen Stromfluss optimiert ist, um eine thermische \u00dcberlastung zu verhindern.<\/div>\n<\/details>\n<details style=\"margin-bottom: 15px; border: 1px solid #e0e0e0; border-radius: 6px; background-color: #fafafa; overflow: hidden;\">\n<summary style=\"font-weight: 600; font-size: 16px; color: #333; cursor: pointer; padding: 15px; background-color: #f1f1f1; outline: none; transition: background-color 0.2s ease;\">Sind diese Vapes mit internationalen Herstellungsstandards konform?<\/summary>\n<div style=\"padding: 15px; font-size: 15px; color: #555; background-color: #fff; border-top: 1px solid #e0e0e0;\">Ja. Bei VapeXYZ stellen wir sicher, dass unsere Herstellungspartner ISO-Zertifizierungen f\u00fcr ihre Reinraumumgebungen besitzen. Dar\u00fcber hinaus entsprechen die elektronischen Komponenten innerhalb des DOLODA DB7000 den CE- und RoHS-Normen, was gew\u00e4hrleistet, dass bei der Konstruktion der Mikroelektronik keine gef\u00e4hrlichen Materialien verwendet werden und dass die europ\u00e4ischen Sicherheitsstandards erf\u00fcllt sind.<\/div>\n<\/details>\n<\/div>\n<\/article>","protected":false},"excerpt":{"rendered":"<p>Der DOLODA DB7000 Puffs wiederaufladbare Einweg-Vape-Pod, erh\u00e4ltlich bei Vapexyz, bietet ein hochkapazitives, anpassbares Vapingerlebnis mit acht verschiedenen Geschmacksrichtungen und mehreren Vape-St\u00e4rken, ausgestattet mit einer wiederaufladbaren 500mAh-Batterie und Mesh-Coil-Technologie f\u00fcr einen durchweg reinen Geschmack.<\/p>","protected":false},"featured_media":26665,"comment_status":"open","ping_status":"closed","template":"","meta":{"_lmt_disableupdate":"no","_lmt_disable":""},"product_brand":[],"product_cat":[1010,1018,1019,1020,935,934,927,929,928,930,933,939,932,938,931,936,937,1017,1022,946,825,1023,1025,951,1028,1034,953,1037,987,1038],"product_tag":[858],"class_list":{"0":"post-17163","1":"product","2":"type-product","3":"status-publish","4":"has-post-thumbnail","6":"product_cat-7000-puff-vapes","7":"product_cat-apple-flavor-disposable-vapes","8":"product_cat-blue-razz-flavor-disposable-vapes","9":"product_cat-blueberry-flavor-disposable-vapes","10":"product_cat-bulk-buy-disposable-vapes-in-austria","11":"product_cat-bulk-buy-disposable-vapes-in-belgium","12":"product_cat-bulk-buy-disposable-vapes-in-europe","13":"product_cat-bulk-buy-disposable-vapes-in-france","14":"product_cat-bulk-buy-disposable-vapes-in-germany","15":"product_cat-bulk-buy-disposable-vapes-in-italy","16":"product_cat-bulk-buy-disposable-vapes-in-netherlands","17":"product_cat-bulk-buy-disposable-vapes-in-norway","18":"product_cat-bulk-buy-disposable-vapes-in-poland","19":"product_cat-bulk-buy-disposable-vapes-in-portugal","20":"product_cat-bulk-buy-disposable-vapes-in-spain","21":"product_cat-bulk-buy-disposable-vapes-in-sweden","22":"product_cat-bulk-buy-disposable-vapes-in-switzerland","23":"product_cat-buy-best-disposable-vape-flavors","24":"product_cat-cola-flavor-disposable-vapes","25":"product_cat-disposable-vapes-series","26":"product_cat-doloda","27":"product_cat-grape-flavor-disposable-vapes","28":"product_cat-ice-flavor-disposable-vapes","29":"product_cat-lower-nicotine-vapes","30":"product_cat-lush-flavor-disposable-vapes","31":"product_cat-pineapple-flavor-disposable-vapes","32":"product_cat-rechargeable-vapes","33":"product_cat-strawberry-flavor-disposable-vapes","34":"product_cat-vape-shop-by-puffs","35":"product_cat-watermelon-flavor-disposable-vapes","36":"product_tag-featured-products","38":"first","39":"outofstock","40":"shipping-taxable","41":"purchasable","42":"product-type-variable","43":"has-default-attributes"},"jetpack_sharing_enabled":true,"tiered_pricing_type":"fixed","tiered_pricing_fixed_rules":[],"tiered_pricing_product_settings":{"layout":"default","base_unit_name":{"singular":null,"plural":null},"default_variation":null},"tiered_pricing_minimum_quantity":null,"tiered_pricing_roles_data":[],"tiered_pricing_percentage_rules":[],"tiered_pricing_maximum_quantity":null,"tiered_pricing_quantity_step":null,"_links":{"self":[{"href":"https:\/\/vapexyz.com\/de\/wp-json\/wp\/v2\/product\/17163","targetHints":{"allow":["GET"]}}],"collection":[{"href":"https:\/\/vapexyz.com\/de\/wp-json\/wp\/v2\/product"}],"about":[{"href":"https:\/\/vapexyz.com\/de\/wp-json\/wp\/v2\/types\/product"}],"replies":[{"embeddable":true,"href":"https:\/\/vapexyz.com\/de\/wp-json\/wp\/v2\/comments?post=17163"}],"wp:featuredmedia":[{"embeddable":true,"href":"https:\/\/vapexyz.com\/de\/wp-json\/wp\/v2\/media\/26665"}],"wp:attachment":[{"href":"https:\/\/vapexyz.com\/de\/wp-json\/wp\/v2\/media?parent=17163"}],"wp:term":[{"taxonomy":"product_brand","embeddable":true,"href":"https:\/\/vapexyz.com\/de\/wp-json\/wp\/v2\/product_brand?post=17163"},{"taxonomy":"product_cat","embeddable":true,"href":"https:\/\/vapexyz.com\/de\/wp-json\/wp\/v2\/product_cat?post=17163"},{"taxonomy":"product_tag","embeddable":true,"href":"https:\/\/vapexyz.com\/de\/wp-json\/wp\/v2\/product_tag?post=17163"}],"curies":[{"name":"wp","href":"https:\/\/api.w.org\/{rel}","templated":true}]}}