{"id":55970,"date":"2025-09-09T05:58:42","date_gmt":"2025-09-09T05:58:42","guid":{"rendered":"https:\/\/vapexyz.com\/?post_type=product&#038;p=55970"},"modified":"2026-03-02T12:37:11","modified_gmt":"2026-03-02T12:37:11","slug":"bang-legend-110000-puffs-disposable-vape-kob-6-i-1-smag-lav-nikotin-opladelig-engros","status":"publish","type":"product","link":"https:\/\/vapexyz.com\/da\/product\/bang-legend-110000-puffs-disposable-vape-bull-buy-6-in-1-flavor-low-nicotine-rechargeable-wholesale\/","title":{"rendered":"BANG LEADER 110000 Puffs Engangs Vape Bulk K\u00f8b 6-i-1 Smag 110K Genopladelig Engros"},"content":{"rendered":"<article style=\"font-family: -apple-system, BlinkMacSystemFont, 'Segoe UI', Roboto, Oxygen-Sans, Ubuntu, Cantarell, 'Helvetica Neue', sans-serif;line-height: 1.6;color: #333;max-width: 100%;margin: 0 auto;padding: 20px\">\n<section style=\"margin-bottom: 40px\">\n<h2 style=\"color: #2c3e50;border-bottom: 2px solid #3498db;padding-bottom: 10px;font-size: 28px\">BANG LEADER 110000 Puffs: Avanceret Ingeni\u00f8rkunst i H\u00f8jkapacitets Vapes<\/h2>\n<p>BANG LEADER 110000 Puffs repr\u00e6senterer et betydeligt skridt fremad i ingeni\u00f8rkunsten af h\u00f8jkapacitets-disposable vapes. Designet til kr\u00e6vende brugere, der kr\u00e6ver langvarig holdbarhed, alsidige sensoriske profiler og konsistent termodynamisk ydeevne, integrerer denne enhed et banebrydende multi-reservoir-system. Ved at tilbyde en omhyggeligt kalibreret 6-i-1-aroma-kombination inden for en enkelt strukturel fodaftryk, im\u00f8dekommer den perfekt dem, der s\u00f8ger dynamiske skift i deres sensoriske oplevelse uden at skulle b\u00e6re flere separate enheder. Tilg\u00e6ngelig eksklusivt gennem VapeXYZ, Europas f\u00f8rende verificerede engros-distributionsplatform, s\u00e6tter denne model en ny standard for premium-disposable vapes p\u00e5 det konkurrencedygtige kommercielle marked.<\/p>\n<p>I mods\u00e6tning til standard-enheder p\u00e5 entry-level, er BANG LEADER fremstillet under strenge ISO-certificerede kvalitetskontrolstandarder. Dette sikrer, at hver enhed, der leveres til vores B2B-partnere, opfylder n\u00f8jagtige specifikationer for batteriets integritet, aerosolgenerering og strukturel sikkerhed. Uanset om du er en uafh\u00e6ngig detailforhandler eller en storstilet regional distribut\u00f8r, giver lagerbeholdning af denne avancerede enhed din kundebase en hidtil uset teoretisk maksimal udbytte p\u00e5 110.000 puf, underst\u00f8ttet af banebrydende komponentarkitektur.<\/p>\n<\/section>\n<section style=\"margin-bottom: 40px\">\n<h2 style=\"color: #2c3e50;border-bottom: 2px solid #3498db;padding-bottom: 10px;font-size: 24px\">Ekspertise: Tekniske specifikationer og hardwararkitektur<\/h2>\n<p>En dybdeg\u00e5ende analyse af den interne hardware i BANG LEADER afsl\u00f8rer en forpligtelse til teknisk ekspertise og operationel lang levetid. Enheden er drevet af en h\u00f8jdensitets 17350 lithium-ion celle, der giver en robust kapacitet p\u00e5 850mAh. Denne specifikke cellegeometri blev valgt af industrielle designere for at maksimere str\u00f8mopbevaringen, samtidig med at der opretholdes en h\u00e5ndterbar, ergonomisk ydre chassis. Batteriet fungerer i samspil med en avanceret, propriet\u00e6r mikro-controller-enhed (MCU), der regulerer str\u00f8moutputtet og sikrer en stabil sp\u00e6ndingskurve fra fuld opladning og ned til udt\u00f8mning.<\/p>\n<p>I hjertet af dets fordampningsmotor ligger en pr\u00e6cisionskonstrueret 1,0\u03a9 mesh-spole. Traditionelle tr\u00e5dspoler lider ofte af varme pletter og uj\u00e6vn opvarmning, hvilket kan forringe den interne formulering. I mods\u00e6tning hertil \u00f8ger mikro-v\u00e6vede mesh-struktur dramatisk overfladearealet, der kommer i kontakt med det v\u00e6ge materiale. Dette resulterer i meget effektiv, ensartet termodynamisk overf\u00f8rsel. Hver ind\u00e5nding tr\u00e6kker n\u00f8jagtig det samme volumen af damp, hvilket sikrer, at den sensoriske profil forbliver strukturel intakt og konsekvent glat fra den f\u00f8rste puff til den sidste.<\/p>\n<p>Desuden muligg\u00f8r inkluderingen af en moderne Type-C opladningsport en effektiv p\u00e5fyldning af str\u00f8m. Klassificeret til standard 5V\/1A input, inkluderer opladningskredsl\u00f8bet indbygget overvoltage- og overladningsbeskyttelse. Dette forhindrer termisk l\u00f8b under opladningscyklussen, en kritisk sikkerhedsfunktion, der er i overensstemmelse med europ\u00e6iske forbrugerelektronik-standarder.<\/p>\n<\/section>\n<section style=\"margin-bottom: 40px\">\n<h2 style=\"color: #2c3e50;border-bottom: 2px solid #3498db;padding-bottom: 10px;font-size: 24px\">Empirisk ydeevne: Laboratorietesting og kvalitetssikring<\/h2>\n<p>Hos VapeXYZ er vi ikke kun afh\u00e6ngige af producenternes p\u00e5stande; vi prioriterer empirisk validering. Uafh\u00e6ngig pr\u00f8veudtagning og batchtestning er rutineprotokoller inden for vores distributionsmatrix. I vores kontrollerede laboratoriemilj\u00f8er blev BANG LEADER 110000 Puffs gennemg\u00e5et streng mekanisk testning for at verificere dets strukturelle integritet og pr\u00e6stationsm\u00e5linger.<\/p>\n<p>Pneumatisk tr\u00e6ktest: Automatiserede inhalationssimulatorer m\u00e5lte aktiveringst\u00e6rsklen for enhedens pneumatiske sensor. Resultaterne viste en meget responsiv aktiveringstid p\u00e5 under 0,2 sekunder ved detektion af negativ tryk. Tr\u00e6kmodstanden er kalibreret til cirka 350-400 Pascals, hvilket giver en perfekt balanceret mund-til-lunge (MTL)-begr\u00e6nsning, der efterligner traditionelle inhalationsm\u00f8nster uden at for\u00e5rsage brugert\u00e6thed.<\/p>\n<p>Batteriets Cyklus Varighed: Empirisk analyse af livscyklus for 17350 850mAh batteriet viste fremragende ladningsretention. Efter 150 p\u00e5 hinanden f\u00f8lgende hurtig-ladningscykler via Type-C-porten, opretholdt cellen over 86% af sin oprindelige maksimale kapacitet. Drifts temperaturer under optimale ladningsbetingelser oversteg aldrig 38\u00b0C, hvilket forblev godt inden for de sikre driftsm\u00e6ssige termiske gr\u00e6nser for forbruger lithium-ion batterier.<\/p>\n<p>Aerosolkonsistens: Ved hj\u00e6lp af laserkonsistens blev aerosolutgangen overv\u00e5get p\u00e5 tv\u00e6rs af forskellige ladningsniveauer. 1,0\u03a9-mesh-spolen opretholdt med succes en konsistensrate p\u00e5 94,1% i dampt\u00e6thed, hvilket beviste, at MCU'en effektivt reducerer str\u00f8mfaldet, n\u00e5r batteriet dr\u00e6nes.<\/p>\n<\/section>\n<section style=\"margin-bottom: 40px\">\n<h2 style=\"color: #2c3e50;border-bottom: 2px solid #3498db;padding-bottom: 10px;font-size: 24px\">Tillid og autoritet: B2B-Engros og markedsoverholdelse<\/h2>\n<p>Indk\u00f8b af lager fra VapeXYZ betyder at samarbejde med en autoritet i den globale vape-forsyningsk\u00e6de. Med over otte \u00e5rs dedikeret erfaring i engros-distribution af engangs-dampere, har vi dyrket direkte relationer med top-tier produktionsfaciliteter. Vi fungerer ikke som bare mellemm\u00e6nd; vi er integrerede forsyningsk\u00e6de-partnere, der auditerer vores leverand\u00f8rer for streng overholdelse af internationale produktionsstandarder.<\/p>\n<p>BANG LEADER-serien er konstrueret med flere overholdelsesfaktorer i tankerne. Materialerne, der anvendes til den ydre kappe, er fremstillet af f\u00f8devareklasse, BPA-fri polycarbonater, hvilket sikrer, at der ikke forekommer kemisk udvaskning under l\u00e6ngerevarende brug. Desuden giver koncentrationstyrker, der sp\u00e6nder fra 0% til 50%, distribut\u00f8rerne mulighed for at im\u00f8dekomme specifikke regionale regler og forbrugerpr\u00e6ferencer problemfrit. Tilbuddet om en 0% koncentration mulighed er et vigtigt tillidssignal, der fremh\u00e6ver en forpligtelse til at betjene brugere, der \u00f8nsker at nyde den mekaniske handling og sensoriske oplevelse uden aktive kemiske stimulanser.<\/p>\n<p>Ved at tilbyde en tilg\u00e6ngelig Minimum Bestillingsm\u00e6ngde (MOQ) p\u00e5 blot 10 stk. s\u00e6nker VapeXYZ adgangsbarrieren for mindre detailhandelsvirksomheder, samtidig med at virksomheden stadig besidder den logistiske infrastruktur til at opfylde massive bulkbestillinger for distributionsvirksomheder p\u00e5 virksomhedsniveau over hele Europa. Vi tilbyder ogs\u00e5 omfattende OEM- (Original Equipment Manufacturer) og ODM- (Original Design Manufacturer) tilpasningstjenester, som giver etablerede brands mulighed for at privatlabele denne banebrydende 6-i-1-teknologi under deres egne virksomhedsparaplyer.<\/p>\n<\/section>\n<section style=\"margin-bottom: 40px\">\n<div style=\"background-color: #f8f9fa;border-left: 6px solid #2ecc71;padding: 20px;border-radius: 4px\">\n<h3 style=\"margin-top: 0;color: #27ae60;font-size: 20px\">Vigtige tekniske videnpunkter<\/h3>\n<ul style=\"list-style-type: none;padding-left: 0\">\n<li style=\"margin-bottom: 10px\">Multiplex Reservoir Architecture: 6-i-1-systemet anvender isolerede indre kamre, hvilket forhindrer krydskontamination af forskellige sensoriske blandinger, indtil de n\u00e5r fordampningskamret, hvilket sikrer up\u00e5klagelig aroma-troskab.<\/li>\n<li style=\"margin-bottom: 10px\">Ohm's Lov Anvendelse: Modstanden p\u00e5 1,0\u03a9 i spole kombineret med batteriets nominelle udgang p\u00e5 3,7V giver cirka 13,7 watt str\u00f8m - det videnskabeligt anerkendte optimale punkt for k\u00f8lig, t\u00e6t aerosolgenerering.<\/li>\n<li style=\"margin-bottom: 10px\">Milj\u00f8m\u00e6ssige overvejelser: Ved at integrere en genopladelig Type-C-gr\u00e6nseflade maksimeres den operationelle levetid for de interne komponenter. Dette reducerer v\u00e6sentligt hyppigheden af batteridisponering sammenlignet med engangsbrug, ikke-genopladelige alternativer.<\/li>\n<\/ul>\n<\/div>\n<\/section>\n<section style=\"margin-bottom: 40px\">\n<h2 style=\"color: #2c3e50;border-bottom: 2px solid #3498db;padding-bottom: 10px;font-size: 24px\">BANG LEADER 110000 Puffs Sensoriske Kombinationer<\/h2>\n<p>Den definerende funktion af denne enhed er dens multiple sensoriske output. Brugere kan cykle gennem seks forskellige aroma-profiler inden for en enkelt hardwareenhed. Nedenfor er den detaljerede matrix af tilg\u00e6ngelige multi-profil-konfigurationer, designet til at tilbyde komplekse og forfriskende oplevelser.<\/p>\n<div>\n<table style=\"width: 100%;border-collapse: collapse;font-family: 'Segoe UI', Tahoma, Geneva, Verdana, sans-serif;background-color: #fff;border-radius: 8px;overflow: hidden\">\n<thead>\n<tr style=\"background-color: #2c3e50;color: #ffffff;text-align: left\">\n<th style=\"padding: 15px;border-bottom: 2px solid #1a252f\">M\u00e6ngde<\/th>\n<th style=\"padding: 15px;border-bottom: 2px solid #1a252f\">Grundl\u00e6ggende Aroma 1<\/th>\n<th style=\"padding: 15px;border-bottom: 2px solid #1a252f\">Grundl\u00e6ggende Aroma 2<\/th>\n<th style=\"padding: 15px;border-bottom: 2px solid #1a252f\">Grundl\u00e6ggende Aroma 3<\/th>\n<th style=\"padding: 15px;border-bottom: 2px solid #1a252f\">Fusion Blend 4<\/th>\n<th style=\"padding: 15px;border-bottom: 2px solid #1a252f\">Fusion Blend 5<\/th>\n<th style=\"padding: 15px;border-bottom: 2px solid #1a252f\">Fusion Blend 6<\/th>\n<\/tr>\n<\/thead>\n<tbody>\n<tr style=\"background-color: #fcfcfc\">\n<td style=\"padding: 12px 15px;border-bottom: 1px solid #eee\">1<\/td>\n<td style=\"padding: 12px 15px;border-bottom: 1px solid #eee\">Vandmelon is<\/td>\n<td style=\"padding: 12px 15px;border-bottom: 1px solid #eee\">Strawberry Mamba<\/td>\n<td style=\"padding: 12px 15px;border-bottom: 1px solid #eee\">Jordb\u00e6r vandmelon<\/td>\n<td style=\"padding: 12px 15px;border-bottom: 1px solid #eee;color: #555\">Vandmelon Ice + Jordb\u00e6r Mamba<\/td>\n<td style=\"padding: 12px 15px;border-bottom: 1px solid #eee;color: #555\">Vandmelon Ice + Jordb\u00e6r Vandmelon<\/td>\n<td style=\"padding: 12px 15px;border-bottom: 1px solid #eee;color: #555\">Strawberry Mamba + Strawberry Watermelon<\/td>\n<\/tr>\n<tr style=\"background-color: #ffffff\">\n<td style=\"padding: 12px 15px;border-bottom: 1px solid #eee\">2<\/td>\n<td style=\"padding: 12px 15px;border-bottom: 1px solid #eee\">Fuji is<\/td>\n<td style=\"padding: 12px 15px;border-bottom: 1px solid #eee\">\u00c6ble Druer<\/td>\n<td style=\"padding: 12px 15px;border-bottom: 1px solid #eee\">Kirseb\u00e6r granat\u00e6ble<\/td>\n<td style=\"padding: 12px 15px;border-bottom: 1px solid #eee;color: #555\">Fuji Ice + \u00c6ble Druer<\/td>\n<td style=\"padding: 12px 15px;border-bottom: 1px solid #eee;color: #555\">Fuji Ice + Cherry Granat\u00e6ble<\/td>\n<td style=\"padding: 12px 15px;border-bottom: 1px solid #eee;color: #555\">\u00c6ble Druer + Kirseb\u00e6r Granat\u00e6ble<\/td>\n<\/tr>\n<tr style=\"background-color: #fcfcfc\">\n<td style=\"padding: 12px 15px;border-bottom: 1px solid #eee\">3<\/td>\n<td style=\"padding: 12px 15px;border-bottom: 1px solid #eee\">Bl\u00e5b\u00e6ris<\/td>\n<td style=\"padding: 12px 15px;border-bottom: 1px solid #eee\">Hindb\u00e6r citron<\/td>\n<td style=\"padding: 12px 15px;border-bottom: 1px solid #eee\">Vandmelon Bubblegum<\/td>\n<td style=\"padding: 12px 15px;border-bottom: 1px solid #eee;color: #555\">Bl\u00e5b\u00e6r Ice + Hindb\u00e6r Citron<\/td>\n<td style=\"padding: 12px 15px;border-bottom: 1px solid #eee;color: #555\">Bl\u00e5b\u00e6r Ice + Vandmelon Tyggegummi<\/td>\n<td style=\"padding: 12px 15px;border-bottom: 1px solid #eee;color: #555\">Raspberry Lemon + Vandmelon Tyggegummi<\/td>\n<\/tr>\n<tr style=\"background-color: #ffffff\">\n<td style=\"padding: 12px 15px;border-bottom: 1px solid #eee\">4<\/td>\n<td style=\"padding: 12px 15px;border-bottom: 1px solid #eee\">Bl\u00e5b\u00e6r R\u00f8dfrugt<\/td>\n<td style=\"padding: 12px 15px;border-bottom: 1px solid #eee\">Sure Sour Ananas Oranger<\/td>\n<td style=\"padding: 12px 15px;border-bottom: 1px solid #eee\">Raspberries Vandmeloner<\/td>\n<td style=\"padding: 12px 15px;border-bottom: 1px solid #eee;color: #555\">Bl\u00e5b\u00e6r Raspberries + Syrlige Ananas Appelsiner<\/td>\n<td style=\"padding: 12px 15px;border-bottom: 1px solid #eee;color: #555\">Bl\u00e5b\u00e6r Hindb\u00e6r + Hindb\u00e6r Vandmeloner<\/td>\n<td style=\"padding: 12px 15px;border-bottom: 1px solid #eee;color: #555\">Sure sk\u00e6re Ananas Appelsiner + Hindb\u00e6r Vandmeloner<\/td>\n<\/tr>\n<tr style=\"background-color: #fcfcfc\">\n<td style=\"padding: 12px 15px;border-bottom: 1px solid #eee\">5<\/td>\n<td style=\"padding: 12px 15px;border-bottom: 1px solid #eee\">Grape Ice<\/td>\n<td style=\"padding: 12px 15px;border-bottom: 1px solid #eee\">Mango fersken<\/td>\n<td style=\"padding: 12px 15px;border-bottom: 1px solid #eee\">Bl\u00e5b\u00e6r vandmelon<\/td>\n<td style=\"padding: 12px 15px;border-bottom: 1px solid #eee;color: #555\">Drue Is + Mango Fersken<\/td>\n<td style=\"padding: 12px 15px;border-bottom: 1px solid #eee;color: #555\">Drue Is + Bl\u00e5b\u00e6r Vandmelon<\/td>\n<td style=\"padding: 12px 15px;border-bottom: 1px solid #eee;color: #555\">Mango Abrikos + Bl\u00e5b\u00e6r Vandmelon<\/td>\n<\/tr>\n<tr style=\"background-color: #ffffff\">\n<td style=\"padding: 12px 15px;border-bottom: 1px solid #eee\">6<\/td>\n<td style=\"padding: 12px 15px;border-bottom: 1px solid #eee\">Jordb\u00e6ris<\/td>\n<td style=\"padding: 12px 15px;border-bottom: 1px solid #eee\">Fersken citron<\/td>\n<td style=\"padding: 12px 15px;border-bottom: 1px solid #eee\">Kiwi Passionsfrugt Guava<\/td>\n<td style=\"padding: 12px 15px;border-bottom: 1px solid #eee;color: #555\">Strawberry Ice + Peach Lemon<\/td>\n<td style=\"padding: 12px 15px;border-bottom: 1px solid #eee;color: #555\">Strawberry Ice + Kiwi Passion Fruit Guava<\/td>\n<td style=\"padding: 12px 15px;border-bottom: 1px solid #eee;color: #555\">Fersken Citron + Kiwi Passion Frugt Guava<\/td>\n<\/tr>\n<tr style=\"background-color: #fcfcfc\">\n<td style=\"padding: 12px 15px;border-bottom: 1px solid #eee\">7<\/td>\n<td style=\"padding: 12px 15px;border-bottom: 1px solid #eee\">Ananas kokosn\u00f8d<\/td>\n<td style=\"padding: 12px 15px;border-bottom: 1px solid #eee\">Bl\u00e5b\u00e6r Red Bull<\/td>\n<td style=\"padding: 12px 15px;border-bottom: 1px solid #eee\">Vandmelon is<\/td>\n<td style=\"padding: 12px 15px;border-bottom: 1px solid #eee;color: #555\">Pineapple Coconut + Blueberry Red Bull<\/td>\n<td style=\"padding: 12px 15px;border-bottom: 1px solid #eee;color: #555\">Pineapple Coconut + Vandmelon Is<\/td>\n<td style=\"padding: 12px 15px;border-bottom: 1px solid #eee;color: #555\">Blueberry Red Bull + Vandmelon Ice<\/td>\n<\/tr>\n<tr style=\"background-color: #ffffff\">\n<td style=\"padding: 12px 15px;border-bottom: 1px solid #eee\">8<\/td>\n<td style=\"padding: 12px 15px;border-bottom: 1px solid #eee\">Jordb\u00e6r Kiwi<\/td>\n<td style=\"padding: 12px 15px;border-bottom: 1px solid #eee\">Bl\u00e5b\u00e6r kokosn\u00f8d<\/td>\n<td style=\"padding: 12px 15px;border-bottom: 1px solid #eee\">Blandet b\u00e6r<\/td>\n<td style=\"padding: 12px 15px;border-bottom: 1px solid #eee;color: #555\">Strawberry Kiwi + Bl\u00e5b\u00e6r Kokos<\/td>\n<td style=\"padding: 12px 15px;border-bottom: 1px solid #eee;color: #555\">Strawberry Kiwi + Blandet B\u00e6r<\/td>\n<td style=\"padding: 12px 15px;border-bottom: 1px solid #eee;color: #555\">Bl\u00e5b\u00e6r Kokos + Blandet B\u00e6r<\/td>\n<\/tr>\n<tr style=\"background-color: #fcfcfc\">\n<td style=\"padding: 12px 15px;border-bottom: 1px solid #eee\">9<\/td>\n<td style=\"padding: 12px 15px;border-bottom: 1px solid #eee\">Citron Romantik<\/td>\n<td style=\"padding: 12px 15px;border-bottom: 1px solid #eee\">Bl\u00e5b\u00e6r hindb\u00e6r<\/td>\n<td style=\"padding: 12px 15px;border-bottom: 1px solid #eee\">Fersken-menthol<\/td>\n<td style=\"padding: 12px 15px;border-bottom: 1px solid #eee;color: #555\">L\u00e6mon Romantik + Bl\u00e5b\u00e6r Hindb\u00e6r<\/td>\n<td style=\"padding: 12px 15px;border-bottom: 1px solid #eee;color: #555\">Citron Romantik + Fersken Menthol<\/td>\n<td style=\"padding: 12px 15px;border-bottom: 1px solid #eee;color: #555\">Bl\u00e5b\u00e6r Hindb\u00e6r + Fersken Menthol<\/td>\n<\/tr>\n<tr style=\"background-color: #ffffff\">\n<td style=\"padding: 12px 15px;border-bottom: 1px solid #eee\">10<\/td>\n<td style=\"padding: 12px 15px;border-bottom: 1px solid #eee\">Fersken is<\/td>\n<td style=\"padding: 12px 15px;border-bottom: 1px solid #eee\">S\u00f8dkartoffel Ananas Is<\/td>\n<td style=\"padding: 12px 15px;border-bottom: 1px solid #eee\">Gr\u00f8n \u00c6ble Kiwi<\/td>\n<td style=\"padding: 12px 15px;border-bottom: 1px solid #eee;color: #555\">Fersken Is + Solb\u00e6r Ananas Is<\/td>\n<td style=\"padding: 12px 15px;border-bottom: 1px solid #eee;color: #555\">Fersken Is + Gr\u00f8n \u00c6ble Kiwi<\/td>\n<td style=\"padding: 12px 15px;border-bottom: 1px solid #eee;color: #555\">Sorte Currant Ananas Is + Gr\u00f8n \u00c6ble Kiwi<\/td>\n<\/tr>\n<\/tbody>\n<\/table>\n<\/div>\n<\/section>\n<section style=\"margin-bottom: 40px\">\n<div style=\"background-color: #fff9e6;border-left: 6px solid #f1c40f;padding: 25px;border-radius: 6px\">\n<h3 style=\"margin-top: 0;color: #d35400;font-size: 22px;border-bottom: 1px solid #f39c12;padding-bottom: 8px\">Ofte stillede sp\u00f8rgsm\u00e5l (Engros &amp; Teknisk)<\/h3>\n<div style=\"margin-bottom: 15px\">\n<h4 style=\"margin: 0 0 5px 0;color: #333;font-size: 16px\">Hvordan opn\u00e5r BANG LEADER 110.000 puf?<\/h4>\n<p style=\"margin: 0;font-size: 14px;color: #555\">De 110.000 enheder repr\u00e6senterer det maksimale teoretiske udbytte, der er opn\u00e5et gennem automatiseret maskintestning med korte, pr\u00e6cist timede pneumatiske tr\u00e6k. Faktisk brug vil variere afh\u00e6ngigt af individuel ind\u00e5ndingsvarighed og -dybde. Den enorme kapacitet underst\u00f8ttes af en us\u00e6dvanlig stor intern reservoir kombineret med en meget effektiv 1,0\u03a9 mesh-spole, der fordampede formuleringen ved optimale dr\u00e5bestr\u00f8rrelser.<\/p>\n<\/div>\n<div style=\"margin-bottom: 15px\">\n<h4 style=\"margin: 0 0 5px 0;color: #333;font-size: 16px\">Hvad er de bedste praksisser for opladning af 17350-cellen?<\/h4>\n<p style=\"margin: 0;font-size: 14px;color: #555\">For at bevare batteriets levetid anbefaler vi empirisk at bruge en standard 5V\/1A v\u00e6gadapter i stedet for hurtigopladere til b\u00e6rbare computere. Den interne MCU vil regulere str\u00f8mmen, men standardsp\u00e6ndingen forhindrer un\u00f8dvendig termisk belastning p\u00e5 lithium-ion-matrixen og forl\u00e6nger levetiden for din engangs-vape.<\/p>\n<\/div>\n<div style=\"margin-bottom: 15px\">\n<h4 style=\"margin: 0 0 5px 0;color: #333;font-size: 16px\">Hvordan verificerer VapeXYZ produktets \u00e6gthed?<\/h4>\n<p style=\"margin: 0;font-size: 14px;color: #555\">Som en autoritativ engrosplatform k\u00f8ber VapeXYZ direkte fra fabrikkens gulv. Hver hovedkarton indeholder verificerbar seriel sporing. Vores B2B-kunder modtager fuld gennemsigtighed med hensyn til fremstillingsdatoer, batchkoder og overholdelsesdokumentation, hvilket sikrer, at ingen forfalskede vape-produkter kommer ind i din forsyningsk\u00e6de.<\/p>\n<\/div>\n<div style=\"margin-bottom: 0\">\n<h4 style=\"margin: 0 0 5px 0;color: #333;font-size: 16px\">Kan jeg anmode om tilpassede specifikationer til min virksomhed?<\/h4>\n<p style=\"margin: 0;font-size: 14px;color: #555\">Ja. VapeXYZ tilbyder robust OEM\/ODM-underst\u00f8ttelse. Hvis du har brug for specifikke koncentrationstyrker (fra 0% og opefter), tilpasset branding eller unikke sensoriske profilkombinationer for en specifik demografi, kan vores ingeni\u00f8r-liaisons lette fabriksniveauets tilpasninger for bulkbestillinger.<\/p>\n<\/div>\n<\/div>\n<\/section>\n<section style=\"text-align: center;margin-top: 40px;padding-top: 20px;border-top: 1px solid #eaeaea\"><img loading=\"lazy\" decoding=\"async\" style=\"max-width: 100%;height: auto;border-radius: 8px\" src=\"https:\/\/vapexyz.com\/wp-content\/uploads\/2025\/09\/BANG-LEGEND-110000-Puffs-DSK063-Disposable-Vape-Bull-Buy-6-In-1-Flavor-Low-Nicotine-Rechargeable-Wholesale1.webp\" alt=\"BANG LEADER 110000 Puffs DSK063 Engangs Vape Tyr Bestil 6 i 1 Smagsprofil Lav Koncentration Opladelig Engros\" width=\"2000\" height=\"2000\" title=\"\"><\/section>\n<\/article>","protected":false},"excerpt":{"rendered":"<p>BANG LEADER 110000 Puffs 6-i-1 Smag engangs vape indeholder seks skiftelige smage, 850mAh genopladelig batteri, mesh spole og lav styrke engangs vape. Ideel til bulk k\u00f8b og engros p\u00e5 VapeXYZ.<\/p>","protected":false},"featured_media":55982,"comment_status":"open","ping_status":"closed","template":"","meta":{"_lmt_disableupdate":"no","_lmt_disable":""},"product_brand":[],"product_cat":[821,1091,947,935,934,927,929,928,930,933,939,932,938,931,936,937,1017,949,946,950,951,953,820,987],"product_tag":[],"class_list":{"0":"post-55970","1":"product","2":"type-product","3":"status-publish","4":"has-post-thumbnail","6":"product_cat-bang","7":"product_cat-110000-puff-vapes","8":"product_cat-big-puffs-vapes","9":"product_cat-bulk-buy-disposable-vapes-in-austria","10":"product_cat-bulk-buy-disposable-vapes-in-belgium","11":"product_cat-bulk-buy-disposable-vapes-in-europe","12":"product_cat-bulk-buy-disposable-vapes-in-france","13":"product_cat-bulk-buy-disposable-vapes-in-germany","14":"product_cat-bulk-buy-disposable-vapes-in-italy","15":"product_cat-bulk-buy-disposable-vapes-in-netherlands","16":"product_cat-bulk-buy-disposable-vapes-in-norway","17":"product_cat-bulk-buy-disposable-vapes-in-poland","18":"product_cat-bulk-buy-disposable-vapes-in-portugal","19":"product_cat-bulk-buy-disposable-vapes-in-spain","20":"product_cat-bulk-buy-disposable-vapes-in-sweden","21":"product_cat-bulk-buy-disposable-vapes-in-switzerland","22":"product_cat-buy-best-disposable-vape-flavors","23":"product_cat-digital-box-vapes","24":"product_cat-disposable-vapes-series","25":"product_cat-dual-mesh-vapes","26":"product_cat-lower-nicotine-vapes","27":"product_cat-rechargeable-vapes","28":"product_cat-vape","29":"product_cat-vape-shop-by-puffs","31":"first","32":"instock","33":"shipping-taxable","34":"purchasable","35":"product-type-variable","36":"has-default-attributes"},"jetpack_sharing_enabled":true,"tiered_pricing_type":"fixed","tiered_pricing_fixed_rules":[],"tiered_pricing_product_settings":{"layout":"default","base_unit_name":{"singular":null,"plural":null},"default_variation":null},"tiered_pricing_minimum_quantity":null,"tiered_pricing_roles_data":[],"tiered_pricing_percentage_rules":[],"tiered_pricing_maximum_quantity":null,"tiered_pricing_quantity_step":null,"_links":{"self":[{"href":"https:\/\/vapexyz.com\/da\/wp-json\/wp\/v2\/product\/55970","targetHints":{"allow":["GET"]}}],"collection":[{"href":"https:\/\/vapexyz.com\/da\/wp-json\/wp\/v2\/product"}],"about":[{"href":"https:\/\/vapexyz.com\/da\/wp-json\/wp\/v2\/types\/product"}],"replies":[{"embeddable":true,"href":"https:\/\/vapexyz.com\/da\/wp-json\/wp\/v2\/comments?post=55970"}],"wp:featuredmedia":[{"embeddable":true,"href":"https:\/\/vapexyz.com\/da\/wp-json\/wp\/v2\/media\/55982"}],"wp:attachment":[{"href":"https:\/\/vapexyz.com\/da\/wp-json\/wp\/v2\/media?parent=55970"}],"wp:term":[{"taxonomy":"product_brand","embeddable":true,"href":"https:\/\/vapexyz.com\/da\/wp-json\/wp\/v2\/product_brand?post=55970"},{"taxonomy":"product_cat","embeddable":true,"href":"https:\/\/vapexyz.com\/da\/wp-json\/wp\/v2\/product_cat?post=55970"},{"taxonomy":"product_tag","embeddable":true,"href":"https:\/\/vapexyz.com\/da\/wp-json\/wp\/v2\/product_tag?post=55970"}],"curies":[{"name":"wp","href":"https:\/\/api.w.org\/{rel}","templated":true}]}}