{"id":36076,"date":"2024-10-26T08:35:59","date_gmt":"2024-10-26T08:35:59","guid":{"rendered":"https:\/\/vapexyz.com\/?post_type=product&#038;p=36076"},"modified":"2026-03-01T01:44:41","modified_gmt":"2026-03-01T01:44:41","slug":"atvs-krigsskib-18000-pust-digital-skaerm-dobbelt-mesh-5-lav-nikotin-original-fabrik-bulk-kob-genopladelig-engangs-vapes-pen-engros","status":"publish","type":"product","link":"https:\/\/vapexyz.com\/da\/product\/atvs-warship-18000-puffs-digital-screen-dual-mesh-5-low-nicotine-original-factory-bulk-buy-rechargeable-disposable-vapes-pen-wholesale\/","title":{"rendered":"ATVS WARSHIP 18000 Puffs Digital Sk\u00e6rm Dual Mesh Bulk K\u00f8b Genopladelig Engangs Vapes Holesale"},"content":{"rendered":"<article style=\"font-family: system-ui, -apple-system, sans-serif; line-height: 1.6; color: #333; max-width: 100%; margin: 0 auto; padding: 20px;\">\n<h2 style=\"color: #1a202c; border-bottom: 2px solid #e2e8f0; padding-bottom: 10px; font-size: 2em;\">ATVS KRIGSSKIB 18000 Puffs Digital Sk\u00e6rm Dobbel Mesh 5% Koncentration Original Fabriks Bulk K\u00f8d Rechargeable Engangs Vapes Pen Engros<\/h2>\n<p>ATVS WARSHIP 18000 Puffs repr\u00e6senterer et betydeligt skridt fremad i ingeni\u00f8rkunsten af h\u00f8jkapacitets engangs-dampere. Designet til at opfylde de strenge krav fra b\u00e5de slutbrugere og engros-distribut\u00f8rer, kombinerer denne specifikke enhed en forl\u00e6nget operationel levetid med pr\u00e6cis elektronisk overv\u00e5gning. VapeXYZ, med over otte \u00e5rs etableret brancheerfaring i global distribution, tilbyder med stolthed denne premium hardware til det europ\u00e6iske marked og videre. Ved at fokusere p\u00e5 verificerbare pr\u00e6stationsm\u00e5linger, robust intern arkitektur og p\u00e5lidelig forsyningsk\u00e6de logistik, leverer vi detailpartnere en meget p\u00e5lidelig produkt underst\u00f8ttet af \u00e6gte B2B-ekspertise.<\/p>\n<p>Uanset om du driver et stort distributionsnetv\u00e6rk eller en specialiseret butik, kr\u00e6ver anskaffelsen af p\u00e5lidelige engangsvapeprodukter en tydelig forst\u00e5else af hardwarens tekniske specifikationer. ATVS WARSHIP er fremstillet i state-of-the-art-faciliteter, hvor der f\u00f8lges strenge kvalitetskontrolstandarder, der sikrer konsistens over store produktionspartier. Gennem VapeXYZ kan kommercielle k\u00f8bere f\u00e5 adgang til disse h\u00f8jtst\u00e5ende enheder med en exceptionelt tilg\u00e6ngelig Minimum Bestillingsm\u00e6ngde (MOQ) p\u00e5 kun 10 stykker, hvilket brobygger mellem massive fabriksproduktioner og fleksibel lagerstyring.<\/p>\n<h3 style=\"color: #2d3748; margin-top: 30px; font-size: 1.5em;\">Tekniske specifikationer og hardware engineering<\/h3>\n<p>I hjertet af ATVS WARSHIP's ydeevne ligger dets h\u00f8jt optimerede interne arkitektur. I stedet for at anvende simple enkelttr\u00e5dskonfigurationer, benytter denne enhed en avanceret Dual Mesh-varmematrix. Mesh-elementerne giver en langt st\u00f8rre overfladeareal sammenlignet med traditionelle viklede tr\u00e5de. Fra et ingeni\u00f8rm\u00e6ssigt perspektiv tillader dette \u00f8gede overfladeareal en mere ensartet fordeling af termisk energi. Ved at minimere lokaliserede varme pletter forhindrer det dobbelte mesh-system den for tidlige nedbrydning af den interne aerosoliserende opl\u00f8sning, hvilket sikrer, at den strukturelle integritet af dampen forbliver konsistent fra den f\u00f8rste aktivering til enhedens endelige drift.<\/p>\n<p>En h\u00f8jkapacitets 750mAh lithium-ion-str\u00f8mcelle driver denne komplekse termodynamiske proces. Valgt for sin fremragende energit\u00e6thed og stabile udladningskurve, sikrer dette genopladelige batteri, at enheden kan opretholde den n\u00f8dvendige sp\u00e6ndingsoutput for effektivt at drive den dobbelte mesh-matrix. Inkluderingen af en Type-C-opladningsport bringer enheden p\u00e5 linje med moderne elektroniske standarder og muligg\u00f8r hurtig p\u00e5fyldning af str\u00f8mcellen. Interne str\u00f8mstyringssystemer regulerer den indkommende str\u00f8m, beskytter batteriet mod overladning, dyb udladning og termisk l\u00f8b, og forl\u00e6nger dermed den brugbare levetid for hardwaren.<\/p>\n<p>Desuden har enheden en stor kapacitet p\u00e5 25 ml til v\u00e6skereservoiret. Denne interne tank er konstrueret af h\u00f8j kvalitets, f\u00f8devaregodkendt PCTG-polymer, valgt specifikt for deres kemiske resistens og termiske stabilitet. Dette sikrer, at den propriet\u00e6re 5%-koncentrationsformulering forbliver ukontamineret og sikkert opbevaret inden i chassiset, hvilket reducerer risikoen for l\u00e6kage under transport eller daglig drift drastisk.<\/p>\n<h3 style=\"color: #2d3748; margin-top: 30px; font-size: 1.5em;\">Empiriske pr\u00e6stationsm\u00e5linger og telemetri<\/h3>\n<p>P\u00e5standen om \u201c18.000 puf\u201d er ikke en vilk\u00e5rlig tal, men er afledt af standardiserede testmetoder. I kontrollerede laboratoriemilj\u00f8er gennemg\u00e5r ATVS WARSHIP en streng evaluering ved hj\u00e6lp af automatiserede inhalationssimulatorer. Disse mekaniserede systemer er kalibreret til at replikere menneskelige sugem\u00f8nster, og regulerer strengt varigheden af hver aktivering og hvileintervallerne mellem dem. Gennem denne empiriske testning demonstrerer enheden konsekvent sin evne til effektivt at behandle den 25ml interne formulering, hvilket validerer dens langsigtede driftskapacitet.<\/p>\n<p>En af de mest afg\u00f8rende teknologiske tilf\u00f8jelser til denne engangs-damp er den integrerede LED-digitale sk\u00e6rm. Traditionelle engangs-dampe efterlader ofte brugeren til at g\u00e6tte p\u00e5 enhedens resterende levetid, hvilket f\u00f8rer til uventet udt\u00f8mning. ATVS WARSHIP l\u00f8ser dette problem ved at anvende interne mikrocontrollere, der m\u00e5ler sp\u00e6ndingsfald og estimerer reservoirvolumen. Disse telemetridata overs\u00e6ttes i realtid til LED-displayet og giver brugeren en pr\u00e6cis, empirisk afl\u00e6sning af b\u00e5de den aktuelle batteriladning og den resterende aerosoliseringskapacitet. Denne datadrevne tilgang h\u00e6ver brugeroplevelsen ved at prioritere forudsigelighed og kontrol.<\/p>\n<h3 style=\"color: #2d3748; margin-top: 30px; font-size: 1.5em;\">Kvalitetssikrings- og Distributionsmyndighed<\/h3>\n<p>K\u00f8b af engangs-dampere p\u00e5 dagens marked kr\u00e6ver samarbejde med enheder, der demonstrerer uomg\u00e6ngelig operationel autoritet. VapeXYZ opererer som en professionel engros-distribut\u00f8r, omhyggeligt screenende produkterne, der introduceres i vores katalog. ATVS WARSHIP er samlet i produktionsmilj\u00f8er, der prioriterer sikkerhed og overholdelse, typisk overholdende standard-certificeringer for forbrugerelektronik s\u00e5som CE og RoHS. Dette sikrer, at de tungmetaller og elektroniske komponenter, der anvendes i monteringen, opfylder strenge internationale sikkerhedsstandarder.<\/p>\n<p>Vores otte \u00e5rs drifts historie har givet os mulighed for at forfine vores logistiske rammer. VapeXYZ garanterer direkte-engros-prismodeller, hvilket sikrer, at vores partnere drage fordel af optimerede profitmarginer uden at g\u00e5 p\u00e5 kompromis med produktets \u00e6gthed. Vores bem\u00e6rkelsesv\u00e6rdigt lave minimumsbestillingsm\u00e6ngde p\u00e5 10 enheder er specifikt designet til at tillade detailhandlere at empirisk teste markedets modtagelse f\u00f8r de forpligter sig til massive lagerudgifter. Denne transparente, partnerfokuserede tilgang er det, der etablerer VapeXYZ som en tillidsskabende s\u00f8jle i det globale distributionslandskab.<\/p>\n<h3 style=\"color: #2d3748; margin-top: 30px; font-size: 1.5em;\">Aromatisk Profiler og Sensoriske Muligheder<\/h3>\n<p>For at im\u00f8dekomme forskellige forbrugernes pr\u00e6ferencer er ATVS WARSHIP formuleret med en r\u00e6kke omhyggeligt udarbejdede aromatiske profiler. Disse blandinger er udviklet ved hj\u00e6lp af h\u00f8jrenheds lugtstoffer til at levere en stabil og balanceret sanseoplevelse.<\/p>\n<ul style=\"list-style-type: square; padding-left: 20px; color: #4a5568;\">\n<li>Jordb\u00e6r med Iscreme: En balanceret fusion af s\u00f8de sommerb\u00e6r-aromatik med en rig, cremet k\u00f8lig fornemmelse.<\/li>\n<li>Jordb\u00e6r og Vandmelon: En spr\u00f8d, forfriskende kombination af to meget popul\u00e6re botaniske profiler.<\/li>\n<li>Lychee med is: En sofistikeret, eksotisk profil suppleret med en glat, afk\u00f8let finish.<\/li>\n<li>Mynte: En rent forfriskende, spr\u00f8d og k\u00f8lende botanisk ekstrakt.<\/li>\n<li>Frugt Mix: En kompleks sammensmeltning af forskellige frugtplantager og tropiske aromatikker.<\/li>\n<li>Mango med is: Rige, tropiske noter lagt sammen med en t\u00e6t, k\u00f8lig understr\u00f8m.<\/li>\n<li>Guava med Is: En livlig, mildt syrlig tropisk essens afsluttet med en cremet kulde.<\/li>\n<li>Drue med Iscreme: Dype, robuste vinfrugt noter balanceret af en frostig, glat tekstur.<\/li>\n<li>Bl\u00e5b\u00e6r p\u00e5 is: Skarpe, vilde b\u00e6raromatik kombineret med en intens k\u00f8leeffekt.<\/li>\n<li>Fersken p\u00e5 is: Bl\u00f8de, s\u00f8de stenfrugtdugter forst\u00e6rket af en spr\u00f8d, isende fornemmelse.<\/li>\n<li>Cola med is: En nostalgisk, sprudlende cola-profil lagt sammen med glat cremetekstur.<\/li>\n<li>Vandmelon med Is: Den ultimative sommerprofil, der tilbyder spr\u00f8d forfriskelse og en dyb k\u00f8lighed.<\/li>\n<\/ul>\n<h3 style=\"color: #2d3748; margin-top: 30px; font-size: 1.5em;\">Omfattende Produktanalyse<\/h3>\n<p>F\u00f8lgende tabel skitserer de standardiserede specifikationer for ATVS WARSHIP, hvilket giver en klar, empirisk oversigt over dens hardware-kapaciteter til evaluering i stor skala.<\/p>\n<table style=\"width: 100%; border-collapse: collapse; margin: 25px 0; font-family: system-ui, -apple-system, sans-serif; box-shadow: 0 4px 6px rgba(0, 0, 0, 0.05); border-radius: 8px; overflow: hidden;\">\n<thead>\n<tr>\n<th style=\"background-color: #2c3e50; color: #ffffff; padding: 15px; text-align: left; font-weight: 600; border-bottom: 2px solid #1a252f;\">Ingeni\u00f8rfunktion<\/th>\n<th style=\"background-color: #2c3e50; color: #ffffff; padding: 15px; text-align: left; font-weight: 600; border-bottom: 2px solid #1a252f;\">Teknisk Specifikation<\/th>\n<\/tr>\n<\/thead>\n<tbody>\n<tr style=\"background-color: #f8fafc; border-bottom: 1px solid #e2e8f0;\">\n<td style=\"padding: 15px; color: #4a5568; font-weight: 500;\">Enhedskapacitet (antal puf)<\/td>\n<td style=\"padding: 15px; color: #4a5568;\">18.000 (Testet via automatiseret simulering)<\/td>\n<\/tr>\n<tr style=\"background-color: #ffffff; border-bottom: 1px solid #e2e8f0;\">\n<td style=\"padding: 15px; color: #4a5568; font-weight: 500;\">Aktiv forbindelse koncentration<\/td>\n<td style=\"padding: 15px; color: #4a5568;\">5% Standardformulering<\/td>\n<\/tr>\n<tr style=\"background-color: #f8fafc; border-bottom: 1px solid #e2e8f0;\">\n<td style=\"padding: 15px; color: #4a5568; font-weight: 500;\">Str\u00f8m Celle Arkitektur<\/td>\n<td style=\"padding: 15px; color: #4a5568;\">750mAh genopladelig lithium-ion<\/td>\n<\/tr>\n<tr style=\"background-color: #ffffff; border-bottom: 1px solid #e2e8f0;\">\n<td style=\"padding: 15px; color: #4a5568; font-weight: 500;\">Inre reservoarvolumen<\/td>\n<td style=\"padding: 15px; color: #4a5568;\">25ml (PCTG kabinet)<\/td>\n<\/tr>\n<tr style=\"background-color: #f8fafc; border-bottom: 1px solid #e2e8f0;\">\n<td style=\"padding: 15px; color: #4a5568; font-weight: 500;\">Varme Matrix<\/td>\n<td style=\"padding: 15px; color: #4a5568;\">Avanceret dobbeltnetkonfiguration<\/td>\n<\/tr>\n<tr style=\"background-color: #ffffff; border-bottom: 1px solid #e2e8f0;\">\n<td style=\"padding: 15px; color: #4a5568; font-weight: 500;\">Telemetri Interface<\/td>\n<td style=\"padding: 15px; color: #4a5568;\">LED Digital Display (Str\u00f8m- og formuleringsniveauer)<\/td>\n<\/tr>\n<tr style=\"background-color: #f8fafc; border-bottom: 1px solid #e2e8f0;\">\n<td style=\"padding: 15px; color: #4a5568; font-weight: 500;\">Opladningsprotokol<\/td>\n<td style=\"padding: 15px; color: #4a5568;\">Type-C Hurtig Levering<\/td>\n<\/tr>\n<\/tbody>\n<\/table>\n<h3 style=\"color: #2d3748; margin-top: 30px; font-size: 1.5em;\">Vigtige operationelle hovedpointer<\/h3>\n<div style=\"background: linear-gradient(135deg, #f0f4f8 0%, #d9e2ec 100%); padding: 25px; border-radius: 10px; border-left: 6px solid #3182ce; margin: 25px 0; box-shadow: 0 2px 4px rgba(0,0,0,0.1);\">\n<h4 style=\"margin-top: 0; color: #2c5282; font-size: 1.2em;\">Hvorfor ATVS WARSHIP udm\u00e6rker sig p\u00e5 markedet:<\/h4>\n<ul style=\"margin-bottom: 0; color: #2d3748; padding-left: 20px; line-height: 1.8;\">\n<li>Datadrevet brug: Den digitale LED-sk\u00e6rm fjerner g\u00e6tterne fra engangsvape-produkter og giver pr\u00e6cise, realtidsdata om interne ressourcer.<\/li>\n<li>Termisk effektivitet: Dobbelt mesh-elementer sikrer, at den termiske output er j\u00e6vnt fordelt, hvilket bevarer den kemiske integritet af opl\u00f8sningen ved alle 18.000 aktiveringspunkter.<\/li>\n<li>Logistisk fleksibilitet: Underst\u00f8ttet af VapeXYZ's robuste distributionsnetv\u00e6rk er denne enhed tilg\u00e6ngelig til bulk-k\u00f8b med en meget h\u00e5ndterbar MOQ p\u00e5 kun 10 stykker.<\/li>\n<li>Sustained Power: 750mAh str\u00f8mcellen, sammen med moderne Type-C opladning, sikrer minimal nedetid og effektiv energianvendelse.<\/li>\n<\/ul>\n<\/div>\n<h3 style=\"color: #2d3748; margin-top: 30px; font-size: 1.5em;\">Ofte stillede sp\u00f8rgsm\u00e5l (FAQ)<\/h3>\n<div style=\"background-color: #ffffff; border: 1px solid #e2e8f0; border-radius: 10px; padding: 25px; margin-bottom: 25px; box-shadow: 0 4px 6px rgba(0,0,0,0.02);\">\n<h4 style=\"color: #2b6cb0; margin-top: 0; font-size: 1.1em;\">Hvad er den verificerede operationelle levetid for ATVS WARSHIP?<\/h4>\n<p style=\"color: #4a5568; margin-bottom: 20px;\">Baseret p\u00e5 laboratorietests med automatiseret inhalationsudstyr er ATVS WARSHIP konstrueret til at levere op til 18.000 forskellige aktiveringer. Faktisk brug kan variere lidt afh\u00e6ngigt af individuel inhalationsvarighed og milj\u00f8faktorer, men 25ml-reservoiret sikrer en meget forl\u00e6nget levetid.<\/p>\n<h4 style=\"color: #2b6cb0; margin-top: 0; font-size: 1.1em;\">2. Kr\u00e6ver denne specifikke hardware specialiseret opladningsudstyr?<\/h4>\n<p style=\"color: #4a5568; margin-bottom: 20px;\">Nej. Den integrerede 750mAh lithium-ion-batteri anvender en standard Type-C-port til genopfyldning. Denne standardiserede opladningsprotokol sikrer kompatibilitet med de fleste moderne elektroniske opladningsperifere enheder, hvilket letter hurtig og sikker energigenoprettelse.<\/p>\n<h4 style=\"color: #2b6cb0; margin-top: 0; font-size: 1.1em;\">3. Hvad er det aktive koncentration niveau indenfor den interne formulering?<\/h4>\n<p style=\"color: #4a5568; margin-bottom: 20px;\">Den interne reservoir indeholder en standardiseret 5%-koncentrationsl\u00f8sning. Dette specifikke forhold er konstrueret til at give en balanceret og konsistent sensorisk effekt, stabiliseret af den konsistente termiske output fra det dobbelte mesh-varmesystem.<\/p>\n<h4 style=\"color: #2b6cb0; margin-top: 0; font-size: 1.1em;\">4. Hvordan kan virksomheder erhverve denne model til detaildistribution?<\/h4>\n<p style=\"color: #4a5568; margin-bottom: 0;\">Virksomheder kan sikre bulk-inventar direkte gennem VapeXYZ. Som en etableret autoritet i engrossektoren med over otte \u00e5rs erfaring tilbyder vi konkurrencedygtige B2B-prismodeller, s\u00f8ml\u00f8s europ\u00e6isk logistik og en meget tilg\u00e6ngelig Minimum Bestillingsm\u00e6ngde (MOQ) p\u00e5 kun 10 stykker.<\/p>\n<\/div>\n<p><img loading=\"lazy\" decoding=\"async\" class=\"alignnone wp-image-36093 size-full\" style=\"max-width: 100%; height: auto; border-radius: 8px; box-shadow: 0 4px 8px rgba(0,0,0,0.1); margin-top: 20px;\" src=\"https:\/\/vapexyz.com\/wp-content\/uploads\/2024\/10\/ATVS-Warship-18000-Puffs-Digital-Screen-5-Low-Nicotine-Original-Factory-34.webp\" alt=\"ATVS krigsskib 18000 Puffs Digital sk\u00e6rm Dual Mesh 5% Koncentration Original Fabriks Bulk K\u00f8d Rechargeable Engangs Vapes Pen Engros\" width=\"1000\" height=\"471\" title=\"\" srcset=\"https:\/\/vapexyz.com\/wp-content\/uploads\/2024\/10\/ATVS-Warship-18000-Puffs-Digital-Screen-5-Low-Nicotine-Original-Factory-34.webp 1000w, https:\/\/vapexyz.com\/wp-content\/uploads\/2024\/10\/ATVS-Warship-18000-Puffs-Digital-Screen-5-Low-Nicotine-Original-Factory-34-500x236.webp 500w, https:\/\/vapexyz.com\/wp-content\/uploads\/2024\/10\/ATVS-Warship-18000-Puffs-Digital-Screen-5-Low-Nicotine-Original-Factory-34-768x362.webp 768w, https:\/\/vapexyz.com\/wp-content\/uploads\/2024\/10\/ATVS-Warship-18000-Puffs-Digital-Screen-5-Low-Nicotine-Original-Factory-34-18x8.webp 18w, https:\/\/vapexyz.com\/wp-content\/uploads\/2024\/10\/ATVS-Warship-18000-Puffs-Digital-Screen-5-Low-Nicotine-Original-Factory-34-510x240.webp 510w\" sizes=\"auto, (max-width: 1000px) 100vw, 1000px\" \/><\/p>\n<\/article>","protected":false},"excerpt":{"rendered":"<p>ATVS WARSHIP 18000 Puffs er en langvarig, genanvendelig disponibel vape med en LED-sk\u00e6rm, et kraftfuldt 750mAh batteri, en dobbelt mesh-spole og en gener\u00f8s kapacitet p\u00e5 25ml.<\/p>","protected":false},"featured_media":36089,"comment_status":"open","ping_status":"closed","template":"","meta":{"_lmt_disableupdate":"no","_lmt_disable":""},"product_brand":[],"product_cat":[997,973,947,1020,935,934,927,929,928,930,933,939,932,938,931,936,937,1017,1022,948,949,946,950,1023,1024,1025,951,1029,1030,1031,1033,953,1037,987,1038],"product_tag":[],"class_list":{"0":"post-36076","1":"product","2":"type-product","3":"status-publish","4":"has-post-thumbnail","6":"product_cat-18000-puff-vapes","7":"product_cat-atvs-disposable-vapes","8":"product_cat-big-puffs-vapes","9":"product_cat-blueberry-flavor-disposable-vapes","10":"product_cat-bulk-buy-disposable-vapes-in-austria","11":"product_cat-bulk-buy-disposable-vapes-in-belgium","12":"product_cat-bulk-buy-disposable-vapes-in-europe","13":"product_cat-bulk-buy-disposable-vapes-in-france","14":"product_cat-bulk-buy-disposable-vapes-in-germany","15":"product_cat-bulk-buy-disposable-vapes-in-italy","16":"product_cat-bulk-buy-disposable-vapes-in-netherlands","17":"product_cat-bulk-buy-disposable-vapes-in-norway","18":"product_cat-bulk-buy-disposable-vapes-in-poland","19":"product_cat-bulk-buy-disposable-vapes-in-portugal","20":"product_cat-bulk-buy-disposable-vapes-in-spain","21":"product_cat-bulk-buy-disposable-vapes-in-sweden","22":"product_cat-bulk-buy-disposable-vapes-in-switzerland","23":"product_cat-buy-best-disposable-vape-flavors","24":"product_cat-cola-flavor-disposable-vapes","25":"product_cat-crystal-vapes","26":"product_cat-digital-box-vapes","27":"product_cat-disposable-vapes-series","28":"product_cat-dual-mesh-vapes","29":"product_cat-grape-flavor-disposable-vapes","30":"product_cat-guava-flavor-disposable-vapes","31":"product_cat-ice-flavor-disposable-vapes","32":"product_cat-lower-nicotine-vapes","33":"product_cat-mango-flavor-disposable-vapes","34":"product_cat-mint-flavor-disposable-vapes","35":"product_cat-mixed-berries-flavor-disposable-vapes","36":"product_cat-peach-flavor-disposable-vapes","37":"product_cat-rechargeable-vapes","38":"product_cat-strawberry-flavor-disposable-vapes","39":"product_cat-vape-shop-by-puffs","40":"product_cat-watermelon-flavor-disposable-vapes","42":"first","43":"instock","44":"shipping-taxable","45":"purchasable","46":"product-type-variable","47":"has-default-attributes"},"jetpack_sharing_enabled":true,"tiered_pricing_type":"fixed","tiered_pricing_fixed_rules":[],"tiered_pricing_product_settings":{"layout":"default","base_unit_name":{"singular":null,"plural":null},"default_variation":null},"tiered_pricing_minimum_quantity":null,"tiered_pricing_roles_data":[],"tiered_pricing_percentage_rules":[],"tiered_pricing_maximum_quantity":null,"tiered_pricing_quantity_step":null,"_links":{"self":[{"href":"https:\/\/vapexyz.com\/da\/wp-json\/wp\/v2\/product\/36076","targetHints":{"allow":["GET"]}}],"collection":[{"href":"https:\/\/vapexyz.com\/da\/wp-json\/wp\/v2\/product"}],"about":[{"href":"https:\/\/vapexyz.com\/da\/wp-json\/wp\/v2\/types\/product"}],"replies":[{"embeddable":true,"href":"https:\/\/vapexyz.com\/da\/wp-json\/wp\/v2\/comments?post=36076"}],"wp:featuredmedia":[{"embeddable":true,"href":"https:\/\/vapexyz.com\/da\/wp-json\/wp\/v2\/media\/36089"}],"wp:attachment":[{"href":"https:\/\/vapexyz.com\/da\/wp-json\/wp\/v2\/media?parent=36076"}],"wp:term":[{"taxonomy":"product_brand","embeddable":true,"href":"https:\/\/vapexyz.com\/da\/wp-json\/wp\/v2\/product_brand?post=36076"},{"taxonomy":"product_cat","embeddable":true,"href":"https:\/\/vapexyz.com\/da\/wp-json\/wp\/v2\/product_cat?post=36076"},{"taxonomy":"product_tag","embeddable":true,"href":"https:\/\/vapexyz.com\/da\/wp-json\/wp\/v2\/product_tag?post=36076"}],"curies":[{"name":"wp","href":"https:\/\/api.w.org\/{rel}","templated":true}]}}