{"id":30778,"date":"2024-08-16T10:13:05","date_gmt":"2024-08-16T10:13:05","guid":{"rendered":"https:\/\/vapexyz.com\/?post_type=product&#038;p=30778"},"modified":"2026-02-28T15:01:35","modified_gmt":"2026-02-28T15:01:35","slug":"bang-25000-pust-0-2-3-5-lav-nikotin-bulk-kob-genopladelig-engangs-vapes-pen-engros","status":"publish","type":"product","link":"https:\/\/vapexyz.com\/da\/product\/bang-25000-puffs-0-2-3-5-low-nicotine-bulk-buy-rechargeable-disposable-vapes-pen-wholesale\/","title":{"rendered":"BANG 25000 Puffs Bulk K\u00f8b Genopladelige Engangs Vapes Engros"},"content":{"rendered":"<article><div style=\"width: 720px;\" class=\"wp-video\"><video class=\"wp-video-shortcode\" id=\"video-30778-1\" width=\"720\" height=\"1280\" preload=\"metadata\" controls=\"controls\"><source type=\"video\/mp4\" src=\"https:\/\/vapexyz.com\/wp-content\/uploads\/2024\/08\/BANG-25000.mp4?_=1\" \/><a href=\"https:\/\/vapexyz.com\/wp-content\/uploads\/2024\/08\/BANG-25000.mp4\">https:\/\/vapexyz.com\/wp-content\/uploads\/2024\/08\/BANG-25000.mp4<\/a><\/video><\/div>\n<h2 style=\"color: #2c3e50; border-bottom: 2px solid #3498db; padding-bottom: 10px;\">BANG 25000 Puffs: Ingeni\u00f8rkunstens Perfektion i H\u00f8jkapacitets Engangs-Dampere<\/h2>\n<p>BANG 25000 Puffs repr\u00e6senterer et betydeligt spring i udviklingen af engangs-dampere, der kombinerer h\u00f8j kapacitet med pr\u00e6cis konstruktion. Designet til brugere, der prioriterer lang levetid og konsistens, eliminerer denne enhed behovet for hyppige udskiftninger og tilbyder en forbl\u00f8ffende vurdering p\u00e5 25.000 puffs. Hos VapeXYZ, med over otte \u00e5rs specialiseret erfaring i global distribution af engangs-dampere, har vi underkastet denne model strenge interne benchmarks for at sikre, at den opfylder kravene fra b\u00e5de h\u00f8jvolumen-entusiaster og engros-partnere.<\/p>\n<p>Denne professionelle enhed er huse i et robust, ergonomisk chassis, der balancerer b\u00e6rbare med et stort internt reservoir. Ved at integrere avanceret atomiseringsteknologi med et h\u00f8jeffektivt str\u00f8mstyringssystem leverer BANG 25000 en ensartet oplevelse fra den f\u00f8rste aktivering til den sidste. Uanset om du er en detailforbruger eller leder efter bulk-k\u00f8b, st\u00e5r denne model som en benchmark for p\u00e5lidelighed p\u00e5 det moderne marked.<\/p>\n<div style=\"background-color: #f8f9fa; border-left: 5px solid #3498db; padding: 20px; margin: 20px 0; border-radius: 4px;\">\n<h3 style=\"margin-top: 0; color: #2c3e50;\">Ekspertanalyse: Hvorfor kapacitet betyder noget<\/h3>\n<p>I sammenh\u00e6ng med moderne hardware handler \u201ckapacitet\u201d ikke kun om volumen; det handler om den strukturelle integritet af de interne komponenter. BANG 25000 anvender et forst\u00e6rket internt tanksystem, der forhindrer oxidation og opretholder renheden af det interne medium over en l\u00e6ngere varighed. Vores team hos VapeXYZ har observeret, at h\u00f8jkapacitets engangs-vape-produkter reducerer det milj\u00f8m\u00e6ssige fodaftryk pr. bruger betydeligt ved at mindske hyppigheden af batteridisponering og emballageaffald.<\/p>\n<\/div>\n<h3 style=\"color: #2c3e50;\"><a style=\"text-decoration: none; color: #3498db;\" href=\"https:\/\/vapexyz.com\/da\/produktkategori\/knald\/\">BANG Engangs-dampere<\/a>Tekniske Specifikationer og Materialevidenskab<\/h3>\n<p>Den interne arkitektur af BANG 25000 er bygget omkring et h\u00f8jkapacitets 18350 650mAh koboltbatteri. I mods\u00e6tning til standard lithium-ion-celler er den anvendte 18350-konfiguration her optimeret til termisk stabilitet under hurtig opladning via den integrerede Type-C-gr\u00e6nseflade. Dette sikrer, at enheden kan opretholde str\u00f8mforsyningskravene til 1,0\u03a9 mesh-spolesystemet uden ydelsesforringelse.<\/p>\n<table style=\"width: 100%; border-collapse: collapse; margin: 25px 0; font-family: sans-serif; box-shadow: 0 0 20px rgba(0,0,0,0.1);\">\n<thead>\n<tr style=\"background-color: #3498db; color: #ffffff; text-align: left; font-weight: bold;\">\n<th style=\"padding: 12px 15px;\">Specifikation<\/th>\n<th style=\"padding: 12px 15px;\">Tekniske detaljer<\/th>\n<\/tr>\n<\/thead>\n<tbody>\n<tr style=\"border-bottom: 1px solid #dddddd;\">\n<td style=\"padding: 12px 15px; font-weight: bold;\">Puff Count<\/td>\n<td style=\"padding: 12px 15px;\">Op til 25.000 (standardiseret inhalationsvarighed)<\/td>\n<\/tr>\n<tr style=\"border-bottom: 1px solid #dddddd; background-color: #f3f3f3;\">\n<td style=\"padding: 12px 15px; font-weight: bold;\">Inre volumen<\/td>\n<td style=\"padding: 12px 15px;\">25ml pr\u00e6cisionsforsegliget reservoir<\/td>\n<\/tr>\n<tr style=\"border-bottom: 1px solid #dddddd;\">\n<td style=\"padding: 12px 15px; font-weight: bold;\">Battericelle<\/td>\n<td style=\"padding: 12px 15px;\">650mAh genopladelig 18350 kerne<\/td>\n<\/tr>\n<tr style=\"border-bottom: 1px solid #dddddd; background-color: #f3f3f3;\">\n<td style=\"padding: 12px 15px; font-weight: bold;\">Forst\u00f8bertype<\/td>\n<td style=\"padding: 12px 15px;\">1,0\u03a9 Honeycomb Mesh Coil<\/td>\n<\/tr>\n<tr style=\"border-bottom: 1px solid #dddddd;\">\n<td style=\"padding: 12px 15px; font-weight: bold;\">Opladningsgr\u00e6nseflade<\/td>\n<td style=\"padding: 12px 15px;\">USB-C (hurtig opladning kompatibel)<\/td>\n<\/tr>\n<tr style=\"border-bottom: 1px solid #dddddd; background-color: #f3f3f3;\">\n<td style=\"padding: 12px 15px; font-weight: bold;\">Aktive koncentrationer<\/td>\n<td style=\"padding: 12px 15px;\">0% | 2% | 3% | 5% Muligheder<\/td>\n<\/tr>\n<\/tbody>\n<\/table>\n<h3 style=\"color: #2c3e50;\">Empirisk ydeevne og validering<\/h3>\n<p>Vores tekniske team udf\u00f8rte en 14-dages stress test p\u00e5 BANG 25000 for at validerer producentens p\u00e5stande. Ved hj\u00e6lp af et kontrolleret vakuum-tr\u00e6ksystem til at simulere varierende ind\u00e5ndingsm\u00f8nster overv\u00e5gede vi modstandens stabilitet p\u00e5 1,0\u03a9-spolen. Resultaterne viste en afvigelse p\u00e5 mindre end 0,05\u03a9 gennem de f\u00f8rste 15.000 puf, hvilket bekr\u00e6fter, at mesh-varmeelementet er konstrueret til h\u00f8j-cyklus holdbarhed. Desuden forblev l\u00e6kageraten p\u00e5 0 selv under simulerede tryk\u00e6ndringer, et bevis p\u00e5 den overlegne forseglingsteknologi, der anvendes i BANG-serien.<\/p>\n<h3 style=\"color: #2c3e50;\">Vape Engros: Det Strategiske Valg for B2B-Partnere<\/h3>\n<p>For detailhandlere og distribut\u00f8rer repr\u00e6senterer BANG 25000 en optimeret SKU (Stock Keeping Unit). Givet dens h\u00f8je kapacitet er de logistiske omkostninger pr. puff v\u00e6sentligt lavere end for 2,0 ml eller 5,0 ml-alternativer. VapeXYZ faciliterer dette ved at tilbyde en lav Minimumsbestillingsm\u00e6ngde (MOQ) p\u00e5 kun 10 stk., hvilket giver mindre s\u00e6lgere mulighed for at f\u00e5 adgang til fabriksdirekte priser uden for store kapitaludgifter.<\/p>\n<div style=\"background-color: #e8f4fd; border: 1px solid #3498db; padding: 20px; border-radius: 8px; margin: 20px 0;\">\n<h4 style=\"margin-top: 0; color: #2980b9;\">Engros logistiske data:<\/h4>\n<ul style=\"list-style-type: none; padding-left: 0;\">\n<li style=\"margin-bottom: 10px;\">\u2714 Enheds v\u00e6gt: 96g (Pr\u00e6cisionsv\u00e6gtet for forsendelsesn\u00f8jagtighed)<\/li>\n<li style=\"margin-bottom: 10px;\">\u2714 Bulk-emballage: 200 enheder pr. hovedkarton<\/li>\n<li style=\"margin-bottom: 10px;\">\u2714 Kartonv\u00e6gt: Brutto 21,5 kg \/ Netto 20 kg<\/li>\n<li style=\"margin-bottom: 10px;\">\u2714 OEM\/ODM-klarhed: Tilpasselig chassis-m\u00e6rkning og koncentrationstilpasning tilg\u00e6ngelig for st\u00f8rre ordrer.<\/li>\n<\/ul>\n<\/div>\n<h3 style=\"color: #2c3e50;\">Aromatisk Profil Valg<\/h3>\n<p>BANG 25000 er kureret med en sofistikeret palet designet til at appellere til globale pr\u00e6ferencer. Hver enkelt option er formuleret ved hj\u00e6lp af ingredienser med h\u00f8j renhed, hvilket sikrer en konsistent sensorisk oplevelse. Brugen af en mesh-spiral for\u00f8ger overfladearealet af opvarmningsprocessen, hvilket resulterer i en mere nuanceret og lagdelt levering af den valgte profil.<\/p>\n<div style=\"display: flex; flex-wrap: wrap; gap: 10px; margin: 20px 0;\"><span style=\"background: #eee; padding: 8px 15px; border-radius: 20px; font-size: 14px;\">Vandmelon is<\/span><br \/>\n<span style=\"background: #eee; padding: 8px 15px; border-radius: 20px; font-size: 14px;\">Jordb\u00e6r Kiwi<\/span><br \/>\n<span style=\"background: #eee; padding: 8px 15px; border-radius: 20px; font-size: 14px;\">Jordb\u00e6ris<\/span><br \/>\n<span style=\"background: #eee; padding: 8px 15px; border-radius: 20px; font-size: 14px;\">Mango fersken<\/span><br \/>\n<span style=\"background: #eee; padding: 8px 15px; border-radius: 20px; font-size: 14px;\">Bl\u00e5b\u00e6r hindb\u00e6r<\/span><br \/>\n<span style=\"background: #eee; padding: 8px 15px; border-radius: 20px; font-size: 14px;\">Bl\u00e5b\u00e6r mynte<\/span><br \/>\n<span style=\"background: #eee; padding: 8px 15px; border-radius: 20px; font-size: 14px;\">Blandet frugt<\/span><br \/>\n<span style=\"background: #eee; padding: 8px 15px; border-radius: 20px; font-size: 14px;\">Jordb\u00e6r vandmelon<\/span><br \/>\n<span style=\"background: #eee; padding: 8px 15px; border-radius: 20px; font-size: 14px;\">Grape Ice<\/span><br \/>\n<span style=\"background: #eee; padding: 8px 15px; border-radius: 20px; font-size: 14px;\">Vandmelon Bubble Gum<\/span><br \/>\n<span style=\"background: #eee; padding: 8px 15px; border-radius: 20px; font-size: 14px;\">Bl\u00e5b\u00e6ris<\/span><br \/>\n<span style=\"background: #eee; padding: 8px 15px; border-radius: 20px; font-size: 14px;\">Tigerblod<\/span><\/div>\n<h3 style=\"color: #2c3e50;\">Hvorfor v\u00e6lge BANG 25000 fra VapeXYZ?<\/h3>\n<p>Som en f\u00f8rende autoritet inden for engangs-vape-sektoren sikrer VapeXYZ, at hvert produkt i vores katalog overholder internationale produktionsstandarder. Vores l\u00e6ngerevarende relationer med originale udstyrsproducenter (OEM'er) giver os mulighed for at verificere transparensen i forsyningsk\u00e6den for BANG 25000. Vi prioriterer enheder, der anvender ikke-genbrugte lithium-celler og blyfri komponenter, hvilket sikrer, at hardwaren er lige s\u00e5 sikker som den er effektiv.<\/p>\n<div style=\"background-color: #f9f9f9; padding: 25px; border-radius: 10px; border: 1px solid #ddd;\">\n<h3 style=\"margin-top: 0; color: #2c3e50;\">Ofte stillede sp\u00f8rgsm\u00e5l (N\u00f8glepunkter)<\/h3>\n<p>1. Hvordan sammenligner den 25.000 puff-vurdering sig med standard vape-produkter?<br \/>\nTraditionelle engangsprodukter ligger ofte mellem 600 og 5.000 puf. BANG 25000 tilbyder cirka 5 til 40 gange levetiden af standardenheder, hvilket g\u00f8r det v\u00e6sentligt mere omkostningseffektivt for daglige brugere.<\/p>\n<p>2. Kan batteriet genoplades i hele apparatets levetid?<br \/>\nJa. Batteriet p\u00e5 650mAh er designet til at blive genladet flere gange, indtil det interne reservoir p\u00e5 25ml er fuldst\u00e6ndigt t\u00f8mt. Dette sikrer, at der ikke sker spild af det interne medium.<\/p>\n<p>Kan jeg spore den resterende volumen?<br \/>\nEnheden er designet med en ensartet udgangs-kurve; men den prim\u00e6re indikator for udt\u00f8mning er en \u00e6ndring i dampt\u00e6theden eller en subtil forskydning i den sensoriske profil, hvilket signalerer, at mesh-spolen har n\u00e5et slutningen af sin levetid.<\/p>\n<p>4. Er disse \u00e6gte BANG-produkter?<br \/>\nAbsolut. VapeXYZ garanterer \u00e6gtheden af alle vores engangs-dampere. Hver enhed stammer fra den officielle fabrik, komplet med verificerbare batchnumre og sikkerhedsm\u00e6rkninger.<\/p>\n<\/div>\n<h3 style=\"color: #2c3e50;\">Milj\u00f8m\u00e6ssig og regulatorisk overholdelse<\/h3>\n<p>Vi anerkender vigtigheden af milj\u00f8ansvar i branchen for engangs-dampere. BANG 25000 er fremstillet i faciliteter, der lever op til ISO-standarder. Vi opfordrer alle vores kunder til at deltage i lokale e-affaldsgenbrugsprogrammer for korrekt bortskaffelse af de interne lithiumbatterier og elektroniske kredsl\u00f8b. Ved at v\u00e6lge enheder med h\u00f8j kapacitet som 25.000-puff-modellen, bidrager brugerne i sagens natur til en reduktion af total plast- og elektronikaffald pr. brugscyklus sammenlignet med lavkapacitetsalternativer.<\/p>\n<h3 style=\"color: #2c3e50;\">Konklusion: Toppen af engangs-teknologi<\/h3>\n<p>BANG 25000 er ikke bare et v\u00e6rkt\u00f8j med h\u00f8j kapacitet; det er et omhyggeligt designet stykke hardware til dem, der v\u00e6rds\u00e6tter ydeevne, p\u00e5lidelighed og \u00f8konomisk v\u00e6rdi. Gennem vores partnerskab med den oprindelige fabrik tilbyder VapeXYZ disse engangs vape-produkter med fokus p\u00e5 kvalitetskontrol og hurtig global forsendelse.<\/p>\n<\/article>","protected":false},"excerpt":{"rendered":"<p>BANG 25000 Puffs er en h\u00f8jtydende, engangsbar vape fra Vapexyz, der tilbyder imponerende 25.000 puffs, en kapacitet p\u00e5 25 ml og avancerede funktioner som en 1,0\u03a9 mesh-spole og Type-C-opladning, tilg\u00e6ngelig i en bred vifte af livlige smagsmuligheder og tilpassede muligheder for en exceptionel vapeoplevelse.<\/p>","protected":false},"featured_media":30785,"comment_status":"open","ping_status":"closed","template":"","meta":{"_lmt_disableupdate":"no","_lmt_disable":""},"product_brand":[],"product_cat":[821,993,947,1020,935,934,927,929,928,930,933,939,932,938,931,936,937,1017,946,1023,1025,1026,951,1029,1030,1033,953,1037,820,987,1038],"product_tag":[],"class_list":{"0":"post-30778","1":"product","2":"type-product","3":"status-publish","4":"has-post-thumbnail","6":"product_cat-bang","7":"product_cat-25000-puff-vapes","8":"product_cat-big-puffs-vapes","9":"product_cat-blueberry-flavor-disposable-vapes","10":"product_cat-bulk-buy-disposable-vapes-in-austria","11":"product_cat-bulk-buy-disposable-vapes-in-belgium","12":"product_cat-bulk-buy-disposable-vapes-in-europe","13":"product_cat-bulk-buy-disposable-vapes-in-france","14":"product_cat-bulk-buy-disposable-vapes-in-germany","15":"product_cat-bulk-buy-disposable-vapes-in-italy","16":"product_cat-bulk-buy-disposable-vapes-in-netherlands","17":"product_cat-bulk-buy-disposable-vapes-in-norway","18":"product_cat-bulk-buy-disposable-vapes-in-poland","19":"product_cat-bulk-buy-disposable-vapes-in-portugal","20":"product_cat-bulk-buy-disposable-vapes-in-spain","21":"product_cat-bulk-buy-disposable-vapes-in-sweden","22":"product_cat-bulk-buy-disposable-vapes-in-switzerland","23":"product_cat-buy-best-disposable-vape-flavors","24":"product_cat-disposable-vapes-series","25":"product_cat-grape-flavor-disposable-vapes","26":"product_cat-ice-flavor-disposable-vapes","27":"product_cat-kiwi-flavor-disposable-vapes","28":"product_cat-lower-nicotine-vapes","29":"product_cat-mango-flavor-disposable-vapes","30":"product_cat-mint-flavor-disposable-vapes","31":"product_cat-peach-flavor-disposable-vapes","32":"product_cat-rechargeable-vapes","33":"product_cat-strawberry-flavor-disposable-vapes","34":"product_cat-vape","35":"product_cat-vape-shop-by-puffs","36":"product_cat-watermelon-flavor-disposable-vapes","38":"first","39":"instock","40":"shipping-taxable","41":"purchasable","42":"product-type-variable","43":"has-default-attributes"},"jetpack_sharing_enabled":true,"tiered_pricing_type":"fixed","tiered_pricing_fixed_rules":[],"tiered_pricing_product_settings":{"layout":"default","base_unit_name":{"singular":null,"plural":null},"default_variation":null},"tiered_pricing_minimum_quantity":null,"tiered_pricing_roles_data":[],"tiered_pricing_percentage_rules":[],"tiered_pricing_maximum_quantity":null,"tiered_pricing_quantity_step":null,"_links":{"self":[{"href":"https:\/\/vapexyz.com\/da\/wp-json\/wp\/v2\/product\/30778","targetHints":{"allow":["GET"]}}],"collection":[{"href":"https:\/\/vapexyz.com\/da\/wp-json\/wp\/v2\/product"}],"about":[{"href":"https:\/\/vapexyz.com\/da\/wp-json\/wp\/v2\/types\/product"}],"replies":[{"embeddable":true,"href":"https:\/\/vapexyz.com\/da\/wp-json\/wp\/v2\/comments?post=30778"}],"wp:featuredmedia":[{"embeddable":true,"href":"https:\/\/vapexyz.com\/da\/wp-json\/wp\/v2\/media\/30785"}],"wp:attachment":[{"href":"https:\/\/vapexyz.com\/da\/wp-json\/wp\/v2\/media?parent=30778"}],"wp:term":[{"taxonomy":"product_brand","embeddable":true,"href":"https:\/\/vapexyz.com\/da\/wp-json\/wp\/v2\/product_brand?post=30778"},{"taxonomy":"product_cat","embeddable":true,"href":"https:\/\/vapexyz.com\/da\/wp-json\/wp\/v2\/product_cat?post=30778"},{"taxonomy":"product_tag","embeddable":true,"href":"https:\/\/vapexyz.com\/da\/wp-json\/wp\/v2\/product_tag?post=30778"}],"curies":[{"name":"wp","href":"https:\/\/api.w.org\/{rel}","templated":true}]}}