{"id":17044,"date":"2024-03-09T09:55:31","date_gmt":"2024-03-09T09:55:31","guid":{"rendered":"https:\/\/vapexyz.com\/product\/bang-king-9000-puffs-vape-original-e-cigarette\/"},"modified":"2025-04-16T03:52:47","modified_gmt":"2025-04-16T03:52:47","slug":"bang-king-9000-puffs-vape-original-e-cigaret","status":"publish","type":"product","link":"https:\/\/vapexyz.com\/da\/product\/bang-king-9000-puffs-vape-original-e-cigarette\/","title":{"rendered":"Bang King 9000 Puffs Vape original E Cigarette Bulk K\u00f8b"},"content":{"rendered":"<h6><span style=\"vertical-align: inherit;\">Forsendelsesomkostninger vil blive beregnet automatisk, n\u00e5r du v\u00e6lger en forsendelsesdestination under checkout-trinnet.<\/span><\/h6>\n<p>The? Bang King 9000 is the latest fashion disposable vape launched by Bang brand. The vape is packaged with sports element \u2013 sports water cup, which makes Vaper more sporty and fashionable when using this product. When you wear a casual sportswear, holding this <a href=\"https:\/\/vapexyz.com\/da\/produktkategori\/knald\/\">Bang<\/a> King 9000 product in your hand, it immediately becomes the focus of attention, and the matching is very good.<\/p>\n<h3>Feature<\/h3>\n<p>Pust: Op til 9000<br \/>\nKapacitet: 20 ml<br \/>\nNikotin: 0% \/2% \/3% \/ 5%<br \/>\nBatteri: 800 mah genopladeligt batteri<br \/>\nV\u00e6gt: 90g\/STK<br \/>\nAntal\/karton: 200 stk\/kasse<br \/>\nBruttov\u00e6gt: 18 KG\/kasse<\/p>\n<h3>Smagsliste<\/h3>\n<p>01. Jordb\u00e6rbanan<br \/>\n02.Blueberry Raspberry Ice<br \/>\n03.Mango Peach<br \/>\n04. Vandmelon Stavb\u00e6r<br \/>\n05.Stawberry Mango<br \/>\n06.Vandmelon Is<br \/>\n07.Blandet b\u00e6r<br \/>\n08.Drueis<br \/>\n09.Surt \u00c6ble<br \/>\n10.Stawberry Ice<br \/>\n11.Stawberry Kiwi<br \/>\n12. Kiwi Passionsfrugt Guava<br \/>\n13. Ferskenis<br \/>\n14. Mr Blue<br \/>\n15.Tigerblod<br \/>\n16.Mynte<\/p>\n<h3>Forsendelsesmetoder<\/h3>\n<p>Vi samarbejder med UPS\/DHL\/FEDEX\/DPD osv. Vi v\u00e6lger den passende forsendelsesmulighed afh\u00e6ngigt af leveringslandet for at sikre, at du modtager dine produkter s\u00e5 hurtigt som muligt.<\/p>\n<p>Forsendelse til USA tager normalt 10 dage at ankomme. Forsendelse til europ\u00e6iske lande tager normalt 12 til 15 dage at ankomme, og vi opdaterer logistikoplysningerne i realtid.<\/p>\n<p>Vi forsikrer dig om en problemfri oplevelse, da vi vil tage os af kundegodkendelsesprocessen, og der vil ikke v\u00e6re nogen skatteomkostninger. Vi garanterer, at 100% af vores produkter vil best\u00e5 toldgodkendelse.<\/p>\n<p><img loading=\"lazy\" decoding=\"async\" class=\"alignnone wp-image-33966 size-large\" src=\"https:\/\/vapexyz.com\/wp-content\/uploads\/2024\/10\/Original-Bang-King-9000-Puff-Bar-Disposable-Vape-Pen-16-Flavors-20ml-E-Juice-Rechargeable-E-Cigarette-Wholesale-I-Vape-1024x637.webp\" alt=\"Bang King 9000 Puffs Vape original E Cigarette Bulk K\u00f8b\" width=\"1024\" height=\"637\" title=\"\" srcset=\"https:\/\/vapexyz.com\/wp-content\/uploads\/2024\/10\/Original-Bang-King-9000-Puff-Bar-Disposable-Vape-Pen-16-Flavors-20ml-E-Juice-Rechargeable-E-Cigarette-Wholesale-I-Vape-1024x637.webp 1024w, https:\/\/vapexyz.com\/wp-content\/uploads\/2024\/10\/Original-Bang-King-9000-Puff-Bar-Disposable-Vape-Pen-16-Flavors-20ml-E-Juice-Rechargeable-E-Cigarette-Wholesale-I-Vape-500x311.webp 500w, https:\/\/vapexyz.com\/wp-content\/uploads\/2024\/10\/Original-Bang-King-9000-Puff-Bar-Disposable-Vape-Pen-16-Flavors-20ml-E-Juice-Rechargeable-E-Cigarette-Wholesale-I-Vape-768x478.webp 768w, https:\/\/vapexyz.com\/wp-content\/uploads\/2024\/10\/Original-Bang-King-9000-Puff-Bar-Disposable-Vape-Pen-16-Flavors-20ml-E-Juice-Rechargeable-E-Cigarette-Wholesale-I-Vape-18x12.webp 18w, https:\/\/vapexyz.com\/wp-content\/uploads\/2024\/10\/Original-Bang-King-9000-Puff-Bar-Disposable-Vape-Pen-16-Flavors-20ml-E-Juice-Rechargeable-E-Cigarette-Wholesale-I-Vape-510x317.webp 510w, https:\/\/vapexyz.com\/wp-content\/uploads\/2024\/10\/Original-Bang-King-9000-Puff-Bar-Disposable-Vape-Pen-16-Flavors-20ml-E-Juice-Rechargeable-E-Cigarette-Wholesale-I-Vape.webp 1194w\" sizes=\"auto, (max-width: 1024px) 100vw, 1024px\" \/><\/p>","protected":false},"excerpt":{"rendered":"<p><strong>\ud83d\udc4b<span style=\"color: #ed1c24;\">Beklager, dette produkt er udsolgt. Tjek venligst ud<\/span>\u00a0<span style=\"color: #0000ff;\"><a style=\"color: #0000ff;\" href=\"https:\/\/vapexyz.com\/da\/product\/bang-box-30000-pust-dobbelt-smag-0-2-3-5-lav-nikotin-original-fabrik-bulk-kob-genopladelig-engangs-vapes-pen-engros\/\">nye produkter<\/a><\/span>.<\/strong><\/p>\n<p>Bang King 9000 Puffs er den seneste mode-engangsvape lanceret af Bang-m\u00e6rket.<\/p>","protected":false},"featured_media":17043,"comment_status":"open","ping_status":"closed","template":"","meta":{"_lmt_disableupdate":"no","_lmt_disable":""},"product_brand":[],"product_cat":[1009,1018,821,1020,935,934,927,929,928,930,933,939,932,938,931,936,937,1017,946,1023,1024,1025,1026,951,1029,1030,1032,1033,953,1037,987,1038],"product_tag":[],"class_list":{"0":"post-17044","1":"product","2":"type-product","3":"status-publish","4":"has-post-thumbnail","6":"product_cat-9000-puff-vapes","7":"product_cat-apple-flavor-disposable-vapes","8":"product_cat-bang","9":"product_cat-blueberry-flavor-disposable-vapes","10":"product_cat-bulk-buy-disposable-vapes-in-austria","11":"product_cat-bulk-buy-disposable-vapes-in-belgium","12":"product_cat-bulk-buy-disposable-vapes-in-europe","13":"product_cat-bulk-buy-disposable-vapes-in-france","14":"product_cat-bulk-buy-disposable-vapes-in-germany","15":"product_cat-bulk-buy-disposable-vapes-in-italy","16":"product_cat-bulk-buy-disposable-vapes-in-netherlands","17":"product_cat-bulk-buy-disposable-vapes-in-norway","18":"product_cat-bulk-buy-disposable-vapes-in-poland","19":"product_cat-bulk-buy-disposable-vapes-in-portugal","20":"product_cat-bulk-buy-disposable-vapes-in-spain","21":"product_cat-bulk-buy-disposable-vapes-in-sweden","22":"product_cat-bulk-buy-disposable-vapes-in-switzerland","23":"product_cat-buy-best-disposable-vape-flavors","24":"product_cat-disposable-vapes-series","25":"product_cat-grape-flavor-disposable-vapes","26":"product_cat-guava-flavor-disposable-vapes","27":"product_cat-ice-flavor-disposable-vapes","28":"product_cat-kiwi-flavor-disposable-vapes","29":"product_cat-lower-nicotine-vapes","30":"product_cat-mango-flavor-disposable-vapes","31":"product_cat-mint-flavor-disposable-vapes","32":"product_cat-passion-fruit-flavor-disposable-vapes","33":"product_cat-peach-flavor-disposable-vapes","34":"product_cat-rechargeable-vapes","35":"product_cat-strawberry-flavor-disposable-vapes","36":"product_cat-vape-shop-by-puffs","37":"product_cat-watermelon-flavor-disposable-vapes","39":"first","40":"outofstock","41":"shipping-taxable","42":"purchasable","43":"product-type-simple"},"jetpack_sharing_enabled":true,"tiered_pricing_type":"fixed","tiered_pricing_fixed_rules":[],"tiered_pricing_product_settings":{"layout":"default","base_unit_name":{"singular":null,"plural":null},"default_variation":null},"tiered_pricing_minimum_quantity":null,"tiered_pricing_roles_data":[],"tiered_pricing_percentage_rules":[],"tiered_pricing_maximum_quantity":null,"tiered_pricing_quantity_step":null,"_links":{"self":[{"href":"https:\/\/vapexyz.com\/da\/wp-json\/wp\/v2\/product\/17044","targetHints":{"allow":["GET"]}}],"collection":[{"href":"https:\/\/vapexyz.com\/da\/wp-json\/wp\/v2\/product"}],"about":[{"href":"https:\/\/vapexyz.com\/da\/wp-json\/wp\/v2\/types\/product"}],"replies":[{"embeddable":true,"href":"https:\/\/vapexyz.com\/da\/wp-json\/wp\/v2\/comments?post=17044"}],"wp:featuredmedia":[{"embeddable":true,"href":"https:\/\/vapexyz.com\/da\/wp-json\/wp\/v2\/media\/17043"}],"wp:attachment":[{"href":"https:\/\/vapexyz.com\/da\/wp-json\/wp\/v2\/media?parent=17044"}],"wp:term":[{"taxonomy":"product_brand","embeddable":true,"href":"https:\/\/vapexyz.com\/da\/wp-json\/wp\/v2\/product_brand?post=17044"},{"taxonomy":"product_cat","embeddable":true,"href":"https:\/\/vapexyz.com\/da\/wp-json\/wp\/v2\/product_cat?post=17044"},{"taxonomy":"product_tag","embeddable":true,"href":"https:\/\/vapexyz.com\/da\/wp-json\/wp\/v2\/product_tag?post=17044"}],"curies":[{"name":"wp","href":"https:\/\/api.w.org\/{rel}","templated":true}]}}